{"id":5767,"date":"2022-09-15T08:58:38","date_gmt":"2022-09-15T08:58:38","guid":{"rendered":"http:\/\/forbabyboss.com\/?post_type=product&#038;p=5767"},"modified":"2026-02-21T11:00:38","modified_gmt":"2026-02-21T11:00:38","slug":"faltbarer-3-in-1-babybuggy-schwarze-edition-graphit","status":"publish","type":"product","link":"https:\/\/forbabyboss.com\/de\/product\/foldable-3in1-newborn-baby-pushchair-stroller-black-edition-graphite\/","title":{"rendered":"Faltbarer 3-in-1-Babybuggy f\u00fcr Neugeborene, Black Edition \u2013 Graphit"},"content":{"rendered":"<div style=\"width: 1020px;\" class=\"wp-video\"><video class=\"wp-video-shortcode\" id=\"video-5767-1\" width=\"1020\" height=\"574\" preload=\"metadata\" controls=\"controls\"><source type=\"video\/mp4\" src=\"http:\/\/forbabyboss.com\/wp-content\/uploads\/2022\/09\/Lazzio.mp4?_=1\" \/><a href=\"http:\/\/forbabyboss.com\/wp-content\/uploads\/2022\/09\/Lazzio.mp4\">http:\/\/forbabyboss.com\/wp-content\/uploads\/2022\/09\/Lazzio.mp4<\/a><\/video><\/div>\n<p style=\"text-align: justify;\"><strong><span style=\"color: #282828;\">MATA \u2013 ein moderner und funktionaler Kinderwagen, der mehr Freude beim Spazierengehen bietet und durch sein innovatives Design ein Gef\u00fchl von Einzigartigkeit vermittelt.<\/span><\/strong><br \/>\n<strong><span style=\"color: #282828;\">Der Kinderwagen ist f\u00fcr Kinder von 6 bis 36 Monaten geeignet. Dank des leichten Rahmens und der praktischen Designl\u00f6sung ist die Nutzung des Kinderwagens noch komfortabler.<\/span><\/strong><\/p>\n<p style=\"text-align: justify;\"><strong><span style=\"color: #282828;\">\u2022Einzelkinderwagen f\u00fcr Kinder mit einem Gewicht von 1 bis 15 kg<\/span><\/strong><br \/>\n<strong><span style=\"color: #282828;\">\u2022Es verf\u00fcgt \u00fcber die T\u00dcV NORD-Zertifizierung, die h\u00f6chste Qualit\u00e4t und Sicherheit f\u00fcr Ihr Kind garantiert.<\/span><\/strong><br \/>\n<strong><span style=\"color: #282828;\">\u2022Der Kinderwagen entspricht der neuesten strengen Sicherheitsnorm EN 1888-1:2019<\/span><\/strong><\/p>\n<h2 style=\"text-align: justify;\"><span style=\"color: #e14d43;\"><strong>Das Set enth\u00e4lt:<\/strong><\/span><\/h2>\n<p style=\"text-align: justify;\"><strong><span style=\"color: #282828;\">\u2022Prame-Rahmen<\/span><\/strong><br \/>\n<strong><span style=\"color: #282828;\">\u2022Tragetasche<\/span><\/strong><br \/>\n<strong><span style=\"color: #282828;\">\u2022Sportsitz<\/span><\/strong><br \/>\n<strong><span style=\"color: #282828;\">\u2022Umh\u00e4ngetasche<\/span><\/strong><br \/>\n<strong><span style=\"color: #282828;\">\u2022Autositz (nur im 3-in-1-Set)<\/span><\/strong><br \/>\n<strong><span style=\"color: #282828;\">\u2022zus\u00e4tzlich: Regenschutz, Moskitonetz, Einkaufskorb<\/span><\/strong><\/p>\n<h2 style=\"text-align: justify;\"><span style=\"color: #e14d43;\"><strong>Kinderwagengestell:<\/strong><\/span><\/h2>\n<p style=\"text-align: justify;\"><strong><span style=\"color: #282828;\">\u2022 Aluminiumrahmen \u2013 leicht und robust<\/span><\/strong><br \/>\n<strong><span style=\"color: #282828;\">\u2022 Schwenkbare, problemlose Gelr\u00e4der \u2013 sie sind pannensicher<\/span><\/strong><br \/>\n<strong><span style=\"color: #282828;\">\u2022Die Lager in den R\u00e4dern erleichtern das Schieben des Kinderwagens.<\/span><\/strong><br \/>\n<strong><span style=\"color: #282828;\">\u2022 verstellbare Griffh\u00f6he<\/span><\/strong><br \/>\n<strong><span style=\"color: #282828;\">\u2022 Gepolsterte Hinterradaufh\u00e4ngung \u2013 sorgt f\u00fcr Komfort bei jedem Gang<\/span><\/strong><br \/>\n<strong><span style=\"color: #282828;\">\u2022Kompakte Gr\u00f6\u00dfe im zusammengeklappten Zustand<\/span><\/strong><br \/>\n<strong><span style=\"color: #282828;\">\u2022 einfaches System zum Anbringen und Abnehmen der Babywanne, des Sportsitzes und des Autositzes<\/span><\/strong><br \/>\n<strong><span style=\"color: #282828;\">\u2022 Ausgestattet mit einer zentralen Bremse f\u00fcr mehr Stabilit\u00e4t \u2022 Die zus\u00e4tzliche Seitenfederung des Kinderwagengestells l\u00e4sst sich arretieren und erm\u00f6glicht so eine noch bessere D\u00e4mpfung von St\u00f6\u00dfen beim Schieben sowie ein angenehmes Schaukeln Ihres Kindes<\/span><\/strong><\/p>\n<h2 style=\"text-align: justify;\"><span style=\"color: #e14d43;\"><strong>Babywanne:<\/strong><\/span><\/h2>\n<p style=\"text-align: justify;\"><strong><span style=\"color: #282828;\">\u2022gro\u00dfe Babywanne, die auch als Wiege verwendet werden kann<\/span><\/strong><br \/>\n<strong><span style=\"color: #282828;\">\u2022 Ausgestattet mit einem passgenauen, abnehmbaren Fu\u00df\u00fcberzug \u2013 sch\u00fctzt Ihr Kind vor schlechtem Wetter<\/span><\/strong><br \/>\n<strong><span style=\"color: #282828;\">\u2022Ergonomischer Griff \u2013 erleichtert das Tragen der Babywanne<\/span><\/strong><br \/>\n<strong><span style=\"color: #282828;\">\u2022elastische Matratze und weiche Polsterung der Babywanne<\/span><\/strong><br \/>\n<strong><span style=\"color: #282828;\">\u2022verstellbare Kopfst\u00fctze<\/span><\/strong><br \/>\n<strong><span style=\"color: #282828;\">\u2022Die Bel\u00fcftung im Babywannenfach sorgt f\u00fcr Frischluftzufuhr und verhindert so eine \u00dcberhitzung des Babys.<\/span><\/strong><\/p>\n<h2 style=\"text-align: justify;\"><span style=\"color: #e14d43;\"><strong>Sportsitz:<\/strong><\/span><\/h2>\n<p style=\"text-align: justify;\"><strong><span style=\"color: #282828;\">\u2022Eine Montage nach vorne oder nach hinten ist m\u00f6glich.<\/span><\/strong><br \/>\n<strong><span style=\"color: #282828;\">\u2022 F\u00fcnfpunkt-Sicherheitsgurte, verstellbar<\/span><\/strong><br \/>\n<strong><span style=\"color: #282828;\">\u2022abnehmbare Barriere, bezogen mit \u00d6ko-Leder<\/span><\/strong><br \/>\n<strong><span style=\"color: #282828;\">\u2022 bequeme, verstellbare Fu\u00dfst\u00fctze<\/span><\/strong><br \/>\n<strong><span style=\"color: #282828;\">\u2022 Bel\u00fcftungsfenster an der R\u00fcckseite des Verdecks<\/span><\/strong><br \/>\n<strong><span style=\"color: #282828;\">\u2022Kompakte Gr\u00f6\u00dfe im zusammengeklappten Zustand<\/span><\/strong><br \/>\n<strong><span style=\"color: #282828;\">\u2022 Verstellbare R\u00fcckenlehne \u2013 bis hin zur flachen Position, der ges\u00fcndesten Position f\u00fcr Ihr Baby beim Schlafen<\/span><\/strong><br \/>\n<strong><span style=\"color: #282828;\">\u2022 verstellbares, abnehmbares Verdeck<\/span><\/strong><br \/>\n<strong><span style=\"color: #282828;\">\u2022 Angepasster, abnehmbarer Fu\u00df\u00fcberzug \u2013 sch\u00fctzt Ihr Kind vor unbest\u00e4ndigem Wetter<\/span><\/strong><\/p>\n<p>&nbsp;<\/p>\n<p><a href=\"http:\/\/forbabyboss.com\/wp-content\/uploads\/2022\/09\/checkout.png\"><img loading=\"lazy\" decoding=\"async\" class=\"alignnone wp-image-5965\" src=\"http:\/\/forbabyboss.com\/wp-content\/uploads\/2022\/09\/checkout.png\" alt=\"\" width=\"967\" height=\"356\" srcset=\"https:\/\/forbabyboss.com\/wp-content\/uploads\/2022\/09\/checkout.png 750w, https:\/\/forbabyboss.com\/wp-content\/uploads\/2022\/09\/checkout-600x221.png 600w\" sizes=\"auto, (max-width: 967px) 100vw, 967px\" \/><\/a><\/p>\n<p style=\"text-align: justify;\">","protected":false},"excerpt":{"rendered":"<p><a href=\"http:\/\/forbabyboss.com\/wp-content\/uploads\/2022\/09\/Star-Rating-5.png\"><img loading=\"lazy\" decoding=\"async\" class=\"alignnone size-full wp-image-5973 aligncenter\" src=\"http:\/\/forbabyboss.com\/wp-content\/uploads\/2022\/09\/Star-Rating-5.png\" alt=\"\" width=\"275\" height=\"45\" \/><\/a><\/p>\n<p style=\"text-align: center;\"><span style=\"color: #ed1c24; font-size: 120%;\"><b>PREISGARANTIE<\/b><\/span><\/p>\n<p style=\"text-align: center;\"><span style=\"font-size: 115%;\"><span style=\"font-weight: 400; color: #4f4fa7;\">Kostenloser Versand<\/span><span style=\"font-weight: 400;\"> \u2013 2 \u2013 7 Tage<\/span><\/span><\/p>\n<p style=\"text-align: center;\"><strong><span style=\"color: #29606b;\">Gratisgeschenk ab einem Einkaufswert von 100 \u00a3<\/span><\/strong><\/p>","protected":false},"featured_media":5768,"template":"","meta":[],"product_brand":[577],"product_cat":[337,339,156,305,130,209,211],"product_tag":[202,199],"class_list":{"0":"post-5767","1":"product","2":"type-product","3":"status-publish","4":"has-post-thumbnail","6":"product_brand-kunert","7":"product_cat-500-to-600","8":"product_cat-700-to-800","9":"product_cat-3-in-1","10":"product_cat-colour","11":"product_cat-prams","12":"product_cat-push-chairs","13":"product_cat-stroller","14":"product_tag-3-in-1-pram","15":"product_tag-prams","17":"first","18":"instock","19":"sale","20":"shipping-taxable","21":"purchasable","22":"product-type-simple"},"yoast_head":"<!-- This site is optimized with the Yoast SEO plugin v27.5 - https:\/\/yoast.com\/product\/yoast-seo-wordpress\/ -->\n<title>Foldable 3in1 Newborn Baby Pushchair Stroller Black Edition - Graphite - For Baby Boss<\/title>\n<meta name=\"description\" content=\"Foldable 3in1 Newborn Baby Pushchair Stroller Black Edition - Graphite\" \/>\n<meta name=\"robots\" content=\"index, follow, max-snippet:-1, max-image-preview:large, max-video-preview:-1\" \/>\n<link rel=\"canonical\" href=\"https:\/\/forbabyboss.com\/de\/product\/faltbarer-3-in-1-babybuggy-schwarze-edition-graphit\/\" \/>\n<meta property=\"og:locale\" content=\"de_DE\" \/>\n<meta property=\"og:type\" content=\"article\" \/>\n<meta property=\"og:title\" content=\"Foldable 3in1 Newborn Baby Pushchair Stroller Black Edition - Graphite - For Baby Boss\" \/>\n<meta property=\"og:description\" content=\"Foldable 3in1 Newborn Baby Pushchair Stroller Black Edition - Graphite\" \/>\n<meta property=\"og:url\" content=\"https:\/\/forbabyboss.com\/de\/product\/faltbarer-3-in-1-babybuggy-schwarze-edition-graphit\/\" \/>\n<meta property=\"og:site_name\" content=\"For Baby Boss\" \/>\n<meta property=\"article:modified_time\" content=\"2026-02-21T11:00:38+00:00\" \/>\n<meta property=\"og:image\" content=\"https:\/\/forbabyboss.com\/wp-content\/uploads\/2022\/09\/Baby-Buggy-Pram-Foldable-3-in-1-Travel-System-Car-Seat-Pushchair-Black-Edition-Graphite-main.jpg\" \/>\n\t<meta property=\"og:image:width\" content=\"1600\" \/>\n\t<meta property=\"og:image:height\" content=\"1600\" \/>\n\t<meta property=\"og:image:type\" content=\"image\/jpeg\" \/>\n<meta name=\"twitter:card\" content=\"summary_large_image\" \/>\n<meta name=\"twitter:label1\" content=\"Gesch\u00e4tzte Lesezeit\" \/>\n\t<meta name=\"twitter:data1\" content=\"2\u00a0Minuten\" \/>\n<script type=\"application\/ld+json\" class=\"yoast-schema-graph\">{\"@context\":\"https:\\\/\\\/schema.org\",\"@graph\":[{\"@type\":\"WebPage\",\"@id\":\"https:\\\/\\\/forbabyboss.com\\\/product\\\/foldable-3in1-newborn-baby-pushchair-stroller-black-edition-graphite\\\/\",\"url\":\"https:\\\/\\\/forbabyboss.com\\\/product\\\/foldable-3in1-newborn-baby-pushchair-stroller-black-edition-graphite\\\/\",\"name\":\"Foldable 3in1 Newborn Baby Pushchair Stroller Black Edition - Graphite - For Baby Boss\",\"isPartOf\":{\"@id\":\"https:\\\/\\\/powderblue-seahorse-496884.hostingersite.com\\\/#website\"},\"primaryImageOfPage\":{\"@id\":\"https:\\\/\\\/forbabyboss.com\\\/product\\\/foldable-3in1-newborn-baby-pushchair-stroller-black-edition-graphite\\\/#primaryimage\"},\"image\":{\"@id\":\"https:\\\/\\\/forbabyboss.com\\\/product\\\/foldable-3in1-newborn-baby-pushchair-stroller-black-edition-graphite\\\/#primaryimage\"},\"thumbnailUrl\":\"https:\\\/\\\/forbabyboss.com\\\/wp-content\\\/uploads\\\/2022\\\/09\\\/Baby-Buggy-Pram-Foldable-3-in-1-Travel-System-Car-Seat-Pushchair-Black-Edition-Graphite-main.jpg\",\"datePublished\":\"2022-09-15T08:58:38+00:00\",\"dateModified\":\"2026-02-21T11:00:38+00:00\",\"description\":\"Foldable 3in1 Newborn Baby Pushchair Stroller Black Edition - Graphite\",\"breadcrumb\":{\"@id\":\"https:\\\/\\\/forbabyboss.com\\\/product\\\/foldable-3in1-newborn-baby-pushchair-stroller-black-edition-graphite\\\/#breadcrumb\"},\"inLanguage\":\"de\",\"potentialAction\":[{\"@type\":\"ReadAction\",\"target\":[\"https:\\\/\\\/forbabyboss.com\\\/product\\\/foldable-3in1-newborn-baby-pushchair-stroller-black-edition-graphite\\\/\"]}]},{\"@type\":\"ImageObject\",\"inLanguage\":\"de\",\"@id\":\"https:\\\/\\\/forbabyboss.com\\\/product\\\/foldable-3in1-newborn-baby-pushchair-stroller-black-edition-graphite\\\/#primaryimage\",\"url\":\"https:\\\/\\\/forbabyboss.com\\\/wp-content\\\/uploads\\\/2022\\\/09\\\/Baby-Buggy-Pram-Foldable-3-in-1-Travel-System-Car-Seat-Pushchair-Black-Edition-Graphite-main.jpg\",\"contentUrl\":\"https:\\\/\\\/forbabyboss.com\\\/wp-content\\\/uploads\\\/2022\\\/09\\\/Baby-Buggy-Pram-Foldable-3-in-1-Travel-System-Car-Seat-Pushchair-Black-Edition-Graphite-main.jpg\",\"width\":1600,\"height\":1600},{\"@type\":\"BreadcrumbList\",\"@id\":\"https:\\\/\\\/forbabyboss.com\\\/product\\\/foldable-3in1-newborn-baby-pushchair-stroller-black-edition-graphite\\\/#breadcrumb\",\"itemListElement\":[{\"@type\":\"ListItem\",\"position\":1,\"name\":\"Home\",\"item\":\"https:\\\/\\\/forbabyboss.com\\\/\"},{\"@type\":\"ListItem\",\"position\":2,\"name\":\"Shop\",\"item\":\"https:\\\/\\\/forbabyboss.com\\\/shop\\\/\"},{\"@type\":\"ListItem\",\"position\":3,\"name\":\"Foldable 3in1 Newborn Baby Pushchair Stroller Black Edition &#8211; Graphite\"}]},{\"@type\":\"WebSite\",\"@id\":\"https:\\\/\\\/powderblue-seahorse-496884.hostingersite.com\\\/#website\",\"url\":\"https:\\\/\\\/powderblue-seahorse-496884.hostingersite.com\\\/\",\"name\":\"For Baby Boss\",\"description\":\"Beautiful gifts and accessories for your baby boss\",\"potentialAction\":[{\"@type\":\"SearchAction\",\"target\":{\"@type\":\"EntryPoint\",\"urlTemplate\":\"https:\\\/\\\/powderblue-seahorse-496884.hostingersite.com\\\/?s={search_term_string}\"},\"query-input\":{\"@type\":\"PropertyValueSpecification\",\"valueRequired\":true,\"valueName\":\"search_term_string\"}}],\"inLanguage\":\"de\"}]}<\/script>\n<!-- \/ Yoast SEO plugin. -->","yoast_head_json":{"title":"Faltbarer 3-in-1-Babybuggy f\u00fcr Neugeborene, Black Edition \u2013 Graphit \u2013 f\u00fcr Baby Boss","description":"Faltbarer 3-in-1-Babybuggy f\u00fcr Neugeborene, Black Edition \u2013 Graphit","robots":{"index":"index","follow":"follow","max-snippet":"max-snippet:-1","max-image-preview":"max-image-preview:large","max-video-preview":"max-video-preview:-1"},"canonical":"https:\/\/forbabyboss.com\/de\/product\/faltbarer-3-in-1-babybuggy-schwarze-edition-graphit\/","og_locale":"de_DE","og_type":"article","og_title":"Foldable 3in1 Newborn Baby Pushchair Stroller Black Edition - Graphite - For Baby Boss","og_description":"Foldable 3in1 Newborn Baby Pushchair Stroller Black Edition - Graphite","og_url":"https:\/\/forbabyboss.com\/de\/product\/faltbarer-3-in-1-babybuggy-schwarze-edition-graphit\/","og_site_name":"For Baby Boss","article_modified_time":"2026-02-21T11:00:38+00:00","og_image":[{"width":1600,"height":1600,"url":"https:\/\/forbabyboss.com\/wp-content\/uploads\/2022\/09\/Baby-Buggy-Pram-Foldable-3-in-1-Travel-System-Car-Seat-Pushchair-Black-Edition-Graphite-main.jpg","type":"image\/jpeg"}],"twitter_card":"summary_large_image","twitter_misc":{"Gesch\u00e4tzte Lesezeit":"2\u00a0Minuten"},"schema":{"@context":"https:\/\/schema.org","@graph":[{"@type":"WebPage","@id":"https:\/\/forbabyboss.com\/product\/foldable-3in1-newborn-baby-pushchair-stroller-black-edition-graphite\/","url":"https:\/\/forbabyboss.com\/product\/foldable-3in1-newborn-baby-pushchair-stroller-black-edition-graphite\/","name":"Faltbarer 3-in-1-Babybuggy f\u00fcr Neugeborene, Black Edition \u2013 Graphit \u2013 f\u00fcr Baby Boss","isPartOf":{"@id":"https:\/\/powderblue-seahorse-496884.hostingersite.com\/#website"},"primaryImageOfPage":{"@id":"https:\/\/forbabyboss.com\/product\/foldable-3in1-newborn-baby-pushchair-stroller-black-edition-graphite\/#primaryimage"},"image":{"@id":"https:\/\/forbabyboss.com\/product\/foldable-3in1-newborn-baby-pushchair-stroller-black-edition-graphite\/#primaryimage"},"thumbnailUrl":"https:\/\/forbabyboss.com\/wp-content\/uploads\/2022\/09\/Baby-Buggy-Pram-Foldable-3-in-1-Travel-System-Car-Seat-Pushchair-Black-Edition-Graphite-main.jpg","datePublished":"2022-09-15T08:58:38+00:00","dateModified":"2026-02-21T11:00:38+00:00","description":"Faltbarer 3-in-1-Babybuggy f\u00fcr Neugeborene, Black Edition \u2013 Graphit","breadcrumb":{"@id":"https:\/\/forbabyboss.com\/product\/foldable-3in1-newborn-baby-pushchair-stroller-black-edition-graphite\/#breadcrumb"},"inLanguage":"de","potentialAction":[{"@type":"ReadAction","target":["https:\/\/forbabyboss.com\/product\/foldable-3in1-newborn-baby-pushchair-stroller-black-edition-graphite\/"]}]},{"@type":"ImageObject","inLanguage":"de","@id":"https:\/\/forbabyboss.com\/product\/foldable-3in1-newborn-baby-pushchair-stroller-black-edition-graphite\/#primaryimage","url":"https:\/\/forbabyboss.com\/wp-content\/uploads\/2022\/09\/Baby-Buggy-Pram-Foldable-3-in-1-Travel-System-Car-Seat-Pushchair-Black-Edition-Graphite-main.jpg","contentUrl":"https:\/\/forbabyboss.com\/wp-content\/uploads\/2022\/09\/Baby-Buggy-Pram-Foldable-3-in-1-Travel-System-Car-Seat-Pushchair-Black-Edition-Graphite-main.jpg","width":1600,"height":1600},{"@type":"BreadcrumbList","@id":"https:\/\/forbabyboss.com\/product\/foldable-3in1-newborn-baby-pushchair-stroller-black-edition-graphite\/#breadcrumb","itemListElement":[{"@type":"ListItem","position":1,"name":"Home","item":"https:\/\/forbabyboss.com\/"},{"@type":"ListItem","position":2,"name":"Shop","item":"https:\/\/forbabyboss.com\/shop\/"},{"@type":"ListItem","position":3,"name":"Foldable 3in1 Newborn Baby Pushchair Stroller Black Edition &#8211; Graphite"}]},{"@type":"WebSite","@id":"https:\/\/powderblue-seahorse-496884.hostingersite.com\/#website","url":"https:\/\/powderblue-seahorse-496884.hostingersite.com\/","name":"F\u00fcr Baby Boss","description":"Wundersch\u00f6ne Geschenke und Accessoires f\u00fcr Ihren kleinen Chef","potentialAction":[{"@type":"SearchAction","target":{"@type":"EntryPoint","urlTemplate":"https:\/\/powderblue-seahorse-496884.hostingersite.com\/?s={search_term_string}"},"query-input":{"@type":"PropertyValueSpecification","valueRequired":true,"valueName":"search_term_string"}}],"inLanguage":"de"}]}},"_links":{"self":[{"href":"https:\/\/forbabyboss.com\/de\/wp-json\/wp\/v2\/product\/5767","targetHints":{"allow":["GET"]}}],"collection":[{"href":"https:\/\/forbabyboss.com\/de\/wp-json\/wp\/v2\/product"}],"about":[{"href":"https:\/\/forbabyboss.com\/de\/wp-json\/wp\/v2\/types\/product"}],"wp:featuredmedia":[{"embeddable":true,"href":"https:\/\/forbabyboss.com\/de\/wp-json\/wp\/v2\/media\/5768"}],"wp:attachment":[{"href":"https:\/\/forbabyboss.com\/de\/wp-json\/wp\/v2\/media?parent=5767"}],"wp:term":[{"taxonomy":"product_brand","embeddable":true,"href":"https:\/\/forbabyboss.com\/de\/wp-json\/wp\/v2\/product_brand?post=5767"},{"taxonomy":"product_cat","embeddable":true,"href":"https:\/\/forbabyboss.com\/de\/wp-json\/wp\/v2\/product_cat?post=5767"},{"taxonomy":"product_tag","embeddable":true,"href":"https:\/\/forbabyboss.com\/de\/wp-json\/wp\/v2\/product_tag?post=5767"}],"curies":[{"name":"wp","href":"https:\/\/api.w.org\/{rel}","templated":true}]}}