{"id":5809,"date":"2022-09-15T09:46:33","date_gmt":"2022-09-15T09:46:33","guid":{"rendered":"http:\/\/forbabyboss.com\/?post_type=product&#038;p=5809"},"modified":"2026-02-18T19:32:50","modified_gmt":"2026-02-18T19:32:50","slug":"new-baby-pram-retro-set-classic-pushchair-3in1-travel-system-black-silver-frame","status":"publish","type":"product","link":"https:\/\/forbabyboss.com\/de\/product\/new-baby-pram-retro-set-classic-pushchair-3in1-travel-system-black-silver-frame\/","title":{"rendered":"New Baby Pram Retro Set Classic Pushchair 3in1 Travel System Black Silver Frame"},"content":{"rendered":"<h1><\/h1>\n<div style=\"width: 1020px;\" class=\"wp-video\"><video class=\"wp-video-shortcode\" id=\"video-5809-1\" width=\"1020\" height=\"574\" preload=\"metadata\" controls=\"controls\"><source type=\"video\/mp4\" src=\"http:\/\/forbabyboss.com\/wp-content\/uploads\/2022\/09\/romantic-vid-1.mp4?_=1\" \/><a href=\"http:\/\/forbabyboss.com\/wp-content\/uploads\/2022\/09\/romantic-vid-1.mp4\">http:\/\/forbabyboss.com\/wp-content\/uploads\/2022\/09\/romantic-vid-1.mp4<\/a><\/video><\/div>\n<p style=\"text-align: justify;\"><strong><span style=\"color: #808080;\">Strollers in our company are manufactured with the highest quality materials and fabrics having the necessary approvals and certificates which guarantee compliance with European health and safety standards. The ROMANTIC trolley perfectly links comfort with modernity. From the first moment of the child&#8217;s life, until the child starts to sit down independently, is used comfortable and lightweight carrycot with cover for legs. Pushchair serves the child later when he can sit on his own. Helpful is then adjustable footrest, which allows you to change the positions of the child&#8217;s age and needs. Safety barrier, five-point safety belts, and the crotch also improve comfort and safety.<\/span><\/strong><\/p>\n<h4 style=\"text-align: justify;\"><span style=\"color: #e14d43;\"><strong>THE SET INCLUDES:<\/strong><\/span><\/h4>\n<p style=\"text-align: justify;\"><strong><span style=\"color: #808080;\">1. FRAME WITH INFLATABLE WHEELS<\/span><\/strong><br \/>\n<strong><span style=\"color: #808080;\">2. CARRYCOT (HOOD AND COVER)<\/span><\/strong><br \/>\n<strong><span style=\"color: #808080;\">3. STROLLER (HOOD AND COVER), ), PUSHCHAIR WITH HOOD AND COVER, IT HAS ADJUSTABLE BACKREST AND FOOTREST\u00a0<\/span><\/strong><br \/>\n<strong><span style=\"color: #808080;\">4. CAR SEAT (HOOD AND COVER)<\/span><\/strong><br \/>\n<strong><span style=\"color: #808080;\">5. FIVE-POINT SEATBELTS.<\/span><\/strong><br \/>\n<strong><span style=\"color: #808080;\">5. LARGE BAG<\/span><\/strong><br \/>\n<strong><span style=\"color: #808080;\">6. SHOPPING BASKET<\/span><\/strong><br \/>\n<strong><span style=\"color: #808080;\">7. RAIN COVER<\/span><\/strong><br \/>\n<strong><span style=\"color: #808080;\">8. WATERPROOF FOIL<\/span><\/strong><br \/>\n<strong><span style=\"color: #808080;\">9. MOSQUITO NET<\/span><\/strong><br \/>\n<strong><span style=\"color: #808080;\">10. BABY CAR SEAT WITH HOOD AND COVER FOR LEGS, THE CAR SEAT IS SUITABLE FOR CHILDREN UP TO 13 KG, IT HAS ADJUSTABLE HANDLE, INSERT FOR BABY AND CRADLE FUNCTION<\/span><\/strong><\/p>\n<p style=\"text-align: justify;\"><strong><span style=\"color: #808080;\">The prams, which we offer are made in compliance with European standards PN-EN 1888:2018 and have certificates from renowned institutions that guarantee the highest quality of the product and safety.<\/span><\/strong><\/p>\n<p style=\"text-align: justify;\"><strong><span style=\"color: #808080;\">Romantic prams come with safety, and quality certificates<\/span><\/strong><\/p>\n<p style=\"text-align: justify;\"><span style=\"color: #e14d43;\"><strong>Pram structure:<\/strong><\/span><\/p>\n<p style=\"text-align: justify;\"><strong><span style=\"color: #808080;\">\u2022 placing carrycot, pushchair and car seat in front-facing and rear-facing positions<\/span><\/strong><br \/>\n<strong><span style=\"color: #808080;\">\u2022 every wheel has a bearing, which improves comfort<\/span><\/strong><br \/>\n<strong><span style=\"color: #808080;\">\u2022 large basket hanging under the pram<\/span><\/strong><br \/>\n<strong><span style=\"color: #808080;\">\u2022 adjustable handle height<\/span><\/strong><br \/>\n<strong><span style=\"color: #808080;\">\u2022 easiness frame folding and small size when folded<\/span><\/strong><br \/>\n<strong><span style=\"color: #808080;\">\u2022 Folded frames dimensions with wheels:<\/span><\/strong><br \/>\n<strong><span style=\"color: #808080;\">\u2022 length 85 cm<\/span><\/strong><br \/>\n<strong><span style=\"color: #808080;\">\u2022 width 60 cm<\/span><\/strong><br \/>\n<strong><span style=\"color: #808080;\">\u2022 Height 41 cm<\/span><\/strong><br \/>\n<strong><span style=\"color: #808080;\">\u2022 Frames weight 11 kg<\/span><\/strong><br \/>\n<strong><span style=\"color: #808080;\">\u2022 Weight of pram with carrycot or pushchair 15 kg\u00a0<\/span><\/strong><\/p>\n<p style=\"text-align: justify;\"><span style=\"color: #e14d43;\"><strong>Dimension pram with carrycot:<\/strong><\/span><\/p>\n<p style=\"text-align: justify;\"><strong><span style=\"color: #808080;\">\u2022 Width 60 cm<\/span><\/strong><br \/>\n<strong><span style=\"color: #808080;\">\u2022 Height to hood 128 cm<\/span><\/strong><br \/>\n<strong><span style=\"color: #808080;\">\u2022 Height do handle 103 cm<\/span><\/strong><\/p>\n<p style=\"text-align: justify;\"><span style=\"color: #e14d43;\"><strong>Carrycot :<\/strong><\/span><\/p>\n<p style=\"text-align: justify;\"><strong><span style=\"color: #808080;\">\u2022 carrycot with cradle function and its blocking<\/span><\/strong><br \/>\n<strong><span style=\"color: #808080;\">\u2022 adjustable carrycot backrest height<\/span><\/strong><br \/>\n<strong><span style=\"color: #808080;\">\u2022 adjusted cover to protect against adverse weather conditions<\/span><\/strong><br \/>\n<strong><span style=\"color: #808080;\">\u2022 handle in the hood enables to carry the carrycot with the baby<\/span><\/strong><br \/>\n<strong><span style=\"color: #808080;\">\u2022 rain cover<\/span><\/strong><br \/>\n<strong><span style=\"color: #808080;\">\u2022 mattress and delicate carrycot lining<\/span><\/strong><br \/>\n<strong><span style=\"color: #808080;\">\u2022 dimensions from inside: 86Lx44Wx21H<\/span><\/strong><br \/>\n<strong><span style=\"color: #808080;\">\u2022 weight 4 kg<\/span><\/strong><\/p>\n<p style=\"text-align: justify;\"><span style=\"color: #e14d43;\"><strong>Sport seat :<\/strong><\/span><\/p>\n<p style=\"text-align: justify;\"><strong><span style=\"color: #808080;\">\u2022 leg cover<\/span><\/strong><br \/>\n<strong><span style=\"color: #808080;\">\u2022 detachable adjustable hood<\/span><\/strong><br \/>\n<strong><span style=\"color: #808080;\">\u2022 detachable safety bar<\/span><\/strong><br \/>\n<strong><span style=\"color: #808080;\">\u2022 4-position backrest adjustment<\/span><\/strong><br \/>\n<strong><span style=\"color: #808080;\">\u2022 adjustable footrest<\/span><\/strong><br \/>\n<strong><span style=\"color: #808080;\">\u2022 flat lying position for the child<\/span><\/strong><br \/>\n<strong><span style=\"color: #808080;\">\u2022 five-point adjustable harness<\/span><\/strong><br \/>\n<strong><span style=\"color: #808080;\">\u2022 pocket at the back of the hood<\/span><\/strong><br \/>\n<strong><span style=\"color: #808080;\">\u2022 dimensions from the inside:<\/span><\/strong><br \/>\n<strong><span style=\"color: #808080;\">\u2022 length 90 cm (backrest 47, seat 23, footrest 21)<\/span><\/strong><br \/>\n<strong><span style=\"color: #808080;\">\u2022 width 42 cm<\/span><\/strong><br \/>\n<strong><span style=\"color: #808080;\">\u2022 weight 3.7 kg kg<\/span><\/strong><\/p>\n<p style=\"text-align: justify;\"><span style=\"color: #e14d43;\"><strong>Car seat with adapter:<\/strong><\/span><\/p>\n<p style=\"text-align: justify;\"><strong><span style=\"color: #808080;\">\u2022 three-point adjustable safety harness with protectors<\/span><\/strong><br \/>\n<strong><span style=\"color: #808080;\">\u2022 detachable hood and cover<\/span><\/strong><br \/>\n<strong><span style=\"color: #808080;\">\u2022 insert for babies<\/span><\/strong><br \/>\n<strong><span style=\"color: #808080;\">\u2022 adjustable handle<\/span><\/strong><br \/>\n<strong><span style=\"color: #808080;\">\u2022 cradle function with a lock<\/span><\/strong><br \/>\n<strong><span style=\"color: #808080;\">\u2022 the car seat is suitable for transporting children by car<\/span><\/strong><br \/>\n<strong><span style=\"color: #808080;\">\u2022 homologation ECE R44\/04<\/span><\/strong><\/p>\n<p>&nbsp;<\/p>\n<p><a href=\"http:\/\/forbabyboss.com\/wp-content\/uploads\/2022\/09\/checkout.png\"><img loading=\"lazy\" decoding=\"async\" class=\"alignnone wp-image-5965\" src=\"http:\/\/forbabyboss.com\/wp-content\/uploads\/2022\/09\/checkout.png\" alt=\"\" width=\"992\" height=\"365\" srcset=\"https:\/\/forbabyboss.com\/wp-content\/uploads\/2022\/09\/checkout.png 750w, https:\/\/forbabyboss.com\/wp-content\/uploads\/2022\/09\/checkout-600x221.png 600w\" sizes=\"auto, (max-width: 992px) 100vw, 992px\" \/><\/a><\/p>","protected":false},"excerpt":{"rendered":"<p><a href=\"http:\/\/forbabyboss.com\/wp-content\/uploads\/2022\/09\/Star-Rating-5.png\"><img loading=\"lazy\" decoding=\"async\" class=\"alignnone size-full wp-image-5973 aligncenter\" src=\"http:\/\/forbabyboss.com\/wp-content\/uploads\/2022\/09\/Star-Rating-5.png\" alt=\"\" width=\"275\" height=\"45\" \/><\/a><\/p>\n<p style=\"text-align: center;\"><span style=\"color: #ed1c24; font-size: 120%;\"><b>PRICE MATCH GUARANTEE<\/b><\/span><\/p>\n<p style=\"text-align: center;\"><span style=\"font-size: 115%;\"><span style=\"font-weight: 400; color: #4f4fa7;\">Free Delivery<\/span><span style=\"font-weight: 400;\"> \u2013 2 \u2013 7 days<\/span><\/span><\/p>\n<p style=\"text-align: center;\"><strong><span style=\"color: #29606b;\">Free gift with purchases over \u00a3100<\/span><\/strong><\/p>","protected":false},"featured_media":5811,"template":"","meta":[],"product_brand":[577],"product_cat":[338,339,156,207,305,210,158,303,130,209,221,211],"product_tag":[163,199],"class_list":{"0":"post-5809","1":"product","2":"type-product","3":"status-publish","4":"has-post-thumbnail","6":"product_brand-kunert","7":"product_cat-600-to-700","8":"product_cat-700-to-800","9":"product_cat-3-in-1","10":"product_cat-black","11":"product_cat-colour","12":"product_cat-grey","13":"product_cat-new-collection","14":"product_cat-pattern","15":"product_cat-prams","16":"product_cat-push-chairs","17":"product_cat-silver-colour","18":"product_cat-stroller","19":"product_tag-3-in-1-prams","20":"product_tag-prams","22":"first","23":"instock","24":"sale","25":"shipping-taxable","26":"purchasable","27":"product-type-simple"},"yoast_head":"<!-- This site is optimized with the Yoast SEO plugin v27.0 - https:\/\/yoast.com\/product\/yoast-seo-wordpress\/ -->\n<title>New Baby Pram Retro Set Classic Pushchair 3in1 Travel System Black Silver Frame - For Baby Boss<\/title>\n<meta name=\"description\" content=\"New Baby Pram Retro Set Classic Pushchair 3in1 Travel System Black Silver Frame\" \/>\n<meta name=\"robots\" content=\"index, follow, max-snippet:-1, max-image-preview:large, max-video-preview:-1\" \/>\n<link rel=\"canonical\" href=\"https:\/\/forbabyboss.com\/de\/product\/new-baby-pram-retro-set-classic-pushchair-3in1-travel-system-black-silver-frame\/\" \/>\n<meta property=\"og:locale\" content=\"de_DE\" \/>\n<meta property=\"og:type\" content=\"article\" \/>\n<meta property=\"og:title\" content=\"New Baby Pram Retro Set Classic Pushchair 3in1 Travel System Black Silver Frame - For Baby Boss\" \/>\n<meta property=\"og:description\" content=\"New Baby Pram Retro Set Classic Pushchair 3in1 Travel System Black Silver Frame\" \/>\n<meta property=\"og:url\" content=\"https:\/\/forbabyboss.com\/de\/product\/new-baby-pram-retro-set-classic-pushchair-3in1-travel-system-black-silver-frame\/\" \/>\n<meta property=\"og:site_name\" content=\"For Baby Boss\" \/>\n<meta property=\"article:modified_time\" content=\"2026-02-18T19:32:50+00:00\" \/>\n<meta property=\"og:image\" content=\"https:\/\/forbabyboss.com\/wp-content\/uploads\/2022\/09\/Baby-Pram-Retro-Buggy-Set-Classic-Pushchair-3in1Travel-System-NEW-2022-FREEBIES-Black-grey-frame-main.png\" \/>\n\t<meta property=\"og:image:width\" content=\"1600\" \/>\n\t<meta property=\"og:image:height\" content=\"1600\" \/>\n\t<meta property=\"og:image:type\" content=\"image\/png\" \/>\n<meta name=\"twitter:card\" content=\"summary_large_image\" \/>\n<meta name=\"twitter:label1\" content=\"Gesch\u00e4tzte Lesezeit\" \/>\n\t<meta name=\"twitter:data1\" content=\"3\u00a0Minuten\" \/>\n<script type=\"application\/ld+json\" class=\"yoast-schema-graph\">{\"@context\":\"https:\/\/schema.org\",\"@graph\":[{\"@type\":\"WebPage\",\"@id\":\"https:\/\/forbabyboss.com\/product\/new-baby-pram-retro-set-classic-pushchair-3in1-travel-system-black-silver-frame\/\",\"url\":\"https:\/\/forbabyboss.com\/product\/new-baby-pram-retro-set-classic-pushchair-3in1-travel-system-black-silver-frame\/\",\"name\":\"New Baby Pram Retro Set Classic Pushchair 3in1 Travel System Black Silver Frame - For Baby Boss\",\"isPartOf\":{\"@id\":\"https:\/\/powderblue-seahorse-496884.hostingersite.com\/#website\"},\"primaryImageOfPage\":{\"@id\":\"https:\/\/forbabyboss.com\/product\/new-baby-pram-retro-set-classic-pushchair-3in1-travel-system-black-silver-frame\/#primaryimage\"},\"image\":{\"@id\":\"https:\/\/forbabyboss.com\/product\/new-baby-pram-retro-set-classic-pushchair-3in1-travel-system-black-silver-frame\/#primaryimage\"},\"thumbnailUrl\":\"https:\/\/forbabyboss.com\/wp-content\/uploads\/2022\/09\/Baby-Pram-Retro-Buggy-Set-Classic-Pushchair-3in1Travel-System-NEW-2022-FREEBIES-Black-grey-frame-main.png\",\"datePublished\":\"2022-09-15T09:46:33+00:00\",\"dateModified\":\"2026-02-18T19:32:50+00:00\",\"description\":\"New Baby Pram Retro Set Classic Pushchair 3in1 Travel System Black Silver Frame\",\"breadcrumb\":{\"@id\":\"https:\/\/forbabyboss.com\/product\/new-baby-pram-retro-set-classic-pushchair-3in1-travel-system-black-silver-frame\/#breadcrumb\"},\"inLanguage\":\"de\",\"potentialAction\":[{\"@type\":\"ReadAction\",\"target\":[\"https:\/\/forbabyboss.com\/product\/new-baby-pram-retro-set-classic-pushchair-3in1-travel-system-black-silver-frame\/\"]}]},{\"@type\":\"ImageObject\",\"inLanguage\":\"de\",\"@id\":\"https:\/\/forbabyboss.com\/product\/new-baby-pram-retro-set-classic-pushchair-3in1-travel-system-black-silver-frame\/#primaryimage\",\"url\":\"https:\/\/forbabyboss.com\/wp-content\/uploads\/2022\/09\/Baby-Pram-Retro-Buggy-Set-Classic-Pushchair-3in1Travel-System-NEW-2022-FREEBIES-Black-grey-frame-main.png\",\"contentUrl\":\"https:\/\/forbabyboss.com\/wp-content\/uploads\/2022\/09\/Baby-Pram-Retro-Buggy-Set-Classic-Pushchair-3in1Travel-System-NEW-2022-FREEBIES-Black-grey-frame-main.png\",\"width\":1600,\"height\":1600},{\"@type\":\"BreadcrumbList\",\"@id\":\"https:\/\/forbabyboss.com\/product\/new-baby-pram-retro-set-classic-pushchair-3in1-travel-system-black-silver-frame\/#breadcrumb\",\"itemListElement\":[{\"@type\":\"ListItem\",\"position\":1,\"name\":\"Home\",\"item\":\"https:\/\/forbabyboss.com\/\"},{\"@type\":\"ListItem\",\"position\":2,\"name\":\"Shop\",\"item\":\"https:\/\/forbabyboss.com\/shop\/\"},{\"@type\":\"ListItem\",\"position\":3,\"name\":\"New Baby Pram Retro Set Classic Pushchair 3in1 Travel System Black Silver Frame\"}]},{\"@type\":\"WebSite\",\"@id\":\"https:\/\/powderblue-seahorse-496884.hostingersite.com\/#website\",\"url\":\"https:\/\/powderblue-seahorse-496884.hostingersite.com\/\",\"name\":\"For Baby Boss\",\"description\":\"Beautiful gifts and accessories for your baby boss\",\"potentialAction\":[{\"@type\":\"SearchAction\",\"target\":{\"@type\":\"EntryPoint\",\"urlTemplate\":\"https:\/\/powderblue-seahorse-496884.hostingersite.com\/?s={search_term_string}\"},\"query-input\":{\"@type\":\"PropertyValueSpecification\",\"valueRequired\":true,\"valueName\":\"search_term_string\"}}],\"inLanguage\":\"de\"}]}<\/script>\n<!-- \/ Yoast SEO plugin. -->","yoast_head_json":{"title":"New Baby Pram Retro Set Classic Pushchair 3in1 Travel System Black Silver Frame - For Baby Boss","description":"New Baby Pram Retro Set Classic Pushchair 3in1 Travel System Black Silver Frame","robots":{"index":"index","follow":"follow","max-snippet":"max-snippet:-1","max-image-preview":"max-image-preview:large","max-video-preview":"max-video-preview:-1"},"canonical":"https:\/\/forbabyboss.com\/de\/product\/new-baby-pram-retro-set-classic-pushchair-3in1-travel-system-black-silver-frame\/","og_locale":"de_DE","og_type":"article","og_title":"New Baby Pram Retro Set Classic Pushchair 3in1 Travel System Black Silver Frame - For Baby Boss","og_description":"New Baby Pram Retro Set Classic Pushchair 3in1 Travel System Black Silver Frame","og_url":"https:\/\/forbabyboss.com\/de\/product\/new-baby-pram-retro-set-classic-pushchair-3in1-travel-system-black-silver-frame\/","og_site_name":"For Baby Boss","article_modified_time":"2026-02-18T19:32:50+00:00","og_image":[{"width":1600,"height":1600,"url":"https:\/\/forbabyboss.com\/wp-content\/uploads\/2022\/09\/Baby-Pram-Retro-Buggy-Set-Classic-Pushchair-3in1Travel-System-NEW-2022-FREEBIES-Black-grey-frame-main.png","type":"image\/png"}],"twitter_card":"summary_large_image","twitter_misc":{"Gesch\u00e4tzte Lesezeit":"3\u00a0Minuten"},"schema":{"@context":"https:\/\/schema.org","@graph":[{"@type":"WebPage","@id":"https:\/\/forbabyboss.com\/product\/new-baby-pram-retro-set-classic-pushchair-3in1-travel-system-black-silver-frame\/","url":"https:\/\/forbabyboss.com\/product\/new-baby-pram-retro-set-classic-pushchair-3in1-travel-system-black-silver-frame\/","name":"New Baby Pram Retro Set Classic Pushchair 3in1 Travel System Black Silver Frame - For Baby Boss","isPartOf":{"@id":"https:\/\/powderblue-seahorse-496884.hostingersite.com\/#website"},"primaryImageOfPage":{"@id":"https:\/\/forbabyboss.com\/product\/new-baby-pram-retro-set-classic-pushchair-3in1-travel-system-black-silver-frame\/#primaryimage"},"image":{"@id":"https:\/\/forbabyboss.com\/product\/new-baby-pram-retro-set-classic-pushchair-3in1-travel-system-black-silver-frame\/#primaryimage"},"thumbnailUrl":"https:\/\/forbabyboss.com\/wp-content\/uploads\/2022\/09\/Baby-Pram-Retro-Buggy-Set-Classic-Pushchair-3in1Travel-System-NEW-2022-FREEBIES-Black-grey-frame-main.png","datePublished":"2022-09-15T09:46:33+00:00","dateModified":"2026-02-18T19:32:50+00:00","description":"New Baby Pram Retro Set Classic Pushchair 3in1 Travel System Black Silver Frame","breadcrumb":{"@id":"https:\/\/forbabyboss.com\/product\/new-baby-pram-retro-set-classic-pushchair-3in1-travel-system-black-silver-frame\/#breadcrumb"},"inLanguage":"de","potentialAction":[{"@type":"ReadAction","target":["https:\/\/forbabyboss.com\/product\/new-baby-pram-retro-set-classic-pushchair-3in1-travel-system-black-silver-frame\/"]}]},{"@type":"ImageObject","inLanguage":"de","@id":"https:\/\/forbabyboss.com\/product\/new-baby-pram-retro-set-classic-pushchair-3in1-travel-system-black-silver-frame\/#primaryimage","url":"https:\/\/forbabyboss.com\/wp-content\/uploads\/2022\/09\/Baby-Pram-Retro-Buggy-Set-Classic-Pushchair-3in1Travel-System-NEW-2022-FREEBIES-Black-grey-frame-main.png","contentUrl":"https:\/\/forbabyboss.com\/wp-content\/uploads\/2022\/09\/Baby-Pram-Retro-Buggy-Set-Classic-Pushchair-3in1Travel-System-NEW-2022-FREEBIES-Black-grey-frame-main.png","width":1600,"height":1600},{"@type":"BreadcrumbList","@id":"https:\/\/forbabyboss.com\/product\/new-baby-pram-retro-set-classic-pushchair-3in1-travel-system-black-silver-frame\/#breadcrumb","itemListElement":[{"@type":"ListItem","position":1,"name":"Home","item":"https:\/\/forbabyboss.com\/"},{"@type":"ListItem","position":2,"name":"Shop","item":"https:\/\/forbabyboss.com\/shop\/"},{"@type":"ListItem","position":3,"name":"New Baby Pram Retro Set Classic Pushchair 3in1 Travel System Black Silver Frame"}]},{"@type":"WebSite","@id":"https:\/\/powderblue-seahorse-496884.hostingersite.com\/#website","url":"https:\/\/powderblue-seahorse-496884.hostingersite.com\/","name":"F\u00fcr Baby Boss","description":"Wundersch\u00f6ne Geschenke und Accessoires f\u00fcr Ihren kleinen Chef","potentialAction":[{"@type":"SearchAction","target":{"@type":"EntryPoint","urlTemplate":"https:\/\/powderblue-seahorse-496884.hostingersite.com\/?s={search_term_string}"},"query-input":{"@type":"PropertyValueSpecification","valueRequired":true,"valueName":"search_term_string"}}],"inLanguage":"de"}]}},"_links":{"self":[{"href":"https:\/\/forbabyboss.com\/de\/wp-json\/wp\/v2\/product\/5809","targetHints":{"allow":["GET"]}}],"collection":[{"href":"https:\/\/forbabyboss.com\/de\/wp-json\/wp\/v2\/product"}],"about":[{"href":"https:\/\/forbabyboss.com\/de\/wp-json\/wp\/v2\/types\/product"}],"wp:featuredmedia":[{"embeddable":true,"href":"https:\/\/forbabyboss.com\/de\/wp-json\/wp\/v2\/media\/5811"}],"wp:attachment":[{"href":"https:\/\/forbabyboss.com\/de\/wp-json\/wp\/v2\/media?parent=5809"}],"wp:term":[{"taxonomy":"product_brand","embeddable":true,"href":"https:\/\/forbabyboss.com\/de\/wp-json\/wp\/v2\/product_brand?post=5809"},{"taxonomy":"product_cat","embeddable":true,"href":"https:\/\/forbabyboss.com\/de\/wp-json\/wp\/v2\/product_cat?post=5809"},{"taxonomy":"product_tag","embeddable":true,"href":"https:\/\/forbabyboss.com\/de\/wp-json\/wp\/v2\/product_tag?post=5809"}],"curies":[{"name":"wp","href":"https:\/\/api.w.org\/{rel}","templated":true}]}}