{"id":6083,"date":"2022-09-25T12:30:31","date_gmt":"2022-09-25T12:30:31","guid":{"rendered":"http:\/\/forbabyboss.com\/?post_type=product&#038;p=6083"},"modified":"2026-02-21T08:42:57","modified_gmt":"2026-02-21T08:42:57","slug":"3-in-1-reiseset-faltbarer-klassischer-kinderwagen-in-rosa","status":"publish","type":"product","link":"https:\/\/forbabyboss.com\/de\/product\/3-in1-travel-set-folding-classic-baby-pram-in-pink\/","title":{"rendered":"3-in-1 Reiseset: Faltbarer Kinderwagen in Rosa"},"content":{"rendered":"<h2 style=\"text-align: justify;\"><span style=\"color: #e14d43;\"><strong>Tiefer Kinderwagen<\/strong><\/span><\/h2>\n<p style=\"text-align: justify;\"><strong><span style=\"color: #000000;\">Es handelt sich um einen leichten Aluminiumrahmen mit Gondel, der vor allem f\u00fcr den sicheren Transport von Neugeborenen und S\u00e4uglingen mit einem Gewicht von bis zu 9 kg vorgesehen ist.<\/span><\/strong><br \/>\n<strong><span style=\"color: #000000;\">Die Axel-Gondel verf\u00fcgt \u00fcber ein ausklappbares Verdeck und ein weiches Baumwollfutter, das zum Waschen leicht herausgenommen werden kann.<\/span><\/strong><br \/>\n<strong><span style=\"color: #000000;\">Die Kabine ist mit einem zu \u00f6ffnenden L\u00fcftungsfenster ausgestattet.<\/span><\/strong><br \/>\n<strong><span style=\"color: #000000;\">Dar\u00fcber hinaus dient die Gondelabdeckung als Windf\u00e4nger.<\/span><\/strong><br \/>\n<strong><span style=\"color: #000000;\">Die Gondel verf\u00fcgt au\u00dferdem \u00fcber eine R\u00fcckenlehne mit stufenloser H\u00f6henverstellung.<\/span><\/strong><\/p>\n<h2 style=\"text-align: justify;\"><span style=\"color: #e14d43;\"><strong>Merkmale der Babywanne:<\/strong><\/span><\/h2>\n<p style=\"text-align: justify;\"><strong><span style=\"color: #000000;\">\u2713 Faltbares Verdeck \u2013 sch\u00fctzt das Kind vor Sonne und Regen<\/span><\/strong><br \/>\n<strong><span style=\"color: #000000;\">\u2713 Baumwollfutter \u2013 sorgt f\u00fcr maximalen Reisekomfort (kann zum Waschen leicht herausgenommen werden)<\/span><\/strong><br \/>\n<strong><span style=\"color: #000000;\">\u2713 Bel\u00fcftungsfenster \u2013 sorgt f\u00fcr Frischluft im Inneren des Wagens<\/span><\/strong><br \/>\n<strong><span style=\"color: #000000;\">\u2713 Abdeckung \u2013 sch\u00fctzt das Kind vor Wind und K\u00e4lte<\/span><\/strong><br \/>\n<strong><span style=\"color: #000000;\">\u2713 Babywanne mit Wiegenfunktion \u2013 erm\u00f6glicht das Schaukeln des Kindes (kann durch Ausklappen der Seitenbeine arretiert werden)<\/span><\/strong><br \/>\n<strong><span style=\"color: #000000;\">\u2713 Babywanne mit Griff aus \u00d6ko-Leder \u2013 f\u00fcr bequemes Tragen.<\/span><\/strong><\/p>\n<h2 style=\"text-align: justify;\"><span style=\"color: #e14d43;\"><strong>Kindersitz<\/strong><\/span><\/h2>\n<p style=\"text-align: justify;\"><strong><span style=\"color: #000000;\">Der Kindersitz ist f\u00fcr Kinder bis 10 kg geeignet. Er tr\u00e4gt die ECE-R44\/04-Zulassung, die best\u00e4tigt, dass er strenge Sicherheitsstandards erf\u00fcllt und f\u00fcr den sicheren Transport von Kindern im Auto verwendet werden kann. Mithilfe der mitgelieferten Adapter l\u00e4sst sich der Kindersitz sowohl vorw\u00e4rts- als auch r\u00fcckw\u00e4rtsgerichtet auf dem Kinderwagengestell befestigen.<\/span><\/strong><\/p>\n<p><strong><span style=\"color: #000000;\">\u2713 Zus\u00e4tzlicher Einsatz f\u00fcr Babys \u2013 erm\u00f6glicht den sicheren Transport von Neugeborenen<\/span><\/strong><br \/>\n<strong><span style=\"color: #000000;\">\u2713 verstellbarer Griff \u2013 zeichnet sich durch h\u00f6chste Ergonomie aus (kann in St\u00fctzposition eingestellt werden)<\/span><\/strong><br \/>\n<strong><span style=\"color: #000000;\">\u2713 Wiegenfunktion \u2013 dank eines speziell profilierten Bodens<\/span><\/strong><br \/>\n<strong><span style=\"color: #000000;\">\u2713 Beinschutz mit reflektierenden Elementen \u2013 sch\u00fctzt vor K\u00e4lte (abnehmbar)<\/span><\/strong><br \/>\n<strong><span style=\"color: #000000;\">\u2713 Abnehmbares Regen- und Sonnenvisier \u2013 sch\u00fctzt das Kind vor ung\u00fcnstigen Wetterbedingungen<\/span><\/strong><br \/>\n<strong><span style=\"color: #000000;\">\u2713 Dreipunkt-Sicherheitsgurte mit zentraler L\u00e4ngenverstellung \u2013 sorgen f\u00fcr Sicherheit w\u00e4hrend der Fahrt<\/span><\/strong><br \/>\n<strong><span style=\"color: #000000;\">\u2713 Zus\u00e4tzliche Schultergurtbez\u00fcge \u2013 f\u00fcr mehr Komfort auf Reisen<\/span><\/strong><br \/>\n<strong><span style=\"color: #000000;\">\u2713 Adapter \u2013 erm\u00f6glichen die Montage des Sitzes am Kinderwagengestell<\/span><\/strong><\/p>\n<h2 style=\"text-align: justify;\"><span style=\"color: #e14d43;\"><strong>Kinderwagen<\/strong><\/span><\/h2>\n<p style=\"text-align: justify;\"><strong><span style=\"color: #000000;\">Der Kinderwagen eignet sich perfekt f\u00fcr etwas \u00e4ltere Kinder bis zu einem Gewicht von 15 kg. Axel bietet zwei Montagem\u00f6glichkeiten: vorw\u00e4rts oder r\u00fcckw\u00e4rts gerichtet \u2013 je nach Ihren Vorlieben.<\/span><\/strong><br \/>\n<strong><span style=\"color: #000000;\">Ein ausklappbares Sonnendach und eine Abdeckung mit Windfangfunktion sch\u00fctzen Ihr Kind vor ung\u00fcnstigen Wetterbedingungen.<\/span><\/strong><\/p>\n<p><strong><span style=\"color: #000000;\">\u2713 F\u00fcnfpunkt-Sicherheitsgurte mit weichen Polstern \u2013 sch\u00fctzen und gew\u00e4hrleisten Komfort w\u00e4hrend der Reise<\/span><\/strong><br \/>\n<strong><span style=\"color: #000000;\">\u2713 Barriere und Fu\u00dfst\u00fctze aus \u00d6ko-Leder \u2013 strapazierf\u00e4hig und leicht zu reinigen<\/span><\/strong><br \/>\n<strong><span style=\"color: #000000;\">\u2713 Verstellbare Fu\u00dfst\u00fctze \u2013 f\u00fcr optimale Positionierung<\/span><\/strong><br \/>\n<strong><span style=\"color: #000000;\">\u2713 Verstellbare R\u00fcckenlehne in vier Positionen \u2013 bietet eine optimale Position und erh\u00f6ht den Komfort des Kindes<\/span><\/strong><br \/>\n<strong><span style=\"color: #000000;\">\u2713 Rahmen mit weicher Federung \u2013 sch\u00fctzt das Kind vor unangenehmen St\u00f6\u00dfen bei Fahrten auf unebenen Oberfl\u00e4chen<\/span><\/strong><\/p>\n<h2 style=\"text-align: justify;\"><span style=\"color: #e14d43;\"><strong>Kinderwagengestell<\/strong><\/span><\/h2>\n<p style=\"text-align: justify;\"><strong><span style=\"color: #000000;\">Die Konstruktion des Wagens besteht aus leichtem Aluminium, w\u00e4hrend der innovative Drehmechanismus,<\/span><\/strong><br \/>\n<strong><span style=\"color: #000000;\">Kugelgelagerte R\u00e4der mit Polyurethanreifen sorgen f\u00fcr die reibungslose Bewegung des Wagens. R\u00e4der dieses Typs besitzen alle Eigenschaften von Luftreifen und dar\u00fcber hinaus \u2026 ,<\/span><\/strong><br \/>\n<strong><span style=\"color: #000000;\">Sie sind nicht durchstichanf\u00e4llig. Daher sind sie problemlos, wartungsfrei und sehr langlebig. Au\u00dferdem verhindern sie ein Geradeausfahren.<\/span><\/strong><\/p>\n<p><span style=\"color: #e14d43;\"><strong>Rahmenmerkmale:<\/strong><\/span><\/p>\n<p><strong><span style=\"color: #000000;\">\u2713 Solide und leichte Aluminiumkonstruktion<\/span><\/strong><br \/>\n<strong><span style=\"color: #000000;\">\u2713Verstellbarer Griff mit Bezug aus \u00d6ko-Leder \u2013 erm\u00f6glicht eine einfache Anpassung des Kinderwagens an Ihre K\u00f6rpergr\u00f6\u00dfe.<\/span><\/strong><br \/>\n<strong><span style=\"color: #000000;\">\u2713 Sanfte Federung \u2013 ein innovatives Sto\u00dfd\u00e4mpfungssystem sorgt f\u00fcr maximalen Reisekomfort<\/span><\/strong><br \/>\n<strong><span style=\"color: #000000;\">\u2713 Zentralbremse (Easy Stop) \u2013 erm\u00f6glicht das schnelle Blockieren der Wagenr\u00e4der.<\/span><\/strong><br \/>\n<strong><span style=\"color: #000000;\">\u2713Die M\u00f6glichkeit, das Buggy Board zu installieren \u2013 diese Funktion erweist sich als n\u00fctzlich, wenn das Kind ein \u00e4lteres Geschwisterkind hat.<\/span><\/strong><br \/>\n<strong><span style=\"color: #000000;\">\u2713 Faltbarer Rahmen \u2013 zusammengeklappt nimmt er wenig Platz ein und passt in eine Autotasche.<\/span><\/strong><\/p>\n<p>&nbsp;<\/p>\n<p><a href=\"http:\/\/forbabyboss.com\/wp-content\/uploads\/2022\/09\/checkout.png\"><img loading=\"lazy\" decoding=\"async\" class=\"alignnone wp-image-5965\" src=\"http:\/\/forbabyboss.com\/wp-content\/uploads\/2022\/09\/checkout.png\" alt=\"\" width=\"970\" height=\"357\" srcset=\"https:\/\/forbabyboss.com\/wp-content\/uploads\/2022\/09\/checkout.png 750w, https:\/\/forbabyboss.com\/wp-content\/uploads\/2022\/09\/checkout-600x221.png 600w\" sizes=\"auto, (max-width: 970px) 100vw, 970px\" \/><\/a><\/p>\n<p style=\"text-align: justify;\">","protected":false},"excerpt":{"rendered":"<p><a href=\"http:\/\/forbabyboss.com\/wp-content\/uploads\/2022\/09\/Star-Rating-5.png\"><img loading=\"lazy\" decoding=\"async\" class=\"alignnone size-full wp-image-5973 aligncenter\" src=\"http:\/\/forbabyboss.com\/wp-content\/uploads\/2022\/09\/Star-Rating-5.png\" alt=\"\" width=\"275\" height=\"45\" \/><\/a><\/p>\n<p style=\"text-align: center;\"><span style=\"color: #ed1c24; font-size: 120%;\"><b>PREISGARANTIE<\/b><\/span><\/p>\n<p style=\"text-align: center;\"><span style=\"font-size: 115%;\"><span style=\"font-weight: 400; color: #4f4fa7;\">Kostenloser Versand<\/span><span style=\"font-weight: 400;\"> \u2013 2 \u2013 7 Tage<\/span><\/span><\/p>\n<p style=\"text-align: center;\"><strong><span style=\"color: #29606b;\">Gratisgeschenk ab einem Einkaufswert von 100 \u00a3<\/span><\/strong><\/p>","protected":false},"featured_media":6085,"template":"","meta":[],"product_brand":[370],"product_cat":[337,339,156,305,210,303,215,130,209,211],"product_tag":[163,199],"class_list":{"0":"post-6083","1":"product","2":"type-product","3":"status-publish","4":"has-post-thumbnail","6":"product_brand-babylux","7":"product_cat-500-to-600","8":"product_cat-700-to-800","9":"product_cat-3-in-1","10":"product_cat-colour","11":"product_cat-grey","12":"product_cat-pattern","13":"product_cat-pink","14":"product_cat-prams","15":"product_cat-push-chairs","16":"product_cat-stroller","17":"product_tag-3-in-1-prams","18":"product_tag-prams","20":"first","21":"instock","22":"sale","23":"shipping-taxable","24":"purchasable","25":"product-type-simple"},"yoast_head":"<!-- This site is optimized with the Yoast SEO plugin v27.5 - https:\/\/yoast.com\/product\/yoast-seo-wordpress\/ -->\n<title>3 in1 Travel Set Folding Classic Baby Pram in Pink - For Baby Boss<\/title>\n<meta name=\"description\" content=\"3 in1 Travel Set Folding Classic Baby Pram in Pink\" \/>\n<meta name=\"robots\" content=\"index, follow, max-snippet:-1, max-image-preview:large, max-video-preview:-1\" \/>\n<link rel=\"canonical\" href=\"https:\/\/forbabyboss.com\/de\/product\/3-in-1-reiseset-faltbarer-klassischer-kinderwagen-in-rosa\/\" \/>\n<meta property=\"og:locale\" content=\"de_DE\" \/>\n<meta property=\"og:type\" content=\"article\" \/>\n<meta property=\"og:title\" content=\"3 in1 Travel Set Folding Classic Baby Pram in Pink - For Baby Boss\" \/>\n<meta property=\"og:description\" content=\"3 in1 Travel Set Folding Classic Baby Pram in Pink\" \/>\n<meta property=\"og:url\" content=\"https:\/\/forbabyboss.com\/de\/product\/3-in-1-reiseset-faltbarer-klassischer-kinderwagen-in-rosa\/\" \/>\n<meta property=\"og:site_name\" content=\"For Baby Boss\" \/>\n<meta property=\"article:modified_time\" content=\"2026-02-21T08:42:57+00:00\" \/>\n<meta property=\"og:image\" content=\"https:\/\/forbabyboss.com\/wp-content\/uploads\/2022\/09\/Baby-Pram-Classic-Buggy-Retro-Pushchair-3-in1-Travel-Set-Folding-Newborns-Pink-main.png\" \/>\n\t<meta property=\"og:image:width\" content=\"1600\" \/>\n\t<meta property=\"og:image:height\" content=\"1600\" \/>\n\t<meta property=\"og:image:type\" content=\"image\/png\" \/>\n<meta name=\"twitter:card\" content=\"summary_large_image\" \/>\n<meta name=\"twitter:label1\" content=\"Gesch\u00e4tzte Lesezeit\" \/>\n\t<meta name=\"twitter:data1\" content=\"3\u00a0Minuten\" \/>\n<script type=\"application\/ld+json\" class=\"yoast-schema-graph\">{\"@context\":\"https:\\\/\\\/schema.org\",\"@graph\":[{\"@type\":\"WebPage\",\"@id\":\"https:\\\/\\\/forbabyboss.com\\\/product\\\/3-in1-travel-set-folding-classic-baby-pram-in-pink\\\/\",\"url\":\"https:\\\/\\\/forbabyboss.com\\\/product\\\/3-in1-travel-set-folding-classic-baby-pram-in-pink\\\/\",\"name\":\"3 in1 Travel Set Folding Classic Baby Pram in Pink - For Baby Boss\",\"isPartOf\":{\"@id\":\"https:\\\/\\\/powderblue-seahorse-496884.hostingersite.com\\\/#website\"},\"primaryImageOfPage\":{\"@id\":\"https:\\\/\\\/forbabyboss.com\\\/product\\\/3-in1-travel-set-folding-classic-baby-pram-in-pink\\\/#primaryimage\"},\"image\":{\"@id\":\"https:\\\/\\\/forbabyboss.com\\\/product\\\/3-in1-travel-set-folding-classic-baby-pram-in-pink\\\/#primaryimage\"},\"thumbnailUrl\":\"https:\\\/\\\/forbabyboss.com\\\/wp-content\\\/uploads\\\/2022\\\/09\\\/Baby-Pram-Classic-Buggy-Retro-Pushchair-3-in1-Travel-Set-Folding-Newborns-Pink-main.png\",\"datePublished\":\"2022-09-25T12:30:31+00:00\",\"dateModified\":\"2026-02-21T08:42:57+00:00\",\"description\":\"3 in1 Travel Set Folding Classic Baby Pram in Pink\",\"breadcrumb\":{\"@id\":\"https:\\\/\\\/forbabyboss.com\\\/product\\\/3-in1-travel-set-folding-classic-baby-pram-in-pink\\\/#breadcrumb\"},\"inLanguage\":\"de\",\"potentialAction\":[{\"@type\":\"ReadAction\",\"target\":[\"https:\\\/\\\/forbabyboss.com\\\/product\\\/3-in1-travel-set-folding-classic-baby-pram-in-pink\\\/\"]}]},{\"@type\":\"ImageObject\",\"inLanguage\":\"de\",\"@id\":\"https:\\\/\\\/forbabyboss.com\\\/product\\\/3-in1-travel-set-folding-classic-baby-pram-in-pink\\\/#primaryimage\",\"url\":\"https:\\\/\\\/forbabyboss.com\\\/wp-content\\\/uploads\\\/2022\\\/09\\\/Baby-Pram-Classic-Buggy-Retro-Pushchair-3-in1-Travel-Set-Folding-Newborns-Pink-main.png\",\"contentUrl\":\"https:\\\/\\\/forbabyboss.com\\\/wp-content\\\/uploads\\\/2022\\\/09\\\/Baby-Pram-Classic-Buggy-Retro-Pushchair-3-in1-Travel-Set-Folding-Newborns-Pink-main.png\",\"width\":1600,\"height\":1600},{\"@type\":\"BreadcrumbList\",\"@id\":\"https:\\\/\\\/forbabyboss.com\\\/product\\\/3-in1-travel-set-folding-classic-baby-pram-in-pink\\\/#breadcrumb\",\"itemListElement\":[{\"@type\":\"ListItem\",\"position\":1,\"name\":\"Home\",\"item\":\"https:\\\/\\\/forbabyboss.com\\\/\"},{\"@type\":\"ListItem\",\"position\":2,\"name\":\"Shop\",\"item\":\"https:\\\/\\\/forbabyboss.com\\\/shop\\\/\"},{\"@type\":\"ListItem\",\"position\":3,\"name\":\"3 in1 Travel Set Folding Classic Baby Pram in Pink\"}]},{\"@type\":\"WebSite\",\"@id\":\"https:\\\/\\\/powderblue-seahorse-496884.hostingersite.com\\\/#website\",\"url\":\"https:\\\/\\\/powderblue-seahorse-496884.hostingersite.com\\\/\",\"name\":\"For Baby Boss\",\"description\":\"Beautiful gifts and accessories for your baby boss\",\"potentialAction\":[{\"@type\":\"SearchAction\",\"target\":{\"@type\":\"EntryPoint\",\"urlTemplate\":\"https:\\\/\\\/powderblue-seahorse-496884.hostingersite.com\\\/?s={search_term_string}\"},\"query-input\":{\"@type\":\"PropertyValueSpecification\",\"valueRequired\":true,\"valueName\":\"search_term_string\"}}],\"inLanguage\":\"de\"}]}<\/script>\n<!-- \/ Yoast SEO plugin. -->","yoast_head_json":{"title":"3-in-1 Reiseset: Faltbarer Kinderwagen in Rosa \u2013 F\u00fcr Baby Boss","description":"3-in-1 Reiseset: Faltbarer Kinderwagen in Rosa","robots":{"index":"index","follow":"follow","max-snippet":"max-snippet:-1","max-image-preview":"max-image-preview:large","max-video-preview":"max-video-preview:-1"},"canonical":"https:\/\/forbabyboss.com\/de\/product\/3-in-1-reiseset-faltbarer-klassischer-kinderwagen-in-rosa\/","og_locale":"de_DE","og_type":"article","og_title":"3 in1 Travel Set Folding Classic Baby Pram in Pink - For Baby Boss","og_description":"3 in1 Travel Set Folding Classic Baby Pram in Pink","og_url":"https:\/\/forbabyboss.com\/de\/product\/3-in-1-reiseset-faltbarer-klassischer-kinderwagen-in-rosa\/","og_site_name":"For Baby Boss","article_modified_time":"2026-02-21T08:42:57+00:00","og_image":[{"width":1600,"height":1600,"url":"https:\/\/forbabyboss.com\/wp-content\/uploads\/2022\/09\/Baby-Pram-Classic-Buggy-Retro-Pushchair-3-in1-Travel-Set-Folding-Newborns-Pink-main.png","type":"image\/png"}],"twitter_card":"summary_large_image","twitter_misc":{"Gesch\u00e4tzte Lesezeit":"3\u00a0Minuten"},"schema":{"@context":"https:\/\/schema.org","@graph":[{"@type":"WebPage","@id":"https:\/\/forbabyboss.com\/product\/3-in1-travel-set-folding-classic-baby-pram-in-pink\/","url":"https:\/\/forbabyboss.com\/product\/3-in1-travel-set-folding-classic-baby-pram-in-pink\/","name":"3-in-1 Reiseset: Faltbarer Kinderwagen in Rosa \u2013 F\u00fcr Baby Boss","isPartOf":{"@id":"https:\/\/powderblue-seahorse-496884.hostingersite.com\/#website"},"primaryImageOfPage":{"@id":"https:\/\/forbabyboss.com\/product\/3-in1-travel-set-folding-classic-baby-pram-in-pink\/#primaryimage"},"image":{"@id":"https:\/\/forbabyboss.com\/product\/3-in1-travel-set-folding-classic-baby-pram-in-pink\/#primaryimage"},"thumbnailUrl":"https:\/\/forbabyboss.com\/wp-content\/uploads\/2022\/09\/Baby-Pram-Classic-Buggy-Retro-Pushchair-3-in1-Travel-Set-Folding-Newborns-Pink-main.png","datePublished":"2022-09-25T12:30:31+00:00","dateModified":"2026-02-21T08:42:57+00:00","description":"3-in-1 Reiseset: Faltbarer Kinderwagen in Rosa","breadcrumb":{"@id":"https:\/\/forbabyboss.com\/product\/3-in1-travel-set-folding-classic-baby-pram-in-pink\/#breadcrumb"},"inLanguage":"de","potentialAction":[{"@type":"ReadAction","target":["https:\/\/forbabyboss.com\/product\/3-in1-travel-set-folding-classic-baby-pram-in-pink\/"]}]},{"@type":"ImageObject","inLanguage":"de","@id":"https:\/\/forbabyboss.com\/product\/3-in1-travel-set-folding-classic-baby-pram-in-pink\/#primaryimage","url":"https:\/\/forbabyboss.com\/wp-content\/uploads\/2022\/09\/Baby-Pram-Classic-Buggy-Retro-Pushchair-3-in1-Travel-Set-Folding-Newborns-Pink-main.png","contentUrl":"https:\/\/forbabyboss.com\/wp-content\/uploads\/2022\/09\/Baby-Pram-Classic-Buggy-Retro-Pushchair-3-in1-Travel-Set-Folding-Newborns-Pink-main.png","width":1600,"height":1600},{"@type":"BreadcrumbList","@id":"https:\/\/forbabyboss.com\/product\/3-in1-travel-set-folding-classic-baby-pram-in-pink\/#breadcrumb","itemListElement":[{"@type":"ListItem","position":1,"name":"Home","item":"https:\/\/forbabyboss.com\/"},{"@type":"ListItem","position":2,"name":"Shop","item":"https:\/\/forbabyboss.com\/shop\/"},{"@type":"ListItem","position":3,"name":"3 in1 Travel Set Folding Classic Baby Pram in Pink"}]},{"@type":"WebSite","@id":"https:\/\/powderblue-seahorse-496884.hostingersite.com\/#website","url":"https:\/\/powderblue-seahorse-496884.hostingersite.com\/","name":"F\u00fcr Baby Boss","description":"Wundersch\u00f6ne Geschenke und Accessoires f\u00fcr Ihren kleinen Chef","potentialAction":[{"@type":"SearchAction","target":{"@type":"EntryPoint","urlTemplate":"https:\/\/powderblue-seahorse-496884.hostingersite.com\/?s={search_term_string}"},"query-input":{"@type":"PropertyValueSpecification","valueRequired":true,"valueName":"search_term_string"}}],"inLanguage":"de"}]}},"_links":{"self":[{"href":"https:\/\/forbabyboss.com\/de\/wp-json\/wp\/v2\/product\/6083","targetHints":{"allow":["GET"]}}],"collection":[{"href":"https:\/\/forbabyboss.com\/de\/wp-json\/wp\/v2\/product"}],"about":[{"href":"https:\/\/forbabyboss.com\/de\/wp-json\/wp\/v2\/types\/product"}],"wp:featuredmedia":[{"embeddable":true,"href":"https:\/\/forbabyboss.com\/de\/wp-json\/wp\/v2\/media\/6085"}],"wp:attachment":[{"href":"https:\/\/forbabyboss.com\/de\/wp-json\/wp\/v2\/media?parent=6083"}],"wp:term":[{"taxonomy":"product_brand","embeddable":true,"href":"https:\/\/forbabyboss.com\/de\/wp-json\/wp\/v2\/product_brand?post=6083"},{"taxonomy":"product_cat","embeddable":true,"href":"https:\/\/forbabyboss.com\/de\/wp-json\/wp\/v2\/product_cat?post=6083"},{"taxonomy":"product_tag","embeddable":true,"href":"https:\/\/forbabyboss.com\/de\/wp-json\/wp\/v2\/product_tag?post=6083"}],"curies":[{"name":"wp","href":"https:\/\/api.w.org\/{rel}","templated":true}]}}