{"id":2516,"date":"2021-01-19T07:44:43","date_gmt":"2021-01-19T07:44:43","guid":{"rendered":"http:\/\/forbabyboss.com\/?post_type=product&#038;p=2516"},"modified":"2026-02-18T20:19:56","modified_gmt":"2026-02-18T20:19:56","slug":"cochecito-de-bebe-3-en-1-sistema-de-viaje-silla-de-coche-silla-de-paseo-desde-el-nacimiento-para-ninas-y-ninos-en-gris-grafito-2","status":"publish","type":"product","link":"https:\/\/forbabyboss.com\/es\/product\/baby-pram-buggy-3-in-1-travel-system-car-seat-pushchair-from-birth-girls-boys-in-grey-graphite-copy\/","title":{"rendered":"Cochecito de beb\u00e9 3 en 1, sistema de viaje, silla de coche y carrito desde el nacimiento para ni\u00f1as y ni\u00f1os en gris y burbujas."},"content":{"rendered":"<div class=\"clearfix\">\n<div><a href=\"http:\/\/forbabyboss.com\/wp-content\/uploads\/2021\/01\/Baby-Pram-Buggy-3-in-1-Travel-System-Car-Seat-Pushchair-from-Birth-Girls-Boys-1.png\"><img loading=\"lazy\" decoding=\"async\" class=\"aligncenter wp-image-2510\" src=\"http:\/\/forbabyboss.com\/wp-content\/uploads\/2021\/01\/Baby-Pram-Buggy-3-in-1-Travel-System-Car-Seat-Pushchair-from-Birth-Girls-Boys-1-800x800.png\" alt=\"\" width=\"621\" height=\"621\" srcset=\"https:\/\/forbabyboss.com\/wp-content\/uploads\/2021\/01\/Baby-Pram-Buggy-3-in-1-Travel-System-Car-Seat-Pushchair-from-Birth-Girls-Boys-1-800x800.png 800w, https:\/\/forbabyboss.com\/wp-content\/uploads\/2021\/01\/Baby-Pram-Buggy-3-in-1-Travel-System-Car-Seat-Pushchair-from-Birth-Girls-Boys-1-400x400.png 400w, https:\/\/forbabyboss.com\/wp-content\/uploads\/2021\/01\/Baby-Pram-Buggy-3-in-1-Travel-System-Car-Seat-Pushchair-from-Birth-Girls-Boys-1-280x280.png 280w, https:\/\/forbabyboss.com\/wp-content\/uploads\/2021\/01\/Baby-Pram-Buggy-3-in-1-Travel-System-Car-Seat-Pushchair-from-Birth-Girls-Boys-1-768x768.png 768w, https:\/\/forbabyboss.com\/wp-content\/uploads\/2021\/01\/Baby-Pram-Buggy-3-in-1-Travel-System-Car-Seat-Pushchair-from-Birth-Girls-Boys-1-1536x1536.png 1536w, https:\/\/forbabyboss.com\/wp-content\/uploads\/2021\/01\/Baby-Pram-Buggy-3-in-1-Travel-System-Car-Seat-Pushchair-from-Birth-Girls-Boys-1-300x300.png 300w, https:\/\/forbabyboss.com\/wp-content\/uploads\/2021\/01\/Baby-Pram-Buggy-3-in-1-Travel-System-Car-Seat-Pushchair-from-Birth-Girls-Boys-1-600x600.png 600w, https:\/\/forbabyboss.com\/wp-content\/uploads\/2021\/01\/Baby-Pram-Buggy-3-in-1-Travel-System-Car-Seat-Pushchair-from-Birth-Girls-Boys-1-100x100.png 100w, https:\/\/forbabyboss.com\/wp-content\/uploads\/2021\/01\/Baby-Pram-Buggy-3-in-1-Travel-System-Car-Seat-Pushchair-from-Birth-Girls-Boys-1.png 1600w\" sizes=\"auto, (max-width: 621px) 100vw, 621px\" \/><\/a><\/div>\n<div><\/div>\n<div>\u00a0 \u00a0 \u00a0 \u00a0 \u00a0 \u00a0 \u00a0 \u00a0 \u00a0 \u00a0 \u00a0 \u00a0 \u00a0 <a href=\"http:\/\/forbabyboss.com\/wp-content\/uploads\/2021\/01\/Baby-Pram-Buggy-3-in-1-Travel-System-Car-Seat-Pushchair-from-Birth-Girls-Boys-2.jpg\"><img loading=\"lazy\" decoding=\"async\" class=\"alignnone wp-image-2511\" src=\"http:\/\/forbabyboss.com\/wp-content\/uploads\/2021\/01\/Baby-Pram-Buggy-3-in-1-Travel-System-Car-Seat-Pushchair-from-Birth-Girls-Boys-2-571x400.jpg\" alt=\"\" width=\"485\" height=\"340\" srcset=\"https:\/\/forbabyboss.com\/wp-content\/uploads\/2021\/01\/Baby-Pram-Buggy-3-in-1-Travel-System-Car-Seat-Pushchair-from-Birth-Girls-Boys-2-571x400.jpg 571w, https:\/\/forbabyboss.com\/wp-content\/uploads\/2021\/01\/Baby-Pram-Buggy-3-in-1-Travel-System-Car-Seat-Pushchair-from-Birth-Girls-Boys-2-768x538.jpg 768w, https:\/\/forbabyboss.com\/wp-content\/uploads\/2021\/01\/Baby-Pram-Buggy-3-in-1-Travel-System-Car-Seat-Pushchair-from-Birth-Girls-Boys-2-600x420.jpg 600w, https:\/\/forbabyboss.com\/wp-content\/uploads\/2021\/01\/Baby-Pram-Buggy-3-in-1-Travel-System-Car-Seat-Pushchair-from-Birth-Girls-Boys-2.jpg 1000w\" sizes=\"auto, (max-width: 485px) 100vw, 485px\" \/><\/a> <a href=\"http:\/\/forbabyboss.com\/wp-content\/uploads\/2021\/01\/Baby-Pram-Buggy-3-in-1-Travel-System-Car-Seat-Pushchair-from-Birth-Girls-Boys-3.png\"><img loading=\"lazy\" decoding=\"async\" class=\"alignnone wp-image-2512\" src=\"http:\/\/forbabyboss.com\/wp-content\/uploads\/2021\/01\/Baby-Pram-Buggy-3-in-1-Travel-System-Car-Seat-Pushchair-from-Birth-Girls-Boys-3-400x400.png\" alt=\"\" width=\"322\" height=\"322\" srcset=\"https:\/\/forbabyboss.com\/wp-content\/uploads\/2021\/01\/Baby-Pram-Buggy-3-in-1-Travel-System-Car-Seat-Pushchair-from-Birth-Girls-Boys-3-400x400.png 400w, https:\/\/forbabyboss.com\/wp-content\/uploads\/2021\/01\/Baby-Pram-Buggy-3-in-1-Travel-System-Car-Seat-Pushchair-from-Birth-Girls-Boys-3-800x800.png 800w, https:\/\/forbabyboss.com\/wp-content\/uploads\/2021\/01\/Baby-Pram-Buggy-3-in-1-Travel-System-Car-Seat-Pushchair-from-Birth-Girls-Boys-3-280x280.png 280w, https:\/\/forbabyboss.com\/wp-content\/uploads\/2021\/01\/Baby-Pram-Buggy-3-in-1-Travel-System-Car-Seat-Pushchair-from-Birth-Girls-Boys-3-768x768.png 768w, https:\/\/forbabyboss.com\/wp-content\/uploads\/2021\/01\/Baby-Pram-Buggy-3-in-1-Travel-System-Car-Seat-Pushchair-from-Birth-Girls-Boys-3-1536x1536.png 1536w, https:\/\/forbabyboss.com\/wp-content\/uploads\/2021\/01\/Baby-Pram-Buggy-3-in-1-Travel-System-Car-Seat-Pushchair-from-Birth-Girls-Boys-3-300x300.png 300w, https:\/\/forbabyboss.com\/wp-content\/uploads\/2021\/01\/Baby-Pram-Buggy-3-in-1-Travel-System-Car-Seat-Pushchair-from-Birth-Girls-Boys-3-600x600.png 600w, https:\/\/forbabyboss.com\/wp-content\/uploads\/2021\/01\/Baby-Pram-Buggy-3-in-1-Travel-System-Car-Seat-Pushchair-from-Birth-Girls-Boys-3-100x100.png 100w, https:\/\/forbabyboss.com\/wp-content\/uploads\/2021\/01\/Baby-Pram-Buggy-3-in-1-Travel-System-Car-Seat-Pushchair-from-Birth-Girls-Boys-3.png 1600w\" sizes=\"auto, (max-width: 322px) 100vw, 322px\" \/><\/a><\/div>\n<div><\/div>\n<div><\/div>\n<div class=\"clearfix\"><span style=\"color: #6e6e6e;\"><b><span style=\"color: #e14d43; font-size: 140%;\">Rom\u00e1ntico 3 en 1<\/span>\u00a0<\/b>El cochecito\/silla de paseo es nuestro modelo cl\u00e1sico, fabricado en respuesta a la alta demanda del mercado.\u00a0<\/span><\/div>\n<div class=\"clearfix\"><span style=\"color: #6e6e6e;\">Este cochecito 3 en 1, con su chasis ligero y ruedas neum\u00e1ticas de 14 pulgadas, tiene un estilo cl\u00e1sico impecable. Incluye una cesta de compras grande, una bolsa adicional (montada en el chasis) y una elegante bolsa est\u00e1ndar. Es seguro, c\u00f3modo y elegante. El capazo se puede usar como cuna, ya que es espacioso y a la vez muy c\u00f3modo.\u00a0<\/span><\/div>\n<div class=\"clearfix\"><span style=\"color: #6e6e6e;\"><b>Rom\u00e1ntico 3 en 1\u00a0<\/b>El cochecito cumple con todas las normas exigidas e incluye funda para la lluvia y mosquitera sin coste adicional.<\/span><\/div>\n<div class=\"clearfix\"><span style=\"color: #6e6e6e; font-size: 95%;\">Este cochecito est\u00e1 fabricado con materiales de alta calidad.<\/span><\/div>\n<div class=\"clearfix\"><span style=\"color: #6e6e6e;\">Ofrece una excelente relaci\u00f3n calidad-precio.<\/span><\/div>\n<div class=\"clearfix\"><span style=\"color: #6e6e6e;\">\u00a0<\/span><\/div>\n<div class=\"clearfix\"><span style=\"color: #6e6e6e;\">\u00a0<\/span><\/div>\n<div class=\"clearfix\">\n<div class=\"clearfix\"><span style=\"color: #e14d43; font-family: Arial;\"><b>BASTIDOR (CHASIS)<\/b><\/span><\/div>\n<div class=\"clearfix\"><span style=\"color: #6e6e6e; font-family: Arial;\">\u2013 suspensiones c\u00f3modas y suaves<\/span><\/div>\n<div class=\"clearfix\"><span style=\"color: #6e6e6e; font-family: Arial;\">\u2013 Altura del mango ajustable (fabricado en cuero ecol\u00f3gico)<\/span><\/div>\n<div class=\"clearfix\"><span style=\"color: #6e6e6e; font-family: Arial;\">\u2013 Neum\u00e1ticos de 14 pulgadas con c\u00e1mara de aire<\/span><\/div>\n<div class=\"clearfix\"><span style=\"color: #6e6e6e; font-family: Arial;\">\u2013 Freno central accionado con el pie con opci\u00f3n de bloqueo.<\/span><\/div>\n<div class=\"clearfix\"><span style=\"color: #6e6e6e; font-family: Arial;\">\u2013 cesta de la compra grande de metal y bolsa peque\u00f1a de cuero (debajo del capazo)<\/span><\/div>\n<div class=\"clearfix\"><span style=\"color: #6e6e6e; font-family: Arial;\">\u00a0<\/span><\/div>\n<div class=\"clearfix\"><span style=\"color: #e14d43; font-family: Arial;\"><b>CUNA (CAUTO)<\/b><\/span><\/div>\n<div class=\"clearfix\"><span style=\"color: #6e6e6e; font-family: Arial;\">\u2013 opci\u00f3n de cuna<\/span><\/div>\n<div class=\"clearfix\">\u2013 funda impermeable<\/div>\n<div class=\"clearfix\"><span style=\"color: #6e6e6e; font-family: Arial;\">\u2013 respaldo ajustable para cochecito<\/span><\/div>\n<div class=\"clearfix\"><span style=\"color: #6e6e6e; font-family: Arial;\">\u2013 reposapi\u00e9s ajustable<\/span><\/div>\n<div class=\"clearfix\"><span style=\"color: #6e6e6e; font-family: Arial;\">\u2013 Arn\u00e9s de seguridad de 5 puntos con hombreras en modo silla de paseo.<\/span><\/div>\n<div class=\"clearfix\"><span style=\"color: #6e6e6e; font-family: Arial;\">\u2013 barra de seguridad (barrera) en el modo cochecito<\/span><\/div>\n<div class=\"clearfix\"><span style=\"color: #6e6e6e; font-family: Arial;\">\u2013 encaja en el marco<\/span><\/div>\n<div class=\"clearfix\"><span style=\"color: #6e6e6e; font-family: Arial;\">\u2013 norma de seguridad: PN-EN 1888:2012<\/span><\/div>\n<div class=\"clearfix\"><span style=\"color: #6e6e6e; font-family: Arial;\">\u00a0<\/span><\/div>\n<div class=\"clearfix\"><span style=\"color: #e14d43; font-family: Arial;\"><b>PIEZA DE COCHECITO (PIEZA DEPORTIVA)<\/b><\/span><\/div>\n<div class=\"clearfix\"><span style=\"color: #6e6e6e; font-family: Arial;\">\u2013 cubierta para el pie<\/span><\/div>\n<div class=\"clearfix\">\u2013 respaldo ajustable para cochecito<\/div>\n<div class=\"clearfix\"><span style=\"color: #6e6e6e; font-family: Arial;\">\u2013 reposapi\u00e9s ajustable<\/span><\/div>\n<div class=\"clearfix\"><span style=\"color: #6e6e6e; font-family: Arial;\">\u2013 Arn\u00e9s de seguridad de 5 puntos con hombreras en modo silla de paseo.<\/span><\/div>\n<div class=\"clearfix\"><span style=\"color: #6e6e6e; font-family: Arial;\">\u2013 barra de seguridad (barrera) en el modo cochecito<\/span><\/div>\n<div class=\"clearfix\"><span style=\"color: #6e6e6e; font-family: Arial;\">\u2013 Se acopla al marco. SILLA DE COCHE (OPCIONAL)<\/span><\/div>\n<div class=\"clearfix\"><span style=\"color: #6e6e6e; font-family: Arial;\">\u2013 La silla de coche combina con el color del cochecito.<\/span><\/div>\n<div class=\"clearfix\"><span style=\"color: #6e6e6e; font-family: Arial;\">\u2013 Arn\u00e9s de seguridad de 3 puntos con hombreras<\/span><\/div>\n<div class=\"clearfix\"><span style=\"color: #6e6e6e; font-family: Arial;\">\u2013 Capota y cubierta desmontables<\/span><\/div>\n<div class=\"clearfix\"><span style=\"color: #6e6e6e; font-family: Arial;\">\u2013 mango ajustable<\/span><\/div>\n<div class=\"clearfix\"><span style=\"color: #6e6e6e; font-family: Arial;\">\u2013 adaptadores que permiten colocar la silla de coche en el chasis del cochecito<\/span><\/div>\n<div class=\"clearfix\"><span style=\"color: #6e6e6e; font-family: Arial;\">\u2013 Una silla de coche es adecuada para ni\u00f1os con un peso de 0 a 11 kg.<\/span><\/div>\n<div class=\"clearfix\"><span style=\"color: #6e6e6e; font-family: Arial;\">\u2013 Norma de seguridad: ECE R44\/04THE\u00a0<\/span><\/div>\n<div class=\"clearfix\"><span style=\"color: #6e6e6e; font-family: Arial;\">\u00a0<\/span><\/div>\n<div class=\"clearfix\"><span style=\"color: #e14d43; font-family: Arial;\"><b>EL PAQUETE INCLUYE:<\/b><\/span><\/div>\n<div class=\"clearfix\"><span style=\"color: #6e6e6e; font-family: Arial;\">-Chasis (estructura) + ruedas grandes + cesta de la compra<\/span><\/div>\n<div class=\"clearfix\"><span style=\"color: #6e6e6e; font-family: Arial;\">-Cuna para cochecito con capota, colch\u00f3n para cochecito y cubrepi\u00e9s para cochecito<\/span><\/div>\n<div class=\"clearfix\"><span style=\"color: #6e6e6e; font-family: Arial;\">-Parte de cochecito con capota y cubrepi\u00e9s<\/span><\/div>\n<div class=\"clearfix\"><span style=\"color: #6e6e6e; font-family: Arial;\">-bolsa cambiador<\/span><\/div>\n<div class=\"clearfix\"><span style=\"color: #6e6e6e; font-family: Arial;\">-Barrera de seguridad para el modo cochecito<\/span><\/div>\n<div class=\"clearfix\"><span style=\"color: #6e6e6e; font-family: Arial;\">-Mosquitera + cambiador + portabotellas + funda para la lluvia incluidos<\/span><\/div>\n<div class=\"clearfix\"><span style=\"color: #6e6e6e; font-family: Arial;\">-Silla de coche con cubrepi\u00e9s (opcional)<\/span><\/div>\n<div class=\"clearfix\"><span style=\"color: #6e6e6e; font-family: Arial;\">-Garant\u00eda de 12 meses\u00a0<\/span><\/div>\n<\/div>\n<\/div>\n<div class=\"clearfix\"><span style=\"color: #6e6e6e;\">\u00a0<\/span><\/div>\n<div class=\"clearfix\">\n<div class=\"clearfix\"><span style=\"color: #e14d43; font-family: Arial; font-size: 115%;\"><b>Dimensiones:<\/b><\/span><\/div>\n<div class=\"clearfix\"><span style=\"color: #6e6e6e; font-family: Arial;\">Chasis plegado (largo\/ancho\/alto): 96 x 62 x 39 cm<\/span><\/div>\n<div class=\"clearfix\"><span style=\"color: #6e6e6e; font-family: Arial;\">Ancho de la silla de paseo: 35 cm<\/span><\/div>\n<div class=\"clearfix\"><span style=\"color: #6e6e6e; font-family: Arial;\">Profundidad de la unidad de cochecito: 25 cm<\/span><\/div>\n<div class=\"clearfix\"><span style=\"color: #6e6e6e; font-family: Arial;\">Altura del respaldo de la silla de paseo: 45 cm<\/span><\/div>\n<div class=\"clearfix\"><span style=\"color: #6e6e6e; font-family: Arial;\">Longitud del reposapi\u00e9s: 20 cm<\/span><\/div>\n<div class=\"clearfix\"><span style=\"color: #6e6e6e; font-family: Arial;\">Longitud del capazo (interior): 77 cm<\/span><\/div>\n<div class=\"clearfix\"><span style=\"color: #6e6e6e; font-family: Arial;\">Ancho del capazo (interior): 35 cm<\/span><\/div>\n<div class=\"clearfix\"><span style=\"color: #6e6e6e; font-family: Arial;\">Altura del capazo (interna): 20 cm<\/span><\/div>\n<div class=\"clearfix\"><span style=\"color: #6e6e6e; font-family: Arial;\">Tama\u00f1o de las ruedas: 14 pulgadas<\/span><\/div>\n<div class=\"clearfix\"><span style=\"color: #6e6e6e; font-family: Arial;\">\u00a0<\/span><\/div>\n<div class=\"clearfix\"><strong><span style=\"color: #e14d43; font-family: Arial;\">Peso:<\/span><\/strong><\/div>\n<div class=\"clearfix\"><span style=\"color: #6e6e6e; font-family: Arial;\">Chasis con ruedas: 10 kg<\/span><\/div>\n<div class=\"clearfix\"><span style=\"color: #6e6e6e; font-family: Arial;\">Capazo y chasis: 15 kg<\/span><\/div>\n<div class=\"clearfix\"><span style=\"color: #6e6e6e; font-family: Arial;\">Silla de paseo y chasis: 15 kg<\/span><\/div>\n<div class=\"clearfix\"><span style=\"color: #6e6e6e; font-family: Arial;\">Capazo: 5 kg<\/span><\/div>\n<div class=\"clearfix\"><span style=\"color: #6e6e6e; font-family: Arial;\">Silla de paseo: 5 kg<\/span><\/div>\n<div><a href=\"http:\/\/forbabyboss.com\/wp-content\/uploads\/2021\/01\/guaranteed-checkout.png\"><img loading=\"lazy\" decoding=\"async\" class=\"size-full wp-image-2467 aligncenter\" src=\"http:\/\/forbabyboss.com\/wp-content\/uploads\/2021\/01\/guaranteed-checkout.png\" alt=\"\" width=\"750\" height=\"276\" srcset=\"https:\/\/forbabyboss.com\/wp-content\/uploads\/2021\/01\/guaranteed-checkout.png 750w, https:\/\/forbabyboss.com\/wp-content\/uploads\/2021\/01\/guaranteed-checkout-600x221.png 600w\" sizes=\"auto, (max-width: 750px) 100vw, 750px\" \/><\/a><\/div>\n<\/div>","protected":false},"excerpt":{"rendered":"<p><img loading=\"lazy\" decoding=\"async\" class=\"size-full wp-image-586 aligncenter\" src=\"http:\/\/forbabyboss.com\/wp-content\/uploads\/2020\/09\/Reviews-2.png\" alt=\"\" width=\"275\" height=\"45\" \/><\/p>\n<p style=\"text-align: center;\"><span style=\"font-size: 120%;\"><span style=\"font-size: 130%;\"><strong>Ahorrar<\/strong><\/span><strong><span style=\"color: #e14d43;\"><span style=\"font-size: 130%;\"> 10%<\/span>\u00a0<\/span><\/strong>Cuando compras\u00a0<strong>HOY<\/strong>!<\/span><\/p>\n<p style=\"text-align: center;\"><span style=\"font-size: 120%;\"><span style=\"color: #000080;\"><strong>Entrega<\/strong><\/span> \u2013 <strong>7 d\u00edas<\/strong><\/span><\/p>","protected":false},"featured_media":2517,"template":"","meta":[],"product_brand":[577],"product_cat":[156,130],"product_tag":[],"class_list":{"0":"post-2516","1":"product","2":"type-product","3":"status-publish","4":"has-post-thumbnail","6":"product_brand-kunert","7":"product_cat-3-in-1","8":"product_cat-prams","10":"first","11":"instock","12":"shipping-taxable","13":"purchasable","14":"product-type-simple"},"yoast_head":"<!-- This site is optimized with the Yoast SEO plugin v27.5 - https:\/\/yoast.com\/product\/yoast-seo-wordpress\/ -->\n<title>3 in 1 Baby Pram Buggy Travel System Car Seat Pushchair from Birth Girls Boys in Grey &amp; Bubbles - For Baby Boss<\/title>\n<meta name=\"robots\" content=\"index, follow, max-snippet:-1, max-image-preview:large, max-video-preview:-1\" \/>\n<link rel=\"canonical\" href=\"https:\/\/forbabyboss.com\/es\/product\/cochecito-de-bebe-3-en-1-sistema-de-viaje-silla-de-coche-silla-de-paseo-desde-el-nacimiento-para-ninas-y-ninos-en-gris-grafito-2\/\" \/>\n<meta property=\"og:locale\" content=\"es_ES\" \/>\n<meta property=\"og:type\" content=\"article\" \/>\n<meta property=\"og:title\" content=\"3 in 1 Baby Pram Buggy Travel System Car Seat Pushchair from Birth Girls Boys in Grey &amp; Bubbles - For Baby Boss\" \/>\n<meta property=\"og:description\" content=\"Save 10%\u00a0when you buy\u00a0TODAY! Delivery \u2013 7\u00a0days\" \/>\n<meta property=\"og:url\" content=\"https:\/\/forbabyboss.com\/es\/product\/cochecito-de-bebe-3-en-1-sistema-de-viaje-silla-de-coche-silla-de-paseo-desde-el-nacimiento-para-ninas-y-ninos-en-gris-grafito-2\/\" \/>\n<meta property=\"og:site_name\" content=\"For Baby Boss\" \/>\n<meta property=\"article:modified_time\" content=\"2026-02-18T20:19:56+00:00\" \/>\n<meta property=\"og:image\" content=\"https:\/\/forbabyboss.com\/wp-content\/uploads\/2021\/01\/Baby-Pram-Buggy-3-in-1-Travel-System-Car-Seat-Pushchair-from-Birth-Girls-Boys-in-Grey-Bubbles-1.png\" \/>\n\t<meta property=\"og:image:width\" content=\"1600\" \/>\n\t<meta property=\"og:image:height\" content=\"1600\" \/>\n\t<meta property=\"og:image:type\" content=\"image\/png\" \/>\n<meta name=\"twitter:card\" content=\"summary_large_image\" \/>\n<meta name=\"twitter:label1\" content=\"Tiempo de lectura\" \/>\n\t<meta name=\"twitter:data1\" content=\"3 minutos\" \/>\n<script type=\"application\/ld+json\" class=\"yoast-schema-graph\">{\"@context\":\"https:\\\/\\\/schema.org\",\"@graph\":[{\"@type\":\"WebPage\",\"@id\":\"https:\\\/\\\/forbabyboss.com\\\/product\\\/baby-pram-buggy-3-in-1-travel-system-car-seat-pushchair-from-birth-girls-boys-in-grey-graphite-copy\\\/\",\"url\":\"https:\\\/\\\/forbabyboss.com\\\/product\\\/baby-pram-buggy-3-in-1-travel-system-car-seat-pushchair-from-birth-girls-boys-in-grey-graphite-copy\\\/\",\"name\":\"3 in 1 Baby Pram Buggy Travel System Car Seat Pushchair from Birth Girls Boys in Grey & Bubbles - For Baby Boss\",\"isPartOf\":{\"@id\":\"https:\\\/\\\/powderblue-seahorse-496884.hostingersite.com\\\/#website\"},\"primaryImageOfPage\":{\"@id\":\"https:\\\/\\\/forbabyboss.com\\\/product\\\/baby-pram-buggy-3-in-1-travel-system-car-seat-pushchair-from-birth-girls-boys-in-grey-graphite-copy\\\/#primaryimage\"},\"image\":{\"@id\":\"https:\\\/\\\/forbabyboss.com\\\/product\\\/baby-pram-buggy-3-in-1-travel-system-car-seat-pushchair-from-birth-girls-boys-in-grey-graphite-copy\\\/#primaryimage\"},\"thumbnailUrl\":\"https:\\\/\\\/forbabyboss.com\\\/wp-content\\\/uploads\\\/2021\\\/01\\\/Baby-Pram-Buggy-3-in-1-Travel-System-Car-Seat-Pushchair-from-Birth-Girls-Boys-in-Grey-Bubbles-1.png\",\"datePublished\":\"2021-01-19T07:44:43+00:00\",\"dateModified\":\"2026-02-18T20:19:56+00:00\",\"breadcrumb\":{\"@id\":\"https:\\\/\\\/forbabyboss.com\\\/product\\\/baby-pram-buggy-3-in-1-travel-system-car-seat-pushchair-from-birth-girls-boys-in-grey-graphite-copy\\\/#breadcrumb\"},\"inLanguage\":\"es\",\"potentialAction\":[{\"@type\":\"ReadAction\",\"target\":[\"https:\\\/\\\/forbabyboss.com\\\/product\\\/baby-pram-buggy-3-in-1-travel-system-car-seat-pushchair-from-birth-girls-boys-in-grey-graphite-copy\\\/\"]}]},{\"@type\":\"ImageObject\",\"inLanguage\":\"es\",\"@id\":\"https:\\\/\\\/forbabyboss.com\\\/product\\\/baby-pram-buggy-3-in-1-travel-system-car-seat-pushchair-from-birth-girls-boys-in-grey-graphite-copy\\\/#primaryimage\",\"url\":\"https:\\\/\\\/forbabyboss.com\\\/wp-content\\\/uploads\\\/2021\\\/01\\\/Baby-Pram-Buggy-3-in-1-Travel-System-Car-Seat-Pushchair-from-Birth-Girls-Boys-in-Grey-Bubbles-1.png\",\"contentUrl\":\"https:\\\/\\\/forbabyboss.com\\\/wp-content\\\/uploads\\\/2021\\\/01\\\/Baby-Pram-Buggy-3-in-1-Travel-System-Car-Seat-Pushchair-from-Birth-Girls-Boys-in-Grey-Bubbles-1.png\",\"width\":1600,\"height\":1600},{\"@type\":\"BreadcrumbList\",\"@id\":\"https:\\\/\\\/forbabyboss.com\\\/product\\\/baby-pram-buggy-3-in-1-travel-system-car-seat-pushchair-from-birth-girls-boys-in-grey-graphite-copy\\\/#breadcrumb\",\"itemListElement\":[{\"@type\":\"ListItem\",\"position\":1,\"name\":\"Home\",\"item\":\"https:\\\/\\\/forbabyboss.com\\\/\"},{\"@type\":\"ListItem\",\"position\":2,\"name\":\"Shop\",\"item\":\"https:\\\/\\\/forbabyboss.com\\\/shop\\\/\"},{\"@type\":\"ListItem\",\"position\":3,\"name\":\"3 in 1 Baby Pram Buggy Travel System Car Seat Pushchair from Birth Girls Boys in Grey &#038; Bubbles\"}]},{\"@type\":\"WebSite\",\"@id\":\"https:\\\/\\\/powderblue-seahorse-496884.hostingersite.com\\\/#website\",\"url\":\"https:\\\/\\\/powderblue-seahorse-496884.hostingersite.com\\\/\",\"name\":\"For Baby Boss\",\"description\":\"Beautiful gifts and accessories for your baby boss\",\"potentialAction\":[{\"@type\":\"SearchAction\",\"target\":{\"@type\":\"EntryPoint\",\"urlTemplate\":\"https:\\\/\\\/powderblue-seahorse-496884.hostingersite.com\\\/?s={search_term_string}\"},\"query-input\":{\"@type\":\"PropertyValueSpecification\",\"valueRequired\":true,\"valueName\":\"search_term_string\"}}],\"inLanguage\":\"es\"}]}<\/script>\n<!-- \/ Yoast SEO plugin. -->","yoast_head_json":{"title":"Cochecito de beb\u00e9 3 en 1 con sistema de viaje, silla de coche y carrito desde el nacimiento para ni\u00f1as y ni\u00f1os en gris y burbujas - Para Baby Boss","robots":{"index":"index","follow":"follow","max-snippet":"max-snippet:-1","max-image-preview":"max-image-preview:large","max-video-preview":"max-video-preview:-1"},"canonical":"https:\/\/forbabyboss.com\/es\/product\/cochecito-de-bebe-3-en-1-sistema-de-viaje-silla-de-coche-silla-de-paseo-desde-el-nacimiento-para-ninas-y-ninos-en-gris-grafito-2\/","og_locale":"es_ES","og_type":"article","og_title":"3 in 1 Baby Pram Buggy Travel System Car Seat Pushchair from Birth Girls Boys in Grey & Bubbles - For Baby Boss","og_description":"Save 10%\u00a0when you buy\u00a0TODAY! Delivery \u2013 7\u00a0days","og_url":"https:\/\/forbabyboss.com\/es\/product\/cochecito-de-bebe-3-en-1-sistema-de-viaje-silla-de-coche-silla-de-paseo-desde-el-nacimiento-para-ninas-y-ninos-en-gris-grafito-2\/","og_site_name":"For Baby Boss","article_modified_time":"2026-02-18T20:19:56+00:00","og_image":[{"width":1600,"height":1600,"url":"https:\/\/forbabyboss.com\/wp-content\/uploads\/2021\/01\/Baby-Pram-Buggy-3-in-1-Travel-System-Car-Seat-Pushchair-from-Birth-Girls-Boys-in-Grey-Bubbles-1.png","type":"image\/png"}],"twitter_card":"summary_large_image","twitter_misc":{"Tiempo de lectura":"3 minutos"},"schema":{"@context":"https:\/\/schema.org","@graph":[{"@type":"WebPage","@id":"https:\/\/forbabyboss.com\/product\/baby-pram-buggy-3-in-1-travel-system-car-seat-pushchair-from-birth-girls-boys-in-grey-graphite-copy\/","url":"https:\/\/forbabyboss.com\/product\/baby-pram-buggy-3-in-1-travel-system-car-seat-pushchair-from-birth-girls-boys-in-grey-graphite-copy\/","name":"Cochecito de beb\u00e9 3 en 1 con sistema de viaje, silla de coche y carrito desde el nacimiento para ni\u00f1as y ni\u00f1os en gris y burbujas - Para Baby Boss","isPartOf":{"@id":"https:\/\/powderblue-seahorse-496884.hostingersite.com\/#website"},"primaryImageOfPage":{"@id":"https:\/\/forbabyboss.com\/product\/baby-pram-buggy-3-in-1-travel-system-car-seat-pushchair-from-birth-girls-boys-in-grey-graphite-copy\/#primaryimage"},"image":{"@id":"https:\/\/forbabyboss.com\/product\/baby-pram-buggy-3-in-1-travel-system-car-seat-pushchair-from-birth-girls-boys-in-grey-graphite-copy\/#primaryimage"},"thumbnailUrl":"https:\/\/forbabyboss.com\/wp-content\/uploads\/2021\/01\/Baby-Pram-Buggy-3-in-1-Travel-System-Car-Seat-Pushchair-from-Birth-Girls-Boys-in-Grey-Bubbles-1.png","datePublished":"2021-01-19T07:44:43+00:00","dateModified":"2026-02-18T20:19:56+00:00","breadcrumb":{"@id":"https:\/\/forbabyboss.com\/product\/baby-pram-buggy-3-in-1-travel-system-car-seat-pushchair-from-birth-girls-boys-in-grey-graphite-copy\/#breadcrumb"},"inLanguage":"es","potentialAction":[{"@type":"ReadAction","target":["https:\/\/forbabyboss.com\/product\/baby-pram-buggy-3-in-1-travel-system-car-seat-pushchair-from-birth-girls-boys-in-grey-graphite-copy\/"]}]},{"@type":"ImageObject","inLanguage":"es","@id":"https:\/\/forbabyboss.com\/product\/baby-pram-buggy-3-in-1-travel-system-car-seat-pushchair-from-birth-girls-boys-in-grey-graphite-copy\/#primaryimage","url":"https:\/\/forbabyboss.com\/wp-content\/uploads\/2021\/01\/Baby-Pram-Buggy-3-in-1-Travel-System-Car-Seat-Pushchair-from-Birth-Girls-Boys-in-Grey-Bubbles-1.png","contentUrl":"https:\/\/forbabyboss.com\/wp-content\/uploads\/2021\/01\/Baby-Pram-Buggy-3-in-1-Travel-System-Car-Seat-Pushchair-from-Birth-Girls-Boys-in-Grey-Bubbles-1.png","width":1600,"height":1600},{"@type":"BreadcrumbList","@id":"https:\/\/forbabyboss.com\/product\/baby-pram-buggy-3-in-1-travel-system-car-seat-pushchair-from-birth-girls-boys-in-grey-graphite-copy\/#breadcrumb","itemListElement":[{"@type":"ListItem","position":1,"name":"Home","item":"https:\/\/forbabyboss.com\/"},{"@type":"ListItem","position":2,"name":"Shop","item":"https:\/\/forbabyboss.com\/shop\/"},{"@type":"ListItem","position":3,"name":"3 in 1 Baby Pram Buggy Travel System Car Seat Pushchair from Birth Girls Boys in Grey &#038; Bubbles"}]},{"@type":"WebSite","@id":"https:\/\/powderblue-seahorse-496884.hostingersite.com\/#website","url":"https:\/\/powderblue-seahorse-496884.hostingersite.com\/","name":"Para el beb\u00e9 jefe","description":"Hermosos regalos y accesorios para tu beb\u00e9 jefe.","potentialAction":[{"@type":"SearchAction","target":{"@type":"EntryPoint","urlTemplate":"https:\/\/powderblue-seahorse-496884.hostingersite.com\/?s={search_term_string}"},"query-input":{"@type":"PropertyValueSpecification","valueRequired":true,"valueName":"search_term_string"}}],"inLanguage":"es"}]}},"_links":{"self":[{"href":"https:\/\/forbabyboss.com\/es\/wp-json\/wp\/v2\/product\/2516","targetHints":{"allow":["GET"]}}],"collection":[{"href":"https:\/\/forbabyboss.com\/es\/wp-json\/wp\/v2\/product"}],"about":[{"href":"https:\/\/forbabyboss.com\/es\/wp-json\/wp\/v2\/types\/product"}],"wp:featuredmedia":[{"embeddable":true,"href":"https:\/\/forbabyboss.com\/es\/wp-json\/wp\/v2\/media\/2517"}],"wp:attachment":[{"href":"https:\/\/forbabyboss.com\/es\/wp-json\/wp\/v2\/media?parent=2516"}],"wp:term":[{"taxonomy":"product_brand","embeddable":true,"href":"https:\/\/forbabyboss.com\/es\/wp-json\/wp\/v2\/product_brand?post=2516"},{"taxonomy":"product_cat","embeddable":true,"href":"https:\/\/forbabyboss.com\/es\/wp-json\/wp\/v2\/product_cat?post=2516"},{"taxonomy":"product_tag","embeddable":true,"href":"https:\/\/forbabyboss.com\/es\/wp-json\/wp\/v2\/product_tag?post=2516"}],"curies":[{"name":"wp","href":"https:\/\/api.w.org\/{rel}","templated":true}]}}