{"id":3971,"date":"2022-09-20T14:19:27","date_gmt":"2022-09-20T14:19:27","guid":{"rendered":"http:\/\/forbabyboss.com\/?post_type=product&#038;p=3971"},"modified":"2023-10-03T11:15:14","modified_gmt":"2023-10-03T11:15:14","slug":"cochecito-de-bebe-sistema-de-viaje-4-en-1-color-beige","status":"publish","type":"product","link":"https:\/\/forbabyboss.com\/es\/product\/baby-pram-pushchair-travel-system-4in1-bw1-beige\/","title":{"rendered":"Cochecito de beb\u00e9 y silla de paseo 4 en 1 \u2013 BW1 Beige"},"content":{"rendered":"<h1 style=\"text-align: left;\"><span style=\"color: #e14d43;\"><strong><span style=\"font-size: 120%;\">Sistema de viaje de lujo Bavaria Baby 3 en 1 con cochecito, silla de coche y fundas para la lluvia.<\/span><\/strong><\/span><\/h1>\n<p style=\"text-align: justify;\"><strong><span style=\"color: #000000;\">BAVARIO es un moderno sistema de viaje multifuncional dise\u00f1ado para padres que buscan un producto duradero. Seg\u00fan las necesidades y la edad del ni\u00f1o, Bavario funciona como cochecito o silla de paseo. Dise\u00f1ado para transportar a tu beb\u00e9 o ni\u00f1o peque\u00f1o con comodidad desde el nacimiento hasta los 3 a\u00f1os o de 0 a 15 kg.<\/span><\/strong><\/p>\n<p style=\"text-align: justify;\" align=\"center\"><strong><span style=\"font-size: medium; color: #000000;\">Fabricado en Europa con materiales de alta calidad, estructura ligera de aluminio\/acero y dise\u00f1o de estilo moderno.<\/span><\/strong><\/p>\n<p style=\"text-align: justify;\" align=\"center\"><strong><span style=\"font-size: medium; color: #000000;\">Norma europea de seguridad EN 1888:2004.<\/span><\/strong><\/p>\n<p style=\"text-align: justify;\" align=\"center\"><strong><span style=\"font-size: medium; color: #000000;\">Su chasis ligero de aluminio y acero, con amortiguador ajustable, facilita enormemente la conducci\u00f3n.<br \/>\n<\/span><\/strong><\/p>\n<p style=\"text-align: justify;\" align=\"center\"><strong><span style=\"font-size: medium; color: #000000;\">El revestimiento del carrito est\u00e1 fabricado con materiales impregnados de la m\u00e1s alta calidad, aptos para ni\u00f1os. Estos materiales no se decoloran, son impermeables y proporcionan una temperatura ambiente ideal seg\u00fan las condiciones clim\u00e1ticas. El interior y la funda, extra\u00edbles, est\u00e1n rellenos de algod\u00f3n hipoalerg\u00e9nico.\u00a0<\/span><\/strong><\/p>\n<h1 style=\"text-align: justify;\" align=\"center\"><span style=\"color: #e14d43;\"><strong><span style=\"font-size: medium;\">Caracter\u00edsticas del producto<span style=\"color: #000000;\">:<\/span><\/span><\/strong><\/span><\/h1>\n<ul>\n<li style=\"text-align: left;\"><strong><span style=\"font-size: medium; color: #000000;\">Sistema de viaje 3 en 1<br \/>\n<\/span><\/strong><\/li>\n<li style=\"text-align: left;\"><strong><span style=\"font-size: medium; color: #000000;\">Estructura s\u00f3lida y ligera de aluminio y acero;<br \/>\n<\/span><\/strong><\/li>\n<li style=\"text-align: left;\"><strong><span style=\"font-size: medium; color: #000000;\">Amortiguadores ajustables<\/span><\/strong><\/li>\n<li style=\"text-align: left;\"><strong><span style=\"font-size: medium; color: #000000;\">Sistema de plegado de marco sencillo<\/span><\/strong><\/li>\n<\/ul>\n<h1><strong><span style=\"font-size: medium; color: #000000;\"><span style=\"color: #e14d43; font-size: 100%;\">Cochecito<\/span>:<\/span><\/strong><\/h1>\n<ul>\n<li style=\"text-align: justify;\"><strong><span style=\"font-size: medium; color: #000000;\">Capota ajustable \/ Revestimiento de lujo \/ Cubierta \/ Parachoques desmontable<br \/>\n<\/span><\/strong><\/li>\n<li style=\"text-align: justify;\"><strong><span style=\"font-size: medium; color: #000000;\">El interior est\u00e1 hecho de algod\u00f3n hipoalerg\u00e9nico apto para ni\u00f1os y transpirable.<br \/>\n<\/span><\/strong><\/li>\n<li style=\"text-align: justify;\"><strong><span style=\"font-size: medium; color: #000000;\">Ruedas delanteras con rodamientos, bloqueables, giratorias 360\u00b0 y con sistema de inflado.,<br \/>\n<\/span><\/strong><\/li>\n<li style=\"text-align: justify;\"><strong><span style=\"font-size: medium; color: #000000;\">Freno central \u201cparar y arrancar\u201d;<br \/>\n<\/span><\/strong><\/li>\n<li style=\"text-align: justify;\"><strong><span style=\"font-size: medium; color: #000000;\">Capota desmontable para una mejor protecci\u00f3n solar en la unidad de asiento;<br \/>\n<\/span><\/strong><\/li>\n<li style=\"text-align: justify;\"><strong><span style=\"font-size: medium; color: #000000;\">Capazo forrado con un colch\u00f3n grueso y suave,<br \/>\n<\/span><\/strong><\/li>\n<li style=\"text-align: justify;\"><strong><span style=\"font-size: medium; color: #000000;\">Capazo y capota del asiento ventilados;<br \/>\n<\/span><\/strong><\/li>\n<li style=\"text-align: justify;\"><strong><span style=\"font-size: medium; color: #000000;\">Asa ajustable de 4 puntos revestida de cuero ecol\u00f3gico;<br \/>\n<\/span><\/strong><\/li>\n<li style=\"text-align: justify;\"><strong><span style=\"font-size: medium; color: #000000;\">Sistema orientado hacia adelante y hacia atr\u00e1s,<\/span><\/strong><\/li>\n<\/ul>\n<h1><strong><span style=\"font-size: medium; color: #000000;\"><span style=\"color: #e14d43; font-size: 100%;\">Paseante<\/span>:<\/span><\/strong><\/h1>\n<ul>\n<li style=\"text-align: justify;\"><strong><span style=\"font-size: medium; color: #000000;\">Equipado con reposapi\u00e9s y respaldo ajustables;<br \/>\n<\/span><\/strong><\/li>\n<li style=\"text-align: justify;\"><strong><span style=\"font-size: medium; color: #000000;\">Parachoques extra\u00edble<u><\/u><br \/>\n<\/span><\/strong><\/li>\n<li style=\"text-align: justify;\"><strong><span style=\"font-size: medium; color: #000000;\">Panel de vista para padres con mosquitero en todo el per\u00edmetro.,<br \/>\n<\/span><\/strong><\/li>\n<li style=\"text-align: justify;\"><strong><span style=\"font-size: medium; color: #000000;\">M\u00faltiples posiciones de reclinaci\u00f3n<\/span><\/strong><\/li>\n<li style=\"text-align: justify;\"><strong><span style=\"font-size: medium; color: #000000;\">Funda extra\u00edble<u><\/u><br \/>\n<\/span><\/strong><\/li>\n<li style=\"text-align: justify;\"><strong><span style=\"font-size: medium; color: #000000;\">Unidad de asiento reversible para modo de visi\u00f3n parental<br \/>\n<\/span><\/strong><\/li>\n<li style=\"text-align: justify;\"><strong><span style=\"font-size: medium; color: #000000;\">Arn\u00e9s de cinco puntos;<\/span><\/strong><\/li>\n<\/ul>\n<h1><strong><span style=\"font-size: medium; color: #000000;\"><span style=\"font-size: 100%; color: #e14d43;\">Asiento de coche c\u00f3modo<\/span>:<\/span><\/strong><\/h1>\n<ul>\n<li style=\"text-align: justify;\"><strong><span style=\"font-size: medium; color: #000000;\">Grupo 0-10 kg:<br \/>\n<\/span><\/strong><\/li>\n<li style=\"text-align: justify;\"><strong><span style=\"font-size: medium; color: #000000;\">Homologaci\u00f3n europea ECE R44\/04<br \/>\n<\/span><\/strong><\/li>\n<li style=\"text-align: justify;\"><strong><span style=\"font-size: medium; color: #000000;\">Montado en el chasis del cochecito<br \/>\n<\/span><\/strong><\/li>\n<li style=\"text-align: justify;\"><strong><span style=\"font-size: medium; color: #000000;\">arn\u00e9s de 3 puntos<br \/>\n<\/span><\/strong><\/li>\n<li style=\"text-align: justify;\"><strong><span style=\"font-size: medium; color: #000000;\">Asa ajustable para transportar<br \/>\n<\/span><\/strong><\/li>\n<li style=\"text-align: justify;\"><strong><span style=\"font-size: medium; color: #000000;\">Funda extra\u00edble<br \/>\n<\/span><\/strong><\/li>\n<li style=\"text-align: justify;\"><strong><span style=\"font-size: medium; color: #000000;\">Cinturones de seguridad ajustables en altura<br \/>\n<\/span><\/strong><\/li>\n<li style=\"text-align: justify;\"><strong><span style=\"font-size: medium; color: #000000;\">Modo orientado hacia adelante o hacia atr\u00e1s<\/span><\/strong><\/li>\n<li style=\"text-align: justify;\"><strong><span style=\"font-size: medium; color: #000000;\">La opci\u00f3n de usar la silla de coche como cuna<\/span><\/strong><\/li>\n<\/ul>\n<h1 style=\"text-align: left;\" align=\"center\"><strong><span style=\"color: #000000; font-size: large;\"><span style=\"font-size: 100%; color: #e14d43;\">Precio incluido<\/span>:<\/span><\/strong><\/h1>\n<p style=\"text-align: left;\" align=\"center\"><strong><span style=\"font-size: medium; color: #000000;\">Estructura de aluminio y acero<br \/>\n<\/span><\/strong><\/p>\n<p style=\"text-align: left;\" align=\"center\"><strong><span style=\"font-size: medium; color: #000000;\">Capazo<br \/>\n<\/span><\/strong><\/p>\n<p style=\"text-align: left;\" align=\"center\"><strong><span style=\"font-size: medium; color: #000000;\">cochecito<br \/>\n<\/span><\/strong><\/p>\n<p style=\"text-align: left;\" align=\"center\"><strong><span style=\"font-size: medium; color: #000000;\">Funda y colch\u00f3n<br \/>\n<\/span><\/strong><\/p>\n<p style=\"text-align: left;\" align=\"center\"><strong><span style=\"font-size: medium; color: #000000;\">Funda para los pies<br \/>\n<\/span><\/strong><\/p>\n<p style=\"text-align: left;\" align=\"center\"><strong><span style=\"font-size: medium; color: #000000;\">Asiento de coche<br \/>\n<\/span><\/strong><\/p>\n<p style=\"text-align: left;\" align=\"center\"><strong><span style=\"font-size: medium; color: #000000;\">Capota y funda para el asiento del coche<br \/>\n<\/span><\/strong><\/p>\n<p style=\"text-align: left;\" align=\"center\"><strong><span style=\"font-size: medium; color: #000000;\">Parachoques extra\u00edble<br \/>\n<\/span><\/strong><\/p>\n<p style=\"text-align: left;\" align=\"center\"><strong><span style=\"font-size: medium; color: #000000;\">2 fundas para la lluvia<br \/>\n<\/span><\/strong><\/p>\n<p style=\"text-align: left;\" align=\"center\"><strong><span style=\"font-size: medium; color: #000000;\">Bolsa para accesorios con correa para el hombro<br \/>\n<\/span><\/strong><\/p>\n<p style=\"text-align: left;\" align=\"center\"><strong><span style=\"font-size: medium; color: #000000;\">Cesta de la compra<br \/>\n<\/span><\/strong><\/p>\n<p style=\"text-align: left;\" align=\"center\"><strong><span style=\"font-size: medium; color: #000000;\">BASE ISOFIX \u2013 opcional<\/span><\/strong><\/p>\n<p><strong><span style=\"color: #000000;\"><span style=\"font-size: medium;\"><span style=\"color: #e14d43;\">Datos t\u00e9cnicos<\/span>:<\/span><\/span><\/strong><\/p>\n<div style=\"text-align: justify;\"><strong><span style=\"font-size: medium; color: #000000;\"><span style=\"color: #e14d43;\">Capazo<\/span><br \/>\n\u2013 peso \u2013 4,5 kg<br \/>\n\u2013 Peso total del cochecito: 14,5 kg<br \/>\n\u2013 Chasis con capazo: 115 cm de alto x 60 cm de ancho x 110 cm de largo<br \/>\n\u2013 Medidas internas: Ancho 38 cm x Largo 80 cm x Profundidad 20 cm<br \/>\n<\/span><\/strong><\/div>\n<div><\/div>\n<div style=\"text-align: justify;\"><strong><span style=\"font-size: medium; color: #000000;\"><span style=\"color: #e14d43;\">cochecito<\/span>:<br \/>\n<\/span><\/strong><\/div>\n<div style=\"text-align: justify;\"><strong><span style=\"font-size: medium; color: #000000;\">\u2013 cuadro con ruedas: 15,5 kg<\/span><\/strong><\/div>\n<div style=\"text-align: justify;\"><strong><span style=\"color: #000000;\"><span style=\"font-size: medium;\">\u2013 Asiento: Alto 38 cm, Ancho 34 cm, Profundidad 30 cm<br \/>\n\u2013 Dimensiones del cochecito: Alto 114 cm x Ancho 60 cm x Largo 90 cm<br \/>\n<\/span><\/span><\/strong><\/div>\n<div><\/div>\n<div style=\"text-align: justify;\"><strong><span style=\"color: #000000;\"><span style=\"font-size: medium;\"><span style=\"color: #e14d43;\">Asiento de coche<\/span><\/span><\/span><\/strong><\/div>\n<div style=\"text-align: justify;\"><strong><span style=\"color: #000000;\"><span style=\"font-size: medium;\">Peso: 4,8 kg<br \/>\n<\/span><\/span><\/strong><\/div>\n<div style=\"text-align: justify;\"><strong><span style=\"color: #000000;\"><span style=\"font-size: medium;\">\u2013 Silla de coche con estructura y ruedas: 14,8 kg<\/span><span style=\"font-size: medium;\"><br \/>\n\u2013 Chasis con asiento para coche: Alto 108 cm x Ancho 63 cm x Largo 84 cm<br \/>\n<\/span><\/span><\/strong><\/div>\n<div><\/div>\n<div style=\"text-align: justify;\"><strong><span style=\"color: #000000;\"><span style=\"font-size: medium;\"><span style=\"color: #e14d43;\">Marco<\/span><\/span><\/span><\/strong><\/div>\n<div style=\"text-align: justify;\"><strong><span style=\"color: #000000;\"><span style=\"font-size: medium;\">\u2013 cuadro con ruedas: 10 kg<br \/>\n\u2013 Di\u00e1metro de las ruedas: delanteras 25 cm, traseras 31 cm<\/span><\/span><\/strong><\/div>\n<div style=\"text-align: justify;\"><strong><span style=\"font-size: medium; color: #000000;\">\u2013 F\u00e1cil plegado: 30 cm de alto x 60 cm de ancho x 90 cm de largo<\/span><\/strong><\/div>\n<div><a href=\"http:\/\/forbabyboss.com\/wp-content\/uploads\/2022\/09\/checkout.png\"><img loading=\"lazy\" decoding=\"async\" class=\"alignnone size-full wp-image-5965\" src=\"http:\/\/forbabyboss.com\/wp-content\/uploads\/2022\/09\/checkout.png\" alt=\"\" width=\"750\" height=\"276\" srcset=\"https:\/\/forbabyboss.com\/wp-content\/uploads\/2022\/09\/checkout.png 750w, https:\/\/forbabyboss.com\/wp-content\/uploads\/2022\/09\/checkout-600x221.png 600w\" sizes=\"auto, (max-width: 750px) 100vw, 750px\" \/><\/a><\/div>","protected":false},"excerpt":{"rendered":"<p><a href=\"http:\/\/forbabyboss.com\/wp-content\/uploads\/2022\/09\/Star-Rating-5.png\"><img loading=\"lazy\" decoding=\"async\" class=\"alignnone size-full wp-image-5973 aligncenter\" src=\"http:\/\/forbabyboss.com\/wp-content\/uploads\/2022\/09\/Star-Rating-5.png\" alt=\"\" width=\"275\" height=\"45\" \/><\/a><\/p>\n<p style=\"text-align: center;\"><span style=\"color: #e14d43;\"><strong>GARANT\u00cdA DE IGUALACI\u00d3N DE PRECIOS<\/strong><\/span><\/p>\n<p style=\"text-align: center;\"><span style=\"font-weight: 400; color: #003366;\">Env\u00edo gratuito<\/span><span style=\"font-weight: 400;\"> \u2013 2 \u2013 7 d\u00edas<\/span><\/p>\n<p style=\"text-align: center;\"><span style=\"color: #008000;\"><strong>Regalo gratis con compras superiores a 100 \u00a3<\/strong><\/span><\/p>","protected":false},"featured_media":3972,"template":"","meta":[],"product_brand":[],"product_cat":[337,156,197,305,130,209,211],"product_tag":[163,200,171],"class_list":{"0":"post-3971","1":"product","2":"type-product","3":"status-publish","4":"has-post-thumbnail","6":"product_cat-500-to-600","7":"product_cat-3-in-1","8":"product_cat-4-in-1-pram","9":"product_cat-colour","10":"product_cat-prams","11":"product_cat-push-chairs","12":"product_cat-stroller","13":"product_tag-3-in-1-prams","14":"product_tag-4-in-1-pram","15":"product_tag-pram","17":"first","18":"instock","19":"sale","20":"shipping-taxable","21":"purchasable","22":"product-type-simple"},"yoast_head":"<!-- This site is optimized with the Yoast SEO plugin v27.5 - https:\/\/yoast.com\/product\/yoast-seo-wordpress\/ -->\n<title>Baby Pram Pushchair Travel System 4in1 - BW1 Beige - For Baby Boss<\/title>\n<meta name=\"description\" content=\"Baby Pram Pushchair Travel System 4in1 - BW1 Beige\" \/>\n<meta name=\"robots\" content=\"index, follow, max-snippet:-1, max-image-preview:large, max-video-preview:-1\" \/>\n<link rel=\"canonical\" href=\"https:\/\/forbabyboss.com\/es\/product\/cochecito-de-bebe-sistema-de-viaje-4-en-1-color-beige\/\" \/>\n<meta property=\"og:locale\" content=\"es_ES\" \/>\n<meta property=\"og:type\" content=\"article\" \/>\n<meta property=\"og:title\" content=\"Baby Pram Pushchair Travel System 4in1 - BW1 Beige - For Baby Boss\" \/>\n<meta property=\"og:description\" content=\"Baby Pram Pushchair Travel System 4in1 - BW1 Beige\" \/>\n<meta property=\"og:url\" content=\"https:\/\/forbabyboss.com\/es\/product\/cochecito-de-bebe-sistema-de-viaje-4-en-1-color-beige\/\" \/>\n<meta property=\"og:site_name\" content=\"For Baby Boss\" \/>\n<meta property=\"article:modified_time\" content=\"2023-10-03T11:15:14+00:00\" \/>\n<meta property=\"og:image\" content=\"https:\/\/forbabyboss.com\/wp-content\/uploads\/2022\/09\/Baby-Pram-Pushchair-Buggy-Stroller-Car-Seat-ISOFIX-Travel-System-3in1-4in1-BW1-Beige.jpg\" \/>\n\t<meta property=\"og:image:width\" content=\"1200\" \/>\n\t<meta property=\"og:image:height\" content=\"900\" \/>\n\t<meta property=\"og:image:type\" content=\"image\/jpeg\" \/>\n<meta name=\"twitter:card\" content=\"summary_large_image\" \/>\n<meta name=\"twitter:label1\" content=\"Tiempo de lectura\" \/>\n\t<meta name=\"twitter:data1\" content=\"3 minutos\" \/>\n<script type=\"application\/ld+json\" class=\"yoast-schema-graph\">{\"@context\":\"https:\\\/\\\/schema.org\",\"@graph\":[{\"@type\":\"WebPage\",\"@id\":\"https:\\\/\\\/forbabyboss.com\\\/product\\\/baby-pram-pushchair-travel-system-4in1-bw1-beige\\\/\",\"url\":\"https:\\\/\\\/forbabyboss.com\\\/product\\\/baby-pram-pushchair-travel-system-4in1-bw1-beige\\\/\",\"name\":\"Baby Pram Pushchair Travel System 4in1 - BW1 Beige - For Baby Boss\",\"isPartOf\":{\"@id\":\"https:\\\/\\\/powderblue-seahorse-496884.hostingersite.com\\\/#website\"},\"primaryImageOfPage\":{\"@id\":\"https:\\\/\\\/forbabyboss.com\\\/product\\\/baby-pram-pushchair-travel-system-4in1-bw1-beige\\\/#primaryimage\"},\"image\":{\"@id\":\"https:\\\/\\\/forbabyboss.com\\\/product\\\/baby-pram-pushchair-travel-system-4in1-bw1-beige\\\/#primaryimage\"},\"thumbnailUrl\":\"https:\\\/\\\/forbabyboss.com\\\/wp-content\\\/uploads\\\/2022\\\/09\\\/Baby-Pram-Pushchair-Buggy-Stroller-Car-Seat-ISOFIX-Travel-System-3in1-4in1-BW1-Beige.jpg\",\"datePublished\":\"2022-09-20T14:19:27+00:00\",\"dateModified\":\"2023-10-03T11:15:14+00:00\",\"description\":\"Baby Pram Pushchair Travel System 4in1 - BW1 Beige\",\"breadcrumb\":{\"@id\":\"https:\\\/\\\/forbabyboss.com\\\/product\\\/baby-pram-pushchair-travel-system-4in1-bw1-beige\\\/#breadcrumb\"},\"inLanguage\":\"es\",\"potentialAction\":[{\"@type\":\"ReadAction\",\"target\":[\"https:\\\/\\\/forbabyboss.com\\\/product\\\/baby-pram-pushchair-travel-system-4in1-bw1-beige\\\/\"]}]},{\"@type\":\"ImageObject\",\"inLanguage\":\"es\",\"@id\":\"https:\\\/\\\/forbabyboss.com\\\/product\\\/baby-pram-pushchair-travel-system-4in1-bw1-beige\\\/#primaryimage\",\"url\":\"https:\\\/\\\/forbabyboss.com\\\/wp-content\\\/uploads\\\/2022\\\/09\\\/Baby-Pram-Pushchair-Buggy-Stroller-Car-Seat-ISOFIX-Travel-System-3in1-4in1-BW1-Beige.jpg\",\"contentUrl\":\"https:\\\/\\\/forbabyboss.com\\\/wp-content\\\/uploads\\\/2022\\\/09\\\/Baby-Pram-Pushchair-Buggy-Stroller-Car-Seat-ISOFIX-Travel-System-3in1-4in1-BW1-Beige.jpg\",\"width\":1200,\"height\":900},{\"@type\":\"BreadcrumbList\",\"@id\":\"https:\\\/\\\/forbabyboss.com\\\/product\\\/baby-pram-pushchair-travel-system-4in1-bw1-beige\\\/#breadcrumb\",\"itemListElement\":[{\"@type\":\"ListItem\",\"position\":1,\"name\":\"Home\",\"item\":\"https:\\\/\\\/forbabyboss.com\\\/\"},{\"@type\":\"ListItem\",\"position\":2,\"name\":\"Shop\",\"item\":\"https:\\\/\\\/forbabyboss.com\\\/shop\\\/\"},{\"@type\":\"ListItem\",\"position\":3,\"name\":\"Baby Pram Pushchair Travel System 4in1 &#8211; BW1 Beige\"}]},{\"@type\":\"WebSite\",\"@id\":\"https:\\\/\\\/powderblue-seahorse-496884.hostingersite.com\\\/#website\",\"url\":\"https:\\\/\\\/powderblue-seahorse-496884.hostingersite.com\\\/\",\"name\":\"For Baby Boss\",\"description\":\"Beautiful gifts and accessories for your baby boss\",\"potentialAction\":[{\"@type\":\"SearchAction\",\"target\":{\"@type\":\"EntryPoint\",\"urlTemplate\":\"https:\\\/\\\/powderblue-seahorse-496884.hostingersite.com\\\/?s={search_term_string}\"},\"query-input\":{\"@type\":\"PropertyValueSpecification\",\"valueRequired\":true,\"valueName\":\"search_term_string\"}}],\"inLanguage\":\"es\"}]}<\/script>\n<!-- \/ Yoast SEO plugin. -->","yoast_head_json":{"title":"Sistema de viaje 4 en 1 para cochecito de beb\u00e9 - BW1 Beige - Para Baby Boss","description":"Cochecito de beb\u00e9 y silla de paseo 4 en 1 - BW1 Beige","robots":{"index":"index","follow":"follow","max-snippet":"max-snippet:-1","max-image-preview":"max-image-preview:large","max-video-preview":"max-video-preview:-1"},"canonical":"https:\/\/forbabyboss.com\/es\/product\/cochecito-de-bebe-sistema-de-viaje-4-en-1-color-beige\/","og_locale":"es_ES","og_type":"article","og_title":"Baby Pram Pushchair Travel System 4in1 - BW1 Beige - For Baby Boss","og_description":"Baby Pram Pushchair Travel System 4in1 - BW1 Beige","og_url":"https:\/\/forbabyboss.com\/es\/product\/cochecito-de-bebe-sistema-de-viaje-4-en-1-color-beige\/","og_site_name":"For Baby Boss","article_modified_time":"2023-10-03T11:15:14+00:00","og_image":[{"width":1200,"height":900,"url":"https:\/\/forbabyboss.com\/wp-content\/uploads\/2022\/09\/Baby-Pram-Pushchair-Buggy-Stroller-Car-Seat-ISOFIX-Travel-System-3in1-4in1-BW1-Beige.jpg","type":"image\/jpeg"}],"twitter_card":"summary_large_image","twitter_misc":{"Tiempo de lectura":"3 minutos"},"schema":{"@context":"https:\/\/schema.org","@graph":[{"@type":"WebPage","@id":"https:\/\/forbabyboss.com\/product\/baby-pram-pushchair-travel-system-4in1-bw1-beige\/","url":"https:\/\/forbabyboss.com\/product\/baby-pram-pushchair-travel-system-4in1-bw1-beige\/","name":"Sistema de viaje 4 en 1 para cochecito de beb\u00e9 - BW1 Beige - Para Baby Boss","isPartOf":{"@id":"https:\/\/powderblue-seahorse-496884.hostingersite.com\/#website"},"primaryImageOfPage":{"@id":"https:\/\/forbabyboss.com\/product\/baby-pram-pushchair-travel-system-4in1-bw1-beige\/#primaryimage"},"image":{"@id":"https:\/\/forbabyboss.com\/product\/baby-pram-pushchair-travel-system-4in1-bw1-beige\/#primaryimage"},"thumbnailUrl":"https:\/\/forbabyboss.com\/wp-content\/uploads\/2022\/09\/Baby-Pram-Pushchair-Buggy-Stroller-Car-Seat-ISOFIX-Travel-System-3in1-4in1-BW1-Beige.jpg","datePublished":"2022-09-20T14:19:27+00:00","dateModified":"2023-10-03T11:15:14+00:00","description":"Cochecito de beb\u00e9 y silla de paseo 4 en 1 - BW1 Beige","breadcrumb":{"@id":"https:\/\/forbabyboss.com\/product\/baby-pram-pushchair-travel-system-4in1-bw1-beige\/#breadcrumb"},"inLanguage":"es","potentialAction":[{"@type":"ReadAction","target":["https:\/\/forbabyboss.com\/product\/baby-pram-pushchair-travel-system-4in1-bw1-beige\/"]}]},{"@type":"ImageObject","inLanguage":"es","@id":"https:\/\/forbabyboss.com\/product\/baby-pram-pushchair-travel-system-4in1-bw1-beige\/#primaryimage","url":"https:\/\/forbabyboss.com\/wp-content\/uploads\/2022\/09\/Baby-Pram-Pushchair-Buggy-Stroller-Car-Seat-ISOFIX-Travel-System-3in1-4in1-BW1-Beige.jpg","contentUrl":"https:\/\/forbabyboss.com\/wp-content\/uploads\/2022\/09\/Baby-Pram-Pushchair-Buggy-Stroller-Car-Seat-ISOFIX-Travel-System-3in1-4in1-BW1-Beige.jpg","width":1200,"height":900},{"@type":"BreadcrumbList","@id":"https:\/\/forbabyboss.com\/product\/baby-pram-pushchair-travel-system-4in1-bw1-beige\/#breadcrumb","itemListElement":[{"@type":"ListItem","position":1,"name":"Home","item":"https:\/\/forbabyboss.com\/"},{"@type":"ListItem","position":2,"name":"Shop","item":"https:\/\/forbabyboss.com\/shop\/"},{"@type":"ListItem","position":3,"name":"Baby Pram Pushchair Travel System 4in1 &#8211; BW1 Beige"}]},{"@type":"WebSite","@id":"https:\/\/powderblue-seahorse-496884.hostingersite.com\/#website","url":"https:\/\/powderblue-seahorse-496884.hostingersite.com\/","name":"Para el beb\u00e9 jefe","description":"Hermosos regalos y accesorios para tu beb\u00e9 jefe.","potentialAction":[{"@type":"SearchAction","target":{"@type":"EntryPoint","urlTemplate":"https:\/\/powderblue-seahorse-496884.hostingersite.com\/?s={search_term_string}"},"query-input":{"@type":"PropertyValueSpecification","valueRequired":true,"valueName":"search_term_string"}}],"inLanguage":"es"}]}},"_links":{"self":[{"href":"https:\/\/forbabyboss.com\/es\/wp-json\/wp\/v2\/product\/3971","targetHints":{"allow":["GET"]}}],"collection":[{"href":"https:\/\/forbabyboss.com\/es\/wp-json\/wp\/v2\/product"}],"about":[{"href":"https:\/\/forbabyboss.com\/es\/wp-json\/wp\/v2\/types\/product"}],"wp:featuredmedia":[{"embeddable":true,"href":"https:\/\/forbabyboss.com\/es\/wp-json\/wp\/v2\/media\/3972"}],"wp:attachment":[{"href":"https:\/\/forbabyboss.com\/es\/wp-json\/wp\/v2\/media?parent=3971"}],"wp:term":[{"taxonomy":"product_brand","embeddable":true,"href":"https:\/\/forbabyboss.com\/es\/wp-json\/wp\/v2\/product_brand?post=3971"},{"taxonomy":"product_cat","embeddable":true,"href":"https:\/\/forbabyboss.com\/es\/wp-json\/wp\/v2\/product_cat?post=3971"},{"taxonomy":"product_tag","embeddable":true,"href":"https:\/\/forbabyboss.com\/es\/wp-json\/wp\/v2\/product_tag?post=3971"}],"curies":[{"name":"wp","href":"https:\/\/api.w.org\/{rel}","templated":true}]}}