{"id":3996,"date":"2022-09-20T15:10:04","date_gmt":"2022-09-20T15:10:04","guid":{"rendered":"http:\/\/forbabyboss.com\/?post_type=product&#038;p=3996"},"modified":"2023-10-03T11:15:08","modified_gmt":"2023-10-03T11:15:08","slug":"cochecito-de-bebe-silla-de-paseo-sistema-de-viaje-moderno-4-en-1-12-rayas-beige","status":"publish","type":"product","link":"https:\/\/forbabyboss.com\/es\/product\/baby-pram-pushchair-modern-travel-system-4-in-1-12-beige-stripes\/","title":{"rendered":"Cochecito de beb\u00e9, silla de paseo, sistema de viaje moderno 4 en 1 \u2013 12 Beige \u2013 Rayas"},"content":{"rendered":"<h1 style=\"text-align: left;\"><span style=\"color: #e14d43; font-size: 110%;\"><strong>Sistema de viaje de lujo NEXXO Baby 3 en 1: cochecito, silla de coche y fundas para la lluvia.<\/strong><\/span><\/h1>\n<p style=\"text-align: left;\"><span style=\"font-size: 110%;\"><strong><span style=\"color: #282828;\">NEXXO es un moderno sistema de viaje multifuncional dise\u00f1ado para padres que buscan un producto duradero. Seg\u00fan las necesidades y la edad del ni\u00f1o, Nexxo funciona como cochecito o silla de paseo. Dise\u00f1ado para transportar a tu beb\u00e9 o ni\u00f1o peque\u00f1o con comodidad desde el nacimiento hasta los 3 a\u00f1os o de 0 a 15 kg.<\/span><\/strong><\/span><\/p>\n<p style=\"text-align: left;\"><span style=\"font-size: 110%;\"><strong><span style=\"color: #282828;\">Fabricado en Europa con materiales de alta calidad, estructura de aluminio ligero y dise\u00f1o de estilo moderno.<\/span><\/strong><\/span><\/p>\n<p style=\"text-align: left;\" align=\"center\"><span style=\"font-size: 110%;\"><strong><span style=\"color: #282828;\">Su chasis ligero de aluminio con amortiguador ajustable facilita enormemente la conducci\u00f3n.<br \/>\n<\/span><\/strong><\/span><\/p>\n<p style=\"text-align: left;\" align=\"center\"><span style=\"font-size: 110%;\"><strong><span style=\"color: #282828;\">El revestimiento del carrito est\u00e1 fabricado con materiales impregnados de la m\u00e1s alta calidad, aptos para ni\u00f1os. Estos materiales no se decoloran, son impermeables y proporcionan una temperatura ambiente ideal seg\u00fan las condiciones clim\u00e1ticas. El interior y la funda, extra\u00edbles, est\u00e1n rellenos de algod\u00f3n hipoalerg\u00e9nico.\u00a0<\/span><\/strong><\/span><\/p>\n<p style=\"text-align: left;\" align=\"center\"><span style=\"font-size: 110%;\"><strong><span style=\"color: #282828;\"><span style=\"color: #e14d43;\">Caracter\u00edsticas del producto<\/span>:<\/span><\/strong><\/span><\/p>\n<ul style=\"text-align: left;\">\n<li style=\"text-align: justify;\"><span style=\"font-size: 110%;\"><strong><span style=\"color: #282828;\">Sistema de viaje 4 en 1<br \/>\n<\/span><\/strong><\/span><\/li>\n<li style=\"text-align: justify;\"><span style=\"font-size: 110%;\"><strong><span style=\"color: #282828;\">Estructura de aluminio s\u00f3lida y ligera;<br \/>\n<\/span><\/strong><\/span><\/li>\n<li style=\"text-align: justify;\"><span style=\"font-size: 110%;\"><strong><span style=\"color: #282828;\">Amortiguadores ajustables<\/span><\/strong><\/span><\/li>\n<\/ul>\n<p style=\"text-align: left;\" align=\"center\"><span style=\"font-size: 110%;\"><strong><span style=\"color: #282828;\"><span style=\"color: #e14d43;\">Cochecito<\/span>:<\/span><\/strong><\/span><\/p>\n<ul style=\"text-align: left;\">\n<li style=\"text-align: left;\"><span style=\"font-size: 110%;\"><strong><span style=\"color: #282828;\">Capota ajustable \/ Forro de lujo \/ Asa de transporte \/ Parachoques extra\u00edble<br \/>\n<\/span><\/strong><\/span><\/li>\n<li style=\"text-align: left;\"><span style=\"font-size: 110%;\"><strong><span style=\"color: #282828;\">El interior est\u00e1 hecho de algod\u00f3n hipoalerg\u00e9nico apto para ni\u00f1os y transpirable.<br \/>\n<\/span><\/strong><\/span><\/li>\n<li style=\"text-align: left;\"><span style=\"font-size: 110%;\"><strong><span style=\"color: #282828;\">Ruedas delanteras con rodamientos, bloqueables, giratorias 360\u00b0 y con sistema de inflado.,<br \/>\n<\/span><\/strong><\/span><\/li>\n<li style=\"text-align: left;\"><span style=\"font-size: 110%;\"><strong><span style=\"color: #282828;\">Freno central \u201cparar y arrancar\u201d;<br \/>\n<\/span><\/strong><\/span><\/li>\n<li style=\"text-align: left;\"><span style=\"font-size: 110%;\"><strong><span style=\"color: #282828;\">Capota desmontable para una mejor protecci\u00f3n solar en la unidad de asiento;<br \/>\n<\/span><\/strong><\/span><\/li>\n<li style=\"text-align: left;\"><span style=\"font-size: 110%;\"><strong><span style=\"color: #282828;\">Capazo equipado con respaldo ajustable en 4 puntos.<br \/>\n<\/span><\/strong><\/span><\/li>\n<li style=\"text-align: left;\"><span style=\"font-size: 110%;\"><strong><span style=\"color: #282828;\">Capazo y asiento ventilados;<br \/>\n<\/span><\/strong><\/span><\/li>\n<li style=\"text-align: left;\"><span style=\"font-size: 110%;\"><strong><span style=\"color: #282828;\">Asa ajustable de 4 puntos revestida de cuero ecol\u00f3gico;<br \/>\n<\/span><\/strong><\/span><\/li>\n<li style=\"text-align: left;\"><span style=\"font-size: 110%;\"><strong><span style=\"color: #282828;\">sistema orientado hacia adelante y hacia atr\u00e1s,<\/span><\/strong><\/span><\/li>\n<\/ul>\n<p style=\"text-align: left;\"><span style=\"font-size: 110%;\"><strong><span style=\"color: #282828;\"><span style=\"color: #e14d43;\">Paseante<\/span>:<\/span><\/strong><\/span><\/p>\n<ul style=\"text-align: left;\">\n<li style=\"text-align: left;\"><span style=\"font-size: 110%;\"><strong><span style=\"color: #282828;\">Equipado con reposapi\u00e9s y respaldo ajustables;<br \/>\n<\/span><\/strong><\/span><\/li>\n<li style=\"text-align: left;\"><span style=\"font-size: 110%;\"><strong><span style=\"color: #282828;\">ajustable a la posici\u00f3n totalmente tumbada,<br \/>\n<\/span><\/strong><\/span><\/li>\n<li style=\"text-align: left;\"><span style=\"font-size: 110%;\"><strong><span style=\"color: #282828;\">Panel de vista para padres con mosquitero en todo el per\u00edmetro.,<br \/>\n<\/span><\/strong><\/span><\/li>\n<li style=\"text-align: left;\"><span style=\"font-size: 110%;\"><strong><span style=\"color: #282828;\">M\u00faltiples posiciones de reclinaci\u00f3n<br \/>\n<\/span><\/strong><\/span><\/li>\n<li style=\"text-align: left;\"><span style=\"font-size: 110%;\"><strong><span style=\"color: #282828;\">Unidad de asiento reversible para modo de visi\u00f3n parental<br \/>\n<\/span><\/strong><\/span><\/li>\n<li style=\"text-align: left;\"><span style=\"font-size: 110%;\"><strong><span style=\"color: #282828;\">Arn\u00e9s de cinco puntos;<\/span><\/strong><\/span><\/li>\n<\/ul>\n<p style=\"text-align: left;\"><span style=\"font-size: 110%;\"><strong><span style=\"color: #282828;\"><span style=\"color: #e14d43;\">Asiento de coche c\u00f3modo<\/span> *<\/span><\/strong><\/span><\/p>\n<ul style=\"text-align: left;\">\n<li style=\"text-align: left;\"><span style=\"font-size: 110%;\"><strong><span style=\"color: #282828;\">Grupo 0-10 kg:<br \/>\n<\/span><\/strong><\/span><\/li>\n<li style=\"text-align: left;\"><span style=\"font-size: 110%;\"><strong><span style=\"color: #282828;\">Homologaci\u00f3n europea ECE R44\/04<br \/>\n<\/span><\/strong><\/span><\/li>\n<li style=\"text-align: left;\"><span style=\"font-size: 110%;\"><strong><span style=\"color: #282828;\">Montado en el carro mediante el adaptador.<br \/>\n<\/span><\/strong><\/span><\/li>\n<li style=\"text-align: left;\"><span style=\"font-size: 110%;\"><strong><span style=\"color: #282828;\">arn\u00e9s de 3 puntos<br \/>\n<\/span><\/strong><\/span><\/li>\n<li style=\"text-align: left;\"><span style=\"font-size: 110%;\"><strong><span style=\"color: #282828;\">Asa ajustable para transportar<br \/>\n<\/span><\/strong><\/span><\/li>\n<li style=\"text-align: left;\"><span style=\"font-size: 110%;\"><strong><span style=\"color: #282828;\">Funda extra\u00edble<br \/>\n<\/span><\/strong><\/span><\/li>\n<li style=\"text-align: left;\"><span style=\"font-size: 110%;\"><strong><span style=\"color: #282828;\">Cinturones de seguridad ajustables en altura<br \/>\n<\/span><\/strong><\/span><\/li>\n<li style=\"text-align: left;\"><span style=\"font-size: 110%;\"><strong><span style=\"color: #282828;\">Modo orientado hacia adelante o hacia atr\u00e1s<br \/>\n<\/span><\/strong><\/span><\/li>\n<li style=\"text-align: left;\"><span style=\"font-size: 110%;\"><strong><span style=\"color: #282828;\">Equipado con ISOFIX<\/span><\/strong><\/span><\/li>\n<\/ul>\n<p style=\"text-align: left;\" align=\"center\"><span style=\"font-size: 110%;\"><strong><span style=\"color: #282828;\"><span style=\"color: #e14d43;\">Precio incluido<\/span>:<\/span><\/strong><\/span><\/p>\n<p style=\"text-align: left;\" align=\"center\"><span style=\"font-size: 110%;\"><strong><span style=\"color: #282828;\">Marco de aluminio<br \/>\n<\/span><\/strong><\/span><\/p>\n<p style=\"text-align: left;\" align=\"center\"><span style=\"font-size: 110%;\"><strong><span style=\"color: #282828;\">Capazo<br \/>\n<\/span><\/strong><\/span><\/p>\n<p style=\"text-align: left;\" align=\"center\"><span style=\"font-size: 110%;\"><strong><span style=\"color: #282828;\">cochecito<br \/>\n<\/span><\/strong><\/span><\/p>\n<p style=\"text-align: left;\" align=\"center\"><span style=\"font-size: 110%;\"><strong><span style=\"color: #282828;\">Funda y colch\u00f3n<br \/>\n<\/span><\/strong><\/span><\/p>\n<p style=\"text-align: left;\" align=\"center\"><span style=\"font-size: 110%;\"><strong><span style=\"color: #282828;\">Funda para los pies<br \/>\n<\/span><\/strong><\/span><\/p>\n<p style=\"text-align: left;\" align=\"center\"><span style=\"font-size: 110%;\"><strong><span style=\"color: #282828;\">Silla de coche *<br \/>\n<\/span><\/strong><\/span><\/p>\n<p style=\"text-align: left;\" align=\"center\"><span style=\"font-size: 110%;\"><strong><span style=\"color: #282828;\">Capota y funda para el asiento del coche *<br \/>\n<\/span><\/strong><\/span><\/p>\n<p style=\"text-align: left;\" align=\"center\"><span style=\"font-size: 110%;\"><strong><span style=\"color: #282828;\">Parachoques extra\u00edble<br \/>\n<\/span><\/strong><\/span><\/p>\n<p style=\"text-align: left;\" align=\"center\"><span style=\"font-size: 110%;\"><strong><span style=\"color: #282828;\">Fundas para la lluvia<br \/>\n<\/span><\/strong><\/span><\/p>\n<p style=\"text-align: left;\" align=\"center\"><span style=\"font-size: 110%;\"><strong><span style=\"color: #282828;\">Bolsa para accesorios con correa para el hombro<br \/>\n<\/span><\/strong><\/span><\/p>\n<p style=\"text-align: left;\" align=\"center\"><span style=\"font-size: 110%;\"><strong><span style=\"color: #282828;\">Cesta de la compra<br \/>\n<\/span><\/strong><\/span><\/p>\n<p style=\"text-align: left;\" align=\"center\"><span style=\"font-size: 110%;\"><strong><span style=\"color: #282828;\">Base Isofix *<\/span><\/strong><\/span><\/p>\n<p style=\"text-align: left;\" align=\"center\"><span style=\"font-size: 110%;\"><strong><span style=\"color: #282828;\">* opcional<\/span><\/strong><\/span><\/p>\n<p style=\"text-align: left;\"><span style=\"font-size: 110%;\"><strong><span style=\"color: #282828;\">Dimensiones<\/span><\/strong><\/span><\/p>\n<p style=\"text-align: left;\"><span style=\"font-size: 110%;\"><strong><span style=\"color: #282828;\"><span style=\"color: #e14d43;\">Capazo<\/span><\/span><\/strong><\/span><\/p>\n<p style=\"text-align: left;\"><span style=\"font-size: 110%;\"><strong><span style=\"color: #282828;\">\u2013 peso \u2013 4,2 kg<br \/>\n\u2013 peso total del cochecito \u2013 14 kg<br \/>\n\u2013 Chasis con capazo: 126 cm de alto x 59,5 cm de ancho x 100 cm de largo<br \/>\n\u2013 Medidas internas: Ancho 36 cm x Largo 91 cm x Profundidad 21 cm<br \/>\n<\/span><\/strong><\/span><\/p>\n<p style=\"text-align: left;\"><span style=\"font-size: 110%;\"><strong><span style=\"color: #282828;\"><span style=\"color: #e14d43;\">cochecito<\/span>:<br \/>\n\u2013 cuadro con ruedas: 13,7 kg<br \/>\n\u2013 Dimensiones del cochecito: Alto 114 cm x Ancho 59,5 cm x Largo 90 cm<br \/>\n<\/span><\/strong><\/span><\/p>\n<p style=\"text-align: left;\"><span style=\"font-size: 110%;\"><strong><span style=\"color: #282828;\"><span style=\"color: #e14d43;\">Asiento de coche<\/span><br \/>\n\u2013 Peso: 4,8 kg<br \/>\n\u2013 Silla de coche con estructura y ruedas: 14,8 kg<br \/>\n\u2013 Chasis con asiento para coche: Alto 108 cm x Ancho 63 cm x Largo 84 cm<br \/>\n<\/span><\/strong><\/span><\/p>\n<p style=\"text-align: left;\"><span style=\"font-size: 110%;\"><strong><span style=\"color: #282828;\"><span style=\"color: #e14d43;\">Marco<\/span><br \/>\n\u2013 cuadro con ruedas: 9,8 kg<br \/>\n\u2013 Di\u00e1metro de las ruedas: delanteras 25 cm, traseras 31 cm<br \/>\n<\/span><\/strong><\/span><\/p>\n<p><a href=\"http:\/\/forbabyboss.com\/wp-content\/uploads\/2022\/09\/checkout.png\"><img loading=\"lazy\" decoding=\"async\" class=\"alignnone size-full wp-image-5965\" src=\"http:\/\/forbabyboss.com\/wp-content\/uploads\/2022\/09\/checkout.png\" alt=\"\" width=\"750\" height=\"276\" srcset=\"https:\/\/forbabyboss.com\/wp-content\/uploads\/2022\/09\/checkout.png 750w, https:\/\/forbabyboss.com\/wp-content\/uploads\/2022\/09\/checkout-600x221.png 600w\" sizes=\"auto, (max-width: 750px) 100vw, 750px\" \/><\/a><\/p>","protected":false},"excerpt":{"rendered":"<p><a href=\"http:\/\/forbabyboss.com\/wp-content\/uploads\/2022\/09\/Star-Rating-5.png\"><img loading=\"lazy\" decoding=\"async\" class=\"alignnone size-full wp-image-5973 aligncenter\" src=\"http:\/\/forbabyboss.com\/wp-content\/uploads\/2022\/09\/Star-Rating-5.png\" alt=\"\" width=\"275\" height=\"45\" \/><\/a><\/p>\n<p style=\"text-align: center;\"><span style=\"color: #e14d43;\"><strong>GARANT\u00cdA DE IGUALACI\u00d3N DE PRECIOS<\/strong><\/span><\/p>\n<p style=\"text-align: center;\"><span style=\"font-weight: 400; color: #003366;\">Env\u00edo gratuito<\/span><span style=\"font-weight: 400;\"> \u2013 2 \u2013 7 d\u00edas<\/span><\/p>\n<p style=\"text-align: center;\"><span style=\"color: #008000;\"><strong>Regalo gratis con compras superiores a 100 \u00a3<\/strong><\/span><\/p>","protected":false},"featured_media":3997,"template":"","meta":[],"product_brand":[],"product_cat":[338,197,305,303,130,209,211],"product_tag":[200,199],"class_list":{"0":"post-3996","1":"product","2":"type-product","3":"status-publish","4":"has-post-thumbnail","6":"product_cat-600-to-700","7":"product_cat-4-in-1-pram","8":"product_cat-colour","9":"product_cat-pattern","10":"product_cat-prams","11":"product_cat-push-chairs","12":"product_cat-stroller","13":"product_tag-4-in-1-pram","14":"product_tag-prams","16":"first","17":"instock","18":"sale","19":"shipping-taxable","20":"purchasable","21":"product-type-simple"},"yoast_head":"<!-- This site is optimized with the Yoast SEO plugin v27.5 - https:\/\/yoast.com\/product\/yoast-seo-wordpress\/ -->\n<title>Baby Pram Pushchair Modern Travel System 4 in 1 - 12 Beige - Stripes - For Baby Boss<\/title>\n<meta name=\"description\" content=\"Baby Pram Pushchair Modern Travel System 4 in 1 - 12 Beige - Stripes\" \/>\n<meta name=\"robots\" content=\"index, follow, max-snippet:-1, max-image-preview:large, max-video-preview:-1\" \/>\n<link rel=\"canonical\" href=\"https:\/\/forbabyboss.com\/es\/product\/cochecito-de-bebe-silla-de-paseo-sistema-de-viaje-moderno-4-en-1-12-rayas-beige\/\" \/>\n<meta property=\"og:locale\" content=\"es_ES\" \/>\n<meta property=\"og:type\" content=\"article\" \/>\n<meta property=\"og:title\" content=\"Baby Pram Pushchair Modern Travel System 4 in 1 - 12 Beige - Stripes - For Baby Boss\" \/>\n<meta property=\"og:description\" content=\"Baby Pram Pushchair Modern Travel System 4 in 1 - 12 Beige - Stripes\" \/>\n<meta property=\"og:url\" content=\"https:\/\/forbabyboss.com\/es\/product\/cochecito-de-bebe-silla-de-paseo-sistema-de-viaje-moderno-4-en-1-12-rayas-beige\/\" \/>\n<meta property=\"og:site_name\" content=\"For Baby Boss\" \/>\n<meta property=\"article:modified_time\" content=\"2023-10-03T11:15:08+00:00\" \/>\n<meta property=\"og:image\" content=\"https:\/\/forbabyboss.com\/wp-content\/uploads\/2022\/09\/Baby-Pram-Pushchair-Buggy-Stroller-Car-Seat-Modern-Travel-System-4-in-1-12-Beige-Stripes.jpg\" \/>\n\t<meta property=\"og:image:width\" content=\"1200\" \/>\n\t<meta property=\"og:image:height\" content=\"900\" \/>\n\t<meta property=\"og:image:type\" content=\"image\/jpeg\" \/>\n<meta name=\"twitter:card\" content=\"summary_large_image\" \/>\n<meta name=\"twitter:label1\" content=\"Tiempo de lectura\" \/>\n\t<meta name=\"twitter:data1\" content=\"3 minutos\" \/>\n<script type=\"application\/ld+json\" class=\"yoast-schema-graph\">{\"@context\":\"https:\\\/\\\/schema.org\",\"@graph\":[{\"@type\":\"WebPage\",\"@id\":\"https:\\\/\\\/forbabyboss.com\\\/product\\\/baby-pram-pushchair-modern-travel-system-4-in-1-12-beige-stripes\\\/\",\"url\":\"https:\\\/\\\/forbabyboss.com\\\/product\\\/baby-pram-pushchair-modern-travel-system-4-in-1-12-beige-stripes\\\/\",\"name\":\"Baby Pram Pushchair Modern Travel System 4 in 1 - 12 Beige - Stripes - For Baby Boss\",\"isPartOf\":{\"@id\":\"https:\\\/\\\/powderblue-seahorse-496884.hostingersite.com\\\/#website\"},\"primaryImageOfPage\":{\"@id\":\"https:\\\/\\\/forbabyboss.com\\\/product\\\/baby-pram-pushchair-modern-travel-system-4-in-1-12-beige-stripes\\\/#primaryimage\"},\"image\":{\"@id\":\"https:\\\/\\\/forbabyboss.com\\\/product\\\/baby-pram-pushchair-modern-travel-system-4-in-1-12-beige-stripes\\\/#primaryimage\"},\"thumbnailUrl\":\"https:\\\/\\\/forbabyboss.com\\\/wp-content\\\/uploads\\\/2022\\\/09\\\/Baby-Pram-Pushchair-Buggy-Stroller-Car-Seat-Modern-Travel-System-4-in-1-12-Beige-Stripes.jpg\",\"datePublished\":\"2022-09-20T15:10:04+00:00\",\"dateModified\":\"2023-10-03T11:15:08+00:00\",\"description\":\"Baby Pram Pushchair Modern Travel System 4 in 1 - 12 Beige - Stripes\",\"breadcrumb\":{\"@id\":\"https:\\\/\\\/forbabyboss.com\\\/product\\\/baby-pram-pushchair-modern-travel-system-4-in-1-12-beige-stripes\\\/#breadcrumb\"},\"inLanguage\":\"es\",\"potentialAction\":[{\"@type\":\"ReadAction\",\"target\":[\"https:\\\/\\\/forbabyboss.com\\\/product\\\/baby-pram-pushchair-modern-travel-system-4-in-1-12-beige-stripes\\\/\"]}]},{\"@type\":\"ImageObject\",\"inLanguage\":\"es\",\"@id\":\"https:\\\/\\\/forbabyboss.com\\\/product\\\/baby-pram-pushchair-modern-travel-system-4-in-1-12-beige-stripes\\\/#primaryimage\",\"url\":\"https:\\\/\\\/forbabyboss.com\\\/wp-content\\\/uploads\\\/2022\\\/09\\\/Baby-Pram-Pushchair-Buggy-Stroller-Car-Seat-Modern-Travel-System-4-in-1-12-Beige-Stripes.jpg\",\"contentUrl\":\"https:\\\/\\\/forbabyboss.com\\\/wp-content\\\/uploads\\\/2022\\\/09\\\/Baby-Pram-Pushchair-Buggy-Stroller-Car-Seat-Modern-Travel-System-4-in-1-12-Beige-Stripes.jpg\",\"width\":1200,\"height\":900},{\"@type\":\"BreadcrumbList\",\"@id\":\"https:\\\/\\\/forbabyboss.com\\\/product\\\/baby-pram-pushchair-modern-travel-system-4-in-1-12-beige-stripes\\\/#breadcrumb\",\"itemListElement\":[{\"@type\":\"ListItem\",\"position\":1,\"name\":\"Home\",\"item\":\"https:\\\/\\\/forbabyboss.com\\\/\"},{\"@type\":\"ListItem\",\"position\":2,\"name\":\"Shop\",\"item\":\"https:\\\/\\\/forbabyboss.com\\\/shop\\\/\"},{\"@type\":\"ListItem\",\"position\":3,\"name\":\"Baby Pram Pushchair Modern Travel System 4 in 1 &#8211; 12 Beige &#8211; Stripes\"}]},{\"@type\":\"WebSite\",\"@id\":\"https:\\\/\\\/powderblue-seahorse-496884.hostingersite.com\\\/#website\",\"url\":\"https:\\\/\\\/powderblue-seahorse-496884.hostingersite.com\\\/\",\"name\":\"For Baby Boss\",\"description\":\"Beautiful gifts and accessories for your baby boss\",\"potentialAction\":[{\"@type\":\"SearchAction\",\"target\":{\"@type\":\"EntryPoint\",\"urlTemplate\":\"https:\\\/\\\/powderblue-seahorse-496884.hostingersite.com\\\/?s={search_term_string}\"},\"query-input\":{\"@type\":\"PropertyValueSpecification\",\"valueRequired\":true,\"valueName\":\"search_term_string\"}}],\"inLanguage\":\"es\"}]}<\/script>\n<!-- \/ Yoast SEO plugin. -->","yoast_head_json":{"title":"Cochecito de beb\u00e9, silla de paseo, sistema de viaje moderno 4 en 1 - 12 Beige - Rayas - Para Baby Boss","description":"Cochecito de beb\u00e9, silla de paseo, sistema de viaje moderno 4 en 1 - 12 pulgadas, color beige con rayas","robots":{"index":"index","follow":"follow","max-snippet":"max-snippet:-1","max-image-preview":"max-image-preview:large","max-video-preview":"max-video-preview:-1"},"canonical":"https:\/\/forbabyboss.com\/es\/product\/cochecito-de-bebe-silla-de-paseo-sistema-de-viaje-moderno-4-en-1-12-rayas-beige\/","og_locale":"es_ES","og_type":"article","og_title":"Baby Pram Pushchair Modern Travel System 4 in 1 - 12 Beige - Stripes - For Baby Boss","og_description":"Baby Pram Pushchair Modern Travel System 4 in 1 - 12 Beige - Stripes","og_url":"https:\/\/forbabyboss.com\/es\/product\/cochecito-de-bebe-silla-de-paseo-sistema-de-viaje-moderno-4-en-1-12-rayas-beige\/","og_site_name":"For Baby Boss","article_modified_time":"2023-10-03T11:15:08+00:00","og_image":[{"width":1200,"height":900,"url":"https:\/\/forbabyboss.com\/wp-content\/uploads\/2022\/09\/Baby-Pram-Pushchair-Buggy-Stroller-Car-Seat-Modern-Travel-System-4-in-1-12-Beige-Stripes.jpg","type":"image\/jpeg"}],"twitter_card":"summary_large_image","twitter_misc":{"Tiempo de lectura":"3 minutos"},"schema":{"@context":"https:\/\/schema.org","@graph":[{"@type":"WebPage","@id":"https:\/\/forbabyboss.com\/product\/baby-pram-pushchair-modern-travel-system-4-in-1-12-beige-stripes\/","url":"https:\/\/forbabyboss.com\/product\/baby-pram-pushchair-modern-travel-system-4-in-1-12-beige-stripes\/","name":"Cochecito de beb\u00e9, silla de paseo, sistema de viaje moderno 4 en 1 - 12 Beige - Rayas - Para Baby Boss","isPartOf":{"@id":"https:\/\/powderblue-seahorse-496884.hostingersite.com\/#website"},"primaryImageOfPage":{"@id":"https:\/\/forbabyboss.com\/product\/baby-pram-pushchair-modern-travel-system-4-in-1-12-beige-stripes\/#primaryimage"},"image":{"@id":"https:\/\/forbabyboss.com\/product\/baby-pram-pushchair-modern-travel-system-4-in-1-12-beige-stripes\/#primaryimage"},"thumbnailUrl":"https:\/\/forbabyboss.com\/wp-content\/uploads\/2022\/09\/Baby-Pram-Pushchair-Buggy-Stroller-Car-Seat-Modern-Travel-System-4-in-1-12-Beige-Stripes.jpg","datePublished":"2022-09-20T15:10:04+00:00","dateModified":"2023-10-03T11:15:08+00:00","description":"Cochecito de beb\u00e9, silla de paseo, sistema de viaje moderno 4 en 1 - 12 pulgadas, color beige con rayas","breadcrumb":{"@id":"https:\/\/forbabyboss.com\/product\/baby-pram-pushchair-modern-travel-system-4-in-1-12-beige-stripes\/#breadcrumb"},"inLanguage":"es","potentialAction":[{"@type":"ReadAction","target":["https:\/\/forbabyboss.com\/product\/baby-pram-pushchair-modern-travel-system-4-in-1-12-beige-stripes\/"]}]},{"@type":"ImageObject","inLanguage":"es","@id":"https:\/\/forbabyboss.com\/product\/baby-pram-pushchair-modern-travel-system-4-in-1-12-beige-stripes\/#primaryimage","url":"https:\/\/forbabyboss.com\/wp-content\/uploads\/2022\/09\/Baby-Pram-Pushchair-Buggy-Stroller-Car-Seat-Modern-Travel-System-4-in-1-12-Beige-Stripes.jpg","contentUrl":"https:\/\/forbabyboss.com\/wp-content\/uploads\/2022\/09\/Baby-Pram-Pushchair-Buggy-Stroller-Car-Seat-Modern-Travel-System-4-in-1-12-Beige-Stripes.jpg","width":1200,"height":900},{"@type":"BreadcrumbList","@id":"https:\/\/forbabyboss.com\/product\/baby-pram-pushchair-modern-travel-system-4-in-1-12-beige-stripes\/#breadcrumb","itemListElement":[{"@type":"ListItem","position":1,"name":"Home","item":"https:\/\/forbabyboss.com\/"},{"@type":"ListItem","position":2,"name":"Shop","item":"https:\/\/forbabyboss.com\/shop\/"},{"@type":"ListItem","position":3,"name":"Baby Pram Pushchair Modern Travel System 4 in 1 &#8211; 12 Beige &#8211; Stripes"}]},{"@type":"WebSite","@id":"https:\/\/powderblue-seahorse-496884.hostingersite.com\/#website","url":"https:\/\/powderblue-seahorse-496884.hostingersite.com\/","name":"Para el beb\u00e9 jefe","description":"Hermosos regalos y accesorios para tu beb\u00e9 jefe.","potentialAction":[{"@type":"SearchAction","target":{"@type":"EntryPoint","urlTemplate":"https:\/\/powderblue-seahorse-496884.hostingersite.com\/?s={search_term_string}"},"query-input":{"@type":"PropertyValueSpecification","valueRequired":true,"valueName":"search_term_string"}}],"inLanguage":"es"}]}},"_links":{"self":[{"href":"https:\/\/forbabyboss.com\/es\/wp-json\/wp\/v2\/product\/3996","targetHints":{"allow":["GET"]}}],"collection":[{"href":"https:\/\/forbabyboss.com\/es\/wp-json\/wp\/v2\/product"}],"about":[{"href":"https:\/\/forbabyboss.com\/es\/wp-json\/wp\/v2\/types\/product"}],"wp:featuredmedia":[{"embeddable":true,"href":"https:\/\/forbabyboss.com\/es\/wp-json\/wp\/v2\/media\/3997"}],"wp:attachment":[{"href":"https:\/\/forbabyboss.com\/es\/wp-json\/wp\/v2\/media?parent=3996"}],"wp:term":[{"taxonomy":"product_brand","embeddable":true,"href":"https:\/\/forbabyboss.com\/es\/wp-json\/wp\/v2\/product_brand?post=3996"},{"taxonomy":"product_cat","embeddable":true,"href":"https:\/\/forbabyboss.com\/es\/wp-json\/wp\/v2\/product_cat?post=3996"},{"taxonomy":"product_tag","embeddable":true,"href":"https:\/\/forbabyboss.com\/es\/wp-json\/wp\/v2\/product_tag?post=3996"}],"curies":[{"name":"wp","href":"https:\/\/api.w.org\/{rel}","templated":true}]}}