{"id":4033,"date":"2022-09-07T09:42:10","date_gmt":"2022-09-07T09:42:10","guid":{"rendered":"http:\/\/forbabyboss.com\/?post_type=product&#038;p=4033"},"modified":"2026-02-21T15:02:46","modified_gmt":"2026-02-21T15:02:46","slug":"cochecito-de-bebe-2021-silla-de-paseo-4-en-1-color-dorado","status":"publish","type":"product","link":"https:\/\/forbabyboss.com\/es\/product\/baby-pram-2021-pushchair-4in1in-gold\/","title":{"rendered":"Cochecito de beb\u00e9 2021, silla de paseo 4 en 1, color dorado"},"content":{"rendered":"<p style=\"text-align: justify;\"><strong><span style=\"color: #282828; font-size: 100%;\">Bexa Air fue dise\u00f1ado especialmente para padres que buscan un producto duradero. Seg\u00fan las necesidades y la edad del ni\u00f1o, Bexa Air puede usarse como cochecito o silla de paseo. Su estructura ligera de aluminio facilita su manejo. Est\u00e1 dise\u00f1ado para transportar a tu beb\u00e9 o ni\u00f1o peque\u00f1o con la m\u00e1xima comodidad. El tapizado est\u00e1 fabricado con materiales impregnados de la m\u00e1s alta calidad, seguros para los ni\u00f1os.<\/span><\/strong><\/p>\n<p style=\"text-align: justify;\"><strong><span style=\"color: #282828; font-size: 100%;\">Los cochecitos Bexa Air est\u00e1n dise\u00f1ados y fabricados \u00edntegramente en Europa y est\u00e1n elaborados exclusivamente con materiales de alta calidad.<span style=\"font-family: 'Josefin Sans', Tahoma, sans-serif, Arial;\">Bexa Air fue dise\u00f1ado especialmente para padres que buscan un producto duradero. Seg\u00fan las necesidades y la edad del ni\u00f1o, Bexa Air puede usarse como cochecito o silla de paseo. Su estructura ligera de aluminio facilita su manejo. Est\u00e1 dise\u00f1ado para transportar a tu beb\u00e9 o ni\u00f1o peque\u00f1o con la m\u00e1xima comodidad. El tapizado est\u00e1 fabricado con materiales impregnados de la m\u00e1s alta calidad, seguros para los ni\u00f1os.<\/span><\/span><\/strong><\/p>\n<p style=\"text-align: justify;\"><strong><span style=\"color: #282828; font-family: 'Josefin Sans', Tahoma, sans-serif, Arial; font-size: 100%;\">Los cochecitos Bexa Air est\u00e1n dise\u00f1ados y fabricados \u00edntegramente en Europa y est\u00e1n elaborados exclusivamente con materiales de alta calidad.<\/span><\/strong><\/p>\n<p style=\"text-align: justify;\"><strong><span style=\"font-size: 100%; color: #282828;\">Dise\u00f1ado para transportar a tu beb\u00e9 o ni\u00f1o peque\u00f1o con comodidad desde el nacimiento hasta los 3 a\u00f1os o de 0 a 15 kg.<\/span><\/strong><\/p>\n<p style=\"text-align: justify;\"><strong><span style=\"color: #282828; font-size: 100%;\">Fabricado en Europa con materiales de alta calidad, estructura de aluminio ligero y dise\u00f1o de estilo moderno.<br \/>\n<\/span><\/strong><\/p>\n<p style=\"text-align: justify;\" align=\"center\"><strong><span style=\"font-size: 100%; color: #282828;\">Homologaci\u00f3n europea EN 1888:2012. Chasis ligero de aluminio con amortiguador ajustable para una conducci\u00f3n muy sencilla. Tapizado con materiales impregnados de la m\u00e1s alta calidad, aptos para ni\u00f1os. Los materiales no se decoloran, son impermeables y mantienen una temperatura \u00f3ptima seg\u00fan las condiciones clim\u00e1ticas. Interiores y fundas extra\u00edbles rellenos de algod\u00f3n hipoalerg\u00e9nico.<\/span><\/strong><\/p>\n<p style=\"text-align: justify;\" align=\"center\"><strong><span style=\"color: #282828;\"><span style=\"font-size: medium;\"><span style=\"color: #e14d43;\">Especificaci\u00f3n del producto<\/span>:<\/span><span style=\"font-size: medium;\">\u00a0<\/span><\/span><\/strong><\/p>\n<p style=\"text-align: justify;\"><strong><span style=\"color: #282828;\">\u2013 la posibilidad de transportar la g\u00f3ndola por el asa en la cabina;<\/span><\/strong><\/p>\n<p style=\"text-align: justify;\"><strong><span style=\"color: #282828;\">\u2013 La parte inferior de la g\u00f3ndola est\u00e1 hecha de pl\u00e1stico;<\/span><\/strong><\/p>\n<p style=\"text-align: justify;\"><strong><span style=\"color: #282828;\">-g\u00f3ndola adornada con cuero ecol\u00f3gico;<\/span><\/strong><\/p>\n<p style=\"text-align: justify;\"><strong><span style=\"color: #282828;\">\u2013 mochila para mam\u00e1;<\/span><\/strong><\/p>\n<p style=\"text-align: justify;\"><strong><span style=\"color: #282828;\">-una g\u00f3ndola espaciosa con ventilaci\u00f3n;<\/span><\/strong><\/p>\n<p style=\"text-align: justify;\"><strong><span style=\"color: #282828;\">\u2013 Marco desplegado 78x58x99-115 cm;<\/span><\/strong><\/p>\n<p style=\"text-align: justify;\"><strong><span style=\"color: #282828;\">\u2013 ajuste externo del respaldo en la g\u00f3ndola y el cochecito;<\/span><\/strong><\/p>\n<p style=\"text-align: justify;\"><strong><span style=\"color: #282828;\">\u2013 Estructura plegada 78x58x30 cm; sin ruedas 72x50x30 cm;<\/span><\/strong><\/p>\n<p style=\"text-align: justify;\"><strong><span style=\"color: #282828;\">\u2013 revestimiento interior desmontable de la g\u00f3ndola;<\/span><\/strong><\/p>\n<p style=\"text-align: justify;\"><strong><span style=\"color: #282828;\">-Interior de la g\u00f3ndola 76x35x22 cm;<\/span><\/strong><\/p>\n<p style=\"text-align: justify;\"><strong><span style=\"color: #282828;\">\u2013 colch\u00f3n de coco de 75 cm x 35 cm;<\/span><\/strong><\/p>\n<p style=\"text-align: justify;\"><strong><span style=\"color: #282828;\">-Peso del cuadro con ruedas: aproximadamente 9 kg;<\/span><\/strong><\/p>\n<p style=\"text-align: justify;\"><strong><span style=\"color: #282828;\">\u2013 Reglamento de cabinas de varias etapas;<\/span><\/strong><\/p>\n<p style=\"text-align: justify;\"><strong><span style=\"color: #282828;\">\u2013 12 ruedas traseras de gel, 10 ruedas delanteras de gel;<\/span><\/strong><\/p>\n<p style=\"text-align: justify;\"><strong><span style=\"color: #282828;\">\u2013 altura de la parte inferior de la g\u00f3ndola desde el suelo: 61 cm;<\/span><\/strong><\/p>\n<p style=\"text-align: justify;\"><strong><span style=\"color: #282828;\">-El peso de la g\u00f3ndola es de aproximadamente 5 kg;<\/span><\/strong><\/p>\n<p style=\"text-align: justify;\"><strong><span style=\"color: #282828;\">-Asiento del cochecito 34\u00d726 cm, reposapi\u00e9s 17 cm, respaldo 47 cm;<\/span><\/strong><\/p>\n<p style=\"text-align: justify;\"><strong><span style=\"color: #282828;\">\u2013 El peso del cochecito es de aproximadamente 4 kg;<\/span><\/strong><\/p>\n<p><strong><span style=\"color: #282828;\"><span style=\"color: #e14d43;\">Asiento de coche c\u00f3modo<\/span>:<\/span><\/strong><\/p>\n<p><strong><span style=\"font-size: medium; color: #282828;\">Grupo 0-13 kg:<\/span><\/strong><\/p>\n<p><strong><span style=\"font-size: medium; color: #282828;\">Homologaci\u00f3n europea ECE R44\/04<\/span><\/strong><\/p>\n<p><strong><span style=\"font-size: medium; color: #282828;\">Montado sobre la base del bastidor mediante adaptadores.<\/span><\/strong><\/p>\n<p><strong><span style=\"font-size: medium; color: #282828;\">arn\u00e9s de 3 puntos<\/span><\/strong><\/p>\n<p><strong><span style=\"font-size: medium; color: #282828;\">Almohadilla adicional para beb\u00e9 reci\u00e9n nacido<\/span><\/strong><\/p>\n<p><strong><span style=\"font-size: medium; color: #282828;\">funda para asiento de coche<\/span><\/strong><\/p>\n<p><strong><span style=\"font-size: medium; color: #282828;\">Asa ajustable para transportar<\/span><\/strong><\/p>\n<p><strong><span style=\"font-size: medium; color: #282828;\">Funda de cap\u00f3 extra\u00edble<\/span><\/strong><\/p>\n<p><strong><span style=\"font-size: medium; color: #282828;\">Cinturones de seguridad ajustables en altura<\/span><\/strong><\/p>\n<p><strong><span style=\"font-size: medium; color: #282828;\">Modo orientado hacia adelante o hacia atr\u00e1s<\/span><\/strong><\/p>\n<p><strong><span style=\"font-size: medium; color: #282828;\">Equipado con ISOFIX*<\/span><\/strong><\/p>\n<p><strong><span style=\"color: #282828;\"><span style=\"font-size: medium;\"><span style=\"color: #e14d43;\">BASE SOFIX<\/span>*<\/span><\/span><\/strong><\/p>\n<p><strong><span style=\"font-size: medium; color: #282828;\">Color: Negro\/Gris<\/span><\/strong><\/p>\n<p><strong><span style=\"font-size: medium; color: #282828;\">Apto desde el nacimiento<\/span><\/strong><\/p>\n<p><strong><span style=\"font-size: medium; color: #282828;\">Se fija directamente al chasis del coche mediante los puntos de anclaje ISOFIX del veh\u00edculo.<\/span><\/strong><\/p>\n<p><strong><span style=\"font-size: medium; color: #282828;\">Tambi\u00e9n se puede asegurar utilizando el cintur\u00f3n de seguridad del veh\u00edculo.<\/span><\/strong><\/p>\n<p><strong><span style=\"font-size: medium; color: #282828;\">Compatible con los asientos de coche.<\/span><\/strong><\/p>\n<p><strong><span style=\"font-size: medium; color: #282828;\">F\u00e1cil de instalar<\/span><\/strong><\/p>\n<p><strong><span style=\"font-size: medium; color: #282828;\">Seguro y protegido<\/span><\/strong><\/p>\n<p><strong><span style=\"font-size: medium; color: #282828;\">Minimiza las molestias<\/span><\/strong><\/p>\n<p><strong><span style=\"font-size: medium; color: #282828;\">Reduce la probabilidad de despertar al beb\u00e9 al trasladarlo del coche a casa.<\/span><\/strong><\/p>\n<p><strong><span style=\"font-size: medium; color: #282828;\">La pata de apoyo proporciona m\u00e1xima estabilidad y seguridad, y se ajusta f\u00e1cilmente para un ajuste \u00f3ptimo.<\/span><\/strong><\/p>\n<p><strong><span style=\"font-size: medium; color: #282828;\">Los indicadores de color confirman la correcta instalaci\u00f3n de la base en el veh\u00edculo.<\/span><\/strong><\/p>\n<p style=\"text-align: left;\" align=\"center\"><strong><span style=\"font-size: medium; color: #282828;\"><span style=\"color: #e14d43;\">Precio incluido<\/span>:<br \/>\n<\/span><\/strong><\/p>\n<p><strong><span style=\"color: #282828;\">El conjunto 2 en 1 incluye: cuadro de aluminio negro con doble absorci\u00f3n de impactos,\u00a0<\/span><\/strong><\/p>\n<p><strong><span style=\"color: #282828;\">ruedas de gel,<\/span><\/strong><\/p>\n<p><strong><span style=\"color: #282828;\">cesta de la compra cerrada con cremallera;\u00a0<\/span><\/strong><\/p>\n<p><strong><span style=\"color: #282828;\">una g\u00f3ndola con cubierta,\u00a0<\/span><\/strong><\/p>\n<p><strong><span style=\"color: #282828;\">un cochecito con una cubierta para las piernas;<\/span><\/strong><\/p>\n<p><strong><span style=\"color: #282828;\">Mochila pr\u00e1ctica para accesorios;\u00a0<\/span><\/strong><\/p>\n<p><strong><span style=\"color: #282828;\">Funda para la lluvia; mosquitera;<\/span><\/strong><\/p>\n<p style=\"text-align: left;\" align=\"center\"><strong><span style=\"font-size: medium; color: #282828;\">Base Isofix (opcional)<\/span><\/strong><\/p>\n<p><strong><span style=\"font-size: medium; color: #282828;\">Garant\u00eda de 24 meses<\/span><\/strong><\/p>\n<p><a href=\"http:\/\/forbabyboss.com\/wp-content\/uploads\/2022\/09\/checkout.png\"><img loading=\"lazy\" decoding=\"async\" class=\"alignnone size-full wp-image-5965\" src=\"http:\/\/forbabyboss.com\/wp-content\/uploads\/2022\/09\/checkout.png\" alt=\"\" width=\"750\" height=\"276\" srcset=\"https:\/\/forbabyboss.com\/wp-content\/uploads\/2022\/09\/checkout.png 750w, https:\/\/forbabyboss.com\/wp-content\/uploads\/2022\/09\/checkout-600x221.png 600w\" sizes=\"auto, (max-width: 750px) 100vw, 750px\" \/><\/a><\/p>","protected":false},"excerpt":{"rendered":"<p>&nbsp;<\/p>\n<p><a href=\"http:\/\/forbabyboss.com\/wp-content\/uploads\/2022\/09\/Star-Rating-5.png\"><img loading=\"lazy\" decoding=\"async\" class=\"alignnone size-full wp-image-5973 aligncenter\" src=\"http:\/\/forbabyboss.com\/wp-content\/uploads\/2022\/09\/Star-Rating-5.png\" alt=\"\" width=\"275\" height=\"45\" \/><\/a><\/p>\n<p style=\"text-align: center;\"><span style=\"color: #e14d43;\"><strong>GARANT\u00cdA DE IGUALACI\u00d3N DE PRECIOS<\/strong><\/span><\/p>\n<p style=\"text-align: center;\"><span style=\"color: #003366;\">Env\u00edo gratuito\u00a0<\/span>\u2013 2 \u2013 7 d\u00edas<\/p>\n<p style=\"text-align: center;\"><span style=\"color: #008000;\"><strong>Regalo gratis con compras superiores a 100 \u00a3<\/strong><\/span><\/p>","protected":false},"featured_media":4034,"template":"","meta":[],"product_brand":[587],"product_cat":[340,157,156,197,207,305,158,130,209,211],"product_tag":[200,199],"class_list":{"0":"post-4033","1":"product","2":"type-product","3":"status-publish","4":"has-post-thumbnail","6":"product_brand-bexa","7":"product_cat-800-to-900","8":"product_cat-2-in-1","9":"product_cat-3-in-1","10":"product_cat-4-in-1-pram","11":"product_cat-black","12":"product_cat-colour","13":"product_cat-new-collection","14":"product_cat-prams","15":"product_cat-push-chairs","16":"product_cat-stroller","17":"product_tag-4-in-1-pram","18":"product_tag-prams","20":"first","21":"instock","22":"sale","23":"shipping-taxable","24":"purchasable","25":"product-type-simple"},"yoast_head":"<!-- This site is optimized with the Yoast SEO plugin v27.5 - https:\/\/yoast.com\/product\/yoast-seo-wordpress\/ -->\n<title>Baby Pram 2021 Pushchair 4in1in Gold - For Baby Boss<\/title>\n<meta name=\"description\" content=\"Baby Pram 2021 Pushchair 4in1in Gold\" \/>\n<meta name=\"robots\" content=\"index, follow, max-snippet:-1, max-image-preview:large, max-video-preview:-1\" \/>\n<link rel=\"canonical\" href=\"https:\/\/forbabyboss.com\/es\/product\/cochecito-de-bebe-2021-silla-de-paseo-4-en-1-color-dorado\/\" \/>\n<meta property=\"og:locale\" content=\"es_ES\" \/>\n<meta property=\"og:type\" content=\"article\" \/>\n<meta property=\"og:title\" content=\"Baby Pram 2021 Pushchair 4in1in Gold - For Baby Boss\" \/>\n<meta property=\"og:description\" content=\"Baby Pram 2021 Pushchair 4in1in Gold\" \/>\n<meta property=\"og:url\" content=\"https:\/\/forbabyboss.com\/es\/product\/cochecito-de-bebe-2021-silla-de-paseo-4-en-1-color-dorado\/\" \/>\n<meta property=\"og:site_name\" content=\"For Baby Boss\" \/>\n<meta property=\"article:modified_time\" content=\"2026-02-21T15:02:46+00:00\" \/>\n<meta property=\"og:image\" content=\"https:\/\/forbabyboss.com\/wp-content\/uploads\/2022\/09\/Baby-Pram-Bexa-AIR-2021-Pushchair-Buggy-Stroller-Car-Seat-Travel-System-4in1-Gold_main.jpg\" \/>\n\t<meta property=\"og:image:width\" content=\"1020\" \/>\n\t<meta property=\"og:image:height\" content=\"1020\" \/>\n\t<meta property=\"og:image:type\" content=\"image\/jpeg\" \/>\n<meta name=\"twitter:card\" content=\"summary_large_image\" \/>\n<meta name=\"twitter:label1\" content=\"Tiempo de lectura\" \/>\n\t<meta name=\"twitter:data1\" content=\"3 minutos\" \/>\n<script type=\"application\/ld+json\" class=\"yoast-schema-graph\">{\"@context\":\"https:\\\/\\\/schema.org\",\"@graph\":[{\"@type\":\"WebPage\",\"@id\":\"https:\\\/\\\/forbabyboss.com\\\/product\\\/baby-pram-2021-pushchair-4in1in-gold\\\/\",\"url\":\"https:\\\/\\\/forbabyboss.com\\\/product\\\/baby-pram-2021-pushchair-4in1in-gold\\\/\",\"name\":\"Baby Pram 2021 Pushchair 4in1in Gold - For Baby Boss\",\"isPartOf\":{\"@id\":\"https:\\\/\\\/powderblue-seahorse-496884.hostingersite.com\\\/#website\"},\"primaryImageOfPage\":{\"@id\":\"https:\\\/\\\/forbabyboss.com\\\/product\\\/baby-pram-2021-pushchair-4in1in-gold\\\/#primaryimage\"},\"image\":{\"@id\":\"https:\\\/\\\/forbabyboss.com\\\/product\\\/baby-pram-2021-pushchair-4in1in-gold\\\/#primaryimage\"},\"thumbnailUrl\":\"https:\\\/\\\/forbabyboss.com\\\/wp-content\\\/uploads\\\/2022\\\/09\\\/Baby-Pram-Bexa-AIR-2021-Pushchair-Buggy-Stroller-Car-Seat-Travel-System-4in1-Gold_main.jpg\",\"datePublished\":\"2022-09-07T09:42:10+00:00\",\"dateModified\":\"2026-02-21T15:02:46+00:00\",\"description\":\"Baby Pram 2021 Pushchair 4in1in Gold\",\"breadcrumb\":{\"@id\":\"https:\\\/\\\/forbabyboss.com\\\/product\\\/baby-pram-2021-pushchair-4in1in-gold\\\/#breadcrumb\"},\"inLanguage\":\"es\",\"potentialAction\":[{\"@type\":\"ReadAction\",\"target\":[\"https:\\\/\\\/forbabyboss.com\\\/product\\\/baby-pram-2021-pushchair-4in1in-gold\\\/\"]}]},{\"@type\":\"ImageObject\",\"inLanguage\":\"es\",\"@id\":\"https:\\\/\\\/forbabyboss.com\\\/product\\\/baby-pram-2021-pushchair-4in1in-gold\\\/#primaryimage\",\"url\":\"https:\\\/\\\/forbabyboss.com\\\/wp-content\\\/uploads\\\/2022\\\/09\\\/Baby-Pram-Bexa-AIR-2021-Pushchair-Buggy-Stroller-Car-Seat-Travel-System-4in1-Gold_main.jpg\",\"contentUrl\":\"https:\\\/\\\/forbabyboss.com\\\/wp-content\\\/uploads\\\/2022\\\/09\\\/Baby-Pram-Bexa-AIR-2021-Pushchair-Buggy-Stroller-Car-Seat-Travel-System-4in1-Gold_main.jpg\",\"width\":1020,\"height\":1020},{\"@type\":\"BreadcrumbList\",\"@id\":\"https:\\\/\\\/forbabyboss.com\\\/product\\\/baby-pram-2021-pushchair-4in1in-gold\\\/#breadcrumb\",\"itemListElement\":[{\"@type\":\"ListItem\",\"position\":1,\"name\":\"Home\",\"item\":\"https:\\\/\\\/forbabyboss.com\\\/\"},{\"@type\":\"ListItem\",\"position\":2,\"name\":\"Shop\",\"item\":\"https:\\\/\\\/forbabyboss.com\\\/shop\\\/\"},{\"@type\":\"ListItem\",\"position\":3,\"name\":\"Baby Pram 2021 Pushchair 4in1in Gold\"}]},{\"@type\":\"WebSite\",\"@id\":\"https:\\\/\\\/powderblue-seahorse-496884.hostingersite.com\\\/#website\",\"url\":\"https:\\\/\\\/powderblue-seahorse-496884.hostingersite.com\\\/\",\"name\":\"For Baby Boss\",\"description\":\"Beautiful gifts and accessories for your baby boss\",\"potentialAction\":[{\"@type\":\"SearchAction\",\"target\":{\"@type\":\"EntryPoint\",\"urlTemplate\":\"https:\\\/\\\/powderblue-seahorse-496884.hostingersite.com\\\/?s={search_term_string}\"},\"query-input\":{\"@type\":\"PropertyValueSpecification\",\"valueRequired\":true,\"valueName\":\"search_term_string\"}}],\"inLanguage\":\"es\"}]}<\/script>\n<!-- \/ Yoast SEO plugin. -->","yoast_head_json":{"title":"Cochecito de beb\u00e9 2021, silla de paseo 4 en 1, color dorado - Para Baby Boss","description":"Cochecito de beb\u00e9 2021, silla de paseo 4 en 1, color dorado","robots":{"index":"index","follow":"follow","max-snippet":"max-snippet:-1","max-image-preview":"max-image-preview:large","max-video-preview":"max-video-preview:-1"},"canonical":"https:\/\/forbabyboss.com\/es\/product\/cochecito-de-bebe-2021-silla-de-paseo-4-en-1-color-dorado\/","og_locale":"es_ES","og_type":"article","og_title":"Baby Pram 2021 Pushchair 4in1in Gold - For Baby Boss","og_description":"Baby Pram 2021 Pushchair 4in1in Gold","og_url":"https:\/\/forbabyboss.com\/es\/product\/cochecito-de-bebe-2021-silla-de-paseo-4-en-1-color-dorado\/","og_site_name":"For Baby Boss","article_modified_time":"2026-02-21T15:02:46+00:00","og_image":[{"width":1020,"height":1020,"url":"https:\/\/forbabyboss.com\/wp-content\/uploads\/2022\/09\/Baby-Pram-Bexa-AIR-2021-Pushchair-Buggy-Stroller-Car-Seat-Travel-System-4in1-Gold_main.jpg","type":"image\/jpeg"}],"twitter_card":"summary_large_image","twitter_misc":{"Tiempo de lectura":"3 minutos"},"schema":{"@context":"https:\/\/schema.org","@graph":[{"@type":"WebPage","@id":"https:\/\/forbabyboss.com\/product\/baby-pram-2021-pushchair-4in1in-gold\/","url":"https:\/\/forbabyboss.com\/product\/baby-pram-2021-pushchair-4in1in-gold\/","name":"Cochecito de beb\u00e9 2021, silla de paseo 4 en 1, color dorado - Para Baby Boss","isPartOf":{"@id":"https:\/\/powderblue-seahorse-496884.hostingersite.com\/#website"},"primaryImageOfPage":{"@id":"https:\/\/forbabyboss.com\/product\/baby-pram-2021-pushchair-4in1in-gold\/#primaryimage"},"image":{"@id":"https:\/\/forbabyboss.com\/product\/baby-pram-2021-pushchair-4in1in-gold\/#primaryimage"},"thumbnailUrl":"https:\/\/forbabyboss.com\/wp-content\/uploads\/2022\/09\/Baby-Pram-Bexa-AIR-2021-Pushchair-Buggy-Stroller-Car-Seat-Travel-System-4in1-Gold_main.jpg","datePublished":"2022-09-07T09:42:10+00:00","dateModified":"2026-02-21T15:02:46+00:00","description":"Cochecito de beb\u00e9 2021, silla de paseo 4 en 1, color dorado","breadcrumb":{"@id":"https:\/\/forbabyboss.com\/product\/baby-pram-2021-pushchair-4in1in-gold\/#breadcrumb"},"inLanguage":"es","potentialAction":[{"@type":"ReadAction","target":["https:\/\/forbabyboss.com\/product\/baby-pram-2021-pushchair-4in1in-gold\/"]}]},{"@type":"ImageObject","inLanguage":"es","@id":"https:\/\/forbabyboss.com\/product\/baby-pram-2021-pushchair-4in1in-gold\/#primaryimage","url":"https:\/\/forbabyboss.com\/wp-content\/uploads\/2022\/09\/Baby-Pram-Bexa-AIR-2021-Pushchair-Buggy-Stroller-Car-Seat-Travel-System-4in1-Gold_main.jpg","contentUrl":"https:\/\/forbabyboss.com\/wp-content\/uploads\/2022\/09\/Baby-Pram-Bexa-AIR-2021-Pushchair-Buggy-Stroller-Car-Seat-Travel-System-4in1-Gold_main.jpg","width":1020,"height":1020},{"@type":"BreadcrumbList","@id":"https:\/\/forbabyboss.com\/product\/baby-pram-2021-pushchair-4in1in-gold\/#breadcrumb","itemListElement":[{"@type":"ListItem","position":1,"name":"Home","item":"https:\/\/forbabyboss.com\/"},{"@type":"ListItem","position":2,"name":"Shop","item":"https:\/\/forbabyboss.com\/shop\/"},{"@type":"ListItem","position":3,"name":"Baby Pram 2021 Pushchair 4in1in Gold"}]},{"@type":"WebSite","@id":"https:\/\/powderblue-seahorse-496884.hostingersite.com\/#website","url":"https:\/\/powderblue-seahorse-496884.hostingersite.com\/","name":"Para el beb\u00e9 jefe","description":"Hermosos regalos y accesorios para tu beb\u00e9 jefe.","potentialAction":[{"@type":"SearchAction","target":{"@type":"EntryPoint","urlTemplate":"https:\/\/powderblue-seahorse-496884.hostingersite.com\/?s={search_term_string}"},"query-input":{"@type":"PropertyValueSpecification","valueRequired":true,"valueName":"search_term_string"}}],"inLanguage":"es"}]}},"_links":{"self":[{"href":"https:\/\/forbabyboss.com\/es\/wp-json\/wp\/v2\/product\/4033","targetHints":{"allow":["GET"]}}],"collection":[{"href":"https:\/\/forbabyboss.com\/es\/wp-json\/wp\/v2\/product"}],"about":[{"href":"https:\/\/forbabyboss.com\/es\/wp-json\/wp\/v2\/types\/product"}],"wp:featuredmedia":[{"embeddable":true,"href":"https:\/\/forbabyboss.com\/es\/wp-json\/wp\/v2\/media\/4034"}],"wp:attachment":[{"href":"https:\/\/forbabyboss.com\/es\/wp-json\/wp\/v2\/media?parent=4033"}],"wp:term":[{"taxonomy":"product_brand","embeddable":true,"href":"https:\/\/forbabyboss.com\/es\/wp-json\/wp\/v2\/product_brand?post=4033"},{"taxonomy":"product_cat","embeddable":true,"href":"https:\/\/forbabyboss.com\/es\/wp-json\/wp\/v2\/product_cat?post=4033"},{"taxonomy":"product_tag","embeddable":true,"href":"https:\/\/forbabyboss.com\/es\/wp-json\/wp\/v2\/product_tag?post=4033"}],"curies":[{"name":"wp","href":"https:\/\/api.w.org\/{rel}","templated":true}]}}