{"id":4103,"date":"2022-09-07T11:23:02","date_gmt":"2022-09-07T11:23:02","guid":{"rendered":"http:\/\/forbabyboss.com\/?post_type=product&#038;p=4103"},"modified":"2026-02-21T15:08:30","modified_gmt":"2026-02-21T15:08:30","slug":"silla-de-paseo-silla-de-bebe-3-en-1-en-color-negro","status":"publish","type":"product","link":"https:\/\/forbabyboss.com\/es\/product\/pushchair-baby-pram-travel-system-3in1-in-black\/","title":{"rendered":"Silla de paseo\/silla de beb\u00e9 3 en 1 en color negro"},"content":{"rendered":"<h1 style=\"text-align: justify;\" align=\"center\"><strong><span style=\"color: #e14d43;\"><span style=\"font-family: Arial;\">HOLLAND \u2013 EL COCHECITO QUE EST\u00c1S BUSCANDO<\/span><\/span><\/strong><\/h1>\n<p style=\"text-align: justify;\" align=\"center\"><strong><span style=\"font-family: Arial;\">\u00bfBuscas un cochecito que se adapte a tus necesidades y a las de tu hijo? \u00bfQuieres un cochecito ligero, pr\u00e1ctico y con un dise\u00f1o atractivo? \u00a1La \u00faltima versi\u00f3n del cochecito Holland es perfecta para ti! Su estructura es a\u00fan m\u00e1s ligera. Incorpora nuevas funciones para una mayor comodidad. Su espaciosa y moderna bolsa, junto con otros muchos detalles elegantes, realzan el dise\u00f1o de Holland.<\/span><\/strong><\/p>\n<p style=\"text-align: justify;\" align=\"center\"><strong><span style=\"font-size: medium;\">Fabricado en Europa con materiales de alta calidad, estructura de aluminio ligero y dise\u00f1o de estilo moderno.<\/span><span style=\"font-size: medium;\"><br \/>\n<\/span><\/strong><\/p>\n<div style=\"text-align: justify;\" align=\"center\"><strong>Homologaci\u00f3n europea EN 1888:2012<\/strong><\/div>\n<p style=\"text-align: justify;\"><strong>UN CAPAZO MODERNO \u2013 USO C\u00d3MODO<\/strong><\/p>\n<p style=\"text-align: justify;\"><strong>El cochecito universal Holland hace que cada paseo sea c\u00f3modo, desde los primeros d\u00edas de vida del ni\u00f1o. El espacioso capazo permite colocar f\u00e1cilmente al peque\u00f1o pasajero en su interior, garantizando unas condiciones confortables, tanto en las c\u00e1lidas tardes de verano como en los fr\u00edos d\u00edas de invierno. La capota del capazo es ajustable gracias a unos pr\u00e1cticos botones internos. Se puede desplegar o plegar seg\u00fan las condiciones clim\u00e1ticas. La visera parasol plegable proporciona sombra al ni\u00f1o. COCHECITO \u2013 INCLUSO PARA NI\u00d1OS MAYORES El Holland 2 en 1 de Bebetto es tambi\u00e9n un cochecito c\u00f3modo que se puede usar desde los primeros d\u00edas hasta que el ni\u00f1o tenga aproximadamente 3 a\u00f1os. El asiento ha sido dise\u00f1ado para asegurar que el peque\u00f1o pasajero siempre pueda adoptar la posici\u00f3n m\u00e1s c\u00f3moda y segura. Es suave y c\u00f3modo, sin necesidad de a\u00f1adir un colch\u00f3n adicional. El respaldo y el reposapi\u00e9s son ajustables, para que pueda colocar al ni\u00f1o en muchas posiciones, desde sentado hasta tumbado. La capota del cochecito Holland tambi\u00e9n se puede desplegar o plegar ampliamente, y la visera parasol plegable permite proteger r\u00e1pidamente al ni\u00f1o del sol. La barrera proporciona un apoyo c\u00f3modo para las manos del ni\u00f1o y, gracias a su pr\u00e1ctico bot\u00f3n, es extremadamente f\u00e1cil de desmontar.<\/strong><\/p>\n<p style=\"text-align: justify;\" align=\"center\"><strong><span style=\"font-size: medium;\"><span style=\"color: #e14d43;\">Caracter\u00edsticas del producto<\/span>:<br \/>\n<\/span><\/strong><\/p>\n<ul>\n<li style=\"text-align: justify;\"><strong><span style=\"font-size: medium;\">Sistema de viaje 2 en 1 o 3 en 1<br \/>\n<\/span><\/strong><\/li>\n<li style=\"text-align: justify;\"><strong><span style=\"font-size: medium;\">Estructura de aluminio s\u00f3lida y ligera<\/span><\/strong><\/li>\n<li style=\"text-align: justify;\"><strong><span style=\"font-size: medium;\">F\u00e1cil de desplegar, peque\u00f1o cuando est\u00e1 plegado<\/span><\/strong><\/li>\n<\/ul>\n<p><strong><span style=\"font-family: Arial;\">\u2013 Marco de aluminio<\/span><\/strong><\/p>\n<p><strong><span style=\"font-family: Arial;\">\u2013 4 ruedas<\/span><\/strong><\/p>\n<p><strong><span style=\"font-family: Arial;\">\u2013 Capazo<\/span><\/strong><\/p>\n<p><strong><span style=\"font-family: Arial;\">\u2013 Funda y colch\u00f3n para cochecito<\/span><\/strong><\/p>\n<p><strong><span style=\"font-family: Arial;\">\u2013 Funda para la lluvia<\/span><\/strong><\/p>\n<p><strong><span style=\"font-family: Arial;\">\u2013 Mosquitera<\/span><\/strong><\/p>\n<p><strong><span style=\"font-family: Arial;\">\u2013 Bolso moderno<\/span><\/strong><\/p>\n<p><strong><span style=\"font-family: Arial;\">\u2013 Cesta de la compra<\/span><\/strong><\/p>\n<p><strong><span style=\"font-family: Arial;\">\u2013 Portavasos<\/span><\/strong><\/p>\n<p><strong><span style=\"font-family: Arial;\">\u2013 Garant\u00eda de 24 meses<\/span><\/strong><\/p>\n<p><strong><span style=\"font-family: Arial;\">\u2013 Cochecito<\/span><\/strong><\/p>\n<p><strong><span style=\"font-family: Arial;\">\u2013 *Silla de coche (opcional)<\/span><\/strong><\/p>\n<p><a href=\"http:\/\/forbabyboss.com\/wp-content\/uploads\/2022\/09\/checkout.png\"><img loading=\"lazy\" decoding=\"async\" class=\"alignnone size-full wp-image-5965\" src=\"http:\/\/forbabyboss.com\/wp-content\/uploads\/2022\/09\/checkout.png\" alt=\"\" width=\"750\" height=\"276\" srcset=\"https:\/\/forbabyboss.com\/wp-content\/uploads\/2022\/09\/checkout.png 750w, https:\/\/forbabyboss.com\/wp-content\/uploads\/2022\/09\/checkout-600x221.png 600w\" sizes=\"auto, (max-width: 750px) 100vw, 750px\" \/><\/a><\/p>","protected":false},"excerpt":{"rendered":"<p><a href=\"http:\/\/forbabyboss.com\/wp-content\/uploads\/2022\/09\/Star-Rating-5.png\"><img loading=\"lazy\" decoding=\"async\" class=\"alignnone wp-image-5973 aligncenter\" src=\"http:\/\/forbabyboss.com\/wp-content\/uploads\/2022\/09\/Star-Rating-5.png\" alt=\"\" width=\"299\" height=\"49\" \/><\/a><\/p>\n<p style=\"text-align: center;\"><span style=\"color: #e14d43; font-size: 115%;\"><strong>GARANT\u00cdA DE IGUALACI\u00d3N DE PRECIOS<\/strong><\/span><\/p>\n<p style=\"text-align: center;\"><span style=\"font-size: 115%;\"><span style=\"color: #003366;\">Env\u00edo gratuito\u00a0<\/span>\u2013 2 \u2013 7 d\u00edas<\/span><\/p>\n<p style=\"text-align: center;\"><span style=\"color: #008000; font-size: 115%;\"><strong>Regalo gratis con compras superiores a 100 \u00a3<\/strong><\/span><\/p>","protected":false},"featured_media":4104,"template":"","meta":[],"product_brand":[583],"product_cat":[338,156,207,305,130,209,211],"product_tag":[163,199],"class_list":{"0":"post-4103","1":"product","2":"type-product","3":"status-publish","4":"has-post-thumbnail","6":"product_brand-bebetto","7":"product_cat-600-to-700","8":"product_cat-3-in-1","9":"product_cat-black","10":"product_cat-colour","11":"product_cat-prams","12":"product_cat-push-chairs","13":"product_cat-stroller","14":"product_tag-3-in-1-prams","15":"product_tag-prams","17":"first","18":"instock","19":"sale","20":"shipping-taxable","21":"purchasable","22":"product-type-simple"},"yoast_head":"<!-- This site is optimized with the Yoast SEO plugin v27.5 - https:\/\/yoast.com\/product\/yoast-seo-wordpress\/ -->\n<title>Pushchair Baby Pram Travel System 3in1 in Black - For Baby Boss<\/title>\n<meta name=\"description\" content=\"Pushchair Baby Pram Travel System 3in1 in Black\" \/>\n<meta name=\"robots\" content=\"index, follow, max-snippet:-1, max-image-preview:large, max-video-preview:-1\" \/>\n<link rel=\"canonical\" href=\"https:\/\/forbabyboss.com\/es\/product\/silla-de-paseo-silla-de-bebe-3-en-1-en-color-negro\/\" \/>\n<meta property=\"og:locale\" content=\"es_ES\" \/>\n<meta property=\"og:type\" content=\"article\" \/>\n<meta property=\"og:title\" content=\"Pushchair Baby Pram Travel System 3in1 in Black - For Baby Boss\" \/>\n<meta property=\"og:description\" content=\"Pushchair Baby Pram Travel System 3in1 in Black\" \/>\n<meta property=\"og:url\" content=\"https:\/\/forbabyboss.com\/es\/product\/silla-de-paseo-silla-de-bebe-3-en-1-en-color-negro\/\" \/>\n<meta property=\"og:site_name\" content=\"For Baby Boss\" \/>\n<meta property=\"article:modified_time\" content=\"2026-02-21T15:08:30+00:00\" \/>\n<meta property=\"og:image\" content=\"https:\/\/forbabyboss.com\/wp-content\/uploads\/2022\/09\/Bebetto-New-Holland-Pushchair-Buggy-Stroller-Car-Seat-Travel-System-3in1-Black-Frame-03_main.jpg\" \/>\n\t<meta property=\"og:image:width\" content=\"1000\" \/>\n\t<meta property=\"og:image:height\" content=\"1000\" \/>\n\t<meta property=\"og:image:type\" content=\"image\/jpeg\" \/>\n<meta name=\"twitter:card\" content=\"summary_large_image\" \/>\n<meta name=\"twitter:label1\" content=\"Tiempo de lectura\" \/>\n\t<meta name=\"twitter:data1\" content=\"2 minutos\" \/>\n<script type=\"application\/ld+json\" class=\"yoast-schema-graph\">{\"@context\":\"https:\\\/\\\/schema.org\",\"@graph\":[{\"@type\":\"WebPage\",\"@id\":\"https:\\\/\\\/forbabyboss.com\\\/product\\\/pushchair-baby-pram-travel-system-3in1-in-black\\\/\",\"url\":\"https:\\\/\\\/forbabyboss.com\\\/product\\\/pushchair-baby-pram-travel-system-3in1-in-black\\\/\",\"name\":\"Pushchair Baby Pram Travel System 3in1 in Black - For Baby Boss\",\"isPartOf\":{\"@id\":\"https:\\\/\\\/powderblue-seahorse-496884.hostingersite.com\\\/#website\"},\"primaryImageOfPage\":{\"@id\":\"https:\\\/\\\/forbabyboss.com\\\/product\\\/pushchair-baby-pram-travel-system-3in1-in-black\\\/#primaryimage\"},\"image\":{\"@id\":\"https:\\\/\\\/forbabyboss.com\\\/product\\\/pushchair-baby-pram-travel-system-3in1-in-black\\\/#primaryimage\"},\"thumbnailUrl\":\"https:\\\/\\\/forbabyboss.com\\\/wp-content\\\/uploads\\\/2022\\\/09\\\/Bebetto-New-Holland-Pushchair-Buggy-Stroller-Car-Seat-Travel-System-3in1-Black-Frame-03_main.jpg\",\"datePublished\":\"2022-09-07T11:23:02+00:00\",\"dateModified\":\"2026-02-21T15:08:30+00:00\",\"description\":\"Pushchair Baby Pram Travel System 3in1 in Black\",\"breadcrumb\":{\"@id\":\"https:\\\/\\\/forbabyboss.com\\\/product\\\/pushchair-baby-pram-travel-system-3in1-in-black\\\/#breadcrumb\"},\"inLanguage\":\"es\",\"potentialAction\":[{\"@type\":\"ReadAction\",\"target\":[\"https:\\\/\\\/forbabyboss.com\\\/product\\\/pushchair-baby-pram-travel-system-3in1-in-black\\\/\"]}]},{\"@type\":\"ImageObject\",\"inLanguage\":\"es\",\"@id\":\"https:\\\/\\\/forbabyboss.com\\\/product\\\/pushchair-baby-pram-travel-system-3in1-in-black\\\/#primaryimage\",\"url\":\"https:\\\/\\\/forbabyboss.com\\\/wp-content\\\/uploads\\\/2022\\\/09\\\/Bebetto-New-Holland-Pushchair-Buggy-Stroller-Car-Seat-Travel-System-3in1-Black-Frame-03_main.jpg\",\"contentUrl\":\"https:\\\/\\\/forbabyboss.com\\\/wp-content\\\/uploads\\\/2022\\\/09\\\/Bebetto-New-Holland-Pushchair-Buggy-Stroller-Car-Seat-Travel-System-3in1-Black-Frame-03_main.jpg\",\"width\":1000,\"height\":1000},{\"@type\":\"BreadcrumbList\",\"@id\":\"https:\\\/\\\/forbabyboss.com\\\/product\\\/pushchair-baby-pram-travel-system-3in1-in-black\\\/#breadcrumb\",\"itemListElement\":[{\"@type\":\"ListItem\",\"position\":1,\"name\":\"Home\",\"item\":\"https:\\\/\\\/forbabyboss.com\\\/\"},{\"@type\":\"ListItem\",\"position\":2,\"name\":\"Shop\",\"item\":\"https:\\\/\\\/forbabyboss.com\\\/shop\\\/\"},{\"@type\":\"ListItem\",\"position\":3,\"name\":\"Pushchair Baby Pram Travel System 3in1 in Black\"}]},{\"@type\":\"WebSite\",\"@id\":\"https:\\\/\\\/powderblue-seahorse-496884.hostingersite.com\\\/#website\",\"url\":\"https:\\\/\\\/powderblue-seahorse-496884.hostingersite.com\\\/\",\"name\":\"For Baby Boss\",\"description\":\"Beautiful gifts and accessories for your baby boss\",\"potentialAction\":[{\"@type\":\"SearchAction\",\"target\":{\"@type\":\"EntryPoint\",\"urlTemplate\":\"https:\\\/\\\/powderblue-seahorse-496884.hostingersite.com\\\/?s={search_term_string}\"},\"query-input\":{\"@type\":\"PropertyValueSpecification\",\"valueRequired\":true,\"valueName\":\"search_term_string\"}}],\"inLanguage\":\"es\"}]}<\/script>\n<!-- \/ Yoast SEO plugin. -->","yoast_head_json":{"title":"Silla de paseo\/silla de beb\u00e9 3 en 1 en color negro - Para Baby Boss","description":"Silla de paseo\/silla de beb\u00e9 3 en 1 en color negro","robots":{"index":"index","follow":"follow","max-snippet":"max-snippet:-1","max-image-preview":"max-image-preview:large","max-video-preview":"max-video-preview:-1"},"canonical":"https:\/\/forbabyboss.com\/es\/product\/silla-de-paseo-silla-de-bebe-3-en-1-en-color-negro\/","og_locale":"es_ES","og_type":"article","og_title":"Pushchair Baby Pram Travel System 3in1 in Black - For Baby Boss","og_description":"Pushchair Baby Pram Travel System 3in1 in Black","og_url":"https:\/\/forbabyboss.com\/es\/product\/silla-de-paseo-silla-de-bebe-3-en-1-en-color-negro\/","og_site_name":"For Baby Boss","article_modified_time":"2026-02-21T15:08:30+00:00","og_image":[{"width":1000,"height":1000,"url":"https:\/\/forbabyboss.com\/wp-content\/uploads\/2022\/09\/Bebetto-New-Holland-Pushchair-Buggy-Stroller-Car-Seat-Travel-System-3in1-Black-Frame-03_main.jpg","type":"image\/jpeg"}],"twitter_card":"summary_large_image","twitter_misc":{"Tiempo de lectura":"2 minutos"},"schema":{"@context":"https:\/\/schema.org","@graph":[{"@type":"WebPage","@id":"https:\/\/forbabyboss.com\/product\/pushchair-baby-pram-travel-system-3in1-in-black\/","url":"https:\/\/forbabyboss.com\/product\/pushchair-baby-pram-travel-system-3in1-in-black\/","name":"Silla de paseo\/silla de beb\u00e9 3 en 1 en color negro - Para Baby Boss","isPartOf":{"@id":"https:\/\/powderblue-seahorse-496884.hostingersite.com\/#website"},"primaryImageOfPage":{"@id":"https:\/\/forbabyboss.com\/product\/pushchair-baby-pram-travel-system-3in1-in-black\/#primaryimage"},"image":{"@id":"https:\/\/forbabyboss.com\/product\/pushchair-baby-pram-travel-system-3in1-in-black\/#primaryimage"},"thumbnailUrl":"https:\/\/forbabyboss.com\/wp-content\/uploads\/2022\/09\/Bebetto-New-Holland-Pushchair-Buggy-Stroller-Car-Seat-Travel-System-3in1-Black-Frame-03_main.jpg","datePublished":"2022-09-07T11:23:02+00:00","dateModified":"2026-02-21T15:08:30+00:00","description":"Silla de paseo\/silla de beb\u00e9 3 en 1 en color negro","breadcrumb":{"@id":"https:\/\/forbabyboss.com\/product\/pushchair-baby-pram-travel-system-3in1-in-black\/#breadcrumb"},"inLanguage":"es","potentialAction":[{"@type":"ReadAction","target":["https:\/\/forbabyboss.com\/product\/pushchair-baby-pram-travel-system-3in1-in-black\/"]}]},{"@type":"ImageObject","inLanguage":"es","@id":"https:\/\/forbabyboss.com\/product\/pushchair-baby-pram-travel-system-3in1-in-black\/#primaryimage","url":"https:\/\/forbabyboss.com\/wp-content\/uploads\/2022\/09\/Bebetto-New-Holland-Pushchair-Buggy-Stroller-Car-Seat-Travel-System-3in1-Black-Frame-03_main.jpg","contentUrl":"https:\/\/forbabyboss.com\/wp-content\/uploads\/2022\/09\/Bebetto-New-Holland-Pushchair-Buggy-Stroller-Car-Seat-Travel-System-3in1-Black-Frame-03_main.jpg","width":1000,"height":1000},{"@type":"BreadcrumbList","@id":"https:\/\/forbabyboss.com\/product\/pushchair-baby-pram-travel-system-3in1-in-black\/#breadcrumb","itemListElement":[{"@type":"ListItem","position":1,"name":"Home","item":"https:\/\/forbabyboss.com\/"},{"@type":"ListItem","position":2,"name":"Shop","item":"https:\/\/forbabyboss.com\/shop\/"},{"@type":"ListItem","position":3,"name":"Pushchair Baby Pram Travel System 3in1 in Black"}]},{"@type":"WebSite","@id":"https:\/\/powderblue-seahorse-496884.hostingersite.com\/#website","url":"https:\/\/powderblue-seahorse-496884.hostingersite.com\/","name":"Para el beb\u00e9 jefe","description":"Hermosos regalos y accesorios para tu beb\u00e9 jefe.","potentialAction":[{"@type":"SearchAction","target":{"@type":"EntryPoint","urlTemplate":"https:\/\/powderblue-seahorse-496884.hostingersite.com\/?s={search_term_string}"},"query-input":{"@type":"PropertyValueSpecification","valueRequired":true,"valueName":"search_term_string"}}],"inLanguage":"es"}]}},"_links":{"self":[{"href":"https:\/\/forbabyboss.com\/es\/wp-json\/wp\/v2\/product\/4103","targetHints":{"allow":["GET"]}}],"collection":[{"href":"https:\/\/forbabyboss.com\/es\/wp-json\/wp\/v2\/product"}],"about":[{"href":"https:\/\/forbabyboss.com\/es\/wp-json\/wp\/v2\/types\/product"}],"wp:featuredmedia":[{"embeddable":true,"href":"https:\/\/forbabyboss.com\/es\/wp-json\/wp\/v2\/media\/4104"}],"wp:attachment":[{"href":"https:\/\/forbabyboss.com\/es\/wp-json\/wp\/v2\/media?parent=4103"}],"wp:term":[{"taxonomy":"product_brand","embeddable":true,"href":"https:\/\/forbabyboss.com\/es\/wp-json\/wp\/v2\/product_brand?post=4103"},{"taxonomy":"product_cat","embeddable":true,"href":"https:\/\/forbabyboss.com\/es\/wp-json\/wp\/v2\/product_cat?post=4103"},{"taxonomy":"product_tag","embeddable":true,"href":"https:\/\/forbabyboss.com\/es\/wp-json\/wp\/v2\/product_tag?post=4103"}],"curies":[{"name":"wp","href":"https:\/\/api.w.org\/{rel}","templated":true}]}}