{"id":4512,"date":"2022-09-09T07:12:52","date_gmt":"2022-09-09T07:12:52","guid":{"rendered":"http:\/\/forbabyboss.com\/?post_type=product&#038;p=4512"},"modified":"2026-02-21T16:10:32","modified_gmt":"2026-02-21T16:10:32","slug":"cochecito-de-bebe-black-sesame-168-sistema-de-viaje-esencial-4-en-1","status":"publish","type":"product","link":"https:\/\/forbabyboss.com\/es\/product\/168-black-sesame-baby-pram-esential-travel-system-4in1\/","title":{"rendered":"168 Cochecito de beb\u00e9 Black Sesame Sistema de viaje esencial 4 en 1"},"content":{"rendered":"<h2><strong><span style=\"color: #e14d43;\"><span style=\"font-style: inherit;\">Tu compa\u00f1ero de familia<\/span><\/span><\/strong><\/h2>\n<p style=\"font-weight: 400; text-align: justify;\"><strong>Apreciada y querida por miles de familias, la Tutis Uno presenta su colecci\u00f3n de segunda generaci\u00f3n con a\u00fan m\u00e1s funciones. El equipo de ingenier\u00eda de Tutis recopil\u00f3 las opiniones de los clientes, las analiz\u00f3 y mejor\u00f3 la carriola Uno. Les presentamos la Tutis Uno+, la carriola de sus sue\u00f1os: segura, duradera y delicada para padres y beb\u00e9s.<\/strong><\/p>\n<p style=\"font-weight: 400; text-align: justify;\"><strong>El chasis Uno, extremadamente maniobrable y compacto, resulta c\u00f3modo y pr\u00e1ctico para las aventuras diarias en la ciudad y la naturaleza. El capazo Tutis Uno+ destaca por su seguridad y ligereza.<\/strong><\/p>\n<h3 style=\"font-weight: 400; text-align: justify;\"><strong><span style=\"color: #e14d43;\">Capazo ultraligero y t\u00e9rmico<\/span><\/strong><\/h3>\n<p style=\"font-weight: 400; text-align: justify;\"><strong>ARCELTM, una combinaci\u00f3n especial de materiales de polietileno, fue inventada exclusivamente para los capazos TUTIS con el fin de garantizar una ligereza y firmeza excepcionales.<\/strong><\/p>\n<p style=\"font-weight: 400; text-align: justify;\"><strong>ESTRUCTURA COMPACTA PLEGABLE<\/strong><\/p>\n<p style=\"font-weight: 400; text-align: justify;\"><strong>Gracias a su sofisticado dise\u00f1o, el chasis del cochecito se pliega de forma compacta, r\u00e1pida y sencilla. Una vez plegado, el cochecito cabe f\u00e1cilmente en el maletero del coche o en casa.<\/strong><\/p>\n<h3 style=\"font-weight: 400; text-align: justify;\"><strong><span style=\"font-size: 120%; color: #e14d43;\">Unidad de asiento espaciosa<\/span><\/strong><\/h3>\n<p style=\"font-weight: 400; text-align: justify;\"><strong>El asiento y las costuras de alta calidad est\u00e1n optimizados hasta el m\u00e1s m\u00ednimo detalle, y la capota insonorizada se despliega completamente para crear un oasis que permite un viaje extremadamente c\u00f3modo.<\/strong><\/p>\n<h3 style=\"font-weight: 400; text-align: justify;\"><strong><span style=\"color: #e14d43;\">Precio incluido<\/span>:<\/strong><\/h3>\n<ul>\n<li><strong>Capazo<\/strong><\/li>\n<li><strong>Unidad de asiento<\/strong><\/li>\n<li><strong>Chasis deportivo<\/strong><\/li>\n<li><strong>Protecci\u00f3n contra la lluvia<\/strong><\/li>\n<li><strong>Bolsa para madre con ropa de cama<\/strong><\/li>\n<li><strong>6. Portavasos<\/strong><\/li>\n<li><strong>Cesta de la compra<\/strong><\/li>\n<li><strong>Funda para capazo<\/strong><\/li>\n<li><strong>Cubierta para la unidad de asiento<\/strong><\/li>\n<li><strong>El asa protectora de la unidad de asiento<\/strong><\/li>\n<li><strong>Mosquitero<\/strong><\/li>\n<li><strong>Colch\u00f3n<\/strong><\/li>\n<\/ul>\n<p style=\"font-weight: 400; text-align: justify;\"><strong>Asiento de coche c\u00f3modo<\/strong><\/p>\n<ul>\n<li style=\"font-weight: 400; text-align: justify;\"><strong>Grupo 0-13 kg:<\/strong><\/li>\n<li style=\"font-weight: 400; text-align: justify;\"><strong>Homologaci\u00f3n europea ECE R44\/04<\/strong><\/li>\n<li style=\"font-weight: 400; text-align: justify;\"><strong>Montado en el carro mediante el adaptador.<\/strong><\/li>\n<li style=\"font-weight: 400; text-align: justify;\"><strong>arn\u00e9s de 3 puntos<\/strong><\/li>\n<li style=\"font-weight: 400; text-align: justify;\"><strong>Almohadilla adicional para beb\u00e9 reci\u00e9n nacido<\/strong><\/li>\n<li style=\"font-weight: 400; text-align: justify;\"><strong>Asa ajustable para transportar<\/strong><\/li>\n<li style=\"font-weight: 400; text-align: justify;\"><strong>Funda de cap\u00f3 extra\u00edble<\/strong><\/li>\n<li style=\"font-weight: 400; text-align: justify;\"><strong>Cinturones de seguridad ajustables en altura<\/strong><\/li>\n<li style=\"font-weight: 400; text-align: justify;\"><strong>Modo orientado hacia adelante o hacia atr\u00e1s<\/strong><\/li>\n<li style=\"font-weight: 400; text-align: justify;\"><strong>Equipado con sistema ISOFIX (opcional)<\/strong><\/li>\n<\/ul>\n<h3 style=\"font-weight: 400; text-align: justify;\"><strong><span style=\"color: #e14d43;\">Base Isofix<\/span>:<\/strong><\/h3>\n<ul style=\"text-align: justify;\">\n<li style=\"font-weight: 400;\"><strong>Color: Negro<\/strong><\/li>\n<li style=\"font-weight: 400;\"><strong>Apto desde el nacimiento<\/strong><\/li>\n<li style=\"font-weight: 400;\"><strong>Se fija directamente al chasis del coche mediante los puntos de anclaje ISOFIX del veh\u00edculo.<\/strong><\/li>\n<li style=\"font-weight: 400;\"><strong>Tambi\u00e9n se puede asegurar utilizando el cintur\u00f3n de seguridad del veh\u00edculo.<\/strong><\/li>\n<li style=\"font-weight: 400;\"><strong>Compatible con los asientos de coche Tutis<\/strong><\/li>\n<li style=\"font-weight: 400;\"><strong>F\u00e1cil de instalar<\/strong><\/li>\n<li style=\"font-weight: 400;\"><strong>Seguro y protegido<\/strong><\/li>\n<li style=\"font-weight: 400;\"><strong>Minimiza las molestias<\/strong><\/li>\n<li style=\"font-weight: 400;\"><strong>Reduce la probabilidad de despertar al beb\u00e9 al trasladarlo del coche a casa.<\/strong><\/li>\n<li style=\"font-weight: 400;\"><strong>La pata de apoyo proporciona m\u00e1xima estabilidad y seguridad, y se ajusta f\u00e1cilmente para un ajuste \u00f3ptimo.<\/strong><\/li>\n<li style=\"font-weight: 400;\"><strong>Los indicadores de color confirman la correcta instalaci\u00f3n de la base en el veh\u00edculo.<\/strong><\/li>\n<\/ul>\n<h3 style=\"text-align: justify;\" align=\"center\"><strong><span style=\"font-family: Arial; color: #e14d43;\">Dimensiones, peso<\/span><\/strong><\/h3>\n<ul>\n<li style=\"text-align: justify;\"><strong>Dimensiones interiores\/peso del cochecito: 84\u00d738 cm \/ 3,75 kg<\/strong><\/li>\n<li style=\"text-align: justify;\"><strong>Dimensiones internas del asiento \/ peso: 95 \u00d7 38 cm \/ 4,8 kg<\/strong><\/li>\n<li style=\"text-align: justify;\"><strong>Dimensiones\/peso interior de la silla de coche: 71 \u00d7 31,5 cm \/ 3,2 kg<\/strong><\/li>\n<li style=\"text-align: justify;\"><strong>Chasis + ruedas: 7,8 kg<\/strong><\/li>\n<li style=\"text-align: justify;\"><strong>Plegada cabe en el espacio: 80x61x34 cm<\/strong><\/li>\n<\/ul>\n<p><strong><a href=\"http:\/\/forbabyboss.com\/wp-content\/uploads\/2022\/09\/checkout.png\"><img loading=\"lazy\" decoding=\"async\" class=\"alignnone size-full wp-image-5965\" src=\"http:\/\/forbabyboss.com\/wp-content\/uploads\/2022\/09\/checkout.png\" alt=\"\" width=\"750\" height=\"276\" srcset=\"https:\/\/forbabyboss.com\/wp-content\/uploads\/2022\/09\/checkout.png 750w, https:\/\/forbabyboss.com\/wp-content\/uploads\/2022\/09\/checkout-600x221.png 600w\" sizes=\"auto, (max-width: 750px) 100vw, 750px\" \/><\/a><\/strong><\/p>","protected":false},"excerpt":{"rendered":"<p><a href=\"http:\/\/forbabyboss.com\/wp-content\/uploads\/2022\/09\/Star-Rating-5.png\"><img loading=\"lazy\" decoding=\"async\" class=\"alignnone size-full wp-image-5973 aligncenter\" src=\"http:\/\/forbabyboss.com\/wp-content\/uploads\/2022\/09\/Star-Rating-5.png\" alt=\"\" width=\"275\" height=\"45\" \/><\/a><\/p>\n<p style=\"text-align: center;\"><span style=\"color: #ed1c24; font-size: 120%;\"><b>GARANT\u00cdA DE IGUALACI\u00d3N DE PRECIOS<\/b><\/span><\/p>\n<p style=\"text-align: center;\"><span style=\"font-size: 115%;\"><span style=\"font-weight: 400; color: #4f4fa7;\">Env\u00edo gratuito<\/span><span style=\"font-weight: 400;\"> \u2013 2 \u2013 7 d\u00edas<\/span><\/span><\/p>\n<p style=\"text-align: center;\"><strong><span style=\"color: #29606b;\">Regalo gratis con compras superiores a 100 \u00a3<\/span><\/strong><\/p>","protected":false},"featured_media":4500,"template":"","meta":[],"product_brand":[581],"product_cat":[157,156,197,305,130,209,211,229],"product_tag":[200,171],"class_list":{"0":"post-4512","1":"product","2":"type-product","3":"status-publish","4":"has-post-thumbnail","6":"product_brand-tutis","7":"product_cat-2-in-1","8":"product_cat-3-in-1","9":"product_cat-4-in-1-pram","10":"product_cat-colour","11":"product_cat-prams","12":"product_cat-push-chairs","13":"product_cat-stroller","14":"product_cat-white","15":"product_tag-4-in-1-pram","16":"product_tag-pram","18":"first","19":"instock","20":"sale","21":"shipping-taxable","22":"purchasable","23":"product-type-simple"},"yoast_head":"<!-- This site is optimized with the Yoast SEO plugin v27.5 - https:\/\/yoast.com\/product\/yoast-seo-wordpress\/ -->\n<title>168 Black Sesame Baby Pram Esential Travel System 4in1 - For Baby Boss<\/title>\n<meta name=\"description\" content=\"168 Black Sesame Baby Pram Esential Travel System 4in1\" \/>\n<meta name=\"robots\" content=\"index, follow, max-snippet:-1, max-image-preview:large, max-video-preview:-1\" \/>\n<link rel=\"canonical\" href=\"https:\/\/forbabyboss.com\/es\/product\/cochecito-de-bebe-black-sesame-168-sistema-de-viaje-esencial-4-en-1\/\" \/>\n<meta property=\"og:locale\" content=\"es_ES\" \/>\n<meta property=\"og:type\" content=\"article\" \/>\n<meta property=\"og:title\" content=\"168 Black Sesame Baby Pram Esential Travel System 4in1 - For Baby Boss\" \/>\n<meta property=\"og:description\" content=\"168 Black Sesame Baby Pram Esential Travel System 4in1\" \/>\n<meta property=\"og:url\" content=\"https:\/\/forbabyboss.com\/es\/product\/cochecito-de-bebe-black-sesame-168-sistema-de-viaje-esencial-4-en-1\/\" \/>\n<meta property=\"og:site_name\" content=\"For Baby Boss\" \/>\n<meta property=\"article:modified_time\" content=\"2026-02-21T16:10:32+00:00\" \/>\n<meta property=\"og:image\" content=\"https:\/\/forbabyboss.com\/wp-content\/uploads\/2022\/09\/Baby-Pram-Pushchair-Tutis-UNO3-Esential-Travel-System2in1-3in1-4in1-Car-seat-168-Black-Sesame-4in1-3n1isofix-base_Main.jpg\" \/>\n\t<meta property=\"og:image:width\" content=\"1020\" \/>\n\t<meta property=\"og:image:height\" content=\"1020\" \/>\n\t<meta property=\"og:image:type\" content=\"image\/jpeg\" \/>\n<meta name=\"twitter:card\" content=\"summary_large_image\" \/>\n<meta name=\"twitter:label1\" content=\"Tiempo de lectura\" \/>\n\t<meta name=\"twitter:data1\" content=\"2 minutos\" \/>\n<script type=\"application\/ld+json\" class=\"yoast-schema-graph\">{\"@context\":\"https:\\\/\\\/schema.org\",\"@graph\":[{\"@type\":\"WebPage\",\"@id\":\"https:\\\/\\\/forbabyboss.com\\\/product\\\/168-black-sesame-baby-pram-esential-travel-system-4in1\\\/\",\"url\":\"https:\\\/\\\/forbabyboss.com\\\/product\\\/168-black-sesame-baby-pram-esential-travel-system-4in1\\\/\",\"name\":\"168 Black Sesame Baby Pram Esential Travel System 4in1 - For Baby Boss\",\"isPartOf\":{\"@id\":\"https:\\\/\\\/powderblue-seahorse-496884.hostingersite.com\\\/#website\"},\"primaryImageOfPage\":{\"@id\":\"https:\\\/\\\/forbabyboss.com\\\/product\\\/168-black-sesame-baby-pram-esential-travel-system-4in1\\\/#primaryimage\"},\"image\":{\"@id\":\"https:\\\/\\\/forbabyboss.com\\\/product\\\/168-black-sesame-baby-pram-esential-travel-system-4in1\\\/#primaryimage\"},\"thumbnailUrl\":\"https:\\\/\\\/forbabyboss.com\\\/wp-content\\\/uploads\\\/2022\\\/09\\\/Baby-Pram-Pushchair-Tutis-UNO3-Esential-Travel-System2in1-3in1-4in1-Car-seat-168-Black-Sesame-4in1-3n1isofix-base_Main.jpg\",\"datePublished\":\"2022-09-09T07:12:52+00:00\",\"dateModified\":\"2026-02-21T16:10:32+00:00\",\"description\":\"168 Black Sesame Baby Pram Esential Travel System 4in1\",\"breadcrumb\":{\"@id\":\"https:\\\/\\\/forbabyboss.com\\\/product\\\/168-black-sesame-baby-pram-esential-travel-system-4in1\\\/#breadcrumb\"},\"inLanguage\":\"es\",\"potentialAction\":[{\"@type\":\"ReadAction\",\"target\":[\"https:\\\/\\\/forbabyboss.com\\\/product\\\/168-black-sesame-baby-pram-esential-travel-system-4in1\\\/\"]}]},{\"@type\":\"ImageObject\",\"inLanguage\":\"es\",\"@id\":\"https:\\\/\\\/forbabyboss.com\\\/product\\\/168-black-sesame-baby-pram-esential-travel-system-4in1\\\/#primaryimage\",\"url\":\"https:\\\/\\\/forbabyboss.com\\\/wp-content\\\/uploads\\\/2022\\\/09\\\/Baby-Pram-Pushchair-Tutis-UNO3-Esential-Travel-System2in1-3in1-4in1-Car-seat-168-Black-Sesame-4in1-3n1isofix-base_Main.jpg\",\"contentUrl\":\"https:\\\/\\\/forbabyboss.com\\\/wp-content\\\/uploads\\\/2022\\\/09\\\/Baby-Pram-Pushchair-Tutis-UNO3-Esential-Travel-System2in1-3in1-4in1-Car-seat-168-Black-Sesame-4in1-3n1isofix-base_Main.jpg\",\"width\":1020,\"height\":1020},{\"@type\":\"BreadcrumbList\",\"@id\":\"https:\\\/\\\/forbabyboss.com\\\/product\\\/168-black-sesame-baby-pram-esential-travel-system-4in1\\\/#breadcrumb\",\"itemListElement\":[{\"@type\":\"ListItem\",\"position\":1,\"name\":\"Home\",\"item\":\"https:\\\/\\\/forbabyboss.com\\\/\"},{\"@type\":\"ListItem\",\"position\":2,\"name\":\"Shop\",\"item\":\"https:\\\/\\\/forbabyboss.com\\\/shop\\\/\"},{\"@type\":\"ListItem\",\"position\":3,\"name\":\"168 Black Sesame Baby Pram Esential Travel System 4in1\"}]},{\"@type\":\"WebSite\",\"@id\":\"https:\\\/\\\/powderblue-seahorse-496884.hostingersite.com\\\/#website\",\"url\":\"https:\\\/\\\/powderblue-seahorse-496884.hostingersite.com\\\/\",\"name\":\"For Baby Boss\",\"description\":\"Beautiful gifts and accessories for your baby boss\",\"potentialAction\":[{\"@type\":\"SearchAction\",\"target\":{\"@type\":\"EntryPoint\",\"urlTemplate\":\"https:\\\/\\\/powderblue-seahorse-496884.hostingersite.com\\\/?s={search_term_string}\"},\"query-input\":{\"@type\":\"PropertyValueSpecification\",\"valueRequired\":true,\"valueName\":\"search_term_string\"}}],\"inLanguage\":\"es\"}]}<\/script>\n<!-- \/ Yoast SEO plugin. -->","yoast_head_json":{"title":"168 Cochecito de beb\u00e9 Black Sesame Sistema de viaje esencial 4 en 1 - Para Baby Boss","description":"168 Cochecito de beb\u00e9 Black Sesame Sistema de viaje esencial 4 en 1","robots":{"index":"index","follow":"follow","max-snippet":"max-snippet:-1","max-image-preview":"max-image-preview:large","max-video-preview":"max-video-preview:-1"},"canonical":"https:\/\/forbabyboss.com\/es\/product\/cochecito-de-bebe-black-sesame-168-sistema-de-viaje-esencial-4-en-1\/","og_locale":"es_ES","og_type":"article","og_title":"168 Black Sesame Baby Pram Esential Travel System 4in1 - For Baby Boss","og_description":"168 Black Sesame Baby Pram Esential Travel System 4in1","og_url":"https:\/\/forbabyboss.com\/es\/product\/cochecito-de-bebe-black-sesame-168-sistema-de-viaje-esencial-4-en-1\/","og_site_name":"For Baby Boss","article_modified_time":"2026-02-21T16:10:32+00:00","og_image":[{"width":1020,"height":1020,"url":"https:\/\/forbabyboss.com\/wp-content\/uploads\/2022\/09\/Baby-Pram-Pushchair-Tutis-UNO3-Esential-Travel-System2in1-3in1-4in1-Car-seat-168-Black-Sesame-4in1-3n1isofix-base_Main.jpg","type":"image\/jpeg"}],"twitter_card":"summary_large_image","twitter_misc":{"Tiempo de lectura":"2 minutos"},"schema":{"@context":"https:\/\/schema.org","@graph":[{"@type":"WebPage","@id":"https:\/\/forbabyboss.com\/product\/168-black-sesame-baby-pram-esential-travel-system-4in1\/","url":"https:\/\/forbabyboss.com\/product\/168-black-sesame-baby-pram-esential-travel-system-4in1\/","name":"168 Cochecito de beb\u00e9 Black Sesame Sistema de viaje esencial 4 en 1 - Para Baby Boss","isPartOf":{"@id":"https:\/\/powderblue-seahorse-496884.hostingersite.com\/#website"},"primaryImageOfPage":{"@id":"https:\/\/forbabyboss.com\/product\/168-black-sesame-baby-pram-esential-travel-system-4in1\/#primaryimage"},"image":{"@id":"https:\/\/forbabyboss.com\/product\/168-black-sesame-baby-pram-esential-travel-system-4in1\/#primaryimage"},"thumbnailUrl":"https:\/\/forbabyboss.com\/wp-content\/uploads\/2022\/09\/Baby-Pram-Pushchair-Tutis-UNO3-Esential-Travel-System2in1-3in1-4in1-Car-seat-168-Black-Sesame-4in1-3n1isofix-base_Main.jpg","datePublished":"2022-09-09T07:12:52+00:00","dateModified":"2026-02-21T16:10:32+00:00","description":"168 Cochecito de beb\u00e9 Black Sesame Sistema de viaje esencial 4 en 1","breadcrumb":{"@id":"https:\/\/forbabyboss.com\/product\/168-black-sesame-baby-pram-esential-travel-system-4in1\/#breadcrumb"},"inLanguage":"es","potentialAction":[{"@type":"ReadAction","target":["https:\/\/forbabyboss.com\/product\/168-black-sesame-baby-pram-esential-travel-system-4in1\/"]}]},{"@type":"ImageObject","inLanguage":"es","@id":"https:\/\/forbabyboss.com\/product\/168-black-sesame-baby-pram-esential-travel-system-4in1\/#primaryimage","url":"https:\/\/forbabyboss.com\/wp-content\/uploads\/2022\/09\/Baby-Pram-Pushchair-Tutis-UNO3-Esential-Travel-System2in1-3in1-4in1-Car-seat-168-Black-Sesame-4in1-3n1isofix-base_Main.jpg","contentUrl":"https:\/\/forbabyboss.com\/wp-content\/uploads\/2022\/09\/Baby-Pram-Pushchair-Tutis-UNO3-Esential-Travel-System2in1-3in1-4in1-Car-seat-168-Black-Sesame-4in1-3n1isofix-base_Main.jpg","width":1020,"height":1020},{"@type":"BreadcrumbList","@id":"https:\/\/forbabyboss.com\/product\/168-black-sesame-baby-pram-esential-travel-system-4in1\/#breadcrumb","itemListElement":[{"@type":"ListItem","position":1,"name":"Home","item":"https:\/\/forbabyboss.com\/"},{"@type":"ListItem","position":2,"name":"Shop","item":"https:\/\/forbabyboss.com\/shop\/"},{"@type":"ListItem","position":3,"name":"168 Black Sesame Baby Pram Esential Travel System 4in1"}]},{"@type":"WebSite","@id":"https:\/\/powderblue-seahorse-496884.hostingersite.com\/#website","url":"https:\/\/powderblue-seahorse-496884.hostingersite.com\/","name":"Para el beb\u00e9 jefe","description":"Hermosos regalos y accesorios para tu beb\u00e9 jefe.","potentialAction":[{"@type":"SearchAction","target":{"@type":"EntryPoint","urlTemplate":"https:\/\/powderblue-seahorse-496884.hostingersite.com\/?s={search_term_string}"},"query-input":{"@type":"PropertyValueSpecification","valueRequired":true,"valueName":"search_term_string"}}],"inLanguage":"es"}]}},"_links":{"self":[{"href":"https:\/\/forbabyboss.com\/es\/wp-json\/wp\/v2\/product\/4512","targetHints":{"allow":["GET"]}}],"collection":[{"href":"https:\/\/forbabyboss.com\/es\/wp-json\/wp\/v2\/product"}],"about":[{"href":"https:\/\/forbabyboss.com\/es\/wp-json\/wp\/v2\/types\/product"}],"wp:featuredmedia":[{"embeddable":true,"href":"https:\/\/forbabyboss.com\/es\/wp-json\/wp\/v2\/media\/4500"}],"wp:attachment":[{"href":"https:\/\/forbabyboss.com\/es\/wp-json\/wp\/v2\/media?parent=4512"}],"wp:term":[{"taxonomy":"product_brand","embeddable":true,"href":"https:\/\/forbabyboss.com\/es\/wp-json\/wp\/v2\/product_brand?post=4512"},{"taxonomy":"product_cat","embeddable":true,"href":"https:\/\/forbabyboss.com\/es\/wp-json\/wp\/v2\/product_cat?post=4512"},{"taxonomy":"product_tag","embeddable":true,"href":"https:\/\/forbabyboss.com\/es\/wp-json\/wp\/v2\/product_tag?post=4512"}],"curies":[{"name":"wp","href":"https:\/\/api.w.org\/{rel}","templated":true}]}}