{"id":4546,"date":"2022-09-09T07:56:41","date_gmt":"2022-09-09T07:56:41","guid":{"rendered":"http:\/\/forbabyboss.com\/?post_type=product&#038;p=4546"},"modified":"2026-02-21T16:12:08","modified_gmt":"2026-02-21T16:12:08","slug":"cochecito-de-bebe-bebetto-nico-cochecito-estilo-07","status":"publish","type":"product","link":"https:\/\/forbabyboss.com\/es\/product\/baby-pushchair-bebetto-nico-stroller-estilo-07\/","title":{"rendered":"Cochecito Bebe Bebetto Nico \u2013 Estilo 07"},"content":{"rendered":"<h2 style=\"text-align: justify;\" align=\"center\"><strong><span style=\"color: #e14d43; font-family: Arial;\">Cochecito Bebetto Nico<\/span><\/strong><\/h2>\n<h3 style=\"text-align: justify;\" align=\"center\"><strong><span style=\"color: #e14d43;\"><span style=\"font-family: Arial;\">\u00bfPor qu\u00e9 Nico?<\/span><\/span><\/strong><\/h3>\n<p style=\"text-align: justify;\" align=\"center\"><strong><span style=\"font-family: Arial; color: #000000;\">El nuevo asiento, ligero y con colores brillantes, llama la atenci\u00f3n, convirti\u00e9ndolo en una excelente opci\u00f3n para quienes aprecian la funcionalidad y el dise\u00f1o. \u00a1Elige tu color favorito y disfruta de tu pr\u00e1ctico cochecito!<\/span><\/strong><\/p>\n<h4 style=\"text-align: justify;\" align=\"center\"><strong><span style=\"font-size: medium; color: #000000;\">Fabricada en Europa con materiales de alta calidad, estructura de aluminio ligero y dise\u00f1o de estilo moderno.<br \/>\n<\/span><\/strong><\/h4>\n<h4 style=\"text-align: justify;\" align=\"center\"><strong><span style=\"color: #e14d43;\"><span style=\"font-family: Arial;\">Asiento c\u00f3modo \u2013 Unidad<\/span><\/span><\/strong><\/h4>\n<p style=\"text-align: justify;\" align=\"center\"><strong><span style=\"font-family: Arial; color: #000000;\">Nico cuenta con un asiento que permite al ni\u00f1o adoptar una posici\u00f3n c\u00f3moda. La capota ajustable lo protege del viento y del sol. La capota desmontable es ideal para pasear en d\u00edas ventosos. El sistema de acoplamiento y desacoplamiento del asiento facilita su colocaci\u00f3n tanto hacia adelante como hacia atr\u00e1s. Un nuevo sistema para desmontar la barrera resulta muy \u00fatil al colocar al ni\u00f1o en el cochecito. Gracias a las ruedas Flexy Wheels, no tendr\u00e1 que preocuparse por la presi\u00f3n de aire de los neum\u00e1ticos, ya que siempre mantienen una forma estable. Su peso y flexibilidad son los mismos que los de las ruedas infladas.<\/span><\/strong><\/p>\n<h4 style=\"text-align: justify;\" align=\"center\"><strong><span style=\"color: #e14d43;\"><span style=\"font-family: Arial;\">Cuadro con absorci\u00f3n de impactos<\/span><\/span><\/strong><\/h4>\n<p style=\"text-align: justify;\" align=\"center\"><strong><span style=\"font-family: Arial; color: #000000;\">Nico est\u00e1 equipado con amortiguadores que minimizan las vibraciones al caminar sobre superficies irregulares. El sistema de absorci\u00f3n de impactos SAS y el DMS protegen las ruedas para evitar que se bloqueen al superar obst\u00e1culos. El chasis se puede plegar con el asiento incorporado, lo que resulta muy pr\u00e1ctico para guardar y transportar el cochecito.<\/span><\/strong><\/p>\n<p><strong><span style=\"color: #e14d43;\"><span style=\"font-family: Arial;\">\u00a0Sillas de coche con estructura<\/span><\/span><\/strong><\/p>\n<p style=\"text-align: justify;\" align=\"center\"><strong><span style=\"font-family: Arial; color: #000000;\">Los cochecitos Babette son compatibles con los adaptadores Bobostello, que permiten instalar una silla de coche en casi cualquier modelo con chasis Babette. El sistema de reducci\u00f3n de holgura y el ajuste del \u00e1ngulo de inclinaci\u00f3n son caracter\u00edsticas realmente innovadoras que permiten transportar al ni\u00f1o en una posici\u00f3n \u00f3ptima (acostado, para beb\u00e9s de hasta 6 meses, y sentado, para ni\u00f1os que ya se sientan solos).<\/span><\/strong><\/p>\n<p><strong><span style=\"color: #e14d43;\"><span style=\"font-family: Arial;\">\u00a0Asiento plegable integrado en un marco<\/span><\/span><\/strong><\/p>\n<p style=\"text-align: justify;\" align=\"center\"><strong><span style=\"font-family: Arial; color: #000000;\">Puedes plegar el cochecito Nico con el asiento incluido, sin necesidad de desmontarlo. \u00a1Pero eso no es todo! El asiento se puede colocar mirando hacia ti o en direcci\u00f3n contraria. Gracias a esto, puedes plegar el cochecito de forma r\u00e1pida y sencilla, tanto si paseas con un beb\u00e9 como con un ni\u00f1o de tres a\u00f1os.<\/span><\/strong><\/p>\n<div style=\"text-align: justify;\"><strong><span style=\"color: #e14d43;\">Precio incluido:<\/span><\/strong><\/div>\n<div>\n<div style=\"text-align: justify;\"><strong><span style=\"color: #000000;\">\u00a0<\/span><\/strong><\/div>\n<div>\n<div style=\"text-align: justify;\"><strong><span style=\"font-family: Arial; color: #000000;\">\u2022 Marco de aluminio<\/span><\/strong><\/div>\n<div style=\"text-align: justify;\"><strong><span style=\"font-family: Arial; color: #000000;\">\u2022 4 ruedas<\/span><\/strong><\/div>\n<div style=\"text-align: justify;\"><strong><span style=\"font-family: Arial; color: #000000;\">\u2022 Silla de paseo + capota ajustable<\/span><\/strong><\/div>\n<div style=\"text-align: justify;\"><strong><span style=\"font-family: Arial; color: #000000;\">\u2022 Funda para los pies<\/span><\/strong><\/div>\n<div style=\"text-align: justify;\"><strong><span style=\"font-family: Arial; color: #000000;\">\u2022 Cesta de la compra<\/span><\/strong><\/div>\n<div style=\"text-align: justify;\"><strong><span style=\"font-family: Arial; color: #000000;\">\u2022 Garant\u00eda de 24 meses\u00a0<\/span><\/strong><\/div>\n<div><\/div>\n<div><a href=\"http:\/\/forbabyboss.com\/wp-content\/uploads\/2022\/09\/checkout.png\"><img loading=\"lazy\" decoding=\"async\" class=\"alignnone size-full wp-image-5965\" src=\"http:\/\/forbabyboss.com\/wp-content\/uploads\/2022\/09\/checkout.png\" alt=\"\" width=\"750\" height=\"276\" srcset=\"https:\/\/forbabyboss.com\/wp-content\/uploads\/2022\/09\/checkout.png 750w, https:\/\/forbabyboss.com\/wp-content\/uploads\/2022\/09\/checkout-600x221.png 600w\" sizes=\"auto, (max-width: 750px) 100vw, 750px\" \/><\/a><\/div>\n<\/div>\n<\/div>","protected":false},"excerpt":{"rendered":"<p><a href=\"http:\/\/forbabyboss.com\/wp-content\/uploads\/2022\/09\/Star-Rating-5.png\"><img loading=\"lazy\" decoding=\"async\" class=\"alignnone size-full wp-image-5973 aligncenter\" src=\"http:\/\/forbabyboss.com\/wp-content\/uploads\/2022\/09\/Star-Rating-5.png\" alt=\"\" width=\"275\" height=\"45\" \/><\/a><\/p>\n<p style=\"text-align: center;\"><span style=\"color: #ed1c24; font-size: 120%;\"><b>GARANT\u00cdA DE IGUALACI\u00d3N DE PRECIOS<\/b><\/span><\/p>\n<p style=\"text-align: center;\"><span style=\"font-size: 115%;\"><span style=\"font-weight: 400; color: #4f4fa7;\">Env\u00edo gratuito<\/span><span style=\"font-weight: 400;\"> \u2013 2 \u2013 7 d\u00edas<\/span><\/span><\/p>\n<p style=\"text-align: center;\"><strong><span style=\"color: #29606b;\">Regalo gratis con compras superiores a 100 \u00a3<\/span><\/strong><\/p>","protected":false},"featured_media":4547,"template":"","meta":[],"product_brand":[583],"product_cat":[336,339,305,210,130,209,211],"product_tag":[171],"class_list":{"0":"post-4546","1":"product","2":"type-product","3":"status-publish","4":"has-post-thumbnail","6":"product_brand-bebetto","7":"product_cat-400-to-500","8":"product_cat-700-to-800","9":"product_cat-colour","10":"product_cat-grey","11":"product_cat-prams","12":"product_cat-push-chairs","13":"product_cat-stroller","14":"product_tag-pram","16":"first","17":"instock","18":"sale","19":"shipping-taxable","20":"purchasable","21":"product-type-simple"},"yoast_head":"<!-- This site is optimized with the Yoast SEO plugin v27.5 - https:\/\/yoast.com\/product\/yoast-seo-wordpress\/ -->\n<title>Baby Pushchair Bebetto Nico Stroller - Estilo 07 - For Baby Boss<\/title>\n<meta name=\"description\" content=\"Baby Pushchair Bebetto Nico Stroller - Estilo 07\" \/>\n<meta name=\"robots\" content=\"index, follow, max-snippet:-1, max-image-preview:large, max-video-preview:-1\" \/>\n<link rel=\"canonical\" href=\"https:\/\/forbabyboss.com\/es\/product\/cochecito-de-bebe-bebetto-nico-cochecito-estilo-07\/\" \/>\n<meta property=\"og:locale\" content=\"es_ES\" \/>\n<meta property=\"og:type\" content=\"article\" \/>\n<meta property=\"og:title\" content=\"Baby Pushchair Bebetto Nico Stroller - Estilo 07 - For Baby Boss\" \/>\n<meta property=\"og:description\" content=\"Baby Pushchair Bebetto Nico Stroller - Estilo 07\" \/>\n<meta property=\"og:url\" content=\"https:\/\/forbabyboss.com\/es\/product\/cochecito-de-bebe-bebetto-nico-cochecito-estilo-07\/\" \/>\n<meta property=\"og:site_name\" content=\"For Baby Boss\" \/>\n<meta property=\"article:modified_time\" content=\"2026-02-21T16:12:08+00:00\" \/>\n<meta property=\"og:image\" content=\"https:\/\/forbabyboss.com\/wp-content\/uploads\/2022\/09\/Baby-Pushchair-Bebetto-Nico-Estilo-Stroller-Buggie-accessories-Estilo-07_MAIN.jpg\" \/>\n\t<meta property=\"og:image:width\" content=\"1000\" \/>\n\t<meta property=\"og:image:height\" content=\"1000\" \/>\n\t<meta property=\"og:image:type\" content=\"image\/jpeg\" \/>\n<meta name=\"twitter:card\" content=\"summary_large_image\" \/>\n<meta name=\"twitter:label1\" content=\"Tiempo de lectura\" \/>\n\t<meta name=\"twitter:data1\" content=\"2 minutos\" \/>\n<script type=\"application\/ld+json\" class=\"yoast-schema-graph\">{\"@context\":\"https:\\\/\\\/schema.org\",\"@graph\":[{\"@type\":\"WebPage\",\"@id\":\"https:\\\/\\\/forbabyboss.com\\\/product\\\/baby-pushchair-bebetto-nico-stroller-estilo-07\\\/\",\"url\":\"https:\\\/\\\/forbabyboss.com\\\/product\\\/baby-pushchair-bebetto-nico-stroller-estilo-07\\\/\",\"name\":\"Baby Pushchair Bebetto Nico Stroller - Estilo 07 - For Baby Boss\",\"isPartOf\":{\"@id\":\"https:\\\/\\\/powderblue-seahorse-496884.hostingersite.com\\\/#website\"},\"primaryImageOfPage\":{\"@id\":\"https:\\\/\\\/forbabyboss.com\\\/product\\\/baby-pushchair-bebetto-nico-stroller-estilo-07\\\/#primaryimage\"},\"image\":{\"@id\":\"https:\\\/\\\/forbabyboss.com\\\/product\\\/baby-pushchair-bebetto-nico-stroller-estilo-07\\\/#primaryimage\"},\"thumbnailUrl\":\"https:\\\/\\\/forbabyboss.com\\\/wp-content\\\/uploads\\\/2022\\\/09\\\/Baby-Pushchair-Bebetto-Nico-Estilo-Stroller-Buggie-accessories-Estilo-07_MAIN.jpg\",\"datePublished\":\"2022-09-09T07:56:41+00:00\",\"dateModified\":\"2026-02-21T16:12:08+00:00\",\"description\":\"Baby Pushchair Bebetto Nico Stroller - Estilo 07\",\"breadcrumb\":{\"@id\":\"https:\\\/\\\/forbabyboss.com\\\/product\\\/baby-pushchair-bebetto-nico-stroller-estilo-07\\\/#breadcrumb\"},\"inLanguage\":\"es\",\"potentialAction\":[{\"@type\":\"ReadAction\",\"target\":[\"https:\\\/\\\/forbabyboss.com\\\/product\\\/baby-pushchair-bebetto-nico-stroller-estilo-07\\\/\"]}]},{\"@type\":\"ImageObject\",\"inLanguage\":\"es\",\"@id\":\"https:\\\/\\\/forbabyboss.com\\\/product\\\/baby-pushchair-bebetto-nico-stroller-estilo-07\\\/#primaryimage\",\"url\":\"https:\\\/\\\/forbabyboss.com\\\/wp-content\\\/uploads\\\/2022\\\/09\\\/Baby-Pushchair-Bebetto-Nico-Estilo-Stroller-Buggie-accessories-Estilo-07_MAIN.jpg\",\"contentUrl\":\"https:\\\/\\\/forbabyboss.com\\\/wp-content\\\/uploads\\\/2022\\\/09\\\/Baby-Pushchair-Bebetto-Nico-Estilo-Stroller-Buggie-accessories-Estilo-07_MAIN.jpg\",\"width\":1000,\"height\":1000},{\"@type\":\"BreadcrumbList\",\"@id\":\"https:\\\/\\\/forbabyboss.com\\\/product\\\/baby-pushchair-bebetto-nico-stroller-estilo-07\\\/#breadcrumb\",\"itemListElement\":[{\"@type\":\"ListItem\",\"position\":1,\"name\":\"Home\",\"item\":\"https:\\\/\\\/forbabyboss.com\\\/\"},{\"@type\":\"ListItem\",\"position\":2,\"name\":\"Shop\",\"item\":\"https:\\\/\\\/forbabyboss.com\\\/shop\\\/\"},{\"@type\":\"ListItem\",\"position\":3,\"name\":\"Baby Pushchair Bebetto Nico Stroller &#8211; Estilo 07\"}]},{\"@type\":\"WebSite\",\"@id\":\"https:\\\/\\\/powderblue-seahorse-496884.hostingersite.com\\\/#website\",\"url\":\"https:\\\/\\\/powderblue-seahorse-496884.hostingersite.com\\\/\",\"name\":\"For Baby Boss\",\"description\":\"Beautiful gifts and accessories for your baby boss\",\"potentialAction\":[{\"@type\":\"SearchAction\",\"target\":{\"@type\":\"EntryPoint\",\"urlTemplate\":\"https:\\\/\\\/powderblue-seahorse-496884.hostingersite.com\\\/?s={search_term_string}\"},\"query-input\":{\"@type\":\"PropertyValueSpecification\",\"valueRequired\":true,\"valueName\":\"search_term_string\"}}],\"inLanguage\":\"es\"}]}<\/script>\n<!-- \/ Yoast SEO plugin. -->","yoast_head_json":{"title":"Silla de paseo para beb\u00e9 Bebetto Nico Stroller - Estilo 07 - Para Baby Boss","description":"Cochecito Bebetto Nico Cochecito - Estilo 07","robots":{"index":"index","follow":"follow","max-snippet":"max-snippet:-1","max-image-preview":"max-image-preview:large","max-video-preview":"max-video-preview:-1"},"canonical":"https:\/\/forbabyboss.com\/es\/product\/cochecito-de-bebe-bebetto-nico-cochecito-estilo-07\/","og_locale":"es_ES","og_type":"article","og_title":"Baby Pushchair Bebetto Nico Stroller - Estilo 07 - For Baby Boss","og_description":"Baby Pushchair Bebetto Nico Stroller - Estilo 07","og_url":"https:\/\/forbabyboss.com\/es\/product\/cochecito-de-bebe-bebetto-nico-cochecito-estilo-07\/","og_site_name":"For Baby Boss","article_modified_time":"2026-02-21T16:12:08+00:00","og_image":[{"width":1000,"height":1000,"url":"https:\/\/forbabyboss.com\/wp-content\/uploads\/2022\/09\/Baby-Pushchair-Bebetto-Nico-Estilo-Stroller-Buggie-accessories-Estilo-07_MAIN.jpg","type":"image\/jpeg"}],"twitter_card":"summary_large_image","twitter_misc":{"Tiempo de lectura":"2 minutos"},"schema":{"@context":"https:\/\/schema.org","@graph":[{"@type":"WebPage","@id":"https:\/\/forbabyboss.com\/product\/baby-pushchair-bebetto-nico-stroller-estilo-07\/","url":"https:\/\/forbabyboss.com\/product\/baby-pushchair-bebetto-nico-stroller-estilo-07\/","name":"Silla de paseo para beb\u00e9 Bebetto Nico Stroller - Estilo 07 - Para Baby Boss","isPartOf":{"@id":"https:\/\/powderblue-seahorse-496884.hostingersite.com\/#website"},"primaryImageOfPage":{"@id":"https:\/\/forbabyboss.com\/product\/baby-pushchair-bebetto-nico-stroller-estilo-07\/#primaryimage"},"image":{"@id":"https:\/\/forbabyboss.com\/product\/baby-pushchair-bebetto-nico-stroller-estilo-07\/#primaryimage"},"thumbnailUrl":"https:\/\/forbabyboss.com\/wp-content\/uploads\/2022\/09\/Baby-Pushchair-Bebetto-Nico-Estilo-Stroller-Buggie-accessories-Estilo-07_MAIN.jpg","datePublished":"2022-09-09T07:56:41+00:00","dateModified":"2026-02-21T16:12:08+00:00","description":"Cochecito Bebetto Nico Cochecito - Estilo 07","breadcrumb":{"@id":"https:\/\/forbabyboss.com\/product\/baby-pushchair-bebetto-nico-stroller-estilo-07\/#breadcrumb"},"inLanguage":"es","potentialAction":[{"@type":"ReadAction","target":["https:\/\/forbabyboss.com\/product\/baby-pushchair-bebetto-nico-stroller-estilo-07\/"]}]},{"@type":"ImageObject","inLanguage":"es","@id":"https:\/\/forbabyboss.com\/product\/baby-pushchair-bebetto-nico-stroller-estilo-07\/#primaryimage","url":"https:\/\/forbabyboss.com\/wp-content\/uploads\/2022\/09\/Baby-Pushchair-Bebetto-Nico-Estilo-Stroller-Buggie-accessories-Estilo-07_MAIN.jpg","contentUrl":"https:\/\/forbabyboss.com\/wp-content\/uploads\/2022\/09\/Baby-Pushchair-Bebetto-Nico-Estilo-Stroller-Buggie-accessories-Estilo-07_MAIN.jpg","width":1000,"height":1000},{"@type":"BreadcrumbList","@id":"https:\/\/forbabyboss.com\/product\/baby-pushchair-bebetto-nico-stroller-estilo-07\/#breadcrumb","itemListElement":[{"@type":"ListItem","position":1,"name":"Home","item":"https:\/\/forbabyboss.com\/"},{"@type":"ListItem","position":2,"name":"Shop","item":"https:\/\/forbabyboss.com\/shop\/"},{"@type":"ListItem","position":3,"name":"Baby Pushchair Bebetto Nico Stroller &#8211; Estilo 07"}]},{"@type":"WebSite","@id":"https:\/\/powderblue-seahorse-496884.hostingersite.com\/#website","url":"https:\/\/powderblue-seahorse-496884.hostingersite.com\/","name":"Para el beb\u00e9 jefe","description":"Hermosos regalos y accesorios para tu beb\u00e9 jefe.","potentialAction":[{"@type":"SearchAction","target":{"@type":"EntryPoint","urlTemplate":"https:\/\/powderblue-seahorse-496884.hostingersite.com\/?s={search_term_string}"},"query-input":{"@type":"PropertyValueSpecification","valueRequired":true,"valueName":"search_term_string"}}],"inLanguage":"es"}]}},"_links":{"self":[{"href":"https:\/\/forbabyboss.com\/es\/wp-json\/wp\/v2\/product\/4546","targetHints":{"allow":["GET"]}}],"collection":[{"href":"https:\/\/forbabyboss.com\/es\/wp-json\/wp\/v2\/product"}],"about":[{"href":"https:\/\/forbabyboss.com\/es\/wp-json\/wp\/v2\/types\/product"}],"wp:featuredmedia":[{"embeddable":true,"href":"https:\/\/forbabyboss.com\/es\/wp-json\/wp\/v2\/media\/4547"}],"wp:attachment":[{"href":"https:\/\/forbabyboss.com\/es\/wp-json\/wp\/v2\/media?parent=4546"}],"wp:term":[{"taxonomy":"product_brand","embeddable":true,"href":"https:\/\/forbabyboss.com\/es\/wp-json\/wp\/v2\/product_brand?post=4546"},{"taxonomy":"product_cat","embeddable":true,"href":"https:\/\/forbabyboss.com\/es\/wp-json\/wp\/v2\/product_cat?post=4546"},{"taxonomy":"product_tag","embeddable":true,"href":"https:\/\/forbabyboss.com\/es\/wp-json\/wp\/v2\/product_tag?post=4546"}],"curies":[{"name":"wp","href":"https:\/\/api.w.org\/{rel}","templated":true}]}}