{"id":4618,"date":"2022-09-09T12:37:45","date_gmt":"2022-09-09T12:37:45","guid":{"rendered":"http:\/\/forbabyboss.com\/?post_type=product&#038;p=4618"},"modified":"2026-02-21T16:21:09","modified_gmt":"2026-02-21T16:21:09","slug":"cochecito-de-bebe-individual-sistema-de-viaje-4-en-1-con-estructura-blanca-y-color-cobre","status":"publish","type":"product","link":"https:\/\/forbabyboss.com\/es\/product\/baby-pram-individual-travel-system-stroller-4in1-in-white-and-copper-frame\/","title":{"rendered":"Cochecito de beb\u00e9 individual 4 en 1 con estructura blanca y color cobre."},"content":{"rendered":"<p><strong><span style=\"color: #e14d43;\"><span style=\"font-family: Arial;\">COMPA\u00d1ERO EXCLUSIVO PARA\u00a0<\/span>EXPERIENCIA C\u00d3MODA\u00a0<\/span><\/strong><\/p>\n<p style=\"text-align: left;\" align=\"center\"><strong><span style=\"font-family: Arial;\">PRESTIGIO, COMODIDAD, UTILIDAD: SI NOS PREGUNTARAN QU\u00c9 PALABRAS DESCRIBEN MEJOR AL DIAMANTE JUNAMA, ESA SER\u00cdA NUESTRA RESPUESTA.<\/span><\/strong><\/p>\n<p style=\"text-align: justify;\" align=\"center\"><strong><span style=\"font-family: Arial;\">Esta pieza fue cuidadosamente dise\u00f1ada por nuestros mejores dise\u00f1adores; el resultado fue excepcional, y ahora es el momento de mostrarla al mundo. Es nuestra respuesta a su solicitud de un cochecito extraordinario, pero minimalista. Combina sencillez y funcionalidad, manteniendo un dise\u00f1o \u00fanico. Hoy les presentamos:<\/span><\/strong><\/p>\n<p style=\"text-align: left;\" align=\"center\"><strong><span style=\"font-family: Arial;\">JUNAMA DIAMANTE Individual V2<\/span><\/strong><\/p>\n<p style=\"text-align: justify;\" align=\"center\"><strong><span style=\"font-family: Arial;\">Nuevo est\u00e1ndar de los cochecitos JUNAMA en la versi\u00f3n V2<\/span><\/strong><\/p>\n<p style=\"text-align: justify;\" align=\"center\"><strong><span style=\"font-family: Arial;\">Siguiendo las tendencias y las necesidades de los padres, la marca JUNAMA ha introducido algunos cambios, creando as\u00ed los cochecitos en la nueva versi\u00f3n V2. Estas son las caracter\u00edsticas m\u00e1s importantes:<\/span><\/strong><\/p>\n<p style=\"text-align: justify;\" align=\"center\"><strong><span style=\"font-family: Arial;\">Reducci\u00f3n de peso \u2013 mejora de la estructura de conducci\u00f3n \u2013 posibilidad de plegar la estructura con el asiento<\/span><\/strong><\/p>\n<p style=\"text-align: justify;\" align=\"center\"><strong><span style=\"font-family: Arial;\">el uso de un sistema intuitivo de desconexi\u00f3n del capazo \u2013 mejora tecnol\u00f3gica de las ruedas giratorias<\/span><\/strong><\/p>\n<p style=\"text-align: justify;\" align=\"center\"><strong><span style=\"font-family: Arial;\">\u00a1Dise\u00f1ado por los mejores dise\u00f1adores! BOLSO PARA MAM\u00c1 con funci\u00f3n plegable, mayor capacidad y DISE\u00d1O MODERNO.<\/span><\/strong><\/p>\n<p style=\"text-align: justify;\" align=\"center\"><strong><span style=\"font-family: Arial;\">\u00a1Modificaci\u00f3n tecnol\u00f3gica de la cubierta del capazo en el interior que permite un acceso r\u00e1pido al capazo!<\/span><\/strong><\/p>\n<p style=\"text-align: justify;\" align=\"center\"><strong><span style=\"font-family: Arial;\">Cambio de neum\u00e1ticos: \u00a1utilizamos un sistema de ruedas perpetuas sin mantenimiento con una capa de poliuretano! \u00a1NOVEDAD!<\/span><\/strong><\/p>\n<h4 style=\"text-align: justify;\" align=\"center\"><strong><span style=\"font-family: Arial;\"><span style=\"color: #e14d43;\">Caracter\u00edstica del producto<\/span>:<\/span><\/strong><\/h4>\n<p style=\"text-align: justify;\" align=\"center\"><strong><span style=\"font-family: Arial;\">\u2013 Sistema de conexi\u00f3n MAX-CLICK<\/span><\/strong><\/p>\n<p style=\"text-align: justify;\" align=\"center\"><strong><span style=\"font-family: Arial;\">\u2013 Sistema de absorci\u00f3n de impactos \u201cantichoque\u201d<\/span><\/strong><\/p>\n<p style=\"text-align: justify;\" align=\"center\"><strong><span style=\"font-family: Arial;\">\u2013 Freno central<\/span><\/strong><\/p>\n<p style=\"text-align: justify;\" align=\"center\"><strong><span style=\"font-family: Arial;\">\u2013 Ruedas de gel<\/span><\/strong><\/p>\n<p style=\"text-align: justify;\" align=\"center\"><strong><span style=\"font-family: Arial;\">\u2013 Depreciaci\u00f3n de la construcci\u00f3n de 6 puntos<\/span><\/strong><\/p>\n<p style=\"text-align: justify;\" align=\"center\"><strong><span style=\"font-family: Arial;\">\u2013 Regulaci\u00f3n del mango de piel sint\u00e9tica<\/span><\/strong><\/p>\n<p style=\"text-align: justify;\" align=\"center\"><strong><span style=\"font-family: Arial;\">\u2013 Capazo fabricado en 3D<\/span><\/strong><\/p>\n<p style=\"text-align: justify;\" align=\"center\"><strong><span style=\"font-family: Arial;\">\u2013 Reglamento del capazo<\/span><\/strong><\/p>\n<p style=\"text-align: justify;\" align=\"center\"><strong><span style=\"font-family: Arial;\">\u2013 Colch\u00f3n c\u00f3modo y suave<\/span><\/strong><\/p>\n<p style=\"text-align: justify;\" align=\"center\"><strong><span style=\"font-family: Arial;\">\u2013 Relleno y colch\u00f3n fabricados con algod\u00f3n 100%<\/span><\/strong><\/p>\n<p style=\"text-align: justify;\" align=\"center\"><strong><span style=\"font-family: Arial;\">\u2013 Barrera desmontable en el cochecito fabricada en piel sint\u00e9tica<\/span><\/strong><\/p>\n<p style=\"text-align: justify;\" align=\"center\"><strong><span style=\"font-family: Arial;\">\u2013 Sistema de ventilaci\u00f3n innovador en cochecitos y sillas de paseo.<\/span><\/strong><\/p>\n<p style=\"text-align: justify;\" align=\"center\"><strong><span style=\"font-family: Arial;\">\u2013 Tejido impermeable y con protecci\u00f3n UV.<\/span><\/strong><\/p>\n<h4 style=\"text-align: justify;\" align=\"center\"><strong><span style=\"font-family: Arial;\"><span style=\"color: #e14d43;\">Precio incluido<\/span>:<\/span><\/strong><\/h4>\n<p style=\"text-align: justify;\" align=\"center\"><strong><span style=\"font-family: Arial;\"><span style=\"color: #e14d43;\">2 en 1 contiene<\/span>:<\/span><\/strong><\/p>\n<p style=\"text-align: justify;\" align=\"center\"><strong><span style=\"font-family: Arial;\">Cuadro de aluminio y ruedas de gel.<\/span><\/strong><\/p>\n<p style=\"text-align: justify;\" align=\"center\"><strong>\u2013 Capazo<\/strong><\/p>\n<p style=\"text-align: justify;\" align=\"center\"><strong><span style=\"font-family: Arial;\">- Colch\u00f3n<\/span><\/strong><\/p>\n<p style=\"text-align: justify;\" align=\"center\"><strong>\u2013 Funda para capazo<\/strong><\/p>\n<p style=\"text-align: justify;\" align=\"center\"><strong><span style=\"font-family: Arial;\">\u2013 Unidad de asiento (cochecito)<\/span><\/strong><\/p>\n<p style=\"text-align: justify;\" align=\"center\"><strong><span style=\"font-family: Arial;\">\u2013 Saco de dormir para los pies<\/span><\/strong><\/p>\n<p style=\"text-align: justify;\" align=\"center\"><strong><span style=\"font-family: Arial;\">\u2013 Bolso con cambiador<\/span><\/strong><\/p>\n<p style=\"text-align: justify;\" align=\"center\"><strong><span style=\"font-family: Arial;\">\u2013 Cesta de la compra espaciosa<\/span><\/strong><\/p>\n<p style=\"text-align: justify;\" align=\"center\"><strong><span style=\"font-family: Arial;\">\u2013 Funda impermeable<\/span><\/strong><\/p>\n<p style=\"text-align: justify;\" align=\"center\"><strong><span style=\"font-family: Arial;\">\u2013 Mosquitera<\/span><\/strong><\/p>\n<p style=\"text-align: justify;\" align=\"center\"><strong><span style=\"font-family: Arial;\">\u2013 Portavasos<\/span><\/strong><\/p>\n<h4 style=\"text-align: justify;\" align=\"center\"><strong><span style=\"font-family: Arial;\"><span style=\"color: #e14d43;\">Opciones adicionales<\/span>:<\/span><\/strong><\/h4>\n<p style=\"text-align: justify;\" align=\"center\"><strong><span style=\"font-family: Arial;\">\u2013 Adaptadores\u00a0<\/span><\/strong><\/p>\n<p style=\"text-align: justify;\" align=\"center\"><strong><span style=\"font-family: Arial;\">\u2013 Saco de dormir\u00a0<\/span><\/strong><\/p>\n<p style=\"text-align: justify;\" align=\"center\"><strong><span style=\"font-family: Arial;\">- Paraguas<\/span><\/strong><\/p>\n<p style=\"text-align: justify;\" align=\"center\"><strong><span style=\"font-family: Arial;\">- Guantes<\/span><\/strong><\/p>\n<p style=\"text-align: justify;\" align=\"center\"><strong><span style=\"font-family: Arial;\">*Silla de coche (opcional)<\/span><\/strong><\/p>\n<p style=\"text-align: justify;\" align=\"center\"><strong>*Base ISOFIX (opcional)<\/strong><\/p>\n<p><strong><span style=\"color: #e14d43;\">Dimensiones\u00a0<\/span><\/strong><\/p>\n<p style=\"text-align: justify;\" align=\"center\"><strong><img decoding=\"async\" src=\"https:\/\/ppg4kids.com\/img\/cms\/wymiary.PNG\" \/><\/strong><\/p>\n<p style=\"text-align: left;\" align=\"center\"><a href=\"http:\/\/forbabyboss.com\/wp-content\/uploads\/2022\/09\/checkout.png\"><img loading=\"lazy\" decoding=\"async\" class=\"alignnone size-full wp-image-5965\" src=\"http:\/\/forbabyboss.com\/wp-content\/uploads\/2022\/09\/checkout.png\" alt=\"\" width=\"750\" height=\"276\" srcset=\"https:\/\/forbabyboss.com\/wp-content\/uploads\/2022\/09\/checkout.png 750w, https:\/\/forbabyboss.com\/wp-content\/uploads\/2022\/09\/checkout-600x221.png 600w\" sizes=\"auto, (max-width: 750px) 100vw, 750px\" \/><\/a><\/p>","protected":false},"excerpt":{"rendered":"<p><a href=\"http:\/\/forbabyboss.com\/wp-content\/uploads\/2022\/09\/Star-Rating-5.png\"><img loading=\"lazy\" decoding=\"async\" class=\"alignnone size-full wp-image-5973 aligncenter\" src=\"http:\/\/forbabyboss.com\/wp-content\/uploads\/2022\/09\/Star-Rating-5.png\" alt=\"\" width=\"275\" height=\"45\" \/><\/a><\/p>\n<p style=\"text-align: center;\"><span style=\"color: #ed1c24; font-size: 120%;\"><b>GARANT\u00cdA DE IGUALACI\u00d3N DE PRECIOS<\/b><\/span><\/p>\n<p style=\"text-align: center;\"><span style=\"font-size: 115%;\"><span style=\"font-weight: 400; color: #4f4fa7;\">Env\u00edo gratuito<\/span><span style=\"font-weight: 400;\"> \u2013 2 \u2013 7 d\u00edas<\/span><\/span><\/p>\n<p style=\"text-align: center;\"><strong><span style=\"color: #29606b;\">Regalo gratis con compras superiores a 100 \u00a3<\/span><\/strong><\/p>","protected":false},"featured_media":4624,"template":"","meta":[],"product_brand":[584],"product_cat":[156,197,305,130,209,211,229],"product_tag":[163,200,171],"class_list":{"0":"post-4618","1":"product","2":"type-product","3":"status-publish","4":"has-post-thumbnail","6":"product_brand-junama","7":"product_cat-3-in-1","8":"product_cat-4-in-1-pram","9":"product_cat-colour","10":"product_cat-prams","11":"product_cat-push-chairs","12":"product_cat-stroller","13":"product_cat-white","14":"product_tag-3-in-1-prams","15":"product_tag-4-in-1-pram","16":"product_tag-pram","18":"first","19":"instock","20":"sale","21":"shipping-taxable","22":"purchasable","23":"product-type-simple"},"yoast_head":"<!-- This site is optimized with the Yoast SEO plugin v27.5 - https:\/\/yoast.com\/product\/yoast-seo-wordpress\/ -->\n<title>Baby Pram Individual Travel System Stroller 4in1 in White and Copper Frame - For Baby Boss<\/title>\n<meta name=\"description\" content=\"Baby Pram Individual Travel System Stroller 4in1 in White and Copper Frame\" \/>\n<meta name=\"robots\" content=\"index, follow, max-snippet:-1, max-image-preview:large, max-video-preview:-1\" \/>\n<link rel=\"canonical\" href=\"https:\/\/forbabyboss.com\/es\/product\/cochecito-de-bebe-individual-sistema-de-viaje-4-en-1-con-estructura-blanca-y-color-cobre\/\" \/>\n<meta property=\"og:locale\" content=\"es_ES\" \/>\n<meta property=\"og:type\" content=\"article\" \/>\n<meta property=\"og:title\" content=\"Baby Pram Individual Travel System Stroller 4in1 in White and Copper Frame - For Baby Boss\" \/>\n<meta property=\"og:description\" content=\"Baby Pram Individual Travel System Stroller 4in1 in White and Copper Frame\" \/>\n<meta property=\"og:url\" content=\"https:\/\/forbabyboss.com\/es\/product\/cochecito-de-bebe-individual-sistema-de-viaje-4-en-1-con-estructura-blanca-y-color-cobre\/\" \/>\n<meta property=\"og:site_name\" content=\"For Baby Boss\" \/>\n<meta property=\"article:modified_time\" content=\"2026-02-21T16:21:09+00:00\" \/>\n<meta property=\"og:image\" content=\"https:\/\/forbabyboss.com\/wp-content\/uploads\/2022\/09\/Baby-Pram-Pushchair-Junama-Individual-Travel-System-2in1-3in1-4in1-Car-Seat-4in13in1isofix-base-06_main.jpg\" \/>\n\t<meta property=\"og:image:width\" content=\"1020\" \/>\n\t<meta property=\"og:image:height\" content=\"1020\" \/>\n\t<meta property=\"og:image:type\" content=\"image\/jpeg\" \/>\n<meta name=\"twitter:card\" content=\"summary_large_image\" \/>\n<meta name=\"twitter:label1\" content=\"Tiempo de lectura\" \/>\n\t<meta name=\"twitter:data1\" content=\"2 minutos\" \/>\n<script type=\"application\/ld+json\" class=\"yoast-schema-graph\">{\"@context\":\"https:\\\/\\\/schema.org\",\"@graph\":[{\"@type\":\"WebPage\",\"@id\":\"https:\\\/\\\/forbabyboss.com\\\/product\\\/baby-pram-individual-travel-system-stroller-4in1-in-white-and-copper-frame\\\/\",\"url\":\"https:\\\/\\\/forbabyboss.com\\\/product\\\/baby-pram-individual-travel-system-stroller-4in1-in-white-and-copper-frame\\\/\",\"name\":\"Baby Pram Individual Travel System Stroller 4in1 in White and Copper Frame - For Baby Boss\",\"isPartOf\":{\"@id\":\"https:\\\/\\\/powderblue-seahorse-496884.hostingersite.com\\\/#website\"},\"primaryImageOfPage\":{\"@id\":\"https:\\\/\\\/forbabyboss.com\\\/product\\\/baby-pram-individual-travel-system-stroller-4in1-in-white-and-copper-frame\\\/#primaryimage\"},\"image\":{\"@id\":\"https:\\\/\\\/forbabyboss.com\\\/product\\\/baby-pram-individual-travel-system-stroller-4in1-in-white-and-copper-frame\\\/#primaryimage\"},\"thumbnailUrl\":\"https:\\\/\\\/forbabyboss.com\\\/wp-content\\\/uploads\\\/2022\\\/09\\\/Baby-Pram-Pushchair-Junama-Individual-Travel-System-2in1-3in1-4in1-Car-Seat-4in13in1isofix-base-06_main.jpg\",\"datePublished\":\"2022-09-09T12:37:45+00:00\",\"dateModified\":\"2026-02-21T16:21:09+00:00\",\"description\":\"Baby Pram Individual Travel System Stroller 4in1 in White and Copper Frame\",\"breadcrumb\":{\"@id\":\"https:\\\/\\\/forbabyboss.com\\\/product\\\/baby-pram-individual-travel-system-stroller-4in1-in-white-and-copper-frame\\\/#breadcrumb\"},\"inLanguage\":\"es\",\"potentialAction\":[{\"@type\":\"ReadAction\",\"target\":[\"https:\\\/\\\/forbabyboss.com\\\/product\\\/baby-pram-individual-travel-system-stroller-4in1-in-white-and-copper-frame\\\/\"]}]},{\"@type\":\"ImageObject\",\"inLanguage\":\"es\",\"@id\":\"https:\\\/\\\/forbabyboss.com\\\/product\\\/baby-pram-individual-travel-system-stroller-4in1-in-white-and-copper-frame\\\/#primaryimage\",\"url\":\"https:\\\/\\\/forbabyboss.com\\\/wp-content\\\/uploads\\\/2022\\\/09\\\/Baby-Pram-Pushchair-Junama-Individual-Travel-System-2in1-3in1-4in1-Car-Seat-4in13in1isofix-base-06_main.jpg\",\"contentUrl\":\"https:\\\/\\\/forbabyboss.com\\\/wp-content\\\/uploads\\\/2022\\\/09\\\/Baby-Pram-Pushchair-Junama-Individual-Travel-System-2in1-3in1-4in1-Car-Seat-4in13in1isofix-base-06_main.jpg\",\"width\":1020,\"height\":1020},{\"@type\":\"BreadcrumbList\",\"@id\":\"https:\\\/\\\/forbabyboss.com\\\/product\\\/baby-pram-individual-travel-system-stroller-4in1-in-white-and-copper-frame\\\/#breadcrumb\",\"itemListElement\":[{\"@type\":\"ListItem\",\"position\":1,\"name\":\"Home\",\"item\":\"https:\\\/\\\/forbabyboss.com\\\/\"},{\"@type\":\"ListItem\",\"position\":2,\"name\":\"Shop\",\"item\":\"https:\\\/\\\/forbabyboss.com\\\/shop\\\/\"},{\"@type\":\"ListItem\",\"position\":3,\"name\":\"Baby Pram Individual Travel System Stroller 4in1 in White and Copper Frame\"}]},{\"@type\":\"WebSite\",\"@id\":\"https:\\\/\\\/powderblue-seahorse-496884.hostingersite.com\\\/#website\",\"url\":\"https:\\\/\\\/powderblue-seahorse-496884.hostingersite.com\\\/\",\"name\":\"For Baby Boss\",\"description\":\"Beautiful gifts and accessories for your baby boss\",\"potentialAction\":[{\"@type\":\"SearchAction\",\"target\":{\"@type\":\"EntryPoint\",\"urlTemplate\":\"https:\\\/\\\/powderblue-seahorse-496884.hostingersite.com\\\/?s={search_term_string}\"},\"query-input\":{\"@type\":\"PropertyValueSpecification\",\"valueRequired\":true,\"valueName\":\"search_term_string\"}}],\"inLanguage\":\"es\"}]}<\/script>\n<!-- \/ Yoast SEO plugin. -->","yoast_head_json":{"title":"Cochecito individual 4 en 1 para beb\u00e9 con estructura blanca y color cobre - Para Baby Boss","description":"Cochecito de beb\u00e9 individual 4 en 1 con estructura blanca y color cobre.","robots":{"index":"index","follow":"follow","max-snippet":"max-snippet:-1","max-image-preview":"max-image-preview:large","max-video-preview":"max-video-preview:-1"},"canonical":"https:\/\/forbabyboss.com\/es\/product\/cochecito-de-bebe-individual-sistema-de-viaje-4-en-1-con-estructura-blanca-y-color-cobre\/","og_locale":"es_ES","og_type":"article","og_title":"Baby Pram Individual Travel System Stroller 4in1 in White and Copper Frame - For Baby Boss","og_description":"Baby Pram Individual Travel System Stroller 4in1 in White and Copper Frame","og_url":"https:\/\/forbabyboss.com\/es\/product\/cochecito-de-bebe-individual-sistema-de-viaje-4-en-1-con-estructura-blanca-y-color-cobre\/","og_site_name":"For Baby Boss","article_modified_time":"2026-02-21T16:21:09+00:00","og_image":[{"width":1020,"height":1020,"url":"https:\/\/forbabyboss.com\/wp-content\/uploads\/2022\/09\/Baby-Pram-Pushchair-Junama-Individual-Travel-System-2in1-3in1-4in1-Car-Seat-4in13in1isofix-base-06_main.jpg","type":"image\/jpeg"}],"twitter_card":"summary_large_image","twitter_misc":{"Tiempo de lectura":"2 minutos"},"schema":{"@context":"https:\/\/schema.org","@graph":[{"@type":"WebPage","@id":"https:\/\/forbabyboss.com\/product\/baby-pram-individual-travel-system-stroller-4in1-in-white-and-copper-frame\/","url":"https:\/\/forbabyboss.com\/product\/baby-pram-individual-travel-system-stroller-4in1-in-white-and-copper-frame\/","name":"Cochecito individual 4 en 1 para beb\u00e9 con estructura blanca y color cobre - Para Baby Boss","isPartOf":{"@id":"https:\/\/powderblue-seahorse-496884.hostingersite.com\/#website"},"primaryImageOfPage":{"@id":"https:\/\/forbabyboss.com\/product\/baby-pram-individual-travel-system-stroller-4in1-in-white-and-copper-frame\/#primaryimage"},"image":{"@id":"https:\/\/forbabyboss.com\/product\/baby-pram-individual-travel-system-stroller-4in1-in-white-and-copper-frame\/#primaryimage"},"thumbnailUrl":"https:\/\/forbabyboss.com\/wp-content\/uploads\/2022\/09\/Baby-Pram-Pushchair-Junama-Individual-Travel-System-2in1-3in1-4in1-Car-Seat-4in13in1isofix-base-06_main.jpg","datePublished":"2022-09-09T12:37:45+00:00","dateModified":"2026-02-21T16:21:09+00:00","description":"Cochecito de beb\u00e9 individual 4 en 1 con estructura blanca y color cobre.","breadcrumb":{"@id":"https:\/\/forbabyboss.com\/product\/baby-pram-individual-travel-system-stroller-4in1-in-white-and-copper-frame\/#breadcrumb"},"inLanguage":"es","potentialAction":[{"@type":"ReadAction","target":["https:\/\/forbabyboss.com\/product\/baby-pram-individual-travel-system-stroller-4in1-in-white-and-copper-frame\/"]}]},{"@type":"ImageObject","inLanguage":"es","@id":"https:\/\/forbabyboss.com\/product\/baby-pram-individual-travel-system-stroller-4in1-in-white-and-copper-frame\/#primaryimage","url":"https:\/\/forbabyboss.com\/wp-content\/uploads\/2022\/09\/Baby-Pram-Pushchair-Junama-Individual-Travel-System-2in1-3in1-4in1-Car-Seat-4in13in1isofix-base-06_main.jpg","contentUrl":"https:\/\/forbabyboss.com\/wp-content\/uploads\/2022\/09\/Baby-Pram-Pushchair-Junama-Individual-Travel-System-2in1-3in1-4in1-Car-Seat-4in13in1isofix-base-06_main.jpg","width":1020,"height":1020},{"@type":"BreadcrumbList","@id":"https:\/\/forbabyboss.com\/product\/baby-pram-individual-travel-system-stroller-4in1-in-white-and-copper-frame\/#breadcrumb","itemListElement":[{"@type":"ListItem","position":1,"name":"Home","item":"https:\/\/forbabyboss.com\/"},{"@type":"ListItem","position":2,"name":"Shop","item":"https:\/\/forbabyboss.com\/shop\/"},{"@type":"ListItem","position":3,"name":"Baby Pram Individual Travel System Stroller 4in1 in White and Copper Frame"}]},{"@type":"WebSite","@id":"https:\/\/powderblue-seahorse-496884.hostingersite.com\/#website","url":"https:\/\/powderblue-seahorse-496884.hostingersite.com\/","name":"Para el beb\u00e9 jefe","description":"Hermosos regalos y accesorios para tu beb\u00e9 jefe.","potentialAction":[{"@type":"SearchAction","target":{"@type":"EntryPoint","urlTemplate":"https:\/\/powderblue-seahorse-496884.hostingersite.com\/?s={search_term_string}"},"query-input":{"@type":"PropertyValueSpecification","valueRequired":true,"valueName":"search_term_string"}}],"inLanguage":"es"}]}},"_links":{"self":[{"href":"https:\/\/forbabyboss.com\/es\/wp-json\/wp\/v2\/product\/4618","targetHints":{"allow":["GET"]}}],"collection":[{"href":"https:\/\/forbabyboss.com\/es\/wp-json\/wp\/v2\/product"}],"about":[{"href":"https:\/\/forbabyboss.com\/es\/wp-json\/wp\/v2\/types\/product"}],"wp:featuredmedia":[{"embeddable":true,"href":"https:\/\/forbabyboss.com\/es\/wp-json\/wp\/v2\/media\/4624"}],"wp:attachment":[{"href":"https:\/\/forbabyboss.com\/es\/wp-json\/wp\/v2\/media?parent=4618"}],"wp:term":[{"taxonomy":"product_brand","embeddable":true,"href":"https:\/\/forbabyboss.com\/es\/wp-json\/wp\/v2\/product_brand?post=4618"},{"taxonomy":"product_cat","embeddable":true,"href":"https:\/\/forbabyboss.com\/es\/wp-json\/wp\/v2\/product_cat?post=4618"},{"taxonomy":"product_tag","embeddable":true,"href":"https:\/\/forbabyboss.com\/es\/wp-json\/wp\/v2\/product_tag?post=4618"}],"curies":[{"name":"wp","href":"https:\/\/api.w.org\/{rel}","templated":true}]}}