{"id":4682,"date":"2022-09-09T14:15:38","date_gmt":"2022-09-09T14:15:38","guid":{"rendered":"http:\/\/forbabyboss.com\/?post_type=product&#038;p=4682"},"modified":"2026-02-21T16:24:11","modified_gmt":"2026-02-21T16:24:11","slug":"cochecito-de-bebe-4-en-1-pro-13-de-piel-sintetica-ecologica-color-marron","status":"publish","type":"product","link":"https:\/\/forbabyboss.com\/es\/product\/baby-pram-pushchair-4in1-pro-13-eco-leather-stroller-in-brown\/","title":{"rendered":"Cochecito de beb\u00e9 4 en 1 Pro 13 de piel ecol\u00f3gica en color marr\u00f3n."},"content":{"rendered":"<p><strong><span style=\"font-size: 120%;\"><span style=\"color: #e14d43;\">Compa\u00f1ero exclusivo para una experiencia c\u00f3moda.<\/span><\/span><\/strong><\/p>\n<p><strong><span style=\"color: #e14d43;\">\u00a1NUEVO LUCA!<\/span><\/strong><\/p>\n<p style=\"text-align: justify;\"><strong><span style=\"color: #808080;\">\u00bfQuieres ver las novedades de nuestra colecci\u00f3n?<\/span><\/strong><\/p>\n<p style=\"text-align: justify;\"><strong><span style=\"color: #808080;\">F\u00edjate bien en Luca PRO. Su capazo de piel ecol\u00f3gica y sus elegantes bordados lo convierten en una soluci\u00f3n realmente \u00fanica. En la colecci\u00f3n Luca VERO encontrar\u00e1s combinaciones exclusivas de tapicer\u00eda con diferentes tipos de piel ecol\u00f3gica.<\/span><\/strong><\/p>\n<h4 style=\"text-align: justify;\"><strong><span style=\"color: #808080;\"><span style=\"color: #e14d43;\">PRECIO INCLUIDO<\/span>:<\/span><\/strong><\/h4>\n<p style=\"text-align: justify;\" align=\"center\"><strong><span style=\"font-family: Arial; color: #808080;\">\u2013 Marco de aluminio<\/span><\/strong><\/p>\n<p style=\"text-align: justify;\" align=\"center\"><strong><span style=\"font-family: Arial; color: #808080;\">\u2013 4 ruedas<\/span><\/strong><\/p>\n<p style=\"text-align: justify;\" align=\"center\"><strong><span style=\"font-family: Arial; color: #808080;\">\u2013 Capazo<\/span><\/strong><\/p>\n<p style=\"text-align: justify;\" align=\"center\"><strong><span style=\"font-family: Arial; color: #808080;\">\u2013 Funda y colch\u00f3n para cochecito<\/span><\/strong><\/p>\n<p style=\"text-align: justify;\" align=\"center\"><strong><span style=\"font-family: Arial; color: #808080;\">\u2013 Funda para la lluvia<\/span><\/strong><\/p>\n<p style=\"text-align: justify;\" align=\"center\"><strong><span style=\"font-family: Arial; color: #808080;\">\u2013 Mosquitera<\/span><\/strong><\/p>\n<p style=\"text-align: justify;\" align=\"center\"><strong><span style=\"font-family: Arial; color: #808080;\">\u2013 Bolso moderno<\/span><\/strong><\/p>\n<p style=\"text-align: justify;\" align=\"center\"><strong><span style=\"font-family: Arial; color: #808080;\">\u2013 Cesta de la compra<\/span><\/strong><\/p>\n<p style=\"text-align: justify;\" align=\"center\"><strong><span style=\"font-family: Arial; color: #808080;\">\u2013 Portavasos<\/span><\/strong><\/p>\n<p style=\"text-align: justify;\" align=\"center\"><strong><span style=\"font-family: Arial; color: #808080;\">\u2013 Garant\u00eda de 24 meses<\/span><\/strong><\/p>\n<p style=\"text-align: justify;\" align=\"center\"><strong><span style=\"font-family: Arial; color: #808080;\">\u2013 Cochecito<\/span><\/strong><\/p>\n<p style=\"text-align: justify;\" align=\"center\"><strong><span style=\"font-family: Arial; color: #808080;\">\u2013 *Silla de coche (opcional)<\/span><\/strong><\/p>\n<p style=\"text-align: justify;\" align=\"center\"><strong><span style=\"font-family: Arial; color: #808080;\">\u2013 *Base Isofix (opcional_<\/span><\/strong><\/p>\n<div>\n<div><strong><span style=\"color: #808080;\">Plegada cabe en el espacio: 75x59x36cm<\/span><\/strong><\/div>\n<div><\/div>\n<div><strong><span style=\"color: #808080;\">*Dimensiones: largo, ancho, alto, peso.<\/span><\/strong><\/div>\n<div><\/div>\n<div><strong><span style=\"color: #808080;\"><img loading=\"lazy\" decoding=\"async\" class=\"aligncenter\" src=\"https:\/\/i.ebayimg.com\/images\/g\/7vAAAOSwpmximeQ5\/s-l1600.png\" alt=\"Imagen 81 - Cochecito de beb\u00e9 Bebetto Luca PRO eco Travel System 2 en 1, 3 en 1 y 4 en 1 con asiento para coche\" width=\"972\" height=\"99\" \/><\/span><\/strong><\/div>\n<div><\/div>\n<div><\/div>\n<div><\/div>\n<div><strong><span style=\"color: #808080;\"><img loading=\"lazy\" decoding=\"async\" class=\"\" src=\"https:\/\/i.ebayimg.com\/images\/g\/dAIAAOSwBeBilzyx\/s-l1600.jpg\" alt=\"Imagen 3 - Cochecito de beb\u00e9 Bebetto Luca PRO eco Travel System 2 en 1, 3 en 1 y 4 en 1 con asiento para coche\" width=\"954\" height=\"288\" \/><img loading=\"lazy\" decoding=\"async\" class=\"\" src=\"https:\/\/i.ebayimg.com\/images\/g\/gXsAAOSwWvlilzyy\/s-l1600.jpg\" alt=\"Imagen 4 - Cochecito de beb\u00e9 Bebetto Luca PRO eco Travel System 2 en 1, 3 en 1 y 4 en 1 con asiento para coche\" width=\"941\" height=\"258\" \/><\/span><\/strong><\/div>\n<\/div>\n<div><\/div>\n<div><a href=\"http:\/\/forbabyboss.com\/wp-content\/uploads\/2022\/09\/checkout.png\"><img loading=\"lazy\" decoding=\"async\" class=\"alignnone size-full wp-image-5965\" src=\"http:\/\/forbabyboss.com\/wp-content\/uploads\/2022\/09\/checkout.png\" alt=\"\" width=\"750\" height=\"276\" srcset=\"https:\/\/forbabyboss.com\/wp-content\/uploads\/2022\/09\/checkout.png 750w, https:\/\/forbabyboss.com\/wp-content\/uploads\/2022\/09\/checkout-600x221.png 600w\" sizes=\"auto, (max-width: 750px) 100vw, 750px\" \/><\/a><\/div>","protected":false},"excerpt":{"rendered":"<p><a href=\"http:\/\/forbabyboss.com\/wp-content\/uploads\/2022\/09\/Star-Rating-5.png\"><img loading=\"lazy\" decoding=\"async\" class=\"alignnone size-full wp-image-5973 aligncenter\" src=\"http:\/\/forbabyboss.com\/wp-content\/uploads\/2022\/09\/Star-Rating-5.png\" alt=\"\" width=\"275\" height=\"45\" \/><\/a><\/p>\n<p style=\"text-align: center;\"><span style=\"color: #ed1c24; font-size: 120%;\"><b>GARANT\u00cdA DE IGUALACI\u00d3N DE PRECIOS<\/b><\/span><\/p>\n<p style=\"text-align: center;\"><span style=\"font-size: 115%;\"><span style=\"font-weight: 400; color: #4f4fa7;\">Env\u00edo gratuito<\/span><span style=\"font-weight: 400;\"> \u2013 2 \u2013 7 d\u00edas<\/span><\/span><\/p>\n<p style=\"text-align: center;\"><strong><span style=\"color: #29606b;\">Regalo gratis con compras superiores a 100 \u00a3<\/span><\/strong><\/p>","protected":false},"featured_media":4684,"template":"","meta":[],"product_brand":[583],"product_cat":[339,156,197,277,305,130,211],"product_tag":[202,200,199],"class_list":{"0":"post-4682","1":"product","2":"type-product","3":"status-publish","4":"has-post-thumbnail","6":"product_brand-bebetto","7":"product_cat-700-to-800","8":"product_cat-3-in-1","9":"product_cat-4-in-1-pram","10":"product_cat-brown","11":"product_cat-colour","12":"product_cat-prams","13":"product_cat-stroller","14":"product_tag-3-in-1-pram","15":"product_tag-4-in-1-pram","16":"product_tag-prams","18":"first","19":"instock","20":"sale","21":"shipping-taxable","22":"purchasable","23":"product-type-simple"},"yoast_head":"<!-- This site is optimized with the Yoast SEO plugin v27.5 - https:\/\/yoast.com\/product\/yoast-seo-wordpress\/ -->\n<title>Baby Pram Pushchair 4in1 Pro 13 Eco-leather Stroller in Brown - For Baby Boss<\/title>\n<meta name=\"description\" content=\"Baby Pram Pushchair 4in1 Pro 13 Eco-leather Stroller in Brown\" \/>\n<meta name=\"robots\" content=\"index, follow, max-snippet:-1, max-image-preview:large, max-video-preview:-1\" \/>\n<link rel=\"canonical\" href=\"https:\/\/forbabyboss.com\/es\/product\/cochecito-de-bebe-4-en-1-pro-13-de-piel-sintetica-ecologica-color-marron\/\" \/>\n<meta property=\"og:locale\" content=\"es_ES\" \/>\n<meta property=\"og:type\" content=\"article\" \/>\n<meta property=\"og:title\" content=\"Baby Pram Pushchair 4in1 Pro 13 Eco-leather Stroller in Brown - For Baby Boss\" \/>\n<meta property=\"og:description\" content=\"Baby Pram Pushchair 4in1 Pro 13 Eco-leather Stroller in Brown\" \/>\n<meta property=\"og:url\" content=\"https:\/\/forbabyboss.com\/es\/product\/cochecito-de-bebe-4-en-1-pro-13-de-piel-sintetica-ecologica-color-marron\/\" \/>\n<meta property=\"og:site_name\" content=\"For Baby Boss\" \/>\n<meta property=\"article:modified_time\" content=\"2026-02-21T16:24:11+00:00\" \/>\n<meta property=\"og:image\" content=\"https:\/\/forbabyboss.com\/wp-content\/uploads\/2022\/09\/Baby-Pram-Pushchair-Bebetto-Luca-PRO-eco-Travel-System-2in1-3in1-4in1-Car-Seat-PRO-13-4in13in1isofix-base_MAIN.png\" \/>\n\t<meta property=\"og:image:width\" content=\"1000\" \/>\n\t<meta property=\"og:image:height\" content=\"1000\" \/>\n\t<meta property=\"og:image:type\" content=\"image\/png\" \/>\n<meta name=\"twitter:card\" content=\"summary_large_image\" \/>\n<meta name=\"twitter:label1\" content=\"Tiempo de lectura\" \/>\n\t<meta name=\"twitter:data1\" content=\"2 minutos\" \/>\n<script type=\"application\/ld+json\" class=\"yoast-schema-graph\">{\"@context\":\"https:\\\/\\\/schema.org\",\"@graph\":[{\"@type\":\"WebPage\",\"@id\":\"https:\\\/\\\/forbabyboss.com\\\/product\\\/baby-pram-pushchair-4in1-pro-13-eco-leather-stroller-in-brown\\\/\",\"url\":\"https:\\\/\\\/forbabyboss.com\\\/product\\\/baby-pram-pushchair-4in1-pro-13-eco-leather-stroller-in-brown\\\/\",\"name\":\"Baby Pram Pushchair 4in1 Pro 13 Eco-leather Stroller in Brown - For Baby Boss\",\"isPartOf\":{\"@id\":\"https:\\\/\\\/powderblue-seahorse-496884.hostingersite.com\\\/#website\"},\"primaryImageOfPage\":{\"@id\":\"https:\\\/\\\/forbabyboss.com\\\/product\\\/baby-pram-pushchair-4in1-pro-13-eco-leather-stroller-in-brown\\\/#primaryimage\"},\"image\":{\"@id\":\"https:\\\/\\\/forbabyboss.com\\\/product\\\/baby-pram-pushchair-4in1-pro-13-eco-leather-stroller-in-brown\\\/#primaryimage\"},\"thumbnailUrl\":\"https:\\\/\\\/forbabyboss.com\\\/wp-content\\\/uploads\\\/2022\\\/09\\\/Baby-Pram-Pushchair-Bebetto-Luca-PRO-eco-Travel-System-2in1-3in1-4in1-Car-Seat-PRO-13-4in13in1isofix-base_MAIN.png\",\"datePublished\":\"2022-09-09T14:15:38+00:00\",\"dateModified\":\"2026-02-21T16:24:11+00:00\",\"description\":\"Baby Pram Pushchair 4in1 Pro 13 Eco-leather Stroller in Brown\",\"breadcrumb\":{\"@id\":\"https:\\\/\\\/forbabyboss.com\\\/product\\\/baby-pram-pushchair-4in1-pro-13-eco-leather-stroller-in-brown\\\/#breadcrumb\"},\"inLanguage\":\"es\",\"potentialAction\":[{\"@type\":\"ReadAction\",\"target\":[\"https:\\\/\\\/forbabyboss.com\\\/product\\\/baby-pram-pushchair-4in1-pro-13-eco-leather-stroller-in-brown\\\/\"]}]},{\"@type\":\"ImageObject\",\"inLanguage\":\"es\",\"@id\":\"https:\\\/\\\/forbabyboss.com\\\/product\\\/baby-pram-pushchair-4in1-pro-13-eco-leather-stroller-in-brown\\\/#primaryimage\",\"url\":\"https:\\\/\\\/forbabyboss.com\\\/wp-content\\\/uploads\\\/2022\\\/09\\\/Baby-Pram-Pushchair-Bebetto-Luca-PRO-eco-Travel-System-2in1-3in1-4in1-Car-Seat-PRO-13-4in13in1isofix-base_MAIN.png\",\"contentUrl\":\"https:\\\/\\\/forbabyboss.com\\\/wp-content\\\/uploads\\\/2022\\\/09\\\/Baby-Pram-Pushchair-Bebetto-Luca-PRO-eco-Travel-System-2in1-3in1-4in1-Car-Seat-PRO-13-4in13in1isofix-base_MAIN.png\",\"width\":1000,\"height\":1000},{\"@type\":\"BreadcrumbList\",\"@id\":\"https:\\\/\\\/forbabyboss.com\\\/product\\\/baby-pram-pushchair-4in1-pro-13-eco-leather-stroller-in-brown\\\/#breadcrumb\",\"itemListElement\":[{\"@type\":\"ListItem\",\"position\":1,\"name\":\"Home\",\"item\":\"https:\\\/\\\/forbabyboss.com\\\/\"},{\"@type\":\"ListItem\",\"position\":2,\"name\":\"Shop\",\"item\":\"https:\\\/\\\/forbabyboss.com\\\/shop\\\/\"},{\"@type\":\"ListItem\",\"position\":3,\"name\":\"Baby Pram Pushchair 4in1 Pro 13 Eco-leather Stroller in Brown\"}]},{\"@type\":\"WebSite\",\"@id\":\"https:\\\/\\\/powderblue-seahorse-496884.hostingersite.com\\\/#website\",\"url\":\"https:\\\/\\\/powderblue-seahorse-496884.hostingersite.com\\\/\",\"name\":\"For Baby Boss\",\"description\":\"Beautiful gifts and accessories for your baby boss\",\"potentialAction\":[{\"@type\":\"SearchAction\",\"target\":{\"@type\":\"EntryPoint\",\"urlTemplate\":\"https:\\\/\\\/powderblue-seahorse-496884.hostingersite.com\\\/?s={search_term_string}\"},\"query-input\":{\"@type\":\"PropertyValueSpecification\",\"valueRequired\":true,\"valueName\":\"search_term_string\"}}],\"inLanguage\":\"es\"}]}<\/script>\n<!-- \/ Yoast SEO plugin. -->","yoast_head_json":{"title":"Cochecito de beb\u00e9 4 en 1 Pro 13 de piel ecol\u00f3gica en color marr\u00f3n - Para Baby Boss","description":"Cochecito de beb\u00e9 4 en 1 Pro 13 de piel ecol\u00f3gica en color marr\u00f3n.","robots":{"index":"index","follow":"follow","max-snippet":"max-snippet:-1","max-image-preview":"max-image-preview:large","max-video-preview":"max-video-preview:-1"},"canonical":"https:\/\/forbabyboss.com\/es\/product\/cochecito-de-bebe-4-en-1-pro-13-de-piel-sintetica-ecologica-color-marron\/","og_locale":"es_ES","og_type":"article","og_title":"Baby Pram Pushchair 4in1 Pro 13 Eco-leather Stroller in Brown - For Baby Boss","og_description":"Baby Pram Pushchair 4in1 Pro 13 Eco-leather Stroller in Brown","og_url":"https:\/\/forbabyboss.com\/es\/product\/cochecito-de-bebe-4-en-1-pro-13-de-piel-sintetica-ecologica-color-marron\/","og_site_name":"For Baby Boss","article_modified_time":"2026-02-21T16:24:11+00:00","og_image":[{"width":1000,"height":1000,"url":"https:\/\/forbabyboss.com\/wp-content\/uploads\/2022\/09\/Baby-Pram-Pushchair-Bebetto-Luca-PRO-eco-Travel-System-2in1-3in1-4in1-Car-Seat-PRO-13-4in13in1isofix-base_MAIN.png","type":"image\/png"}],"twitter_card":"summary_large_image","twitter_misc":{"Tiempo de lectura":"2 minutos"},"schema":{"@context":"https:\/\/schema.org","@graph":[{"@type":"WebPage","@id":"https:\/\/forbabyboss.com\/product\/baby-pram-pushchair-4in1-pro-13-eco-leather-stroller-in-brown\/","url":"https:\/\/forbabyboss.com\/product\/baby-pram-pushchair-4in1-pro-13-eco-leather-stroller-in-brown\/","name":"Cochecito de beb\u00e9 4 en 1 Pro 13 de piel ecol\u00f3gica en color marr\u00f3n - Para Baby Boss","isPartOf":{"@id":"https:\/\/powderblue-seahorse-496884.hostingersite.com\/#website"},"primaryImageOfPage":{"@id":"https:\/\/forbabyboss.com\/product\/baby-pram-pushchair-4in1-pro-13-eco-leather-stroller-in-brown\/#primaryimage"},"image":{"@id":"https:\/\/forbabyboss.com\/product\/baby-pram-pushchair-4in1-pro-13-eco-leather-stroller-in-brown\/#primaryimage"},"thumbnailUrl":"https:\/\/forbabyboss.com\/wp-content\/uploads\/2022\/09\/Baby-Pram-Pushchair-Bebetto-Luca-PRO-eco-Travel-System-2in1-3in1-4in1-Car-Seat-PRO-13-4in13in1isofix-base_MAIN.png","datePublished":"2022-09-09T14:15:38+00:00","dateModified":"2026-02-21T16:24:11+00:00","description":"Cochecito de beb\u00e9 4 en 1 Pro 13 de piel ecol\u00f3gica en color marr\u00f3n.","breadcrumb":{"@id":"https:\/\/forbabyboss.com\/product\/baby-pram-pushchair-4in1-pro-13-eco-leather-stroller-in-brown\/#breadcrumb"},"inLanguage":"es","potentialAction":[{"@type":"ReadAction","target":["https:\/\/forbabyboss.com\/product\/baby-pram-pushchair-4in1-pro-13-eco-leather-stroller-in-brown\/"]}]},{"@type":"ImageObject","inLanguage":"es","@id":"https:\/\/forbabyboss.com\/product\/baby-pram-pushchair-4in1-pro-13-eco-leather-stroller-in-brown\/#primaryimage","url":"https:\/\/forbabyboss.com\/wp-content\/uploads\/2022\/09\/Baby-Pram-Pushchair-Bebetto-Luca-PRO-eco-Travel-System-2in1-3in1-4in1-Car-Seat-PRO-13-4in13in1isofix-base_MAIN.png","contentUrl":"https:\/\/forbabyboss.com\/wp-content\/uploads\/2022\/09\/Baby-Pram-Pushchair-Bebetto-Luca-PRO-eco-Travel-System-2in1-3in1-4in1-Car-Seat-PRO-13-4in13in1isofix-base_MAIN.png","width":1000,"height":1000},{"@type":"BreadcrumbList","@id":"https:\/\/forbabyboss.com\/product\/baby-pram-pushchair-4in1-pro-13-eco-leather-stroller-in-brown\/#breadcrumb","itemListElement":[{"@type":"ListItem","position":1,"name":"Home","item":"https:\/\/forbabyboss.com\/"},{"@type":"ListItem","position":2,"name":"Shop","item":"https:\/\/forbabyboss.com\/shop\/"},{"@type":"ListItem","position":3,"name":"Baby Pram Pushchair 4in1 Pro 13 Eco-leather Stroller in Brown"}]},{"@type":"WebSite","@id":"https:\/\/powderblue-seahorse-496884.hostingersite.com\/#website","url":"https:\/\/powderblue-seahorse-496884.hostingersite.com\/","name":"Para el beb\u00e9 jefe","description":"Hermosos regalos y accesorios para tu beb\u00e9 jefe.","potentialAction":[{"@type":"SearchAction","target":{"@type":"EntryPoint","urlTemplate":"https:\/\/powderblue-seahorse-496884.hostingersite.com\/?s={search_term_string}"},"query-input":{"@type":"PropertyValueSpecification","valueRequired":true,"valueName":"search_term_string"}}],"inLanguage":"es"}]}},"_links":{"self":[{"href":"https:\/\/forbabyboss.com\/es\/wp-json\/wp\/v2\/product\/4682","targetHints":{"allow":["GET"]}}],"collection":[{"href":"https:\/\/forbabyboss.com\/es\/wp-json\/wp\/v2\/product"}],"about":[{"href":"https:\/\/forbabyboss.com\/es\/wp-json\/wp\/v2\/types\/product"}],"wp:featuredmedia":[{"embeddable":true,"href":"https:\/\/forbabyboss.com\/es\/wp-json\/wp\/v2\/media\/4684"}],"wp:attachment":[{"href":"https:\/\/forbabyboss.com\/es\/wp-json\/wp\/v2\/media?parent=4682"}],"wp:term":[{"taxonomy":"product_brand","embeddable":true,"href":"https:\/\/forbabyboss.com\/es\/wp-json\/wp\/v2\/product_brand?post=4682"},{"taxonomy":"product_cat","embeddable":true,"href":"https:\/\/forbabyboss.com\/es\/wp-json\/wp\/v2\/product_cat?post=4682"},{"taxonomy":"product_tag","embeddable":true,"href":"https:\/\/forbabyboss.com\/es\/wp-json\/wp\/v2\/product_tag?post=4682"}],"curies":[{"name":"wp","href":"https:\/\/api.w.org\/{rel}","templated":true}]}}