{"id":4988,"date":"2022-09-10T16:07:32","date_gmt":"2022-09-10T16:07:32","guid":{"rendered":"http:\/\/forbabyboss.com\/?post_type=product&#038;p=4988"},"modified":"2026-02-21T13:10:03","modified_gmt":"2026-02-21T13:10:03","slug":"silla-de-paseo-cochecito-y-silla-de-coche-3-en-1-sistema-de-viaje-todo-en-uno-en-azul-marino-con-estrellas","status":"publish","type":"product","link":"https:\/\/forbabyboss.com\/es\/product\/baby-buggy-pram-car-seat-3-in-1-travel-system-pushchair-all-in-one-in-navy-blue-star\/","title":{"rendered":"Silla de paseo\/cochecito 3 en 1 con asiento para cochecito, todo en uno, color azul marino con estrellas."},"content":{"rendered":"<h1 style=\"text-align: justify;\"><span style=\"color: #e14d43;\"><strong>Nuestro cochecito 3 en 1 es un sistema de viaje bien dise\u00f1ado.<\/strong><\/span><\/h1>\n<p style=\"text-align: justify;\"><span style=\"color: #282828;\"><strong>Dise\u00f1amos este cochecito para acompa\u00f1ar a padres e hijos desde el nacimiento hasta los 3 a\u00f1os. Se adapta perfectamente a las necesidades de tu hijo en crecimiento: comienzas con un capazo integrado en la estructura del cochecito. Cuando tu hijo ya es lo suficientemente grande y est\u00e1 listo para sentarse durante los paseos, le instalas una c\u00f3moda silla, ya sea mirando hacia atr\u00e1s o hacia adelante. \u00bfQu\u00e9 m\u00e1s se puede pedir?<\/strong><\/span><\/p>\n<p style=\"text-align: justify;\"><span style=\"color: #e14d43;\"><strong>Caracter\u00edsticas:<\/strong><\/span><\/p>\n<p style=\"text-align: justify;\"><span style=\"color: #282828;\"><strong>-Modo de orientaci\u00f3n hacia adelante y hacia atr\u00e1s<br \/>\n-Asiento de coche acoplable al chasis<br \/>\n-ventana de ventilaci\u00f3n en la parte trasera del cap\u00f3<br \/>\n-La g\u00f3ndola tiene un forro suave que se puede quitar para lavarlo.<br \/>\n-La cubierta de la g\u00f3ndola se puede levantar para crear un captador de viento.<br \/>\n-Cap\u00f3 extendido y desmontable<br \/>\nArn\u00e9s de seguridad de 5 puntos<br \/>\n-reposapi\u00e9s laminado<br \/>\n-Mango ajustable multinivel<br \/>\n-suspensi\u00f3n ajustable<br \/>\n-estructura robusta<br \/>\n-Reposapi\u00e9s y respaldo ajustables<br \/>\n- Freno central EASY STOP<br \/>\n-Cesta de la compra grande<br \/>\nApto para ni\u00f1os de 0 a 3 a\u00f1os.<br \/>\nSilla de coche de hasta 10 kg<\/strong><\/span><\/p>\n<p style=\"text-align: justify;\"><span style=\"color: #e14d43;\"><strong>Caracter\u00edsticas de la silla de coche:<\/strong><\/span><\/p>\n<p style=\"text-align: justify;\"><span style=\"color: #282828;\"><strong>-Inserto adicional para beb\u00e9s<br \/>\n-Mango ajustable<br \/>\n-cubierta de pie<br \/>\n-Cap\u00f3 desmontable<br \/>\n-Cinturones de seguridad de tres puntos<\/strong><\/span><\/p>\n<p style=\"text-align: justify;\"><span style=\"color: #e14d43;\"><strong>El conjunto contiene:<\/strong><\/span><\/p>\n<p><span style=\"color: #282828;\"><strong>-estructura con asa de piel ecol\u00f3gica<br \/>\n-g\u00f3ndola con respaldo ajustable<br \/>\n-unidad de asiento<br \/>\n-Dos fundas para los pies (para el cochecito y la g\u00f3ndola)<br \/>\n-Silla de coche multifuncional con adaptadores<br \/>\n-cubierta para la lluvia<br \/>\n-mosquitero<br \/>\n-bolsa y cambiador<br \/>\n-Ruedas blandas de gel antipinchazos (para todo terreno)<br \/>\n-asa de botella<br \/>\n-Un bolsillo grande en la parte trasera de la mochila y dos peque\u00f1os en los laterales.<\/strong><\/span><\/p>\n<p style=\"text-align: justify;\"><span style=\"color: #282828;\"><strong>Estructura plegada con ruedas (largo x ancho x alto): 85 x 60 x 40 cm<br \/>\nCochecito montado (alto x ancho x largo): 115 x 60 x 95 cm<br \/>\nInterior de la g\u00f3ndola (ancho x largo x alto): 36 x 80 x 20 cm<br \/>\nInterior del cochecito (ancho x largo del respaldo x largo del asiento x largo del reposapi\u00e9s): 34 x 48 x 26 x 23 cm<br \/>\nChasis con ruedas: 10 kg<br \/>\nCochecito: 15 kg<br \/>\nCochecito profundo: 16 kg<br \/>\nRango de ajuste del mango: de 70 cm a 115 cm.<br \/>\nCochecito: homologado seg\u00fan la norma de seguridad EN 1888:2019.<br \/>\nSilla de coche homologada seg\u00fan la normativa ECE 44-04.<br \/>\nGarant\u00eda de 12 meses<\/strong><\/span><\/p>\n<p style=\"text-align: justify;\"><span style=\"color: #282828;\"><strong>Nuestro cochecito incluye chasis, capazo, asiento deportivo, bolso cambiador, cambiador, portavasos, capota, reposabrazos, fundas para los asientos, cesta de la compra, posavasos, protector de lluvia, mosquitera, barra de seguridad y colch\u00f3n transpirable e hipoalerg\u00e9nico. A partir de los 6 meses, se puede usar como silla de paseo. La silla de paseo tiene un asiento reversible que permite viajar en ambas direcciones. La capota extensible cuenta con un sistema que repele los l\u00edquidos.<\/strong><\/span><br \/>\n<span style=\"color: #282828;\"><strong>Este cochecito es perfecto para quienes buscan belleza y un excelente primer carrito para sus peque\u00f1os. Largo es una colecci\u00f3n de cochecitos funcionales, seguros y coloridos.<\/strong><\/span><br \/>\n<span style=\"color: #282828;\"><strong>Para una mayor sensaci\u00f3n de lujo, el asa est\u00e1 revestida de ecopiel, muy suave al tacto. Otra ventaja de este cochecito es su c\u00f3moda estructura con buena suspensi\u00f3n, que resulta extremadamente f\u00e1cil de usar.<\/strong><\/span><\/p>\n<p style=\"text-align: justify;\"><span style=\"color: #282828;\"><strong>El sistema de f\u00e1cil montaje ser\u00e1 del agrado de todos los padres. La tapicer\u00eda del cochecito est\u00e1 fabricada con tejidos impregnados de la m\u00e1s alta calidad, aptos para ni\u00f1os.<\/strong><\/span><br \/>\n<span style=\"color: #282828;\"><strong>El interior de la g\u00f3ndola est\u00e1 tapizado con tela de algod\u00f3n hipoalerg\u00e9nica. La tapicer\u00eda es extra\u00edble para facilitar el lavado. Adem\u00e1s, cuenta con una visera parasol con protecci\u00f3n UVA 30+.<\/strong><\/span><br \/>\n<span style=\"color: #282828;\"><strong>Dise\u00f1amos el cochecito para acompa\u00f1ar a padres e hijos desde el nacimiento hasta los 3 a\u00f1os. Se adapta perfectamente a las necesidades de tu hijo en crecimiento: puedes empezar con un capazo integrado en la estructura del cochecito.<\/strong><\/span><br \/>\n<span style=\"color: #282828;\"><strong>Cuando decidas que el ni\u00f1o ya es lo suficientemente grande y est\u00e1 listo para sentarse durante los paseos, instala una silla c\u00f3moda, ya sea mirando hacia atr\u00e1s o hacia adelante.<\/strong><\/span><br \/>\n<span style=\"color: #282828;\"><strong>\u00bfPuedes desear algo m\u00e1s?<\/strong><\/span><\/p>\n<p style=\"text-align: justify;\"><span style=\"color: #282828;\"><strong><img decoding=\"async\" src=\"https:\/\/bayobay.co.uk\/ebay\/zdjecia-aukcyjne\/rafpol\/largo\/zdjecia%20podwojne\/gif1.gif\" \/><\/strong><\/span><\/p>\n<p style=\"text-align: justify;\"><span style=\"color: #282828;\"><strong><img loading=\"lazy\" decoding=\"async\" class=\"\" src=\"https:\/\/bayobay.co.uk\/\/ebay\/zdjecia-aukcyjne\/rafpol\/largo\/zdjecia%20podwojne\/gif2.gif\" width=\"611\" height=\"611\" \/><\/strong><\/span><\/p>\n<p style=\"text-align: justify;\"><span style=\"color: #282828;\"><strong><img decoding=\"async\" src=\"https:\/\/bayobay.co.uk\/ebay\/zdjecia-aukcyjne\/rafpol\/largo\/zdjecia%20podwojne\/1.png\" \/><\/strong><\/span><\/p>\n<p style=\"text-align: justify;\"><span style=\"color: #282828;\"><strong>Nuestros cochecitos de beb\u00e9 incorporan todas las tecnolog\u00edas m\u00e1s innovadoras.<br \/>\nEl capazo, la silla deportiva y la silla de coche se pueden acoplar tanto a contramarcha como de frente. La suspensi\u00f3n es el elemento responsable de un viaje sin sacudidas, lo que le proporcionar\u00e1 a tu beb\u00e9 un sue\u00f1o tranquilo.<br \/>\nEl sistema Shock Stop de nuestros cochecitos reduce las vibraciones desagradables. Consta de dos elementos: suspensi\u00f3n en las ruedas traseras y suspensi\u00f3n lateral adicional. El cochecito est\u00e1 listo para usar pr\u00e1cticamente nada m\u00e1s desempaquetarlo (basta con desplegar el chasis, colocar las ruedas y acoplar el capazo); no hace falta atornillar ni un solo tornillo.<\/strong><\/span><\/p>\n<p style=\"text-align: justify;\"><span style=\"color: #282828;\"><strong><img decoding=\"async\" src=\"https:\/\/bayobay.co.uk\/ebay\/zdjecia-aukcyjne\/rafpol\/largo\/zdjecia%20podwojne\/2.png\" \/><\/strong><\/span><\/p>\n<p style=\"text-align: justify;\"><span style=\"color: #282828;\"><strong>El cochecito est\u00e1 equipado con una cesta de compras grande, manillar ajustable de piel ecol\u00f3gica y parasol.<br \/>\nEl freno central es f\u00e1cil de usar: se puede accionar o desactivar con un solo movimiento.<\/strong><\/span><\/p>\n<p style=\"text-align: justify;\"><span style=\"color: #282828;\"><strong><img decoding=\"async\" src=\"https:\/\/bayobay.co.uk\/ebay\/zdjecia-aukcyjne\/rafpol\/largo\/zdjecia%20podwojne\/3.png\" \/><\/strong><\/span><\/p>\n<p style=\"text-align: justify;\"><span style=\"color: #282828;\"><strong>La silla de coche tiene una capota y una funda para los pies extra\u00edbles y se puede utilizar como cuna.<\/strong><\/span><\/p>\n<p style=\"text-align: justify;\"><span style=\"color: #282828;\"><strong><img decoding=\"async\" src=\"https:\/\/bayobay.co.uk\/ebay\/zdjecia-aukcyjne\/rafpol\/largo\/zdjecia%20podwojne\/4.png\" \/><\/strong><\/span><\/p>\n<p style=\"text-align: justify;\"><span style=\"color: #282828;\"><strong>Capota plegable y ventilada para el capazo.<br \/>\nUna bolsa espaciosa con cremallera: puedes sujetarla al chasis del cochecito o llevarla contigo.<\/strong><\/span><\/p>\n<p style=\"text-align: justify;\"><span style=\"color: #282828;\"><strong><img decoding=\"async\" src=\"https:\/\/bayobay.co.uk\/ebay\/zdjecia-aukcyjne\/rafpol\/largo\/zdjecia%20podwojne\/5.png\" \/><\/strong><\/span><\/p>\n<p style=\"text-align: justify;\"><span style=\"color: #282828;\"><strong>Reposapi\u00e9s duradero y f\u00e1cil de limpiar.<br \/>\nRespaldo ajustable.<br \/>\nToldo desmontable del asiento deportivo.<\/strong><\/span><\/p>\n<p style=\"text-align: justify;\"><span style=\"color: #282828;\"><strong><img decoding=\"async\" src=\"https:\/\/bayobay.co.uk\/ebay\/zdjecia-aukcyjne\/rafpol\/largo\/zdjecia%20podwojne\/6.png\" \/><\/strong><\/span><\/p>\n<p style=\"text-align: justify;\"><span style=\"color: #282828;\"><strong>La silla deportiva se puede instalar mirando hacia atr\u00e1s o hacia adelante. Tu beb\u00e9 puede sentarse mirando hacia ti (para que puedas hablarle y vigilarlo) o sentarse de espaldas a ti y observar su entorno desde el frente (a medida que crece y se interesa m\u00e1s por el mundo que le rodea).<br \/>\nEl toldo tiene una ventana de ventilaci\u00f3n.<br \/>\nAl ventilar adecuadamente el cochecito, proteges a tu hijo del sobrecalentamiento en climas c\u00e1lidos y le proporcionas abundante ventilaci\u00f3n y aire fresco.<\/strong><\/span><\/p>\n<p style=\"text-align: justify;\"><span style=\"color: #282828;\"><strong><img decoding=\"async\" src=\"https:\/\/bayobay.co.uk\/ebay\/zdjecia-aukcyjne\/rafpol\/largo\/zdjecia%20podwojne\/7.png\" \/><\/strong><\/span><\/p>\n<p style=\"text-align: justify;\"><span style=\"color: #282828;\"><strong>Un delantal adicional mantendr\u00e1 a tu beb\u00e9 abrigado en los d\u00edas m\u00e1s fr\u00edos.<br \/>\nEl cochecito tiene ruedas de gel blando a prueba de pinchazos, por lo que puedes usarlo en todo tipo de terrenos.<br \/>\nLas ruedas delanteras giratorias con bloqueo permiten tomar las curvas con gran facilidad.<\/strong><\/span><\/p>\n<p style=\"text-align: justify;\"><span style=\"color: #282828;\"><strong><img decoding=\"async\" src=\"https:\/\/bayobay.co.uk\/ebay\/zdjecia-aukcyjne\/rafpol\/largo\/zdjecia%20podwojne\/8.png\" \/><\/strong><\/span><\/p>\n<p style=\"text-align: justify;\"><span style=\"color: #282828;\"><strong>Funda para la lluvia y funda antimosquitos.<\/strong><\/span><\/p>\n<p style=\"text-align: justify;\"><span style=\"color: #282828;\"><strong><img decoding=\"async\" src=\"https:\/\/bayobay.co.uk\/ebay\/zdjecia-aukcyjne\/rafpol\/largo\/zdjecia%20podwojne\/9.png\" \/><\/strong><\/span><\/p>\n<p style=\"text-align: justify;\"><span style=\"color: #282828;\"><strong>El capazo cuenta con un colch\u00f3n lavable, suave y c\u00f3modo, y un respaldo ajustable en cuatro posiciones.<\/strong><\/span><\/p>\n<p style=\"text-align: justify;\"><span style=\"color: #282828;\"><strong><img decoding=\"async\" src=\"https:\/\/bayobay.co.uk\/ebay\/zdjecia-aukcyjne\/rafpol\/largo\/zdjecia%20podwojne\/10.png\" \/><\/strong><\/span><\/p>\n<p style=\"text-align: justify;\"><span style=\"color: #282828;\"><strong>Bolso cambiador, cambiador port\u00e1til, adaptadores para asiento de coche, portavasos, funda para la lluvia y los insectos.<\/strong><\/span><\/p>\n<p style=\"text-align: justify;\"><span style=\"color: #282828;\"><strong><img decoding=\"async\" src=\"https:\/\/bayobay.co.uk\/ebay\/zdjecia-aukcyjne\/rafpol\/largo\/zdjecia%20podwojne\/11.jpg\" \/><\/strong><\/span><\/p>\n<p style=\"text-align: justify;\"><span style=\"color: #282828;\"><strong><img decoding=\"async\" src=\"https:\/\/bayobay.co.uk\/ebay\/zdjecia-aukcyjne\/rafpol\/largo\/zdjecia%20podwojne\/12.png\" \/><\/strong><\/span><\/p>\n<p style=\"text-align: justify;\"><span style=\"color: #282828;\"><strong><img decoding=\"async\" src=\"https:\/\/bayobay.co.uk\/ebay\/zdjecia-aukcyjne\/rafpol\/largo\/zdjecia%20podwojne\/dimensions.png\" \/><\/strong><\/span><\/p>\n<p><span style=\"color: #282828;\"><strong><a style=\"color: #282828;\" href=\"http:\/\/forbabyboss.com\/wp-content\/uploads\/2022\/09\/Easy-Fold.png\"><img loading=\"lazy\" decoding=\"async\" class=\"alignnone size-full wp-image-4925\" src=\"http:\/\/forbabyboss.com\/wp-content\/uploads\/2022\/09\/Easy-Fold.png\" alt=\"\" width=\"1141\" height=\"409\" srcset=\"https:\/\/forbabyboss.com\/wp-content\/uploads\/2022\/09\/Easy-Fold.png 1141w, https:\/\/forbabyboss.com\/wp-content\/uploads\/2022\/09\/Easy-Fold-800x287.png 800w, https:\/\/forbabyboss.com\/wp-content\/uploads\/2022\/09\/Easy-Fold-768x275.png 768w, https:\/\/forbabyboss.com\/wp-content\/uploads\/2022\/09\/Easy-Fold-600x215.png 600w\" sizes=\"auto, (max-width: 1141px) 100vw, 1141px\" \/><\/a><\/strong><\/span><\/p>\n<p style=\"text-align: justify;\"><span style=\"color: #282828;\"><a style=\"color: #282828;\" href=\"http:\/\/forbabyboss.com\/wp-content\/uploads\/2022\/09\/checkout.png\"><img loading=\"lazy\" decoding=\"async\" class=\"alignnone wp-image-5965\" src=\"http:\/\/forbabyboss.com\/wp-content\/uploads\/2022\/09\/checkout.png\" alt=\"\" width=\"970\" height=\"357\" srcset=\"https:\/\/forbabyboss.com\/wp-content\/uploads\/2022\/09\/checkout.png 750w, https:\/\/forbabyboss.com\/wp-content\/uploads\/2022\/09\/checkout-600x221.png 600w\" sizes=\"auto, (max-width: 970px) 100vw, 970px\" \/><\/a><\/span><\/p>","protected":false},"excerpt":{"rendered":"<p><a href=\"http:\/\/forbabyboss.com\/wp-content\/uploads\/2022\/09\/Star-Rating-5.png\"><img loading=\"lazy\" decoding=\"async\" class=\"alignnone size-full wp-image-5973 aligncenter\" src=\"http:\/\/forbabyboss.com\/wp-content\/uploads\/2022\/09\/Star-Rating-5.png\" alt=\"\" width=\"275\" height=\"45\" \/><\/a><\/p>\n<p style=\"text-align: center;\"><span style=\"color: #ed1c24; font-size: 120%;\"><b>GARANT\u00cdA DE IGUALACI\u00d3N DE PRECIOS<\/b><\/span><\/p>\n<p style=\"text-align: center;\"><span style=\"font-size: 115%;\"><span style=\"font-weight: 400; color: #4f4fa7;\">Env\u00edo gratuito<\/span><span style=\"font-weight: 400;\"> \u2013 2 \u2013 7 d\u00edas<\/span><\/span><\/p>\n<p style=\"text-align: center;\"><strong><span style=\"color: #29606b;\">Regalo gratis con compras superiores a 100 \u00a3<\/span><\/strong><\/p>","protected":false},"featured_media":4989,"template":"","meta":[],"product_brand":[370],"product_cat":[336,339,156,213,305,303,130,211],"product_tag":[],"class_list":{"0":"post-4988","1":"product","2":"type-product","3":"status-publish","4":"has-post-thumbnail","6":"product_brand-babylux","7":"product_cat-400-to-500","8":"product_cat-700-to-800","9":"product_cat-3-in-1","10":"product_cat-blue","11":"product_cat-colour","12":"product_cat-pattern","13":"product_cat-prams","14":"product_cat-stroller","16":"first","17":"instock","18":"sale","19":"shipping-taxable","20":"purchasable","21":"product-type-simple"},"yoast_head":"<!-- This site is optimized with the Yoast SEO plugin v27.5 - https:\/\/yoast.com\/product\/yoast-seo-wordpress\/ -->\n<title>Baby Buggy Pram Car Seat 3 in 1 Travel System Pushchair All In One in Navy Blue Star - For Baby Boss<\/title>\n<meta name=\"description\" content=\"Baby Buggy Pram Car Seat 3 in 1 Travel System Pushchair All In One in Navy Blue Star\" \/>\n<meta name=\"robots\" content=\"index, follow, max-snippet:-1, max-image-preview:large, max-video-preview:-1\" \/>\n<link rel=\"canonical\" href=\"https:\/\/forbabyboss.com\/es\/product\/silla-de-paseo-cochecito-y-silla-de-coche-3-en-1-sistema-de-viaje-todo-en-uno-en-azul-marino-con-estrellas\/\" \/>\n<meta property=\"og:locale\" content=\"es_ES\" \/>\n<meta property=\"og:type\" content=\"article\" \/>\n<meta property=\"og:title\" content=\"Baby Buggy Pram Car Seat 3 in 1 Travel System Pushchair All In One in Navy Blue Star - For Baby Boss\" \/>\n<meta property=\"og:description\" content=\"Baby Buggy Pram Car Seat 3 in 1 Travel System Pushchair All In One in Navy Blue Star\" \/>\n<meta property=\"og:url\" content=\"https:\/\/forbabyboss.com\/es\/product\/silla-de-paseo-cochecito-y-silla-de-coche-3-en-1-sistema-de-viaje-todo-en-uno-en-azul-marino-con-estrellas\/\" \/>\n<meta property=\"og:site_name\" content=\"For Baby Boss\" \/>\n<meta property=\"article:modified_time\" content=\"2026-02-21T13:10:03+00:00\" \/>\n<meta property=\"og:image\" content=\"https:\/\/forbabyboss.com\/wp-content\/uploads\/2022\/09\/10-1.jpg\" \/>\n\t<meta property=\"og:image:width\" content=\"933\" \/>\n\t<meta property=\"og:image:height\" content=\"700\" \/>\n\t<meta property=\"og:image:type\" content=\"image\/jpeg\" \/>\n<meta name=\"twitter:card\" content=\"summary_large_image\" \/>\n<meta name=\"twitter:label1\" content=\"Tiempo de lectura\" \/>\n\t<meta name=\"twitter:data1\" content=\"8 minutos\" \/>\n<script type=\"application\/ld+json\" class=\"yoast-schema-graph\">{\"@context\":\"https:\\\/\\\/schema.org\",\"@graph\":[{\"@type\":\"WebPage\",\"@id\":\"https:\\\/\\\/forbabyboss.com\\\/product\\\/baby-buggy-pram-car-seat-3-in-1-travel-system-pushchair-all-in-one-in-navy-blue-star\\\/\",\"url\":\"https:\\\/\\\/forbabyboss.com\\\/product\\\/baby-buggy-pram-car-seat-3-in-1-travel-system-pushchair-all-in-one-in-navy-blue-star\\\/\",\"name\":\"Baby Buggy Pram Car Seat 3 in 1 Travel System Pushchair All In One in Navy Blue Star - For Baby Boss\",\"isPartOf\":{\"@id\":\"https:\\\/\\\/powderblue-seahorse-496884.hostingersite.com\\\/#website\"},\"primaryImageOfPage\":{\"@id\":\"https:\\\/\\\/forbabyboss.com\\\/product\\\/baby-buggy-pram-car-seat-3-in-1-travel-system-pushchair-all-in-one-in-navy-blue-star\\\/#primaryimage\"},\"image\":{\"@id\":\"https:\\\/\\\/forbabyboss.com\\\/product\\\/baby-buggy-pram-car-seat-3-in-1-travel-system-pushchair-all-in-one-in-navy-blue-star\\\/#primaryimage\"},\"thumbnailUrl\":\"https:\\\/\\\/forbabyboss.com\\\/wp-content\\\/uploads\\\/2022\\\/09\\\/10-1.jpg\",\"datePublished\":\"2022-09-10T16:07:32+00:00\",\"dateModified\":\"2026-02-21T13:10:03+00:00\",\"description\":\"Baby Buggy Pram Car Seat 3 in 1 Travel System Pushchair All In One in Navy Blue Star\",\"breadcrumb\":{\"@id\":\"https:\\\/\\\/forbabyboss.com\\\/product\\\/baby-buggy-pram-car-seat-3-in-1-travel-system-pushchair-all-in-one-in-navy-blue-star\\\/#breadcrumb\"},\"inLanguage\":\"es\",\"potentialAction\":[{\"@type\":\"ReadAction\",\"target\":[\"https:\\\/\\\/forbabyboss.com\\\/product\\\/baby-buggy-pram-car-seat-3-in-1-travel-system-pushchair-all-in-one-in-navy-blue-star\\\/\"]}]},{\"@type\":\"ImageObject\",\"inLanguage\":\"es\",\"@id\":\"https:\\\/\\\/forbabyboss.com\\\/product\\\/baby-buggy-pram-car-seat-3-in-1-travel-system-pushchair-all-in-one-in-navy-blue-star\\\/#primaryimage\",\"url\":\"https:\\\/\\\/forbabyboss.com\\\/wp-content\\\/uploads\\\/2022\\\/09\\\/10-1.jpg\",\"contentUrl\":\"https:\\\/\\\/forbabyboss.com\\\/wp-content\\\/uploads\\\/2022\\\/09\\\/10-1.jpg\",\"width\":933,\"height\":700},{\"@type\":\"BreadcrumbList\",\"@id\":\"https:\\\/\\\/forbabyboss.com\\\/product\\\/baby-buggy-pram-car-seat-3-in-1-travel-system-pushchair-all-in-one-in-navy-blue-star\\\/#breadcrumb\",\"itemListElement\":[{\"@type\":\"ListItem\",\"position\":1,\"name\":\"Home\",\"item\":\"https:\\\/\\\/forbabyboss.com\\\/\"},{\"@type\":\"ListItem\",\"position\":2,\"name\":\"Shop\",\"item\":\"https:\\\/\\\/forbabyboss.com\\\/shop\\\/\"},{\"@type\":\"ListItem\",\"position\":3,\"name\":\"Baby Buggy Pram Car Seat 3 in 1 Travel System Pushchair All In One in Navy Blue Star\"}]},{\"@type\":\"WebSite\",\"@id\":\"https:\\\/\\\/powderblue-seahorse-496884.hostingersite.com\\\/#website\",\"url\":\"https:\\\/\\\/powderblue-seahorse-496884.hostingersite.com\\\/\",\"name\":\"For Baby Boss\",\"description\":\"Beautiful gifts and accessories for your baby boss\",\"potentialAction\":[{\"@type\":\"SearchAction\",\"target\":{\"@type\":\"EntryPoint\",\"urlTemplate\":\"https:\\\/\\\/powderblue-seahorse-496884.hostingersite.com\\\/?s={search_term_string}\"},\"query-input\":{\"@type\":\"PropertyValueSpecification\",\"valueRequired\":true,\"valueName\":\"search_term_string\"}}],\"inLanguage\":\"es\"}]}<\/script>\n<!-- \/ Yoast SEO plugin. -->","yoast_head_json":{"title":"Silla de paseo\/cochecito 3 en 1 con asiento para cochecito, sistema de viaje todo en uno en azul marino con estrellas - Para Baby Boss","description":"Silla de paseo\/cochecito 3 en 1 con asiento para cochecito, todo en uno, color azul marino con estrellas.","robots":{"index":"index","follow":"follow","max-snippet":"max-snippet:-1","max-image-preview":"max-image-preview:large","max-video-preview":"max-video-preview:-1"},"canonical":"https:\/\/forbabyboss.com\/es\/product\/silla-de-paseo-cochecito-y-silla-de-coche-3-en-1-sistema-de-viaje-todo-en-uno-en-azul-marino-con-estrellas\/","og_locale":"es_ES","og_type":"article","og_title":"Baby Buggy Pram Car Seat 3 in 1 Travel System Pushchair All In One in Navy Blue Star - For Baby Boss","og_description":"Baby Buggy Pram Car Seat 3 in 1 Travel System Pushchair All In One in Navy Blue Star","og_url":"https:\/\/forbabyboss.com\/es\/product\/silla-de-paseo-cochecito-y-silla-de-coche-3-en-1-sistema-de-viaje-todo-en-uno-en-azul-marino-con-estrellas\/","og_site_name":"For Baby Boss","article_modified_time":"2026-02-21T13:10:03+00:00","og_image":[{"width":933,"height":700,"url":"https:\/\/forbabyboss.com\/wp-content\/uploads\/2022\/09\/10-1.jpg","type":"image\/jpeg"}],"twitter_card":"summary_large_image","twitter_misc":{"Tiempo de lectura":"8 minutos"},"schema":{"@context":"https:\/\/schema.org","@graph":[{"@type":"WebPage","@id":"https:\/\/forbabyboss.com\/product\/baby-buggy-pram-car-seat-3-in-1-travel-system-pushchair-all-in-one-in-navy-blue-star\/","url":"https:\/\/forbabyboss.com\/product\/baby-buggy-pram-car-seat-3-in-1-travel-system-pushchair-all-in-one-in-navy-blue-star\/","name":"Silla de paseo\/cochecito 3 en 1 con asiento para cochecito, sistema de viaje todo en uno en azul marino con estrellas - Para Baby Boss","isPartOf":{"@id":"https:\/\/powderblue-seahorse-496884.hostingersite.com\/#website"},"primaryImageOfPage":{"@id":"https:\/\/forbabyboss.com\/product\/baby-buggy-pram-car-seat-3-in-1-travel-system-pushchair-all-in-one-in-navy-blue-star\/#primaryimage"},"image":{"@id":"https:\/\/forbabyboss.com\/product\/baby-buggy-pram-car-seat-3-in-1-travel-system-pushchair-all-in-one-in-navy-blue-star\/#primaryimage"},"thumbnailUrl":"https:\/\/forbabyboss.com\/wp-content\/uploads\/2022\/09\/10-1.jpg","datePublished":"2022-09-10T16:07:32+00:00","dateModified":"2026-02-21T13:10:03+00:00","description":"Silla de paseo\/cochecito 3 en 1 con asiento para cochecito, todo en uno, color azul marino con estrellas.","breadcrumb":{"@id":"https:\/\/forbabyboss.com\/product\/baby-buggy-pram-car-seat-3-in-1-travel-system-pushchair-all-in-one-in-navy-blue-star\/#breadcrumb"},"inLanguage":"es","potentialAction":[{"@type":"ReadAction","target":["https:\/\/forbabyboss.com\/product\/baby-buggy-pram-car-seat-3-in-1-travel-system-pushchair-all-in-one-in-navy-blue-star\/"]}]},{"@type":"ImageObject","inLanguage":"es","@id":"https:\/\/forbabyboss.com\/product\/baby-buggy-pram-car-seat-3-in-1-travel-system-pushchair-all-in-one-in-navy-blue-star\/#primaryimage","url":"https:\/\/forbabyboss.com\/wp-content\/uploads\/2022\/09\/10-1.jpg","contentUrl":"https:\/\/forbabyboss.com\/wp-content\/uploads\/2022\/09\/10-1.jpg","width":933,"height":700},{"@type":"BreadcrumbList","@id":"https:\/\/forbabyboss.com\/product\/baby-buggy-pram-car-seat-3-in-1-travel-system-pushchair-all-in-one-in-navy-blue-star\/#breadcrumb","itemListElement":[{"@type":"ListItem","position":1,"name":"Home","item":"https:\/\/forbabyboss.com\/"},{"@type":"ListItem","position":2,"name":"Shop","item":"https:\/\/forbabyboss.com\/shop\/"},{"@type":"ListItem","position":3,"name":"Baby Buggy Pram Car Seat 3 in 1 Travel System Pushchair All In One in Navy Blue Star"}]},{"@type":"WebSite","@id":"https:\/\/powderblue-seahorse-496884.hostingersite.com\/#website","url":"https:\/\/powderblue-seahorse-496884.hostingersite.com\/","name":"Para el beb\u00e9 jefe","description":"Hermosos regalos y accesorios para tu beb\u00e9 jefe.","potentialAction":[{"@type":"SearchAction","target":{"@type":"EntryPoint","urlTemplate":"https:\/\/powderblue-seahorse-496884.hostingersite.com\/?s={search_term_string}"},"query-input":{"@type":"PropertyValueSpecification","valueRequired":true,"valueName":"search_term_string"}}],"inLanguage":"es"}]}},"_links":{"self":[{"href":"https:\/\/forbabyboss.com\/es\/wp-json\/wp\/v2\/product\/4988","targetHints":{"allow":["GET"]}}],"collection":[{"href":"https:\/\/forbabyboss.com\/es\/wp-json\/wp\/v2\/product"}],"about":[{"href":"https:\/\/forbabyboss.com\/es\/wp-json\/wp\/v2\/types\/product"}],"wp:featuredmedia":[{"embeddable":true,"href":"https:\/\/forbabyboss.com\/es\/wp-json\/wp\/v2\/media\/4989"}],"wp:attachment":[{"href":"https:\/\/forbabyboss.com\/es\/wp-json\/wp\/v2\/media?parent=4988"}],"wp:term":[{"taxonomy":"product_brand","embeddable":true,"href":"https:\/\/forbabyboss.com\/es\/wp-json\/wp\/v2\/product_brand?post=4988"},{"taxonomy":"product_cat","embeddable":true,"href":"https:\/\/forbabyboss.com\/es\/wp-json\/wp\/v2\/product_cat?post=4988"},{"taxonomy":"product_tag","embeddable":true,"href":"https:\/\/forbabyboss.com\/es\/wp-json\/wp\/v2\/product_tag?post=4988"}],"curies":[{"name":"wp","href":"https:\/\/api.w.org\/{rel}","templated":true}]}}