{"id":5219,"date":"2022-09-11T14:16:40","date_gmt":"2022-09-11T14:16:40","guid":{"rendered":"http:\/\/forbabyboss.com\/?post_type=product&#038;p=5219"},"modified":"2026-02-21T12:42:16","modified_gmt":"2026-02-21T12:42:16","slug":"cochecito-plegable-de-lujo-3-en-1-comodo-y-acogedor-para-recien-nacidos-y-ninos-pequenos-en-color-rojo","status":"publish","type":"product","link":"https:\/\/forbabyboss.com\/es\/product\/3-in-1-luxury-cosy-folding-pushchair-for-newborns-toddlers-in-red\/","title":{"rendered":"Silla de paseo plegable de lujo 3 en 1 para reci\u00e9n nacidos y ni\u00f1os peque\u00f1os en color rojo."},"content":{"rendered":"<h1><strong><span style=\"font-size: 190%; color: #e14d43;\">Cochecito elegante \u2013 Sistema de viaje compatible<\/span><\/strong><\/h1>\n<p style=\"text-align: justify;\"><span style=\"color: #282828;\"><strong>Un cochecito de beb\u00e9 incluye chasis, capazo, silla de paseo, capota, reposabrazos, fundas para el asiento, bolso espacioso, cesta de la compra, posavasos, protector de lluvia, mosquitera, barra de seguridad, cambiador, portavasos y colch\u00f3n transpirable e hipoalerg\u00e9nico. A partir de los 6 meses se puede usar como silla de paseo. La silla de paseo tiene un asiento reversible que se puede usar en ambos sentidos de viaje. La capota extensible tiene un sistema que repele l\u00edquidos. Adem\u00e1s, tiene una visera parasol con protecci\u00f3n UVA 30+. Hemos dise\u00f1ado el cochecito para acompa\u00f1ar a padres y ni\u00f1os desde el nacimiento hasta los 3 a\u00f1os. Se adapta perfectamente a las necesidades de tu hijo en crecimiento: empiezas con un capazo con el chasis de la silla de paseo. Cuando decidas que el ni\u00f1o es lo suficientemente grande y est\u00e1 listo para sentarse durante los paseos, montas un asiento c\u00f3modo mirando hacia atr\u00e1s o hacia adelante. \u00bfPuedes desear algo m\u00e1s?<\/strong><\/span><\/p>\n<p style=\"text-align: justify;\"><span style=\"color: #282828;\"><strong>Nuestros cochecitos de beb\u00e9 incorporan todas las tecnolog\u00edas m\u00e1s innovadoras.<\/strong><\/span><br \/>\n<span style=\"color: #282828;\"><strong>El capazo, la silla deportiva y la silla de coche se pueden acoplar tanto a contramarcha como de frente. La suspensi\u00f3n es el elemento responsable de un viaje sin sacudidas, lo que le proporcionar\u00e1 a tu beb\u00e9 un sue\u00f1o tranquilo.<\/strong><\/span><br \/>\n<span style=\"color: #282828;\"><strong>El sistema Shock Stop de nuestros cochecitos reduce las vibraciones desagradables. Consta de dos elementos: suspensi\u00f3n en las ruedas traseras y suspensi\u00f3n lateral adicional. El cochecito est\u00e1 listo para usar pr\u00e1cticamente nada m\u00e1s desempaquetarlo (basta con desplegar el chasis, colocar las ruedas y acoplar el capazo); no hace falta atornillar ni un solo tornillo.<\/strong><\/span><\/p>\n<p style=\"text-align: justify;\"><span style=\"color: #282828;\"><strong>El cochecito est\u00e1 equipado con una cesta de compras grande, manillar ajustable de piel ecol\u00f3gica y parasol.<\/strong><\/span><br \/>\n<span style=\"color: #282828;\"><strong>El freno central es f\u00e1cil de usar: se puede accionar o desactivar con un solo movimiento.<\/strong><\/span><\/p>\n<p style=\"text-align: justify;\"><span style=\"color: #282828;\"><strong>Capota plegable y ventilada para el capazo. Una bolsa espaciosa con cremallera que se puede acoplar al chasis del cochecito o llevar consigo.<\/strong><\/span><\/p>\n<p style=\"text-align: justify;\"><span style=\"color: #282828;\"><strong>Modo orientado hacia adelante y hacia atr\u00e1s.<\/strong><\/span><br \/>\n<span style=\"color: #282828;\"><strong>Reposapi\u00e9s duradero y f\u00e1cil de limpiar.<\/strong><\/span><\/p>\n<p style=\"text-align: justify;\"><span style=\"color: #282828;\"><strong>El capazo est\u00e1 equipado con un colch\u00f3n suave y c\u00f3modo, lavable, y un respaldo ajustable.<\/strong><\/span><\/p>\n<p style=\"text-align: justify;\"><span style=\"color: #282828;\"><strong>Acabado en piel ecol\u00f3gica de alta calidad.<\/strong><\/span><\/p>\n<p style=\"text-align: justify;\"><span style=\"color: #282828;\"><strong>La suspensi\u00f3n de las ruedas traseras tiene un ajuste de dureza de tres niveles y equilibra el peso del cochecito, por lo que se desplaza con suavidad incluso en carreteras irregulares.<\/strong><\/span><\/p>\n<h1><strong><span style=\"font-size: 160%; color: #e14d43;\">Nuestro cochecito 3 en 1 es un sistema de viaje bien dise\u00f1ado.<\/span><\/strong><\/h1>\n<h3 style=\"text-align: justify;\"><strong><span style=\"color: #e14d43;\">Caracter\u00edsticas:<\/span><\/strong><\/h3>\n<p style=\"text-align: justify;\"><span style=\"color: #282828;\"><strong>-Modo de orientaci\u00f3n hacia adelante y hacia atr\u00e1s<\/strong><\/span><br \/>\n<span style=\"color: #282828;\"><strong>-Asiento de coche acoplable al chasis<\/strong><\/span><br \/>\n<span style=\"color: #282828;\"><strong>-ventana de ventilaci\u00f3n en la parte trasera del cap\u00f3<\/strong><\/span><br \/>\n<span style=\"color: #282828;\"><strong>-La g\u00f3ndola tiene un forro suave que se puede quitar para lavarlo.<\/strong><\/span><br \/>\n<span style=\"color: #282828;\"><strong>-La cubierta de la g\u00f3ndola se puede levantar para crear un captador de viento.<\/strong><\/span><br \/>\n<span style=\"color: #282828;\"><strong>-Cap\u00f3 extendido y extra\u00edble<\/strong><\/span><br \/>\n<span style=\"color: #282828;\"><strong>- Arn\u00e9s de seguridad de cinco puntos<\/strong><\/span><br \/>\n<span style=\"color: #282828;\"><strong>-reposapi\u00e9s laminado<\/strong><\/span><br \/>\n<span style=\"color: #282828;\"><strong>-Mango ajustable multinivel<\/strong><\/span><br \/>\n<span style=\"color: #282828;\"><strong>-suspensi\u00f3n ajustable<\/strong><\/span><br \/>\n<span style=\"color: #282828;\"><strong>-estructura robusta<\/strong><\/span><br \/>\n<span style=\"color: #282828;\"><strong>-Reposapi\u00e9s y respaldo ajustables<\/strong><\/span><br \/>\n<span style=\"color: #282828;\"><strong>- Freno central EASY STOP<\/strong><\/span><br \/>\n<span style=\"color: #282828;\"><strong>-Cesta de la compra grande<\/strong><\/span><br \/>\n<span style=\"color: #282828;\"><strong>Apto para ni\u00f1os de 0 a 3 a\u00f1os.<\/strong><\/span><br \/>\n<span style=\"color: #282828;\"><strong>Silla de coche de hasta 10 kg<\/strong><\/span><\/p>\n<h3 style=\"text-align: justify;\"><strong><span style=\"color: #e14d43;\">Caracter\u00edsticas de la silla de coche:<\/span><\/strong><\/h3>\n<p style=\"text-align: justify;\"><span style=\"color: #282828;\"><strong>-Inserto adicional para beb\u00e9s<\/strong><\/span><br \/>\n<span style=\"color: #282828;\"><strong>-Mango ajustable<\/strong><\/span><br \/>\n<span style=\"color: #282828;\"><strong>-cubierta de pie desmontable<\/strong><\/span><br \/>\n<span style=\"color: #282828;\"><strong>-Cap\u00f3 desmontable<\/strong><\/span><br \/>\n<span style=\"color: #282828;\"><strong>-Cinturones de seguridad de tres puntos<\/strong><\/span><br \/>\n<span style=\"color: #282828;\"><strong>-opci\u00f3n de cuna<\/strong><\/span><\/p>\n<h3 style=\"text-align: justify;\"><strong><span style=\"color: #e14d43;\">El conjunto contiene:<\/span><\/strong><\/h3>\n<p style=\"text-align: justify;\"><span style=\"color: #282828;\"><strong>-estructura con asa de piel ecol\u00f3gica<\/strong><\/span><br \/>\n<span style=\"color: #282828;\"><strong>-g\u00f3ndola con respaldo ajustable<\/strong><\/span><br \/>\n<span style=\"color: #282828;\"><strong>-unidad de asiento<\/strong><\/span><br \/>\n<span style=\"color: #282828;\"><strong>-Dos fundas para los pies (para el cochecito y la g\u00f3ndola)<\/strong><\/span><br \/>\n<span style=\"color: #282828;\"><strong>-Silla de coche multifuncional con adaptadores<\/strong><\/span><br \/>\n<span style=\"color: #282828;\"><strong>-cubierta para la lluvia<\/strong><\/span><br \/>\n<span style=\"color: #282828;\"><strong>-mosquitero<\/strong><\/span><br \/>\n<span style=\"color: #282828;\"><strong>-bolsa y cambiador<\/strong><\/span><br \/>\n<span style=\"color: #282828;\"><strong>-Ruedas blandas de gel a prueba de roturas (todo terreno)<\/strong><\/span><br \/>\n<span style=\"color: #282828;\"><strong>-asa de botella<\/strong><\/span><br \/>\n<span style=\"color: #282828;\"><strong>-Un bolsillo grande en la parte trasera de la mochila y dos peque\u00f1os en los laterales.<\/strong><\/span><\/p>\n<p style=\"text-align: justify;\"><span style=\"color: #282828;\"><strong>Estructura plegada con ruedas (largo x ancho x alto): 85 x 60 x 40 cm<\/strong><\/span><br \/>\n<span style=\"color: #282828;\"><strong>Cochecito montado (alto x ancho x largo): 115 x 60 x 95 cm<\/strong><\/span><br \/>\n<span style=\"color: #282828;\"><strong>Interior de la g\u00f3ndola (ancho x largo x alto): 36 x 80 x 20 cm<\/strong><\/span><br \/>\n<span style=\"color: #282828;\"><strong>Interior del cochecito (ancho x largo del respaldo x largo del asiento x largo del reposapi\u00e9s): 34 x 48 x 26 x 23 cm<\/strong><\/span><br \/>\n<span style=\"color: #282828;\"><strong>Chasis con ruedas: 10 kg<\/strong><\/span><br \/>\n<span style=\"color: #282828;\"><strong>Cochecito: 15 kg<\/strong><\/span><br \/>\n<span style=\"color: #282828;\"><strong>Cochecito profundo: 16 kg<\/strong><\/span><br \/>\n<span style=\"color: #282828;\"><strong>Rango de ajuste del mango: de 70 cm a 115 cm.<\/strong><\/span><br \/>\n<span style=\"color: #282828;\"><strong>Cochecito: homologado seg\u00fan la norma de seguridad EN 1888:2018.<\/strong><\/span><br \/>\n<span style=\"color: #282828;\"><strong>Silla de coche homologada seg\u00fan la normativa ECE 44-04.<\/strong><\/span><br \/>\n<span style=\"color: #282828;\"><strong>Garant\u00eda de 12 meses<\/strong><\/span><\/p>\n<p><strong><a href=\"http:\/\/forbabyboss.com\/wp-content\/uploads\/2022\/09\/checkout.png\"><img loading=\"lazy\" decoding=\"async\" class=\"alignnone wp-image-5965\" src=\"http:\/\/forbabyboss.com\/wp-content\/uploads\/2022\/09\/checkout.png\" alt=\"\" width=\"973\" height=\"358\" srcset=\"https:\/\/forbabyboss.com\/wp-content\/uploads\/2022\/09\/checkout.png 750w, https:\/\/forbabyboss.com\/wp-content\/uploads\/2022\/09\/checkout-600x221.png 600w\" sizes=\"auto, (max-width: 973px) 100vw, 973px\" \/><\/a><\/strong><\/p>","protected":false},"excerpt":{"rendered":"<p><a href=\"http:\/\/forbabyboss.com\/wp-content\/uploads\/2022\/09\/Star-Rating-5.png\"><img loading=\"lazy\" decoding=\"async\" class=\"alignnone size-full wp-image-5973 aligncenter\" src=\"http:\/\/forbabyboss.com\/wp-content\/uploads\/2022\/09\/Star-Rating-5.png\" alt=\"\" width=\"275\" height=\"45\" \/><\/a><\/p>\n<p style=\"text-align: center;\"><span style=\"color: #ed1c24; font-size: 120%;\"><b>GARANT\u00cdA DE IGUALACI\u00d3N DE PRECIOS<\/b><\/span><\/p>\n<p style=\"text-align: center;\"><span style=\"font-size: 115%;\"><span style=\"font-weight: 400; color: #4f4fa7;\">Env\u00edo gratuito<\/span><span style=\"font-weight: 400;\"> \u2013 2 \u2013 7 d\u00edas<\/span><\/span><\/p>\n<p style=\"text-align: center;\"><strong><span style=\"color: #29606b;\">Regalo gratis con compras superiores a 100 \u00a3<\/span><\/strong><\/p>","protected":false},"featured_media":5221,"template":"","meta":[],"product_brand":[370],"product_cat":[337,339,156,305,208,130,211],"product_tag":[202,199],"class_list":{"0":"post-5219","1":"product","2":"type-product","3":"status-publish","4":"has-post-thumbnail","6":"product_brand-babylux","7":"product_cat-500-to-600","8":"product_cat-700-to-800","9":"product_cat-3-in-1","10":"product_cat-colour","11":"product_cat-gold","12":"product_cat-prams","13":"product_cat-stroller","14":"product_tag-3-in-1-pram","15":"product_tag-prams","17":"first","18":"instock","19":"sale","20":"shipping-taxable","21":"purchasable","22":"product-type-simple"},"yoast_head":"<!-- This site is optimized with the Yoast SEO plugin v27.5 - https:\/\/yoast.com\/product\/yoast-seo-wordpress\/ -->\n<title>3 in 1 Luxury Cosy Folding Pushchair For Newborns &amp; Toddlers in Red - For Baby Boss<\/title>\n<meta name=\"description\" content=\"3 in 1 Luxury Cosy Folding Pushchair For Newborns &amp; Toddlers in Red\" \/>\n<meta name=\"robots\" content=\"index, follow, max-snippet:-1, max-image-preview:large, max-video-preview:-1\" \/>\n<link rel=\"canonical\" href=\"https:\/\/forbabyboss.com\/es\/product\/cochecito-plegable-de-lujo-3-en-1-comodo-y-acogedor-para-recien-nacidos-y-ninos-pequenos-en-color-rojo\/\" \/>\n<meta property=\"og:locale\" content=\"es_ES\" \/>\n<meta property=\"og:type\" content=\"article\" \/>\n<meta property=\"og:title\" content=\"3 in 1 Luxury Cosy Folding Pushchair For Newborns &amp; Toddlers in Red - For Baby Boss\" \/>\n<meta property=\"og:description\" content=\"3 in 1 Luxury Cosy Folding Pushchair For Newborns &amp; Toddlers in Red\" \/>\n<meta property=\"og:url\" content=\"https:\/\/forbabyboss.com\/es\/product\/cochecito-plegable-de-lujo-3-en-1-comodo-y-acogedor-para-recien-nacidos-y-ninos-pequenos-en-color-rojo\/\" \/>\n<meta property=\"og:site_name\" content=\"For Baby Boss\" \/>\n<meta property=\"article:modified_time\" content=\"2026-02-21T12:42:16+00:00\" \/>\n<meta property=\"og:image\" content=\"https:\/\/forbabyboss.com\/wp-content\/uploads\/2022\/09\/Pram-Buggy-Luxury-Cosy-Folding-Pushchair-For-Newborns-Toddlers-Travel-Set-Red_main-800x800.png\" \/>\n\t<meta property=\"og:image:width\" content=\"800\" \/>\n\t<meta property=\"og:image:height\" content=\"800\" \/>\n\t<meta property=\"og:image:type\" content=\"image\/png\" \/>\n<meta name=\"twitter:card\" content=\"summary_large_image\" \/>\n<meta name=\"twitter:label1\" content=\"Tiempo de lectura\" \/>\n\t<meta name=\"twitter:data1\" content=\"3 minutos\" \/>\n<script type=\"application\/ld+json\" class=\"yoast-schema-graph\">{\"@context\":\"https:\\\/\\\/schema.org\",\"@graph\":[{\"@type\":\"WebPage\",\"@id\":\"https:\\\/\\\/forbabyboss.com\\\/product\\\/3-in-1-luxury-cosy-folding-pushchair-for-newborns-toddlers-in-red\\\/\",\"url\":\"https:\\\/\\\/forbabyboss.com\\\/product\\\/3-in-1-luxury-cosy-folding-pushchair-for-newborns-toddlers-in-red\\\/\",\"name\":\"3 in 1 Luxury Cosy Folding Pushchair For Newborns & Toddlers in Red - For Baby Boss\",\"isPartOf\":{\"@id\":\"https:\\\/\\\/powderblue-seahorse-496884.hostingersite.com\\\/#website\"},\"primaryImageOfPage\":{\"@id\":\"https:\\\/\\\/forbabyboss.com\\\/product\\\/3-in-1-luxury-cosy-folding-pushchair-for-newborns-toddlers-in-red\\\/#primaryimage\"},\"image\":{\"@id\":\"https:\\\/\\\/forbabyboss.com\\\/product\\\/3-in-1-luxury-cosy-folding-pushchair-for-newborns-toddlers-in-red\\\/#primaryimage\"},\"thumbnailUrl\":\"https:\\\/\\\/forbabyboss.com\\\/wp-content\\\/uploads\\\/2022\\\/09\\\/Pram-Buggy-Luxury-Cosy-Folding-Pushchair-For-Newborns-Toddlers-Travel-Set-Red_main.png\",\"datePublished\":\"2022-09-11T14:16:40+00:00\",\"dateModified\":\"2026-02-21T12:42:16+00:00\",\"description\":\"3 in 1 Luxury Cosy Folding Pushchair For Newborns & Toddlers in Red\",\"breadcrumb\":{\"@id\":\"https:\\\/\\\/forbabyboss.com\\\/product\\\/3-in-1-luxury-cosy-folding-pushchair-for-newborns-toddlers-in-red\\\/#breadcrumb\"},\"inLanguage\":\"es\",\"potentialAction\":[{\"@type\":\"ReadAction\",\"target\":[\"https:\\\/\\\/forbabyboss.com\\\/product\\\/3-in-1-luxury-cosy-folding-pushchair-for-newborns-toddlers-in-red\\\/\"]}]},{\"@type\":\"ImageObject\",\"inLanguage\":\"es\",\"@id\":\"https:\\\/\\\/forbabyboss.com\\\/product\\\/3-in-1-luxury-cosy-folding-pushchair-for-newborns-toddlers-in-red\\\/#primaryimage\",\"url\":\"https:\\\/\\\/forbabyboss.com\\\/wp-content\\\/uploads\\\/2022\\\/09\\\/Pram-Buggy-Luxury-Cosy-Folding-Pushchair-For-Newborns-Toddlers-Travel-Set-Red_main.png\",\"contentUrl\":\"https:\\\/\\\/forbabyboss.com\\\/wp-content\\\/uploads\\\/2022\\\/09\\\/Pram-Buggy-Luxury-Cosy-Folding-Pushchair-For-Newborns-Toddlers-Travel-Set-Red_main.png\",\"width\":1600,\"height\":1600},{\"@type\":\"BreadcrumbList\",\"@id\":\"https:\\\/\\\/forbabyboss.com\\\/product\\\/3-in-1-luxury-cosy-folding-pushchair-for-newborns-toddlers-in-red\\\/#breadcrumb\",\"itemListElement\":[{\"@type\":\"ListItem\",\"position\":1,\"name\":\"Home\",\"item\":\"https:\\\/\\\/forbabyboss.com\\\/\"},{\"@type\":\"ListItem\",\"position\":2,\"name\":\"Shop\",\"item\":\"https:\\\/\\\/forbabyboss.com\\\/shop\\\/\"},{\"@type\":\"ListItem\",\"position\":3,\"name\":\"3 in 1 Luxury Cosy Folding Pushchair For Newborns &#038; Toddlers in Red\"}]},{\"@type\":\"WebSite\",\"@id\":\"https:\\\/\\\/powderblue-seahorse-496884.hostingersite.com\\\/#website\",\"url\":\"https:\\\/\\\/powderblue-seahorse-496884.hostingersite.com\\\/\",\"name\":\"For Baby Boss\",\"description\":\"Beautiful gifts and accessories for your baby boss\",\"potentialAction\":[{\"@type\":\"SearchAction\",\"target\":{\"@type\":\"EntryPoint\",\"urlTemplate\":\"https:\\\/\\\/powderblue-seahorse-496884.hostingersite.com\\\/?s={search_term_string}\"},\"query-input\":{\"@type\":\"PropertyValueSpecification\",\"valueRequired\":true,\"valueName\":\"search_term_string\"}}],\"inLanguage\":\"es\"}]}<\/script>\n<!-- \/ Yoast SEO plugin. -->","yoast_head_json":{"title":"Silla de paseo plegable de lujo 3 en 1 para reci\u00e9n nacidos y ni\u00f1os peque\u00f1os en color rojo - Para Baby Boss","description":"Silla de paseo plegable de lujo 3 en 1 para reci\u00e9n nacidos y ni\u00f1os peque\u00f1os en color rojo.","robots":{"index":"index","follow":"follow","max-snippet":"max-snippet:-1","max-image-preview":"max-image-preview:large","max-video-preview":"max-video-preview:-1"},"canonical":"https:\/\/forbabyboss.com\/es\/product\/cochecito-plegable-de-lujo-3-en-1-comodo-y-acogedor-para-recien-nacidos-y-ninos-pequenos-en-color-rojo\/","og_locale":"es_ES","og_type":"article","og_title":"3 in 1 Luxury Cosy Folding Pushchair For Newborns & Toddlers in Red - For Baby Boss","og_description":"3 in 1 Luxury Cosy Folding Pushchair For Newborns & Toddlers in Red","og_url":"https:\/\/forbabyboss.com\/es\/product\/cochecito-plegable-de-lujo-3-en-1-comodo-y-acogedor-para-recien-nacidos-y-ninos-pequenos-en-color-rojo\/","og_site_name":"For Baby Boss","article_modified_time":"2026-02-21T12:42:16+00:00","og_image":[{"width":800,"height":800,"url":"https:\/\/forbabyboss.com\/wp-content\/uploads\/2022\/09\/Pram-Buggy-Luxury-Cosy-Folding-Pushchair-For-Newborns-Toddlers-Travel-Set-Red_main-800x800.png","type":"image\/png"}],"twitter_card":"summary_large_image","twitter_misc":{"Tiempo de lectura":"3 minutos"},"schema":{"@context":"https:\/\/schema.org","@graph":[{"@type":"WebPage","@id":"https:\/\/forbabyboss.com\/product\/3-in-1-luxury-cosy-folding-pushchair-for-newborns-toddlers-in-red\/","url":"https:\/\/forbabyboss.com\/product\/3-in-1-luxury-cosy-folding-pushchair-for-newborns-toddlers-in-red\/","name":"Silla de paseo plegable de lujo 3 en 1 para reci\u00e9n nacidos y ni\u00f1os peque\u00f1os en color rojo - Para Baby Boss","isPartOf":{"@id":"https:\/\/powderblue-seahorse-496884.hostingersite.com\/#website"},"primaryImageOfPage":{"@id":"https:\/\/forbabyboss.com\/product\/3-in-1-luxury-cosy-folding-pushchair-for-newborns-toddlers-in-red\/#primaryimage"},"image":{"@id":"https:\/\/forbabyboss.com\/product\/3-in-1-luxury-cosy-folding-pushchair-for-newborns-toddlers-in-red\/#primaryimage"},"thumbnailUrl":"https:\/\/forbabyboss.com\/wp-content\/uploads\/2022\/09\/Pram-Buggy-Luxury-Cosy-Folding-Pushchair-For-Newborns-Toddlers-Travel-Set-Red_main.png","datePublished":"2022-09-11T14:16:40+00:00","dateModified":"2026-02-21T12:42:16+00:00","description":"Silla de paseo plegable de lujo 3 en 1 para reci\u00e9n nacidos y ni\u00f1os peque\u00f1os en color rojo.","breadcrumb":{"@id":"https:\/\/forbabyboss.com\/product\/3-in-1-luxury-cosy-folding-pushchair-for-newborns-toddlers-in-red\/#breadcrumb"},"inLanguage":"es","potentialAction":[{"@type":"ReadAction","target":["https:\/\/forbabyboss.com\/product\/3-in-1-luxury-cosy-folding-pushchair-for-newborns-toddlers-in-red\/"]}]},{"@type":"ImageObject","inLanguage":"es","@id":"https:\/\/forbabyboss.com\/product\/3-in-1-luxury-cosy-folding-pushchair-for-newborns-toddlers-in-red\/#primaryimage","url":"https:\/\/forbabyboss.com\/wp-content\/uploads\/2022\/09\/Pram-Buggy-Luxury-Cosy-Folding-Pushchair-For-Newborns-Toddlers-Travel-Set-Red_main.png","contentUrl":"https:\/\/forbabyboss.com\/wp-content\/uploads\/2022\/09\/Pram-Buggy-Luxury-Cosy-Folding-Pushchair-For-Newborns-Toddlers-Travel-Set-Red_main.png","width":1600,"height":1600},{"@type":"BreadcrumbList","@id":"https:\/\/forbabyboss.com\/product\/3-in-1-luxury-cosy-folding-pushchair-for-newborns-toddlers-in-red\/#breadcrumb","itemListElement":[{"@type":"ListItem","position":1,"name":"Home","item":"https:\/\/forbabyboss.com\/"},{"@type":"ListItem","position":2,"name":"Shop","item":"https:\/\/forbabyboss.com\/shop\/"},{"@type":"ListItem","position":3,"name":"3 in 1 Luxury Cosy Folding Pushchair For Newborns &#038; Toddlers in Red"}]},{"@type":"WebSite","@id":"https:\/\/powderblue-seahorse-496884.hostingersite.com\/#website","url":"https:\/\/powderblue-seahorse-496884.hostingersite.com\/","name":"Para el beb\u00e9 jefe","description":"Hermosos regalos y accesorios para tu beb\u00e9 jefe.","potentialAction":[{"@type":"SearchAction","target":{"@type":"EntryPoint","urlTemplate":"https:\/\/powderblue-seahorse-496884.hostingersite.com\/?s={search_term_string}"},"query-input":{"@type":"PropertyValueSpecification","valueRequired":true,"valueName":"search_term_string"}}],"inLanguage":"es"}]}},"_links":{"self":[{"href":"https:\/\/forbabyboss.com\/es\/wp-json\/wp\/v2\/product\/5219","targetHints":{"allow":["GET"]}}],"collection":[{"href":"https:\/\/forbabyboss.com\/es\/wp-json\/wp\/v2\/product"}],"about":[{"href":"https:\/\/forbabyboss.com\/es\/wp-json\/wp\/v2\/types\/product"}],"wp:featuredmedia":[{"embeddable":true,"href":"https:\/\/forbabyboss.com\/es\/wp-json\/wp\/v2\/media\/5221"}],"wp:attachment":[{"href":"https:\/\/forbabyboss.com\/es\/wp-json\/wp\/v2\/media?parent=5219"}],"wp:term":[{"taxonomy":"product_brand","embeddable":true,"href":"https:\/\/forbabyboss.com\/es\/wp-json\/wp\/v2\/product_brand?post=5219"},{"taxonomy":"product_cat","embeddable":true,"href":"https:\/\/forbabyboss.com\/es\/wp-json\/wp\/v2\/product_cat?post=5219"},{"taxonomy":"product_tag","embeddable":true,"href":"https:\/\/forbabyboss.com\/es\/wp-json\/wp\/v2\/product_tag?post=5219"}],"curies":[{"name":"wp","href":"https:\/\/api.w.org\/{rel}","templated":true}]}}