{"id":5402,"date":"2022-09-13T10:07:08","date_gmt":"2022-09-13T10:07:08","guid":{"rendered":"http:\/\/forbabyboss.com\/?post_type=product&#038;p=5402"},"modified":"2026-02-21T12:15:31","modified_gmt":"2026-02-21T12:15:31","slug":"cochecito-de-bebe-desde-el-nacimiento-silla-de-paseo-sistema-de-viaje-3-en-1-para-ninos-y-ninas-base-isofix-cadena-dorada-estructura-blanca","status":"publish","type":"product","link":"https:\/\/forbabyboss.com\/es\/product\/baby-pram-from-birth-pushchair-buggy-3-in1-travel-system-boys-girls-isofix-base-gold-chain-white-frame\/","title":{"rendered":"Cochecito de beb\u00e9 desde el nacimiento, silla de paseo 3 en 1, sistema de viaje para ni\u00f1os y ni\u00f1as, base ISOFIX -Cadena dorada- Chasis blanco"},"content":{"rendered":"<p style=\"text-align: justify;\">Este cochecito es perfecto para quienes buscan belleza y un primer carrito excepcional para sus peque\u00f1os.<br \/>\nOptimal es una colecci\u00f3n de cochecitos funcionales, seguros y coloridos.<br \/>\nEl asa est\u00e1 recubierta de cuero ecol\u00f3gico, muy suave al tacto.<br \/>\nOtra ventaja de este cochecito es su estructura c\u00f3moda y bien suspendida, que resulta extremadamente f\u00e1cil de usar.<br \/>\nEl cochecito en s\u00ed es muy ligero y se maneja de maravilla.<br \/>\nEl sistema de f\u00e1cil montaje ser\u00e1 apreciado por todos los padres.<br \/>\nEl cochecito es compacto, por lo que no tendr\u00e1s ning\u00fan problema para moverte por pasillos estrechos.<br \/>\nNos gustar\u00eda que observara la posibilidad de ajustar la g\u00f3ndola desde el exterior y el sistema de suspensi\u00f3n en las ruedas.<br \/>\nLa tapicer\u00eda del cochecito est\u00e1 fabricada con tejidos impregnados de la m\u00e1s alta calidad, aptos para ni\u00f1os.<br \/>\nEl interior de la g\u00f3ndola est\u00e1 relleno de tela de algod\u00f3n hipoalerg\u00e9nica.<br \/>\nLa tapicer\u00eda se puede quitar para lavarla.<\/p>\n<p style=\"text-align: justify;\">marco con asa de cuero,<br \/>\nG\u00f3ndola con asa de cuero ecol\u00f3gico<br \/>\nsistema de cochecito<br \/>\nAdaptadores para sillas de coche para montaje en el chasis<br \/>\nbolsa grande<br \/>\nruedas de gel antipinchazos<br \/>\nCabina y cubrepi\u00e9s aislante para la opci\u00f3n de cochecito<br \/>\nCabina y cubierta para la g\u00f3ndola<br \/>\ncabina y una funda para los pies del asiento del coche<br \/>\ncolch\u00f3n para cochecito<\/p>\n<h3><strong>Cochecito:<\/strong><\/h3>\n<ul>\n<li>Capota ajustable \/ Forro de lujo \/ Asa de transporte \/ Parachoques extra\u00edble<\/li>\n<li>Bar<\/li>\n<li>El interior est\u00e1 hecho de algod\u00f3n hipoalerg\u00e9nico apto para ni\u00f1os y transpirable.<\/li>\n<li>Ruedas delanteras con rodamientos, bloqueables, giratorias 360\u00b0 y con sistema de inflado.,<br \/>\nFreno central \u201cparar y arrancar\u201d;<\/li>\n<li>Capota desmontable para una mejor protecci\u00f3n solar en la unidad de asiento;<br \/>\nCapazo equipado con respaldo ajustable en 4 puntos.<br \/>\nCapazo y asiento ventilados;<\/li>\n<li>Mango ajustable de 4 puntos recubierto de ecopiel;<br \/>\nun sistema orientado hacia adelante y hacia atr\u00e1s,<\/li>\n<\/ul>\n<h2><strong>Dimensiones:<\/strong><\/h2>\n<ul>\n<li style=\"text-align: justify;\">Capazo<\/li>\n<li style=\"text-align: justify;\">peso \u2013 4,2 kg<\/li>\n<li style=\"text-align: justify;\">Peso total del cochecito: 14 kg<\/li>\n<li style=\"text-align: justify;\">Chasis con capazo: 126 cm de alto x 59,5 cm de ancho x 100 cm de largo.<\/li>\n<li style=\"text-align: justify;\">Medidas internas: Ancho 36 cm x Largo 91 cm x Profundidad 21 cm<\/li>\n<\/ul>\n<h3 style=\"text-align: justify;\"><strong>Silla de paseo:<\/strong><\/h3>\n<ul>\n<li style=\"text-align: justify;\">Chasis con ruedas: 13,7 kg<\/li>\n<li style=\"text-align: justify;\">Dimensiones del cochecito: Alto 114 cm x Ancho 59,5 cm x Largo 90 cm<\/li>\n<\/ul>\n<h3 style=\"text-align: justify;\"><strong>Silla de coche:<\/strong><\/h3>\n<ul>\n<li style=\"text-align: justify;\">Peso: 4,8 kg<\/li>\n<li style=\"text-align: justify;\">Silla de coche con estructura y ruedas: 14,8 kg<\/li>\n<li style=\"text-align: justify;\">Chasis con asiento para coche: Alto 108 cm x Ancho 63 cm x Largo 84 cm<\/li>\n<\/ul>\n<h4 style=\"text-align: justify;\"><strong>Marco:<\/strong><\/h4>\n<ul>\n<li style=\"text-align: justify;\">cuadro con ruedas: 9,8 kg<\/li>\n<li style=\"text-align: justify;\">Di\u00e1metro de las ruedas: delanteras 25 cm, traseras 31 cm.<\/li>\n<\/ul>\n<h4 style=\"text-align: justify;\"><strong>Asiento de coche c\u00f3modo:<\/strong><\/h4>\n<ul>\n<li style=\"text-align: justify;\">Grupo 0-10 kg:<\/li>\n<li style=\"text-align: justify;\">Montado en el carro mediante el adaptador.<\/li>\n<li style=\"text-align: justify;\">arn\u00e9s de 3 puntos<\/li>\n<li style=\"text-align: justify;\">Asa ajustable para transportar<\/li>\n<li style=\"text-align: justify;\">Funda extra\u00edble<\/li>\n<li style=\"text-align: justify;\">Cinturones de seguridad ajustables en altura<\/li>\n<li style=\"text-align: justify;\">Modo orientado hacia adelante o hacia atr\u00e1s<\/li>\n<\/ul>\n<p style=\"text-align: justify;\"><a href=\"http:\/\/forbabyboss.com\/wp-content\/uploads\/2022\/09\/checkout.png\"><img loading=\"lazy\" decoding=\"async\" class=\"alignnone size-full wp-image-5965\" src=\"http:\/\/forbabyboss.com\/wp-content\/uploads\/2022\/09\/checkout.png\" alt=\"\" width=\"750\" height=\"276\" srcset=\"https:\/\/forbabyboss.com\/wp-content\/uploads\/2022\/09\/checkout.png 750w, https:\/\/forbabyboss.com\/wp-content\/uploads\/2022\/09\/checkout-600x221.png 600w\" sizes=\"auto, (max-width: 750px) 100vw, 750px\" \/><\/a><\/p>","protected":false},"excerpt":{"rendered":"<p><a href=\"http:\/\/forbabyboss.com\/wp-content\/uploads\/2022\/09\/Star-Rating-5.png\"><img loading=\"lazy\" decoding=\"async\" class=\"alignnone size-full wp-image-5973 aligncenter\" src=\"http:\/\/forbabyboss.com\/wp-content\/uploads\/2022\/09\/Star-Rating-5.png\" alt=\"\" width=\"275\" height=\"45\" \/><\/a><\/p>\n<p style=\"text-align: center;\"><span style=\"color: #ed1c24; font-size: 120%;\"><b>GARANT\u00cdA DE IGUALACI\u00d3N DE PRECIOS<\/b><\/span><\/p>\n<p style=\"text-align: center;\"><span style=\"font-size: 115%;\"><span style=\"font-weight: 400; color: #4f4fa7;\">Env\u00edo gratuito<\/span><span style=\"font-weight: 400;\"> \u2013 2 \u2013 7 d\u00edas<\/span><\/span><\/p>\n<p style=\"text-align: center;\"><strong><span style=\"color: #29606b;\">Regalo gratis con compras superiores a 100 \u00a3<\/span><\/strong><\/p>","protected":false},"featured_media":5403,"template":"","meta":[],"product_brand":[370],"product_cat":[338,339,156,207,305,208,303,130,209,211],"product_tag":[163,199],"class_list":{"0":"post-5402","1":"product","2":"type-product","3":"status-publish","4":"has-post-thumbnail","6":"product_brand-babylux","7":"product_cat-600-to-700","8":"product_cat-700-to-800","9":"product_cat-3-in-1","10":"product_cat-black","11":"product_cat-colour","12":"product_cat-gold","13":"product_cat-pattern","14":"product_cat-prams","15":"product_cat-push-chairs","16":"product_cat-stroller","17":"product_tag-3-in-1-prams","18":"product_tag-prams","20":"first","21":"instock","22":"sale","23":"shipping-taxable","24":"purchasable","25":"product-type-simple"},"yoast_head":"<!-- This site is optimized with the Yoast SEO plugin v27.5 - https:\/\/yoast.com\/product\/yoast-seo-wordpress\/ -->\n<title>Baby Pram From Birth Pushchair Buggy 3 in1 Travel System Boys Girls ISOFIX BASE -Gold Chain- white frame - For Baby Boss<\/title>\n<meta name=\"description\" content=\"Baby Pram From Birth Pushchair Buggy 3 in1 Travel System Boys Girls ISOFIX BASE -Gold Chain- white frame\" \/>\n<meta name=\"robots\" content=\"index, follow, max-snippet:-1, max-image-preview:large, max-video-preview:-1\" \/>\n<link rel=\"canonical\" href=\"https:\/\/forbabyboss.com\/es\/product\/cochecito-de-bebe-desde-el-nacimiento-silla-de-paseo-sistema-de-viaje-3-en-1-para-ninos-y-ninas-base-isofix-cadena-dorada-estructura-blanca\/\" \/>\n<meta property=\"og:locale\" content=\"es_ES\" \/>\n<meta property=\"og:type\" content=\"article\" \/>\n<meta property=\"og:title\" content=\"Baby Pram From Birth Pushchair Buggy 3 in1 Travel System Boys Girls ISOFIX BASE -Gold Chain- white frame - For Baby Boss\" \/>\n<meta property=\"og:description\" content=\"Baby Pram From Birth Pushchair Buggy 3 in1 Travel System Boys Girls ISOFIX BASE -Gold Chain- white frame\" \/>\n<meta property=\"og:url\" content=\"https:\/\/forbabyboss.com\/es\/product\/cochecito-de-bebe-desde-el-nacimiento-silla-de-paseo-sistema-de-viaje-3-en-1-para-ninos-y-ninas-base-isofix-cadena-dorada-estructura-blanca\/\" \/>\n<meta property=\"og:site_name\" content=\"For Baby Boss\" \/>\n<meta property=\"article:modified_time\" content=\"2026-02-21T12:15:31+00:00\" \/>\n<meta property=\"og:image\" content=\"https:\/\/forbabyboss.com\/wp-content\/uploads\/2022\/09\/Baby-Pram-From-Birth-Pushchair-Buggy-3-in1-Travel-System-Boys-Girls-ISOFIX-BASE-Gold-Chain-white-frame_main.png\" \/>\n\t<meta property=\"og:image:width\" content=\"1600\" \/>\n\t<meta property=\"og:image:height\" content=\"1156\" \/>\n\t<meta property=\"og:image:type\" content=\"image\/png\" \/>\n<meta name=\"twitter:card\" content=\"summary_large_image\" \/>\n<meta name=\"twitter:label1\" content=\"Tiempo de lectura\" \/>\n\t<meta name=\"twitter:data1\" content=\"2 minutos\" \/>\n<script type=\"application\/ld+json\" class=\"yoast-schema-graph\">{\"@context\":\"https:\\\/\\\/schema.org\",\"@graph\":[{\"@type\":\"WebPage\",\"@id\":\"https:\\\/\\\/forbabyboss.com\\\/product\\\/baby-pram-from-birth-pushchair-buggy-3-in1-travel-system-boys-girls-isofix-base-gold-chain-white-frame\\\/\",\"url\":\"https:\\\/\\\/forbabyboss.com\\\/product\\\/baby-pram-from-birth-pushchair-buggy-3-in1-travel-system-boys-girls-isofix-base-gold-chain-white-frame\\\/\",\"name\":\"Baby Pram From Birth Pushchair Buggy 3 in1 Travel System Boys Girls ISOFIX BASE -Gold Chain- white frame - For Baby Boss\",\"isPartOf\":{\"@id\":\"https:\\\/\\\/powderblue-seahorse-496884.hostingersite.com\\\/#website\"},\"primaryImageOfPage\":{\"@id\":\"https:\\\/\\\/forbabyboss.com\\\/product\\\/baby-pram-from-birth-pushchair-buggy-3-in1-travel-system-boys-girls-isofix-base-gold-chain-white-frame\\\/#primaryimage\"},\"image\":{\"@id\":\"https:\\\/\\\/forbabyboss.com\\\/product\\\/baby-pram-from-birth-pushchair-buggy-3-in1-travel-system-boys-girls-isofix-base-gold-chain-white-frame\\\/#primaryimage\"},\"thumbnailUrl\":\"https:\\\/\\\/forbabyboss.com\\\/wp-content\\\/uploads\\\/2022\\\/09\\\/Baby-Pram-From-Birth-Pushchair-Buggy-3-in1-Travel-System-Boys-Girls-ISOFIX-BASE-Gold-Chain-white-frame_main.png\",\"datePublished\":\"2022-09-13T10:07:08+00:00\",\"dateModified\":\"2026-02-21T12:15:31+00:00\",\"description\":\"Baby Pram From Birth Pushchair Buggy 3 in1 Travel System Boys Girls ISOFIX BASE -Gold Chain- white frame\",\"breadcrumb\":{\"@id\":\"https:\\\/\\\/forbabyboss.com\\\/product\\\/baby-pram-from-birth-pushchair-buggy-3-in1-travel-system-boys-girls-isofix-base-gold-chain-white-frame\\\/#breadcrumb\"},\"inLanguage\":\"es\",\"potentialAction\":[{\"@type\":\"ReadAction\",\"target\":[\"https:\\\/\\\/forbabyboss.com\\\/product\\\/baby-pram-from-birth-pushchair-buggy-3-in1-travel-system-boys-girls-isofix-base-gold-chain-white-frame\\\/\"]}]},{\"@type\":\"ImageObject\",\"inLanguage\":\"es\",\"@id\":\"https:\\\/\\\/forbabyboss.com\\\/product\\\/baby-pram-from-birth-pushchair-buggy-3-in1-travel-system-boys-girls-isofix-base-gold-chain-white-frame\\\/#primaryimage\",\"url\":\"https:\\\/\\\/forbabyboss.com\\\/wp-content\\\/uploads\\\/2022\\\/09\\\/Baby-Pram-From-Birth-Pushchair-Buggy-3-in1-Travel-System-Boys-Girls-ISOFIX-BASE-Gold-Chain-white-frame_main.png\",\"contentUrl\":\"https:\\\/\\\/forbabyboss.com\\\/wp-content\\\/uploads\\\/2022\\\/09\\\/Baby-Pram-From-Birth-Pushchair-Buggy-3-in1-Travel-System-Boys-Girls-ISOFIX-BASE-Gold-Chain-white-frame_main.png\",\"width\":1600,\"height\":1156},{\"@type\":\"BreadcrumbList\",\"@id\":\"https:\\\/\\\/forbabyboss.com\\\/product\\\/baby-pram-from-birth-pushchair-buggy-3-in1-travel-system-boys-girls-isofix-base-gold-chain-white-frame\\\/#breadcrumb\",\"itemListElement\":[{\"@type\":\"ListItem\",\"position\":1,\"name\":\"Home\",\"item\":\"https:\\\/\\\/forbabyboss.com\\\/\"},{\"@type\":\"ListItem\",\"position\":2,\"name\":\"Shop\",\"item\":\"https:\\\/\\\/forbabyboss.com\\\/shop\\\/\"},{\"@type\":\"ListItem\",\"position\":3,\"name\":\"Baby Pram From Birth Pushchair Buggy 3 in1 Travel System Boys Girls ISOFIX BASE -Gold Chain- white frame\"}]},{\"@type\":\"WebSite\",\"@id\":\"https:\\\/\\\/powderblue-seahorse-496884.hostingersite.com\\\/#website\",\"url\":\"https:\\\/\\\/powderblue-seahorse-496884.hostingersite.com\\\/\",\"name\":\"For Baby Boss\",\"description\":\"Beautiful gifts and accessories for your baby boss\",\"potentialAction\":[{\"@type\":\"SearchAction\",\"target\":{\"@type\":\"EntryPoint\",\"urlTemplate\":\"https:\\\/\\\/powderblue-seahorse-496884.hostingersite.com\\\/?s={search_term_string}\"},\"query-input\":{\"@type\":\"PropertyValueSpecification\",\"valueRequired\":true,\"valueName\":\"search_term_string\"}}],\"inLanguage\":\"es\"}]}<\/script>\n<!-- \/ Yoast SEO plugin. -->","yoast_head_json":{"title":"Cochecito de beb\u00e9 desde el nacimiento, silla de paseo 3 en 1, sistema de viaje para ni\u00f1os y ni\u00f1as, base ISOFIX -Cadena dorada-estructura blanca - Para Baby Boss","description":"Cochecito de beb\u00e9 desde el nacimiento, silla de paseo 3 en 1, sistema de viaje para ni\u00f1os y ni\u00f1as, base ISOFIX -Cadena dorada- Chasis blanco","robots":{"index":"index","follow":"follow","max-snippet":"max-snippet:-1","max-image-preview":"max-image-preview:large","max-video-preview":"max-video-preview:-1"},"canonical":"https:\/\/forbabyboss.com\/es\/product\/cochecito-de-bebe-desde-el-nacimiento-silla-de-paseo-sistema-de-viaje-3-en-1-para-ninos-y-ninas-base-isofix-cadena-dorada-estructura-blanca\/","og_locale":"es_ES","og_type":"article","og_title":"Baby Pram From Birth Pushchair Buggy 3 in1 Travel System Boys Girls ISOFIX BASE -Gold Chain- white frame - For Baby Boss","og_description":"Baby Pram From Birth Pushchair Buggy 3 in1 Travel System Boys Girls ISOFIX BASE -Gold Chain- white frame","og_url":"https:\/\/forbabyboss.com\/es\/product\/cochecito-de-bebe-desde-el-nacimiento-silla-de-paseo-sistema-de-viaje-3-en-1-para-ninos-y-ninas-base-isofix-cadena-dorada-estructura-blanca\/","og_site_name":"For Baby Boss","article_modified_time":"2026-02-21T12:15:31+00:00","og_image":[{"width":1600,"height":1156,"url":"https:\/\/forbabyboss.com\/wp-content\/uploads\/2022\/09\/Baby-Pram-From-Birth-Pushchair-Buggy-3-in1-Travel-System-Boys-Girls-ISOFIX-BASE-Gold-Chain-white-frame_main.png","type":"image\/png"}],"twitter_card":"summary_large_image","twitter_misc":{"Tiempo de lectura":"2 minutos"},"schema":{"@context":"https:\/\/schema.org","@graph":[{"@type":"WebPage","@id":"https:\/\/forbabyboss.com\/product\/baby-pram-from-birth-pushchair-buggy-3-in1-travel-system-boys-girls-isofix-base-gold-chain-white-frame\/","url":"https:\/\/forbabyboss.com\/product\/baby-pram-from-birth-pushchair-buggy-3-in1-travel-system-boys-girls-isofix-base-gold-chain-white-frame\/","name":"Cochecito de beb\u00e9 desde el nacimiento, silla de paseo 3 en 1, sistema de viaje para ni\u00f1os y ni\u00f1as, base ISOFIX -Cadena dorada-estructura blanca - Para Baby Boss","isPartOf":{"@id":"https:\/\/powderblue-seahorse-496884.hostingersite.com\/#website"},"primaryImageOfPage":{"@id":"https:\/\/forbabyboss.com\/product\/baby-pram-from-birth-pushchair-buggy-3-in1-travel-system-boys-girls-isofix-base-gold-chain-white-frame\/#primaryimage"},"image":{"@id":"https:\/\/forbabyboss.com\/product\/baby-pram-from-birth-pushchair-buggy-3-in1-travel-system-boys-girls-isofix-base-gold-chain-white-frame\/#primaryimage"},"thumbnailUrl":"https:\/\/forbabyboss.com\/wp-content\/uploads\/2022\/09\/Baby-Pram-From-Birth-Pushchair-Buggy-3-in1-Travel-System-Boys-Girls-ISOFIX-BASE-Gold-Chain-white-frame_main.png","datePublished":"2022-09-13T10:07:08+00:00","dateModified":"2026-02-21T12:15:31+00:00","description":"Cochecito de beb\u00e9 desde el nacimiento, silla de paseo 3 en 1, sistema de viaje para ni\u00f1os y ni\u00f1as, base ISOFIX -Cadena dorada- Chasis blanco","breadcrumb":{"@id":"https:\/\/forbabyboss.com\/product\/baby-pram-from-birth-pushchair-buggy-3-in1-travel-system-boys-girls-isofix-base-gold-chain-white-frame\/#breadcrumb"},"inLanguage":"es","potentialAction":[{"@type":"ReadAction","target":["https:\/\/forbabyboss.com\/product\/baby-pram-from-birth-pushchair-buggy-3-in1-travel-system-boys-girls-isofix-base-gold-chain-white-frame\/"]}]},{"@type":"ImageObject","inLanguage":"es","@id":"https:\/\/forbabyboss.com\/product\/baby-pram-from-birth-pushchair-buggy-3-in1-travel-system-boys-girls-isofix-base-gold-chain-white-frame\/#primaryimage","url":"https:\/\/forbabyboss.com\/wp-content\/uploads\/2022\/09\/Baby-Pram-From-Birth-Pushchair-Buggy-3-in1-Travel-System-Boys-Girls-ISOFIX-BASE-Gold-Chain-white-frame_main.png","contentUrl":"https:\/\/forbabyboss.com\/wp-content\/uploads\/2022\/09\/Baby-Pram-From-Birth-Pushchair-Buggy-3-in1-Travel-System-Boys-Girls-ISOFIX-BASE-Gold-Chain-white-frame_main.png","width":1600,"height":1156},{"@type":"BreadcrumbList","@id":"https:\/\/forbabyboss.com\/product\/baby-pram-from-birth-pushchair-buggy-3-in1-travel-system-boys-girls-isofix-base-gold-chain-white-frame\/#breadcrumb","itemListElement":[{"@type":"ListItem","position":1,"name":"Home","item":"https:\/\/forbabyboss.com\/"},{"@type":"ListItem","position":2,"name":"Shop","item":"https:\/\/forbabyboss.com\/shop\/"},{"@type":"ListItem","position":3,"name":"Baby Pram From Birth Pushchair Buggy 3 in1 Travel System Boys Girls ISOFIX BASE -Gold Chain- white frame"}]},{"@type":"WebSite","@id":"https:\/\/powderblue-seahorse-496884.hostingersite.com\/#website","url":"https:\/\/powderblue-seahorse-496884.hostingersite.com\/","name":"Para el beb\u00e9 jefe","description":"Hermosos regalos y accesorios para tu beb\u00e9 jefe.","potentialAction":[{"@type":"SearchAction","target":{"@type":"EntryPoint","urlTemplate":"https:\/\/powderblue-seahorse-496884.hostingersite.com\/?s={search_term_string}"},"query-input":{"@type":"PropertyValueSpecification","valueRequired":true,"valueName":"search_term_string"}}],"inLanguage":"es"}]}},"_links":{"self":[{"href":"https:\/\/forbabyboss.com\/es\/wp-json\/wp\/v2\/product\/5402","targetHints":{"allow":["GET"]}}],"collection":[{"href":"https:\/\/forbabyboss.com\/es\/wp-json\/wp\/v2\/product"}],"about":[{"href":"https:\/\/forbabyboss.com\/es\/wp-json\/wp\/v2\/types\/product"}],"wp:featuredmedia":[{"embeddable":true,"href":"https:\/\/forbabyboss.com\/es\/wp-json\/wp\/v2\/media\/5403"}],"wp:attachment":[{"href":"https:\/\/forbabyboss.com\/es\/wp-json\/wp\/v2\/media?parent=5402"}],"wp:term":[{"taxonomy":"product_brand","embeddable":true,"href":"https:\/\/forbabyboss.com\/es\/wp-json\/wp\/v2\/product_brand?post=5402"},{"taxonomy":"product_cat","embeddable":true,"href":"https:\/\/forbabyboss.com\/es\/wp-json\/wp\/v2\/product_cat?post=5402"},{"taxonomy":"product_tag","embeddable":true,"href":"https:\/\/forbabyboss.com\/es\/wp-json\/wp\/v2\/product_tag?post=5402"}],"curies":[{"name":"wp","href":"https:\/\/api.w.org\/{rel}","templated":true}]}}