{"id":5599,"date":"2022-09-13T15:48:57","date_gmt":"2022-09-13T15:48:57","guid":{"rendered":"http:\/\/forbabyboss.com\/?post_type=product&#038;p=5599"},"modified":"2026-02-21T11:14:38","modified_gmt":"2026-02-21T11:14:38","slug":"silla-de-paseo-3-en-1-para-bebe-plegable-con-asiento-para-coche-desde-el-nacimiento-color-menta-con-lunares-blancos-y-estructura-blanca","status":"publish","type":"product","link":"https:\/\/forbabyboss.com\/es\/product\/baby-travel-system-pushchair-3-in-1-car-seat-foldable-pram-buggy-from-birth-mint-white-dots-white-frame\/","title":{"rendered":"Silla de paseo 3 en 1 para beb\u00e9, plegable, con asiento para coche, ideal para usar desde el nacimiento. Color menta y puntos blancos (estructura blanca)."},"content":{"rendered":"<div style=\"width: 1020px;\" class=\"wp-video\"><video class=\"wp-video-shortcode\" id=\"video-5599-1\" width=\"1020\" height=\"574\" preload=\"metadata\" controls=\"controls\"><source type=\"video\/mp4\" src=\"http:\/\/forbabyboss.com\/wp-content\/uploads\/2022\/09\/Baby-Travel-System-Pushchair-3-in-1-Car-seat-Foldable-Pram-Buggy-From-Birth.mp4?_=1\" \/><a href=\"http:\/\/forbabyboss.com\/wp-content\/uploads\/2022\/09\/Baby-Travel-System-Pushchair-3-in-1-Car-seat-Foldable-Pram-Buggy-From-Birth.mp4\">http:\/\/forbabyboss.com\/wp-content\/uploads\/2022\/09\/Baby-Travel-System-Pushchair-3-in-1-Car-seat-Foldable-Pram-Buggy-From-Birth.mp4<\/a><\/video><\/div>\n<h1><span style=\"font-size: 250%; color: #808080;\"><strong>Cochecito de beb\u00e9 Mila<\/strong><\/span><\/h1>\n<p style=\"text-align: justify;\"><span style=\"color: #808080;\">MILA: un cochecito de beb\u00e9 moderno y funcional que proporciona mayor placer al pasear, y cuyo dise\u00f1o innovador le confiere un toque de exclusividad.<\/span><br \/>\n<span style=\"color: #808080;\">El cochecito es apto para ni\u00f1os de 6 a 36 meses. Su estructura ligera y su pr\u00e1ctico dise\u00f1o hacen que pasear en \u00e9l sea a\u00fan m\u00e1s c\u00f3modo.<\/span><\/p>\n<p style=\"text-align: justify;\"><span style=\"color: #808080;\">Cochecito individual para ni\u00f1os de 1 a 15 kg.<\/span><br \/>\n<span style=\"color: #808080;\">Cuenta con la certificaci\u00f3n TUV NORD, que garantiza la m\u00e1xima calidad y seguridad para su hijo.<\/span><br \/>\n<span style=\"color: #808080;\">El cochecito cumple con la \u00faltima y estricta norma de seguridad EN 1888-1:2018.<\/span><\/p>\n<h3 style=\"text-align: justify;\"><span style=\"color: #808080;\"><strong>El juego incluye:<\/strong><\/span><\/h3>\n<p style=\"text-align: justify;\"><span style=\"color: #808080;\">\u2022estructura del coche<\/span><\/p>\n<p style=\"text-align: justify;\"><span style=\"color: #808080;\">\u2022saco de dormir<\/span><\/p>\n<p style=\"text-align: justify;\"><span style=\"color: #808080;\">\u2022asiento deportivo<\/span><\/p>\n<p style=\"text-align: justify;\"><span style=\"color: #808080;\">\u2022bolso de hombro<\/span><\/p>\n<p style=\"text-align: justify;\"><span style=\"color: #808080;\">\u2022 Asiento de coche (solo en el conjunto 3 en 1)<\/span><\/p>\n<p style=\"text-align: justify;\"><span style=\"color: #808080;\">\u2022Adem\u00e1s: funda para la lluvia, mosquitera, cesta de la compra<strong><br \/>\n<\/strong><\/span><\/p>\n<h3 style=\"text-align: justify;\"><span style=\"color: #808080;\"><strong>Marco del cochecito:<\/strong><\/span><\/h3>\n<p style=\"text-align: justify;\"><span style=\"color: #808080;\">\u2022 Estructura de aluminio: ligera y duradera.<\/span><\/p>\n<p style=\"text-align: justify;\"><span style=\"color: #808080;\">\u2022 Ruedas de gel giratorias y sin problemas: son a prueba de pinchazos.<\/span><\/p>\n<p style=\"text-align: justify;\"><span style=\"color: #808080;\">\u2022Los rodamientos de las ruedas facilitan el empuje del cochecito.<\/span><\/p>\n<p style=\"text-align: justify;\"><span style=\"color: #808080;\">\u2022 Altura ajustable del mango revestido de piel ecol\u00f3gica<\/span><\/p>\n<p style=\"text-align: justify;\"><span style=\"color: #808080;\">\u2022 Suspensi\u00f3n trasera amortiguada: proporciona comodidad durante cada paseo.<\/span><\/p>\n<p style=\"text-align: justify;\"><span style=\"color: #808080;\">\u2022Tama\u00f1o compacto cuando est\u00e1 plegado<\/span><\/p>\n<p style=\"text-align: justify;\"><span style=\"color: #808080;\">\u2022Sistema sencillo para acoplar y desacoplar el capazo, la silla deportiva y la silla de coche.<\/span><br \/>\n<span style=\"color: #808080;\">\u2022equipado con un freno central para mayor estabilidad<\/span><\/p>\n<p style=\"text-align: justify;\"><span style=\"color: #808080;\">\u2022La suspensi\u00f3n lateral adicional del chasis del cochecito permite bloquearlo, lo que proporciona una mejor absorci\u00f3n de los impactos que se producen al empujar, as\u00ed como un balanceo agradable para su hijo.<\/span><\/p>\n<h3 style=\"text-align: justify;\"><span style=\"color: #808080;\"><strong>Capazo:<\/strong><\/span><\/h3>\n<p style=\"text-align: justify;\"><span style=\"color: #808080;\">\u2022Capazo grande que se puede usar como cuna.<\/span><\/p>\n<p style=\"text-align: justify;\"><span style=\"color: #808080;\">\u2022Equipado con una cubierta para los pies ajustable y desmontable: protege a su hijo de las inclemencias del tiempo.<\/span><\/p>\n<p style=\"text-align: justify;\"><span style=\"color: #808080;\">\u2022Asa ergon\u00f3mica revestida de piel ecol\u00f3gica: facilita el transporte del capazo.<\/span><\/p>\n<p style=\"text-align: justify;\"><span style=\"color: #808080;\">\u2022Colch\u00f3n el\u00e1stico y acolchado suave del capazo<\/span><\/p>\n<p style=\"text-align: justify;\"><span style=\"color: #808080;\">\u2022 Reposacabezas ajustable<\/span><\/p>\n<p style=\"text-align: justify;\"><span style=\"color: #808080;\">\u2022La ventilaci\u00f3n en el compartimento del capazo proporciona aire fresco para evitar que el beb\u00e9 se sobrecaliente.<\/span><\/p>\n<h3 style=\"text-align: justify;\"><span style=\"color: #808080;\"><strong>Asiento deportivo:<\/strong><\/span><\/h3>\n<p style=\"text-align: justify;\"><span style=\"color: #808080;\">\u2022Es posible la instalaci\u00f3n mirando hacia adelante o hacia atr\u00e1s.<\/span><\/p>\n<p style=\"text-align: justify;\"><span style=\"color: #808080;\">\u2022 Cinturones de seguridad ajustables de cinco puntos<\/span><\/p>\n<p style=\"text-align: justify;\"><span style=\"color: #808080;\">\u2022Barrera desmontable revestida de piel ecol\u00f3gica<\/span><\/p>\n<p style=\"text-align: justify;\"><span style=\"color: #808080;\">\u2022 Reposapi\u00e9s ajustable y pr\u00e1ctico<\/span><\/p>\n<p style=\"text-align: justify;\"><span style=\"color: #808080;\">\u2022 Ventana de ventilaci\u00f3n en la parte posterior del toldo<\/span><\/p>\n<p style=\"text-align: justify;\"><span style=\"color: #808080;\">\u2022Tama\u00f1o compacto cuando est\u00e1 plegado<\/span><\/p>\n<p style=\"text-align: justify;\"><span style=\"color: #808080;\">\u2022Ajuste del respaldo: hasta una posici\u00f3n completamente horizontal, la posici\u00f3n m\u00e1s saludable para que su beb\u00e9 duerma.<\/span><\/p>\n<p style=\"text-align: justify;\"><span style=\"color: #808080;\">\u2022 Toldo ajustable que se puede desmontar<\/span><\/p>\n<p style=\"text-align: justify;\"><span style=\"color: #808080;\">\u2022 Cubrepies ajustable y desmontable: protege a su hijo de las inclemencias del tiempo.<\/span><\/p>\n<p style=\"text-align: justify;\"><a href=\"http:\/\/forbabyboss.com\/wp-content\/uploads\/2022\/09\/checkout.png\"><img loading=\"lazy\" decoding=\"async\" class=\"alignnone size-full wp-image-5965\" src=\"http:\/\/forbabyboss.com\/wp-content\/uploads\/2022\/09\/checkout.png\" alt=\"\" width=\"750\" height=\"276\" srcset=\"https:\/\/forbabyboss.com\/wp-content\/uploads\/2022\/09\/checkout.png 750w, https:\/\/forbabyboss.com\/wp-content\/uploads\/2022\/09\/checkout-600x221.png 600w\" sizes=\"auto, (max-width: 750px) 100vw, 750px\" \/><\/a><\/p>","protected":false},"excerpt":{"rendered":"<p><a href=\"http:\/\/forbabyboss.com\/wp-content\/uploads\/2022\/09\/Star-Rating-5.png\"><img loading=\"lazy\" decoding=\"async\" class=\"alignnone size-full wp-image-5973 aligncenter\" src=\"http:\/\/forbabyboss.com\/wp-content\/uploads\/2022\/09\/Star-Rating-5.png\" alt=\"\" width=\"275\" height=\"45\" \/><\/a><\/p>\n<p style=\"text-align: center;\"><span style=\"color: #ed1c24; font-size: 120%;\"><b>GARANT\u00cdA DE IGUALACI\u00d3N DE PRECIOS<\/b><\/span><\/p>\n<p style=\"text-align: center;\"><span style=\"font-size: 115%;\"><span style=\"font-weight: 400; color: #4f4fa7;\">Env\u00edo gratuito<\/span><span style=\"font-weight: 400;\"> \u2013 2 \u2013 7 d\u00edas<\/span><\/span><\/p>\n<p style=\"text-align: center;\"><strong><span style=\"color: #29606b;\">Regalo gratis con compras superiores a 100 \u00a3<\/span><\/strong><\/p>","protected":false},"featured_media":5600,"template":"","meta":[],"product_brand":[577],"product_cat":[339,156,305,310,303,130,209,211,229],"product_tag":[163,199],"class_list":{"0":"post-5599","1":"product","2":"type-product","3":"status-publish","4":"has-post-thumbnail","6":"product_brand-kunert","7":"product_cat-700-to-800","8":"product_cat-3-in-1","9":"product_cat-colour","10":"product_cat-mint","11":"product_cat-pattern","12":"product_cat-prams","13":"product_cat-push-chairs","14":"product_cat-stroller","15":"product_cat-white","16":"product_tag-3-in-1-prams","17":"product_tag-prams","19":"first","20":"instock","21":"sale","22":"shipping-taxable","23":"purchasable","24":"product-type-simple"},"yoast_head":"<!-- This site is optimized with the Yoast SEO plugin v27.5 - https:\/\/yoast.com\/product\/yoast-seo-wordpress\/ -->\n<title>Baby Travel System Pushchair 3 in 1 Car seat Foldable Pram Buggy From Birth -Mint &amp; White Dots (white frame) - For Baby Boss<\/title>\n<meta name=\"robots\" content=\"index, follow, max-snippet:-1, max-image-preview:large, max-video-preview:-1\" \/>\n<link rel=\"canonical\" href=\"https:\/\/forbabyboss.com\/es\/product\/silla-de-paseo-3-en-1-para-bebe-plegable-con-asiento-para-coche-desde-el-nacimiento-color-menta-con-lunares-blancos-y-estructura-blanca\/\" \/>\n<meta property=\"og:locale\" content=\"es_ES\" \/>\n<meta property=\"og:type\" content=\"article\" \/>\n<meta property=\"og:title\" content=\"Baby Travel System Pushchair 3 in 1 Car seat Foldable Pram Buggy From Birth -Mint &amp; White Dots (white frame) - For Baby Boss\" \/>\n<meta property=\"og:description\" content=\"PRICE MATCH GUARANTEE Free Delivery \u2013 2 \u2013 7 days Free gift with purchases over \u00a3100\" \/>\n<meta property=\"og:url\" content=\"https:\/\/forbabyboss.com\/es\/product\/silla-de-paseo-3-en-1-para-bebe-plegable-con-asiento-para-coche-desde-el-nacimiento-color-menta-con-lunares-blancos-y-estructura-blanca\/\" \/>\n<meta property=\"og:site_name\" content=\"For Baby Boss\" \/>\n<meta property=\"article:modified_time\" content=\"2026-02-21T11:14:38+00:00\" \/>\n<meta property=\"og:image\" content=\"https:\/\/forbabyboss.com\/wp-content\/uploads\/2022\/09\/Baby-Travel-System-Pushchair-3-in-1-Car-seat-Foldable-Pram-Buggy-From-Birth-Mint-White-Dots-white-frame-main.png\" \/>\n\t<meta property=\"og:image:width\" content=\"1309\" \/>\n\t<meta property=\"og:image:height\" content=\"900\" \/>\n\t<meta property=\"og:image:type\" content=\"image\/png\" \/>\n<meta name=\"twitter:card\" content=\"summary_large_image\" \/>\n<meta name=\"twitter:label1\" content=\"Tiempo de lectura\" \/>\n\t<meta name=\"twitter:data1\" content=\"2 minutos\" \/>\n<script type=\"application\/ld+json\" class=\"yoast-schema-graph\">{\"@context\":\"https:\\\/\\\/schema.org\",\"@graph\":[{\"@type\":\"WebPage\",\"@id\":\"https:\\\/\\\/forbabyboss.com\\\/product\\\/baby-travel-system-pushchair-3-in-1-car-seat-foldable-pram-buggy-from-birth-mint-white-dots-white-frame\\\/\",\"url\":\"https:\\\/\\\/forbabyboss.com\\\/product\\\/baby-travel-system-pushchair-3-in-1-car-seat-foldable-pram-buggy-from-birth-mint-white-dots-white-frame\\\/\",\"name\":\"Baby Travel System Pushchair 3 in 1 Car seat Foldable Pram Buggy From Birth -Mint & White Dots (white frame) - For Baby Boss\",\"isPartOf\":{\"@id\":\"https:\\\/\\\/powderblue-seahorse-496884.hostingersite.com\\\/#website\"},\"primaryImageOfPage\":{\"@id\":\"https:\\\/\\\/forbabyboss.com\\\/product\\\/baby-travel-system-pushchair-3-in-1-car-seat-foldable-pram-buggy-from-birth-mint-white-dots-white-frame\\\/#primaryimage\"},\"image\":{\"@id\":\"https:\\\/\\\/forbabyboss.com\\\/product\\\/baby-travel-system-pushchair-3-in-1-car-seat-foldable-pram-buggy-from-birth-mint-white-dots-white-frame\\\/#primaryimage\"},\"thumbnailUrl\":\"https:\\\/\\\/forbabyboss.com\\\/wp-content\\\/uploads\\\/2022\\\/09\\\/Baby-Travel-System-Pushchair-3-in-1-Car-seat-Foldable-Pram-Buggy-From-Birth-Mint-White-Dots-white-frame-main.png\",\"datePublished\":\"2022-09-13T15:48:57+00:00\",\"dateModified\":\"2026-02-21T11:14:38+00:00\",\"breadcrumb\":{\"@id\":\"https:\\\/\\\/forbabyboss.com\\\/product\\\/baby-travel-system-pushchair-3-in-1-car-seat-foldable-pram-buggy-from-birth-mint-white-dots-white-frame\\\/#breadcrumb\"},\"inLanguage\":\"es\",\"potentialAction\":[{\"@type\":\"ReadAction\",\"target\":[\"https:\\\/\\\/forbabyboss.com\\\/product\\\/baby-travel-system-pushchair-3-in-1-car-seat-foldable-pram-buggy-from-birth-mint-white-dots-white-frame\\\/\"]}]},{\"@type\":\"ImageObject\",\"inLanguage\":\"es\",\"@id\":\"https:\\\/\\\/forbabyboss.com\\\/product\\\/baby-travel-system-pushchair-3-in-1-car-seat-foldable-pram-buggy-from-birth-mint-white-dots-white-frame\\\/#primaryimage\",\"url\":\"https:\\\/\\\/forbabyboss.com\\\/wp-content\\\/uploads\\\/2022\\\/09\\\/Baby-Travel-System-Pushchair-3-in-1-Car-seat-Foldable-Pram-Buggy-From-Birth-Mint-White-Dots-white-frame-main.png\",\"contentUrl\":\"https:\\\/\\\/forbabyboss.com\\\/wp-content\\\/uploads\\\/2022\\\/09\\\/Baby-Travel-System-Pushchair-3-in-1-Car-seat-Foldable-Pram-Buggy-From-Birth-Mint-White-Dots-white-frame-main.png\",\"width\":1309,\"height\":900},{\"@type\":\"BreadcrumbList\",\"@id\":\"https:\\\/\\\/forbabyboss.com\\\/product\\\/baby-travel-system-pushchair-3-in-1-car-seat-foldable-pram-buggy-from-birth-mint-white-dots-white-frame\\\/#breadcrumb\",\"itemListElement\":[{\"@type\":\"ListItem\",\"position\":1,\"name\":\"Home\",\"item\":\"https:\\\/\\\/forbabyboss.com\\\/\"},{\"@type\":\"ListItem\",\"position\":2,\"name\":\"Shop\",\"item\":\"https:\\\/\\\/forbabyboss.com\\\/shop\\\/\"},{\"@type\":\"ListItem\",\"position\":3,\"name\":\"Baby Travel System Pushchair 3 in 1 Car seat Foldable Pram Buggy From Birth -Mint &#038; White Dots (white frame)\"}]},{\"@type\":\"WebSite\",\"@id\":\"https:\\\/\\\/powderblue-seahorse-496884.hostingersite.com\\\/#website\",\"url\":\"https:\\\/\\\/powderblue-seahorse-496884.hostingersite.com\\\/\",\"name\":\"For Baby Boss\",\"description\":\"Beautiful gifts and accessories for your baby boss\",\"potentialAction\":[{\"@type\":\"SearchAction\",\"target\":{\"@type\":\"EntryPoint\",\"urlTemplate\":\"https:\\\/\\\/powderblue-seahorse-496884.hostingersite.com\\\/?s={search_term_string}\"},\"query-input\":{\"@type\":\"PropertyValueSpecification\",\"valueRequired\":true,\"valueName\":\"search_term_string\"}}],\"inLanguage\":\"es\"}]}<\/script>\n<!-- \/ Yoast SEO plugin. -->","yoast_head_json":{"title":"Silla de paseo 3 en 1 para beb\u00e9, plegable, con asiento para coche, ideal para beb\u00e9s desde el nacimiento. Color menta y puntos blancos (estructura blanca). Para Baby Boss.","robots":{"index":"index","follow":"follow","max-snippet":"max-snippet:-1","max-image-preview":"max-image-preview:large","max-video-preview":"max-video-preview:-1"},"canonical":"https:\/\/forbabyboss.com\/es\/product\/silla-de-paseo-3-en-1-para-bebe-plegable-con-asiento-para-coche-desde-el-nacimiento-color-menta-con-lunares-blancos-y-estructura-blanca\/","og_locale":"es_ES","og_type":"article","og_title":"Baby Travel System Pushchair 3 in 1 Car seat Foldable Pram Buggy From Birth -Mint & White Dots (white frame) - For Baby Boss","og_description":"PRICE MATCH GUARANTEE Free Delivery \u2013 2 \u2013 7 days Free gift with purchases over \u00a3100","og_url":"https:\/\/forbabyboss.com\/es\/product\/silla-de-paseo-3-en-1-para-bebe-plegable-con-asiento-para-coche-desde-el-nacimiento-color-menta-con-lunares-blancos-y-estructura-blanca\/","og_site_name":"For Baby Boss","article_modified_time":"2026-02-21T11:14:38+00:00","og_image":[{"width":1309,"height":900,"url":"https:\/\/forbabyboss.com\/wp-content\/uploads\/2022\/09\/Baby-Travel-System-Pushchair-3-in-1-Car-seat-Foldable-Pram-Buggy-From-Birth-Mint-White-Dots-white-frame-main.png","type":"image\/png"}],"twitter_card":"summary_large_image","twitter_misc":{"Tiempo de lectura":"2 minutos"},"schema":{"@context":"https:\/\/schema.org","@graph":[{"@type":"WebPage","@id":"https:\/\/forbabyboss.com\/product\/baby-travel-system-pushchair-3-in-1-car-seat-foldable-pram-buggy-from-birth-mint-white-dots-white-frame\/","url":"https:\/\/forbabyboss.com\/product\/baby-travel-system-pushchair-3-in-1-car-seat-foldable-pram-buggy-from-birth-mint-white-dots-white-frame\/","name":"Silla de paseo 3 en 1 para beb\u00e9, plegable, con asiento para coche, ideal para beb\u00e9s desde el nacimiento. Color menta y puntos blancos (estructura blanca). Para Baby Boss.","isPartOf":{"@id":"https:\/\/powderblue-seahorse-496884.hostingersite.com\/#website"},"primaryImageOfPage":{"@id":"https:\/\/forbabyboss.com\/product\/baby-travel-system-pushchair-3-in-1-car-seat-foldable-pram-buggy-from-birth-mint-white-dots-white-frame\/#primaryimage"},"image":{"@id":"https:\/\/forbabyboss.com\/product\/baby-travel-system-pushchair-3-in-1-car-seat-foldable-pram-buggy-from-birth-mint-white-dots-white-frame\/#primaryimage"},"thumbnailUrl":"https:\/\/forbabyboss.com\/wp-content\/uploads\/2022\/09\/Baby-Travel-System-Pushchair-3-in-1-Car-seat-Foldable-Pram-Buggy-From-Birth-Mint-White-Dots-white-frame-main.png","datePublished":"2022-09-13T15:48:57+00:00","dateModified":"2026-02-21T11:14:38+00:00","breadcrumb":{"@id":"https:\/\/forbabyboss.com\/product\/baby-travel-system-pushchair-3-in-1-car-seat-foldable-pram-buggy-from-birth-mint-white-dots-white-frame\/#breadcrumb"},"inLanguage":"es","potentialAction":[{"@type":"ReadAction","target":["https:\/\/forbabyboss.com\/product\/baby-travel-system-pushchair-3-in-1-car-seat-foldable-pram-buggy-from-birth-mint-white-dots-white-frame\/"]}]},{"@type":"ImageObject","inLanguage":"es","@id":"https:\/\/forbabyboss.com\/product\/baby-travel-system-pushchair-3-in-1-car-seat-foldable-pram-buggy-from-birth-mint-white-dots-white-frame\/#primaryimage","url":"https:\/\/forbabyboss.com\/wp-content\/uploads\/2022\/09\/Baby-Travel-System-Pushchair-3-in-1-Car-seat-Foldable-Pram-Buggy-From-Birth-Mint-White-Dots-white-frame-main.png","contentUrl":"https:\/\/forbabyboss.com\/wp-content\/uploads\/2022\/09\/Baby-Travel-System-Pushchair-3-in-1-Car-seat-Foldable-Pram-Buggy-From-Birth-Mint-White-Dots-white-frame-main.png","width":1309,"height":900},{"@type":"BreadcrumbList","@id":"https:\/\/forbabyboss.com\/product\/baby-travel-system-pushchair-3-in-1-car-seat-foldable-pram-buggy-from-birth-mint-white-dots-white-frame\/#breadcrumb","itemListElement":[{"@type":"ListItem","position":1,"name":"Home","item":"https:\/\/forbabyboss.com\/"},{"@type":"ListItem","position":2,"name":"Shop","item":"https:\/\/forbabyboss.com\/shop\/"},{"@type":"ListItem","position":3,"name":"Baby Travel System Pushchair 3 in 1 Car seat Foldable Pram Buggy From Birth -Mint &#038; White Dots (white frame)"}]},{"@type":"WebSite","@id":"https:\/\/powderblue-seahorse-496884.hostingersite.com\/#website","url":"https:\/\/powderblue-seahorse-496884.hostingersite.com\/","name":"Para el beb\u00e9 jefe","description":"Hermosos regalos y accesorios para tu beb\u00e9 jefe.","potentialAction":[{"@type":"SearchAction","target":{"@type":"EntryPoint","urlTemplate":"https:\/\/powderblue-seahorse-496884.hostingersite.com\/?s={search_term_string}"},"query-input":{"@type":"PropertyValueSpecification","valueRequired":true,"valueName":"search_term_string"}}],"inLanguage":"es"}]}},"_links":{"self":[{"href":"https:\/\/forbabyboss.com\/es\/wp-json\/wp\/v2\/product\/5599","targetHints":{"allow":["GET"]}}],"collection":[{"href":"https:\/\/forbabyboss.com\/es\/wp-json\/wp\/v2\/product"}],"about":[{"href":"https:\/\/forbabyboss.com\/es\/wp-json\/wp\/v2\/types\/product"}],"wp:featuredmedia":[{"embeddable":true,"href":"https:\/\/forbabyboss.com\/es\/wp-json\/wp\/v2\/media\/5600"}],"wp:attachment":[{"href":"https:\/\/forbabyboss.com\/es\/wp-json\/wp\/v2\/media?parent=5599"}],"wp:term":[{"taxonomy":"product_brand","embeddable":true,"href":"https:\/\/forbabyboss.com\/es\/wp-json\/wp\/v2\/product_brand?post=5599"},{"taxonomy":"product_cat","embeddable":true,"href":"https:\/\/forbabyboss.com\/es\/wp-json\/wp\/v2\/product_cat?post=5599"},{"taxonomy":"product_tag","embeddable":true,"href":"https:\/\/forbabyboss.com\/es\/wp-json\/wp\/v2\/product_tag?post=5599"}],"curies":[{"name":"wp","href":"https:\/\/api.w.org\/{rel}","templated":true}]}}