{"id":5678,"date":"2022-09-13T17:50:17","date_gmt":"2022-09-13T17:50:17","guid":{"rendered":"http:\/\/forbabyboss.com\/?post_type=product&#038;p=5678"},"modified":"2026-02-18T19:50:29","modified_gmt":"2026-02-18T19:50:29","slug":"cochecito-de-bebe-retro-clasico-conjunto-de-carrito-3-en-1-sistema-de-viaje-piel-ecologica-rosa-estructura-plateada","status":"publish","type":"product","link":"https:\/\/forbabyboss.com\/es\/product\/baby-pram-retro-classic-buggy-set-3in1travel-system-eco-leather-pink-silver-frame\/","title":{"rendered":"Cochecito de beb\u00e9 retro cl\u00e1sico, conjunto 3 en 1, sistema de viaje, piel ecol\u00f3gica - Rosa (estructura plateada)"},"content":{"rendered":"<div style=\"width: 1020px;\" class=\"wp-video\"><video class=\"wp-video-shortcode\" id=\"video-5678-1\" width=\"1020\" height=\"574\" preload=\"metadata\" controls=\"controls\"><source type=\"video\/mp4\" src=\"http:\/\/forbabyboss.com\/wp-content\/uploads\/2022\/09\/romantic-vid.mp4?_=1\" \/><a href=\"http:\/\/forbabyboss.com\/wp-content\/uploads\/2022\/09\/romantic-vid.mp4\">http:\/\/forbabyboss.com\/wp-content\/uploads\/2022\/09\/romantic-vid.mp4<\/a><\/video><\/div>\n<h1><span style=\"font-size: 200%; color: #808080;\">Exclusiva rom\u00e1ntica<\/span><\/h1>\n<p style=\"text-align: justify;\"><span style=\"color: #808080;\">Los cochecitos de beb\u00e9 de nuestra empresa est\u00e1n fabricados con materiales y tejidos de la m\u00e1s alta calidad, y cuentan con las homologaciones y certificados necesarios que garantizan el cumplimiento de las normas europeas de salud y seguridad.<\/span><br \/>\n<span style=\"color: #808080;\">El carrito ROMANTIC combina a la perfecci\u00f3n comodidad y modernidad. Desde el primer momento de vida del ni\u00f1o, hasta que empieza a sentarse solo, se utiliza un capazo c\u00f3modo y ligero con cubrepiernas. La silla de paseo se utiliza m\u00e1s adelante, cuando el ni\u00f1o ya puede sentarse por s\u00ed mismo. El reposapi\u00e9s ajustable resulta muy pr\u00e1ctico, ya que permite adaptar la posici\u00f3n a la edad y las necesidades del ni\u00f1o. La barrera de seguridad, los cinturones de seguridad de cinco puntos y el reposapi\u00e9s tambi\u00e9n mejoran la comodidad y la seguridad.<\/span><\/p>\n<p style=\"text-align: justify;\"><span style=\"color: #808080;\">Los cochecitos que ofrecemos est\u00e1n fabricados de conformidad con la norma europea PN-EN 1888:2018 y cuentan con certificados de instituciones de renombre que garantizan la m\u00e1xima calidad y seguridad del producto.<\/span><\/p>\n<p style=\"text-align: justify;\"><span style=\"color: #808080;\">Los cochecitos de beb\u00e9 rom\u00e1nticos vienen con certificados de seguridad y calidad.<\/span><\/p>\n<h4 style=\"text-align: justify;\"><span style=\"color: #808080;\"><strong>Estructura del cochecito:<\/strong><\/span><\/h4>\n<p><span style=\"color: #808080;\">\u2022 Acabado en piel ecol\u00f3gica de alta calidad \u2022 Posici\u00f3n de colocaci\u00f3n del capazo, la silla de paseo y la silla de coche en sentido de la marcha y en sentido antia\u00e9reo<\/span><\/p>\n<p><span style=\"color: #808080;\">\u2022 Cada rueda tiene un rodamiento, lo que mejora la comodidad.<\/span><\/p>\n<p><span style=\"color: #808080;\">\u2022 Cesta grande que cuelga debajo del cochecito<\/span><\/p>\n<p><span style=\"color: #808080;\">\u2022 Altura del mango ajustable<\/span><\/p>\n<p><span style=\"color: #808080;\">\u2022 F\u00e1cil plegado del marco y tama\u00f1o reducido una vez plegado.<\/span><\/p>\n<p><span style=\"color: #808080;\">\u2022 Dimensiones de los cuadros plegados con ruedas:<\/span><\/p>\n<p><span style=\"color: #808080;\">\u2022 longitud 85 cm<\/span><\/p>\n<p><span style=\"color: #808080;\">\u2022 ancho 60 cm<\/span><\/p>\n<p><span style=\"color: #808080;\">\u2022 Altura 41 cm<\/span><\/p>\n<p><span style=\"color: #808080;\">\u2022 El peso del cuadro es de 11 kg.<\/span><\/p>\n<p><span style=\"color: #808080;\">\u2022 Peso del cochecito con capazo o silla de paseo: 15 kg<\/span><\/p>\n<p><span style=\"color: #808080;\">\u2022 Dimensiones del cochecito con capazo:<\/span><\/p>\n<p><span style=\"color: #808080;\">\u2022 Ancho 60 cm<\/span><\/p>\n<p><span style=\"color: #808080;\">\u2022 Altura hasta el cap\u00f3: 128 cm<\/span><\/p>\n<p><span style=\"color: #808080;\">\u2022 Altura del asa: 103 cm<\/span><\/p>\n<h4><span style=\"color: #808080;\"><strong>Capazo:<\/strong><\/span><\/h4>\n<p><span style=\"color: #808080;\">\u2022 Capazo con funci\u00f3n de cuna y su bloqueo<\/span><\/p>\n<p><span style=\"color: #808080;\">\u2022 Altura del respaldo del capazo ajustable<\/span><\/p>\n<p><span style=\"color: #808080;\">\u2022 Cubierta ajustada para proteger contra condiciones clim\u00e1ticas adversas<\/span><\/p>\n<p><span style=\"color: #808080;\">\u2022 El asa en la capota permite transportar el capazo con el beb\u00e9.<\/span><\/p>\n<p><span style=\"color: #808080;\">\u2022 Funda impermeable<\/span><\/p>\n<p><span style=\"color: #808080;\">\u2022 Colch\u00f3n y forro delicado para capazo<\/span><\/p>\n<p><span style=\"color: #808080;\">\u2022 Dimensiones interiores: 86 cm de largo x 44 cm de ancho x 21 cm de alto<\/span><\/p>\n<p><span style=\"color: #808080;\">\u2022 peso 4 kg<\/span><\/p>\n<h4><span style=\"color: #808080;\"><strong>Asiento deportivo:<\/strong><\/span><\/h4>\n<p><span style=\"color: #808080;\">\u2022 cubrepiernas<\/span><\/p>\n<p><span style=\"color: #808080;\">\u2022 Capota ajustable y desmontable<\/span><\/p>\n<p><span style=\"color: #808080;\">\u2022 Barra de seguridad desmontable<\/span><\/p>\n<p><span style=\"color: #808080;\">\u2022 Ajuste del respaldo en 4 posiciones<\/span><\/p>\n<p><span style=\"color: #808080;\">\u2022 Reposapi\u00e9s ajustable<\/span><\/p>\n<p><span style=\"color: #808080;\">\u2022 Posici\u00f3n horizontal para el ni\u00f1o<\/span><\/p>\n<p><span style=\"color: #808080;\">\u2022 Arn\u00e9s ajustable de cinco puntos<\/span><\/p>\n<p><span style=\"color: #808080;\">\u2022 bolsillo en la parte trasera de la capucha<\/span><\/p>\n<p><span style=\"color: #808080;\">\u2022 Dimensiones desde el interior:<\/span><\/p>\n<p><span style=\"color: #808080;\">\u2022 Longitud: 90 cm (respaldo 47 cm, asiento 23 cm, reposapi\u00e9s 21 cm)<\/span><\/p>\n<p><span style=\"color: #808080;\">\u2022 ancho 42 cm<\/span><\/p>\n<p><span style=\"color: #808080;\">\u2022 peso 3,7 kg kg<\/span><\/p>\n<p><span style=\"color: #808080;\"><strong>Silla de coche con adaptador:<\/strong><\/span><\/p>\n<p><span style=\"color: #808080;\">\u2022 Arn\u00e9s de seguridad ajustable de tres puntos con protectores<\/span><\/p>\n<p><span style=\"color: #808080;\">\u2022 Capota y cubierta desmontables<\/span><\/p>\n<p><span style=\"color: #808080;\">\u2022 inserto para beb\u00e9s<\/span><\/p>\n<p><span style=\"color: #808080;\">\u2022 Mango ajustable<\/span><\/p>\n<p><span style=\"color: #808080;\">\u2022 Funci\u00f3n de cuna con bloqueo<\/span><\/p>\n<p><span style=\"color: #808080;\">\u2022 La silla de coche es apta para transportar ni\u00f1os en coche.<\/span><\/p>\n<p><span style=\"color: #808080;\">\u2022 Homologaci\u00f3n ECE R44\/04<\/span><\/p>\n<p><span style=\"color: #808080;\"><strong>EL CONJUNTO INCLUYE:<\/strong><\/span><\/p>\n<p><span style=\"color: #808080;\">1. ESTRUCTURA CON RUEDAS INFLABLES<\/span><\/p>\n<p><span style=\"color: #808080;\">2. CAPAZO (CAPOTA Y FUNDA)<\/span><\/p>\n<p><span style=\"color: #808080;\">3. COCHECITO (CON CAPOTA Y CUBIERTA), COCHECITO CON CAPOTA Y CUBIERTA, TIENE RESPALDO Y REPOSAPI\u00c9S AJUSTABLES<\/span><\/p>\n<p><span style=\"color: #808080;\">4. SILLA DE COCHE (OPCIONAL) CON CAPOTA Y FUNDA<\/span><\/p>\n<p><span style=\"color: #808080;\">5. CINTURONES DE SEGURIDAD DE CINCO PUNTOS.<\/span><\/p>\n<p><span style=\"color: #808080;\">5. BOLSA GRANDE<\/span><\/p>\n<p><span style=\"color: #808080;\">6. CESTA DE LA COMPRA<\/span><\/p>\n<p><span style=\"color: #808080;\">7. FUNDA IMPERMEABLE<\/span><\/p>\n<p><span style=\"color: #808080;\">8. L\u00c1MINA IMPERMEABLE<\/span><\/p>\n<p><span style=\"color: #808080;\">9. MOSQUITERA<\/span><\/p>\n<p><span style=\"color: #808080;\">10. SILLA DE COCHE PARA BEB\u00c9 CON CAPOTA Y PROTECTOR DE PIERNAS, EL COCHE<\/span><\/p>\n<p><span style=\"color: #808080;\">EL ASIENTO ES ADECUADO PARA NI\u00d1OS DE HASTA 13 KG, TIENE<\/span><\/p>\n<p><span style=\"color: #808080;\">MANGO AJUSTABLE, INSERTO PARA BEB\u00c9 Y FUNCI\u00d3N DE CUNA.<\/span><\/p>\n<p><a href=\"http:\/\/forbabyboss.com\/wp-content\/uploads\/2022\/09\/checkout.png\"><img loading=\"lazy\" decoding=\"async\" class=\"alignnone size-full wp-image-5965\" src=\"http:\/\/forbabyboss.com\/wp-content\/uploads\/2022\/09\/checkout.png\" alt=\"\" width=\"750\" height=\"276\" srcset=\"https:\/\/forbabyboss.com\/wp-content\/uploads\/2022\/09\/checkout.png 750w, https:\/\/forbabyboss.com\/wp-content\/uploads\/2022\/09\/checkout-600x221.png 600w\" sizes=\"auto, (max-width: 750px) 100vw, 750px\" \/><\/a><\/p>","protected":false},"excerpt":{"rendered":"<p><a href=\"http:\/\/forbabyboss.com\/wp-content\/uploads\/2022\/09\/Star-Rating-5.png\"><img loading=\"lazy\" decoding=\"async\" class=\"alignnone size-full wp-image-5973 aligncenter\" src=\"http:\/\/forbabyboss.com\/wp-content\/uploads\/2022\/09\/Star-Rating-5.png\" alt=\"\" width=\"275\" height=\"45\" \/><\/a><\/p>\n<p style=\"text-align: center;\"><span style=\"color: #ed1c24; font-size: 120%;\"><b>GARANT\u00cdA DE IGUALACI\u00d3N DE PRECIOS<\/b><\/span><\/p>\n<p style=\"text-align: center;\"><span style=\"font-size: 115%;\"><span style=\"font-weight: 400; color: #4f4fa7;\">Env\u00edo gratuito<\/span><span style=\"font-weight: 400;\"> \u2013 2 \u2013 7 d\u00edas<\/span><\/span><\/p>\n<p style=\"text-align: center;\"><strong><span style=\"color: #29606b;\">Regalo gratis con compras superiores a 100 \u00a3<\/span><\/strong><\/p>","protected":false},"featured_media":5681,"template":"","meta":[],"product_brand":[577],"product_cat":[338,339,156,305,215,130,209,221,211],"product_tag":[202],"class_list":{"0":"post-5678","1":"product","2":"type-product","3":"status-publish","4":"has-post-thumbnail","6":"product_brand-kunert","7":"product_cat-600-to-700","8":"product_cat-700-to-800","9":"product_cat-3-in-1","10":"product_cat-colour","11":"product_cat-pink","12":"product_cat-prams","13":"product_cat-push-chairs","14":"product_cat-silver-colour","15":"product_cat-stroller","16":"product_tag-3-in-1-pram","18":"first","19":"instock","20":"sale","21":"shipping-taxable","22":"purchasable","23":"product-type-simple"},"yoast_head":"<!-- This site is optimized with the Yoast SEO plugin v27.5 - https:\/\/yoast.com\/product\/yoast-seo-wordpress\/ -->\n<title>Baby Pram Retro Classic Buggy Set 3in1Travel System Eco Leather -Pink (silver frame) - For Baby Boss<\/title>\n<meta name=\"description\" content=\"Baby Pram Retro Classic Buggy Set 3in1Travel System Eco Leather NEW 2022 -Pink (silver frame)\" \/>\n<meta name=\"robots\" content=\"index, follow, max-snippet:-1, max-image-preview:large, max-video-preview:-1\" \/>\n<link rel=\"canonical\" href=\"https:\/\/forbabyboss.com\/es\/product\/cochecito-de-bebe-retro-clasico-conjunto-de-carrito-3-en-1-sistema-de-viaje-piel-ecologica-rosa-estructura-plateada\/\" \/>\n<meta property=\"og:locale\" content=\"es_ES\" \/>\n<meta property=\"og:type\" content=\"article\" \/>\n<meta property=\"og:title\" content=\"Baby Pram Retro Classic Buggy Set 3in1Travel System Eco Leather -Pink (silver frame) - For Baby Boss\" \/>\n<meta property=\"og:description\" content=\"Baby Pram Retro Classic Buggy Set 3in1Travel System Eco Leather NEW 2022 -Pink (silver frame)\" \/>\n<meta property=\"og:url\" content=\"https:\/\/forbabyboss.com\/es\/product\/cochecito-de-bebe-retro-clasico-conjunto-de-carrito-3-en-1-sistema-de-viaje-piel-ecologica-rosa-estructura-plateada\/\" \/>\n<meta property=\"og:site_name\" content=\"For Baby Boss\" \/>\n<meta property=\"article:modified_time\" content=\"2026-02-18T19:50:29+00:00\" \/>\n<meta property=\"og:image\" content=\"https:\/\/forbabyboss.com\/wp-content\/uploads\/2022\/09\/Baby-Pram-Retro-Classic-Buggy-Set-3in1Travel-System-Eco-Leather-NEW-2022-Pink-silver-frame-main.png\" \/>\n\t<meta property=\"og:image:width\" content=\"1600\" \/>\n\t<meta property=\"og:image:height\" content=\"1600\" \/>\n\t<meta property=\"og:image:type\" content=\"image\/png\" \/>\n<meta name=\"twitter:card\" content=\"summary_large_image\" \/>\n<meta name=\"twitter:label1\" content=\"Tiempo de lectura\" \/>\n\t<meta name=\"twitter:data1\" content=\"3 minutos\" \/>\n<script type=\"application\/ld+json\" class=\"yoast-schema-graph\">{\"@context\":\"https:\\\/\\\/schema.org\",\"@graph\":[{\"@type\":\"WebPage\",\"@id\":\"https:\\\/\\\/forbabyboss.com\\\/product\\\/baby-pram-retro-classic-buggy-set-3in1travel-system-eco-leather-pink-silver-frame\\\/\",\"url\":\"https:\\\/\\\/forbabyboss.com\\\/product\\\/baby-pram-retro-classic-buggy-set-3in1travel-system-eco-leather-pink-silver-frame\\\/\",\"name\":\"Baby Pram Retro Classic Buggy Set 3in1Travel System Eco Leather -Pink (silver frame) - For Baby Boss\",\"isPartOf\":{\"@id\":\"https:\\\/\\\/powderblue-seahorse-496884.hostingersite.com\\\/#website\"},\"primaryImageOfPage\":{\"@id\":\"https:\\\/\\\/forbabyboss.com\\\/product\\\/baby-pram-retro-classic-buggy-set-3in1travel-system-eco-leather-pink-silver-frame\\\/#primaryimage\"},\"image\":{\"@id\":\"https:\\\/\\\/forbabyboss.com\\\/product\\\/baby-pram-retro-classic-buggy-set-3in1travel-system-eco-leather-pink-silver-frame\\\/#primaryimage\"},\"thumbnailUrl\":\"https:\\\/\\\/forbabyboss.com\\\/wp-content\\\/uploads\\\/2022\\\/09\\\/Baby-Pram-Retro-Classic-Buggy-Set-3in1Travel-System-Eco-Leather-NEW-2022-Pink-silver-frame-main.png\",\"datePublished\":\"2022-09-13T17:50:17+00:00\",\"dateModified\":\"2026-02-18T19:50:29+00:00\",\"description\":\"Baby Pram Retro Classic Buggy Set 3in1Travel System Eco Leather NEW 2022 -Pink (silver frame)\",\"breadcrumb\":{\"@id\":\"https:\\\/\\\/forbabyboss.com\\\/product\\\/baby-pram-retro-classic-buggy-set-3in1travel-system-eco-leather-pink-silver-frame\\\/#breadcrumb\"},\"inLanguage\":\"es\",\"potentialAction\":[{\"@type\":\"ReadAction\",\"target\":[\"https:\\\/\\\/forbabyboss.com\\\/product\\\/baby-pram-retro-classic-buggy-set-3in1travel-system-eco-leather-pink-silver-frame\\\/\"]}]},{\"@type\":\"ImageObject\",\"inLanguage\":\"es\",\"@id\":\"https:\\\/\\\/forbabyboss.com\\\/product\\\/baby-pram-retro-classic-buggy-set-3in1travel-system-eco-leather-pink-silver-frame\\\/#primaryimage\",\"url\":\"https:\\\/\\\/forbabyboss.com\\\/wp-content\\\/uploads\\\/2022\\\/09\\\/Baby-Pram-Retro-Classic-Buggy-Set-3in1Travel-System-Eco-Leather-NEW-2022-Pink-silver-frame-main.png\",\"contentUrl\":\"https:\\\/\\\/forbabyboss.com\\\/wp-content\\\/uploads\\\/2022\\\/09\\\/Baby-Pram-Retro-Classic-Buggy-Set-3in1Travel-System-Eco-Leather-NEW-2022-Pink-silver-frame-main.png\",\"width\":1600,\"height\":1600},{\"@type\":\"BreadcrumbList\",\"@id\":\"https:\\\/\\\/forbabyboss.com\\\/product\\\/baby-pram-retro-classic-buggy-set-3in1travel-system-eco-leather-pink-silver-frame\\\/#breadcrumb\",\"itemListElement\":[{\"@type\":\"ListItem\",\"position\":1,\"name\":\"Home\",\"item\":\"https:\\\/\\\/forbabyboss.com\\\/\"},{\"@type\":\"ListItem\",\"position\":2,\"name\":\"Shop\",\"item\":\"https:\\\/\\\/forbabyboss.com\\\/shop\\\/\"},{\"@type\":\"ListItem\",\"position\":3,\"name\":\"Baby Pram Retro Classic Buggy Set 3in1Travel System Eco Leather -Pink (silver frame)\"}]},{\"@type\":\"WebSite\",\"@id\":\"https:\\\/\\\/powderblue-seahorse-496884.hostingersite.com\\\/#website\",\"url\":\"https:\\\/\\\/powderblue-seahorse-496884.hostingersite.com\\\/\",\"name\":\"For Baby Boss\",\"description\":\"Beautiful gifts and accessories for your baby boss\",\"potentialAction\":[{\"@type\":\"SearchAction\",\"target\":{\"@type\":\"EntryPoint\",\"urlTemplate\":\"https:\\\/\\\/powderblue-seahorse-496884.hostingersite.com\\\/?s={search_term_string}\"},\"query-input\":{\"@type\":\"PropertyValueSpecification\",\"valueRequired\":true,\"valueName\":\"search_term_string\"}}],\"inLanguage\":\"es\"}]}<\/script>\n<!-- \/ Yoast SEO plugin. -->","yoast_head_json":{"title":"Cochecito de beb\u00e9 retro cl\u00e1sico, conjunto de cochecito 3 en 1, sistema de viaje de piel ecol\u00f3gica - Rosa (estructura plateada) - Para Baby Boss","description":"Cochecito de beb\u00e9 retro cl\u00e1sico, conjunto 3 en 1, sistema de viaje, piel ecol\u00f3gica, NUEVO 2022 - Rosa (estructura plateada)","robots":{"index":"index","follow":"follow","max-snippet":"max-snippet:-1","max-image-preview":"max-image-preview:large","max-video-preview":"max-video-preview:-1"},"canonical":"https:\/\/forbabyboss.com\/es\/product\/cochecito-de-bebe-retro-clasico-conjunto-de-carrito-3-en-1-sistema-de-viaje-piel-ecologica-rosa-estructura-plateada\/","og_locale":"es_ES","og_type":"article","og_title":"Baby Pram Retro Classic Buggy Set 3in1Travel System Eco Leather -Pink (silver frame) - For Baby Boss","og_description":"Baby Pram Retro Classic Buggy Set 3in1Travel System Eco Leather NEW 2022 -Pink (silver frame)","og_url":"https:\/\/forbabyboss.com\/es\/product\/cochecito-de-bebe-retro-clasico-conjunto-de-carrito-3-en-1-sistema-de-viaje-piel-ecologica-rosa-estructura-plateada\/","og_site_name":"For Baby Boss","article_modified_time":"2026-02-18T19:50:29+00:00","og_image":[{"width":1600,"height":1600,"url":"https:\/\/forbabyboss.com\/wp-content\/uploads\/2022\/09\/Baby-Pram-Retro-Classic-Buggy-Set-3in1Travel-System-Eco-Leather-NEW-2022-Pink-silver-frame-main.png","type":"image\/png"}],"twitter_card":"summary_large_image","twitter_misc":{"Tiempo de lectura":"3 minutos"},"schema":{"@context":"https:\/\/schema.org","@graph":[{"@type":"WebPage","@id":"https:\/\/forbabyboss.com\/product\/baby-pram-retro-classic-buggy-set-3in1travel-system-eco-leather-pink-silver-frame\/","url":"https:\/\/forbabyboss.com\/product\/baby-pram-retro-classic-buggy-set-3in1travel-system-eco-leather-pink-silver-frame\/","name":"Cochecito de beb\u00e9 retro cl\u00e1sico, conjunto de cochecito 3 en 1, sistema de viaje de piel ecol\u00f3gica - Rosa (estructura plateada) - Para Baby Boss","isPartOf":{"@id":"https:\/\/powderblue-seahorse-496884.hostingersite.com\/#website"},"primaryImageOfPage":{"@id":"https:\/\/forbabyboss.com\/product\/baby-pram-retro-classic-buggy-set-3in1travel-system-eco-leather-pink-silver-frame\/#primaryimage"},"image":{"@id":"https:\/\/forbabyboss.com\/product\/baby-pram-retro-classic-buggy-set-3in1travel-system-eco-leather-pink-silver-frame\/#primaryimage"},"thumbnailUrl":"https:\/\/forbabyboss.com\/wp-content\/uploads\/2022\/09\/Baby-Pram-Retro-Classic-Buggy-Set-3in1Travel-System-Eco-Leather-NEW-2022-Pink-silver-frame-main.png","datePublished":"2022-09-13T17:50:17+00:00","dateModified":"2026-02-18T19:50:29+00:00","description":"Cochecito de beb\u00e9 retro cl\u00e1sico, conjunto 3 en 1, sistema de viaje, piel ecol\u00f3gica, NUEVO 2022 - Rosa (estructura plateada)","breadcrumb":{"@id":"https:\/\/forbabyboss.com\/product\/baby-pram-retro-classic-buggy-set-3in1travel-system-eco-leather-pink-silver-frame\/#breadcrumb"},"inLanguage":"es","potentialAction":[{"@type":"ReadAction","target":["https:\/\/forbabyboss.com\/product\/baby-pram-retro-classic-buggy-set-3in1travel-system-eco-leather-pink-silver-frame\/"]}]},{"@type":"ImageObject","inLanguage":"es","@id":"https:\/\/forbabyboss.com\/product\/baby-pram-retro-classic-buggy-set-3in1travel-system-eco-leather-pink-silver-frame\/#primaryimage","url":"https:\/\/forbabyboss.com\/wp-content\/uploads\/2022\/09\/Baby-Pram-Retro-Classic-Buggy-Set-3in1Travel-System-Eco-Leather-NEW-2022-Pink-silver-frame-main.png","contentUrl":"https:\/\/forbabyboss.com\/wp-content\/uploads\/2022\/09\/Baby-Pram-Retro-Classic-Buggy-Set-3in1Travel-System-Eco-Leather-NEW-2022-Pink-silver-frame-main.png","width":1600,"height":1600},{"@type":"BreadcrumbList","@id":"https:\/\/forbabyboss.com\/product\/baby-pram-retro-classic-buggy-set-3in1travel-system-eco-leather-pink-silver-frame\/#breadcrumb","itemListElement":[{"@type":"ListItem","position":1,"name":"Home","item":"https:\/\/forbabyboss.com\/"},{"@type":"ListItem","position":2,"name":"Shop","item":"https:\/\/forbabyboss.com\/shop\/"},{"@type":"ListItem","position":3,"name":"Baby Pram Retro Classic Buggy Set 3in1Travel System Eco Leather -Pink (silver frame)"}]},{"@type":"WebSite","@id":"https:\/\/powderblue-seahorse-496884.hostingersite.com\/#website","url":"https:\/\/powderblue-seahorse-496884.hostingersite.com\/","name":"Para el beb\u00e9 jefe","description":"Hermosos regalos y accesorios para tu beb\u00e9 jefe.","potentialAction":[{"@type":"SearchAction","target":{"@type":"EntryPoint","urlTemplate":"https:\/\/powderblue-seahorse-496884.hostingersite.com\/?s={search_term_string}"},"query-input":{"@type":"PropertyValueSpecification","valueRequired":true,"valueName":"search_term_string"}}],"inLanguage":"es"}]}},"_links":{"self":[{"href":"https:\/\/forbabyboss.com\/es\/wp-json\/wp\/v2\/product\/5678","targetHints":{"allow":["GET"]}}],"collection":[{"href":"https:\/\/forbabyboss.com\/es\/wp-json\/wp\/v2\/product"}],"about":[{"href":"https:\/\/forbabyboss.com\/es\/wp-json\/wp\/v2\/types\/product"}],"wp:featuredmedia":[{"embeddable":true,"href":"https:\/\/forbabyboss.com\/es\/wp-json\/wp\/v2\/media\/5681"}],"wp:attachment":[{"href":"https:\/\/forbabyboss.com\/es\/wp-json\/wp\/v2\/media?parent=5678"}],"wp:term":[{"taxonomy":"product_brand","embeddable":true,"href":"https:\/\/forbabyboss.com\/es\/wp-json\/wp\/v2\/product_brand?post=5678"},{"taxonomy":"product_cat","embeddable":true,"href":"https:\/\/forbabyboss.com\/es\/wp-json\/wp\/v2\/product_cat?post=5678"},{"taxonomy":"product_tag","embeddable":true,"href":"https:\/\/forbabyboss.com\/es\/wp-json\/wp\/v2\/product_tag?post=5678"}],"curies":[{"name":"wp","href":"https:\/\/api.w.org\/{rel}","templated":true}]}}