{"id":5699,"date":"2022-09-24T16:43:45","date_gmt":"2022-09-24T16:43:45","guid":{"rendered":"http:\/\/forbabyboss.com\/?post_type=product&#038;p=5699"},"modified":"2026-02-21T09:06:46","modified_gmt":"2026-02-21T09:06:46","slug":"cochecito-de-bebe-de-lujo-3-en-1-con-asiento-de-coche-para-recien-nacidos-color-dorado","status":"publish","type":"product","link":"https:\/\/forbabyboss.com\/es\/product\/3in1-luxury-baby-pram-newborn-car-seat-gold\/","title":{"rendered":"Cochecito de beb\u00e9 de lujo 3 en 1 con asiento para reci\u00e9n nacido \u2013 Dorado"},"content":{"rendered":"<h2 style=\"text-align: justify;\"><span style=\"color: #e14d43;\"><strong>Cochecito profundo<\/strong><\/span><\/h2>\n<p style=\"text-align: justify;\"><span style=\"color: #282828;\"><strong>Se trata de una estructura ligera de aluminio con una g\u00f3ndola, destinada principalmente al transporte seguro de reci\u00e9n nacidos y lactantes de hasta 9 kg.<\/strong><\/span><br \/>\n<span style=\"color: #282828;\"><strong>La g\u00f3ndola Axel cuenta con un toldo desplegable y un forro suave de algod\u00f3n que se puede quitar f\u00e1cilmente para lavarlo.<\/strong><\/span><br \/>\n<span style=\"color: #282828;\"><strong>La cabina est\u00e1 equipada con una ventana de ventilaci\u00f3n que se puede abrir.<\/strong><\/span><br \/>\n<span style=\"color: #282828;\"><strong>Adem\u00e1s, la cubierta de la g\u00f3ndola act\u00faa como captador de viento.<\/strong><\/span><br \/>\n<span style=\"color: #282828;\"><strong>La g\u00f3ndola tambi\u00e9n cuenta con un respaldo con ajuste de altura suave.<\/strong><\/span><\/p>\n<h2 style=\"text-align: justify;\"><span style=\"color: #e14d43;\"><strong>Caracter\u00edsticas del capazo:<\/strong><\/span><\/h2>\n<p style=\"text-align: justify;\"><span style=\"color: #282828;\"><strong>\u2713 Toldo plegable: protege al ni\u00f1o del sol y la lluvia.<\/strong><\/span><br \/>\n<span style=\"color: #282828;\"><strong>\u2713Forro de algod\u00f3n: proporciona la m\u00e1xima comodidad para viajar (se puede quitar f\u00e1cilmente para lavarlo).<\/strong><\/span><br \/>\n<span style=\"color: #282828;\"><strong>\u2713 Ventana de ventilaci\u00f3n: proporciona aire fresco dentro del carrito.<\/strong><\/span><br \/>\n<span style=\"color: #282828;\"><strong>\u2713 Funda: protege al ni\u00f1o del viento y del fr\u00edo.<\/strong><\/span><br \/>\n<span style=\"color: #282828;\"><strong>\u2713Capazo con funci\u00f3n de cuna: permite mecer al ni\u00f1o (se puede bloquear desplegando las patas laterales).<\/strong><\/span><br \/>\n<span style=\"color: #282828;\"><strong>\u2713Capazo con asa revestida de piel ecol\u00f3gica, que permite un transporte c\u00f3modo.<\/strong><\/span><\/p>\n<h2 style=\"text-align: justify;\"><span style=\"color: #e14d43;\"><strong>Asiento de coche<\/strong><\/span><\/h2>\n<p style=\"text-align: justify;\"><span style=\"color: #282828;\"><strong>Est\u00e1 dise\u00f1ado para ni\u00f1os de hasta 10 kg. Cuenta con la homologaci\u00f3n ECE R44\/04, que confirma que cumple con estrictas normas de seguridad y puede utilizarse para el transporte seguro de un ni\u00f1o en coche. Adem\u00e1s, la silla de coche se puede montar en el chasis del cochecito mirando hacia adelante o hacia atr\u00e1s mediante los adaptadores incluidos.<\/strong><\/span><\/p>\n<p style=\"text-align: justify;\"><span style=\"color: #282828;\"><strong>\u2713Inserto adicional para beb\u00e9s: permite el transporte seguro de reci\u00e9n nacidos.<\/strong><\/span><br \/>\n<span style=\"color: #282828;\"><strong>\u2713Mango ajustable: se caracteriza por su m\u00e1xima ergonom\u00eda (puede colocarse en posici\u00f3n de apoyo).<\/strong><\/span><br \/>\n<span style=\"color: #282828;\"><strong>\u2713Funci\u00f3n de cuna: gracias a una base con perfil especial.<\/strong><\/span><br \/>\n<span style=\"color: #282828;\"><strong>\u2713Funda para las piernas con elementos reflectantes: protege del fr\u00edo (desmontable).<\/strong><\/span><br \/>\n<span style=\"color: #282828;\"><strong>\u2713 Visera desmontable para lluvia y sol: protege al ni\u00f1o de las inclemencias del tiempo.<\/strong><\/span><br \/>\n<span style=\"color: #282828;\"><strong>\u2713 Cinturones de seguridad de tres puntos con ajuste central de longitud: garantizan la seguridad durante el viaje.<\/strong><\/span><br \/>\n<span style=\"color: #282828;\"><strong>\u2713 Fundas adicionales para las correas de los hombros: para mayor comodidad durante los viajes.<\/strong><\/span><br \/>\n<span style=\"color: #282828;\"><strong>\u2713 Adaptadores: permiten montar el asiento en el chasis del cochecito.<\/strong><\/span><\/p>\n<h2 style=\"text-align: justify;\"><span style=\"color: #e14d43;\"><strong>Paseante<\/strong><\/span><\/h2>\n<p style=\"text-align: justify;\"><span style=\"color: #282828;\"><strong>Este cochecito es perfecto para un ni\u00f1o un poco mayor que pese hasta 15 kg. Axel permite dos opciones de montaje: mirando hacia adelante o hacia atr\u00e1s, seg\u00fan sus preferencias.<\/strong><\/span><br \/>\n<span style=\"color: #282828;\"><strong>Un parasol plegable y una cubierta con funci\u00f3n cortavientos proteger\u00e1n a su hijo de las inclemencias del tiempo.<\/strong><\/span><\/p>\n<p style=\"text-align: justify;\"><span style=\"color: #282828;\"><strong>\u2713Cinturones de seguridad de cinco puntos con almohadillas suaves: protegen y garantizan la comodidad durante el viaje.<\/strong><\/span><br \/>\n<span style=\"color: #282828;\"><strong>\u2713Barrera y reposapi\u00e9s de cuero ecol\u00f3gico: resistentes a los da\u00f1os y f\u00e1ciles de limpiar.<\/strong><\/span><br \/>\n<span style=\"color: #282828;\"><strong>\u2713 Reposapi\u00e9s ajustable: para una posici\u00f3n \u00f3ptima<\/strong><\/span><br \/>\n<span style=\"color: #282828;\"><strong>\u2713 Respaldo ajustable en cuatro posiciones: proporciona una posici\u00f3n \u00f3ptima y aumenta la comodidad del ni\u00f1o.<\/strong><\/span><br \/>\n<span style=\"color: #282828;\"><strong>\u2713 Chasis con suspensi\u00f3n suave: protege al ni\u00f1o de golpes desagradables al circular por superficies irregulares.<\/strong><\/span><\/p>\n<h2 style=\"text-align: justify;\"><span style=\"color: #e14d43;\"><strong>Chasis de cochecito<\/strong><\/span><\/h2>\n<p style=\"text-align: justify;\"><span style=\"color: #282828;\"><strong>La estructura del carrito est\u00e1 fabricada en aluminio ligero, mientras que las innovadoras ruedas giratorias con rodamientos de bolas y neum\u00e1ticos de poliuretano garantizan un movimiento suave. Este tipo de ruedas posee todas las propiedades de las ruedas neum\u00e1ticas y, adem\u00e1s, son antipinchazos. Por lo tanto, son fiables, no requieren mantenimiento y son muy duraderas. Adicionalmente, cuentan con un sistema de bloqueo para la conducci\u00f3n en l\u00ednea recta.<\/strong><\/span><\/p>\n<h2 style=\"text-align: justify;\"><span style=\"color: #e14d43;\"><strong>Caracter\u00edsticas del marco:<\/strong><\/span><\/h2>\n<p style=\"text-align: justify;\"><span style=\"color: #282828;\"><strong>\u2713Estructura de aluminio s\u00f3lida y ligera<\/strong><\/span><br \/>\n<span style=\"color: #282828;\"><strong>\u2713Manillar ajustable recubierto de cuero ecol\u00f3gico: permite ajustar f\u00e1cilmente el cochecito a tu altura.<\/strong><\/span><br \/>\n<span style=\"color: #282828;\"><strong>\u2713Suspensi\u00f3n suave: un innovador sistema de absorci\u00f3n de impactos garantiza la m\u00e1xima comodidad en el viaje.<\/strong><\/span><br \/>\n<span style=\"color: #282828;\"><strong>\u2713 Freno central (Easy Stop): permite bloquear r\u00e1pidamente las ruedas del carrito.<\/strong><\/span><br \/>\n<span style=\"color: #282828;\"><strong>\u2713Posibilidad de instalar la plataforma para carrito: esta funci\u00f3n resultar\u00e1 \u00fatil cuando el ni\u00f1o tenga un hermano o hermana mayor. \u2713Estructura plegable: cuando est\u00e1 plegada, ocupa poco espacio y cabe en el maletero del coche.<\/strong><\/span><\/p>\n<p>&nbsp;<\/p>\n<p><a href=\"http:\/\/forbabyboss.com\/wp-content\/uploads\/2022\/09\/checkout.png\"><img loading=\"lazy\" decoding=\"async\" class=\"alignnone wp-image-5965\" src=\"http:\/\/forbabyboss.com\/wp-content\/uploads\/2022\/09\/checkout.png\" alt=\"\" width=\"1005\" height=\"370\" srcset=\"https:\/\/forbabyboss.com\/wp-content\/uploads\/2022\/09\/checkout.png 750w, https:\/\/forbabyboss.com\/wp-content\/uploads\/2022\/09\/checkout-600x221.png 600w\" sizes=\"auto, (max-width: 1005px) 100vw, 1005px\" \/><\/a><\/p>\n<p style=\"text-align: justify;\">","protected":false},"excerpt":{"rendered":"<p><a href=\"http:\/\/forbabyboss.com\/wp-content\/uploads\/2022\/09\/Star-Rating-5.png\"><img loading=\"lazy\" decoding=\"async\" class=\"alignnone size-full wp-image-5973 aligncenter\" src=\"http:\/\/forbabyboss.com\/wp-content\/uploads\/2022\/09\/Star-Rating-5.png\" alt=\"\" width=\"275\" height=\"45\" \/><\/a><\/p>\n<p style=\"text-align: center;\"><span style=\"color: #ed1c24; font-size: 120%;\"><b>GARANT\u00cdA DE IGUALACI\u00d3N DE PRECIOS<\/b><\/span><\/p>\n<p style=\"text-align: center;\"><span style=\"font-size: 115%;\"><span style=\"font-weight: 400; color: #4f4fa7;\">Env\u00edo gratuito<\/span><span style=\"font-weight: 400;\"> \u2013 2 \u2013 7 d\u00edas<\/span><\/span><\/p>\n<p style=\"text-align: center;\"><strong><span style=\"color: #29606b;\">Regalo gratis con compras superiores a 100 \u00a3<\/span><\/strong><\/p>","protected":false},"featured_media":5701,"template":"","meta":[],"product_brand":[370],"product_cat":[337,339,156,305,208,303,130,209,211],"product_tag":[202,199],"class_list":{"0":"post-5699","1":"product","2":"type-product","3":"status-publish","4":"has-post-thumbnail","6":"product_brand-babylux","7":"product_cat-500-to-600","8":"product_cat-700-to-800","9":"product_cat-3-in-1","10":"product_cat-colour","11":"product_cat-gold","12":"product_cat-pattern","13":"product_cat-prams","14":"product_cat-push-chairs","15":"product_cat-stroller","16":"product_tag-3-in-1-pram","17":"product_tag-prams","19":"first","20":"instock","21":"sale","22":"shipping-taxable","23":"purchasable","24":"product-type-simple"},"yoast_head":"<!-- This site is optimized with the Yoast SEO plugin v27.5 - https:\/\/yoast.com\/product\/yoast-seo-wordpress\/ -->\n<title>3in1 Luxury Baby Pram Newborn Car Seat - Gold - For Baby Boss<\/title>\n<meta name=\"description\" content=\"3in1 Luxury Baby Pram Newborn Car Seat - Gold\" \/>\n<meta name=\"robots\" content=\"index, follow, max-snippet:-1, max-image-preview:large, max-video-preview:-1\" \/>\n<link rel=\"canonical\" href=\"https:\/\/forbabyboss.com\/es\/product\/cochecito-de-bebe-de-lujo-3-en-1-con-asiento-de-coche-para-recien-nacidos-color-dorado\/\" \/>\n<meta property=\"og:locale\" content=\"es_ES\" \/>\n<meta property=\"og:type\" content=\"article\" \/>\n<meta property=\"og:title\" content=\"3in1 Luxury Baby Pram Newborn Car Seat - Gold - For Baby Boss\" \/>\n<meta property=\"og:description\" content=\"3in1 Luxury Baby Pram Newborn Car Seat - Gold\" \/>\n<meta property=\"og:url\" content=\"https:\/\/forbabyboss.com\/es\/product\/cochecito-de-bebe-de-lujo-3-en-1-con-asiento-de-coche-para-recien-nacidos-color-dorado\/\" \/>\n<meta property=\"og:site_name\" content=\"For Baby Boss\" \/>\n<meta property=\"article:modified_time\" content=\"2026-02-21T09:06:46+00:00\" \/>\n<meta property=\"og:image\" content=\"https:\/\/forbabyboss.com\/wp-content\/uploads\/2022\/09\/Luxury-Baby-Pram-Newborn-Buggy-3-in1-Car-Seat-Pushchair-3-in-1-Travel-System-Gold-1.png\" \/>\n\t<meta property=\"og:image:width\" content=\"1600\" \/>\n\t<meta property=\"og:image:height\" content=\"1600\" \/>\n\t<meta property=\"og:image:type\" content=\"image\/png\" \/>\n<meta name=\"twitter:card\" content=\"summary_large_image\" \/>\n<meta name=\"twitter:label1\" content=\"Tiempo de lectura\" \/>\n\t<meta name=\"twitter:data1\" content=\"3 minutos\" \/>\n<script type=\"application\/ld+json\" class=\"yoast-schema-graph\">{\"@context\":\"https:\\\/\\\/schema.org\",\"@graph\":[{\"@type\":\"WebPage\",\"@id\":\"https:\\\/\\\/forbabyboss.com\\\/product\\\/3in1-luxury-baby-pram-newborn-car-seat-gold\\\/\",\"url\":\"https:\\\/\\\/forbabyboss.com\\\/product\\\/3in1-luxury-baby-pram-newborn-car-seat-gold\\\/\",\"name\":\"3in1 Luxury Baby Pram Newborn Car Seat - Gold - For Baby Boss\",\"isPartOf\":{\"@id\":\"https:\\\/\\\/powderblue-seahorse-496884.hostingersite.com\\\/#website\"},\"primaryImageOfPage\":{\"@id\":\"https:\\\/\\\/forbabyboss.com\\\/product\\\/3in1-luxury-baby-pram-newborn-car-seat-gold\\\/#primaryimage\"},\"image\":{\"@id\":\"https:\\\/\\\/forbabyboss.com\\\/product\\\/3in1-luxury-baby-pram-newborn-car-seat-gold\\\/#primaryimage\"},\"thumbnailUrl\":\"https:\\\/\\\/forbabyboss.com\\\/wp-content\\\/uploads\\\/2022\\\/09\\\/Luxury-Baby-Pram-Newborn-Buggy-3-in1-Car-Seat-Pushchair-3-in-1-Travel-System-Gold-1.png\",\"datePublished\":\"2022-09-24T16:43:45+00:00\",\"dateModified\":\"2026-02-21T09:06:46+00:00\",\"description\":\"3in1 Luxury Baby Pram Newborn Car Seat - Gold\",\"breadcrumb\":{\"@id\":\"https:\\\/\\\/forbabyboss.com\\\/product\\\/3in1-luxury-baby-pram-newborn-car-seat-gold\\\/#breadcrumb\"},\"inLanguage\":\"es\",\"potentialAction\":[{\"@type\":\"ReadAction\",\"target\":[\"https:\\\/\\\/forbabyboss.com\\\/product\\\/3in1-luxury-baby-pram-newborn-car-seat-gold\\\/\"]}]},{\"@type\":\"ImageObject\",\"inLanguage\":\"es\",\"@id\":\"https:\\\/\\\/forbabyboss.com\\\/product\\\/3in1-luxury-baby-pram-newborn-car-seat-gold\\\/#primaryimage\",\"url\":\"https:\\\/\\\/forbabyboss.com\\\/wp-content\\\/uploads\\\/2022\\\/09\\\/Luxury-Baby-Pram-Newborn-Buggy-3-in1-Car-Seat-Pushchair-3-in-1-Travel-System-Gold-1.png\",\"contentUrl\":\"https:\\\/\\\/forbabyboss.com\\\/wp-content\\\/uploads\\\/2022\\\/09\\\/Luxury-Baby-Pram-Newborn-Buggy-3-in1-Car-Seat-Pushchair-3-in-1-Travel-System-Gold-1.png\",\"width\":1600,\"height\":1600},{\"@type\":\"BreadcrumbList\",\"@id\":\"https:\\\/\\\/forbabyboss.com\\\/product\\\/3in1-luxury-baby-pram-newborn-car-seat-gold\\\/#breadcrumb\",\"itemListElement\":[{\"@type\":\"ListItem\",\"position\":1,\"name\":\"Home\",\"item\":\"https:\\\/\\\/forbabyboss.com\\\/\"},{\"@type\":\"ListItem\",\"position\":2,\"name\":\"Shop\",\"item\":\"https:\\\/\\\/forbabyboss.com\\\/shop\\\/\"},{\"@type\":\"ListItem\",\"position\":3,\"name\":\"3in1 Luxury Baby Pram Newborn Car Seat &#8211; Gold\"}]},{\"@type\":\"WebSite\",\"@id\":\"https:\\\/\\\/powderblue-seahorse-496884.hostingersite.com\\\/#website\",\"url\":\"https:\\\/\\\/powderblue-seahorse-496884.hostingersite.com\\\/\",\"name\":\"For Baby Boss\",\"description\":\"Beautiful gifts and accessories for your baby boss\",\"potentialAction\":[{\"@type\":\"SearchAction\",\"target\":{\"@type\":\"EntryPoint\",\"urlTemplate\":\"https:\\\/\\\/powderblue-seahorse-496884.hostingersite.com\\\/?s={search_term_string}\"},\"query-input\":{\"@type\":\"PropertyValueSpecification\",\"valueRequired\":true,\"valueName\":\"search_term_string\"}}],\"inLanguage\":\"es\"}]}<\/script>\n<!-- \/ Yoast SEO plugin. -->","yoast_head_json":{"title":"Cochecito de beb\u00e9 de lujo 3 en 1, silla de coche para reci\u00e9n nacidos - Dorado - Para Baby Boss","description":"Cochecito de beb\u00e9 de lujo 3 en 1 con asiento para reci\u00e9n nacido - Dorado","robots":{"index":"index","follow":"follow","max-snippet":"max-snippet:-1","max-image-preview":"max-image-preview:large","max-video-preview":"max-video-preview:-1"},"canonical":"https:\/\/forbabyboss.com\/es\/product\/cochecito-de-bebe-de-lujo-3-en-1-con-asiento-de-coche-para-recien-nacidos-color-dorado\/","og_locale":"es_ES","og_type":"article","og_title":"3in1 Luxury Baby Pram Newborn Car Seat - Gold - For Baby Boss","og_description":"3in1 Luxury Baby Pram Newborn Car Seat - Gold","og_url":"https:\/\/forbabyboss.com\/es\/product\/cochecito-de-bebe-de-lujo-3-en-1-con-asiento-de-coche-para-recien-nacidos-color-dorado\/","og_site_name":"For Baby Boss","article_modified_time":"2026-02-21T09:06:46+00:00","og_image":[{"width":1600,"height":1600,"url":"https:\/\/forbabyboss.com\/wp-content\/uploads\/2022\/09\/Luxury-Baby-Pram-Newborn-Buggy-3-in1-Car-Seat-Pushchair-3-in-1-Travel-System-Gold-1.png","type":"image\/png"}],"twitter_card":"summary_large_image","twitter_misc":{"Tiempo de lectura":"3 minutos"},"schema":{"@context":"https:\/\/schema.org","@graph":[{"@type":"WebPage","@id":"https:\/\/forbabyboss.com\/product\/3in1-luxury-baby-pram-newborn-car-seat-gold\/","url":"https:\/\/forbabyboss.com\/product\/3in1-luxury-baby-pram-newborn-car-seat-gold\/","name":"Cochecito de beb\u00e9 de lujo 3 en 1, silla de coche para reci\u00e9n nacidos - Dorado - Para Baby Boss","isPartOf":{"@id":"https:\/\/powderblue-seahorse-496884.hostingersite.com\/#website"},"primaryImageOfPage":{"@id":"https:\/\/forbabyboss.com\/product\/3in1-luxury-baby-pram-newborn-car-seat-gold\/#primaryimage"},"image":{"@id":"https:\/\/forbabyboss.com\/product\/3in1-luxury-baby-pram-newborn-car-seat-gold\/#primaryimage"},"thumbnailUrl":"https:\/\/forbabyboss.com\/wp-content\/uploads\/2022\/09\/Luxury-Baby-Pram-Newborn-Buggy-3-in1-Car-Seat-Pushchair-3-in-1-Travel-System-Gold-1.png","datePublished":"2022-09-24T16:43:45+00:00","dateModified":"2026-02-21T09:06:46+00:00","description":"Cochecito de beb\u00e9 de lujo 3 en 1 con asiento para reci\u00e9n nacido - Dorado","breadcrumb":{"@id":"https:\/\/forbabyboss.com\/product\/3in1-luxury-baby-pram-newborn-car-seat-gold\/#breadcrumb"},"inLanguage":"es","potentialAction":[{"@type":"ReadAction","target":["https:\/\/forbabyboss.com\/product\/3in1-luxury-baby-pram-newborn-car-seat-gold\/"]}]},{"@type":"ImageObject","inLanguage":"es","@id":"https:\/\/forbabyboss.com\/product\/3in1-luxury-baby-pram-newborn-car-seat-gold\/#primaryimage","url":"https:\/\/forbabyboss.com\/wp-content\/uploads\/2022\/09\/Luxury-Baby-Pram-Newborn-Buggy-3-in1-Car-Seat-Pushchair-3-in-1-Travel-System-Gold-1.png","contentUrl":"https:\/\/forbabyboss.com\/wp-content\/uploads\/2022\/09\/Luxury-Baby-Pram-Newborn-Buggy-3-in1-Car-Seat-Pushchair-3-in-1-Travel-System-Gold-1.png","width":1600,"height":1600},{"@type":"BreadcrumbList","@id":"https:\/\/forbabyboss.com\/product\/3in1-luxury-baby-pram-newborn-car-seat-gold\/#breadcrumb","itemListElement":[{"@type":"ListItem","position":1,"name":"Home","item":"https:\/\/forbabyboss.com\/"},{"@type":"ListItem","position":2,"name":"Shop","item":"https:\/\/forbabyboss.com\/shop\/"},{"@type":"ListItem","position":3,"name":"3in1 Luxury Baby Pram Newborn Car Seat &#8211; Gold"}]},{"@type":"WebSite","@id":"https:\/\/powderblue-seahorse-496884.hostingersite.com\/#website","url":"https:\/\/powderblue-seahorse-496884.hostingersite.com\/","name":"Para el beb\u00e9 jefe","description":"Hermosos regalos y accesorios para tu beb\u00e9 jefe.","potentialAction":[{"@type":"SearchAction","target":{"@type":"EntryPoint","urlTemplate":"https:\/\/powderblue-seahorse-496884.hostingersite.com\/?s={search_term_string}"},"query-input":{"@type":"PropertyValueSpecification","valueRequired":true,"valueName":"search_term_string"}}],"inLanguage":"es"}]}},"_links":{"self":[{"href":"https:\/\/forbabyboss.com\/es\/wp-json\/wp\/v2\/product\/5699","targetHints":{"allow":["GET"]}}],"collection":[{"href":"https:\/\/forbabyboss.com\/es\/wp-json\/wp\/v2\/product"}],"about":[{"href":"https:\/\/forbabyboss.com\/es\/wp-json\/wp\/v2\/types\/product"}],"wp:featuredmedia":[{"embeddable":true,"href":"https:\/\/forbabyboss.com\/es\/wp-json\/wp\/v2\/media\/5701"}],"wp:attachment":[{"href":"https:\/\/forbabyboss.com\/es\/wp-json\/wp\/v2\/media?parent=5699"}],"wp:term":[{"taxonomy":"product_brand","embeddable":true,"href":"https:\/\/forbabyboss.com\/es\/wp-json\/wp\/v2\/product_brand?post=5699"},{"taxonomy":"product_cat","embeddable":true,"href":"https:\/\/forbabyboss.com\/es\/wp-json\/wp\/v2\/product_cat?post=5699"},{"taxonomy":"product_tag","embeddable":true,"href":"https:\/\/forbabyboss.com\/es\/wp-json\/wp\/v2\/product_tag?post=5699"}],"curies":[{"name":"wp","href":"https:\/\/api.w.org\/{rel}","templated":true}]}}