{"id":5839,"date":"2022-09-15T10:14:35","date_gmt":"2022-09-15T10:14:35","guid":{"rendered":"http:\/\/forbabyboss.com\/?post_type=product&#038;p=5839"},"modified":"2026-02-18T17:53:14","modified_gmt":"2026-02-18T17:53:14","slug":"nuevo-cochecito-de-bebe-conjunto-retro-silla-de-paseo-clasica-3-en-1-sistema-de-viaje-color-gris-con-estampado-floral-y-estructura-plateada","status":"publish","type":"product","link":"https:\/\/forbabyboss.com\/es\/product\/new-baby-pram-retro-set-classic-pushchair-3in1-travel-system-grey-flower-silver-frame\/","title":{"rendered":"Nuevo cochecito de beb\u00e9 estilo retro, silla de paseo cl\u00e1sica 3 en 1, sistema de viaje, color gris y estampado floral, estructura plateada."},"content":{"rendered":"<h1><\/h1>\n<div style=\"width: 1020px;\" class=\"wp-video\"><video class=\"wp-video-shortcode\" id=\"video-5839-1\" width=\"1020\" height=\"574\" preload=\"metadata\" controls=\"controls\"><source type=\"video\/mp4\" src=\"http:\/\/forbabyboss.com\/wp-content\/uploads\/2022\/09\/romantic-vid-1.mp4?_=1\" \/><a href=\"http:\/\/forbabyboss.com\/wp-content\/uploads\/2022\/09\/romantic-vid-1.mp4\">http:\/\/forbabyboss.com\/wp-content\/uploads\/2022\/09\/romantic-vid-1.mp4<\/a><\/video><\/div>\n<p style=\"text-align: justify;\"><strong><span style=\"color: #808080;\">Los cochecitos de nuestra empresa se fabrican con materiales y tejidos de la m\u00e1s alta calidad, con las homologaciones y certificaciones necesarias que garantizan el cumplimiento de las normas europeas de salud y seguridad. El cochecito ROMANTIC combina a la perfecci\u00f3n comodidad y modernidad. Desde el primer momento de vida del ni\u00f1o, hasta que empieza a sentarse solo, se utiliza un capazo c\u00f3modo y ligero con cubrepiernas. La silla de paseo se utiliza m\u00e1s adelante, cuando el ni\u00f1o ya puede sentarse por s\u00ed mismo. Para ello, resulta muy \u00fatil el reposapi\u00e9s ajustable, que permite adaptar la posici\u00f3n a la edad y las necesidades del ni\u00f1o. La barrera de seguridad, los cinturones de seguridad de cinco puntos y el reposapi\u00e9s tambi\u00e9n mejoran la comodidad y la seguridad.<\/span><\/strong><\/p>\n<h4 style=\"text-align: justify;\"><span style=\"color: #e14d43;\"><strong>EL CONJUNTO INCLUYE:<\/strong><\/span><\/h4>\n<p style=\"text-align: justify;\"><strong><span style=\"color: #808080;\">1. ESTRUCTURA CON RUEDAS INFLABLES<\/span><\/strong><br \/>\n<strong><span style=\"color: #808080;\">2. CAPAZO (CAPOTA Y FUNDA)<\/span><\/strong><br \/>\n<strong><span style=\"color: #808080;\">3. COCHECITO (CON CAPOTA Y CUBIERTA), COCHECITO CON CAPOTA Y CUBIERTA, TIENE RESPALDO Y REPOSAPI\u00c9S AJUSTABLES\u00a0<\/span><\/strong><br \/>\n<strong><span style=\"color: #808080;\">4. ASIENTO DE COCHE (CAPOTA Y FUNDA)<\/span><\/strong><br \/>\n<strong><span style=\"color: #808080;\">5. CINTURONES DE SEGURIDAD DE CINCO PUNTOS.<\/span><\/strong><br \/>\n<strong><span style=\"color: #808080;\">5. BOLSA GRANDE<\/span><\/strong><br \/>\n<strong><span style=\"color: #808080;\">6. CESTA DE LA COMPRA<\/span><\/strong><br \/>\n<strong><span style=\"color: #808080;\">7. FUNDA IMPERMEABLE<\/span><\/strong><br \/>\n<strong><span style=\"color: #808080;\">8. L\u00c1MINA IMPERMEABLE<\/span><\/strong><br \/>\n<strong><span style=\"color: #808080;\">9. MOSQUITERA<\/span><\/strong><br \/>\n<strong><span style=\"color: #808080;\">10. Silla de auto para beb\u00e9 con capota y cubierta para las piernas. La silla es apta para ni\u00f1os de hasta 13 kg. Cuenta con asa ajustable, reductor para beb\u00e9 y funci\u00f3n de cuna.<\/span><\/strong><\/p>\n<p style=\"text-align: justify;\"><strong><span style=\"color: #808080;\">Los cochecitos que ofrecemos est\u00e1n fabricados de conformidad con la norma europea PN-EN 1888:2018 y cuentan con certificados de instituciones de renombre que garantizan la m\u00e1xima calidad y seguridad del producto.<\/span><\/strong><\/p>\n<p style=\"text-align: justify;\"><strong><span style=\"color: #808080;\">Los cochecitos de beb\u00e9 rom\u00e1nticos vienen con certificados de seguridad y calidad.<\/span><\/strong><\/p>\n<p style=\"text-align: justify;\"><span style=\"color: #e14d43;\"><strong>Estructura del cochecito:<\/strong><\/span><\/p>\n<p style=\"text-align: justify;\"><strong><span style=\"color: #808080;\">\u2022 Colocar el capazo, la silla de paseo y la silla de coche en posici\u00f3n mirando hacia adelante y hacia atr\u00e1s.<\/span><\/strong><br \/>\n<strong><span style=\"color: #808080;\">\u2022 Cada rueda tiene un rodamiento, lo que mejora la comodidad.<\/span><\/strong><br \/>\n<strong><span style=\"color: #808080;\">\u2022 Cesta grande que cuelga debajo del cochecito<\/span><\/strong><br \/>\n<strong><span style=\"color: #808080;\">\u2022 Altura del mango ajustable<\/span><\/strong><br \/>\n<strong><span style=\"color: #808080;\">\u2022 F\u00e1cil plegado del marco y tama\u00f1o reducido una vez plegado.<\/span><\/strong><br \/>\n<strong><span style=\"color: #808080;\">\u2022 Dimensiones de los cuadros plegados con ruedas:<\/span><\/strong><br \/>\n<strong><span style=\"color: #808080;\">\u2022 longitud 85 cm<\/span><\/strong><br \/>\n<strong><span style=\"color: #808080;\">\u2022 ancho 60 cm<\/span><\/strong><br \/>\n<strong><span style=\"color: #808080;\">\u2022 Altura 41 cm<\/span><\/strong><br \/>\n<strong><span style=\"color: #808080;\">\u2022 El peso del cuadro es de 11 kg.<\/span><\/strong><br \/>\n<strong><span style=\"color: #808080;\">\u2022 Peso del cochecito con capazo o silla de paseo: 15 kg\u00a0<\/span><\/strong><\/p>\n<p style=\"text-align: justify;\"><span style=\"color: #e14d43;\"><strong>Cochecito Dimension con capazo:<\/strong><\/span><\/p>\n<p style=\"text-align: justify;\"><strong><span style=\"color: #808080;\">\u2022 Ancho 60 cm<\/span><\/strong><br \/>\n<strong><span style=\"color: #808080;\">\u2022 Altura hasta el cap\u00f3: 128 cm<\/span><\/strong><br \/>\n<strong><span style=\"color: #808080;\">\u2022 Altura del asa: 103 cm<\/span><\/strong><\/p>\n<p style=\"text-align: justify;\"><span style=\"color: #e14d43;\"><strong>Capazo:<\/strong><\/span><\/p>\n<p style=\"text-align: justify;\"><strong><span style=\"color: #808080;\">\u2022 Capazo con funci\u00f3n de cuna y su bloqueo<\/span><\/strong><br \/>\n<strong><span style=\"color: #808080;\">\u2022 Altura del respaldo del capazo ajustable<\/span><\/strong><br \/>\n<strong><span style=\"color: #808080;\">\u2022 Cubierta ajustada para proteger contra condiciones clim\u00e1ticas adversas<\/span><\/strong><br \/>\n<strong><span style=\"color: #808080;\">\u2022 El asa en la capota permite transportar el capazo con el beb\u00e9.<\/span><\/strong><br \/>\n<strong><span style=\"color: #808080;\">\u2022 Funda impermeable<\/span><\/strong><br \/>\n<strong><span style=\"color: #808080;\">\u2022 Colch\u00f3n y forro delicado para capazo<\/span><\/strong><br \/>\n<strong><span style=\"color: #808080;\">\u2022 Dimensiones interiores: 86 cm de largo x 44 cm de ancho x 21 cm de alto<\/span><\/strong><br \/>\n<strong><span style=\"color: #808080;\">\u2022 peso 4 kg<\/span><\/strong><\/p>\n<p style=\"text-align: justify;\"><span style=\"color: #e14d43;\"><strong>Asiento deportivo:<\/strong><\/span><\/p>\n<p style=\"text-align: justify;\"><strong><span style=\"color: #808080;\">\u2022 cubrepiernas<\/span><\/strong><br \/>\n<strong><span style=\"color: #808080;\">\u2022 Capota ajustable y desmontable<\/span><\/strong><br \/>\n<strong><span style=\"color: #808080;\">\u2022 Barra de seguridad desmontable<\/span><\/strong><br \/>\n<strong><span style=\"color: #808080;\">\u2022 Ajuste del respaldo en 4 posiciones<\/span><\/strong><br \/>\n<strong><span style=\"color: #808080;\">\u2022 Reposapi\u00e9s ajustable<\/span><\/strong><br \/>\n<strong><span style=\"color: #808080;\">\u2022 Posici\u00f3n horizontal para el ni\u00f1o<\/span><\/strong><br \/>\n<strong><span style=\"color: #808080;\">\u2022 Arn\u00e9s ajustable de cinco puntos<\/span><\/strong><br \/>\n<strong><span style=\"color: #808080;\">\u2022 bolsillo en la parte trasera de la capucha<\/span><\/strong><br \/>\n<strong><span style=\"color: #808080;\">\u2022 Dimensiones desde el interior:<\/span><\/strong><br \/>\n<strong><span style=\"color: #808080;\">\u2022 Longitud: 90 cm (respaldo 47 cm, asiento 23 cm, reposapi\u00e9s 21 cm)<\/span><\/strong><br \/>\n<strong><span style=\"color: #808080;\">\u2022 ancho 42 cm<\/span><\/strong><br \/>\n<strong><span style=\"color: #808080;\">\u2022 peso 3,7 kg kg<\/span><\/strong><\/p>\n<p style=\"text-align: justify;\"><span style=\"color: #e14d43;\"><strong>Silla de coche con adaptador:<\/strong><\/span><\/p>\n<p style=\"text-align: justify;\"><strong><span style=\"color: #808080;\">\u2022 Arn\u00e9s de seguridad ajustable de tres puntos con protectores<\/span><\/strong><br \/>\n<strong><span style=\"color: #808080;\">\u2022 Capota y cubierta desmontables<\/span><\/strong><br \/>\n<strong><span style=\"color: #808080;\">\u2022 inserto para beb\u00e9s<\/span><\/strong><br \/>\n<strong><span style=\"color: #808080;\">\u2022 Mango ajustable<\/span><\/strong><br \/>\n<strong><span style=\"color: #808080;\">\u2022 Funci\u00f3n de cuna con bloqueo<\/span><\/strong><br \/>\n<strong><span style=\"color: #808080;\">\u2022 La silla de coche es apta para transportar ni\u00f1os en coche.<\/span><\/strong><br \/>\n<strong><span style=\"color: #808080;\">\u2022 Homologaci\u00f3n ECE R44\/04<\/span><\/strong><\/p>\n<p>&nbsp;<\/p>\n<p><a href=\"http:\/\/forbabyboss.com\/wp-content\/uploads\/2022\/09\/checkout.png\"><img loading=\"lazy\" decoding=\"async\" class=\"alignnone wp-image-5965\" src=\"http:\/\/forbabyboss.com\/wp-content\/uploads\/2022\/09\/checkout.png\" alt=\"\" width=\"992\" height=\"365\" srcset=\"https:\/\/forbabyboss.com\/wp-content\/uploads\/2022\/09\/checkout.png 750w, https:\/\/forbabyboss.com\/wp-content\/uploads\/2022\/09\/checkout-600x221.png 600w\" sizes=\"auto, (max-width: 992px) 100vw, 992px\" \/><\/a><\/p>","protected":false},"excerpt":{"rendered":"<p><a href=\"http:\/\/forbabyboss.com\/wp-content\/uploads\/2022\/09\/Star-Rating-5.png\"><img loading=\"lazy\" decoding=\"async\" class=\"alignnone size-full wp-image-5973 aligncenter\" src=\"http:\/\/forbabyboss.com\/wp-content\/uploads\/2022\/09\/Star-Rating-5.png\" alt=\"\" width=\"275\" height=\"45\" \/><\/a><\/p>\n<p style=\"text-align: center;\"><span style=\"color: #ed1c24; font-size: 120%;\"><b>GARANT\u00cdA DE IGUALACI\u00d3N DE PRECIOS<\/b><\/span><\/p>\n<p style=\"text-align: center;\"><span style=\"font-size: 115%;\"><span style=\"font-weight: 400; color: #4f4fa7;\">Env\u00edo gratuito<\/span><span style=\"font-weight: 400;\"> \u2013 2 \u2013 7 d\u00edas<\/span><\/span><\/p>\n<p style=\"text-align: center;\"><strong><span style=\"color: #29606b;\">Regalo gratis con compras superiores a 100 \u00a3<\/span><\/strong><\/p>","protected":false},"featured_media":5840,"template":"","meta":[],"product_brand":[577],"product_cat":[338,339,156,305,210,303,130,209,221,211],"product_tag":[163,199],"class_list":{"0":"post-5839","1":"product","2":"type-product","3":"status-publish","4":"has-post-thumbnail","6":"product_brand-kunert","7":"product_cat-600-to-700","8":"product_cat-700-to-800","9":"product_cat-3-in-1","10":"product_cat-colour","11":"product_cat-grey","12":"product_cat-pattern","13":"product_cat-prams","14":"product_cat-push-chairs","15":"product_cat-silver-colour","16":"product_cat-stroller","17":"product_tag-3-in-1-prams","18":"product_tag-prams","20":"first","21":"instock","22":"sale","23":"shipping-taxable","24":"purchasable","25":"product-type-simple"},"yoast_head":"<!-- This site is optimized with the Yoast SEO plugin v27.5 - https:\/\/yoast.com\/product\/yoast-seo-wordpress\/ -->\n<title>New Baby Pram Retro Set Classic Pushchair 3in1 Travel System Grey &amp; Flower Silver Frame - For Baby Boss<\/title>\n<meta name=\"description\" content=\"New Baby Pram Retro Set Classic Pushchair 3in1 Travel System Grey &amp; Flower Silver Frame\" \/>\n<meta name=\"robots\" content=\"index, follow, max-snippet:-1, max-image-preview:large, max-video-preview:-1\" \/>\n<link rel=\"canonical\" href=\"https:\/\/forbabyboss.com\/es\/product\/nuevo-cochecito-de-bebe-conjunto-retro-silla-de-paseo-clasica-3-en-1-sistema-de-viaje-color-gris-con-estampado-floral-y-estructura-plateada\/\" \/>\n<meta property=\"og:locale\" content=\"es_ES\" \/>\n<meta property=\"og:type\" content=\"article\" \/>\n<meta property=\"og:title\" content=\"New Baby Pram Retro Set Classic Pushchair 3in1 Travel System Grey &amp; Flower Silver Frame - For Baby Boss\" \/>\n<meta property=\"og:description\" content=\"New Baby Pram Retro Set Classic Pushchair 3in1 Travel System Grey &amp; Flower Silver Frame\" \/>\n<meta property=\"og:url\" content=\"https:\/\/forbabyboss.com\/es\/product\/nuevo-cochecito-de-bebe-conjunto-retro-silla-de-paseo-clasica-3-en-1-sistema-de-viaje-color-gris-con-estampado-floral-y-estructura-plateada\/\" \/>\n<meta property=\"og:site_name\" content=\"For Baby Boss\" \/>\n<meta property=\"article:modified_time\" content=\"2026-02-18T17:53:14+00:00\" \/>\n<meta property=\"og:image\" content=\"https:\/\/forbabyboss.com\/wp-content\/uploads\/2022\/09\/Baby-Pram-Retro-Buggy-Set-Classic-Pushchair-3in1Travel-System-NEW-2022-FREEBIES-Grey-Flowers-silver-frame.png\" \/>\n\t<meta property=\"og:image:width\" content=\"1600\" \/>\n\t<meta property=\"og:image:height\" content=\"1600\" \/>\n\t<meta property=\"og:image:type\" content=\"image\/png\" \/>\n<meta name=\"twitter:card\" content=\"summary_large_image\" \/>\n<meta name=\"twitter:label1\" content=\"Tiempo de lectura\" \/>\n\t<meta name=\"twitter:data1\" content=\"3 minutos\" \/>\n<script type=\"application\/ld+json\" class=\"yoast-schema-graph\">{\"@context\":\"https:\\\/\\\/schema.org\",\"@graph\":[{\"@type\":\"WebPage\",\"@id\":\"https:\\\/\\\/forbabyboss.com\\\/product\\\/new-baby-pram-retro-set-classic-pushchair-3in1-travel-system-grey-flower-silver-frame\\\/\",\"url\":\"https:\\\/\\\/forbabyboss.com\\\/product\\\/new-baby-pram-retro-set-classic-pushchair-3in1-travel-system-grey-flower-silver-frame\\\/\",\"name\":\"New Baby Pram Retro Set Classic Pushchair 3in1 Travel System Grey & Flower Silver Frame - For Baby Boss\",\"isPartOf\":{\"@id\":\"https:\\\/\\\/powderblue-seahorse-496884.hostingersite.com\\\/#website\"},\"primaryImageOfPage\":{\"@id\":\"https:\\\/\\\/forbabyboss.com\\\/product\\\/new-baby-pram-retro-set-classic-pushchair-3in1-travel-system-grey-flower-silver-frame\\\/#primaryimage\"},\"image\":{\"@id\":\"https:\\\/\\\/forbabyboss.com\\\/product\\\/new-baby-pram-retro-set-classic-pushchair-3in1-travel-system-grey-flower-silver-frame\\\/#primaryimage\"},\"thumbnailUrl\":\"https:\\\/\\\/forbabyboss.com\\\/wp-content\\\/uploads\\\/2022\\\/09\\\/Baby-Pram-Retro-Buggy-Set-Classic-Pushchair-3in1Travel-System-NEW-2022-FREEBIES-Grey-Flowers-silver-frame.png\",\"datePublished\":\"2022-09-15T10:14:35+00:00\",\"dateModified\":\"2026-02-18T17:53:14+00:00\",\"description\":\"New Baby Pram Retro Set Classic Pushchair 3in1 Travel System Grey & Flower Silver Frame\",\"breadcrumb\":{\"@id\":\"https:\\\/\\\/forbabyboss.com\\\/product\\\/new-baby-pram-retro-set-classic-pushchair-3in1-travel-system-grey-flower-silver-frame\\\/#breadcrumb\"},\"inLanguage\":\"es\",\"potentialAction\":[{\"@type\":\"ReadAction\",\"target\":[\"https:\\\/\\\/forbabyboss.com\\\/product\\\/new-baby-pram-retro-set-classic-pushchair-3in1-travel-system-grey-flower-silver-frame\\\/\"]}]},{\"@type\":\"ImageObject\",\"inLanguage\":\"es\",\"@id\":\"https:\\\/\\\/forbabyboss.com\\\/product\\\/new-baby-pram-retro-set-classic-pushchair-3in1-travel-system-grey-flower-silver-frame\\\/#primaryimage\",\"url\":\"https:\\\/\\\/forbabyboss.com\\\/wp-content\\\/uploads\\\/2022\\\/09\\\/Baby-Pram-Retro-Buggy-Set-Classic-Pushchair-3in1Travel-System-NEW-2022-FREEBIES-Grey-Flowers-silver-frame.png\",\"contentUrl\":\"https:\\\/\\\/forbabyboss.com\\\/wp-content\\\/uploads\\\/2022\\\/09\\\/Baby-Pram-Retro-Buggy-Set-Classic-Pushchair-3in1Travel-System-NEW-2022-FREEBIES-Grey-Flowers-silver-frame.png\",\"width\":1600,\"height\":1600},{\"@type\":\"BreadcrumbList\",\"@id\":\"https:\\\/\\\/forbabyboss.com\\\/product\\\/new-baby-pram-retro-set-classic-pushchair-3in1-travel-system-grey-flower-silver-frame\\\/#breadcrumb\",\"itemListElement\":[{\"@type\":\"ListItem\",\"position\":1,\"name\":\"Home\",\"item\":\"https:\\\/\\\/forbabyboss.com\\\/\"},{\"@type\":\"ListItem\",\"position\":2,\"name\":\"Shop\",\"item\":\"https:\\\/\\\/forbabyboss.com\\\/shop\\\/\"},{\"@type\":\"ListItem\",\"position\":3,\"name\":\"New Baby Pram Retro Set Classic Pushchair 3in1 Travel System Grey &#038; Flower Silver Frame\"}]},{\"@type\":\"WebSite\",\"@id\":\"https:\\\/\\\/powderblue-seahorse-496884.hostingersite.com\\\/#website\",\"url\":\"https:\\\/\\\/powderblue-seahorse-496884.hostingersite.com\\\/\",\"name\":\"For Baby Boss\",\"description\":\"Beautiful gifts and accessories for your baby boss\",\"potentialAction\":[{\"@type\":\"SearchAction\",\"target\":{\"@type\":\"EntryPoint\",\"urlTemplate\":\"https:\\\/\\\/powderblue-seahorse-496884.hostingersite.com\\\/?s={search_term_string}\"},\"query-input\":{\"@type\":\"PropertyValueSpecification\",\"valueRequired\":true,\"valueName\":\"search_term_string\"}}],\"inLanguage\":\"es\"}]}<\/script>\n<!-- \/ Yoast SEO plugin. -->","yoast_head_json":{"title":"Nuevo conjunto de cochecito de beb\u00e9 retro, silla de paseo cl\u00e1sica 3 en 1, sistema de viaje, gris y estampado floral, estructura plateada - Para Baby Boss","description":"Nuevo cochecito de beb\u00e9 estilo retro, silla de paseo cl\u00e1sica 3 en 1, sistema de viaje, color gris y estampado floral, estructura plateada.","robots":{"index":"index","follow":"follow","max-snippet":"max-snippet:-1","max-image-preview":"max-image-preview:large","max-video-preview":"max-video-preview:-1"},"canonical":"https:\/\/forbabyboss.com\/es\/product\/nuevo-cochecito-de-bebe-conjunto-retro-silla-de-paseo-clasica-3-en-1-sistema-de-viaje-color-gris-con-estampado-floral-y-estructura-plateada\/","og_locale":"es_ES","og_type":"article","og_title":"New Baby Pram Retro Set Classic Pushchair 3in1 Travel System Grey & Flower Silver Frame - For Baby Boss","og_description":"New Baby Pram Retro Set Classic Pushchair 3in1 Travel System Grey & Flower Silver Frame","og_url":"https:\/\/forbabyboss.com\/es\/product\/nuevo-cochecito-de-bebe-conjunto-retro-silla-de-paseo-clasica-3-en-1-sistema-de-viaje-color-gris-con-estampado-floral-y-estructura-plateada\/","og_site_name":"For Baby Boss","article_modified_time":"2026-02-18T17:53:14+00:00","og_image":[{"width":1600,"height":1600,"url":"https:\/\/forbabyboss.com\/wp-content\/uploads\/2022\/09\/Baby-Pram-Retro-Buggy-Set-Classic-Pushchair-3in1Travel-System-NEW-2022-FREEBIES-Grey-Flowers-silver-frame.png","type":"image\/png"}],"twitter_card":"summary_large_image","twitter_misc":{"Tiempo de lectura":"3 minutos"},"schema":{"@context":"https:\/\/schema.org","@graph":[{"@type":"WebPage","@id":"https:\/\/forbabyboss.com\/product\/new-baby-pram-retro-set-classic-pushchair-3in1-travel-system-grey-flower-silver-frame\/","url":"https:\/\/forbabyboss.com\/product\/new-baby-pram-retro-set-classic-pushchair-3in1-travel-system-grey-flower-silver-frame\/","name":"Nuevo conjunto de cochecito de beb\u00e9 retro, silla de paseo cl\u00e1sica 3 en 1, sistema de viaje, gris y estampado floral, estructura plateada - Para Baby Boss","isPartOf":{"@id":"https:\/\/powderblue-seahorse-496884.hostingersite.com\/#website"},"primaryImageOfPage":{"@id":"https:\/\/forbabyboss.com\/product\/new-baby-pram-retro-set-classic-pushchair-3in1-travel-system-grey-flower-silver-frame\/#primaryimage"},"image":{"@id":"https:\/\/forbabyboss.com\/product\/new-baby-pram-retro-set-classic-pushchair-3in1-travel-system-grey-flower-silver-frame\/#primaryimage"},"thumbnailUrl":"https:\/\/forbabyboss.com\/wp-content\/uploads\/2022\/09\/Baby-Pram-Retro-Buggy-Set-Classic-Pushchair-3in1Travel-System-NEW-2022-FREEBIES-Grey-Flowers-silver-frame.png","datePublished":"2022-09-15T10:14:35+00:00","dateModified":"2026-02-18T17:53:14+00:00","description":"Nuevo cochecito de beb\u00e9 estilo retro, silla de paseo cl\u00e1sica 3 en 1, sistema de viaje, color gris y estampado floral, estructura plateada.","breadcrumb":{"@id":"https:\/\/forbabyboss.com\/product\/new-baby-pram-retro-set-classic-pushchair-3in1-travel-system-grey-flower-silver-frame\/#breadcrumb"},"inLanguage":"es","potentialAction":[{"@type":"ReadAction","target":["https:\/\/forbabyboss.com\/product\/new-baby-pram-retro-set-classic-pushchair-3in1-travel-system-grey-flower-silver-frame\/"]}]},{"@type":"ImageObject","inLanguage":"es","@id":"https:\/\/forbabyboss.com\/product\/new-baby-pram-retro-set-classic-pushchair-3in1-travel-system-grey-flower-silver-frame\/#primaryimage","url":"https:\/\/forbabyboss.com\/wp-content\/uploads\/2022\/09\/Baby-Pram-Retro-Buggy-Set-Classic-Pushchair-3in1Travel-System-NEW-2022-FREEBIES-Grey-Flowers-silver-frame.png","contentUrl":"https:\/\/forbabyboss.com\/wp-content\/uploads\/2022\/09\/Baby-Pram-Retro-Buggy-Set-Classic-Pushchair-3in1Travel-System-NEW-2022-FREEBIES-Grey-Flowers-silver-frame.png","width":1600,"height":1600},{"@type":"BreadcrumbList","@id":"https:\/\/forbabyboss.com\/product\/new-baby-pram-retro-set-classic-pushchair-3in1-travel-system-grey-flower-silver-frame\/#breadcrumb","itemListElement":[{"@type":"ListItem","position":1,"name":"Home","item":"https:\/\/forbabyboss.com\/"},{"@type":"ListItem","position":2,"name":"Shop","item":"https:\/\/forbabyboss.com\/shop\/"},{"@type":"ListItem","position":3,"name":"New Baby Pram Retro Set Classic Pushchair 3in1 Travel System Grey &#038; Flower Silver Frame"}]},{"@type":"WebSite","@id":"https:\/\/powderblue-seahorse-496884.hostingersite.com\/#website","url":"https:\/\/powderblue-seahorse-496884.hostingersite.com\/","name":"Para el beb\u00e9 jefe","description":"Hermosos regalos y accesorios para tu beb\u00e9 jefe.","potentialAction":[{"@type":"SearchAction","target":{"@type":"EntryPoint","urlTemplate":"https:\/\/powderblue-seahorse-496884.hostingersite.com\/?s={search_term_string}"},"query-input":{"@type":"PropertyValueSpecification","valueRequired":true,"valueName":"search_term_string"}}],"inLanguage":"es"}]}},"_links":{"self":[{"href":"https:\/\/forbabyboss.com\/es\/wp-json\/wp\/v2\/product\/5839","targetHints":{"allow":["GET"]}}],"collection":[{"href":"https:\/\/forbabyboss.com\/es\/wp-json\/wp\/v2\/product"}],"about":[{"href":"https:\/\/forbabyboss.com\/es\/wp-json\/wp\/v2\/types\/product"}],"wp:featuredmedia":[{"embeddable":true,"href":"https:\/\/forbabyboss.com\/es\/wp-json\/wp\/v2\/media\/5840"}],"wp:attachment":[{"href":"https:\/\/forbabyboss.com\/es\/wp-json\/wp\/v2\/media?parent=5839"}],"wp:term":[{"taxonomy":"product_brand","embeddable":true,"href":"https:\/\/forbabyboss.com\/es\/wp-json\/wp\/v2\/product_brand?post=5839"},{"taxonomy":"product_cat","embeddable":true,"href":"https:\/\/forbabyboss.com\/es\/wp-json\/wp\/v2\/product_cat?post=5839"},{"taxonomy":"product_tag","embeddable":true,"href":"https:\/\/forbabyboss.com\/es\/wp-json\/wp\/v2\/product_tag?post=5839"}],"curies":[{"name":"wp","href":"https:\/\/api.w.org\/{rel}","templated":true}]}}