{"id":5852,"date":"2022-09-25T12:11:53","date_gmt":"2022-09-25T12:11:53","guid":{"rendered":"http:\/\/forbabyboss.com\/?post_type=product&#038;p=5852"},"modified":"2026-02-21T08:42:41","modified_gmt":"2026-02-21T08:42:41","slug":"cochecito-de-bebe-clasico-plegable-3-en-1-para-viaje-color-verde","status":"publish","type":"product","link":"https:\/\/forbabyboss.com\/es\/product\/3-in1-travel-set-folding-classic-baby-pram-in-green\/","title":{"rendered":"Cochecito de beb\u00e9 cl\u00e1sico plegable 3 en 1 para viaje, color verde."},"content":{"rendered":"<h2 style=\"text-align: justify;\"><span style=\"color: #e14d43;\"><strong>Cochecito profundo<\/strong><\/span><\/h2>\n<p style=\"text-align: justify;\"><strong><span style=\"color: #000000;\">Se trata de una estructura ligera de aluminio con una g\u00f3ndola, destinada principalmente al transporte seguro de reci\u00e9n nacidos y lactantes de hasta 9 kg.<\/span><\/strong><br \/>\n<strong><span style=\"color: #000000;\">La g\u00f3ndola Axel cuenta con un toldo desplegable y un forro suave de algod\u00f3n que se puede quitar f\u00e1cilmente para lavarlo.<\/span><\/strong><br \/>\n<strong><span style=\"color: #000000;\">La cabina est\u00e1 equipada con una ventana de ventilaci\u00f3n que se puede abrir.<\/span><\/strong><br \/>\n<strong><span style=\"color: #000000;\">Adem\u00e1s, la cubierta de la g\u00f3ndola act\u00faa como captador de viento.<\/span><\/strong><br \/>\n<strong><span style=\"color: #000000;\">La g\u00f3ndola tambi\u00e9n cuenta con un respaldo con ajuste de altura suave.<\/span><\/strong><\/p>\n<h2 style=\"text-align: justify;\"><span style=\"color: #e14d43;\"><strong>Caracter\u00edsticas del capazo:<\/strong><\/span><\/h2>\n<p style=\"text-align: justify;\"><strong><span style=\"color: #000000;\">\u2713 Toldo plegable: protege al ni\u00f1o del sol y la lluvia.<\/span><\/strong><br \/>\n<strong><span style=\"color: #000000;\">\u2713 Forro de algod\u00f3n: proporciona la m\u00e1xima comodidad para viajar (se puede quitar f\u00e1cilmente para lavarlo).<\/span><\/strong><br \/>\n<strong><span style=\"color: #000000;\">\u2713 Ventana de ventilaci\u00f3n: proporciona aire fresco dentro del carrito.<\/span><\/strong><br \/>\n<strong><span style=\"color: #000000;\">\u2713 Funda: protege al ni\u00f1o del viento y del fr\u00edo.<\/span><\/strong><br \/>\n<strong><span style=\"color: #000000;\">\u2713 Capazo con funci\u00f3n de cuna: permite mecer al ni\u00f1o (se puede bloquear desplegando las patas laterales).<\/span><\/strong><br \/>\n<strong><span style=\"color: #000000;\">\u2713 Capazo con asa revestida de piel ecol\u00f3gica, que permite un transporte c\u00f3modo.<\/span><\/strong><\/p>\n<h2 style=\"text-align: justify;\"><span style=\"color: #e14d43;\"><strong>Asiento de coche<\/strong><\/span><\/h2>\n<p style=\"text-align: justify;\"><strong><span style=\"color: #000000;\">Est\u00e1 dise\u00f1ado para ni\u00f1os de hasta 10 kg. Cuenta con la homologaci\u00f3n ECE R44\/04, que confirma que cumple con estrictas normas de seguridad y puede utilizarse para el transporte seguro de un ni\u00f1o en coche. Adem\u00e1s, la silla de coche se puede montar en el chasis del cochecito mirando hacia adelante o hacia atr\u00e1s mediante los adaptadores incluidos.<\/span><\/strong><\/p>\n<p><strong><span style=\"color: #000000;\">\u2713 Inserto adicional para beb\u00e9s: permite el transporte seguro de reci\u00e9n nacidos.<\/span><\/strong><br \/>\n<strong><span style=\"color: #000000;\">\u2713 Mango ajustable: se caracteriza por su m\u00e1xima ergonom\u00eda (puede colocarse en posici\u00f3n de apoyo).<\/span><\/strong><br \/>\n<strong><span style=\"color: #000000;\">\u2713 Funci\u00f3n de cuna: gracias a una base con perfil especial.<\/span><\/strong><br \/>\n<strong><span style=\"color: #000000;\">\u2713 Funda para las piernas con elementos reflectantes: protege del fr\u00edo (desmontable).<\/span><\/strong><br \/>\n<strong><span style=\"color: #000000;\">\u2713 Visera desmontable para lluvia y sol: protege al ni\u00f1o de las inclemencias del tiempo.<\/span><\/strong><br \/>\n<strong><span style=\"color: #000000;\">\u2713 Cinturones de seguridad de tres puntos con ajuste central de longitud: garantizan la seguridad durante el viaje.<\/span><\/strong><br \/>\n<strong><span style=\"color: #000000;\">\u2713 Fundas adicionales para las correas de los hombros: para mayor comodidad durante los viajes.<\/span><\/strong><br \/>\n<strong><span style=\"color: #000000;\">\u2713 Adaptadores: permiten montar el asiento en el chasis del cochecito.<\/span><\/strong><\/p>\n<h2 style=\"text-align: justify;\"><span style=\"color: #e14d43;\"><strong>Paseante<\/strong><\/span><\/h2>\n<p style=\"text-align: justify;\"><strong><span style=\"color: #000000;\">Este cochecito es perfecto para un ni\u00f1o un poco mayor que pese hasta 15 kg. Axel permite dos opciones de montaje: mirando hacia adelante o hacia atr\u00e1s, seg\u00fan sus preferencias.<\/span><\/strong><br \/>\n<strong><span style=\"color: #000000;\">Un parasol plegable y una cubierta con funci\u00f3n cortavientos proteger\u00e1n a su hijo de las inclemencias del tiempo.<\/span><\/strong><\/p>\n<p><strong><span style=\"color: #000000;\">\u2713 Cinturones de seguridad de cinco puntos con almohadillas suaves: protegen y garantizan la comodidad durante el viaje.<\/span><\/strong><br \/>\n<strong><span style=\"color: #000000;\">\u2713 Barrera y reposapi\u00e9s de cuero ecol\u00f3gico: resistentes a los da\u00f1os y f\u00e1ciles de limpiar.<\/span><\/strong><br \/>\n<strong><span style=\"color: #000000;\">\u2713 Reposapi\u00e9s ajustable: para una posici\u00f3n \u00f3ptima<\/span><\/strong><br \/>\n<strong><span style=\"color: #000000;\">\u2713 Respaldo ajustable en cuatro posiciones: proporciona una posici\u00f3n \u00f3ptima y aumenta la comodidad del ni\u00f1o.<\/span><\/strong><br \/>\n<strong><span style=\"color: #000000;\">\u2713 Chasis con suspensi\u00f3n suave: protege al ni\u00f1o de golpes desagradables al circular por superficies irregulares.<\/span><\/strong><\/p>\n<h2 style=\"text-align: justify;\"><span style=\"color: #e14d43;\"><strong>Chasis de cochecito<\/strong><\/span><\/h2>\n<p style=\"text-align: justify;\"><strong><span style=\"color: #000000;\">La construcci\u00f3n del carrito est\u00e1 hecha de aluminio ligero, mientras que el innovador sistema giratorio,<\/span><\/strong><br \/>\n<strong><span style=\"color: #000000;\">Las ruedas con rodamientos de bolas y neum\u00e1tico de poliuretano son las responsables del suave movimiento del carrito. Las ruedas de este tipo tienen todas las propiedades de las ruedas con c\u00e1mara y, adem\u00e1s, ,<\/span><\/strong><br \/>\n<strong><span style=\"color: #000000;\">No se pinchan. Por lo tanto, no dan problemas, no requieren mantenimiento y son muy duraderos. Adem\u00e1s, cuentan con un tope para conducir en l\u00ednea recta.<\/span><\/strong><\/p>\n<p><span style=\"color: #e14d43;\"><strong>Caracter\u00edsticas del marco:<\/strong><\/span><\/p>\n<p><strong><span style=\"color: #000000;\">\u2713Estructura de aluminio s\u00f3lida y ligera<\/span><\/strong><br \/>\n<strong><span style=\"color: #000000;\">\u2713Manillar ajustable recubierto de cuero ecol\u00f3gico: permite ajustar f\u00e1cilmente el cochecito a tu altura.<\/span><\/strong><br \/>\n<strong><span style=\"color: #000000;\">\u2713Suspensi\u00f3n suave: un innovador sistema de absorci\u00f3n de impactos garantiza la m\u00e1xima comodidad en el viaje.<\/span><\/strong><br \/>\n<strong><span style=\"color: #000000;\">\u2713 Freno central (Easy Stop): permite bloquear r\u00e1pidamente las ruedas del carrito.<\/span><\/strong><br \/>\n<strong><span style=\"color: #000000;\">\u2713la posibilidad de instalar la plataforma para carrito: esta funci\u00f3n resultar\u00e1 \u00fatil cuando el ni\u00f1o tenga un hermano o hermana mayor.<\/span><\/strong><br \/>\n<strong><span style=\"color: #000000;\">\u2713Estructura plegable: cuando est\u00e1 plegada, ocupa poco espacio y cabe en el maletero del coche.<\/span><\/strong><\/p>\n<p>&nbsp;<\/p>\n<p><a href=\"http:\/\/forbabyboss.com\/wp-content\/uploads\/2022\/09\/checkout.png\"><img loading=\"lazy\" decoding=\"async\" class=\"alignnone wp-image-5965\" src=\"http:\/\/forbabyboss.com\/wp-content\/uploads\/2022\/09\/checkout.png\" alt=\"\" width=\"970\" height=\"357\" srcset=\"https:\/\/forbabyboss.com\/wp-content\/uploads\/2022\/09\/checkout.png 750w, https:\/\/forbabyboss.com\/wp-content\/uploads\/2022\/09\/checkout-600x221.png 600w\" sizes=\"auto, (max-width: 970px) 100vw, 970px\" \/><\/a><\/p>\n<p style=\"text-align: justify;\">","protected":false},"excerpt":{"rendered":"<p><a href=\"http:\/\/forbabyboss.com\/wp-content\/uploads\/2022\/09\/Star-Rating-5.png\"><img loading=\"lazy\" decoding=\"async\" class=\"alignnone size-full wp-image-5973 aligncenter\" src=\"http:\/\/forbabyboss.com\/wp-content\/uploads\/2022\/09\/Star-Rating-5.png\" alt=\"\" width=\"275\" height=\"45\" \/><\/a><\/p>\n<p style=\"text-align: center;\"><span style=\"color: #ed1c24; font-size: 120%;\"><b>GARANT\u00cdA DE IGUALACI\u00d3N DE PRECIOS<\/b><\/span><\/p>\n<p style=\"text-align: center;\"><span style=\"font-size: 115%;\"><span style=\"font-weight: 400; color: #4f4fa7;\">Env\u00edo gratuito<\/span><span style=\"font-weight: 400;\"> \u2013 2 \u2013 7 d\u00edas<\/span><\/span><\/p>\n<p style=\"text-align: center;\"><strong><span style=\"color: #29606b;\">Regalo gratis con compras superiores a 100 \u00a3<\/span><\/strong><\/p>","protected":false},"featured_media":5858,"template":"","meta":[],"product_brand":[370],"product_cat":[337,339,156,305,244,303,130,209,211],"product_tag":[],"class_list":{"0":"post-5852","1":"product","2":"type-product","3":"status-publish","4":"has-post-thumbnail","6":"product_brand-babylux","7":"product_cat-500-to-600","8":"product_cat-700-to-800","9":"product_cat-3-in-1","10":"product_cat-colour","11":"product_cat-green","12":"product_cat-pattern","13":"product_cat-prams","14":"product_cat-push-chairs","15":"product_cat-stroller","17":"first","18":"instock","19":"sale","20":"shipping-taxable","21":"purchasable","22":"product-type-simple"},"yoast_head":"<!-- This site is optimized with the Yoast SEO plugin v27.5 - https:\/\/yoast.com\/product\/yoast-seo-wordpress\/ -->\n<title>3 in1 Travel Set Folding Classic Baby Pram in Green - For Baby Boss<\/title>\n<meta name=\"description\" content=\"3 in1 Travel Set Folding Classic Baby Pram in Green\" \/>\n<meta name=\"robots\" content=\"index, follow, max-snippet:-1, max-image-preview:large, max-video-preview:-1\" \/>\n<link rel=\"canonical\" href=\"https:\/\/forbabyboss.com\/es\/product\/cochecito-de-bebe-clasico-plegable-3-en-1-para-viaje-color-verde\/\" \/>\n<meta property=\"og:locale\" content=\"es_ES\" \/>\n<meta property=\"og:type\" content=\"article\" \/>\n<meta property=\"og:title\" content=\"3 in1 Travel Set Folding Classic Baby Pram in Green - For Baby Boss\" \/>\n<meta property=\"og:description\" content=\"3 in1 Travel Set Folding Classic Baby Pram in Green\" \/>\n<meta property=\"og:url\" content=\"https:\/\/forbabyboss.com\/es\/product\/cochecito-de-bebe-clasico-plegable-3-en-1-para-viaje-color-verde\/\" \/>\n<meta property=\"og:site_name\" content=\"For Baby Boss\" \/>\n<meta property=\"article:modified_time\" content=\"2026-02-21T08:42:41+00:00\" \/>\n<meta property=\"og:image\" content=\"https:\/\/forbabyboss.com\/wp-content\/uploads\/2022\/09\/Baby-Pram-Classic-Buggy-Retro-Pushchair-3-in1-Travel-Set-Folding-Newborns-Green-main-800x800.png\" \/>\n\t<meta property=\"og:image:width\" content=\"800\" \/>\n\t<meta property=\"og:image:height\" content=\"800\" \/>\n\t<meta property=\"og:image:type\" content=\"image\/png\" \/>\n<meta name=\"twitter:card\" content=\"summary_large_image\" \/>\n<meta name=\"twitter:label1\" content=\"Tiempo de lectura\" \/>\n\t<meta name=\"twitter:data1\" content=\"3 minutos\" \/>\n<script type=\"application\/ld+json\" class=\"yoast-schema-graph\">{\"@context\":\"https:\\\/\\\/schema.org\",\"@graph\":[{\"@type\":\"WebPage\",\"@id\":\"https:\\\/\\\/forbabyboss.com\\\/product\\\/3-in1-travel-set-folding-classic-baby-pram-in-green\\\/\",\"url\":\"https:\\\/\\\/forbabyboss.com\\\/product\\\/3-in1-travel-set-folding-classic-baby-pram-in-green\\\/\",\"name\":\"3 in1 Travel Set Folding Classic Baby Pram in Green - For Baby Boss\",\"isPartOf\":{\"@id\":\"https:\\\/\\\/powderblue-seahorse-496884.hostingersite.com\\\/#website\"},\"primaryImageOfPage\":{\"@id\":\"https:\\\/\\\/forbabyboss.com\\\/product\\\/3-in1-travel-set-folding-classic-baby-pram-in-green\\\/#primaryimage\"},\"image\":{\"@id\":\"https:\\\/\\\/forbabyboss.com\\\/product\\\/3-in1-travel-set-folding-classic-baby-pram-in-green\\\/#primaryimage\"},\"thumbnailUrl\":\"https:\\\/\\\/forbabyboss.com\\\/wp-content\\\/uploads\\\/2022\\\/09\\\/Baby-Pram-Classic-Buggy-Retro-Pushchair-3-in1-Travel-Set-Folding-Newborns-Green-main.png\",\"datePublished\":\"2022-09-25T12:11:53+00:00\",\"dateModified\":\"2026-02-21T08:42:41+00:00\",\"description\":\"3 in1 Travel Set Folding Classic Baby Pram in Green\",\"breadcrumb\":{\"@id\":\"https:\\\/\\\/forbabyboss.com\\\/product\\\/3-in1-travel-set-folding-classic-baby-pram-in-green\\\/#breadcrumb\"},\"inLanguage\":\"es\",\"potentialAction\":[{\"@type\":\"ReadAction\",\"target\":[\"https:\\\/\\\/forbabyboss.com\\\/product\\\/3-in1-travel-set-folding-classic-baby-pram-in-green\\\/\"]}]},{\"@type\":\"ImageObject\",\"inLanguage\":\"es\",\"@id\":\"https:\\\/\\\/forbabyboss.com\\\/product\\\/3-in1-travel-set-folding-classic-baby-pram-in-green\\\/#primaryimage\",\"url\":\"https:\\\/\\\/forbabyboss.com\\\/wp-content\\\/uploads\\\/2022\\\/09\\\/Baby-Pram-Classic-Buggy-Retro-Pushchair-3-in1-Travel-Set-Folding-Newborns-Green-main.png\",\"contentUrl\":\"https:\\\/\\\/forbabyboss.com\\\/wp-content\\\/uploads\\\/2022\\\/09\\\/Baby-Pram-Classic-Buggy-Retro-Pushchair-3-in1-Travel-Set-Folding-Newborns-Green-main.png\",\"width\":1600,\"height\":1600},{\"@type\":\"BreadcrumbList\",\"@id\":\"https:\\\/\\\/forbabyboss.com\\\/product\\\/3-in1-travel-set-folding-classic-baby-pram-in-green\\\/#breadcrumb\",\"itemListElement\":[{\"@type\":\"ListItem\",\"position\":1,\"name\":\"Home\",\"item\":\"https:\\\/\\\/forbabyboss.com\\\/\"},{\"@type\":\"ListItem\",\"position\":2,\"name\":\"Shop\",\"item\":\"https:\\\/\\\/forbabyboss.com\\\/shop\\\/\"},{\"@type\":\"ListItem\",\"position\":3,\"name\":\"3 in1 Travel Set Folding Classic Baby Pram in Green\"}]},{\"@type\":\"WebSite\",\"@id\":\"https:\\\/\\\/powderblue-seahorse-496884.hostingersite.com\\\/#website\",\"url\":\"https:\\\/\\\/powderblue-seahorse-496884.hostingersite.com\\\/\",\"name\":\"For Baby Boss\",\"description\":\"Beautiful gifts and accessories for your baby boss\",\"potentialAction\":[{\"@type\":\"SearchAction\",\"target\":{\"@type\":\"EntryPoint\",\"urlTemplate\":\"https:\\\/\\\/powderblue-seahorse-496884.hostingersite.com\\\/?s={search_term_string}\"},\"query-input\":{\"@type\":\"PropertyValueSpecification\",\"valueRequired\":true,\"valueName\":\"search_term_string\"}}],\"inLanguage\":\"es\"}]}<\/script>\n<!-- \/ Yoast SEO plugin. -->","yoast_head_json":{"title":"Conjunto de viaje 3 en 1: Cochecito cl\u00e1sico plegable para beb\u00e9 en color verde - Para Baby Boss","description":"Cochecito de beb\u00e9 cl\u00e1sico plegable 3 en 1 para viaje, color verde.","robots":{"index":"index","follow":"follow","max-snippet":"max-snippet:-1","max-image-preview":"max-image-preview:large","max-video-preview":"max-video-preview:-1"},"canonical":"https:\/\/forbabyboss.com\/es\/product\/cochecito-de-bebe-clasico-plegable-3-en-1-para-viaje-color-verde\/","og_locale":"es_ES","og_type":"article","og_title":"3 in1 Travel Set Folding Classic Baby Pram in Green - For Baby Boss","og_description":"3 in1 Travel Set Folding Classic Baby Pram in Green","og_url":"https:\/\/forbabyboss.com\/es\/product\/cochecito-de-bebe-clasico-plegable-3-en-1-para-viaje-color-verde\/","og_site_name":"For Baby Boss","article_modified_time":"2026-02-21T08:42:41+00:00","og_image":[{"width":800,"height":800,"url":"https:\/\/forbabyboss.com\/wp-content\/uploads\/2022\/09\/Baby-Pram-Classic-Buggy-Retro-Pushchair-3-in1-Travel-Set-Folding-Newborns-Green-main-800x800.png","type":"image\/png"}],"twitter_card":"summary_large_image","twitter_misc":{"Tiempo de lectura":"3 minutos"},"schema":{"@context":"https:\/\/schema.org","@graph":[{"@type":"WebPage","@id":"https:\/\/forbabyboss.com\/product\/3-in1-travel-set-folding-classic-baby-pram-in-green\/","url":"https:\/\/forbabyboss.com\/product\/3-in1-travel-set-folding-classic-baby-pram-in-green\/","name":"Conjunto de viaje 3 en 1: Cochecito cl\u00e1sico plegable para beb\u00e9 en color verde - Para Baby Boss","isPartOf":{"@id":"https:\/\/powderblue-seahorse-496884.hostingersite.com\/#website"},"primaryImageOfPage":{"@id":"https:\/\/forbabyboss.com\/product\/3-in1-travel-set-folding-classic-baby-pram-in-green\/#primaryimage"},"image":{"@id":"https:\/\/forbabyboss.com\/product\/3-in1-travel-set-folding-classic-baby-pram-in-green\/#primaryimage"},"thumbnailUrl":"https:\/\/forbabyboss.com\/wp-content\/uploads\/2022\/09\/Baby-Pram-Classic-Buggy-Retro-Pushchair-3-in1-Travel-Set-Folding-Newborns-Green-main.png","datePublished":"2022-09-25T12:11:53+00:00","dateModified":"2026-02-21T08:42:41+00:00","description":"Cochecito de beb\u00e9 cl\u00e1sico plegable 3 en 1 para viaje, color verde.","breadcrumb":{"@id":"https:\/\/forbabyboss.com\/product\/3-in1-travel-set-folding-classic-baby-pram-in-green\/#breadcrumb"},"inLanguage":"es","potentialAction":[{"@type":"ReadAction","target":["https:\/\/forbabyboss.com\/product\/3-in1-travel-set-folding-classic-baby-pram-in-green\/"]}]},{"@type":"ImageObject","inLanguage":"es","@id":"https:\/\/forbabyboss.com\/product\/3-in1-travel-set-folding-classic-baby-pram-in-green\/#primaryimage","url":"https:\/\/forbabyboss.com\/wp-content\/uploads\/2022\/09\/Baby-Pram-Classic-Buggy-Retro-Pushchair-3-in1-Travel-Set-Folding-Newborns-Green-main.png","contentUrl":"https:\/\/forbabyboss.com\/wp-content\/uploads\/2022\/09\/Baby-Pram-Classic-Buggy-Retro-Pushchair-3-in1-Travel-Set-Folding-Newborns-Green-main.png","width":1600,"height":1600},{"@type":"BreadcrumbList","@id":"https:\/\/forbabyboss.com\/product\/3-in1-travel-set-folding-classic-baby-pram-in-green\/#breadcrumb","itemListElement":[{"@type":"ListItem","position":1,"name":"Home","item":"https:\/\/forbabyboss.com\/"},{"@type":"ListItem","position":2,"name":"Shop","item":"https:\/\/forbabyboss.com\/shop\/"},{"@type":"ListItem","position":3,"name":"3 in1 Travel Set Folding Classic Baby Pram in Green"}]},{"@type":"WebSite","@id":"https:\/\/powderblue-seahorse-496884.hostingersite.com\/#website","url":"https:\/\/powderblue-seahorse-496884.hostingersite.com\/","name":"Para el beb\u00e9 jefe","description":"Hermosos regalos y accesorios para tu beb\u00e9 jefe.","potentialAction":[{"@type":"SearchAction","target":{"@type":"EntryPoint","urlTemplate":"https:\/\/powderblue-seahorse-496884.hostingersite.com\/?s={search_term_string}"},"query-input":{"@type":"PropertyValueSpecification","valueRequired":true,"valueName":"search_term_string"}}],"inLanguage":"es"}]}},"_links":{"self":[{"href":"https:\/\/forbabyboss.com\/es\/wp-json\/wp\/v2\/product\/5852","targetHints":{"allow":["GET"]}}],"collection":[{"href":"https:\/\/forbabyboss.com\/es\/wp-json\/wp\/v2\/product"}],"about":[{"href":"https:\/\/forbabyboss.com\/es\/wp-json\/wp\/v2\/types\/product"}],"wp:featuredmedia":[{"embeddable":true,"href":"https:\/\/forbabyboss.com\/es\/wp-json\/wp\/v2\/media\/5858"}],"wp:attachment":[{"href":"https:\/\/forbabyboss.com\/es\/wp-json\/wp\/v2\/media?parent=5852"}],"wp:term":[{"taxonomy":"product_brand","embeddable":true,"href":"https:\/\/forbabyboss.com\/es\/wp-json\/wp\/v2\/product_brand?post=5852"},{"taxonomy":"product_cat","embeddable":true,"href":"https:\/\/forbabyboss.com\/es\/wp-json\/wp\/v2\/product_cat?post=5852"},{"taxonomy":"product_tag","embeddable":true,"href":"https:\/\/forbabyboss.com\/es\/wp-json\/wp\/v2\/product_tag?post=5852"}],"curies":[{"name":"wp","href":"https:\/\/api.w.org\/{rel}","templated":true}]}}