{"id":5974,"date":"2022-09-19T08:35:07","date_gmt":"2022-09-19T08:35:07","guid":{"rendered":"http:\/\/forbabyboss.com\/?post_type=product&#038;p=5974"},"modified":"2023-10-03T00:13:36","modified_gmt":"2023-10-03T00:13:36","slug":"cochecito-de-bebe-ligero-silla-de-paseo-carrito-silla-de-paseo-en-color-rosa","status":"publish","type":"product","link":"https:\/\/forbabyboss.com\/es\/product\/lightweight-baby-pram-pushchair-buggy-stroller-in-pink\/","title":{"rendered":"Cochecito de beb\u00e9 ligero, silla de paseo, carrito de beb\u00e9 en color rosa."},"content":{"rendered":"<div class=\"span12\">\n<div class=\"row\">\n<div class=\"span12\">\n<div class=\"span12\" style=\"text-align: justify;\">\n<p><span style=\"color: #e14d43;\"><strong><span style=\"font-family: Arial; font-size: medium;\">Espacio c\u00f3modo para dormir<\/span><\/strong><\/span><\/p>\n<h4><strong><span style=\"font-family: Arial; font-size: medium; color: #000000;\">El respaldo del cochecito se puede ajustar en tres \u00e1ngulos. Tirando de la correa, es f\u00e1cil nivelar el asiento para que el beb\u00e9 se duerma. Las dimensiones del asiento son: 36 cm x 81 cm (incluido el reposapi\u00e9s).<\/span><\/strong><\/h4>\n<div><strong><span style=\"font-family: Arial; font-size: medium; color: #000000;\">\u00a0<\/span><span style=\"color: #000000; font-size: 14.4px;\">Ligero y f\u00e1cil de plegar<\/span><\/strong><\/div>\n<div>\n<div><strong><span style=\"color: #000000;\">Ligero y port\u00e1til, plegable con una sola mano, dise\u00f1o con barra de tiro, tama\u00f1o compacto (60 cm x 48 cm x 26 cm), f\u00e1cil de transportar, ideal para aviones, se puede colocar en cualquier maletero de coche o tirar de \u00e9l con el asa extensible.<\/span><\/strong><\/div>\n<div><\/div>\n<div>\n<div><strong><span style=\"color: #000000;\">Protecci\u00f3n de seguridad<\/span><\/strong><\/div>\n<div><strong><span style=\"color: #000000;\">Con arn\u00e9s de seguridad de cinco puntos (ajustable en altura) y pasamanos abatible para el beb\u00e9, cada cochecito ha sido sometido a pruebas de presi\u00f3n para garantizar la seguridad de cada beb\u00e9.<\/span><\/strong><\/div>\n<div><\/div>\n<div>\n<div><strong><span style=\"color: #000000;\">Rueda silenciosa y con absorci\u00f3n de impactos<\/span><\/strong><\/div>\n<div><strong><span style=\"color: #000000;\">Todas las ruedas cuentan con amortiguadores para proteger al beb\u00e9 de los golpes. Ofrecen maniobrabilidad y f\u00e1cil manejo en cualquier terreno.<\/span><\/strong><\/div>\n<\/div>\n<div><\/div>\n<div>\n<p><span style=\"color: #e14d43;\"><strong>Accesorios c<\/strong><strong>come con un gratis:<\/strong><\/span><\/p>\n<div><strong><span style=\"color: #000000;\">1. Bolsa de almacenamiento<\/span><\/strong><\/div>\n<div><strong><span style=\"color: #000000;\">2. Alfombrilla de asiento de espuma viscoel\u00e1stica refrescante<\/span><\/strong><\/div>\n<div><strong><span style=\"color: #000000;\">3. Mosquitera<\/span><\/strong><\/div>\n<div><strong><span style=\"color: #000000;\">4. Portabotellas<\/span><\/strong><\/div>\n<div><strong><span style=\"color: #000000;\">5. Funda impermeable<\/span><\/strong><\/div>\n<div><strong><span style=\"color: #000000;\">6. Manual de instrucciones<\/span><\/strong><\/div>\n<\/div>\n<div><strong><span style=\"color: #000000;\">7. Garant\u00eda de devoluci\u00f3n de dinero<\/span><\/strong><\/div>\n<div><span style=\"color: #000000;\">\u00a0<\/span><\/div>\n<div>\n<p><strong><span style=\"color: #000000; font-family: Arial;\"><span style=\"color: #e14d43;\">Caracter\u00edsticas<\/span>:<\/span><\/strong><\/p>\n<ul>\n<li style=\"text-align: justify;\"><strong><span style=\"font-family: Arial; font-size: medium; color: #000000;\">Apto para beb\u00e9s desde los 0 meses hasta los 15 kg (aproximadamente 2 a\u00f1os).<\/span><\/strong><\/li>\n<li style=\"text-align: justify;\"><strong><span style=\"font-family: Arial; font-size: medium; color: #000000;\">El reposapi\u00e9s ajustable para beb\u00e9s se adapta a todas las etapas del crecimiento del beb\u00e9.<\/span><\/strong><\/li>\n<li style=\"text-align: justify;\"><strong><span style=\"color: #000000;\">C\u00f3modo asa de empuje de CUERO<\/span><\/strong><\/li>\n<li style=\"text-align: justify;\"><strong><span style=\"font-family: Arial; font-size: medium; color: #000000;\">Ligero y de tama\u00f1o reducido una vez plegado, muy f\u00e1cil de transportar y almacenar.<\/span><\/strong><\/li>\n<li style=\"text-align: justify;\"><strong><span style=\"color: #000000;\">Dise\u00f1o general del sistema de suspensi\u00f3n de primera categor\u00eda.<\/span><\/strong><\/li>\n<li style=\"text-align: justify;\"><strong><span style=\"font-family: Arial; font-size: medium; color: #000000;\">Cesta de almacenamiento grande.<\/span><\/strong><\/li>\n<li style=\"text-align: justify;\"><strong><span style=\"font-family: Arial; font-size: medium; color: #000000;\">Frenos traseros.<\/span><\/strong><\/li>\n<li style=\"text-align: justify;\"><strong><span style=\"font-family: Arial; font-size: medium; color: #000000;\">Arn\u00e9s de 5 puntos.<\/span><\/strong><\/li>\n<li style=\"text-align: justify;\"><strong><span style=\"font-family: Arial; font-size: medium; color: #000000;\">Dise\u00f1o antipinzamiento para la protecci\u00f3n de los dedos.<\/span><\/strong><\/li>\n<li style=\"text-align: justify;\"><strong><span style=\"font-family: Arial; font-size: medium; color: #000000;\">Toldo impermeable con protecci\u00f3n UV y ajustable en 3 posiciones.<\/span><\/strong><\/li>\n<li style=\"text-align: justify;\"><strong><span style=\"font-family: Arial; font-size: medium; color: #000000;\">Estructura de aleaci\u00f3n de aluminio aeron\u00e1utico, resistente y duradera.<\/span><\/strong><\/li>\n<li style=\"text-align: justify;\"><strong><span style=\"font-family: Arial; font-size: medium; color: #000000;\">Rueda delantera giratoria de 360 grados.<\/span><\/strong><\/li>\n<li style=\"text-align: justify;\"><span style=\"font-family: Arial; font-size: medium; color: #000000;\"><span style=\"color: #000000; font-family: Arial; font-size: medium;\"><b>Se pliega y despliega f\u00e1cilmente en 2 segundos.<\/b><\/span><\/span><\/li>\n<li style=\"text-align: justify;\"><strong><span style=\"font-family: Arial; font-size: medium; color: #000000;\">Ruedas con suspensi\u00f3n doble<\/span><\/strong><\/li>\n<li style=\"text-align: justify;\"><strong><span style=\"font-family: Arial; font-size: medium; color: #000000;\">Materiales respetuosos con el medio ambiente.<\/span><\/strong><\/li>\n<\/ul>\n<p style=\"text-align: justify;\"><strong><span style=\"color: #000000; font-family: Arial;\"><span style=\"color: #e14d43;\">Presupuesto<\/span>:<\/span><\/strong><\/p>\n<ul>\n<li style=\"text-align: justify;\"><strong><span style=\"font-family: Arial; font-size: medium; color: #000000;\">Material: Acero al carbono + Pl\u00e1stico + Caucho EVA + Cuero<\/span><\/strong><\/li>\n<li style=\"text-align: justify;\"><strong><span style=\"font-family: Arial; font-size: medium; color: #000000;\">Color: Negro, Gris, Azul, Rosa, Beige<\/span><\/strong><\/li>\n<li style=\"text-align: justify;\"><strong><span style=\"font-family: Arial; font-size: medium; color: #000000;\">Dimensiones totales: 98 x 66 x 36 (cm)<\/span><\/strong><\/li>\n<li style=\"text-align: justify;\"><strong><span style=\"font-family: Arial; font-size: medium; color: #000000;\">Capacidad de carga: 15 kg<\/span><\/strong><\/li>\n<li style=\"text-align: justify;\"><strong><span style=\"font-family: Arial; font-size: medium; color: #000000;\">Peso neto: 8,0 kg<\/span><\/strong><\/li>\n<\/ul>\n<h4><span style=\"color: #000000; font-family: Arial;\"><span style=\"color: #e14d43;\">Nota<\/span>:<\/span><\/h4>\n<h4><strong><span style=\"color: #000000; font-family: Arial;\">\u2022 Puede haber ligeras diferencias entre la imagen y el art\u00edculo real debido al brillo.<\/span><\/strong><\/h4>\n<div>\n<h4><strong><span style=\"color: #000000; font-family: Arial;\">\u2022 Debido a la medici\u00f3n manual, puede haber un margen de error de 1 a 3 cm en el tama\u00f1o.<\/span><\/strong><\/h4>\n<\/div>\n<div>\n<h4><strong><span style=\"color: #000000; font-family: Arial;\">\u2022 Para ensamblar correctamente el art\u00edculo, puede ser necesario un nivel b\u00e1sico de conocimientos t\u00e9cnicos y de bricolaje, as\u00ed como herramientas b\u00e1sicas.<\/span><\/strong><\/h4>\n<\/div>\n<h4><strong><span style=\"color: #000000; font-family: Arial;\">\u2022 Un mantenimiento incorrecto afectar\u00e1 seriamente la apariencia y la vida \u00fatil del producto.<\/span><\/strong><\/h4>\n<p><a href=\"http:\/\/forbabyboss.com\/wp-content\/uploads\/2022\/09\/checkout.png\"><img loading=\"lazy\" decoding=\"async\" class=\"alignnone size-full wp-image-5965\" src=\"http:\/\/forbabyboss.com\/wp-content\/uploads\/2022\/09\/checkout.png\" alt=\"\" width=\"750\" height=\"276\" srcset=\"https:\/\/forbabyboss.com\/wp-content\/uploads\/2022\/09\/checkout.png 750w, https:\/\/forbabyboss.com\/wp-content\/uploads\/2022\/09\/checkout-600x221.png 600w\" sizes=\"auto, (max-width: 750px) 100vw, 750px\" \/><\/a><\/p>\n<\/div>\n<\/div>\n<\/div>\n<\/div>\n<\/div>\n<\/div>\n<\/div>","protected":false},"excerpt":{"rendered":"<p><a href=\"http:\/\/forbabyboss.com\/wp-content\/uploads\/2022\/09\/Star-Rating-5.png\"><img loading=\"lazy\" decoding=\"async\" class=\"alignnone size-full wp-image-5973 aligncenter\" src=\"http:\/\/forbabyboss.com\/wp-content\/uploads\/2022\/09\/Star-Rating-5.png\" alt=\"\" width=\"275\" height=\"45\" \/><\/a><\/p>\n<p style=\"text-align: center;\"><span style=\"color: #ed1c24; font-size: 120%;\"><b>GARANT\u00cdA DE IGUALACI\u00d3N DE PRECIOS<\/b><\/span><\/p>\n<p style=\"text-align: center;\"><span style=\"font-size: 115%;\"><span style=\"font-weight: 400; color: #4f4fa7;\">Env\u00edo gratuito<\/span><span style=\"font-weight: 400;\"> \u2013 2 \u2013 7 d\u00edas<\/span><\/span><\/p>\n<p style=\"text-align: center;\"><strong><span style=\"color: #29606b;\">Regalo gratis con compras superiores a 100 \u00a3<\/span><\/strong><\/p>","protected":false},"featured_media":6066,"template":"","meta":[],"product_brand":[],"product_cat":[339,305,215,130,209,211],"product_tag":[171],"class_list":{"0":"post-5974","1":"product","2":"type-product","3":"status-publish","4":"has-post-thumbnail","6":"product_cat-700-to-800","7":"product_cat-colour","8":"product_cat-pink","9":"product_cat-prams","10":"product_cat-push-chairs","11":"product_cat-stroller","12":"product_tag-pram","14":"first","15":"instock","16":"sale","17":"shipping-taxable","18":"purchasable","19":"product-type-simple"},"yoast_head":"<!-- This site is optimized with the Yoast SEO plugin v27.5 - https:\/\/yoast.com\/product\/yoast-seo-wordpress\/ -->\n<title>Lightweight Baby Pram Pushchair Buggy Stroller in Pink - For Baby Boss<\/title>\n<meta name=\"description\" content=\"Lightweight Baby Pram Pushchair Buggy Stroller in Pink\" \/>\n<meta name=\"robots\" content=\"index, follow, max-snippet:-1, max-image-preview:large, max-video-preview:-1\" \/>\n<link rel=\"canonical\" href=\"https:\/\/forbabyboss.com\/es\/product\/cochecito-de-bebe-ligero-silla-de-paseo-carrito-silla-de-paseo-en-color-rosa\/\" \/>\n<meta property=\"og:locale\" content=\"es_ES\" \/>\n<meta property=\"og:type\" content=\"article\" \/>\n<meta property=\"og:title\" content=\"Lightweight Baby Pram Pushchair Buggy Stroller in Pink - For Baby Boss\" \/>\n<meta property=\"og:description\" content=\"Lightweight Baby Pram Pushchair Buggy Stroller in Pink\" \/>\n<meta property=\"og:url\" content=\"https:\/\/forbabyboss.com\/es\/product\/cochecito-de-bebe-ligero-silla-de-paseo-carrito-silla-de-paseo-en-color-rosa\/\" \/>\n<meta property=\"og:site_name\" content=\"For Baby Boss\" \/>\n<meta property=\"article:modified_time\" content=\"2023-10-03T00:13:36+00:00\" \/>\n<meta property=\"og:image\" content=\"https:\/\/forbabyboss.com\/wp-content\/uploads\/2022\/09\/BABY-PRAM-TROLLEY-PULL-CHILDRENS-PUSHCHAIR-BUGGY-STROLLER-LIGHTWEIGHT-UK-PINK-.jpg\" \/>\n\t<meta property=\"og:image:width\" content=\"1600\" \/>\n\t<meta property=\"og:image:height\" content=\"1600\" \/>\n\t<meta property=\"og:image:type\" content=\"image\/jpeg\" \/>\n<meta name=\"twitter:card\" content=\"summary_large_image\" \/>\n<meta name=\"twitter:label1\" content=\"Tiempo de lectura\" \/>\n\t<meta name=\"twitter:data1\" content=\"2 minutos\" \/>\n<script type=\"application\/ld+json\" class=\"yoast-schema-graph\">{\"@context\":\"https:\\\/\\\/schema.org\",\"@graph\":[{\"@type\":\"WebPage\",\"@id\":\"https:\\\/\\\/forbabyboss.com\\\/product\\\/lightweight-baby-pram-pushchair-buggy-stroller-in-pink\\\/\",\"url\":\"https:\\\/\\\/forbabyboss.com\\\/product\\\/lightweight-baby-pram-pushchair-buggy-stroller-in-pink\\\/\",\"name\":\"Lightweight Baby Pram Pushchair Buggy Stroller in Pink - For Baby Boss\",\"isPartOf\":{\"@id\":\"https:\\\/\\\/powderblue-seahorse-496884.hostingersite.com\\\/#website\"},\"primaryImageOfPage\":{\"@id\":\"https:\\\/\\\/forbabyboss.com\\\/product\\\/lightweight-baby-pram-pushchair-buggy-stroller-in-pink\\\/#primaryimage\"},\"image\":{\"@id\":\"https:\\\/\\\/forbabyboss.com\\\/product\\\/lightweight-baby-pram-pushchair-buggy-stroller-in-pink\\\/#primaryimage\"},\"thumbnailUrl\":\"https:\\\/\\\/forbabyboss.com\\\/wp-content\\\/uploads\\\/2022\\\/09\\\/BABY-PRAM-TROLLEY-PULL-CHILDRENS-PUSHCHAIR-BUGGY-STROLLER-LIGHTWEIGHT-UK-PINK-.jpg\",\"datePublished\":\"2022-09-19T08:35:07+00:00\",\"dateModified\":\"2023-10-03T00:13:36+00:00\",\"description\":\"Lightweight Baby Pram Pushchair Buggy Stroller in Pink\",\"breadcrumb\":{\"@id\":\"https:\\\/\\\/forbabyboss.com\\\/product\\\/lightweight-baby-pram-pushchair-buggy-stroller-in-pink\\\/#breadcrumb\"},\"inLanguage\":\"es\",\"potentialAction\":[{\"@type\":\"ReadAction\",\"target\":[\"https:\\\/\\\/forbabyboss.com\\\/product\\\/lightweight-baby-pram-pushchair-buggy-stroller-in-pink\\\/\"]}]},{\"@type\":\"ImageObject\",\"inLanguage\":\"es\",\"@id\":\"https:\\\/\\\/forbabyboss.com\\\/product\\\/lightweight-baby-pram-pushchair-buggy-stroller-in-pink\\\/#primaryimage\",\"url\":\"https:\\\/\\\/forbabyboss.com\\\/wp-content\\\/uploads\\\/2022\\\/09\\\/BABY-PRAM-TROLLEY-PULL-CHILDRENS-PUSHCHAIR-BUGGY-STROLLER-LIGHTWEIGHT-UK-PINK-.jpg\",\"contentUrl\":\"https:\\\/\\\/forbabyboss.com\\\/wp-content\\\/uploads\\\/2022\\\/09\\\/BABY-PRAM-TROLLEY-PULL-CHILDRENS-PUSHCHAIR-BUGGY-STROLLER-LIGHTWEIGHT-UK-PINK-.jpg\",\"width\":1600,\"height\":1600},{\"@type\":\"BreadcrumbList\",\"@id\":\"https:\\\/\\\/forbabyboss.com\\\/product\\\/lightweight-baby-pram-pushchair-buggy-stroller-in-pink\\\/#breadcrumb\",\"itemListElement\":[{\"@type\":\"ListItem\",\"position\":1,\"name\":\"Home\",\"item\":\"https:\\\/\\\/forbabyboss.com\\\/\"},{\"@type\":\"ListItem\",\"position\":2,\"name\":\"Shop\",\"item\":\"https:\\\/\\\/forbabyboss.com\\\/shop\\\/\"},{\"@type\":\"ListItem\",\"position\":3,\"name\":\"Lightweight Baby Pram Pushchair Buggy Stroller in Pink\"}]},{\"@type\":\"WebSite\",\"@id\":\"https:\\\/\\\/powderblue-seahorse-496884.hostingersite.com\\\/#website\",\"url\":\"https:\\\/\\\/powderblue-seahorse-496884.hostingersite.com\\\/\",\"name\":\"For Baby Boss\",\"description\":\"Beautiful gifts and accessories for your baby boss\",\"potentialAction\":[{\"@type\":\"SearchAction\",\"target\":{\"@type\":\"EntryPoint\",\"urlTemplate\":\"https:\\\/\\\/powderblue-seahorse-496884.hostingersite.com\\\/?s={search_term_string}\"},\"query-input\":{\"@type\":\"PropertyValueSpecification\",\"valueRequired\":true,\"valueName\":\"search_term_string\"}}],\"inLanguage\":\"es\"}]}<\/script>\n<!-- \/ Yoast SEO plugin. -->","yoast_head_json":{"title":"Cochecito de beb\u00e9 ligero, silla de paseo, carrito de beb\u00e9 en color rosa - Para Baby Boss","description":"Cochecito de beb\u00e9 ligero, silla de paseo, carrito de beb\u00e9 en color rosa.","robots":{"index":"index","follow":"follow","max-snippet":"max-snippet:-1","max-image-preview":"max-image-preview:large","max-video-preview":"max-video-preview:-1"},"canonical":"https:\/\/forbabyboss.com\/es\/product\/cochecito-de-bebe-ligero-silla-de-paseo-carrito-silla-de-paseo-en-color-rosa\/","og_locale":"es_ES","og_type":"article","og_title":"Lightweight Baby Pram Pushchair Buggy Stroller in Pink - For Baby Boss","og_description":"Lightweight Baby Pram Pushchair Buggy Stroller in Pink","og_url":"https:\/\/forbabyboss.com\/es\/product\/cochecito-de-bebe-ligero-silla-de-paseo-carrito-silla-de-paseo-en-color-rosa\/","og_site_name":"For Baby Boss","article_modified_time":"2023-10-03T00:13:36+00:00","og_image":[{"width":1600,"height":1600,"url":"https:\/\/forbabyboss.com\/wp-content\/uploads\/2022\/09\/BABY-PRAM-TROLLEY-PULL-CHILDRENS-PUSHCHAIR-BUGGY-STROLLER-LIGHTWEIGHT-UK-PINK-.jpg","type":"image\/jpeg"}],"twitter_card":"summary_large_image","twitter_misc":{"Tiempo de lectura":"2 minutos"},"schema":{"@context":"https:\/\/schema.org","@graph":[{"@type":"WebPage","@id":"https:\/\/forbabyboss.com\/product\/lightweight-baby-pram-pushchair-buggy-stroller-in-pink\/","url":"https:\/\/forbabyboss.com\/product\/lightweight-baby-pram-pushchair-buggy-stroller-in-pink\/","name":"Cochecito de beb\u00e9 ligero, silla de paseo, carrito de beb\u00e9 en color rosa - Para Baby Boss","isPartOf":{"@id":"https:\/\/powderblue-seahorse-496884.hostingersite.com\/#website"},"primaryImageOfPage":{"@id":"https:\/\/forbabyboss.com\/product\/lightweight-baby-pram-pushchair-buggy-stroller-in-pink\/#primaryimage"},"image":{"@id":"https:\/\/forbabyboss.com\/product\/lightweight-baby-pram-pushchair-buggy-stroller-in-pink\/#primaryimage"},"thumbnailUrl":"https:\/\/forbabyboss.com\/wp-content\/uploads\/2022\/09\/BABY-PRAM-TROLLEY-PULL-CHILDRENS-PUSHCHAIR-BUGGY-STROLLER-LIGHTWEIGHT-UK-PINK-.jpg","datePublished":"2022-09-19T08:35:07+00:00","dateModified":"2023-10-03T00:13:36+00:00","description":"Cochecito de beb\u00e9 ligero, silla de paseo, carrito de beb\u00e9 en color rosa.","breadcrumb":{"@id":"https:\/\/forbabyboss.com\/product\/lightweight-baby-pram-pushchair-buggy-stroller-in-pink\/#breadcrumb"},"inLanguage":"es","potentialAction":[{"@type":"ReadAction","target":["https:\/\/forbabyboss.com\/product\/lightweight-baby-pram-pushchair-buggy-stroller-in-pink\/"]}]},{"@type":"ImageObject","inLanguage":"es","@id":"https:\/\/forbabyboss.com\/product\/lightweight-baby-pram-pushchair-buggy-stroller-in-pink\/#primaryimage","url":"https:\/\/forbabyboss.com\/wp-content\/uploads\/2022\/09\/BABY-PRAM-TROLLEY-PULL-CHILDRENS-PUSHCHAIR-BUGGY-STROLLER-LIGHTWEIGHT-UK-PINK-.jpg","contentUrl":"https:\/\/forbabyboss.com\/wp-content\/uploads\/2022\/09\/BABY-PRAM-TROLLEY-PULL-CHILDRENS-PUSHCHAIR-BUGGY-STROLLER-LIGHTWEIGHT-UK-PINK-.jpg","width":1600,"height":1600},{"@type":"BreadcrumbList","@id":"https:\/\/forbabyboss.com\/product\/lightweight-baby-pram-pushchair-buggy-stroller-in-pink\/#breadcrumb","itemListElement":[{"@type":"ListItem","position":1,"name":"Home","item":"https:\/\/forbabyboss.com\/"},{"@type":"ListItem","position":2,"name":"Shop","item":"https:\/\/forbabyboss.com\/shop\/"},{"@type":"ListItem","position":3,"name":"Lightweight Baby Pram Pushchair Buggy Stroller in Pink"}]},{"@type":"WebSite","@id":"https:\/\/powderblue-seahorse-496884.hostingersite.com\/#website","url":"https:\/\/powderblue-seahorse-496884.hostingersite.com\/","name":"Para el beb\u00e9 jefe","description":"Hermosos regalos y accesorios para tu beb\u00e9 jefe.","potentialAction":[{"@type":"SearchAction","target":{"@type":"EntryPoint","urlTemplate":"https:\/\/powderblue-seahorse-496884.hostingersite.com\/?s={search_term_string}"},"query-input":{"@type":"PropertyValueSpecification","valueRequired":true,"valueName":"search_term_string"}}],"inLanguage":"es"}]}},"_links":{"self":[{"href":"https:\/\/forbabyboss.com\/es\/wp-json\/wp\/v2\/product\/5974","targetHints":{"allow":["GET"]}}],"collection":[{"href":"https:\/\/forbabyboss.com\/es\/wp-json\/wp\/v2\/product"}],"about":[{"href":"https:\/\/forbabyboss.com\/es\/wp-json\/wp\/v2\/types\/product"}],"wp:featuredmedia":[{"embeddable":true,"href":"https:\/\/forbabyboss.com\/es\/wp-json\/wp\/v2\/media\/6066"}],"wp:attachment":[{"href":"https:\/\/forbabyboss.com\/es\/wp-json\/wp\/v2\/media?parent=5974"}],"wp:term":[{"taxonomy":"product_brand","embeddable":true,"href":"https:\/\/forbabyboss.com\/es\/wp-json\/wp\/v2\/product_brand?post=5974"},{"taxonomy":"product_cat","embeddable":true,"href":"https:\/\/forbabyboss.com\/es\/wp-json\/wp\/v2\/product_cat?post=5974"},{"taxonomy":"product_tag","embeddable":true,"href":"https:\/\/forbabyboss.com\/es\/wp-json\/wp\/v2\/product_tag?post=5974"}],"curies":[{"name":"wp","href":"https:\/\/api.w.org\/{rel}","templated":true}]}}