{"id":763,"date":"2020-11-03T07:03:28","date_gmt":"2020-11-03T07:03:28","guid":{"rendered":"http:\/\/forbabyboss.com\/?page_id=763"},"modified":"2020-11-03T07:38:12","modified_gmt":"2020-11-03T07:38:12","slug":"about-fbb","status":"publish","type":"page","link":"https:\/\/forbabyboss.com\/fr\/about-fbb\/","title":{"rendered":"\u00c0 propos de FBB"},"content":{"rendered":"<div class=\"banner has-hover\" id=\"banner-1176233382\">\n          <div class=\"banner-inner fill\">\n        <div class=\"banner-bg fill\" >\n            <img loading=\"lazy\" decoding=\"async\" width=\"1020\" height=\"388\" src=\"https:\/\/forbabyboss.com\/wp-content\/uploads\/2020\/11\/for-baby-boss-cover-photo-1400x533.png\" class=\"bg attachment-large size-large\" alt=\"\" \/>                        <div class=\"overlay\"><\/div>            \n                    <\/div>\n\t\t\n        <div class=\"banner-layers container\">\n            <div class=\"fill banner-link\"><\/div>            \n\n   <div id=\"text-box-1012085025\" class=\"text-box banner-layer x50 md-x50 lg-x50 y70 md-y70 lg-y70 res-text\">\n                                <div class=\"text-box-content text dark\">\n              \n              <div class=\"text-inner text-center\">\n                  \n\n<h3 class=\"uppercase\">about for baby boss<\/h3>\n<p>\u00a0<\/p>\n\n              <\/div>\n           <\/div>\n                            \n<style>\n#text-box-1012085025 {\n  width: 60%;\n}\n#text-box-1012085025 .text-box-content {\n  font-size: 100%;\n}\n<\/style>\n    <\/div>\n \n\n        <\/div>\n      <\/div>\n\n            \n<style>\n#banner-1176233382 {\n  padding-top: 507px;\n}\n#banner-1176233382 .overlay {\n  background-color: rgba(0, 0, 0, 0.17);\n}\n<\/style>\n  <\/div>\n\n\n<div class=\"is-divider divider clearfix\" ><\/div>\n\n<p><span style=\"font-size: 105%;\"><strong>Pour Baby Boss<\/strong> is a site dedicated to offering the best products for your baby at an affordable rate. Our products are sourced globally with a <strong>focus on<\/strong> <span style=\"color: #e14d43;\"><strong>quality<\/strong><\/span>, <strong><span style=\"color: #e14d43;\">safety<\/span><\/strong> and <span style=\"color: #e14d43;\"><strong>pricing<\/strong><\/span>. We focus on Baby mobility, <strong>Porte-b\u00e9b\u00e9s<\/strong>, <strong>Poussettes pour b\u00e9b\u00e9s<\/strong> and <strong>Strollers<\/strong> as well as <strong>Baby Nests<\/strong>. We will keep on adding more great products and variations for all our products so please continue to visit our store for more great baby products.<\/span><\/p>\n\n  \n    <div class=\"row large-columns-3 medium-columns- small-columns-2 row-small slider row-slider slider-nav-reveal\"  data-flickity-options='{&quot;imagesLoaded&quot;: true, &quot;groupCells&quot;: &quot;100%&quot;, &quot;dragThreshold&quot; : 5, &quot;cellAlign&quot;: &quot;left&quot;,&quot;wrapAround&quot;: true,&quot;prevNextButtons&quot;: true,&quot;percentPosition&quot;: true,&quot;pageDots&quot;: false, &quot;rightToLeft&quot;: false, &quot;autoPlay&quot; : false}' >\n\n  <div class=\"product-category col\" >\n            <div class=\"col-inner\">\n              <a aria-label=\"Acc\u00e9der \u00e0 la cat\u00e9gorie de produits 2 in 1 Prams\" href=\"https:\/\/forbabyboss.com\/fr\/product-category\/2-in-1\/\" data-no-translation-aria-label=\"\">                <div class=\"box box-category has-hover box-badge hover-dark\">\n                <div class=\"box-image\" >\n                  <div class=\"\" >\n                  <img loading=\"lazy\" decoding=\"async\" src=\"https:\/\/forbabyboss.com\/wp-content\/uploads\/2021\/01\/2-in-1-prams-300x300.png\" alt=\"Poussettes 2 en 1\" width=\"300\" height=\"300\" \/>                                                      <\/div>\n                <\/div>\n                <div class=\"box-text text-center\" >\n                  <div class=\"box-text-inner\">\n                      <h5 class=\"uppercase header-title\">\n                              Poussettes 2 en 1                      <\/h5>\n                                            \n                  <\/div>\n                <\/div>\n                <\/div>\n            <\/a>            <\/div>\n            <\/div><div class=\"product-category col\" >\n            <div class=\"col-inner\">\n              <a aria-label=\"Acc\u00e9der \u00e0 la cat\u00e9gorie de produits 3 in 1 Prams\" href=\"https:\/\/forbabyboss.com\/fr\/product-category\/3-in-1\/\" data-no-translation-aria-label=\"\">                <div class=\"box box-category has-hover box-badge hover-dark\">\n                <div class=\"box-image\" >\n                  <div class=\"\" >\n                  <img loading=\"lazy\" decoding=\"async\" src=\"https:\/\/forbabyboss.com\/wp-content\/uploads\/2021\/01\/3-in-1-prams-300x300.png\" alt=\"Poussettes 3 en 1\" width=\"300\" height=\"300\" \/>                                                      <\/div>\n                <\/div>\n                <div class=\"box-text text-center\" >\n                  <div class=\"box-text-inner\">\n                      <h5 class=\"uppercase header-title\">\n                              Poussettes 3 en 1                      <\/h5>\n                                            \n                  <\/div>\n                <\/div>\n                <\/div>\n            <\/a>            <\/div>\n            <\/div><div class=\"product-category col\" >\n            <div class=\"col-inner\">\n              <a aria-label=\"Acc\u00e9der \u00e0 la cat\u00e9gorie de produits 4 in 1 Pram\" href=\"https:\/\/forbabyboss.com\/fr\/product-category\/4-in-1-pram\/\" data-no-translation-aria-label=\"\">                <div class=\"box box-category has-hover box-badge hover-dark\">\n                <div class=\"box-image\" >\n                  <div class=\"\" >\n                  <img loading=\"lazy\" decoding=\"async\" src=\"https:\/\/forbabyboss.com\/wp-content\/uploads\/woocommerce-placeholder-300x300.png\" alt=\"Poussette 4 en 1\" width=\"300\" height=\"300\" \/>                                                      <\/div>\n                <\/div>\n                <div class=\"box-text text-center\" >\n                  <div class=\"box-text-inner\">\n                      <h5 class=\"uppercase header-title\">\n                              Poussette 4 en 1                      <\/h5>\n                                            \n                  <\/div>\n                <\/div>\n                <\/div>\n            <\/a>            <\/div>\n            <\/div><div class=\"product-category col\" >\n            <div class=\"col-inner\">\n              <a aria-label=\"Acc\u00e9der \u00e0 la cat\u00e9gorie de produits Baby Carriers\" href=\"https:\/\/forbabyboss.com\/fr\/product-category\/baby-carriers\/\" data-no-translation-aria-label=\"\">                <div class=\"box box-category has-hover box-badge hover-dark\">\n                <div class=\"box-image\" >\n                  <div class=\"\" >\n                  <img loading=\"lazy\" decoding=\"async\" src=\"https:\/\/forbabyboss.com\/wp-content\/uploads\/2020\/10\/baby-carrier-300x300.png\" alt=\"Porte-b\u00e9b\u00e9s\" width=\"300\" height=\"300\" \/>                                                      <\/div>\n                <\/div>\n                <div class=\"box-text text-center\" >\n                  <div class=\"box-text-inner\">\n                      <h5 class=\"uppercase header-title\">\n                              Porte-b\u00e9b\u00e9s                      <\/h5>\n                                            \n                  <\/div>\n                <\/div>\n                <\/div>\n            <\/a>            <\/div>\n            <\/div><div class=\"product-category col\" >\n            <div class=\"col-inner\">\n              <a aria-label=\"Acc\u00e9der \u00e0 la cat\u00e9gorie de produits Babylux\" href=\"https:\/\/forbabyboss.com\/fr\/product-category\/babylux\/\" data-no-translation-aria-label=\"\">                <div class=\"box box-category has-hover box-badge hover-dark\">\n                <div class=\"box-image\" >\n                  <div class=\"\" >\n                  <img loading=\"lazy\" decoding=\"async\" src=\"https:\/\/forbabyboss.com\/wp-content\/uploads\/woocommerce-placeholder-300x300.png\" alt=\"Babylux\" width=\"300\" height=\"300\" \/>                                                      <\/div>\n                <\/div>\n                <div class=\"box-text text-center\" >\n                  <div class=\"box-text-inner\">\n                      <h5 class=\"uppercase header-title\">\n                              Babylux                      <\/h5>\n                                            \n                  <\/div>\n                <\/div>\n                <\/div>\n            <\/a>            <\/div>\n            <\/div><div class=\"product-category col\" >\n            <div class=\"col-inner\">\n              <a aria-label=\"Acc\u00e9der \u00e0 la cat\u00e9gorie de produits Back in Stock\" href=\"https:\/\/forbabyboss.com\/fr\/product-category\/back-in-stock\/\" data-no-translation-aria-label=\"\">                <div class=\"box box-category has-hover box-badge hover-dark\">\n                <div class=\"box-image\" >\n                  <div class=\"\" >\n                  <img loading=\"lazy\" decoding=\"async\" src=\"https:\/\/forbabyboss.com\/wp-content\/uploads\/woocommerce-placeholder-300x300.png\" alt=\"De retour en stock\" width=\"300\" height=\"300\" \/>                                                      <\/div>\n                <\/div>\n                <div class=\"box-text text-center\" >\n                  <div class=\"box-text-inner\">\n                      <h5 class=\"uppercase header-title\">\n                              De retour en stock                      <\/h5>\n                                            \n                  <\/div>\n                <\/div>\n                <\/div>\n            <\/a>            <\/div>\n            <\/div><div class=\"product-category col\" >\n            <div class=\"col-inner\">\n              <a aria-label=\"Acc\u00e9der \u00e0 la cat\u00e9gorie de produits Burgundy\" href=\"https:\/\/forbabyboss.com\/fr\/product-category\/burgundy\/\" data-no-translation-aria-label=\"\">                <div class=\"box box-category has-hover box-badge hover-dark\">\n                <div class=\"box-image\" >\n                  <div class=\"\" >\n                  <img loading=\"lazy\" decoding=\"async\" src=\"https:\/\/forbabyboss.com\/wp-content\/uploads\/woocommerce-placeholder-300x300.png\" alt=\"Bourgogne\" width=\"300\" height=\"300\" \/>                                                      <\/div>\n                <\/div>\n                <div class=\"box-text text-center\" >\n                  <div class=\"box-text-inner\">\n                      <h5 class=\"uppercase header-title\">\n                              Bourgogne                      <\/h5>\n                                            \n                  <\/div>\n                <\/div>\n                <\/div>\n            <\/a>            <\/div>\n            <\/div><div class=\"product-category col\" >\n            <div class=\"col-inner\">\n              <a aria-label=\"Acc\u00e9der \u00e0 la cat\u00e9gorie de produits Colour\" href=\"https:\/\/forbabyboss.com\/fr\/product-category\/colour\/\" data-no-translation-aria-label=\"\">                <div class=\"box box-category has-hover box-badge hover-dark\">\n                <div class=\"box-image\" >\n                  <div class=\"\" >\n                  <img loading=\"lazy\" decoding=\"async\" src=\"https:\/\/forbabyboss.com\/wp-content\/uploads\/woocommerce-placeholder-300x300.png\" alt=\"Couleur\" width=\"300\" height=\"300\" \/>                                                      <\/div>\n                <\/div>\n                <div class=\"box-text text-center\" >\n                  <div class=\"box-text-inner\">\n                      <h5 class=\"uppercase header-title\">\n                              Couleur                      <\/h5>\n                                            \n                  <\/div>\n                <\/div>\n                <\/div>\n            <\/a>            <\/div>\n            <\/div><div class=\"product-category col\" >\n            <div class=\"col-inner\">\n              <a aria-label=\"Acc\u00e9der \u00e0 la cat\u00e9gorie de produits Gold Collection\" href=\"https:\/\/forbabyboss.com\/fr\/product-category\/gold-collection\/\" data-no-translation-aria-label=\"\">                <div class=\"box box-category has-hover box-badge hover-dark\">\n                <div class=\"box-image\" >\n                  <div class=\"\" >\n                  <img loading=\"lazy\" decoding=\"async\" src=\"https:\/\/forbabyboss.com\/wp-content\/uploads\/2021\/02\/Gold-Collection-300x300.png\" alt=\"Collection Or\" width=\"300\" height=\"300\" \/>                                                      <\/div>\n                <\/div>\n                <div class=\"box-text text-center\" >\n                  <div class=\"box-text-inner\">\n                      <h5 class=\"uppercase header-title\">\n                              Collection Or                      <\/h5>\n                                            \n                  <\/div>\n                <\/div>\n                <\/div>\n            <\/a>            <\/div>\n            <\/div><div class=\"product-category col\" >\n            <div class=\"col-inner\">\n              <a aria-label=\"Acc\u00e9der \u00e0 la cat\u00e9gorie de produits Kunert\" href=\"https:\/\/forbabyboss.com\/fr\/product-category\/kunert\/\" data-no-translation-aria-label=\"\">                <div class=\"box box-category has-hover box-badge hover-dark\">\n                <div class=\"box-image\" >\n                  <div class=\"\" >\n                  <img loading=\"lazy\" decoding=\"async\" src=\"https:\/\/forbabyboss.com\/wp-content\/uploads\/woocommerce-placeholder-300x300.png\" alt=\"Kunert\" width=\"300\" height=\"300\" \/>                                                      <\/div>\n                <\/div>\n                <div class=\"box-text text-center\" >\n                  <div class=\"box-text-inner\">\n                      <h5 class=\"uppercase header-title\">\n                              Kunert                      <\/h5>\n                                            \n                  <\/div>\n                <\/div>\n                <\/div>\n            <\/a>            <\/div>\n            <\/div><div class=\"product-category col\" >\n            <div class=\"col-inner\">\n              <a aria-label=\"Acc\u00e9der \u00e0 la cat\u00e9gorie de produits New Collection\" href=\"https:\/\/forbabyboss.com\/fr\/product-category\/new-collection\/\" data-no-translation-aria-label=\"\">                <div class=\"box box-category has-hover box-badge hover-dark\">\n                <div class=\"box-image\" >\n                  <div class=\"\" >\n                  <img loading=\"lazy\" decoding=\"async\" src=\"https:\/\/forbabyboss.com\/wp-content\/uploads\/2021\/01\/new-collection-300x300.png\" alt=\"Nouvelle collection\" width=\"300\" height=\"300\" \/>                                                      <\/div>\n                <\/div>\n                <div class=\"box-text text-center\" >\n                  <div class=\"box-text-inner\">\n                      <h5 class=\"uppercase header-title\">\n                              Nouvelle collection                      <\/h5>\n                                            \n                  <\/div>\n                <\/div>\n                <\/div>\n            <\/a>            <\/div>\n            <\/div><div class=\"product-category col\" >\n            <div class=\"col-inner\">\n              <a aria-label=\"Acc\u00e9der \u00e0 la cat\u00e9gorie de produits Prams\" href=\"https:\/\/forbabyboss.com\/fr\/product-category\/prams\/\" data-no-translation-aria-label=\"\">                <div class=\"box box-category has-hover box-badge hover-dark\">\n                <div class=\"box-image\" >\n                  <div class=\"\" >\n                  <img loading=\"lazy\" decoding=\"async\" src=\"https:\/\/forbabyboss.com\/wp-content\/uploads\/2020\/10\/baby-pram-300x300.png\" alt=\"Poussettes\" width=\"300\" height=\"300\" \/>                                                      <\/div>\n                <\/div>\n                <div class=\"box-text text-center\" >\n                  <div class=\"box-text-inner\">\n                      <h5 class=\"uppercase header-title\">\n                              Poussettes                      <\/h5>\n                                            \n                  <\/div>\n                <\/div>\n                <\/div>\n            <\/a>            <\/div>\n            <\/div><div class=\"product-category col\" >\n            <div class=\"col-inner\">\n              <a aria-label=\"Acc\u00e9der \u00e0 la cat\u00e9gorie de produits Price\" href=\"https:\/\/forbabyboss.com\/fr\/product-category\/price\/\" data-no-translation-aria-label=\"\">                <div class=\"box box-category has-hover box-badge hover-dark\">\n                <div class=\"box-image\" >\n                  <div class=\"\" >\n                  <img loading=\"lazy\" decoding=\"async\" src=\"https:\/\/forbabyboss.com\/wp-content\/uploads\/woocommerce-placeholder-300x300.png\" alt=\"Prix\" width=\"300\" height=\"300\" \/>                                                      <\/div>\n                <\/div>\n                <div class=\"box-text text-center\" >\n                  <div class=\"box-text-inner\">\n                      <h5 class=\"uppercase header-title\">\n                              Prix                      <\/h5>\n                                            \n                  <\/div>\n                <\/div>\n                <\/div>\n            <\/a>            <\/div>\n            <\/div><div class=\"product-category col\" >\n            <div class=\"col-inner\">\n              <a aria-label=\"Acc\u00e9der \u00e0 la cat\u00e9gorie de produits Push Chairs\" href=\"https:\/\/forbabyboss.com\/fr\/product-category\/push-chairs\/\" data-no-translation-aria-label=\"\">                <div class=\"box box-category has-hover box-badge hover-dark\">\n                <div class=\"box-image\" >\n                  <div class=\"\" >\n                  <img loading=\"lazy\" decoding=\"async\" src=\"https:\/\/forbabyboss.com\/wp-content\/uploads\/woocommerce-placeholder-300x300.png\" alt=\"Poussettes\" width=\"300\" height=\"300\" \/>                                                      <\/div>\n                <\/div>\n                <div class=\"box-text text-center\" >\n                  <div class=\"box-text-inner\">\n                      <h5 class=\"uppercase header-title\">\n                              Poussettes                      <\/h5>\n                                            \n                  <\/div>\n                <\/div>\n                <\/div>\n            <\/a>            <\/div>\n            <\/div><div class=\"product-category col\" >\n            <div class=\"col-inner\">\n              <a aria-label=\"Acc\u00e9der \u00e0 la cat\u00e9gorie de produits Stroller\" href=\"https:\/\/forbabyboss.com\/fr\/product-category\/stroller\/\" data-no-translation-aria-label=\"\">                <div class=\"box box-category has-hover box-badge hover-dark\">\n                <div class=\"box-image\" >\n                  <div class=\"\" >\n                  <img loading=\"lazy\" decoding=\"async\" src=\"https:\/\/forbabyboss.com\/wp-content\/uploads\/woocommerce-placeholder-300x300.png\" alt=\"Poussette\" width=\"300\" height=\"300\" \/>                                                      <\/div>\n                <\/div>\n                <div class=\"box-text text-center\" >\n                  <div class=\"box-text-inner\">\n                      <h5 class=\"uppercase header-title\">\n                              Poussette                      <\/h5>\n                                            \n                  <\/div>\n                <\/div>\n                <\/div>\n            <\/a>            <\/div>\n            <\/div><\/div>","protected":false},"excerpt":{"rendered":"<p>For Baby Boss is a site dedicated to offering the best products for your baby at an affordable rate. Our products are sourced globally with a focus on quality, safety and pricing. We focus on Baby mobility, Baby Carriers, Baby Prams and Strollers as well as Baby Nests. We will keep on adding more great [&#8230;]\n","protected":false},"author":1,"featured_media":0,"parent":0,"menu_order":0,"comment_status":"closed","ping_status":"closed","template":"","meta":{"footnotes":""},"class_list":["post-763","page","type-page","status-publish","hentry"],"yoast_head":"<!-- This site is optimized with the Yoast SEO plugin v27.0 - https:\/\/yoast.com\/product\/yoast-seo-wordpress\/ -->\n<title>About FBB - For Baby Boss<\/title>\n<meta name=\"robots\" content=\"index, follow, max-snippet:-1, max-image-preview:large, max-video-preview:-1\" \/>\n<link rel=\"canonical\" href=\"https:\/\/forbabyboss.com\/fr\/about-fbb\/\" \/>\n<meta property=\"og:locale\" content=\"fr_FR\" \/>\n<meta property=\"og:type\" content=\"article\" \/>\n<meta property=\"og:title\" content=\"About FBB - For Baby Boss\" \/>\n<meta property=\"og:description\" content=\"For Baby Boss is a site dedicated to offering the best products for your baby at an affordable rate. Our products are sourced globally with a focus on quality, safety and pricing. We focus on Baby mobility, Baby Carriers, Baby Prams and Strollers as well as Baby Nests. We will keep on adding more great [...]\" \/>\n<meta property=\"og:url\" content=\"https:\/\/forbabyboss.com\/fr\/about-fbb\/\" \/>\n<meta property=\"og:site_name\" content=\"For Baby Boss\" \/>\n<meta property=\"article:modified_time\" content=\"2020-11-03T07:38:12+00:00\" \/>\n<meta name=\"twitter:card\" content=\"summary_large_image\" \/>\n<meta name=\"twitter:label1\" content=\"Dur\u00e9e de lecture estim\u00e9e\" \/>\n\t<meta name=\"twitter:data1\" content=\"1 minute\" \/>\n<script type=\"application\/ld+json\" class=\"yoast-schema-graph\">{\"@context\":\"https:\/\/schema.org\",\"@graph\":[{\"@type\":\"WebPage\",\"@id\":\"https:\/\/forbabyboss.com\/about-fbb\/\",\"url\":\"https:\/\/forbabyboss.com\/about-fbb\/\",\"name\":\"About FBB - For Baby Boss\",\"isPartOf\":{\"@id\":\"https:\/\/powderblue-seahorse-496884.hostingersite.com\/#website\"},\"datePublished\":\"2020-11-03T07:03:28+00:00\",\"dateModified\":\"2020-11-03T07:38:12+00:00\",\"breadcrumb\":{\"@id\":\"https:\/\/forbabyboss.com\/about-fbb\/#breadcrumb\"},\"inLanguage\":\"fr-FR\",\"potentialAction\":[{\"@type\":\"ReadAction\",\"target\":[\"https:\/\/forbabyboss.com\/about-fbb\/\"]}]},{\"@type\":\"BreadcrumbList\",\"@id\":\"https:\/\/forbabyboss.com\/about-fbb\/#breadcrumb\",\"itemListElement\":[{\"@type\":\"ListItem\",\"position\":1,\"name\":\"Home\",\"item\":\"https:\/\/forbabyboss.com\/\"},{\"@type\":\"ListItem\",\"position\":2,\"name\":\"About FBB\"}]},{\"@type\":\"WebSite\",\"@id\":\"https:\/\/powderblue-seahorse-496884.hostingersite.com\/#website\",\"url\":\"https:\/\/powderblue-seahorse-496884.hostingersite.com\/\",\"name\":\"For Baby Boss\",\"description\":\"Beautiful gifts and accessories for your baby boss\",\"potentialAction\":[{\"@type\":\"SearchAction\",\"target\":{\"@type\":\"EntryPoint\",\"urlTemplate\":\"https:\/\/powderblue-seahorse-496884.hostingersite.com\/?s={search_term_string}\"},\"query-input\":{\"@type\":\"PropertyValueSpecification\",\"valueRequired\":true,\"valueName\":\"search_term_string\"}}],\"inLanguage\":\"fr-FR\"}]}<\/script>\n<!-- \/ Yoast SEO plugin. -->","yoast_head_json":{"title":"About FBB - For Baby Boss","robots":{"index":"index","follow":"follow","max-snippet":"max-snippet:-1","max-image-preview":"max-image-preview:large","max-video-preview":"max-video-preview:-1"},"canonical":"https:\/\/forbabyboss.com\/fr\/about-fbb\/","og_locale":"fr_FR","og_type":"article","og_title":"About FBB - For Baby Boss","og_description":"For Baby Boss is a site dedicated to offering the best products for your baby at an affordable rate. Our products are sourced globally with a focus on quality, safety and pricing. We focus on Baby mobility, Baby Carriers, Baby Prams and Strollers as well as Baby Nests. We will keep on adding more great [...]","og_url":"https:\/\/forbabyboss.com\/fr\/about-fbb\/","og_site_name":"For Baby Boss","article_modified_time":"2020-11-03T07:38:12+00:00","twitter_card":"summary_large_image","twitter_misc":{"Dur\u00e9e de lecture estim\u00e9e":"1 minute"},"schema":{"@context":"https:\/\/schema.org","@graph":[{"@type":"WebPage","@id":"https:\/\/forbabyboss.com\/about-fbb\/","url":"https:\/\/forbabyboss.com\/about-fbb\/","name":"About FBB - For Baby Boss","isPartOf":{"@id":"https:\/\/powderblue-seahorse-496884.hostingersite.com\/#website"},"datePublished":"2020-11-03T07:03:28+00:00","dateModified":"2020-11-03T07:38:12+00:00","breadcrumb":{"@id":"https:\/\/forbabyboss.com\/about-fbb\/#breadcrumb"},"inLanguage":"fr-FR","potentialAction":[{"@type":"ReadAction","target":["https:\/\/forbabyboss.com\/about-fbb\/"]}]},{"@type":"BreadcrumbList","@id":"https:\/\/forbabyboss.com\/about-fbb\/#breadcrumb","itemListElement":[{"@type":"ListItem","position":1,"name":"Home","item":"https:\/\/forbabyboss.com\/"},{"@type":"ListItem","position":2,"name":"About FBB"}]},{"@type":"WebSite","@id":"https:\/\/powderblue-seahorse-496884.hostingersite.com\/#website","url":"https:\/\/powderblue-seahorse-496884.hostingersite.com\/","name":"Pour Baby Boss","description":"De magnifiques cadeaux et accessoires pour votre petit patron","potentialAction":[{"@type":"SearchAction","target":{"@type":"EntryPoint","urlTemplate":"https:\/\/powderblue-seahorse-496884.hostingersite.com\/?s={search_term_string}"},"query-input":{"@type":"PropertyValueSpecification","valueRequired":true,"valueName":"search_term_string"}}],"inLanguage":"fr-FR"}]}},"_links":{"self":[{"href":"https:\/\/forbabyboss.com\/fr\/wp-json\/wp\/v2\/pages\/763","targetHints":{"allow":["GET"]}}],"collection":[{"href":"https:\/\/forbabyboss.com\/fr\/wp-json\/wp\/v2\/pages"}],"about":[{"href":"https:\/\/forbabyboss.com\/fr\/wp-json\/wp\/v2\/types\/page"}],"author":[{"embeddable":true,"href":"https:\/\/forbabyboss.com\/fr\/wp-json\/wp\/v2\/users\/1"}],"replies":[{"embeddable":true,"href":"https:\/\/forbabyboss.com\/fr\/wp-json\/wp\/v2\/comments?post=763"}],"version-history":[{"count":0,"href":"https:\/\/forbabyboss.com\/fr\/wp-json\/wp\/v2\/pages\/763\/revisions"}],"wp:attachment":[{"href":"https:\/\/forbabyboss.com\/fr\/wp-json\/wp\/v2\/media?parent=763"}],"curies":[{"name":"wp","href":"https:\/\/api.w.org\/{rel}","templated":true}]}}