{"id":1282,"date":"2020-12-29T10:58:39","date_gmt":"2020-12-29T10:58:39","guid":{"rendered":"http:\/\/forbabyboss.com\/?post_type=product&#038;p=1282"},"modified":"2026-02-21T13:32:55","modified_gmt":"2026-02-21T13:32:55","slug":"3-in-1-stroller-urban-style-pushchair-buggy-travel-baby-pram-with-car-seat-in-all-gray","status":"publish","type":"product","link":"https:\/\/forbabyboss.com\/fr\/product\/3-in-1-stroller-urban-style-pushchair-buggy-travel-baby-pram-with-car-seat-in-all-gray\/","title":{"rendered":"Poussette 3 en 1 style urbain avec si\u00e8ge auto int\u00e9gr\u00e9, enti\u00e8rement grise"},"content":{"rendered":"<p><iframe loading=\"lazy\" title=\"Syst\u00e8me de voyage GD Urbano - Poussette 3 en 1 avec si\u00e8ge auto inclus.\" width=\"1020\" height=\"574\" src=\"https:\/\/www.youtube.com\/embed\/zS5XG8yZEwg?feature=oembed&#038;enablejsapi=1&#038;origin=http:\/\/forbabyboss.com\" frameborder=\"0\" allow=\"accelerometer; autoplay; clipboard-write; encrypted-media; gyroscope; picture-in-picture; web-share\" allowfullscreen><\/iframe><\/p>\n<p style=\"text-align: center;\"><span style=\"color: #e14d43;\"><strong>LIVR\u00c9 AVEC<\/strong><\/span><\/p>\n<p><a href=\"http:\/\/forbabyboss.com\/wp-content\/uploads\/2021\/01\/comes-1.jpg\"><img loading=\"lazy\" decoding=\"async\" class=\"size-full wp-image-2059 aligncenter\" src=\"http:\/\/forbabyboss.com\/wp-content\/uploads\/2021\/01\/comes-1.jpg\" alt=\"\" width=\"567\" height=\"227\" \/><\/a><a href=\"http:\/\/forbabyboss.com\/wp-content\/uploads\/2021\/01\/comes-with-2.jpg\"><img loading=\"lazy\" decoding=\"async\" class=\"size-full wp-image-2058 aligncenter\" src=\"http:\/\/forbabyboss.com\/wp-content\/uploads\/2021\/01\/comes-with-2.jpg\" alt=\"\" width=\"755\" height=\"225\" srcset=\"https:\/\/forbabyboss.com\/wp-content\/uploads\/2021\/01\/comes-with-2.jpg 755w, https:\/\/forbabyboss.com\/wp-content\/uploads\/2021\/01\/comes-with-2-600x179.jpg 600w\" sizes=\"auto, (max-width: 755px) 100vw, 755px\" \/><\/a><\/p>\n<p><span style=\"color: #e14d43;\"><strong>Syst\u00e8me de voyage pour poussette 3 en 1<br \/>\n<\/strong><\/span><strong>Tout ce dont vous avez besoin dans un seul ensemble poussette. De la nacelle au si\u00e8ge auto, en passant par le sac \u00e0 provisions et la tablette de jeu. Gagnez du temps et de l'argent\u00a0: plus besoin de consulter des dizaines d'annonces\u00a0! Notre ensemble contient tout le n\u00e9cessaire pour que votre enfant voyage en toute s\u00e9curit\u00e9 et confortablement. Tous les accessoires d'une valeur de 40\u00a0\u00a3 sont offerts\u00a0!<\/strong><\/p>\n<p><span style=\"color: #d83131;\"><strong>Roues avant pivotantes verrouillables<\/strong><\/span><br \/>\n<strong>Gr\u00e2ce \u00e0 ses roues avant pivotantes, la poussette est facile \u00e0 man\u0153uvrer, m\u00eame dans les virages serr\u00e9s ou pour faire du shopping dans un centre commercial. Si vous souhaitez partir en excursion \u00e0 la campagne, vous pouvez bloquer les roues avant pour faciliter la marche sur les terrains accident\u00e9s.<\/strong><\/p>\n<p><a href=\"http:\/\/forbabyboss.com\/wp-content\/uploads\/2020\/12\/3in1-Car-seat-Pushchair-Buggy-Urbano-GaGaDumi-Travel-Baby-Pram-11.jpg\"><img loading=\"lazy\" decoding=\"async\" class=\"aligncenter size-medium wp-image-1210\" src=\"http:\/\/forbabyboss.com\/wp-content\/uploads\/2020\/12\/3in1-Car-seat-Pushchair-Buggy-Urbano-GaGaDumi-Travel-Baby-Pram-11-446x400.jpg\" alt=\"\" width=\"446\" height=\"400\" srcset=\"https:\/\/forbabyboss.com\/wp-content\/uploads\/2020\/12\/3in1-Car-seat-Pushchair-Buggy-Urbano-GaGaDumi-Travel-Baby-Pram-11-446x400.jpg 446w, https:\/\/forbabyboss.com\/wp-content\/uploads\/2020\/12\/3in1-Car-seat-Pushchair-Buggy-Urbano-GaGaDumi-Travel-Baby-Pram-11-891x800.jpg 891w, https:\/\/forbabyboss.com\/wp-content\/uploads\/2020\/12\/3in1-Car-seat-Pushchair-Buggy-Urbano-GaGaDumi-Travel-Baby-Pram-11-768x689.jpg 768w, https:\/\/forbabyboss.com\/wp-content\/uploads\/2020\/12\/3in1-Car-seat-Pushchair-Buggy-Urbano-GaGaDumi-Travel-Baby-Pram-11-600x539.jpg 600w, https:\/\/forbabyboss.com\/wp-content\/uploads\/2020\/12\/3in1-Car-seat-Pushchair-Buggy-Urbano-GaGaDumi-Travel-Baby-Pram-11.jpg 1200w\" sizes=\"auto, (max-width: 446px) 100vw, 446px\" \/><\/a><\/p>\n<p><span style=\"color: #e14d43;\"><strong>Ch\u00e2ssis robuste et l\u00e9ger - facile \u00e0 plier<\/strong><\/span><br \/>\n<strong>Des composants de haute qualit\u00e9 et une origine europ\u00e9enne rendent cette poussette durable et s\u00fbre, r\u00e9pondant \u00e0 vos attentes gr\u00e2ce \u00e0 sa taille compacte et son pliage facile.<\/strong><\/p>\n<p><strong>Vous pouvez \u00e9galement plier le ch\u00e2ssis avec les roues fix\u00e9es.<\/strong><\/p>\n<p><a href=\"http:\/\/forbabyboss.com\/wp-content\/uploads\/2020\/12\/3in1-Car-seat-Pushchair-Buggy-Urbano-GaGaDumi-Travel-Baby-Pram-1.jpg\"><img loading=\"lazy\" decoding=\"async\" class=\"aligncenter size-medium wp-image-1216\" src=\"http:\/\/forbabyboss.com\/wp-content\/uploads\/2020\/12\/3in1-Car-seat-Pushchair-Buggy-Urbano-GaGaDumi-Travel-Baby-Pram-1-313x400.jpg\" alt=\"\" width=\"313\" height=\"400\" srcset=\"https:\/\/forbabyboss.com\/wp-content\/uploads\/2020\/12\/3in1-Car-seat-Pushchair-Buggy-Urbano-GaGaDumi-Travel-Baby-Pram-1-313x400.jpg 313w, https:\/\/forbabyboss.com\/wp-content\/uploads\/2020\/12\/3in1-Car-seat-Pushchair-Buggy-Urbano-GaGaDumi-Travel-Baby-Pram-1-627x800.jpg 627w, https:\/\/forbabyboss.com\/wp-content\/uploads\/2020\/12\/3in1-Car-seat-Pushchair-Buggy-Urbano-GaGaDumi-Travel-Baby-Pram-1-768x980.jpg 768w, https:\/\/forbabyboss.com\/wp-content\/uploads\/2020\/12\/3in1-Car-seat-Pushchair-Buggy-Urbano-GaGaDumi-Travel-Baby-Pram-1-600x766.jpg 600w, https:\/\/forbabyboss.com\/wp-content\/uploads\/2020\/12\/3in1-Car-seat-Pushchair-Buggy-Urbano-GaGaDumi-Travel-Baby-Pram-1.jpg 1000w\" sizes=\"auto, (max-width: 313px) 100vw, 313px\" \/><\/a><\/p>\n<p><span style=\"color: #e14d43;\"><strong>Poign\u00e9e r\u00e9versible<\/strong><\/span><br \/>\n<strong>Poign\u00e9e r\u00e9versible. Cette solution unique rend la promenade confortable pour vous et votre enfant. Gr\u00e2ce \u00e0 la poign\u00e9e r\u00e9versible, vous pouvez regarder votre enfant (face \u00e0 vous) ou le laisser explorer le monde qui l'entoure (face \u00e0 la route).<\/strong><\/p>\n<p>&nbsp;<\/p>\n<p><span style=\"color: #e14d43;\"><strong>S\u00e9curit\u00e9<\/strong><\/span><br \/>\n<strong>La s\u00e9curit\u00e9 de votre enfant est notre priorit\u00e9 absolue. C'est pourquoi nos poussettes sont fabriqu\u00e9es dans l'UE selon les normes et standards les plus r\u00e9cents.<\/strong><\/p>\n<p><strong>Norme de si\u00e8ge auto ECE R44\/04<\/strong><\/p>\n<p><a href=\"http:\/\/forbabyboss.com\/wp-content\/uploads\/2020\/12\/3in1-Car-seat-Pushchair-Buggy-Urbano-GaGaDumi-Travel-Baby-Pram-10.jpg\"><img loading=\"lazy\" decoding=\"async\" class=\"aligncenter size-medium wp-image-1241\" src=\"http:\/\/forbabyboss.com\/wp-content\/uploads\/2020\/12\/3in1-Car-seat-Pushchair-Buggy-Urbano-GaGaDumi-Travel-Baby-Pram-10-533x400.jpg\" alt=\"\" width=\"533\" height=\"400\" srcset=\"https:\/\/forbabyboss.com\/wp-content\/uploads\/2020\/12\/3in1-Car-seat-Pushchair-Buggy-Urbano-GaGaDumi-Travel-Baby-Pram-10-533x400.jpg 533w, https:\/\/forbabyboss.com\/wp-content\/uploads\/2020\/12\/3in1-Car-seat-Pushchair-Buggy-Urbano-GaGaDumi-Travel-Baby-Pram-10-1067x800.jpg 1067w, https:\/\/forbabyboss.com\/wp-content\/uploads\/2020\/12\/3in1-Car-seat-Pushchair-Buggy-Urbano-GaGaDumi-Travel-Baby-Pram-10-768x576.jpg 768w, https:\/\/forbabyboss.com\/wp-content\/uploads\/2020\/12\/3in1-Car-seat-Pushchair-Buggy-Urbano-GaGaDumi-Travel-Baby-Pram-10.jpg 1200w\" sizes=\"auto, (max-width: 533px) 100vw, 533px\" \/><\/a><\/p>\n<p><span style=\"color: #e14d43;\"><strong>Achats<\/strong><\/span><\/p>\n<p><strong>Gr\u00e2ce au grand panier en dessous et au sac suppl\u00e9mentaire, vous pourrez facilement emmener votre tout-petit faire ses premi\u00e8res courses.<\/strong><\/p>\n<p><span style=\"color: #e14d43;\"><strong>si\u00e8ge auto<\/strong><\/span><br \/>\n<strong>Norme de s\u00e9curit\u00e9 la plus \u00e9lev\u00e9e ECE R44\/04 - Fabriqu\u00e9 dans l'Union europ\u00e9enne<\/strong><\/p>\n<p><strong>Jusqu'\u00e0 10 kg<\/strong><\/p>\n<p><strong>Harnais de s\u00e9curit\u00e9 3 points (r\u00e9glable). Poign\u00e9e r\u00e9glable. Coussin int\u00e9rieur, protection pour les jambes et pare-soleil inclus\u00a0! Valeur\u00a0: 45\u00a0\u00a3. Offert\u00a0!<\/strong><\/p>\n<p><strong>Convient d\u00e8s la naissance jusqu'\u00e0 11 kg<\/strong><\/p>\n<p><a href=\"http:\/\/forbabyboss.com\/wp-content\/uploads\/2020\/12\/3in1-Car-seat-Pushchair-Buggy-Urbano-GaGaDumi-Travel-Baby-Pram-8.jpg\"><img loading=\"lazy\" decoding=\"async\" class=\"aligncenter size-medium wp-image-1239\" src=\"http:\/\/forbabyboss.com\/wp-content\/uploads\/2020\/12\/3in1-Car-seat-Pushchair-Buggy-Urbano-GaGaDumi-Travel-Baby-Pram-8-533x400.jpg\" alt=\"\" width=\"533\" height=\"400\" srcset=\"https:\/\/forbabyboss.com\/wp-content\/uploads\/2020\/12\/3in1-Car-seat-Pushchair-Buggy-Urbano-GaGaDumi-Travel-Baby-Pram-8-533x400.jpg 533w, https:\/\/forbabyboss.com\/wp-content\/uploads\/2020\/12\/3in1-Car-seat-Pushchair-Buggy-Urbano-GaGaDumi-Travel-Baby-Pram-8-1067x800.jpg 1067w, https:\/\/forbabyboss.com\/wp-content\/uploads\/2020\/12\/3in1-Car-seat-Pushchair-Buggy-Urbano-GaGaDumi-Travel-Baby-Pram-8-768x576.jpg 768w, https:\/\/forbabyboss.com\/wp-content\/uploads\/2020\/12\/3in1-Car-seat-Pushchair-Buggy-Urbano-GaGaDumi-Travel-Baby-Pram-8.jpg 1200w\" sizes=\"auto, (max-width: 533px) 100vw, 533px\" \/><\/a><\/p>\n<p><span style=\"color: #e14d43;\"><strong>Suspension<\/strong><\/span><br \/>\n<strong>Gr\u00e2ce aux amortisseurs \u00e0 ressorts ind\u00e9pendants, votre enfant ne se r\u00e9veillera pas, m\u00eame sur une route cahoteuse.<\/strong><\/p>\n<p><a href=\"http:\/\/forbabyboss.com\/wp-content\/uploads\/2020\/12\/3in1-Car-seat-Pushchair-Buggy-Urbano-GaGaDumi-Travel-Baby-Pram-6.jpg\"><img loading=\"lazy\" decoding=\"async\" class=\"aligncenter size-medium wp-image-1237\" src=\"http:\/\/forbabyboss.com\/wp-content\/uploads\/2020\/12\/3in1-Car-seat-Pushchair-Buggy-Urbano-GaGaDumi-Travel-Baby-Pram-6-533x400.jpg\" alt=\"\" width=\"533\" height=\"400\" srcset=\"https:\/\/forbabyboss.com\/wp-content\/uploads\/2020\/12\/3in1-Car-seat-Pushchair-Buggy-Urbano-GaGaDumi-Travel-Baby-Pram-6-533x400.jpg 533w, https:\/\/forbabyboss.com\/wp-content\/uploads\/2020\/12\/3in1-Car-seat-Pushchair-Buggy-Urbano-GaGaDumi-Travel-Baby-Pram-6-1067x800.jpg 1067w, https:\/\/forbabyboss.com\/wp-content\/uploads\/2020\/12\/3in1-Car-seat-Pushchair-Buggy-Urbano-GaGaDumi-Travel-Baby-Pram-6-768x576.jpg 768w, https:\/\/forbabyboss.com\/wp-content\/uploads\/2020\/12\/3in1-Car-seat-Pushchair-Buggy-Urbano-GaGaDumi-Travel-Baby-Pram-6.jpg 1200w\" sizes=\"auto, (max-width: 533px) 100vw, 533px\" \/><\/a><\/p>\n<p><span style=\"color: #e14d43;\"><strong>Une excellente ventilation pour l'\u00e9t\u00e9<\/strong><\/span><\/p>\n<p><strong>Gr\u00e2ce \u00e0 une grande fen\u00eatre d'a\u00e9ration et une petite en haut, votre enfant profitera d'un confort optimal m\u00eame par temps chaud. Toutes les fen\u00eatres d'a\u00e9ration sont \u00e9quip\u00e9es d'une moustiquaire.<\/strong><\/p>\n<p><a href=\"http:\/\/forbabyboss.com\/wp-content\/uploads\/2020\/12\/3in1-Car-seat-Pushchair-Buggy-Urbano-GaGaDumi-Travel-Baby-Pram-2.jpg\"><img loading=\"lazy\" decoding=\"async\" class=\"aligncenter size-medium wp-image-1232\" src=\"http:\/\/forbabyboss.com\/wp-content\/uploads\/2020\/12\/3in1-Car-seat-Pushchair-Buggy-Urbano-GaGaDumi-Travel-Baby-Pram-2-533x400.jpg\" alt=\"\" width=\"533\" height=\"400\" srcset=\"https:\/\/forbabyboss.com\/wp-content\/uploads\/2020\/12\/3in1-Car-seat-Pushchair-Buggy-Urbano-GaGaDumi-Travel-Baby-Pram-2-533x400.jpg 533w, https:\/\/forbabyboss.com\/wp-content\/uploads\/2020\/12\/3in1-Car-seat-Pushchair-Buggy-Urbano-GaGaDumi-Travel-Baby-Pram-2-1067x800.jpg 1067w, https:\/\/forbabyboss.com\/wp-content\/uploads\/2020\/12\/3in1-Car-seat-Pushchair-Buggy-Urbano-GaGaDumi-Travel-Baby-Pram-2-768x576.jpg 768w, https:\/\/forbabyboss.com\/wp-content\/uploads\/2020\/12\/3in1-Car-seat-Pushchair-Buggy-Urbano-GaGaDumi-Travel-Baby-Pram-2.jpg 1200w\" sizes=\"auto, (max-width: 533px) 100vw, 533px\" \/><\/a><\/p>\n<p><span style=\"color: #e14d43;\"><strong>Plateau de jeu et barri\u00e8re de s\u00e9curit\u00e9<\/strong><\/span><br \/>\n<strong>Selon vos besoins, en mode sport, vous pouvez utiliser une barri\u00e8re de s\u00e9curit\u00e9 ou un plateau de jeu.<\/strong><\/p>\n<p><a href=\"http:\/\/forbabyboss.com\/wp-content\/uploads\/2020\/12\/3in1-Car-seat-Pushchair-Buggy-Urbano-GaGaDumi-Travel-Baby-Pram-3.png\"><img loading=\"lazy\" decoding=\"async\" class=\"aligncenter size-medium wp-image-1255\" src=\"http:\/\/forbabyboss.com\/wp-content\/uploads\/2020\/12\/3in1-Car-seat-Pushchair-Buggy-Urbano-GaGaDumi-Travel-Baby-Pram-3-533x400.png\" alt=\"\" width=\"533\" height=\"400\" srcset=\"https:\/\/forbabyboss.com\/wp-content\/uploads\/2020\/12\/3in1-Car-seat-Pushchair-Buggy-Urbano-GaGaDumi-Travel-Baby-Pram-3-533x400.png 533w, https:\/\/forbabyboss.com\/wp-content\/uploads\/2020\/12\/3in1-Car-seat-Pushchair-Buggy-Urbano-GaGaDumi-Travel-Baby-Pram-3-1067x800.png 1067w, https:\/\/forbabyboss.com\/wp-content\/uploads\/2020\/12\/3in1-Car-seat-Pushchair-Buggy-Urbano-GaGaDumi-Travel-Baby-Pram-3-768x576.png 768w, https:\/\/forbabyboss.com\/wp-content\/uploads\/2020\/12\/3in1-Car-seat-Pushchair-Buggy-Urbano-GaGaDumi-Travel-Baby-Pram-3.png 1200w\" sizes=\"auto, (max-width: 533px) 100vw, 533px\" \/><\/a><\/p>\n<p style=\"text-align: center;\"><span style=\"color: #e14d43;\"><strong>LIVR\u00c9 AVEC<\/strong><\/span><\/p>\n<p><a href=\"http:\/\/forbabyboss.com\/wp-content\/uploads\/2021\/01\/comes-1.jpg\"><img loading=\"lazy\" decoding=\"async\" class=\"size-full wp-image-2059 aligncenter\" src=\"http:\/\/forbabyboss.com\/wp-content\/uploads\/2021\/01\/comes-1.jpg\" alt=\"\" width=\"567\" height=\"227\" \/><\/a><a href=\"http:\/\/forbabyboss.com\/wp-content\/uploads\/2021\/01\/comes-with-2.jpg\"><img loading=\"lazy\" decoding=\"async\" class=\"size-full wp-image-2058 aligncenter\" src=\"http:\/\/forbabyboss.com\/wp-content\/uploads\/2021\/01\/comes-with-2.jpg\" alt=\"\" width=\"755\" height=\"225\" srcset=\"https:\/\/forbabyboss.com\/wp-content\/uploads\/2021\/01\/comes-with-2.jpg 755w, https:\/\/forbabyboss.com\/wp-content\/uploads\/2021\/01\/comes-with-2-600x179.jpg 600w\" sizes=\"auto, (max-width: 755px) 100vw, 755px\" \/><\/a><\/p>\n<p>&nbsp;<\/p>\n<p><a href=\"http:\/\/forbabyboss.com\/wp-content\/uploads\/2020\/12\/guaranteed-checkout.png\"><img loading=\"lazy\" decoding=\"async\" class=\"alignleft size-full wp-image-1885\" src=\"http:\/\/forbabyboss.com\/wp-content\/uploads\/2020\/12\/guaranteed-checkout.png\" alt=\"\" width=\"750\" height=\"276\" srcset=\"https:\/\/forbabyboss.com\/wp-content\/uploads\/2020\/12\/guaranteed-checkout.png 750w, https:\/\/forbabyboss.com\/wp-content\/uploads\/2020\/12\/guaranteed-checkout-600x221.png 600w\" sizes=\"auto, (max-width: 750px) 100vw, 750px\" \/><\/a><\/p>","protected":false},"excerpt":{"rendered":"<p><img loading=\"lazy\" decoding=\"async\" class=\"size-full wp-image-586 aligncenter\" src=\"http:\/\/forbabyboss.com\/wp-content\/uploads\/2020\/09\/Reviews-2.png\" alt=\"\" width=\"275\" height=\"45\" \/><\/p>\n<p style=\"text-align: center;\"><span style=\"font-size: 120%;\"><span style=\"font-size: 130%;\"><strong>Sauvegarder<\/strong><\/span><strong><span style=\"color: #e14d43;\"><span style=\"font-size: 130%;\"> 10%<\/span>\u00a0<\/span><\/strong>lorsque vous achetez\u00a0<strong>AUJOURD'HUI<\/strong>!<\/span><\/p>\n<p style=\"text-align: center;\"><span style=\"font-size: 120%;\"><span style=\"color: #000080;\"><strong>Livraison<\/strong><\/span> \u2013 4<strong>\u00a0days<\/strong><\/span><\/p>","protected":false},"featured_media":1999,"template":"","meta":[],"product_brand":[580],"product_cat":[334,156,130],"product_tag":[144,140,143,145,171,142,161,162,330],"class_list":{"0":"post-1282","1":"product","2":"type-product","3":"status-publish","4":"has-post-thumbnail","6":"product_brand-ggd","7":"product_cat-200-to-300","8":"product_cat-3-in-1","9":"product_cat-prams","10":"product_tag-baby-buggy","11":"product_tag-baby-pram","12":"product_tag-baby-stroller","13":"product_tag-buggy","14":"product_tag-pram","15":"product_tag-pushchair","16":"product_tag-stroller","17":"product_tag-travel-system","18":"product_tag-urbano","20":"first","21":"instock","22":"sale","23":"shipping-taxable","24":"purchasable","25":"product-type-simple"},"yoast_head":"<!-- This site is optimized with the Yoast SEO plugin v27.0 - https:\/\/yoast.com\/product\/yoast-seo-wordpress\/ -->\n<title>3 in 1 Stroller Urban Style Pushchair Buggy Travel Baby Pram with Car Seat In All Gray - For Baby Boss<\/title>\n<meta name=\"description\" content=\"3 in 1 Urban Style Pushchair Buggy Travel Baby Pram with Car Seat In All Gray\" \/>\n<meta name=\"robots\" content=\"index, follow, max-snippet:-1, max-image-preview:large, max-video-preview:-1\" \/>\n<link rel=\"canonical\" href=\"https:\/\/forbabyboss.com\/fr\/produit\/3-in-1-stroller-urban-style-pushchair-buggy-travel-baby-pram-with-car-seat-in-all-gray\/\" \/>\n<meta property=\"og:locale\" content=\"fr_FR\" \/>\n<meta property=\"og:type\" content=\"article\" \/>\n<meta property=\"og:title\" content=\"3 in 1 Stroller Urban Style Pushchair Buggy Travel Baby Pram with Car Seat In All Gray - For Baby Boss\" \/>\n<meta property=\"og:description\" content=\"3 in 1 Urban Style Pushchair Buggy Travel Baby Pram with Car Seat In All Gray\" \/>\n<meta property=\"og:url\" content=\"https:\/\/forbabyboss.com\/fr\/produit\/3-in-1-stroller-urban-style-pushchair-buggy-travel-baby-pram-with-car-seat-in-all-gray\/\" \/>\n<meta property=\"og:site_name\" content=\"For Baby Boss\" \/>\n<meta property=\"article:modified_time\" content=\"2026-02-21T13:32:55+00:00\" \/>\n<meta property=\"og:image\" content=\"https:\/\/forbabyboss.com\/wp-content\/uploads\/2020\/12\/3-in-1-Urban-Style-Pushchair-Buggy-Travel-Baby-Pram-with-Car-Seat-In-All-Gray.jpg\" \/>\n\t<meta property=\"og:image:width\" content=\"1200\" \/>\n\t<meta property=\"og:image:height\" content=\"1077\" \/>\n\t<meta property=\"og:image:type\" content=\"image\/jpeg\" \/>\n<meta name=\"twitter:card\" content=\"summary_large_image\" \/>\n<meta name=\"twitter:label1\" content=\"Dur\u00e9e de lecture estim\u00e9e\" \/>\n\t<meta name=\"twitter:data1\" content=\"5 minutes\" \/>\n<script type=\"application\/ld+json\" class=\"yoast-schema-graph\">{\"@context\":\"https:\/\/schema.org\",\"@graph\":[{\"@type\":\"WebPage\",\"@id\":\"https:\/\/forbabyboss.com\/product\/3-in-1-stroller-urban-style-pushchair-buggy-travel-baby-pram-with-car-seat-in-all-gray\/\",\"url\":\"https:\/\/forbabyboss.com\/product\/3-in-1-stroller-urban-style-pushchair-buggy-travel-baby-pram-with-car-seat-in-all-gray\/\",\"name\":\"3 in 1 Stroller Urban Style Pushchair Buggy Travel Baby Pram with Car Seat In All Gray - For Baby Boss\",\"isPartOf\":{\"@id\":\"https:\/\/powderblue-seahorse-496884.hostingersite.com\/#website\"},\"primaryImageOfPage\":{\"@id\":\"https:\/\/forbabyboss.com\/product\/3-in-1-stroller-urban-style-pushchair-buggy-travel-baby-pram-with-car-seat-in-all-gray\/#primaryimage\"},\"image\":{\"@id\":\"https:\/\/forbabyboss.com\/product\/3-in-1-stroller-urban-style-pushchair-buggy-travel-baby-pram-with-car-seat-in-all-gray\/#primaryimage\"},\"thumbnailUrl\":\"https:\/\/forbabyboss.com\/wp-content\/uploads\/2020\/12\/3-in-1-Urban-Style-Pushchair-Buggy-Travel-Baby-Pram-with-Car-Seat-In-All-Gray.jpg\",\"datePublished\":\"2020-12-29T10:58:39+00:00\",\"dateModified\":\"2026-02-21T13:32:55+00:00\",\"description\":\"3 in 1 Urban Style Pushchair Buggy Travel Baby Pram with Car Seat In All Gray\",\"breadcrumb\":{\"@id\":\"https:\/\/forbabyboss.com\/product\/3-in-1-stroller-urban-style-pushchair-buggy-travel-baby-pram-with-car-seat-in-all-gray\/#breadcrumb\"},\"inLanguage\":\"fr-FR\",\"potentialAction\":[{\"@type\":\"ReadAction\",\"target\":[\"https:\/\/forbabyboss.com\/product\/3-in-1-stroller-urban-style-pushchair-buggy-travel-baby-pram-with-car-seat-in-all-gray\/\"]}]},{\"@type\":\"ImageObject\",\"inLanguage\":\"fr-FR\",\"@id\":\"https:\/\/forbabyboss.com\/product\/3-in-1-stroller-urban-style-pushchair-buggy-travel-baby-pram-with-car-seat-in-all-gray\/#primaryimage\",\"url\":\"https:\/\/forbabyboss.com\/wp-content\/uploads\/2020\/12\/3-in-1-Urban-Style-Pushchair-Buggy-Travel-Baby-Pram-with-Car-Seat-In-All-Gray.jpg\",\"contentUrl\":\"https:\/\/forbabyboss.com\/wp-content\/uploads\/2020\/12\/3-in-1-Urban-Style-Pushchair-Buggy-Travel-Baby-Pram-with-Car-Seat-In-All-Gray.jpg\",\"width\":1200,\"height\":1077},{\"@type\":\"BreadcrumbList\",\"@id\":\"https:\/\/forbabyboss.com\/product\/3-in-1-stroller-urban-style-pushchair-buggy-travel-baby-pram-with-car-seat-in-all-gray\/#breadcrumb\",\"itemListElement\":[{\"@type\":\"ListItem\",\"position\":1,\"name\":\"Home\",\"item\":\"https:\/\/forbabyboss.com\/\"},{\"@type\":\"ListItem\",\"position\":2,\"name\":\"Shop\",\"item\":\"https:\/\/forbabyboss.com\/shop\/\"},{\"@type\":\"ListItem\",\"position\":3,\"name\":\"3 in 1 Stroller Urban Style Pushchair Buggy Travel Baby Pram with Car Seat In All Gray\"}]},{\"@type\":\"WebSite\",\"@id\":\"https:\/\/powderblue-seahorse-496884.hostingersite.com\/#website\",\"url\":\"https:\/\/powderblue-seahorse-496884.hostingersite.com\/\",\"name\":\"For Baby Boss\",\"description\":\"Beautiful gifts and accessories for your baby boss\",\"potentialAction\":[{\"@type\":\"SearchAction\",\"target\":{\"@type\":\"EntryPoint\",\"urlTemplate\":\"https:\/\/powderblue-seahorse-496884.hostingersite.com\/?s={search_term_string}\"},\"query-input\":{\"@type\":\"PropertyValueSpecification\",\"valueRequired\":true,\"valueName\":\"search_term_string\"}}],\"inLanguage\":\"fr-FR\"}]}<\/script>\n<!-- \/ Yoast SEO plugin. -->","yoast_head_json":{"title":"3 in 1 Stroller Urban Style Pushchair Buggy Travel Baby Pram with Car Seat In All Gray - For Baby Boss","description":"3 in 1 Urban Style Pushchair Buggy Travel Baby Pram with Car Seat In All Gray","robots":{"index":"index","follow":"follow","max-snippet":"max-snippet:-1","max-image-preview":"max-image-preview:large","max-video-preview":"max-video-preview:-1"},"canonical":"https:\/\/forbabyboss.com\/fr\/produit\/3-in-1-stroller-urban-style-pushchair-buggy-travel-baby-pram-with-car-seat-in-all-gray\/","og_locale":"fr_FR","og_type":"article","og_title":"3 in 1 Stroller Urban Style Pushchair Buggy Travel Baby Pram with Car Seat In All Gray - For Baby Boss","og_description":"3 in 1 Urban Style Pushchair Buggy Travel Baby Pram with Car Seat In All Gray","og_url":"https:\/\/forbabyboss.com\/fr\/produit\/3-in-1-stroller-urban-style-pushchair-buggy-travel-baby-pram-with-car-seat-in-all-gray\/","og_site_name":"For Baby Boss","article_modified_time":"2026-02-21T13:32:55+00:00","og_image":[{"width":1200,"height":1077,"url":"https:\/\/forbabyboss.com\/wp-content\/uploads\/2020\/12\/3-in-1-Urban-Style-Pushchair-Buggy-Travel-Baby-Pram-with-Car-Seat-In-All-Gray.jpg","type":"image\/jpeg"}],"twitter_card":"summary_large_image","twitter_misc":{"Dur\u00e9e de lecture estim\u00e9e":"5 minutes"},"schema":{"@context":"https:\/\/schema.org","@graph":[{"@type":"WebPage","@id":"https:\/\/forbabyboss.com\/product\/3-in-1-stroller-urban-style-pushchair-buggy-travel-baby-pram-with-car-seat-in-all-gray\/","url":"https:\/\/forbabyboss.com\/product\/3-in-1-stroller-urban-style-pushchair-buggy-travel-baby-pram-with-car-seat-in-all-gray\/","name":"3 in 1 Stroller Urban Style Pushchair Buggy Travel Baby Pram with Car Seat In All Gray - For Baby Boss","isPartOf":{"@id":"https:\/\/powderblue-seahorse-496884.hostingersite.com\/#website"},"primaryImageOfPage":{"@id":"https:\/\/forbabyboss.com\/product\/3-in-1-stroller-urban-style-pushchair-buggy-travel-baby-pram-with-car-seat-in-all-gray\/#primaryimage"},"image":{"@id":"https:\/\/forbabyboss.com\/product\/3-in-1-stroller-urban-style-pushchair-buggy-travel-baby-pram-with-car-seat-in-all-gray\/#primaryimage"},"thumbnailUrl":"https:\/\/forbabyboss.com\/wp-content\/uploads\/2020\/12\/3-in-1-Urban-Style-Pushchair-Buggy-Travel-Baby-Pram-with-Car-Seat-In-All-Gray.jpg","datePublished":"2020-12-29T10:58:39+00:00","dateModified":"2026-02-21T13:32:55+00:00","description":"3 in 1 Urban Style Pushchair Buggy Travel Baby Pram with Car Seat In All Gray","breadcrumb":{"@id":"https:\/\/forbabyboss.com\/product\/3-in-1-stroller-urban-style-pushchair-buggy-travel-baby-pram-with-car-seat-in-all-gray\/#breadcrumb"},"inLanguage":"fr-FR","potentialAction":[{"@type":"ReadAction","target":["https:\/\/forbabyboss.com\/product\/3-in-1-stroller-urban-style-pushchair-buggy-travel-baby-pram-with-car-seat-in-all-gray\/"]}]},{"@type":"ImageObject","inLanguage":"fr-FR","@id":"https:\/\/forbabyboss.com\/product\/3-in-1-stroller-urban-style-pushchair-buggy-travel-baby-pram-with-car-seat-in-all-gray\/#primaryimage","url":"https:\/\/forbabyboss.com\/wp-content\/uploads\/2020\/12\/3-in-1-Urban-Style-Pushchair-Buggy-Travel-Baby-Pram-with-Car-Seat-In-All-Gray.jpg","contentUrl":"https:\/\/forbabyboss.com\/wp-content\/uploads\/2020\/12\/3-in-1-Urban-Style-Pushchair-Buggy-Travel-Baby-Pram-with-Car-Seat-In-All-Gray.jpg","width":1200,"height":1077},{"@type":"BreadcrumbList","@id":"https:\/\/forbabyboss.com\/product\/3-in-1-stroller-urban-style-pushchair-buggy-travel-baby-pram-with-car-seat-in-all-gray\/#breadcrumb","itemListElement":[{"@type":"ListItem","position":1,"name":"Home","item":"https:\/\/forbabyboss.com\/"},{"@type":"ListItem","position":2,"name":"Shop","item":"https:\/\/forbabyboss.com\/shop\/"},{"@type":"ListItem","position":3,"name":"3 in 1 Stroller Urban Style Pushchair Buggy Travel Baby Pram with Car Seat In All Gray"}]},{"@type":"WebSite","@id":"https:\/\/powderblue-seahorse-496884.hostingersite.com\/#website","url":"https:\/\/powderblue-seahorse-496884.hostingersite.com\/","name":"Pour Baby Boss","description":"De magnifiques cadeaux et accessoires pour votre petit patron","potentialAction":[{"@type":"SearchAction","target":{"@type":"EntryPoint","urlTemplate":"https:\/\/powderblue-seahorse-496884.hostingersite.com\/?s={search_term_string}"},"query-input":{"@type":"PropertyValueSpecification","valueRequired":true,"valueName":"search_term_string"}}],"inLanguage":"fr-FR"}]}},"_links":{"self":[{"href":"https:\/\/forbabyboss.com\/fr\/wp-json\/wp\/v2\/product\/1282","targetHints":{"allow":["GET"]}}],"collection":[{"href":"https:\/\/forbabyboss.com\/fr\/wp-json\/wp\/v2\/product"}],"about":[{"href":"https:\/\/forbabyboss.com\/fr\/wp-json\/wp\/v2\/types\/product"}],"wp:featuredmedia":[{"embeddable":true,"href":"https:\/\/forbabyboss.com\/fr\/wp-json\/wp\/v2\/media\/1999"}],"wp:attachment":[{"href":"https:\/\/forbabyboss.com\/fr\/wp-json\/wp\/v2\/media?parent=1282"}],"wp:term":[{"taxonomy":"product_brand","embeddable":true,"href":"https:\/\/forbabyboss.com\/fr\/wp-json\/wp\/v2\/product_brand?post=1282"},{"taxonomy":"product_cat","embeddable":true,"href":"https:\/\/forbabyboss.com\/fr\/wp-json\/wp\/v2\/product_cat?post=1282"},{"taxonomy":"product_tag","embeddable":true,"href":"https:\/\/forbabyboss.com\/fr\/wp-json\/wp\/v2\/product_tag?post=1282"}],"curies":[{"name":"wp","href":"https:\/\/api.w.org\/{rel}","templated":true}]}}