{"id":4200,"date":"2022-09-08T08:22:13","date_gmt":"2022-09-08T08:22:13","guid":{"rendered":"http:\/\/forbabyboss.com\/?post_type=product&#038;p=4200"},"modified":"2026-02-21T15:21:36","modified_gmt":"2026-02-21T15:21:36","slug":"poussette-bebe-4-en-1-systeme-de-voyage-lo3","status":"publish","type":"product","link":"https:\/\/forbabyboss.com\/fr\/product\/baby-pram-pushchair-stroller-4in1-travel-system-lo3\/","title":{"rendered":"Poussette 4 en 1 pour b\u00e9b\u00e9 \u2013 LO3"},"content":{"rendered":"<p style=\"text-align: justify;\" align=\"center\"><strong><span style=\"font-size: medium; color: #282828;\">La Line 2.0 est un syst\u00e8me de voyage multifonction moderne con\u00e7u pour les parents recherchant un produit durable. Selon les besoins et l&#039;\u00e2ge de l&#039;enfant, la Line 2.0 se transforme en landau ou en poussette. Elle est con\u00e7ue pour transporter confortablement votre b\u00e9b\u00e9 ou votre jeune enfant de la naissance \u00e0 3 ans ou de 0 \u00e0 15 kg.<\/span><\/strong><\/p>\n<p style=\"text-align: justify;\" align=\"center\"><strong><span style=\"color: #282828;\"><span style=\"font-size: medium;\">Fabriqu\u00e9 en Europe \u00e0 partir de mat\u00e9riaux de haute qualit\u00e9, cadre l\u00e9ger en aluminium, design moderne.<\/span><span style=\"font-size: medium;\"><br \/>\n<\/span><\/span><\/strong><\/p>\n<div style=\"text-align: justify;\" align=\"center\">\n<p><strong><span style=\"font-size: medium; color: #282828;\">Homologation europ\u00e9enne EN 1888:2012<\/span><\/strong><\/p>\n<p><strong><span style=\"font-size: medium; color: #282828;\">Son cadre l\u00e9ger en aluminium et son amortisseur r\u00e9glable la rendent tr\u00e8s facile \u00e0 conduire.<\/span><\/strong><\/p>\n<p><strong><span style=\"font-size: medium; color: #282828;\">Les garnitures de la poussette sont confectionn\u00e9es dans des mat\u00e9riaux impr\u00e9gn\u00e9s de la plus haute qualit\u00e9, respectueux des enfants. Ces mat\u00e9riaux sont inalt\u00e9rables, imperm\u00e9ables et assurent une temp\u00e9rature id\u00e9ale en fonction des conditions m\u00e9t\u00e9orologiques. Les housses et les coussins int\u00e9rieurs amovibles sont garnis de coton hypoallerg\u00e9nique.<\/span><\/strong><\/p>\n<p>&nbsp;<\/p>\n<\/div>\n<h3 style=\"text-align: justify;\"><strong><span style=\"color: #282828;\"><span style=\"color: #e14d43;\">Caract\u00e9ristiques du produit<\/span>:<\/span><\/strong><\/h3>\n<ul>\n<li style=\"text-align: justify;\"><strong><span style=\"font-size: medium; color: #282828;\">Syst\u00e8me de voyage 2 en 1 ou 3 en 1<br \/>\n<\/span><\/strong><\/li>\n<li style=\"text-align: justify;\"><strong><span style=\"font-size: medium; color: #282828;\">Cadre en aluminium l\u00e9ger et robuste<\/span><\/strong><\/li>\n<li style=\"text-align: justify;\"><strong><span style=\"font-size: medium; color: #282828;\">Facile \u00e0 d\u00e9plier, compact une fois pli\u00e9<\/span><\/strong><\/li>\n<\/ul>\n<h3><strong><span style=\"font-size: 100%; color: #282828;\"><span style=\"color: #e14d43;\">Landau<\/span>:<\/span><\/strong><\/h3>\n<p><strong><span style=\"font-size: medium; color: #282828;\">Capuche ajustable \/ Doublure en similicuir de luxe \/ Poign\u00e9e de transport ajustable<\/span><\/strong><\/p>\n<p><strong><span style=\"color: #282828;\">L&#039;int\u00e9rieur est confectionn\u00e9 en coton et en daim de haute qualit\u00e9, adapt\u00e9s aux enfants et respirants.<\/span><\/strong><\/p>\n<p><strong><span style=\"color: #282828;\">Roues verrouillables, pivotantes \u00e0 360\u00b0, en mousse\/gel, \u00e0 l&#039;avant avec roulements,<\/span><\/strong><\/p>\n<p><strong><span style=\"color: #282828;\">frein central \u201c stop &amp; go \u201d ;<\/span><\/strong><\/p>\n<p><strong><span style=\"color: #282828;\">Capote amovible pour une meilleure protection solaire dans le si\u00e8ge\u00a0;<\/span><\/strong><\/p>\n<p><strong><span style=\"color: #282828;\">Nacelle \u00e9quip\u00e9e d&#039;un dossier r\u00e9glable en 3 points<\/span><\/strong><\/p>\n<p><strong><span style=\"color: #282828;\">Nacelle et capote de si\u00e8ge ventil\u00e9es ;<\/span><\/strong><\/p>\n<p><strong><span style=\"color: #282828;\">Poign\u00e9e r\u00e9glable en 3 points recouverte de cuir \u00e9cologique\u00a0;<\/span><\/strong><\/p>\n<p><strong><span style=\"color: #282828;\">syst\u00e8me orient\u00e9 vers l&#039;avant et vers l&#039;arri\u00e8re,<\/span><\/strong><\/p>\n<p><strong><span style=\"color: #282828;\">Panneau de visualisation parental tout autour avec moustiquaire<\/span><\/strong><\/p>\n<h4><strong><span style=\"font-size: medium; color: #282828;\"><span style=\"color: #e14d43;\">Poussette<\/span>:<\/span><\/strong><\/h4>\n<p><strong><span style=\"color: #282828;\">Dot\u00e9 d&#039;un repose-pieds et d&#039;un dossier r\u00e9glables ;<\/span><\/strong><\/p>\n<p><strong><span style=\"color: #282828;\">R\u00e9glable en position compl\u00e8tement allong\u00e9e,<\/span><\/strong><\/p>\n<p><strong><span style=\"color: #282828;\">Plusieurs positions d&#039;inclinaison<\/span><\/strong><\/p>\n<p><strong><span style=\"color: #282828;\">Si\u00e8ge r\u00e9versible pour le mode vue des parents<\/span><\/strong><\/p>\n<p><strong><span style=\"color: #282828;\">Harnais \u00e0 cinq points<\/span><\/strong><\/p>\n<p><strong><span style=\"color: #282828;\">Pare-chocs amovible<\/span><\/strong><\/p>\n<p><strong><span style=\"color: #282828;\">Chanceli\u00e8re incluse<\/span><\/strong><\/p>\n<p style=\"text-align: justify;\" align=\"center\"><strong><span style=\"font-size: medium; color: #282828;\"><span style=\"color: #e14d43;\">si\u00e8ge auto confortable<\/span>:<br \/>\n<\/span><\/strong><\/p>\n<div style=\"text-align: justify;\" align=\"center\">\n<p><strong><span style=\"font-size: medium; color: #282828;\">Seuls les si\u00e8ges auto Kite noirs ou gris sont disponibles. Veuillez nous indiquer la couleur souhait\u00e9e.<br \/>\nGroupe 0-13 kg :<\/span><\/strong><\/p>\n<p><strong><span style=\"font-size: medium; color: #282828;\">Homologation europ\u00e9enne ECE R44\/04<\/span><\/strong><\/p>\n<p><strong><span style=\"font-size: medium; color: #282828;\">Mont\u00e9 sur le ch\u00e2ssis par des adaptateurs<\/span><\/strong><\/p>\n<p><strong><span style=\"font-size: medium; color: #282828;\">Harnais \u00e0 3 points<\/span><\/strong><\/p>\n<p><strong><span style=\"font-size: medium; color: #282828;\">Coussin suppl\u00e9mentaire pour nouveau-n\u00e9<\/span><\/strong><\/p>\n<p><strong><span style=\"font-size: medium; color: #282828;\">housse de si\u00e8ge auto<\/span><\/strong><\/p>\n<p><strong><span style=\"font-size: medium; color: #282828;\">Poign\u00e9e r\u00e9glable pour le transport<\/span><\/strong><\/p>\n<p><strong><span style=\"font-size: medium; color: #282828;\">capote amovible<\/span><\/strong><\/p>\n<p><strong><span style=\"font-size: medium; color: #282828;\">Ceintures de s\u00e9curit\u00e9 r\u00e9glables en hauteur<\/span><\/strong><\/p>\n<p><strong><span style=\"font-size: medium; color: #282828;\">Mode face \u00e0 la route ou face \u00e0 l&#039;arri\u00e8re<\/span><\/strong><\/p>\n<p><strong><span style=\"font-size: medium; color: #282828;\">\u00c9quip\u00e9 de fixations ISOFIX*<\/span><\/strong><\/p>\n<p><strong><span style=\"font-size: medium; color: #282828;\">*BASE ISOFIX \u2013 en option<\/span><\/strong><\/p>\n<h3><strong><span style=\"color: #282828;\"><span style=\"font-size: medium;\">BASE ISOFIX*<\/span><\/span><\/strong><\/h3>\n<p><strong><span style=\"font-size: medium; color: #282828;\">Couleur : Noir\/Gris<\/span><\/strong><\/p>\n<p><strong><span style=\"font-size: medium; color: #282828;\">Convient d\u00e8s la naissance<\/span><\/strong><\/p>\n<p><strong><span style=\"font-size: medium; color: #282828;\">Se fixe directement au ch\u00e2ssis de la voiture gr\u00e2ce aux points de fixation ISOFIX du v\u00e9hicule.<\/span><\/strong><\/p>\n<p><strong><span style=\"font-size: medium; color: #282828;\">Peut \u00e9galement \u00eatre fix\u00e9 \u00e0 l&#039;aide de la ceinture de s\u00e9curit\u00e9 du v\u00e9hicule<\/span><\/strong><\/p>\n<p><strong><span style=\"font-size: medium; color: #282828;\">Compatible avec les si\u00e8ges auto<\/span><\/strong><\/p>\n<p><strong><span style=\"font-size: medium; color: #282828;\">Facile \u00e0 installer<\/span><\/strong><\/p>\n<p><strong><span style=\"font-size: medium; color: #282828;\">S\u00fbr et s\u00e9curis\u00e9<\/span><\/strong><\/p>\n<p><strong><span style=\"font-size: medium; color: #282828;\">Minimise les complications<\/span><\/strong><\/p>\n<p><strong><span style=\"font-size: medium; color: #282828;\">R\u00e9duit le risque de r\u00e9veiller b\u00e9b\u00e9 lors du transfert de la voiture \u00e0 la maison<\/span><\/strong><\/p>\n<p><strong><span style=\"font-size: medium; color: #282828;\">Le pied de support offre une stabilit\u00e9 et une s\u00e9curit\u00e9 optimales et s&#039;ajuste facilement pour un confort parfait.<\/span><\/strong><\/p>\n<p><strong><span style=\"font-size: medium; color: #282828;\">Les indicateurs de couleur confirment la bonne installation de la base sur le v\u00e9hicule.<\/span><\/strong><\/p>\n<\/div>\n<h3 style=\"text-align: justify;\" align=\"center\"><strong><span style=\"color: #e14d43;\">Prix inclus<\/span>:<\/strong><\/h3>\n<div style=\"text-align: justify;\" align=\"center\">\n<p><strong><span style=\"font-size: medium; color: #282828;\">Cadre solide + 4 roues en mousse\/gel (noyau en caoutchouc)<\/span><\/strong><\/p>\n<p><strong><span style=\"color: #282828;\">Lit de voyage<\/span><\/strong><\/p>\n<p><strong><span style=\"color: #282828;\">Poussette<\/span><\/strong><\/p>\n<p><strong><span style=\"color: #282828;\">Housse et matelas<\/span><\/strong><\/p>\n<p><strong><span style=\"color: #282828;\">Couvre-pieds \u2013 Chanceli\u00e8re<\/span><\/strong><\/p>\n<p><strong><span style=\"color: #282828;\">Si\u00e8ge auto (option 3 en 1)<\/span><\/strong><\/p>\n<p><strong><span style=\"color: #282828;\">\u00a0Capote amovible et housse pour si\u00e8ge auto (option 3 en 1)<\/span><\/strong><\/p>\n<p><strong><span style=\"color: #282828;\">Pare-chocs amovible<\/span><\/strong><\/p>\n<p><strong><span style=\"color: #282828;\">Couverture anti-pluie<\/span><\/strong><\/p>\n<p><strong><span style=\"color: #282828;\">moustiquaire<\/span><\/strong><\/p>\n<p><strong><span style=\"color: #282828;\">Sac pour accessoires avec matelas \u00e0 langer et bandouli\u00e8re<\/span><\/strong><\/p>\n<p><strong><span style=\"color: #282828;\">Panier d&#039;achat<\/span><\/strong><\/p>\n<p><strong><span style=\"color: #282828;\">Base Isofix (en option)<\/span><\/strong><\/p>\n<p><strong><span style=\"color: #282828;\">garantie de 24 mois<\/span><\/strong><\/p>\n<\/div>\n<h3 style=\"text-align: justify;\" align=\"center\"><strong><span style=\"font-size: medium; color: #282828;\"><span style=\"font-size: large;\"><span style=\"color: #e14d43;\">Sp\u00e9cifications techniques<\/span>:<\/span><\/span><\/strong><\/h3>\n<div style=\"text-align: justify;\" align=\"center\">\n<p><strong><span style=\"color: #282828;\">-possibilit\u00e9 de transporter la nacelle par la poign\u00e9e dans la cabine\u00a0;<\/span><\/strong><\/p>\n<p><strong><span style=\"color: #282828;\">\u2013 le fond de la nacelle est en bois<\/span><\/strong><\/p>\n<p><strong><span style=\"color: #282828;\">\u2013 une nacelle spacieuse avec ventilation dans le compartiment ;<\/span><\/strong><\/p>\n<p><strong><span style=\"color: #282828;\">\u2013 une fen\u00eatre dans la housse du berceau\u00a0;<\/span><\/strong><\/p>\n<p><strong><span style=\"color: #282828;\">\u2013 moustiquaire int\u00e9gr\u00e9e \u00e0 la cabine dans la nacelle et la poussette\u00a0;<\/span><\/strong><\/p>\n<p><strong><span style=\"color: #282828;\">\u2013 cadre d\u00e9pli\u00e9 78x58x99-115 cm ;<\/span><\/strong><\/p>\n<p><strong><span style=\"color: #282828;\">-dossier int\u00e9rieur ;<\/span><\/strong><\/p>\n<p><strong><span style=\"color: #282828;\">\u2013 cadre pli\u00e9 78x58x30 cm; sans roues 72x50x30 cm;<\/span><\/strong><\/p>\n<p><strong><span style=\"color: #282828;\">\u2013 doublure amovible \u00e0 l&#039;int\u00e9rieur de la nacelle\u00a0;<\/span><\/strong><\/p>\n<p><strong><span style=\"color: #282828;\">\u2013 int\u00e9rieur de la nacelle 76x34x21 cm ;<\/span><\/strong><\/p>\n<p><strong><span style=\"color: #282828;\">- matelas;<\/span><\/strong><\/p>\n<p><strong><span style=\"color: #282828;\">\u2013 poids du cadre avec roues environ 9 kg ;\u00a0<\/span><\/strong><\/p>\n<p><strong><span style=\"color: #282828;\">\u2013 r\u00e9glementation des cabines \u00e0 plusieurs \u00e9tapes\u00a0;<\/span><\/strong><\/p>\n<p><strong><span style=\"color: #282828;\">\u2013 12 roues arri\u00e8re, 10 roues avant en gel ;<\/span><\/strong><\/p>\n<p><strong><span style=\"color: #282828;\">\u2013 la hauteur du fond de la nacelle est de 66 cm de long ;<\/span><\/strong><\/p>\n<p><strong><span style=\"color: #282828;\">\u2013 le poids de la nacelle est d&#039;environ 4,8 kg ; si\u00e8ge de la poussette 34\u00d726 cm, repose-pieds 17 cm, dossier 47 cm ; poids de la poussette environ 4,8 kg ;<\/span><\/strong><\/p>\n<p><strong><a href=\"http:\/\/forbabyboss.com\/wp-content\/uploads\/2022\/09\/checkout.png\"><img loading=\"lazy\" decoding=\"async\" class=\"alignnone size-full wp-image-5965\" src=\"http:\/\/forbabyboss.com\/wp-content\/uploads\/2022\/09\/checkout.png\" alt=\"\" width=\"750\" height=\"276\" srcset=\"https:\/\/forbabyboss.com\/wp-content\/uploads\/2022\/09\/checkout.png 750w, https:\/\/forbabyboss.com\/wp-content\/uploads\/2022\/09\/checkout-600x221.png 600w\" sizes=\"auto, (max-width: 750px) 100vw, 750px\" \/><\/a><\/strong><\/p>\n<\/div>\n<div style=\"text-align: justify;\" align=\"center\"><\/div>\n<p>&nbsp;<\/p>","protected":false},"excerpt":{"rendered":"<p><a href=\"http:\/\/forbabyboss.com\/wp-content\/uploads\/2022\/09\/Star-Rating-5.png\"><img loading=\"lazy\" decoding=\"async\" class=\"alignnone wp-image-5973 aligncenter\" src=\"http:\/\/forbabyboss.com\/wp-content\/uploads\/2022\/09\/Star-Rating-5.png\" alt=\"\" width=\"299\" height=\"49\" \/><\/a><\/p>\n<p style=\"text-align: center;\"><span style=\"color: #e14d43; font-size: 115%;\"><strong>GARANTIE D&#039;ALIGNEMENT DES PRIX<\/strong><\/span><\/p>\n<p style=\"text-align: center;\"><span style=\"font-size: 115%;\"><span style=\"color: #003366;\">Livraison gratuite\u00a0<\/span>\u2013 2 \u00e0 7 jours<\/span><\/p>\n<p style=\"text-align: center;\"><span style=\"color: #008000; font-size: 115%;\"><strong>Cadeau offert pour tout achat sup\u00e9rieur \u00e0 100 \u00a3<\/strong><\/span><\/p>","protected":false},"featured_media":4203,"template":"","meta":[],"product_brand":[587],"product_cat":[339,156,197,305,130,209,211,229],"product_tag":[163,200,171],"class_list":{"0":"post-4200","1":"product","2":"type-product","3":"status-publish","4":"has-post-thumbnail","6":"product_brand-bexa","7":"product_cat-700-to-800","8":"product_cat-3-in-1","9":"product_cat-4-in-1-pram","10":"product_cat-colour","11":"product_cat-prams","12":"product_cat-push-chairs","13":"product_cat-stroller","14":"product_cat-white","15":"product_tag-3-in-1-prams","16":"product_tag-4-in-1-pram","17":"product_tag-pram","19":"first","20":"instock","21":"sale","22":"shipping-taxable","23":"purchasable","24":"product-type-simple"},"yoast_head":"<!-- This site is optimized with the Yoast SEO plugin v27.5 - https:\/\/yoast.com\/product\/yoast-seo-wordpress\/ -->\n<title>Baby Pram Pushchair Stroller 4in1 Travel System - LO3 - For Baby Boss<\/title>\n<meta name=\"description\" content=\"Baby Pram Pushchair Stroller 4in1 Travel System - LO3\" \/>\n<meta name=\"robots\" content=\"index, follow, max-snippet:-1, max-image-preview:large, max-video-preview:-1\" \/>\n<link rel=\"canonical\" href=\"https:\/\/forbabyboss.com\/fr\/produit\/poussette-bebe-4-en-1-systeme-de-voyage-lo3\/\" \/>\n<meta property=\"og:locale\" content=\"fr_FR\" \/>\n<meta property=\"og:type\" content=\"article\" \/>\n<meta property=\"og:title\" content=\"Baby Pram Pushchair Stroller 4in1 Travel System - LO3 - For Baby Boss\" \/>\n<meta property=\"og:description\" content=\"Baby Pram Pushchair Stroller 4in1 Travel System - LO3\" \/>\n<meta property=\"og:url\" content=\"https:\/\/forbabyboss.com\/fr\/produit\/poussette-bebe-4-en-1-systeme-de-voyage-lo3\/\" \/>\n<meta property=\"og:site_name\" content=\"For Baby Boss\" \/>\n<meta property=\"article:modified_time\" content=\"2026-02-21T15:21:36+00:00\" \/>\n<meta property=\"og:image\" content=\"https:\/\/forbabyboss.com\/wp-content\/uploads\/2022\/09\/Baby-Pram-Line-2.0-bexa-Pushchair-Buggy-Stroller-Car-Seat-4in1-Travel-System-LO3_MAIN.jpg\" \/>\n\t<meta property=\"og:image:width\" content=\"1020\" \/>\n\t<meta property=\"og:image:height\" content=\"1020\" \/>\n\t<meta property=\"og:image:type\" content=\"image\/jpeg\" \/>\n<meta name=\"twitter:card\" content=\"summary_large_image\" \/>\n<meta name=\"twitter:label1\" content=\"Dur\u00e9e de lecture estim\u00e9e\" \/>\n\t<meta name=\"twitter:data1\" content=\"3 minutes\" \/>\n<script type=\"application\/ld+json\" class=\"yoast-schema-graph\">{\"@context\":\"https:\\\/\\\/schema.org\",\"@graph\":[{\"@type\":\"WebPage\",\"@id\":\"https:\\\/\\\/forbabyboss.com\\\/product\\\/baby-pram-pushchair-stroller-4in1-travel-system-lo3\\\/\",\"url\":\"https:\\\/\\\/forbabyboss.com\\\/product\\\/baby-pram-pushchair-stroller-4in1-travel-system-lo3\\\/\",\"name\":\"Baby Pram Pushchair Stroller 4in1 Travel System - LO3 - For Baby Boss\",\"isPartOf\":{\"@id\":\"https:\\\/\\\/powderblue-seahorse-496884.hostingersite.com\\\/#website\"},\"primaryImageOfPage\":{\"@id\":\"https:\\\/\\\/forbabyboss.com\\\/product\\\/baby-pram-pushchair-stroller-4in1-travel-system-lo3\\\/#primaryimage\"},\"image\":{\"@id\":\"https:\\\/\\\/forbabyboss.com\\\/product\\\/baby-pram-pushchair-stroller-4in1-travel-system-lo3\\\/#primaryimage\"},\"thumbnailUrl\":\"https:\\\/\\\/forbabyboss.com\\\/wp-content\\\/uploads\\\/2022\\\/09\\\/Baby-Pram-Line-2.0-bexa-Pushchair-Buggy-Stroller-Car-Seat-4in1-Travel-System-LO3_MAIN.jpg\",\"datePublished\":\"2022-09-08T08:22:13+00:00\",\"dateModified\":\"2026-02-21T15:21:36+00:00\",\"description\":\"Baby Pram Pushchair Stroller 4in1 Travel System - LO3\",\"breadcrumb\":{\"@id\":\"https:\\\/\\\/forbabyboss.com\\\/product\\\/baby-pram-pushchair-stroller-4in1-travel-system-lo3\\\/#breadcrumb\"},\"inLanguage\":\"fr-FR\",\"potentialAction\":[{\"@type\":\"ReadAction\",\"target\":[\"https:\\\/\\\/forbabyboss.com\\\/product\\\/baby-pram-pushchair-stroller-4in1-travel-system-lo3\\\/\"]}]},{\"@type\":\"ImageObject\",\"inLanguage\":\"fr-FR\",\"@id\":\"https:\\\/\\\/forbabyboss.com\\\/product\\\/baby-pram-pushchair-stroller-4in1-travel-system-lo3\\\/#primaryimage\",\"url\":\"https:\\\/\\\/forbabyboss.com\\\/wp-content\\\/uploads\\\/2022\\\/09\\\/Baby-Pram-Line-2.0-bexa-Pushchair-Buggy-Stroller-Car-Seat-4in1-Travel-System-LO3_MAIN.jpg\",\"contentUrl\":\"https:\\\/\\\/forbabyboss.com\\\/wp-content\\\/uploads\\\/2022\\\/09\\\/Baby-Pram-Line-2.0-bexa-Pushchair-Buggy-Stroller-Car-Seat-4in1-Travel-System-LO3_MAIN.jpg\",\"width\":1020,\"height\":1020},{\"@type\":\"BreadcrumbList\",\"@id\":\"https:\\\/\\\/forbabyboss.com\\\/product\\\/baby-pram-pushchair-stroller-4in1-travel-system-lo3\\\/#breadcrumb\",\"itemListElement\":[{\"@type\":\"ListItem\",\"position\":1,\"name\":\"Home\",\"item\":\"https:\\\/\\\/forbabyboss.com\\\/\"},{\"@type\":\"ListItem\",\"position\":2,\"name\":\"Shop\",\"item\":\"https:\\\/\\\/forbabyboss.com\\\/shop\\\/\"},{\"@type\":\"ListItem\",\"position\":3,\"name\":\"Baby Pram Pushchair Stroller 4in1 Travel System &#8211; LO3\"}]},{\"@type\":\"WebSite\",\"@id\":\"https:\\\/\\\/powderblue-seahorse-496884.hostingersite.com\\\/#website\",\"url\":\"https:\\\/\\\/powderblue-seahorse-496884.hostingersite.com\\\/\",\"name\":\"For Baby Boss\",\"description\":\"Beautiful gifts and accessories for your baby boss\",\"potentialAction\":[{\"@type\":\"SearchAction\",\"target\":{\"@type\":\"EntryPoint\",\"urlTemplate\":\"https:\\\/\\\/powderblue-seahorse-496884.hostingersite.com\\\/?s={search_term_string}\"},\"query-input\":{\"@type\":\"PropertyValueSpecification\",\"valueRequired\":true,\"valueName\":\"search_term_string\"}}],\"inLanguage\":\"fr-FR\"}]}<\/script>\n<!-- \/ Yoast SEO plugin. -->","yoast_head_json":{"title":"Poussette 4 en 1 pour b\u00e9b\u00e9 - LO3 - Pour Baby Boss","description":"Poussette 4 en 1 pour b\u00e9b\u00e9 - LO3","robots":{"index":"index","follow":"follow","max-snippet":"max-snippet:-1","max-image-preview":"max-image-preview:large","max-video-preview":"max-video-preview:-1"},"canonical":"https:\/\/forbabyboss.com\/fr\/produit\/poussette-bebe-4-en-1-systeme-de-voyage-lo3\/","og_locale":"fr_FR","og_type":"article","og_title":"Baby Pram Pushchair Stroller 4in1 Travel System - LO3 - For Baby Boss","og_description":"Baby Pram Pushchair Stroller 4in1 Travel System - LO3","og_url":"https:\/\/forbabyboss.com\/fr\/produit\/poussette-bebe-4-en-1-systeme-de-voyage-lo3\/","og_site_name":"For Baby Boss","article_modified_time":"2026-02-21T15:21:36+00:00","og_image":[{"width":1020,"height":1020,"url":"https:\/\/forbabyboss.com\/wp-content\/uploads\/2022\/09\/Baby-Pram-Line-2.0-bexa-Pushchair-Buggy-Stroller-Car-Seat-4in1-Travel-System-LO3_MAIN.jpg","type":"image\/jpeg"}],"twitter_card":"summary_large_image","twitter_misc":{"Dur\u00e9e de lecture estim\u00e9e":"3 minutes"},"schema":{"@context":"https:\/\/schema.org","@graph":[{"@type":"WebPage","@id":"https:\/\/forbabyboss.com\/product\/baby-pram-pushchair-stroller-4in1-travel-system-lo3\/","url":"https:\/\/forbabyboss.com\/product\/baby-pram-pushchair-stroller-4in1-travel-system-lo3\/","name":"Poussette 4 en 1 pour b\u00e9b\u00e9 - LO3 - Pour Baby Boss","isPartOf":{"@id":"https:\/\/powderblue-seahorse-496884.hostingersite.com\/#website"},"primaryImageOfPage":{"@id":"https:\/\/forbabyboss.com\/product\/baby-pram-pushchair-stroller-4in1-travel-system-lo3\/#primaryimage"},"image":{"@id":"https:\/\/forbabyboss.com\/product\/baby-pram-pushchair-stroller-4in1-travel-system-lo3\/#primaryimage"},"thumbnailUrl":"https:\/\/forbabyboss.com\/wp-content\/uploads\/2022\/09\/Baby-Pram-Line-2.0-bexa-Pushchair-Buggy-Stroller-Car-Seat-4in1-Travel-System-LO3_MAIN.jpg","datePublished":"2022-09-08T08:22:13+00:00","dateModified":"2026-02-21T15:21:36+00:00","description":"Poussette 4 en 1 pour b\u00e9b\u00e9 - LO3","breadcrumb":{"@id":"https:\/\/forbabyboss.com\/product\/baby-pram-pushchair-stroller-4in1-travel-system-lo3\/#breadcrumb"},"inLanguage":"fr-FR","potentialAction":[{"@type":"ReadAction","target":["https:\/\/forbabyboss.com\/product\/baby-pram-pushchair-stroller-4in1-travel-system-lo3\/"]}]},{"@type":"ImageObject","inLanguage":"fr-FR","@id":"https:\/\/forbabyboss.com\/product\/baby-pram-pushchair-stroller-4in1-travel-system-lo3\/#primaryimage","url":"https:\/\/forbabyboss.com\/wp-content\/uploads\/2022\/09\/Baby-Pram-Line-2.0-bexa-Pushchair-Buggy-Stroller-Car-Seat-4in1-Travel-System-LO3_MAIN.jpg","contentUrl":"https:\/\/forbabyboss.com\/wp-content\/uploads\/2022\/09\/Baby-Pram-Line-2.0-bexa-Pushchair-Buggy-Stroller-Car-Seat-4in1-Travel-System-LO3_MAIN.jpg","width":1020,"height":1020},{"@type":"BreadcrumbList","@id":"https:\/\/forbabyboss.com\/product\/baby-pram-pushchair-stroller-4in1-travel-system-lo3\/#breadcrumb","itemListElement":[{"@type":"ListItem","position":1,"name":"Home","item":"https:\/\/forbabyboss.com\/"},{"@type":"ListItem","position":2,"name":"Shop","item":"https:\/\/forbabyboss.com\/shop\/"},{"@type":"ListItem","position":3,"name":"Baby Pram Pushchair Stroller 4in1 Travel System &#8211; LO3"}]},{"@type":"WebSite","@id":"https:\/\/powderblue-seahorse-496884.hostingersite.com\/#website","url":"https:\/\/powderblue-seahorse-496884.hostingersite.com\/","name":"Pour Baby Boss","description":"De magnifiques cadeaux et accessoires pour votre petit patron","potentialAction":[{"@type":"SearchAction","target":{"@type":"EntryPoint","urlTemplate":"https:\/\/powderblue-seahorse-496884.hostingersite.com\/?s={search_term_string}"},"query-input":{"@type":"PropertyValueSpecification","valueRequired":true,"valueName":"search_term_string"}}],"inLanguage":"fr-FR"}]}},"_links":{"self":[{"href":"https:\/\/forbabyboss.com\/fr\/wp-json\/wp\/v2\/product\/4200","targetHints":{"allow":["GET"]}}],"collection":[{"href":"https:\/\/forbabyboss.com\/fr\/wp-json\/wp\/v2\/product"}],"about":[{"href":"https:\/\/forbabyboss.com\/fr\/wp-json\/wp\/v2\/types\/product"}],"wp:featuredmedia":[{"embeddable":true,"href":"https:\/\/forbabyboss.com\/fr\/wp-json\/wp\/v2\/media\/4203"}],"wp:attachment":[{"href":"https:\/\/forbabyboss.com\/fr\/wp-json\/wp\/v2\/media?parent=4200"}],"wp:term":[{"taxonomy":"product_brand","embeddable":true,"href":"https:\/\/forbabyboss.com\/fr\/wp-json\/wp\/v2\/product_brand?post=4200"},{"taxonomy":"product_cat","embeddable":true,"href":"https:\/\/forbabyboss.com\/fr\/wp-json\/wp\/v2\/product_cat?post=4200"},{"taxonomy":"product_tag","embeddable":true,"href":"https:\/\/forbabyboss.com\/fr\/wp-json\/wp\/v2\/product_tag?post=4200"}],"curies":[{"name":"wp","href":"https:\/\/api.w.org\/{rel}","templated":true}]}}