{"id":4233,"date":"2022-09-21T15:06:41","date_gmt":"2022-09-21T15:06:41","guid":{"rendered":"http:\/\/forbabyboss.com\/?post_type=product&#038;p=4233"},"modified":"2026-02-21T10:40:57","modified_gmt":"2026-02-21T10:40:57","slug":"poussette-bebe-systeme-de-voyage-premium-4-en-1-siege-auto-01","status":"publish","type":"product","link":"https:\/\/forbabyboss.com\/fr\/product\/pushchair-baby-pram-premium-travel-system-4in1-car-seat-01\/","title":{"rendered":"Poussette b\u00e9b\u00e9 syst\u00e8me de voyage premium 4 en 1 si\u00e8ge auto \u2013 01"},"content":{"rendered":"<p style=\"text-align: justify;\"><strong><span style=\"color: #282828;\">Une nacelle au design \u00e9l\u00e9gant, disponible en 3 coloris : or, argent et noir. L\u00e9g\u00e8re et facile \u00e0 utiliser, sa structure robuste en aluminium est dot\u00e9e de roues amovibles permettant un d\u00e9montage complet pour un encombrement minimal. Le ch\u00e2ssis, \u00e9quip\u00e9 de barres lat\u00e9rales, est propos\u00e9 en 2 coloris : argent-noir et or-noir. Un syst\u00e8me de pliage simple et pratique permet de la replier facilement en position \u201c\u00a00\u00a0\u201d. Trois paires d&#039;amortisseurs \u00e0 fermet\u00e9 r\u00e9glable assurent un confort optimal \u00e0 votre enfant. L&#039;assise de la nacelle et le si\u00e8ge de marche b\u00e9n\u00e9ficient d&#039;une ventilation optimale et d&#039;une capote pare-soleil d\u00e9pliable. Spacieuse et confortable, la nacelle (85\u00a0cm de long) est \u00e9quip\u00e9e d&#039;un appui-t\u00eate r\u00e9glable en hauteur et d&#039;un syst\u00e8me de ventilation au niveau du plancher.<\/span><\/strong><\/p>\n<p style=\"text-align: justify;\"><strong><span style=\"color: #282828;\"><span style=\"color: #e14d43;\">Vous avez le choix entre quatre options.<\/span>:\u00a0<\/span><\/strong><\/p>\n<p style=\"text-align: justify;\" align=\"center\"><strong><span style=\"font-family: Arial; color: #282828;\">\u2013 un ch\u00e2ssis \u00e9l\u00e9gant avec nacelle (voir autres ventes aux ench\u00e8res)<\/span><\/strong><\/p>\n<p style=\"text-align: justify;\" align=\"center\"><strong><span style=\"font-family: Arial; color: #282828;\">\u2013 Option 2 en 1 comprenant ch\u00e2ssis, nacelle et poussette<\/span><\/strong><\/p>\n<p style=\"text-align: justify;\" align=\"center\"><strong><span style=\"font-family: Arial; color: #282828;\">\u2013 Option 3 en 1 comprenant un ch\u00e2ssis, une nacelle, une poussette et un si\u00e8ge auto<\/span><\/strong><\/p>\n<p style=\"text-align: justify;\" align=\"center\"><strong><span style=\"color: #282828;\"><span style=\"font-family: Arial;\">\u2013\u00a0\u00a0<\/span><span style=\"font-family: Arial;\">Option 4 en 1 comprenant tout ce qui pr\u00e9c\u00e8de, avec une base ISOFIX assurant stabilit\u00e9 et s\u00e9curit\u00e9 \u00e0 votre b\u00e9b\u00e9 lors de vos d\u00e9placements en voiture.<\/span><\/span><\/strong><\/p>\n<h3 style=\"text-align: justify;\" align=\"center\"><strong><span style=\"font-family: Arial; color: #282828;\"><span style=\"color: #e14d43;\">Caract\u00e9ristiques du produit<\/span>:<\/span><\/strong><\/h3>\n<p style=\"text-align: justify;\" align=\"center\"><strong><span style=\"font-family: Arial; color: #282828;\">\u2013 Construction \u00e9l\u00e9gante, l\u00e9g\u00e8re et durable en aluminium avec des \u201c axes \u201d extractibles, permettant un d\u00e9montage complet des roues<\/span><\/strong><\/p>\n<p style=\"text-align: justify;\" align=\"center\"><strong><span style=\"font-family: Arial; color: #282828;\">\u2013 Cadre noir \u00e9l\u00e9gant<\/span><\/strong><\/p>\n<p style=\"text-align: justify;\" align=\"center\"><strong><span style=\"font-family: Arial; color: #282828;\">\u2013 Syst\u00e8me de pliage simple et pratique pour les petites tailles \u2013 jusqu\u2019\u00e0 la position \u201c 0 \u201d<\/span><\/strong><\/p>\n<p style=\"text-align: justify;\" align=\"center\"><strong><span style=\"font-family: Arial; color: #282828;\">\u2013 Roues en mousse (gel) aussi souples que les roues gonfl\u00e9es (increvables), offrant un confort de conduite optimal \u00e0 votre enfant<\/span><\/strong><\/p>\n<p style=\"text-align: justify;\" align=\"center\"><strong><span style=\"font-family: Arial; color: #282828;\">\u2013 Roues du syst\u00e8me rotatif \u00e0 360 degr\u00e9s<\/span><\/strong><\/p>\n<p style=\"text-align: justify;\" align=\"center\"><strong><span style=\"font-family: Arial; color: #282828;\">\u2013 Syst\u00e8me antichoc<\/span><\/strong><\/p>\n<p style=\"text-align: justify;\" align=\"center\"><strong><span style=\"font-family: Arial; color: #282828;\">\u2013 Une poign\u00e9e r\u00e9glable permettant d&#039;adapter sa hauteur \u00e0 celle du parent<\/span><\/strong><\/p>\n<p style=\"text-align: justify;\" align=\"center\"><strong><span style=\"font-family: Arial; color: #282828;\">\u2013 Garantie de 24 mois<\/span><\/strong><\/p>\n<p style=\"text-align: justify;\" align=\"center\"><strong><span style=\"font-family: Arial; color: #282828;\">\u2013 Fen\u00eatre arri\u00e8re pour la ventilation<\/span><\/strong><\/p>\n<p style=\"text-align: justify;\" align=\"center\"><strong><span style=\"font-family: Arial; color: #282828;\">Nacelle extr\u00eamement spacieuse et confortable (longueur 85 cm) avec un syst\u00e8me de r\u00e9glage de l&#039;appui-t\u00eate intuitif et confortable, et une fonction de ventilation au niveau du fond.<\/span><\/strong><\/p>\n<p style=\"text-align: justify;\" align=\"center\"><strong><span style=\"font-family: Arial; color: #282828;\">\u2013 Un rev\u00eatement en caoutchouc suppl\u00e9mentaire sur le dessous de la nacelle assure une bonne adh\u00e9rence et la prot\u00e8ge des rayures.<\/span><\/strong><\/p>\n<p style=\"text-align: justify;\" align=\"center\"><strong><span style=\"font-family: Arial; color: #282828;\">\u2013 Harnais \u00e0 5 points<\/span><\/strong><\/p>\n<p style=\"text-align: justify;\" align=\"center\"><strong><span style=\"font-family: Arial; color: #282828;\">\u2013 Syst\u00e8me orient\u00e9 vers l&#039;avant et vers l&#039;arri\u00e8re<\/span><\/strong><\/p>\n<h3 style=\"text-align: left;\" align=\"center\"><span style=\"color: #e14d43;\"><b>Prix inclus\u00a0:<\/b><\/span><\/h3>\n<p style=\"text-align: justify;\" align=\"center\"><strong><span style=\"font-family: Arial; color: #282828;\">\u2013 Couverture anti-pluie<\/span><\/strong><\/p>\n<p style=\"text-align: justify;\" align=\"center\"><strong><span style=\"font-family: Arial; color: #282828;\">\u2013 Moustiquaire<\/span><\/strong><\/p>\n<p style=\"text-align: justify;\" align=\"center\"><strong><span style=\"font-family: Arial; color: #282828;\">- tasse<\/span><\/strong><\/p>\n<p style=\"text-align: justify;\" align=\"center\"><strong><span style=\"font-family: Arial; color: #282828;\">\u2013 Panier d&#039;achat<\/span><\/strong><\/p>\n<p style=\"text-align: justify;\" align=\"center\"><strong><span style=\"font-family: Arial; color: #282828;\">- Sac<\/span><\/strong><\/p>\n<p style=\"text-align: justify;\" align=\"center\"><strong><span style=\"font-family: Arial; color: #282828;\">\u2013 Pieds<\/span><\/strong><\/p>\n<p style=\"text-align: justify;\" align=\"center\"><strong><span style=\"font-family: Arial; color: #282828;\">\u2013 Chanceli\u00e8re<\/span><\/strong><\/p>\n<p style=\"text-align: justify;\" align=\"center\"><strong><span style=\"font-family: Arial; color: #282828;\">\u2013 Manchon<\/span><\/strong><\/p>\n<p style=\"text-align: justify;\" align=\"center\"><strong><span style=\"font-family: Arial; color: #282828;\">\u2013 Int\u00e9rieur amovible<\/span><\/strong><\/p>\n<p style=\"text-align: justify;\" align=\"center\"><strong><span style=\"font-family: Arial; color: #282828;\">\u2013 Dossier r\u00e9glable<\/span><\/strong><\/p>\n<p style=\"text-align: justify;\" align=\"center\"><strong><span style=\"font-family: Arial; color: #282828;\">\u2013 4 roues en gel<\/span><\/strong><\/p>\n<p style=\"text-align: justify;\" align=\"center\"><strong><span style=\"color: #282828;\"><span style=\"font-family: Arial;\">\u2013 Si\u00e8ge auto 0-13 kg (en option)<\/span>\u00a0<\/span><\/strong><\/p>\n<h3 style=\"text-align: justify;\" align=\"center\"><span style=\"color: #e14d43;\"><strong>BASE ISOFIX :<\/strong><\/span><\/h3>\n<p style=\"text-align: justify;\" align=\"center\"><strong><span style=\"font-family: Arial; color: #282828;\">\u2022 Couleur : Noir<\/span><\/strong><\/p>\n<p style=\"text-align: justify;\" align=\"center\"><strong><span style=\"font-family: Arial; color: #282828;\">\u2022 Convient d\u00e8s la naissance<\/span><\/strong><\/p>\n<p style=\"text-align: justify;\" align=\"center\"><strong><span style=\"font-family: Arial; color: #282828;\">\u2022 Se fixe directement au ch\u00e2ssis de la voiture gr\u00e2ce aux points de fixation ISOFIX du v\u00e9hicule.<\/span><\/strong><\/p>\n<p style=\"text-align: justify;\" align=\"center\"><strong><span style=\"font-family: Arial; color: #282828;\">\u2022 Peut \u00e9galement \u00eatre fix\u00e9 \u00e0 l&#039;aide de la ceinture de s\u00e9curit\u00e9 du v\u00e9hicule<\/span><\/strong><\/p>\n<p style=\"text-align: justify;\" align=\"center\"><strong><span style=\"font-family: Arial; color: #282828;\">\u2022 Facile \u00e0 installer<\/span><\/strong><\/p>\n<p style=\"text-align: justify;\" align=\"center\"><strong><span style=\"font-family: Arial; color: #282828;\">\u2022 S\u00fbr et s\u00e9curis\u00e9<\/span><\/strong><\/p>\n<p style=\"text-align: justify;\" align=\"center\"><strong><span style=\"font-family: Arial; color: #282828;\">\u2022 Minimise les complications<\/span><\/strong><\/p>\n<p style=\"text-align: justify;\" align=\"center\"><strong><span style=\"font-family: Arial; color: #282828;\">\u2022 R\u00e9duit le risque de r\u00e9veiller b\u00e9b\u00e9 lors du transfert de la voiture \u00e0 la maison<\/span><\/strong><\/p>\n<p style=\"text-align: justify;\" align=\"center\"><strong><span style=\"font-family: Arial; color: #282828;\">\u2022 Le pied de support offre une stabilit\u00e9 et une s\u00e9curit\u00e9 optimales et s&#039;ajuste facilement pour un confort parfait.<\/span><\/strong><\/p>\n<p style=\"text-align: justify;\" align=\"center\"><strong><span style=\"font-family: Arial; color: #282828;\">\u2022 Des indicateurs de couleur confirment la bonne installation de la base sur le v\u00e9hicule<\/span><\/strong><\/p>\n<h3 style=\"text-align: justify;\" align=\"center\"><span style=\"color: #e14d43;\"><strong><span style=\"font-size: 120%;\"><span style=\"font-family: Arial;\">DIMENSIONS<span style=\"color: #000000;\">:<\/span><\/span><\/span><\/strong><\/span><\/h3>\n<h4 style=\"text-align: justify;\" align=\"center\"><strong><span style=\"font-family: Arial; color: #282828;\"><span style=\"color: #e14d43;\">Lit de voyage<span style=\"color: #000000;\">:<\/span><\/span><br \/>\n\u2022 poids \u2013 3,5 kg<br \/>\n\u2022 Poids total de la poussette : 15 kg<br \/>\n\u2022 Ch\u00e2ssis avec nacelle : H.125,5 cm x L. 60 cm x P. 98 cm<\/span><\/strong><\/h4>\n<p><strong><span style=\"color: #282828;\"><span style=\"color: #e14d43;\">Poussette<\/span>:<\/span><\/strong><br \/>\n<strong><span style=\"color: #282828;\">\u2022 poids \u2013 5,5 kg<\/span><\/strong><br \/>\n<strong><span style=\"color: #282828;\">\u2022 Assise : L. 36 cm x l. 84 cm<\/span><\/strong><\/p>\n<p><span style=\"color: #e14d43;\"><strong>si\u00e8ge auto<span style=\"color: #000000;\">:<\/span><\/strong><\/span><br \/>\n<strong><span style=\"color: #282828;\">\u2022 Poids : 3,3 kg<\/span><\/strong><br \/>\n<strong><span style=\"color: #282828;\">\u2022 pour les enfants pesant de 0 \u00e0 13 kg<\/span><\/strong><\/p>\n<p><span style=\"color: #e14d43;\"><strong>Cadre<span style=\"color: #000000;\">:<\/span><\/strong><\/span><br \/>\n<strong><span style=\"color: #282828;\">\u2022 poids \u2013 6 kg<\/span><\/strong><br \/>\n<strong><span style=\"color: #282828;\">\u2022 ouvert 98 x 60 x 125,5 cm<\/span><\/strong><br \/>\n<strong><span style=\"color: #282828;\">\u2022 ferm\u00e9 82,5 x 40,5 cm<\/span><\/strong><\/p>\n<p><a href=\"http:\/\/forbabyboss.com\/wp-content\/uploads\/2022\/09\/checkout.png\"><img loading=\"lazy\" decoding=\"async\" class=\"alignnone size-full wp-image-5965\" src=\"http:\/\/forbabyboss.com\/wp-content\/uploads\/2022\/09\/checkout.png\" alt=\"\" width=\"750\" height=\"276\" srcset=\"https:\/\/forbabyboss.com\/wp-content\/uploads\/2022\/09\/checkout.png 750w, https:\/\/forbabyboss.com\/wp-content\/uploads\/2022\/09\/checkout-600x221.png 600w\" sizes=\"auto, (max-width: 750px) 100vw, 750px\" \/><\/a><\/p>","protected":false},"excerpt":{"rendered":"<p><a href=\"http:\/\/forbabyboss.com\/wp-content\/uploads\/2022\/09\/Star-Rating-5.png\"><img loading=\"lazy\" decoding=\"async\" class=\"alignnone wp-image-5973 aligncenter\" src=\"http:\/\/forbabyboss.com\/wp-content\/uploads\/2022\/09\/Star-Rating-5.png\" alt=\"\" width=\"299\" height=\"49\" \/><\/a><\/p>\n<p style=\"text-align: center;\"><span style=\"color: #e14d43; font-size: 115%;\"><strong>GARANTIE D&#039;ALIGNEMENT DES PRIX<\/strong><\/span><\/p>\n<p style=\"text-align: center;\"><span style=\"font-size: 115%;\"><span style=\"color: #003366;\">Livraison gratuite\u00a0<\/span>\u2013 2 \u00e0 7 jours<\/span><\/p>\n<p style=\"text-align: center;\"><span style=\"color: #008000; font-size: 115%;\"><strong>Cadeau offert pour tout achat sup\u00e9rieur \u00e0 100 \u00a3<\/strong><\/span><\/p>","protected":false},"featured_media":4239,"template":"","meta":[],"product_brand":[],"product_cat":[340,156,197,305,130,209,211,229],"product_tag":[163,200,199],"class_list":{"0":"post-4233","1":"product","2":"type-product","3":"status-publish","4":"has-post-thumbnail","6":"product_cat-800-to-900","7":"product_cat-3-in-1","8":"product_cat-4-in-1-pram","9":"product_cat-colour","10":"product_cat-prams","11":"product_cat-push-chairs","12":"product_cat-stroller","13":"product_cat-white","14":"product_tag-3-in-1-prams","15":"product_tag-4-in-1-pram","16":"product_tag-prams","18":"first","19":"instock","20":"shipping-taxable","21":"purchasable","22":"product-type-simple"},"yoast_head":"<!-- This site is optimized with the Yoast SEO plugin v27.5 - https:\/\/yoast.com\/product\/yoast-seo-wordpress\/ -->\n<title>Pushchair Baby Pram Premium Travel System 4in1 Car Seat - 01 - For Baby Boss<\/title>\n<meta name=\"description\" content=\"Pushchair Baby Pram Premium Travel System 4in1 Car Seat - 01\" \/>\n<meta name=\"robots\" content=\"index, follow, max-snippet:-1, max-image-preview:large, max-video-preview:-1\" \/>\n<link rel=\"canonical\" href=\"https:\/\/forbabyboss.com\/fr\/produit\/poussette-bebe-systeme-de-voyage-premium-4-en-1-siege-auto-01\/\" \/>\n<meta property=\"og:locale\" content=\"fr_FR\" \/>\n<meta property=\"og:type\" content=\"article\" \/>\n<meta property=\"og:title\" content=\"Pushchair Baby Pram Premium Travel System 4in1 Car Seat - 01 - For Baby Boss\" \/>\n<meta property=\"og:description\" content=\"Pushchair Baby Pram Premium Travel System 4in1 Car Seat - 01\" \/>\n<meta property=\"og:url\" content=\"https:\/\/forbabyboss.com\/fr\/produit\/poussette-bebe-systeme-de-voyage-premium-4-en-1-siege-auto-01\/\" \/>\n<meta property=\"og:site_name\" content=\"For Baby Boss\" \/>\n<meta property=\"article:modified_time\" content=\"2026-02-21T10:40:57+00:00\" \/>\n<meta property=\"og:image\" content=\"https:\/\/forbabyboss.com\/wp-content\/uploads\/2022\/09\/Baby-Pram-Pushchair-Paradise-Euforia-Premium-Travel-System-4in1-Car-Seat-01_MAIN.jpg\" \/>\n\t<meta property=\"og:image:width\" content=\"1020\" \/>\n\t<meta property=\"og:image:height\" content=\"1164\" \/>\n\t<meta property=\"og:image:type\" content=\"image\/jpeg\" \/>\n<meta name=\"twitter:card\" content=\"summary_large_image\" \/>\n<meta name=\"twitter:label1\" content=\"Dur\u00e9e de lecture estim\u00e9e\" \/>\n\t<meta name=\"twitter:data1\" content=\"3 minutes\" \/>\n<script type=\"application\/ld+json\" class=\"yoast-schema-graph\">{\"@context\":\"https:\\\/\\\/schema.org\",\"@graph\":[{\"@type\":\"WebPage\",\"@id\":\"https:\\\/\\\/forbabyboss.com\\\/product\\\/pushchair-baby-pram-premium-travel-system-4in1-car-seat-01\\\/\",\"url\":\"https:\\\/\\\/forbabyboss.com\\\/product\\\/pushchair-baby-pram-premium-travel-system-4in1-car-seat-01\\\/\",\"name\":\"Pushchair Baby Pram Premium Travel System 4in1 Car Seat - 01 - For Baby Boss\",\"isPartOf\":{\"@id\":\"https:\\\/\\\/powderblue-seahorse-496884.hostingersite.com\\\/#website\"},\"primaryImageOfPage\":{\"@id\":\"https:\\\/\\\/forbabyboss.com\\\/product\\\/pushchair-baby-pram-premium-travel-system-4in1-car-seat-01\\\/#primaryimage\"},\"image\":{\"@id\":\"https:\\\/\\\/forbabyboss.com\\\/product\\\/pushchair-baby-pram-premium-travel-system-4in1-car-seat-01\\\/#primaryimage\"},\"thumbnailUrl\":\"https:\\\/\\\/forbabyboss.com\\\/wp-content\\\/uploads\\\/2022\\\/09\\\/Baby-Pram-Pushchair-Paradise-Euforia-Premium-Travel-System-4in1-Car-Seat-01_MAIN.jpg\",\"datePublished\":\"2022-09-21T15:06:41+00:00\",\"dateModified\":\"2026-02-21T10:40:57+00:00\",\"description\":\"Pushchair Baby Pram Premium Travel System 4in1 Car Seat - 01\",\"breadcrumb\":{\"@id\":\"https:\\\/\\\/forbabyboss.com\\\/product\\\/pushchair-baby-pram-premium-travel-system-4in1-car-seat-01\\\/#breadcrumb\"},\"inLanguage\":\"fr-FR\",\"potentialAction\":[{\"@type\":\"ReadAction\",\"target\":[\"https:\\\/\\\/forbabyboss.com\\\/product\\\/pushchair-baby-pram-premium-travel-system-4in1-car-seat-01\\\/\"]}]},{\"@type\":\"ImageObject\",\"inLanguage\":\"fr-FR\",\"@id\":\"https:\\\/\\\/forbabyboss.com\\\/product\\\/pushchair-baby-pram-premium-travel-system-4in1-car-seat-01\\\/#primaryimage\",\"url\":\"https:\\\/\\\/forbabyboss.com\\\/wp-content\\\/uploads\\\/2022\\\/09\\\/Baby-Pram-Pushchair-Paradise-Euforia-Premium-Travel-System-4in1-Car-Seat-01_MAIN.jpg\",\"contentUrl\":\"https:\\\/\\\/forbabyboss.com\\\/wp-content\\\/uploads\\\/2022\\\/09\\\/Baby-Pram-Pushchair-Paradise-Euforia-Premium-Travel-System-4in1-Car-Seat-01_MAIN.jpg\",\"width\":1020,\"height\":1164},{\"@type\":\"BreadcrumbList\",\"@id\":\"https:\\\/\\\/forbabyboss.com\\\/product\\\/pushchair-baby-pram-premium-travel-system-4in1-car-seat-01\\\/#breadcrumb\",\"itemListElement\":[{\"@type\":\"ListItem\",\"position\":1,\"name\":\"Home\",\"item\":\"https:\\\/\\\/forbabyboss.com\\\/\"},{\"@type\":\"ListItem\",\"position\":2,\"name\":\"Shop\",\"item\":\"https:\\\/\\\/forbabyboss.com\\\/shop\\\/\"},{\"@type\":\"ListItem\",\"position\":3,\"name\":\"Pushchair Baby Pram Premium Travel System 4in1 Car Seat &#8211; 01\"}]},{\"@type\":\"WebSite\",\"@id\":\"https:\\\/\\\/powderblue-seahorse-496884.hostingersite.com\\\/#website\",\"url\":\"https:\\\/\\\/powderblue-seahorse-496884.hostingersite.com\\\/\",\"name\":\"For Baby Boss\",\"description\":\"Beautiful gifts and accessories for your baby boss\",\"potentialAction\":[{\"@type\":\"SearchAction\",\"target\":{\"@type\":\"EntryPoint\",\"urlTemplate\":\"https:\\\/\\\/powderblue-seahorse-496884.hostingersite.com\\\/?s={search_term_string}\"},\"query-input\":{\"@type\":\"PropertyValueSpecification\",\"valueRequired\":true,\"valueName\":\"search_term_string\"}}],\"inLanguage\":\"fr-FR\"}]}<\/script>\n<!-- \/ Yoast SEO plugin. -->","yoast_head_json":{"title":"Poussette b\u00e9b\u00e9 syst\u00e8me de voyage premium 4 en 1 si\u00e8ge auto - 01 - Pour Baby Boss","description":"Poussette b\u00e9b\u00e9 syst\u00e8me de voyage premium 4 en 1 si\u00e8ge auto - 01","robots":{"index":"index","follow":"follow","max-snippet":"max-snippet:-1","max-image-preview":"max-image-preview:large","max-video-preview":"max-video-preview:-1"},"canonical":"https:\/\/forbabyboss.com\/fr\/produit\/poussette-bebe-systeme-de-voyage-premium-4-en-1-siege-auto-01\/","og_locale":"fr_FR","og_type":"article","og_title":"Pushchair Baby Pram Premium Travel System 4in1 Car Seat - 01 - For Baby Boss","og_description":"Pushchair Baby Pram Premium Travel System 4in1 Car Seat - 01","og_url":"https:\/\/forbabyboss.com\/fr\/produit\/poussette-bebe-systeme-de-voyage-premium-4-en-1-siege-auto-01\/","og_site_name":"For Baby Boss","article_modified_time":"2026-02-21T10:40:57+00:00","og_image":[{"width":1020,"height":1164,"url":"https:\/\/forbabyboss.com\/wp-content\/uploads\/2022\/09\/Baby-Pram-Pushchair-Paradise-Euforia-Premium-Travel-System-4in1-Car-Seat-01_MAIN.jpg","type":"image\/jpeg"}],"twitter_card":"summary_large_image","twitter_misc":{"Dur\u00e9e de lecture estim\u00e9e":"3 minutes"},"schema":{"@context":"https:\/\/schema.org","@graph":[{"@type":"WebPage","@id":"https:\/\/forbabyboss.com\/product\/pushchair-baby-pram-premium-travel-system-4in1-car-seat-01\/","url":"https:\/\/forbabyboss.com\/product\/pushchair-baby-pram-premium-travel-system-4in1-car-seat-01\/","name":"Poussette b\u00e9b\u00e9 syst\u00e8me de voyage premium 4 en 1 si\u00e8ge auto - 01 - Pour Baby Boss","isPartOf":{"@id":"https:\/\/powderblue-seahorse-496884.hostingersite.com\/#website"},"primaryImageOfPage":{"@id":"https:\/\/forbabyboss.com\/product\/pushchair-baby-pram-premium-travel-system-4in1-car-seat-01\/#primaryimage"},"image":{"@id":"https:\/\/forbabyboss.com\/product\/pushchair-baby-pram-premium-travel-system-4in1-car-seat-01\/#primaryimage"},"thumbnailUrl":"https:\/\/forbabyboss.com\/wp-content\/uploads\/2022\/09\/Baby-Pram-Pushchair-Paradise-Euforia-Premium-Travel-System-4in1-Car-Seat-01_MAIN.jpg","datePublished":"2022-09-21T15:06:41+00:00","dateModified":"2026-02-21T10:40:57+00:00","description":"Poussette b\u00e9b\u00e9 syst\u00e8me de voyage premium 4 en 1 si\u00e8ge auto - 01","breadcrumb":{"@id":"https:\/\/forbabyboss.com\/product\/pushchair-baby-pram-premium-travel-system-4in1-car-seat-01\/#breadcrumb"},"inLanguage":"fr-FR","potentialAction":[{"@type":"ReadAction","target":["https:\/\/forbabyboss.com\/product\/pushchair-baby-pram-premium-travel-system-4in1-car-seat-01\/"]}]},{"@type":"ImageObject","inLanguage":"fr-FR","@id":"https:\/\/forbabyboss.com\/product\/pushchair-baby-pram-premium-travel-system-4in1-car-seat-01\/#primaryimage","url":"https:\/\/forbabyboss.com\/wp-content\/uploads\/2022\/09\/Baby-Pram-Pushchair-Paradise-Euforia-Premium-Travel-System-4in1-Car-Seat-01_MAIN.jpg","contentUrl":"https:\/\/forbabyboss.com\/wp-content\/uploads\/2022\/09\/Baby-Pram-Pushchair-Paradise-Euforia-Premium-Travel-System-4in1-Car-Seat-01_MAIN.jpg","width":1020,"height":1164},{"@type":"BreadcrumbList","@id":"https:\/\/forbabyboss.com\/product\/pushchair-baby-pram-premium-travel-system-4in1-car-seat-01\/#breadcrumb","itemListElement":[{"@type":"ListItem","position":1,"name":"Home","item":"https:\/\/forbabyboss.com\/"},{"@type":"ListItem","position":2,"name":"Shop","item":"https:\/\/forbabyboss.com\/shop\/"},{"@type":"ListItem","position":3,"name":"Pushchair Baby Pram Premium Travel System 4in1 Car Seat &#8211; 01"}]},{"@type":"WebSite","@id":"https:\/\/powderblue-seahorse-496884.hostingersite.com\/#website","url":"https:\/\/powderblue-seahorse-496884.hostingersite.com\/","name":"Pour Baby Boss","description":"De magnifiques cadeaux et accessoires pour votre petit patron","potentialAction":[{"@type":"SearchAction","target":{"@type":"EntryPoint","urlTemplate":"https:\/\/powderblue-seahorse-496884.hostingersite.com\/?s={search_term_string}"},"query-input":{"@type":"PropertyValueSpecification","valueRequired":true,"valueName":"search_term_string"}}],"inLanguage":"fr-FR"}]}},"_links":{"self":[{"href":"https:\/\/forbabyboss.com\/fr\/wp-json\/wp\/v2\/product\/4233","targetHints":{"allow":["GET"]}}],"collection":[{"href":"https:\/\/forbabyboss.com\/fr\/wp-json\/wp\/v2\/product"}],"about":[{"href":"https:\/\/forbabyboss.com\/fr\/wp-json\/wp\/v2\/types\/product"}],"wp:featuredmedia":[{"embeddable":true,"href":"https:\/\/forbabyboss.com\/fr\/wp-json\/wp\/v2\/media\/4239"}],"wp:attachment":[{"href":"https:\/\/forbabyboss.com\/fr\/wp-json\/wp\/v2\/media?parent=4233"}],"wp:term":[{"taxonomy":"product_brand","embeddable":true,"href":"https:\/\/forbabyboss.com\/fr\/wp-json\/wp\/v2\/product_brand?post=4233"},{"taxonomy":"product_cat","embeddable":true,"href":"https:\/\/forbabyboss.com\/fr\/wp-json\/wp\/v2\/product_cat?post=4233"},{"taxonomy":"product_tag","embeddable":true,"href":"https:\/\/forbabyboss.com\/fr\/wp-json\/wp\/v2\/product_tag?post=4233"}],"curies":[{"name":"wp","href":"https:\/\/api.w.org\/{rel}","templated":true}]}}