{"id":4640,"date":"2022-09-09T13:03:19","date_gmt":"2022-09-09T13:03:19","guid":{"rendered":"http:\/\/forbabyboss.com\/?post_type=product&#038;p=4640"},"modified":"2026-02-21T16:21:47","modified_gmt":"2026-02-21T16:21:47","slug":"poussette-baby-parm-mirror-satin-4-en-1-systeme-de-voyage-noir-et-or","status":"publish","type":"product","link":"https:\/\/forbabyboss.com\/fr\/product\/baby-parm-mirror-satin-stroller-4in1-travel-system-in-black-and-gold\/","title":{"rendered":"Poussette Baby Parm Mirror Satin 4 en 1, syst\u00e8me de voyage noir et or"},"content":{"rendered":"<p style=\"text-align: justify;\"><strong>Le satin d\u00e9licat et \u00e9l\u00e9gant fait son grand retour. La collection Mirror Satin est un satin multidimensionnel et homog\u00e8ne, l\u00e9g\u00e8rement chatoyant, qui permet de cr\u00e9er une gamme compl\u00e8te de looks sophistiqu\u00e9s.<\/strong><\/p>\n<p style=\"text-align: justify;\"><strong><span style=\"color: #ff0000;\">Caract\u00e9ristiques du produit\u00a0:<\/span><\/strong><\/p>\n<p style=\"text-align: left;\" align=\"center\"><strong><span style=\"font-family: Arial;\">\u00a0Syst\u00e8me de branchement MAX-CLICK<\/span><\/strong><\/p>\n<p style=\"text-align: left;\" align=\"center\"><strong><span style=\"font-family: Arial;\">\u2013 Syst\u00e8me d\u2019absorption des chocs \u201c\u00a0Anti-choc\u00a0\u201d<\/span><\/strong><\/p>\n<p style=\"text-align: left;\" align=\"center\"><strong><span style=\"font-family: Arial;\">\u2013 Frein central<\/span><\/strong><\/p>\n<p style=\"text-align: left;\" align=\"center\"><strong><span style=\"font-family: Arial;\">\u2013 Roues en gel<\/span><\/strong><\/p>\n<p style=\"text-align: left;\" align=\"center\"><strong><span style=\"font-family: Arial;\">\u2013 Amortissement de la construction en 6 points<\/span><\/strong><\/p>\n<p style=\"text-align: left;\" align=\"center\"><strong><span style=\"font-family: Arial;\">\u2013 R\u00e9glementation de la poign\u00e9e en similicuir<\/span><\/strong><\/p>\n<p style=\"text-align: left;\" align=\"center\"><strong><span style=\"font-family: Arial;\">\u2013 Nacelle fabriqu\u00e9e en 3D<\/span><\/strong><\/p>\n<p style=\"text-align: left;\" align=\"center\"><strong><span style=\"font-family: Arial;\">\u2013 R\u00e8glementation relative aux nacelles<\/span><\/strong><\/p>\n<p style=\"text-align: left;\" align=\"center\"><strong><span style=\"font-family: Arial;\">\u2013 Matelas confortable et moelleux<\/span><\/strong><\/p>\n<p style=\"text-align: left;\" align=\"center\"><strong><span style=\"font-family: Arial;\">\u2013 Rembourrage et matelas en coton 100%<\/span><\/strong><\/p>\n<p style=\"text-align: left;\" align=\"center\"><strong><span style=\"font-family: Arial;\">\u2013 Barri\u00e8re amovible pour poussette en similicuir<\/span><\/strong><\/p>\n<p style=\"text-align: left;\" align=\"center\"><strong><span style=\"font-family: Arial;\">\u2013 Syst\u00e8me de ventilation innovant pour poussettes et landaus<\/span><\/strong><\/p>\n<p style=\"text-align: left;\" align=\"center\"><strong><span style=\"font-family: Arial;\">\u2013 Tissu imperm\u00e9able et r\u00e9sistant aux UV<\/span><\/strong><\/p>\n<p style=\"text-align: left;\" align=\"center\"><strong><span style=\"color: #ff0000;\"><span style=\"font-family: Arial;\">Prix inclus\u00a0:<\/span><\/span><\/strong><\/p>\n<p style=\"text-align: left;\" align=\"center\"><strong><span style=\"font-family: Arial; color: #ff0000;\">Le coffret 2 en 1 contient\u00a0:<\/span><\/strong><\/p>\n<p style=\"text-align: left;\" align=\"center\"><strong><span style=\"font-family: Arial;\">\u2013 Cadre en aluminium et roues en gel<\/span><\/strong><\/p>\n<p style=\"text-align: left;\" align=\"center\"><strong>\u2013 Nacelle<\/strong><\/p>\n<p style=\"text-align: left;\" align=\"center\"><strong><span style=\"font-family: Arial;\">- Matelas<\/span><\/strong><\/p>\n<p style=\"text-align: left;\" align=\"center\"><strong>\u2013 Housse pour nacelle<\/strong><\/p>\n<p style=\"text-align: left;\" align=\"center\"><strong><span style=\"font-family: Arial;\">\u2013 Unit\u00e9 de si\u00e8ge (poussette)<\/span><\/strong><\/p>\n<p style=\"text-align: left;\" align=\"center\"><strong><span style=\"font-family: Arial;\">\u2013 Chanceli\u00e8re<\/span><\/strong><\/p>\n<p style=\"text-align: left;\" align=\"center\"><strong><span style=\"font-family: Arial;\">\u2013 Sac avec matelas \u00e0 langer<\/span><\/strong><\/p>\n<p style=\"text-align: left;\" align=\"center\"><strong><span style=\"font-family: Arial;\">\u2013 Panier \u00e0 provisions spacieux<\/span><\/strong><\/p>\n<p style=\"text-align: left;\" align=\"center\"><strong><span style=\"font-family: Arial;\">\u2013 Housse de pluie<\/span><\/strong><\/p>\n<p style=\"text-align: left;\" align=\"center\"><strong><span style=\"font-family: Arial;\">\u2013 Moustiquaire<\/span><\/strong><\/p>\n<p style=\"text-align: left;\" align=\"center\"><strong><span style=\"font-family: Arial;\">\u2013 Porte-gobelet<\/span><\/strong><\/p>\n<p style=\"text-align: left;\" align=\"center\"><strong><span style=\"font-family: Arial;\">Options suppl\u00e9mentaires\u00a0:<\/span><\/strong><\/p>\n<p style=\"text-align: left;\" align=\"center\"><strong><span style=\"font-family: Arial;\">\u2013 Adaptateurs\u00a0<\/span><\/strong><\/p>\n<p style=\"text-align: left;\" align=\"center\"><strong><span style=\"font-family: Arial;\">\u2013 Sac de couchage\u00a0<\/span><\/strong><\/p>\n<p style=\"text-align: left;\" align=\"center\"><strong><span style=\"font-family: Arial;\">- Parapluie<\/span><\/strong><\/p>\n<p style=\"text-align: left;\" align=\"center\"><strong><span style=\"font-family: Arial;\">- Gants<\/span><\/strong><\/p>\n<p style=\"text-align: left;\" align=\"center\"><strong><span style=\"font-family: Arial;\">*Si\u00e8ge auto (en option)<\/span><\/strong><\/p>\n<p style=\"text-align: left;\" align=\"center\"><strong>*Base ISOFIX (optionnelle)<\/strong><\/p>\n<p><strong><span style=\"color: #ff0000;\">Dimensions\u00a0<\/span><\/strong><\/p>\n<p style=\"text-align: left;\" align=\"center\"><strong><span style=\"color: #000000;\"><span style=\"font-family: Arial;\"><img decoding=\"async\" src=\"https:\/\/ppg4kids.com\/img\/cms\/wymiary.PNG\" \/><\/span><\/span><\/strong><\/p>\n<p style=\"text-align: left;\" align=\"center\"><a href=\"http:\/\/forbabyboss.com\/wp-content\/uploads\/2022\/09\/checkout.png\"><img loading=\"lazy\" decoding=\"async\" class=\"alignnone size-full wp-image-5965\" src=\"http:\/\/forbabyboss.com\/wp-content\/uploads\/2022\/09\/checkout.png\" alt=\"\" width=\"750\" height=\"276\" srcset=\"https:\/\/forbabyboss.com\/wp-content\/uploads\/2022\/09\/checkout.png 750w, https:\/\/forbabyboss.com\/wp-content\/uploads\/2022\/09\/checkout-600x221.png 600w\" sizes=\"auto, (max-width: 750px) 100vw, 750px\" \/><\/a><\/p>","protected":false},"excerpt":{"rendered":"<p><a href=\"http:\/\/forbabyboss.com\/wp-content\/uploads\/2022\/09\/Star-Rating-5.png\"><img loading=\"lazy\" decoding=\"async\" class=\"alignnone size-full wp-image-5973 aligncenter\" src=\"http:\/\/forbabyboss.com\/wp-content\/uploads\/2022\/09\/Star-Rating-5.png\" alt=\"\" width=\"275\" height=\"45\" \/><\/a><\/p>\n<p style=\"text-align: center;\"><span style=\"color: #ed1c24; font-size: 120%;\"><b>GARANTIE D&#039;ALIGNEMENT DES PRIX<\/b><\/span><\/p>\n<p style=\"text-align: center;\"><span style=\"font-size: 115%;\"><span style=\"font-weight: 400; color: #4f4fa7;\">Livraison gratuite<\/span><span style=\"font-weight: 400;\"> \u2013 2 \u00e0 7 jours<\/span><\/span><\/p>\n<p style=\"text-align: center;\"><strong><span style=\"color: #29606b;\">Cadeau offert pour tout achat sup\u00e9rieur \u00e0 100 \u00a3<\/span><\/strong><\/p>","protected":false},"featured_media":4646,"template":"","meta":[],"product_brand":[584],"product_cat":[156,197,207,305,208,130,209,211],"product_tag":[163,200,199],"class_list":{"0":"post-4640","1":"product","2":"type-product","3":"status-publish","4":"has-post-thumbnail","6":"product_brand-junama","7":"product_cat-3-in-1","8":"product_cat-4-in-1-pram","9":"product_cat-black","10":"product_cat-colour","11":"product_cat-gold","12":"product_cat-prams","13":"product_cat-push-chairs","14":"product_cat-stroller","15":"product_tag-3-in-1-prams","16":"product_tag-4-in-1-pram","17":"product_tag-prams","19":"first","20":"instock","21":"sale","22":"shipping-taxable","23":"purchasable","24":"product-type-simple"},"yoast_head":"<!-- This site is optimized with the Yoast SEO plugin v27.5 - https:\/\/yoast.com\/product\/yoast-seo-wordpress\/ -->\n<title>Baby Parm Mirror Satin Stroller 4in1 Travel System In Black and Gold - For Baby Boss<\/title>\n<meta name=\"description\" content=\"Baby Parm Mirror Satin Stroller 4in1 Travel System In Black and Gold\" \/>\n<meta name=\"robots\" content=\"index, follow, max-snippet:-1, max-image-preview:large, max-video-preview:-1\" \/>\n<link rel=\"canonical\" href=\"https:\/\/forbabyboss.com\/fr\/produit\/poussette-baby-parm-mirror-satin-4-en-1-systeme-de-voyage-noir-et-or\/\" \/>\n<meta property=\"og:locale\" content=\"fr_FR\" \/>\n<meta property=\"og:type\" content=\"article\" \/>\n<meta property=\"og:title\" content=\"Baby Parm Mirror Satin Stroller 4in1 Travel System In Black and Gold - For Baby Boss\" \/>\n<meta property=\"og:description\" content=\"Baby Parm Mirror Satin Stroller 4in1 Travel System In Black and Gold\" \/>\n<meta property=\"og:url\" content=\"https:\/\/forbabyboss.com\/fr\/produit\/poussette-baby-parm-mirror-satin-4-en-1-systeme-de-voyage-noir-et-or\/\" \/>\n<meta property=\"og:site_name\" content=\"For Baby Boss\" \/>\n<meta property=\"article:modified_time\" content=\"2026-02-21T16:21:47+00:00\" \/>\n<meta property=\"og:image\" content=\"https:\/\/forbabyboss.com\/wp-content\/uploads\/2022\/09\/Baby-Pram-Pushchair-Junama-Mirror-Satin-Travel-System-2in1-3in1-4in1-Car-Seat-4in13in1isofix-base-03_MAIN.jpg\" \/>\n\t<meta property=\"og:image:width\" content=\"1020\" \/>\n\t<meta property=\"og:image:height\" content=\"1020\" \/>\n\t<meta property=\"og:image:type\" content=\"image\/jpeg\" \/>\n<meta name=\"twitter:card\" content=\"summary_large_image\" \/>\n<meta name=\"twitter:label1\" content=\"Dur\u00e9e de lecture estim\u00e9e\" \/>\n\t<meta name=\"twitter:data1\" content=\"1 minute\" \/>\n<script type=\"application\/ld+json\" class=\"yoast-schema-graph\">{\"@context\":\"https:\\\/\\\/schema.org\",\"@graph\":[{\"@type\":\"WebPage\",\"@id\":\"https:\\\/\\\/forbabyboss.com\\\/product\\\/baby-parm-mirror-satin-stroller-4in1-travel-system-in-black-and-gold\\\/\",\"url\":\"https:\\\/\\\/forbabyboss.com\\\/product\\\/baby-parm-mirror-satin-stroller-4in1-travel-system-in-black-and-gold\\\/\",\"name\":\"Baby Parm Mirror Satin Stroller 4in1 Travel System In Black and Gold - For Baby Boss\",\"isPartOf\":{\"@id\":\"https:\\\/\\\/powderblue-seahorse-496884.hostingersite.com\\\/#website\"},\"primaryImageOfPage\":{\"@id\":\"https:\\\/\\\/forbabyboss.com\\\/product\\\/baby-parm-mirror-satin-stroller-4in1-travel-system-in-black-and-gold\\\/#primaryimage\"},\"image\":{\"@id\":\"https:\\\/\\\/forbabyboss.com\\\/product\\\/baby-parm-mirror-satin-stroller-4in1-travel-system-in-black-and-gold\\\/#primaryimage\"},\"thumbnailUrl\":\"https:\\\/\\\/forbabyboss.com\\\/wp-content\\\/uploads\\\/2022\\\/09\\\/Baby-Pram-Pushchair-Junama-Mirror-Satin-Travel-System-2in1-3in1-4in1-Car-Seat-4in13in1isofix-base-03_MAIN.jpg\",\"datePublished\":\"2022-09-09T13:03:19+00:00\",\"dateModified\":\"2026-02-21T16:21:47+00:00\",\"description\":\"Baby Parm Mirror Satin Stroller 4in1 Travel System In Black and Gold\",\"breadcrumb\":{\"@id\":\"https:\\\/\\\/forbabyboss.com\\\/product\\\/baby-parm-mirror-satin-stroller-4in1-travel-system-in-black-and-gold\\\/#breadcrumb\"},\"inLanguage\":\"fr-FR\",\"potentialAction\":[{\"@type\":\"ReadAction\",\"target\":[\"https:\\\/\\\/forbabyboss.com\\\/product\\\/baby-parm-mirror-satin-stroller-4in1-travel-system-in-black-and-gold\\\/\"]}]},{\"@type\":\"ImageObject\",\"inLanguage\":\"fr-FR\",\"@id\":\"https:\\\/\\\/forbabyboss.com\\\/product\\\/baby-parm-mirror-satin-stroller-4in1-travel-system-in-black-and-gold\\\/#primaryimage\",\"url\":\"https:\\\/\\\/forbabyboss.com\\\/wp-content\\\/uploads\\\/2022\\\/09\\\/Baby-Pram-Pushchair-Junama-Mirror-Satin-Travel-System-2in1-3in1-4in1-Car-Seat-4in13in1isofix-base-03_MAIN.jpg\",\"contentUrl\":\"https:\\\/\\\/forbabyboss.com\\\/wp-content\\\/uploads\\\/2022\\\/09\\\/Baby-Pram-Pushchair-Junama-Mirror-Satin-Travel-System-2in1-3in1-4in1-Car-Seat-4in13in1isofix-base-03_MAIN.jpg\",\"width\":1020,\"height\":1020},{\"@type\":\"BreadcrumbList\",\"@id\":\"https:\\\/\\\/forbabyboss.com\\\/product\\\/baby-parm-mirror-satin-stroller-4in1-travel-system-in-black-and-gold\\\/#breadcrumb\",\"itemListElement\":[{\"@type\":\"ListItem\",\"position\":1,\"name\":\"Home\",\"item\":\"https:\\\/\\\/forbabyboss.com\\\/\"},{\"@type\":\"ListItem\",\"position\":2,\"name\":\"Shop\",\"item\":\"https:\\\/\\\/forbabyboss.com\\\/shop\\\/\"},{\"@type\":\"ListItem\",\"position\":3,\"name\":\"Baby Parm Mirror Satin Stroller 4in1 Travel System In Black and Gold\"}]},{\"@type\":\"WebSite\",\"@id\":\"https:\\\/\\\/powderblue-seahorse-496884.hostingersite.com\\\/#website\",\"url\":\"https:\\\/\\\/powderblue-seahorse-496884.hostingersite.com\\\/\",\"name\":\"For Baby Boss\",\"description\":\"Beautiful gifts and accessories for your baby boss\",\"potentialAction\":[{\"@type\":\"SearchAction\",\"target\":{\"@type\":\"EntryPoint\",\"urlTemplate\":\"https:\\\/\\\/powderblue-seahorse-496884.hostingersite.com\\\/?s={search_term_string}\"},\"query-input\":{\"@type\":\"PropertyValueSpecification\",\"valueRequired\":true,\"valueName\":\"search_term_string\"}}],\"inLanguage\":\"fr-FR\"}]}<\/script>\n<!-- \/ Yoast SEO plugin. -->","yoast_head_json":{"title":"Poussette Baby Parm Mirror Satin 4 en 1, syst\u00e8me de voyage noir et or - Pour Baby Boss","description":"Poussette Baby Parm Mirror Satin 4 en 1, syst\u00e8me de voyage noir et or","robots":{"index":"index","follow":"follow","max-snippet":"max-snippet:-1","max-image-preview":"max-image-preview:large","max-video-preview":"max-video-preview:-1"},"canonical":"https:\/\/forbabyboss.com\/fr\/produit\/poussette-baby-parm-mirror-satin-4-en-1-systeme-de-voyage-noir-et-or\/","og_locale":"fr_FR","og_type":"article","og_title":"Baby Parm Mirror Satin Stroller 4in1 Travel System In Black and Gold - For Baby Boss","og_description":"Baby Parm Mirror Satin Stroller 4in1 Travel System In Black and Gold","og_url":"https:\/\/forbabyboss.com\/fr\/produit\/poussette-baby-parm-mirror-satin-4-en-1-systeme-de-voyage-noir-et-or\/","og_site_name":"For Baby Boss","article_modified_time":"2026-02-21T16:21:47+00:00","og_image":[{"width":1020,"height":1020,"url":"https:\/\/forbabyboss.com\/wp-content\/uploads\/2022\/09\/Baby-Pram-Pushchair-Junama-Mirror-Satin-Travel-System-2in1-3in1-4in1-Car-Seat-4in13in1isofix-base-03_MAIN.jpg","type":"image\/jpeg"}],"twitter_card":"summary_large_image","twitter_misc":{"Dur\u00e9e de lecture estim\u00e9e":"1 minute"},"schema":{"@context":"https:\/\/schema.org","@graph":[{"@type":"WebPage","@id":"https:\/\/forbabyboss.com\/product\/baby-parm-mirror-satin-stroller-4in1-travel-system-in-black-and-gold\/","url":"https:\/\/forbabyboss.com\/product\/baby-parm-mirror-satin-stroller-4in1-travel-system-in-black-and-gold\/","name":"Poussette Baby Parm Mirror Satin 4 en 1, syst\u00e8me de voyage noir et or - Pour Baby Boss","isPartOf":{"@id":"https:\/\/powderblue-seahorse-496884.hostingersite.com\/#website"},"primaryImageOfPage":{"@id":"https:\/\/forbabyboss.com\/product\/baby-parm-mirror-satin-stroller-4in1-travel-system-in-black-and-gold\/#primaryimage"},"image":{"@id":"https:\/\/forbabyboss.com\/product\/baby-parm-mirror-satin-stroller-4in1-travel-system-in-black-and-gold\/#primaryimage"},"thumbnailUrl":"https:\/\/forbabyboss.com\/wp-content\/uploads\/2022\/09\/Baby-Pram-Pushchair-Junama-Mirror-Satin-Travel-System-2in1-3in1-4in1-Car-Seat-4in13in1isofix-base-03_MAIN.jpg","datePublished":"2022-09-09T13:03:19+00:00","dateModified":"2026-02-21T16:21:47+00:00","description":"Poussette Baby Parm Mirror Satin 4 en 1, syst\u00e8me de voyage noir et or","breadcrumb":{"@id":"https:\/\/forbabyboss.com\/product\/baby-parm-mirror-satin-stroller-4in1-travel-system-in-black-and-gold\/#breadcrumb"},"inLanguage":"fr-FR","potentialAction":[{"@type":"ReadAction","target":["https:\/\/forbabyboss.com\/product\/baby-parm-mirror-satin-stroller-4in1-travel-system-in-black-and-gold\/"]}]},{"@type":"ImageObject","inLanguage":"fr-FR","@id":"https:\/\/forbabyboss.com\/product\/baby-parm-mirror-satin-stroller-4in1-travel-system-in-black-and-gold\/#primaryimage","url":"https:\/\/forbabyboss.com\/wp-content\/uploads\/2022\/09\/Baby-Pram-Pushchair-Junama-Mirror-Satin-Travel-System-2in1-3in1-4in1-Car-Seat-4in13in1isofix-base-03_MAIN.jpg","contentUrl":"https:\/\/forbabyboss.com\/wp-content\/uploads\/2022\/09\/Baby-Pram-Pushchair-Junama-Mirror-Satin-Travel-System-2in1-3in1-4in1-Car-Seat-4in13in1isofix-base-03_MAIN.jpg","width":1020,"height":1020},{"@type":"BreadcrumbList","@id":"https:\/\/forbabyboss.com\/product\/baby-parm-mirror-satin-stroller-4in1-travel-system-in-black-and-gold\/#breadcrumb","itemListElement":[{"@type":"ListItem","position":1,"name":"Home","item":"https:\/\/forbabyboss.com\/"},{"@type":"ListItem","position":2,"name":"Shop","item":"https:\/\/forbabyboss.com\/shop\/"},{"@type":"ListItem","position":3,"name":"Baby Parm Mirror Satin Stroller 4in1 Travel System In Black and Gold"}]},{"@type":"WebSite","@id":"https:\/\/powderblue-seahorse-496884.hostingersite.com\/#website","url":"https:\/\/powderblue-seahorse-496884.hostingersite.com\/","name":"Pour Baby Boss","description":"De magnifiques cadeaux et accessoires pour votre petit patron","potentialAction":[{"@type":"SearchAction","target":{"@type":"EntryPoint","urlTemplate":"https:\/\/powderblue-seahorse-496884.hostingersite.com\/?s={search_term_string}"},"query-input":{"@type":"PropertyValueSpecification","valueRequired":true,"valueName":"search_term_string"}}],"inLanguage":"fr-FR"}]}},"_links":{"self":[{"href":"https:\/\/forbabyboss.com\/fr\/wp-json\/wp\/v2\/product\/4640","targetHints":{"allow":["GET"]}}],"collection":[{"href":"https:\/\/forbabyboss.com\/fr\/wp-json\/wp\/v2\/product"}],"about":[{"href":"https:\/\/forbabyboss.com\/fr\/wp-json\/wp\/v2\/types\/product"}],"wp:featuredmedia":[{"embeddable":true,"href":"https:\/\/forbabyboss.com\/fr\/wp-json\/wp\/v2\/media\/4646"}],"wp:attachment":[{"href":"https:\/\/forbabyboss.com\/fr\/wp-json\/wp\/v2\/media?parent=4640"}],"wp:term":[{"taxonomy":"product_brand","embeddable":true,"href":"https:\/\/forbabyboss.com\/fr\/wp-json\/wp\/v2\/product_brand?post=4640"},{"taxonomy":"product_cat","embeddable":true,"href":"https:\/\/forbabyboss.com\/fr\/wp-json\/wp\/v2\/product_cat?post=4640"},{"taxonomy":"product_tag","embeddable":true,"href":"https:\/\/forbabyboss.com\/fr\/wp-json\/wp\/v2\/product_tag?post=4640"}],"curies":[{"name":"wp","href":"https:\/\/api.w.org\/{rel}","templated":true}]}}