{"id":4715,"date":"2022-09-09T15:03:22","date_gmt":"2022-09-09T15:03:22","guid":{"rendered":"http:\/\/forbabyboss.com\/?post_type=product&#038;p=4715"},"modified":"2026-02-18T21:33:51","modified_gmt":"2026-02-18T21:33:51","slug":"poussette-canne-4-en-1-fx-04","status":"publish","type":"product","link":"https:\/\/forbabyboss.com\/fr\/product\/fx-pram-stroller-puschair-4in1-fx-04\/","title":{"rendered":"Poussette FX Pram 4 en 1 FX 04"},"content":{"rendered":"<p style=\"text-align: justify;\" align=\"center\"><strong><span style=\"font-size: medium; color: #808080;\">Fabriqu\u00e9 en Europe \u00e0 partir de mat\u00e9riaux de haute qualit\u00e9, cadre l\u00e9ger en aluminium, design moderne.<br \/>\n<\/span><\/strong><\/p>\n<p style=\"text-align: justify;\" align=\"center\"><strong><span style=\"font-family: Arial; color: #808080;\">FX est un syst\u00e8me de voyage multifonctionnel pour enfants 2 en 1 \/ 3 en 1 \/ 4 en 1. Il allie avec brio minimalisme et fonctionnalit\u00e9 universelle au XXIe si\u00e8cle.<\/span><\/strong><\/p>\n<p style=\"text-align: justify;\" align=\"center\"><strong><span style=\"font-family: Arial; color: #808080;\">Ce syst\u00e8me de voyage est extr\u00eamement \u00e9l\u00e9gant, et ses petites roues stables s&#039;inscrivent parfaitement dans les derni\u00e8res tendances du design europ\u00e9en. Il a \u00e9t\u00e9 con\u00e7u pour les parents \u00e0 la recherche d&#039;un produit durable. Son cadre l\u00e9ger en aluminium avec amortisseur r\u00e9glable facilite grandement la conduite.<\/span><\/strong><\/p>\n<h4 style=\"text-align: justify;\" align=\"center\"><strong><span style=\"color: #808080;\"><span style=\"font-family: Arial;\"><span style=\"color: #e14d43;\">Les ensembles comprennent<\/span>:<\/span><\/span><\/strong><\/h4>\n<p><strong><span style=\"color: #808080;\"><span style=\"font-family: Arial;\"> kangourous, couvre-jambes, porte-gobelet et bien d&#039;autres choses encore.<\/span><\/span><\/strong><\/p>\n<p><strong><span style=\"color: #808080;\"><span style=\"font-family: Arial;\"> Jetez un coup d&#039;\u0153il !<\/span><\/span><\/strong><\/p>\n<p><strong><span style=\"color: #808080;\"><span style=\"font-family: Arial;\">Plusieurs options s&#039;offrent \u00e0 vous\u00a0:\u00a0<\/span><\/span><\/strong><\/p>\n<p style=\"text-align: justify;\" align=\"center\"><strong><span style=\"font-family: Arial; color: #808080;\">\u2013 Option 2 en 1 comprenant ch\u00e2ssis, nacelle et poussette (voir nos autres annonces)<\/span><\/strong><\/p>\n<p style=\"text-align: justify;\" align=\"center\"><strong><span style=\"font-family: Arial; color: #808080;\">\u2013 Option 3 en 1 comprenant ch\u00e2ssis, nacelle, poussette et si\u00e8ge auto (voir nos autres annonces)<\/span><\/strong><\/p>\n<p style=\"text-align: justify;\" align=\"center\"><strong><span style=\"color: #808080;\"><span style=\"font-family: Arial;\">\u2013\u00a0 \u00a0<\/span><span style=\"font-family: Arial;\">Option 4 en 1 comprenant tout ce qui pr\u00e9c\u00e8de, avec une base ISOFIX assurant stabilit\u00e9 et s\u00e9curit\u00e9 \u00e0 votre b\u00e9b\u00e9 lors de vos d\u00e9placements en voiture.<\/span><\/span><\/strong><\/p>\n<h4 style=\"text-align: justify;\" align=\"center\"><strong><span style=\"font-family: Arial; color: #808080;\"><span style=\"color: #e14d43;\">Caract\u00e9ristiques du produit<\/span>:<\/span><\/strong><\/h4>\n<p style=\"text-align: justify;\" align=\"center\"><strong><span style=\"font-family: Arial; color: #808080;\">\u2013 Construction \u00e9l\u00e9gante, l\u00e9g\u00e8re et durable en aluminium<\/span><\/strong><\/p>\n<p style=\"text-align: justify;\" align=\"center\"><strong><span style=\"font-family: Arial; color: #808080;\">\u2013 Cadre \u00e9l\u00e9gant<\/span><\/strong><\/p>\n<p style=\"text-align: justify;\" align=\"center\"><strong><span style=\"font-family: Arial; color: #808080;\">\u2013 Syst\u00e8me de pliage simple et pratique \u2013 jusqu\u2019\u00e0 la position \u201c 0 \u201d<\/span><\/strong><\/p>\n<p style=\"text-align: justify;\" align=\"center\"><strong><span style=\"font-family: Arial; color: #808080;\">\u2013 Dossier r\u00e9glable<\/span><\/strong><\/p>\n<p style=\"text-align: justify;\" align=\"center\"><strong><span style=\"font-family: Arial; color: #808080;\">\u2013 Des roues en mousse (gel) aussi souples que les roues \u00e0 air (mais increvables), offrant un confort de conduite optimal \u00e0 votre enfant.<\/span><\/strong><\/p>\n<p style=\"text-align: justify;\" align=\"center\"><strong><span style=\"font-family: Arial; color: #808080;\">\u2013 Roues du syst\u00e8me rotatif \u00e0 360 degr\u00e9s<\/span><\/strong><\/p>\n<p style=\"text-align: justify;\" align=\"center\"><strong><span style=\"font-family: Arial; color: #808080;\">\u2013 Syst\u00e8me antichoc<\/span><\/strong><\/p>\n<p style=\"text-align: justify;\" align=\"center\"><strong><span style=\"font-family: Arial; color: #808080;\">\u2013 Poign\u00e9e r\u00e9glable permettant d&#039;ajuster sa hauteur \u00e0 celle du parent<\/span><\/strong><\/p>\n<p><strong><span style=\"color: #808080;\"><span style=\"font-size: large;\"><span style=\"color: #e14d43;\">Prix inclus<\/span>:<\/span><\/span><\/strong><\/p>\n<p style=\"text-align: justify;\" align=\"center\"><strong><span style=\"font-family: Arial; color: #808080;\">- Cadre en aluminium<\/span><\/strong><\/p>\n<p style=\"text-align: justify;\" align=\"center\"><strong><span style=\"font-family: Arial; color: #808080;\">\u2013 4 roues en mousse\/gel<\/span><\/strong><\/p>\n<p style=\"text-align: justify;\" align=\"center\"><strong><span style=\"font-family: Arial; color: #808080;\">\u2013 Nacelle<\/span><\/strong><\/p>\n<p style=\"text-align: justify;\" align=\"center\"><strong><span style=\"font-family: Arial; color: #808080;\">\u2013 Poussette<\/span><\/strong><\/p>\n<p style=\"text-align: justify;\" align=\"center\"><strong><span style=\"font-family: Arial; color: #808080;\">\u2013 Couverture anti-pluie<\/span><\/strong><\/p>\n<p style=\"text-align: justify;\" align=\"center\"><strong><span style=\"font-family: Arial; color: #808080;\">\u2013 Moustiquaire<\/span><\/strong><\/p>\n<p style=\"text-align: justify;\" align=\"center\"><strong><span style=\"font-family: Arial; color: #808080;\">- Sac<\/span><\/strong><\/p>\n<p style=\"text-align: justify;\" align=\"center\"><strong><span style=\"font-family: Arial; color: #808080;\">\u2013 Panier d&#039;achat<\/span><\/strong><\/p>\n<p style=\"text-align: justify;\" align=\"center\"><strong><span style=\"font-family: Arial; color: #808080;\">\u2013 Chanceli\u00e8re<\/span><\/strong><\/p>\n<p style=\"text-align: justify;\" align=\"center\"><strong><span style=\"font-family: Arial; color: #808080;\">\u2013 Manchon<\/span><\/strong><\/p>\n<p style=\"text-align: justify;\" align=\"center\"><strong><span style=\"font-family: Arial; color: #808080;\">- Tasse<\/span><\/strong><\/p>\n<p style=\"text-align: justify;\" align=\"center\"><strong><span style=\"color: #808080;\"><span style=\"font-family: Arial;\">\u2013 Garantie de 24 mois<\/span><\/span><\/strong><\/p>\n<p style=\"text-align: justify;\" align=\"center\"><strong><span style=\"color: #808080;\"><span style=\"font-family: Arial;\">\u2013 *Kite de si\u00e8ge auto (en option)<\/span><\/span><\/strong><\/p>\n<p style=\"text-align: justify;\" align=\"center\"><strong><span style=\"color: #808080;\"><span style=\"font-family: Arial;\">\u2013 *Base ISOFIX (optionnelle)<\/span><\/span><\/strong><\/p>\n<h4 style=\"text-align: justify;\" align=\"center\"><strong><span style=\"font-family: Arial; font-size: large; color: #808080;\"><span style=\"color: #e14d43;\">Si\u00e8ge auto KITE<\/span>*<\/span><\/strong><\/h4>\n<p style=\"text-align: justify;\" align=\"center\"><strong><span style=\"font-family: Arial; color: #808080;\">Groupe 0-13 kg<\/span><\/strong><\/p>\n<p style=\"text-align: justify;\" align=\"center\"><strong><span style=\"font-family: Arial; color: #808080;\">Homologation europ\u00e9enne ECE R44\/04<\/span><\/strong><\/p>\n<p style=\"text-align: justify;\" align=\"center\"><strong><span style=\"font-family: Arial; color: #808080;\">Fix\u00e9 sur le ch\u00e2ssis de la poussette \u00e0 l&#039;aide d&#039;adaptateurs<\/span><\/strong><\/p>\n<p style=\"text-align: justify;\" align=\"center\"><strong><span style=\"font-family: Arial; color: #808080;\">harnais \u00e0 3 points<\/span><\/strong><\/p>\n<p style=\"text-align: justify;\" align=\"center\"><strong><span style=\"font-family: Arial; color: #808080;\">Coussin suppl\u00e9mentaire pour nouveau-n\u00e9<\/span><\/strong><\/p>\n<p style=\"text-align: justify;\" align=\"center\"><strong><span style=\"font-family: Arial; color: #808080;\">Soufflet<\/span><\/strong><\/p>\n<p style=\"text-align: justify;\" align=\"center\"><strong><span style=\"font-family: Arial; color: #808080;\">Poign\u00e9e r\u00e9glable pour le transport<\/span><\/strong><\/p>\n<p style=\"text-align: justify;\" align=\"center\"><strong><span style=\"font-family: Arial; color: #808080;\">capote amovible<\/span><\/strong><\/p>\n<p style=\"text-align: justify;\" align=\"center\"><strong><span style=\"font-family: Arial; color: #808080;\">Ceintures de s\u00e9curit\u00e9 r\u00e9glables en hauteur<\/span><\/strong><\/p>\n<p style=\"text-align: justify;\" align=\"center\"><strong><span style=\"font-family: Arial; color: #808080;\">Mode face \u00e0 l&#039;avant ou face \u00e0 l&#039;arri\u00e8re<\/span><\/strong><\/p>\n<p style=\"font-weight: 400;\"><strong><span style=\"color: #e14d43;\">DIMENSIONS<\/span><\/strong><\/p>\n<p style=\"font-weight: 400;\"><strong><span style=\"color: #e14d43;\">Lit de voyage<\/span><\/strong><\/p>\n<p style=\"font-weight: 400;\"><strong>longueur 84 cm<\/strong><\/p>\n<p style=\"font-weight: 400;\"><strong>hauteur 58 cm<\/strong><\/p>\n<p style=\"font-weight: 400;\"><strong>largeur 36 cm<\/strong><\/p>\n<p style=\"font-weight: 400;\"><strong><span style=\"color: #e14d43;\">si\u00e8ge auto<\/span><\/strong><\/p>\n<ul>\n<li style=\"font-weight: 400;\"><strong>Poids : 3,3 kg<\/strong><\/li>\n<li style=\"font-weight: 400;\"><strong>pour les enfants pesant de 0 \u00e0 13 kg<\/strong><\/li>\n<\/ul>\n<p style=\"font-weight: 400;\"><strong><span style=\"color: #e14d43;\">Cadre<\/span><\/strong><\/p>\n<ul>\n<li style=\"font-weight: 400;\"><strong>poids \u2013 6 kg<\/strong><\/li>\n<li style=\"font-weight: 400;\"><strong>ouvert 98 x 60 x 125,5 cm<\/strong><\/li>\n<li style=\"font-weight: 400;\"><strong>ferm\u00e9 82,5 x 40,5 cm<\/strong><\/li>\n<\/ul>\n<p style=\"text-align: left;\" align=\"center\"><a href=\"http:\/\/forbabyboss.com\/wp-content\/uploads\/2022\/09\/checkout.png\"><img loading=\"lazy\" decoding=\"async\" class=\"alignnone size-full wp-image-5965\" src=\"http:\/\/forbabyboss.com\/wp-content\/uploads\/2022\/09\/checkout.png\" alt=\"\" width=\"750\" height=\"276\" srcset=\"https:\/\/forbabyboss.com\/wp-content\/uploads\/2022\/09\/checkout.png 750w, https:\/\/forbabyboss.com\/wp-content\/uploads\/2022\/09\/checkout-600x221.png 600w\" sizes=\"auto, (max-width: 750px) 100vw, 750px\" \/><\/a><\/p>","protected":false},"excerpt":{"rendered":"<p><a href=\"http:\/\/forbabyboss.com\/wp-content\/uploads\/2022\/09\/Star-Rating-5.png\"><img loading=\"lazy\" decoding=\"async\" class=\"alignnone size-full wp-image-5973 aligncenter\" src=\"http:\/\/forbabyboss.com\/wp-content\/uploads\/2022\/09\/Star-Rating-5.png\" alt=\"\" width=\"275\" height=\"45\" \/><\/a><\/p>\n<p style=\"text-align: center;\"><span style=\"color: #ed1c24; font-size: 120%;\"><b>GARANTIE D&#039;ALIGNEMENT DES PRIX<\/b><\/span><\/p>\n<p style=\"text-align: center;\"><span style=\"font-size: 115%;\"><span style=\"font-weight: 400; color: #4f4fa7;\">Livraison gratuite<\/span><span style=\"font-weight: 400;\"> \u2013 2 \u00e0 7 jours<\/span><\/span><\/p>\n<p style=\"text-align: center;\"><strong><span style=\"color: #29606b;\">Cadeau offert pour tout achat sup\u00e9rieur \u00e0 100 \u00a3<\/span><\/strong><\/p>","protected":false},"featured_media":4718,"template":"","meta":[],"product_brand":[582],"product_cat":[340,157,156,197,305,130,211],"product_tag":[202,199],"class_list":{"0":"post-4715","1":"product","2":"type-product","3":"status-publish","4":"has-post-thumbnail","6":"product_brand-paradise-b","7":"product_cat-800-to-900","8":"product_cat-2-in-1","9":"product_cat-3-in-1","10":"product_cat-4-in-1-pram","11":"product_cat-colour","12":"product_cat-prams","13":"product_cat-stroller","14":"product_tag-3-in-1-pram","15":"product_tag-prams","17":"first","18":"instock","19":"sale","20":"shipping-taxable","21":"purchasable","22":"product-type-simple"},"yoast_head":"<!-- This site is optimized with the Yoast SEO plugin v27.5 - https:\/\/yoast.com\/product\/yoast-seo-wordpress\/ -->\n<title>FX Pram Stroller Puschair 4in1 FX 04 - For Baby Boss<\/title>\n<meta name=\"description\" content=\"FX Pram Stroller Puschair 4in1 FX 04\" \/>\n<meta name=\"robots\" content=\"index, follow, max-snippet:-1, max-image-preview:large, max-video-preview:-1\" \/>\n<link rel=\"canonical\" href=\"https:\/\/forbabyboss.com\/fr\/produit\/poussette-canne-4-en-1-fx-04\/\" \/>\n<meta property=\"og:locale\" content=\"fr_FR\" \/>\n<meta property=\"og:type\" content=\"article\" \/>\n<meta property=\"og:title\" content=\"FX Pram Stroller Puschair 4in1 FX 04 - For Baby Boss\" \/>\n<meta property=\"og:description\" content=\"FX Pram Stroller Puschair 4in1 FX 04\" \/>\n<meta property=\"og:url\" content=\"https:\/\/forbabyboss.com\/fr\/produit\/poussette-canne-4-en-1-fx-04\/\" \/>\n<meta property=\"og:site_name\" content=\"For Baby Boss\" \/>\n<meta property=\"article:modified_time\" content=\"2026-02-18T21:33:51+00:00\" \/>\n<meta property=\"og:image\" content=\"https:\/\/forbabyboss.com\/wp-content\/uploads\/2022\/09\/Paradise-Baby-FX-Pram-Stroller-Puschair-Travel-system-2in1-3in1-Car-Seat-ISOFIX-FX-04-3in12in1-and-carseat_main.jpg\" \/>\n\t<meta property=\"og:image:width\" content=\"1200\" \/>\n\t<meta property=\"og:image:height\" content=\"1372\" \/>\n\t<meta property=\"og:image:type\" content=\"image\/jpeg\" \/>\n<meta name=\"twitter:card\" content=\"summary_large_image\" \/>\n<meta name=\"twitter:label1\" content=\"Dur\u00e9e de lecture estim\u00e9e\" \/>\n\t<meta name=\"twitter:data1\" content=\"2 minutes\" \/>\n<script type=\"application\/ld+json\" class=\"yoast-schema-graph\">{\"@context\":\"https:\\\/\\\/schema.org\",\"@graph\":[{\"@type\":\"WebPage\",\"@id\":\"https:\\\/\\\/forbabyboss.com\\\/product\\\/fx-pram-stroller-puschair-4in1-fx-04\\\/\",\"url\":\"https:\\\/\\\/forbabyboss.com\\\/product\\\/fx-pram-stroller-puschair-4in1-fx-04\\\/\",\"name\":\"FX Pram Stroller Puschair 4in1 FX 04 - For Baby Boss\",\"isPartOf\":{\"@id\":\"https:\\\/\\\/powderblue-seahorse-496884.hostingersite.com\\\/#website\"},\"primaryImageOfPage\":{\"@id\":\"https:\\\/\\\/forbabyboss.com\\\/product\\\/fx-pram-stroller-puschair-4in1-fx-04\\\/#primaryimage\"},\"image\":{\"@id\":\"https:\\\/\\\/forbabyboss.com\\\/product\\\/fx-pram-stroller-puschair-4in1-fx-04\\\/#primaryimage\"},\"thumbnailUrl\":\"https:\\\/\\\/forbabyboss.com\\\/wp-content\\\/uploads\\\/2022\\\/09\\\/Paradise-Baby-FX-Pram-Stroller-Puschair-Travel-system-2in1-3in1-Car-Seat-ISOFIX-FX-04-3in12in1-and-carseat_main.jpg\",\"datePublished\":\"2022-09-09T15:03:22+00:00\",\"dateModified\":\"2026-02-18T21:33:51+00:00\",\"description\":\"FX Pram Stroller Puschair 4in1 FX 04\",\"breadcrumb\":{\"@id\":\"https:\\\/\\\/forbabyboss.com\\\/product\\\/fx-pram-stroller-puschair-4in1-fx-04\\\/#breadcrumb\"},\"inLanguage\":\"fr-FR\",\"potentialAction\":[{\"@type\":\"ReadAction\",\"target\":[\"https:\\\/\\\/forbabyboss.com\\\/product\\\/fx-pram-stroller-puschair-4in1-fx-04\\\/\"]}]},{\"@type\":\"ImageObject\",\"inLanguage\":\"fr-FR\",\"@id\":\"https:\\\/\\\/forbabyboss.com\\\/product\\\/fx-pram-stroller-puschair-4in1-fx-04\\\/#primaryimage\",\"url\":\"https:\\\/\\\/forbabyboss.com\\\/wp-content\\\/uploads\\\/2022\\\/09\\\/Paradise-Baby-FX-Pram-Stroller-Puschair-Travel-system-2in1-3in1-Car-Seat-ISOFIX-FX-04-3in12in1-and-carseat_main.jpg\",\"contentUrl\":\"https:\\\/\\\/forbabyboss.com\\\/wp-content\\\/uploads\\\/2022\\\/09\\\/Paradise-Baby-FX-Pram-Stroller-Puschair-Travel-system-2in1-3in1-Car-Seat-ISOFIX-FX-04-3in12in1-and-carseat_main.jpg\",\"width\":1200,\"height\":1372},{\"@type\":\"BreadcrumbList\",\"@id\":\"https:\\\/\\\/forbabyboss.com\\\/product\\\/fx-pram-stroller-puschair-4in1-fx-04\\\/#breadcrumb\",\"itemListElement\":[{\"@type\":\"ListItem\",\"position\":1,\"name\":\"Home\",\"item\":\"https:\\\/\\\/forbabyboss.com\\\/\"},{\"@type\":\"ListItem\",\"position\":2,\"name\":\"Shop\",\"item\":\"https:\\\/\\\/forbabyboss.com\\\/shop\\\/\"},{\"@type\":\"ListItem\",\"position\":3,\"name\":\"FX Pram Stroller Puschair 4in1 FX 04\"}]},{\"@type\":\"WebSite\",\"@id\":\"https:\\\/\\\/powderblue-seahorse-496884.hostingersite.com\\\/#website\",\"url\":\"https:\\\/\\\/powderblue-seahorse-496884.hostingersite.com\\\/\",\"name\":\"For Baby Boss\",\"description\":\"Beautiful gifts and accessories for your baby boss\",\"potentialAction\":[{\"@type\":\"SearchAction\",\"target\":{\"@type\":\"EntryPoint\",\"urlTemplate\":\"https:\\\/\\\/powderblue-seahorse-496884.hostingersite.com\\\/?s={search_term_string}\"},\"query-input\":{\"@type\":\"PropertyValueSpecification\",\"valueRequired\":true,\"valueName\":\"search_term_string\"}}],\"inLanguage\":\"fr-FR\"}]}<\/script>\n<!-- \/ Yoast SEO plugin. -->","yoast_head_json":{"title":"Poussette-chaise 4 en 1 FX 04 - Pour Baby Boss","description":"Poussette FX Pram 4 en 1 FX 04","robots":{"index":"index","follow":"follow","max-snippet":"max-snippet:-1","max-image-preview":"max-image-preview:large","max-video-preview":"max-video-preview:-1"},"canonical":"https:\/\/forbabyboss.com\/fr\/produit\/poussette-canne-4-en-1-fx-04\/","og_locale":"fr_FR","og_type":"article","og_title":"FX Pram Stroller Puschair 4in1 FX 04 - For Baby Boss","og_description":"FX Pram Stroller Puschair 4in1 FX 04","og_url":"https:\/\/forbabyboss.com\/fr\/produit\/poussette-canne-4-en-1-fx-04\/","og_site_name":"For Baby Boss","article_modified_time":"2026-02-18T21:33:51+00:00","og_image":[{"width":1200,"height":1372,"url":"https:\/\/forbabyboss.com\/wp-content\/uploads\/2022\/09\/Paradise-Baby-FX-Pram-Stroller-Puschair-Travel-system-2in1-3in1-Car-Seat-ISOFIX-FX-04-3in12in1-and-carseat_main.jpg","type":"image\/jpeg"}],"twitter_card":"summary_large_image","twitter_misc":{"Dur\u00e9e de lecture estim\u00e9e":"2 minutes"},"schema":{"@context":"https:\/\/schema.org","@graph":[{"@type":"WebPage","@id":"https:\/\/forbabyboss.com\/product\/fx-pram-stroller-puschair-4in1-fx-04\/","url":"https:\/\/forbabyboss.com\/product\/fx-pram-stroller-puschair-4in1-fx-04\/","name":"Poussette-chaise 4 en 1 FX 04 - Pour Baby Boss","isPartOf":{"@id":"https:\/\/powderblue-seahorse-496884.hostingersite.com\/#website"},"primaryImageOfPage":{"@id":"https:\/\/forbabyboss.com\/product\/fx-pram-stroller-puschair-4in1-fx-04\/#primaryimage"},"image":{"@id":"https:\/\/forbabyboss.com\/product\/fx-pram-stroller-puschair-4in1-fx-04\/#primaryimage"},"thumbnailUrl":"https:\/\/forbabyboss.com\/wp-content\/uploads\/2022\/09\/Paradise-Baby-FX-Pram-Stroller-Puschair-Travel-system-2in1-3in1-Car-Seat-ISOFIX-FX-04-3in12in1-and-carseat_main.jpg","datePublished":"2022-09-09T15:03:22+00:00","dateModified":"2026-02-18T21:33:51+00:00","description":"Poussette FX Pram 4 en 1 FX 04","breadcrumb":{"@id":"https:\/\/forbabyboss.com\/product\/fx-pram-stroller-puschair-4in1-fx-04\/#breadcrumb"},"inLanguage":"fr-FR","potentialAction":[{"@type":"ReadAction","target":["https:\/\/forbabyboss.com\/product\/fx-pram-stroller-puschair-4in1-fx-04\/"]}]},{"@type":"ImageObject","inLanguage":"fr-FR","@id":"https:\/\/forbabyboss.com\/product\/fx-pram-stroller-puschair-4in1-fx-04\/#primaryimage","url":"https:\/\/forbabyboss.com\/wp-content\/uploads\/2022\/09\/Paradise-Baby-FX-Pram-Stroller-Puschair-Travel-system-2in1-3in1-Car-Seat-ISOFIX-FX-04-3in12in1-and-carseat_main.jpg","contentUrl":"https:\/\/forbabyboss.com\/wp-content\/uploads\/2022\/09\/Paradise-Baby-FX-Pram-Stroller-Puschair-Travel-system-2in1-3in1-Car-Seat-ISOFIX-FX-04-3in12in1-and-carseat_main.jpg","width":1200,"height":1372},{"@type":"BreadcrumbList","@id":"https:\/\/forbabyboss.com\/product\/fx-pram-stroller-puschair-4in1-fx-04\/#breadcrumb","itemListElement":[{"@type":"ListItem","position":1,"name":"Home","item":"https:\/\/forbabyboss.com\/"},{"@type":"ListItem","position":2,"name":"Shop","item":"https:\/\/forbabyboss.com\/shop\/"},{"@type":"ListItem","position":3,"name":"FX Pram Stroller Puschair 4in1 FX 04"}]},{"@type":"WebSite","@id":"https:\/\/powderblue-seahorse-496884.hostingersite.com\/#website","url":"https:\/\/powderblue-seahorse-496884.hostingersite.com\/","name":"Pour Baby Boss","description":"De magnifiques cadeaux et accessoires pour votre petit patron","potentialAction":[{"@type":"SearchAction","target":{"@type":"EntryPoint","urlTemplate":"https:\/\/powderblue-seahorse-496884.hostingersite.com\/?s={search_term_string}"},"query-input":{"@type":"PropertyValueSpecification","valueRequired":true,"valueName":"search_term_string"}}],"inLanguage":"fr-FR"}]}},"_links":{"self":[{"href":"https:\/\/forbabyboss.com\/fr\/wp-json\/wp\/v2\/product\/4715","targetHints":{"allow":["GET"]}}],"collection":[{"href":"https:\/\/forbabyboss.com\/fr\/wp-json\/wp\/v2\/product"}],"about":[{"href":"https:\/\/forbabyboss.com\/fr\/wp-json\/wp\/v2\/types\/product"}],"wp:featuredmedia":[{"embeddable":true,"href":"https:\/\/forbabyboss.com\/fr\/wp-json\/wp\/v2\/media\/4718"}],"wp:attachment":[{"href":"https:\/\/forbabyboss.com\/fr\/wp-json\/wp\/v2\/media?parent=4715"}],"wp:term":[{"taxonomy":"product_brand","embeddable":true,"href":"https:\/\/forbabyboss.com\/fr\/wp-json\/wp\/v2\/product_brand?post=4715"},{"taxonomy":"product_cat","embeddable":true,"href":"https:\/\/forbabyboss.com\/fr\/wp-json\/wp\/v2\/product_cat?post=4715"},{"taxonomy":"product_tag","embeddable":true,"href":"https:\/\/forbabyboss.com\/fr\/wp-json\/wp\/v2\/product_tag?post=4715"}],"curies":[{"name":"wp","href":"https:\/\/api.w.org\/{rel}","templated":true}]}}