{"id":4755,"date":"2022-09-22T16:42:14","date_gmt":"2022-09-22T16:42:14","guid":{"rendered":"http:\/\/forbabyboss.com\/?post_type=product&#038;p=4755"},"modified":"2026-02-21T10:01:16","modified_gmt":"2026-02-21T10:01:16","slug":"le-systeme-de-voyage-poussette-bebetto-nico-4-en-1","status":"publish","type":"product","link":"https:\/\/forbabyboss.com\/fr\/product\/the-bebetto-nico-stroller-travel-system-4in1\/","title":{"rendered":"Le syst\u00e8me de voyage poussette Bebetto Nico 4 en 1"},"content":{"rendered":"<h4 style=\"text-align: justify;\" align=\"center\"><span style=\"color: #e14d43;\"><strong><span style=\"font-family: Arial;\">Pourquoi Nico ?<\/span><\/strong><\/span><\/h4>\n<p style=\"text-align: justify;\" align=\"center\"><strong><span style=\"font-family: Arial; color: #808080;\">Le nouveau design de l&#039;assise, sa l\u00e9g\u00e8ret\u00e9 et ses couleurs \u00e9clatantes attirent le regard et en font un excellent choix pour ceux qui appr\u00e9cient la fonctionnalit\u00e9 et l&#039;esth\u00e9tique. Choisissez votre couleur pr\u00e9f\u00e9r\u00e9e et profitez d&#039;une poussette pratique et agr\u00e9able\u00a0!<\/span><\/strong><\/p>\n<p style=\"text-align: justify;\" align=\"center\"><strong><span style=\"font-family: Arial; color: #808080;\">Fabriqu\u00e9 en Europe \u00e0 partir de mat\u00e9riaux de haute qualit\u00e9, cadre l\u00e9ger en aluminium, design moderne.<\/span><\/strong><\/p>\n<p style=\"text-align: justify;\" align=\"center\"><span style=\"color: #e14d43;\"><strong><span style=\"font-family: Arial;\">Si\u00e8ge confortable - Unit\u00e9<\/span><\/strong><\/span><\/p>\n<p style=\"text-align: justify;\" align=\"center\"><strong><span style=\"font-family: Arial; color: #808080;\">Nico poss\u00e8de un si\u00e8ge qui permet \u00e0 l&#039;enfant d&#039;adopter une position confortable. La capote r\u00e9glable prot\u00e8ge votre enfant du vent et du soleil. Amovible, elle est id\u00e9ale pour les promenades par temps venteux. Le syst\u00e8me de fixation du si\u00e8ge permet de l&#039;orienter facilement face \u00e0 la route ou face aux parents. Un nouveau syst\u00e8me de retrait de la barri\u00e8re facilite l&#039;installation de l&#039;enfant dans la poussette. Gr\u00e2ce aux roues Flexy Wheels, vous n&#039;avez plus \u00e0 vous soucier de la pression des pneus\u00a0: ils conservent toujours leur forme. Leur poids et leur flexibilit\u00e9 sont identiques \u00e0 ceux des roues gonfl\u00e9es.<\/span><\/strong><\/p>\n<p style=\"text-align: justify;\" align=\"center\"><span style=\"color: #e14d43;\"><strong><span style=\"font-family: Arial;\">Cadre \u00e0 absorption des chocs\u00a0<\/span><\/strong><\/span><\/p>\n<p style=\"text-align: justify;\" align=\"center\"><strong><span style=\"font-family: Arial; color: #808080;\">Nico est \u00e9quip\u00e9 d&#039;amortisseurs qui minimisent les vibrations lors de la marche sur terrain accident\u00e9. Le syst\u00e8me SAS absorbe les chocs, tandis que le DMS emp\u00eache les roues de se bloquer lors du franchissement d&#039;obstacles. Le ch\u00e2ssis se replie avec le si\u00e8ge int\u00e9gr\u00e9, ce qui facilite grandement le rangement et le transport de la poussette.<\/span><\/strong><\/p>\n<h4 style=\"text-align: justify;\" align=\"center\"><span style=\"color: #e14d43;\"><strong><span style=\"font-family: Arial;\">Si\u00e8ges auto sur ch\u00e2ssis<\/span><\/strong><\/span><\/h4>\n<p style=\"text-align: justify;\" align=\"center\"><strong><span style=\"font-family: Arial; color: #808080;\">Les poussettes Bebetto sont compatibles avec les adaptateurs Bobostello, permettant d&#039;installer un si\u00e8ge auto de presque toutes les marques sur un ch\u00e2ssis Bebetto. Le syst\u00e8me anti-jeu et le r\u00e9glage de l&#039;angle d&#039;inclinaison sont des innovations qui permettent de transporter votre enfant dans une position optimale (allong\u00e9e pour un enfant jusqu&#039;\u00e0 6 mois, ou assise pour un enfant capable de s&#039;asseoir seul).<\/span><\/strong><\/p>\n<h4 style=\"text-align: justify;\" align=\"center\"><span style=\"color: #e14d43;\"><strong><span style=\"font-family: Arial;\">Si\u00e8ge rabattable avec cadre<\/span><\/strong><\/span><\/h4>\n<p style=\"text-align: justify;\" align=\"center\"><strong><span style=\"font-family: Arial; color: #808080;\">Vous pouvez plier la poussette Nico avec le si\u00e8ge, sans avoir besoin de le d\u00e9tacher. Mais ce n&#039;est pas tout ! Le si\u00e8ge peut \u00eatre install\u00e9 face \u00e0 vous ou face au monde. Gr\u00e2ce \u00e0 cela, vous pouvez plier la poussette facilement et rapidement, que vous promeniez un b\u00e9b\u00e9 ou un enfant de trois ans.<\/span><\/strong><\/p>\n<h4 style=\"text-align: justify;\" align=\"center\"><strong><span style=\"font-family: Arial; color: #808080;\"><span style=\"color: #e14d43;\">Prix inclus<\/span>:<\/span><\/strong><\/h4>\n<div>\n<div style=\"text-align: justify;\"><strong><span style=\"font-family: Arial; color: #808080;\">\u2022 Cadre en aluminium<\/span><\/strong><\/div>\n<div style=\"text-align: justify;\"><strong><span style=\"font-family: Arial; color: #808080;\">\u00a0<\/span><\/strong><\/div>\n<div style=\"text-align: justify;\"><strong><span style=\"font-family: Arial; color: #808080;\">\u2022 4 roues<\/span><\/strong><\/div>\n<div style=\"text-align: justify;\"><strong><span style=\"font-family: Arial; color: #808080;\">\u00a0<\/span><\/strong><\/div>\n<div style=\"text-align: justify;\"><strong><span style=\"font-family: Arial; color: #808080;\">\u2022 Poussette + capote r\u00e9glable<\/span><\/strong><\/div>\n<div style=\"text-align: justify;\"><strong><span style=\"font-family: Arial; color: #808080;\">\u00a0<\/span><\/strong><\/div>\n<div style=\"text-align: justify;\"><strong><span style=\"font-family: Arial; color: #808080;\">\u2022 Pieds couverts<\/span><\/strong><\/div>\n<div style=\"text-align: justify;\"><strong><span style=\"font-family: Arial; color: #808080;\">\u00a0<\/span><\/strong><\/div>\n<div style=\"text-align: justify;\"><strong><span style=\"font-family: Arial; color: #808080;\">\u2022 Panier d&#039;achat<\/span><\/strong><\/div>\n<div style=\"text-align: justify;\"><strong><span style=\"font-family: Arial; color: #808080;\">\u00a0<\/span><\/strong><\/div>\n<div style=\"text-align: justify;\"><strong><span style=\"font-family: Arial; color: #808080;\">\u2022 Garantie de 24 mois\u00a0<\/span><\/strong><\/div>\n<\/div>\n<div><\/div>\n<h4><strong><span style=\"color: #808080;\"><span style=\"color: #e14d43;\">Dimension<\/span> :\u00a0<\/span><\/strong><\/h4>\n<p><strong><img loading=\"lazy\" decoding=\"async\" class=\"\" src=\"https:\/\/i.ebayimg.com\/images\/g\/K7QAAOSwJDdhd77o\/s-l500.png\" alt=\"Image 7 - Accessoires pour poussette Bebetto Nico\" width=\"802\" height=\"117\" \/><\/strong><\/p>\n<p>&nbsp;<\/p>\n<p style=\"text-align: left;\" align=\"center\"><a href=\"http:\/\/forbabyboss.com\/wp-content\/uploads\/2022\/09\/checkout.png\"><img loading=\"lazy\" decoding=\"async\" class=\"alignnone size-full wp-image-5965\" src=\"http:\/\/forbabyboss.com\/wp-content\/uploads\/2022\/09\/checkout.png\" alt=\"\" width=\"750\" height=\"276\" srcset=\"https:\/\/forbabyboss.com\/wp-content\/uploads\/2022\/09\/checkout.png 750w, https:\/\/forbabyboss.com\/wp-content\/uploads\/2022\/09\/checkout-600x221.png 600w\" sizes=\"auto, (max-width: 750px) 100vw, 750px\" \/><\/a><\/p>","protected":false},"excerpt":{"rendered":"<p><a href=\"http:\/\/forbabyboss.com\/wp-content\/uploads\/2022\/09\/Star-Rating-5.png\"><img loading=\"lazy\" decoding=\"async\" class=\"alignnone size-full wp-image-5973 aligncenter\" src=\"http:\/\/forbabyboss.com\/wp-content\/uploads\/2022\/09\/Star-Rating-5.png\" alt=\"\" width=\"275\" height=\"45\" \/><\/a><\/p>\n<p style=\"text-align: center;\"><span style=\"color: #ed1c24; font-size: 120%;\"><b>GARANTIE D&#039;ALIGNEMENT DES PRIX<\/b><\/span><\/p>\n<p style=\"text-align: center;\"><span style=\"font-size: 115%;\"><span style=\"font-weight: 400; color: #4f4fa7;\">Livraison gratuite<\/span><span style=\"font-weight: 400;\"> \u2013 2 \u00e0 7 jours<\/span><\/span><\/p>\n<p style=\"text-align: center;\"><strong><span style=\"color: #29606b;\">Cadeau offert pour tout achat sup\u00e9rieur \u00e0 100 \u00a3<\/span><\/strong><\/p>","protected":false},"featured_media":4760,"template":"","meta":[],"product_brand":[583],"product_cat":[336,339,305,215,130,211],"product_tag":[199],"class_list":{"0":"post-4755","1":"product","2":"type-product","3":"status-publish","4":"has-post-thumbnail","6":"product_brand-bebetto","7":"product_cat-400-to-500","8":"product_cat-700-to-800","9":"product_cat-colour","10":"product_cat-pink","11":"product_cat-prams","12":"product_cat-stroller","13":"product_tag-prams","15":"first","16":"instock","17":"shipping-taxable","18":"purchasable","19":"product-type-simple"},"yoast_head":"<!-- This site is optimized with the Yoast SEO plugin v27.5 - https:\/\/yoast.com\/product\/yoast-seo-wordpress\/ -->\n<title>The Bebetto Nico Stroller Travel System 4 in 1 - For Baby Boss<\/title>\n<meta name=\"description\" content=\"Baby Pushchair Bebetto Nico Stroller 01\" \/>\n<meta name=\"robots\" content=\"index, follow, max-snippet:-1, max-image-preview:large, max-video-preview:-1\" \/>\n<link rel=\"canonical\" href=\"https:\/\/forbabyboss.com\/fr\/produit\/le-systeme-de-voyage-poussette-bebetto-nico-4-en-1\/\" \/>\n<meta property=\"og:locale\" content=\"fr_FR\" \/>\n<meta property=\"og:type\" content=\"article\" \/>\n<meta property=\"og:title\" content=\"The Bebetto Nico Stroller Travel System 4 in 1 - For Baby Boss\" \/>\n<meta property=\"og:description\" content=\"Baby Pushchair Bebetto Nico Stroller 01\" \/>\n<meta property=\"og:url\" content=\"https:\/\/forbabyboss.com\/fr\/produit\/le-systeme-de-voyage-poussette-bebetto-nico-4-en-1\/\" \/>\n<meta property=\"og:site_name\" content=\"For Baby Boss\" \/>\n<meta property=\"article:modified_time\" content=\"2026-02-21T10:01:16+00:00\" \/>\n<meta property=\"og:image\" content=\"https:\/\/forbabyboss.com\/wp-content\/uploads\/2022\/09\/Baby-Pushchair-Bebetto-Nico-Stroller-Buggie-accessories-01_main.jpg\" \/>\n\t<meta property=\"og:image:width\" content=\"1000\" \/>\n\t<meta property=\"og:image:height\" content=\"1000\" \/>\n\t<meta property=\"og:image:type\" content=\"image\/jpeg\" \/>\n<meta name=\"twitter:card\" content=\"summary_large_image\" \/>\n<meta name=\"twitter:label1\" content=\"Dur\u00e9e de lecture estim\u00e9e\" \/>\n\t<meta name=\"twitter:data1\" content=\"2 minutes\" \/>\n<script type=\"application\/ld+json\" class=\"yoast-schema-graph\">{\"@context\":\"https:\\\/\\\/schema.org\",\"@graph\":[{\"@type\":\"WebPage\",\"@id\":\"https:\\\/\\\/forbabyboss.com\\\/product\\\/the-bebetto-nico-stroller-travel-system-4in1\\\/\",\"url\":\"https:\\\/\\\/forbabyboss.com\\\/product\\\/the-bebetto-nico-stroller-travel-system-4in1\\\/\",\"name\":\"The Bebetto Nico Stroller Travel System 4 in 1 - For Baby Boss\",\"isPartOf\":{\"@id\":\"https:\\\/\\\/powderblue-seahorse-496884.hostingersite.com\\\/#website\"},\"primaryImageOfPage\":{\"@id\":\"https:\\\/\\\/forbabyboss.com\\\/product\\\/the-bebetto-nico-stroller-travel-system-4in1\\\/#primaryimage\"},\"image\":{\"@id\":\"https:\\\/\\\/forbabyboss.com\\\/product\\\/the-bebetto-nico-stroller-travel-system-4in1\\\/#primaryimage\"},\"thumbnailUrl\":\"https:\\\/\\\/forbabyboss.com\\\/wp-content\\\/uploads\\\/2022\\\/09\\\/Baby-Pushchair-Bebetto-Nico-Stroller-Buggie-accessories-01_main.jpg\",\"datePublished\":\"2022-09-22T16:42:14+00:00\",\"dateModified\":\"2026-02-21T10:01:16+00:00\",\"description\":\"Baby Pushchair Bebetto Nico Stroller 01\",\"breadcrumb\":{\"@id\":\"https:\\\/\\\/forbabyboss.com\\\/product\\\/the-bebetto-nico-stroller-travel-system-4in1\\\/#breadcrumb\"},\"inLanguage\":\"fr-FR\",\"potentialAction\":[{\"@type\":\"ReadAction\",\"target\":[\"https:\\\/\\\/forbabyboss.com\\\/product\\\/the-bebetto-nico-stroller-travel-system-4in1\\\/\"]}]},{\"@type\":\"ImageObject\",\"inLanguage\":\"fr-FR\",\"@id\":\"https:\\\/\\\/forbabyboss.com\\\/product\\\/the-bebetto-nico-stroller-travel-system-4in1\\\/#primaryimage\",\"url\":\"https:\\\/\\\/forbabyboss.com\\\/wp-content\\\/uploads\\\/2022\\\/09\\\/Baby-Pushchair-Bebetto-Nico-Stroller-Buggie-accessories-01_main.jpg\",\"contentUrl\":\"https:\\\/\\\/forbabyboss.com\\\/wp-content\\\/uploads\\\/2022\\\/09\\\/Baby-Pushchair-Bebetto-Nico-Stroller-Buggie-accessories-01_main.jpg\",\"width\":1000,\"height\":1000},{\"@type\":\"BreadcrumbList\",\"@id\":\"https:\\\/\\\/forbabyboss.com\\\/product\\\/the-bebetto-nico-stroller-travel-system-4in1\\\/#breadcrumb\",\"itemListElement\":[{\"@type\":\"ListItem\",\"position\":1,\"name\":\"Home\",\"item\":\"https:\\\/\\\/forbabyboss.com\\\/\"},{\"@type\":\"ListItem\",\"position\":2,\"name\":\"Shop\",\"item\":\"https:\\\/\\\/forbabyboss.com\\\/shop\\\/\"},{\"@type\":\"ListItem\",\"position\":3,\"name\":\"The Bebetto Nico Stroller Travel System 4 in 1\"}]},{\"@type\":\"WebSite\",\"@id\":\"https:\\\/\\\/powderblue-seahorse-496884.hostingersite.com\\\/#website\",\"url\":\"https:\\\/\\\/powderblue-seahorse-496884.hostingersite.com\\\/\",\"name\":\"For Baby Boss\",\"description\":\"Beautiful gifts and accessories for your baby boss\",\"potentialAction\":[{\"@type\":\"SearchAction\",\"target\":{\"@type\":\"EntryPoint\",\"urlTemplate\":\"https:\\\/\\\/powderblue-seahorse-496884.hostingersite.com\\\/?s={search_term_string}\"},\"query-input\":{\"@type\":\"PropertyValueSpecification\",\"valueRequired\":true,\"valueName\":\"search_term_string\"}}],\"inLanguage\":\"fr-FR\"}]}<\/script>\n<!-- \/ Yoast SEO plugin. -->","yoast_head_json":{"title":"Le syst\u00e8me de voyage poussette Bebetto Nico 4 en 1 - Pour Baby Boss","description":"Poussette b\u00e9b\u00e9 Bebetto Nico Stroller 01","robots":{"index":"index","follow":"follow","max-snippet":"max-snippet:-1","max-image-preview":"max-image-preview:large","max-video-preview":"max-video-preview:-1"},"canonical":"https:\/\/forbabyboss.com\/fr\/produit\/le-systeme-de-voyage-poussette-bebetto-nico-4-en-1\/","og_locale":"fr_FR","og_type":"article","og_title":"The Bebetto Nico Stroller Travel System 4 in 1 - For Baby Boss","og_description":"Baby Pushchair Bebetto Nico Stroller 01","og_url":"https:\/\/forbabyboss.com\/fr\/produit\/le-systeme-de-voyage-poussette-bebetto-nico-4-en-1\/","og_site_name":"For Baby Boss","article_modified_time":"2026-02-21T10:01:16+00:00","og_image":[{"width":1000,"height":1000,"url":"https:\/\/forbabyboss.com\/wp-content\/uploads\/2022\/09\/Baby-Pushchair-Bebetto-Nico-Stroller-Buggie-accessories-01_main.jpg","type":"image\/jpeg"}],"twitter_card":"summary_large_image","twitter_misc":{"Dur\u00e9e de lecture estim\u00e9e":"2 minutes"},"schema":{"@context":"https:\/\/schema.org","@graph":[{"@type":"WebPage","@id":"https:\/\/forbabyboss.com\/product\/the-bebetto-nico-stroller-travel-system-4in1\/","url":"https:\/\/forbabyboss.com\/product\/the-bebetto-nico-stroller-travel-system-4in1\/","name":"Le syst\u00e8me de voyage poussette Bebetto Nico 4 en 1 - Pour Baby Boss","isPartOf":{"@id":"https:\/\/powderblue-seahorse-496884.hostingersite.com\/#website"},"primaryImageOfPage":{"@id":"https:\/\/forbabyboss.com\/product\/the-bebetto-nico-stroller-travel-system-4in1\/#primaryimage"},"image":{"@id":"https:\/\/forbabyboss.com\/product\/the-bebetto-nico-stroller-travel-system-4in1\/#primaryimage"},"thumbnailUrl":"https:\/\/forbabyboss.com\/wp-content\/uploads\/2022\/09\/Baby-Pushchair-Bebetto-Nico-Stroller-Buggie-accessories-01_main.jpg","datePublished":"2022-09-22T16:42:14+00:00","dateModified":"2026-02-21T10:01:16+00:00","description":"Poussette b\u00e9b\u00e9 Bebetto Nico Stroller 01","breadcrumb":{"@id":"https:\/\/forbabyboss.com\/product\/the-bebetto-nico-stroller-travel-system-4in1\/#breadcrumb"},"inLanguage":"fr-FR","potentialAction":[{"@type":"ReadAction","target":["https:\/\/forbabyboss.com\/product\/the-bebetto-nico-stroller-travel-system-4in1\/"]}]},{"@type":"ImageObject","inLanguage":"fr-FR","@id":"https:\/\/forbabyboss.com\/product\/the-bebetto-nico-stroller-travel-system-4in1\/#primaryimage","url":"https:\/\/forbabyboss.com\/wp-content\/uploads\/2022\/09\/Baby-Pushchair-Bebetto-Nico-Stroller-Buggie-accessories-01_main.jpg","contentUrl":"https:\/\/forbabyboss.com\/wp-content\/uploads\/2022\/09\/Baby-Pushchair-Bebetto-Nico-Stroller-Buggie-accessories-01_main.jpg","width":1000,"height":1000},{"@type":"BreadcrumbList","@id":"https:\/\/forbabyboss.com\/product\/the-bebetto-nico-stroller-travel-system-4in1\/#breadcrumb","itemListElement":[{"@type":"ListItem","position":1,"name":"Home","item":"https:\/\/forbabyboss.com\/"},{"@type":"ListItem","position":2,"name":"Shop","item":"https:\/\/forbabyboss.com\/shop\/"},{"@type":"ListItem","position":3,"name":"The Bebetto Nico Stroller Travel System 4 in 1"}]},{"@type":"WebSite","@id":"https:\/\/powderblue-seahorse-496884.hostingersite.com\/#website","url":"https:\/\/powderblue-seahorse-496884.hostingersite.com\/","name":"Pour Baby Boss","description":"De magnifiques cadeaux et accessoires pour votre petit patron","potentialAction":[{"@type":"SearchAction","target":{"@type":"EntryPoint","urlTemplate":"https:\/\/powderblue-seahorse-496884.hostingersite.com\/?s={search_term_string}"},"query-input":{"@type":"PropertyValueSpecification","valueRequired":true,"valueName":"search_term_string"}}],"inLanguage":"fr-FR"}]}},"_links":{"self":[{"href":"https:\/\/forbabyboss.com\/fr\/wp-json\/wp\/v2\/product\/4755","targetHints":{"allow":["GET"]}}],"collection":[{"href":"https:\/\/forbabyboss.com\/fr\/wp-json\/wp\/v2\/product"}],"about":[{"href":"https:\/\/forbabyboss.com\/fr\/wp-json\/wp\/v2\/types\/product"}],"wp:featuredmedia":[{"embeddable":true,"href":"https:\/\/forbabyboss.com\/fr\/wp-json\/wp\/v2\/media\/4760"}],"wp:attachment":[{"href":"https:\/\/forbabyboss.com\/fr\/wp-json\/wp\/v2\/media?parent=4755"}],"wp:term":[{"taxonomy":"product_brand","embeddable":true,"href":"https:\/\/forbabyboss.com\/fr\/wp-json\/wp\/v2\/product_brand?post=4755"},{"taxonomy":"product_cat","embeddable":true,"href":"https:\/\/forbabyboss.com\/fr\/wp-json\/wp\/v2\/product_cat?post=4755"},{"taxonomy":"product_tag","embeddable":true,"href":"https:\/\/forbabyboss.com\/fr\/wp-json\/wp\/v2\/product_tag?post=4755"}],"curies":[{"name":"wp","href":"https:\/\/api.w.org\/{rel}","templated":true}]}}