{"id":5121,"date":"2022-09-11T11:48:10","date_gmt":"2022-09-11T11:48:10","guid":{"rendered":"http:\/\/forbabyboss.com\/?post_type=product&#038;p=5121"},"modified":"2026-02-21T12:49:55","modified_gmt":"2026-02-21T12:49:55","slug":"systeme-de-voyage-3-en-1-pour-bebe-poussette-siege-auto-enfant-noir-et-gris","status":"publish","type":"product","link":"https:\/\/forbabyboss.com\/fr\/product\/black-grey-baby-pram-travel-system-3-in-1-pushchair-car-seat-toddler\/","title":{"rendered":"Syst\u00e8me de voyage 3 en 1 pour b\u00e9b\u00e9 (poussette, si\u00e8ge auto et enfant) noir et gris"},"content":{"rendered":"<p style=\"text-align: justify;\"><span style=\"color: #282828;\">Nous avons con\u00e7u cette poussette pour accompagner parents et enfants de la naissance \u00e0 3 ans. Elle s&#039;adapte parfaitement \u00e0 la croissance de votre enfant\u00a0: vous commencez avec une nacelle fix\u00e9e au ch\u00e2ssis. Lorsque votre enfant est assez grand pour s&#039;asseoir en promenade, vous installez un si\u00e8ge confortable, face \u00e0 la route ou dos \u00e0 la route. Que demander de plus\u00a0?<\/span><\/p>\n<p style=\"text-align: justify;\"><span style=\"color: #e14d43;\"><strong>Caract\u00e9ristiques:<\/strong><\/span><\/p>\n<p style=\"text-align: justify;\"><span style=\"color: #282828;\">-mode face \u00e0 la route et face \u00e0 la route<br \/>\n-si\u00e8ge auto fixable sur le ch\u00e2ssis<br \/>\n-fen\u00eatre d&#039;a\u00e9ration \u00e0 l&#039;arri\u00e8re du capot<br \/>\n-La gondole poss\u00e8de une doublure douce amovible pour le lavage.<br \/>\n-La b\u00e2che de la nacelle peut \u00eatre relev\u00e9e pour cr\u00e9er un capteur de vent<br \/>\n-capote allong\u00e9e et amovible<br \/>\nHarnais de s\u00e9curit\u00e9 \u00e0 5 points<br \/>\n-repose-pieds stratifi\u00e9<br \/>\n- poign\u00e9e r\u00e9glable \u00e0 plusieurs niveaux<br \/>\n- suspension r\u00e9glable<br \/>\n-cadre robuste<br \/>\n-jambes et dossier r\u00e9glables<br \/>\n-frein central EASY STOP<br \/>\n-grand panier \u00e0 provisions<br \/>\nConvient aux poussettes de 0 \u00e0 3 ans<br \/>\nSi\u00e8ge auto jusqu&#039;\u00e0 10 kg<\/span><\/p>\n<p style=\"text-align: justify;\"><span style=\"color: #e14d43;\"><strong>Caract\u00e9ristiques du si\u00e8ge auto\u00a0:<\/strong><\/span><\/p>\n<p style=\"text-align: justify;\"><span style=\"color: #282828;\">- encart suppl\u00e9mentaire pour nourrissons<br \/>\n- poign\u00e9e r\u00e9glable<br \/>\n-couvre-pieds<br \/>\n-capote amovible<br \/>\n-ceintures de s\u00e9curit\u00e9 \u00e0 trois points<\/span><\/p>\n<p style=\"text-align: justify;\"><span style=\"color: #e14d43;\"><strong>L&#039;ensemble contient\u00a0:<\/strong><\/span><\/p>\n<p><span style=\"color: #282828;\">-cadre avec poign\u00e9e en cuir \u00e9cologique<br \/>\n- nacelle avec dossier r\u00e9glable<br \/>\n-unit\u00e9 de si\u00e8ge<br \/>\n-deux couvre-pieds (pour poussette et nacelle)<br \/>\n-Si\u00e8ge auto multifonctionnel avec adaptateurs<br \/>\n-couverture pluie<br \/>\n-moustiquaire<br \/>\n- sac et matelas \u00e0 langer<br \/>\n- Roues souples en gel increvables (tous terrains)<br \/>\n-poign\u00e9e de bouteille<br \/>\n-Une grande poche \u00e0 l&#039;arri\u00e8re du sac et deux petites sur les c\u00f4t\u00e9s<\/span><\/p>\n<p style=\"text-align: justify;\"><span style=\"color: #282828;\">Cadre pliable avec roues (longueur x largeur x hauteur) : 85 x 60 x 40 cm<br \/>\nPoussette assembl\u00e9e (hauteur x largeur x longueur) : 115 x 60 x 95 cm<br \/>\nDimensions int\u00e9rieures de la nacelle (largeur x longueur x hauteur) : 36 x 80 x 20 cm<br \/>\nDimensions int\u00e9rieures de la poussette (largeur x longueur du dossier x longueur de l&#039;assise x longueur du repose-pieds) : 34 x 48 x 26 x 23 cm<br \/>\nCadre avec roues : 10 kg<br \/>\nPoussette : 15 kg<br \/>\nPoussette profonde : 16 kg<br \/>\nPlage de r\u00e9glage de la poign\u00e9e\u00a0: 70\u00a0cm \u00e0 115\u00a0cm<br \/>\nPoussette : Conforme \u00e0 la norme de s\u00e9curit\u00e9 EN 1888:2019<br \/>\nSi\u00e8ge auto homologu\u00e9 ECE 44-04<br \/>\nGarantie de 12 mois<\/span><\/p>\n<p style=\"text-align: justify;\"><span style=\"color: #282828;\">Notre poussette comprend un ch\u00e2ssis, une nacelle, un si\u00e8ge sport, un sac \u00e0 langer, un matelas \u00e0 langer, un porte-gobelet, une capote, des accoudoirs, des housses de si\u00e8ge, un panier, des dessous de verre, une protection pluie, une moustiquaire, une barre de s\u00e9curit\u00e9 et un matelas respirant et hypoallerg\u00e9nique. D\u00e8s 6 mois, elle se transforme en poussette classique. Son si\u00e8ge r\u00e9versible permet une utilisation dans les deux sens. La capote extensible est dot\u00e9e d&#039;un syst\u00e8me d\u00e9perlant.<\/span><br \/>\n<span style=\"color: #282828;\">Cette poussette est id\u00e9ale pour ceux qui recherchent l&#039;esth\u00e9tique et une premi\u00e8re poussette exceptionnelle pour leurs tout-petits. Largo est une collection de poussettes fonctionnelles, s\u00fbres et color\u00e9es.<\/span><br \/>\n<span style=\"color: #282828;\">Pour une sensation de luxe suppl\u00e9mentaire, la poign\u00e9e est recouverte de similicuir d&#039;une douceur incomparable. Autre atout de cette poussette\u00a0: son ch\u00e2ssis confortable et bien suspendu, d&#039;une grande facilit\u00e9 d&#039;utilisation.<\/span><\/p>\n<p style=\"text-align: justify;\"><span style=\"color: #282828;\">Le syst\u00e8me de montage facile sera appr\u00e9ci\u00e9 de tous les parents. Le rev\u00eatement de la poussette est confectionn\u00e9 dans des tissus impr\u00e9gn\u00e9s de la plus haute qualit\u00e9, parfaitement adapt\u00e9s aux enfants.<\/span><br \/>\n<span style=\"color: #282828;\">L&#039;int\u00e9rieur de la nacelle est garni de tissu en coton hypoallerg\u00e9nique. Les si\u00e8ges sont amovibles et lavables. De plus, elle est \u00e9quip\u00e9e d&#039;un pare-soleil offrant une protection UVA 30+.<\/span><br \/>\n<span style=\"color: #282828;\">Nous avons con\u00e7u cette poussette pour accompagner les parents et les enfants de la naissance \u00e0 3 ans. Elle s&#039;adapte parfaitement aux besoins de votre enfant en pleine croissance\u00a0: vous pouvez commencer avec une nacelle et l&#039;utiliser sur le ch\u00e2ssis de la poussette.<\/span><br \/>\n<span style=\"color: #282828;\">Lorsque vous estimez que l&#039;enfant est assez grand et pr\u00eat \u00e0 s&#039;asseoir pendant les promenades, vous installez un si\u00e8ge confortable, dos \u00e0 la route ou face \u00e0 la route.<\/span><br \/>\n<span style=\"color: #282828;\">Peut-on vouloir davantage ?<\/span><\/p>\n<p style=\"text-align: justify;\"><span style=\"color: #282828;\"><strong><img decoding=\"async\" src=\"https:\/\/bayobay.co.uk\/ebay\/zdjecia-aukcyjne\/rafpol\/largo\/zdjecia%20podwojne\/gif1.gif\" \/><\/strong><\/span><\/p>\n<p style=\"text-align: justify;\"><span style=\"color: #282828;\"><strong><img decoding=\"async\" src=\"https:\/\/bayobay.co.uk\/\/ebay\/zdjecia-aukcyjne\/rafpol\/largo\/zdjecia%20podwojne\/gif2.gif\" \/><\/strong><\/span><\/p>\n<p style=\"text-align: justify;\"><span style=\"color: #282828;\"><strong><img decoding=\"async\" src=\"https:\/\/bayobay.co.uk\/ebay\/zdjecia-aukcyjne\/rafpol\/largo\/zdjecia%20podwojne\/1.png\" \/><\/strong><\/span><\/p>\n<p style=\"text-align: justify;\"><span style=\"color: #282828;\"><strong>Nos poussettes int\u00e8grent toutes les technologies innovantes.<br \/>\nLa nacelle, le si\u00e8ge sport et le si\u00e8ge auto peuvent \u00eatre install\u00e9s dos \u00e0 la route ou face \u00e0 la route. La suspension assure un voyage tout en douceur et garantit un sommeil paisible \u00e0 votre b\u00e9b\u00e9.<br \/>\nLe syst\u00e8me Shock Stop de nos poussettes r\u00e9duit les vibrations d\u00e9sagr\u00e9ables. Il comprend deux \u00e9l\u00e9ments\u00a0: une suspension arri\u00e8re et une suspension lat\u00e9rale. La poussette est pr\u00eate \u00e0 l&#039;emploi quasiment d\u00e8s son d\u00e9ballage (il suffit de d\u00e9plier le ch\u00e2ssis, de monter les roues et d&#039;installer la nacelle)\u00a0; aucun vissage n&#039;est n\u00e9cessaire.<\/strong><\/span><\/p>\n<p style=\"text-align: justify;\"><span style=\"color: #282828;\"><strong><img decoding=\"async\" src=\"https:\/\/bayobay.co.uk\/ebay\/zdjecia-aukcyjne\/rafpol\/largo\/zdjecia%20podwojne\/2.png\" \/><\/strong><\/span><\/p>\n<p style=\"text-align: justify;\"><span style=\"color: #282828;\"><strong>La poussette est \u00e9quip\u00e9e d&#039;un grand panier \u00e0 provisions, d&#039;une poign\u00e9e r\u00e9glable en similicuir et d&#039;une protection solaire.<br \/>\nLe frein central est facile \u00e0 utiliser \u2013 il peut \u00eatre engag\u00e9 ou d\u00e9sengag\u00e9 d&#039;un seul geste.<\/strong><\/span><\/p>\n<p style=\"text-align: justify;\"><span style=\"color: #282828;\"><strong><img decoding=\"async\" src=\"https:\/\/bayobay.co.uk\/ebay\/zdjecia-aukcyjne\/rafpol\/largo\/zdjecia%20podwojne\/3.png\" \/><\/strong><\/span><\/p>\n<p style=\"text-align: justify;\"><span style=\"color: #282828;\"><strong>Le si\u00e8ge auto poss\u00e8de une capote et un couvre-pieds amovibles et peut \u00eatre utilis\u00e9 comme berceau.<\/strong><\/span><\/p>\n<p style=\"text-align: justify;\"><span style=\"color: #282828;\"><strong><img decoding=\"async\" src=\"https:\/\/bayobay.co.uk\/ebay\/zdjecia-aukcyjne\/rafpol\/largo\/zdjecia%20podwojne\/4.png\" \/><\/strong><\/span><\/p>\n<p style=\"text-align: justify;\"><span style=\"color: #282828;\"><strong>Capote pliable et a\u00e9r\u00e9e de la nacelle.<br \/>\nUn sac spacieux \u00e0 fermeture \u00e9clair \u2013 vous pouvez l&#039;attacher au ch\u00e2ssis de la poussette ou l&#039;emporter avec vous.<\/strong><\/span><\/p>\n<p style=\"text-align: justify;\"><span style=\"color: #282828;\"><strong><img decoding=\"async\" src=\"https:\/\/bayobay.co.uk\/ebay\/zdjecia-aukcyjne\/rafpol\/largo\/zdjecia%20podwojne\/5.png\" \/><\/strong><\/span><\/p>\n<p style=\"text-align: justify;\"><span style=\"color: #282828;\"><strong>Repose-pieds durable et facile \u00e0 nettoyer.<br \/>\nDossier r\u00e9glable.<br \/>\nCapote amovible du si\u00e8ge sport.<\/strong><\/span><\/p>\n<p style=\"text-align: justify;\"><span style=\"color: #282828;\"><strong><img decoding=\"async\" src=\"https:\/\/bayobay.co.uk\/ebay\/zdjecia-aukcyjne\/rafpol\/largo\/zdjecia%20podwojne\/6.png\" \/><\/strong><\/span><\/p>\n<p style=\"text-align: justify;\"><span style=\"color: #282828;\"><strong>Le si\u00e8ge sport peut \u00eatre install\u00e9 dos \u00e0 la route ou face \u00e0 la route. Votre b\u00e9b\u00e9 peut \u00eatre assis face \u00e0 vous (pour que vous puissiez lui parler et le surveiller) ou dos \u00e0 vous et observer son environnement depuis l&#039;avant (\u00e0 mesure qu&#039;il grandit et s&#039;int\u00e9resse davantage au monde qui l&#039;entoure).<br \/>\nL&#039;auvent est muni d&#039;une fen\u00eatre de ventilation.<br \/>\nEn a\u00e9rant correctement la poussette, vous prot\u00e9gez votre enfant de la surchauffe par temps chaud et vous lui assurez une bonne ventilation et un apport d&#039;air frais.<\/strong><\/span><\/p>\n<p style=\"text-align: justify;\"><span style=\"color: #282828;\"><strong><img decoding=\"async\" src=\"https:\/\/bayobay.co.uk\/ebay\/zdjecia-aukcyjne\/rafpol\/largo\/zdjecia%20podwojne\/7.png\" \/><\/strong><\/span><\/p>\n<p style=\"text-align: justify;\"><span style=\"color: #282828;\"><strong>Un tablier suppl\u00e9mentaire permet de garder votre b\u00e9b\u00e9 au chaud par temps froid.<br \/>\nLa poussette est \u00e9quip\u00e9e de roues en gel souple et increvables, ce qui vous permet de l&#039;utiliser sur tous les terrains.<br \/>\nLes roues avant pivotantes et verrouillables facilitent grandement la prise de virages.<\/strong><\/span><\/p>\n<p style=\"text-align: justify;\"><span style=\"color: #282828;\"><strong><img decoding=\"async\" src=\"https:\/\/bayobay.co.uk\/ebay\/zdjecia-aukcyjne\/rafpol\/largo\/zdjecia%20podwojne\/8.png\" \/><\/strong><\/span><\/p>\n<p style=\"text-align: justify;\"><span style=\"color: #282828;\"><strong>Couverture contre la pluie et les insectes.<\/strong><\/span><\/p>\n<p style=\"text-align: justify;\"><span style=\"color: #282828;\"><strong><img decoding=\"async\" src=\"https:\/\/bayobay.co.uk\/ebay\/zdjecia-aukcyjne\/rafpol\/largo\/zdjecia%20podwojne\/9.png\" \/><\/strong><\/span><\/p>\n<p style=\"text-align: justify;\"><span style=\"color: #282828;\"><strong>La nacelle est dot\u00e9e d&#039;un matelas lavable, doux et confortable, et d&#039;un dossier r\u00e9glable sur quatre positions.<\/strong><\/span><\/p>\n<p style=\"text-align: justify;\"><span style=\"color: #282828;\"><strong><img decoding=\"async\" src=\"https:\/\/bayobay.co.uk\/ebay\/zdjecia-aukcyjne\/rafpol\/largo\/zdjecia%20podwojne\/10.png\" \/><\/strong><\/span><\/p>\n<p style=\"text-align: justify;\"><span style=\"color: #282828;\"><strong>Sac \u00e0 langer, matelas \u00e0 langer, adaptateurs pour si\u00e8ge auto, porte-gobelet, housse anti-pluie et anti-insectes.<\/strong><\/span><\/p>\n<p style=\"text-align: justify;\"><span style=\"color: #282828;\"><strong><img decoding=\"async\" src=\"https:\/\/bayobay.co.uk\/ebay\/zdjecia-aukcyjne\/rafpol\/largo\/zdjecia%20podwojne\/11.jpg\" \/><\/strong><\/span><\/p>\n<p style=\"text-align: justify;\"><span style=\"color: #282828;\"><strong><img decoding=\"async\" src=\"https:\/\/bayobay.co.uk\/ebay\/zdjecia-aukcyjne\/rafpol\/largo\/zdjecia%20podwojne\/12.png\" \/><\/strong><\/span><\/p>\n<p style=\"text-align: justify;\"><span style=\"color: #282828;\"><strong><img decoding=\"async\" src=\"https:\/\/bayobay.co.uk\/ebay\/zdjecia-aukcyjne\/rafpol\/largo\/zdjecia%20podwojne\/dimensions.png\" \/><\/strong><\/span><\/p>\n<p><span style=\"color: #282828;\"><a style=\"color: #282828;\" href=\"http:\/\/forbabyboss.com\/wp-content\/uploads\/2022\/09\/Easy-Fold.png\"><img loading=\"lazy\" decoding=\"async\" class=\"alignnone size-full wp-image-4925\" src=\"http:\/\/forbabyboss.com\/wp-content\/uploads\/2022\/09\/Easy-Fold.png\" alt=\"\" width=\"1141\" height=\"409\" srcset=\"https:\/\/forbabyboss.com\/wp-content\/uploads\/2022\/09\/Easy-Fold.png 1141w, https:\/\/forbabyboss.com\/wp-content\/uploads\/2022\/09\/Easy-Fold-800x287.png 800w, https:\/\/forbabyboss.com\/wp-content\/uploads\/2022\/09\/Easy-Fold-768x275.png 768w, https:\/\/forbabyboss.com\/wp-content\/uploads\/2022\/09\/Easy-Fold-600x215.png 600w\" sizes=\"auto, (max-width: 1141px) 100vw, 1141px\" \/><\/a><\/span><\/p>\n<p>&nbsp;<\/p>\n<p>&nbsp;<\/p>\n<p><a href=\"http:\/\/forbabyboss.com\/wp-content\/uploads\/2022\/09\/checkout.png\"><img loading=\"lazy\" decoding=\"async\" class=\"alignnone wp-image-5965\" src=\"http:\/\/forbabyboss.com\/wp-content\/uploads\/2022\/09\/checkout.png\" alt=\"\" width=\"989\" height=\"364\" srcset=\"https:\/\/forbabyboss.com\/wp-content\/uploads\/2022\/09\/checkout.png 750w, https:\/\/forbabyboss.com\/wp-content\/uploads\/2022\/09\/checkout-600x221.png 600w\" sizes=\"auto, (max-width: 989px) 100vw, 989px\" \/><\/a><\/p>\n<p style=\"text-align: justify;\">","protected":false},"excerpt":{"rendered":"<p><a href=\"http:\/\/forbabyboss.com\/wp-content\/uploads\/2022\/09\/Star-Rating-5.png\"><img loading=\"lazy\" decoding=\"async\" class=\"alignnone size-full wp-image-5973 aligncenter\" src=\"http:\/\/forbabyboss.com\/wp-content\/uploads\/2022\/09\/Star-Rating-5.png\" alt=\"\" width=\"275\" height=\"45\" \/><\/a><\/p>\n<p style=\"text-align: center;\"><span style=\"color: #ed1c24; font-size: 120%;\"><b>GARANTIE D&#039;ALIGNEMENT DES PRIX<\/b><\/span><\/p>\n<p style=\"text-align: center;\"><span style=\"font-size: 115%;\"><span style=\"font-weight: 400; color: #4f4fa7;\">Livraison gratuite<\/span><span style=\"font-weight: 400;\"> \u2013 2 \u00e0 7 jours<\/span><\/span><\/p>\n<p style=\"text-align: center;\"><strong><span style=\"color: #29606b;\">Cadeau offert pour tout achat sup\u00e9rieur \u00e0 100 \u00a3<\/span><\/strong><\/p>","protected":false},"featured_media":5123,"template":"","meta":[],"product_brand":[370],"product_cat":[336,339,156,305,210,130,211],"product_tag":[202,199],"class_list":{"0":"post-5121","1":"product","2":"type-product","3":"status-publish","4":"has-post-thumbnail","6":"product_brand-babylux","7":"product_cat-400-to-500","8":"product_cat-700-to-800","9":"product_cat-3-in-1","10":"product_cat-colour","11":"product_cat-grey","12":"product_cat-prams","13":"product_cat-stroller","14":"product_tag-3-in-1-pram","15":"product_tag-prams","17":"first","18":"instock","19":"sale","20":"shipping-taxable","21":"purchasable","22":"product-type-simple"},"yoast_head":"<!-- This site is optimized with the Yoast SEO plugin v27.5 - https:\/\/yoast.com\/product\/yoast-seo-wordpress\/ -->\n<title>Black Grey Baby Pram Travel System 3 in 1 Pushchair Car Seat Toddler - For Baby Boss<\/title>\n<meta name=\"description\" content=\"Black Grey Baby Pram Travel System 3 in 1 Pushchair Car Seat Toddler\" \/>\n<meta name=\"robots\" content=\"index, follow, max-snippet:-1, max-image-preview:large, max-video-preview:-1\" \/>\n<link rel=\"canonical\" href=\"https:\/\/forbabyboss.com\/fr\/produit\/systeme-de-voyage-3-en-1-pour-bebe-poussette-siege-auto-enfant-noir-et-gris\/\" \/>\n<meta property=\"og:locale\" content=\"fr_FR\" \/>\n<meta property=\"og:type\" content=\"article\" \/>\n<meta property=\"og:title\" content=\"Black Grey Baby Pram Travel System 3 in 1 Pushchair Car Seat Toddler - For Baby Boss\" \/>\n<meta property=\"og:description\" content=\"Black Grey Baby Pram Travel System 3 in 1 Pushchair Car Seat Toddler\" \/>\n<meta property=\"og:url\" content=\"https:\/\/forbabyboss.com\/fr\/produit\/systeme-de-voyage-3-en-1-pour-bebe-poussette-siege-auto-enfant-noir-et-gris\/\" \/>\n<meta property=\"og:site_name\" content=\"For Baby Boss\" \/>\n<meta property=\"article:modified_time\" content=\"2026-02-21T12:49:55+00:00\" \/>\n<meta property=\"og:image\" content=\"https:\/\/forbabyboss.com\/wp-content\/uploads\/2022\/09\/Baby-Pram-Travel-System-3-in-1-Buggy-Pushchair-Car-Seat-Toddler-Bassinet-FREEBIE-Black-Grey_main.png\" \/>\n\t<meta property=\"og:image:width\" content=\"1600\" \/>\n\t<meta property=\"og:image:height\" content=\"1600\" \/>\n\t<meta property=\"og:image:type\" content=\"image\/png\" \/>\n<meta name=\"twitter:card\" content=\"summary_large_image\" \/>\n<meta name=\"twitter:label1\" content=\"Dur\u00e9e de lecture estim\u00e9e\" \/>\n\t<meta name=\"twitter:data1\" content=\"8 minutes\" \/>\n<script type=\"application\/ld+json\" class=\"yoast-schema-graph\">{\"@context\":\"https:\\\/\\\/schema.org\",\"@graph\":[{\"@type\":\"WebPage\",\"@id\":\"https:\\\/\\\/forbabyboss.com\\\/product\\\/black-grey-baby-pram-travel-system-3-in-1-pushchair-car-seat-toddler\\\/\",\"url\":\"https:\\\/\\\/forbabyboss.com\\\/product\\\/black-grey-baby-pram-travel-system-3-in-1-pushchair-car-seat-toddler\\\/\",\"name\":\"Black Grey Baby Pram Travel System 3 in 1 Pushchair Car Seat Toddler - For Baby Boss\",\"isPartOf\":{\"@id\":\"https:\\\/\\\/powderblue-seahorse-496884.hostingersite.com\\\/#website\"},\"primaryImageOfPage\":{\"@id\":\"https:\\\/\\\/forbabyboss.com\\\/product\\\/black-grey-baby-pram-travel-system-3-in-1-pushchair-car-seat-toddler\\\/#primaryimage\"},\"image\":{\"@id\":\"https:\\\/\\\/forbabyboss.com\\\/product\\\/black-grey-baby-pram-travel-system-3-in-1-pushchair-car-seat-toddler\\\/#primaryimage\"},\"thumbnailUrl\":\"https:\\\/\\\/forbabyboss.com\\\/wp-content\\\/uploads\\\/2022\\\/09\\\/Baby-Pram-Travel-System-3-in-1-Buggy-Pushchair-Car-Seat-Toddler-Bassinet-FREEBIE-Black-Grey_main.png\",\"datePublished\":\"2022-09-11T11:48:10+00:00\",\"dateModified\":\"2026-02-21T12:49:55+00:00\",\"description\":\"Black Grey Baby Pram Travel System 3 in 1 Pushchair Car Seat Toddler\",\"breadcrumb\":{\"@id\":\"https:\\\/\\\/forbabyboss.com\\\/product\\\/black-grey-baby-pram-travel-system-3-in-1-pushchair-car-seat-toddler\\\/#breadcrumb\"},\"inLanguage\":\"fr-FR\",\"potentialAction\":[{\"@type\":\"ReadAction\",\"target\":[\"https:\\\/\\\/forbabyboss.com\\\/product\\\/black-grey-baby-pram-travel-system-3-in-1-pushchair-car-seat-toddler\\\/\"]}]},{\"@type\":\"ImageObject\",\"inLanguage\":\"fr-FR\",\"@id\":\"https:\\\/\\\/forbabyboss.com\\\/product\\\/black-grey-baby-pram-travel-system-3-in-1-pushchair-car-seat-toddler\\\/#primaryimage\",\"url\":\"https:\\\/\\\/forbabyboss.com\\\/wp-content\\\/uploads\\\/2022\\\/09\\\/Baby-Pram-Travel-System-3-in-1-Buggy-Pushchair-Car-Seat-Toddler-Bassinet-FREEBIE-Black-Grey_main.png\",\"contentUrl\":\"https:\\\/\\\/forbabyboss.com\\\/wp-content\\\/uploads\\\/2022\\\/09\\\/Baby-Pram-Travel-System-3-in-1-Buggy-Pushchair-Car-Seat-Toddler-Bassinet-FREEBIE-Black-Grey_main.png\",\"width\":1600,\"height\":1600},{\"@type\":\"BreadcrumbList\",\"@id\":\"https:\\\/\\\/forbabyboss.com\\\/product\\\/black-grey-baby-pram-travel-system-3-in-1-pushchair-car-seat-toddler\\\/#breadcrumb\",\"itemListElement\":[{\"@type\":\"ListItem\",\"position\":1,\"name\":\"Home\",\"item\":\"https:\\\/\\\/forbabyboss.com\\\/\"},{\"@type\":\"ListItem\",\"position\":2,\"name\":\"Shop\",\"item\":\"https:\\\/\\\/forbabyboss.com\\\/shop\\\/\"},{\"@type\":\"ListItem\",\"position\":3,\"name\":\"Black Grey Baby Pram Travel System 3 in 1 Pushchair Car Seat Toddler\"}]},{\"@type\":\"WebSite\",\"@id\":\"https:\\\/\\\/powderblue-seahorse-496884.hostingersite.com\\\/#website\",\"url\":\"https:\\\/\\\/powderblue-seahorse-496884.hostingersite.com\\\/\",\"name\":\"For Baby Boss\",\"description\":\"Beautiful gifts and accessories for your baby boss\",\"potentialAction\":[{\"@type\":\"SearchAction\",\"target\":{\"@type\":\"EntryPoint\",\"urlTemplate\":\"https:\\\/\\\/powderblue-seahorse-496884.hostingersite.com\\\/?s={search_term_string}\"},\"query-input\":{\"@type\":\"PropertyValueSpecification\",\"valueRequired\":true,\"valueName\":\"search_term_string\"}}],\"inLanguage\":\"fr-FR\"}]}<\/script>\n<!-- \/ Yoast SEO plugin. -->","yoast_head_json":{"title":"Syst\u00e8me de voyage 3 en 1 pour b\u00e9b\u00e9 (poussette, si\u00e8ge auto et enfant) noir et gris - Pour Baby Boss","description":"Syst\u00e8me de voyage 3 en 1 pour b\u00e9b\u00e9 (poussette, si\u00e8ge auto et enfant) noir et gris","robots":{"index":"index","follow":"follow","max-snippet":"max-snippet:-1","max-image-preview":"max-image-preview:large","max-video-preview":"max-video-preview:-1"},"canonical":"https:\/\/forbabyboss.com\/fr\/produit\/systeme-de-voyage-3-en-1-pour-bebe-poussette-siege-auto-enfant-noir-et-gris\/","og_locale":"fr_FR","og_type":"article","og_title":"Black Grey Baby Pram Travel System 3 in 1 Pushchair Car Seat Toddler - For Baby Boss","og_description":"Black Grey Baby Pram Travel System 3 in 1 Pushchair Car Seat Toddler","og_url":"https:\/\/forbabyboss.com\/fr\/produit\/systeme-de-voyage-3-en-1-pour-bebe-poussette-siege-auto-enfant-noir-et-gris\/","og_site_name":"For Baby Boss","article_modified_time":"2026-02-21T12:49:55+00:00","og_image":[{"width":1600,"height":1600,"url":"https:\/\/forbabyboss.com\/wp-content\/uploads\/2022\/09\/Baby-Pram-Travel-System-3-in-1-Buggy-Pushchair-Car-Seat-Toddler-Bassinet-FREEBIE-Black-Grey_main.png","type":"image\/png"}],"twitter_card":"summary_large_image","twitter_misc":{"Dur\u00e9e de lecture estim\u00e9e":"8 minutes"},"schema":{"@context":"https:\/\/schema.org","@graph":[{"@type":"WebPage","@id":"https:\/\/forbabyboss.com\/product\/black-grey-baby-pram-travel-system-3-in-1-pushchair-car-seat-toddler\/","url":"https:\/\/forbabyboss.com\/product\/black-grey-baby-pram-travel-system-3-in-1-pushchair-car-seat-toddler\/","name":"Syst\u00e8me de voyage 3 en 1 pour b\u00e9b\u00e9 (poussette, si\u00e8ge auto et enfant) noir et gris - Pour Baby Boss","isPartOf":{"@id":"https:\/\/powderblue-seahorse-496884.hostingersite.com\/#website"},"primaryImageOfPage":{"@id":"https:\/\/forbabyboss.com\/product\/black-grey-baby-pram-travel-system-3-in-1-pushchair-car-seat-toddler\/#primaryimage"},"image":{"@id":"https:\/\/forbabyboss.com\/product\/black-grey-baby-pram-travel-system-3-in-1-pushchair-car-seat-toddler\/#primaryimage"},"thumbnailUrl":"https:\/\/forbabyboss.com\/wp-content\/uploads\/2022\/09\/Baby-Pram-Travel-System-3-in-1-Buggy-Pushchair-Car-Seat-Toddler-Bassinet-FREEBIE-Black-Grey_main.png","datePublished":"2022-09-11T11:48:10+00:00","dateModified":"2026-02-21T12:49:55+00:00","description":"Syst\u00e8me de voyage 3 en 1 pour b\u00e9b\u00e9 (poussette, si\u00e8ge auto et enfant) noir et gris","breadcrumb":{"@id":"https:\/\/forbabyboss.com\/product\/black-grey-baby-pram-travel-system-3-in-1-pushchair-car-seat-toddler\/#breadcrumb"},"inLanguage":"fr-FR","potentialAction":[{"@type":"ReadAction","target":["https:\/\/forbabyboss.com\/product\/black-grey-baby-pram-travel-system-3-in-1-pushchair-car-seat-toddler\/"]}]},{"@type":"ImageObject","inLanguage":"fr-FR","@id":"https:\/\/forbabyboss.com\/product\/black-grey-baby-pram-travel-system-3-in-1-pushchair-car-seat-toddler\/#primaryimage","url":"https:\/\/forbabyboss.com\/wp-content\/uploads\/2022\/09\/Baby-Pram-Travel-System-3-in-1-Buggy-Pushchair-Car-Seat-Toddler-Bassinet-FREEBIE-Black-Grey_main.png","contentUrl":"https:\/\/forbabyboss.com\/wp-content\/uploads\/2022\/09\/Baby-Pram-Travel-System-3-in-1-Buggy-Pushchair-Car-Seat-Toddler-Bassinet-FREEBIE-Black-Grey_main.png","width":1600,"height":1600},{"@type":"BreadcrumbList","@id":"https:\/\/forbabyboss.com\/product\/black-grey-baby-pram-travel-system-3-in-1-pushchair-car-seat-toddler\/#breadcrumb","itemListElement":[{"@type":"ListItem","position":1,"name":"Home","item":"https:\/\/forbabyboss.com\/"},{"@type":"ListItem","position":2,"name":"Shop","item":"https:\/\/forbabyboss.com\/shop\/"},{"@type":"ListItem","position":3,"name":"Black Grey Baby Pram Travel System 3 in 1 Pushchair Car Seat Toddler"}]},{"@type":"WebSite","@id":"https:\/\/powderblue-seahorse-496884.hostingersite.com\/#website","url":"https:\/\/powderblue-seahorse-496884.hostingersite.com\/","name":"Pour Baby Boss","description":"De magnifiques cadeaux et accessoires pour votre petit patron","potentialAction":[{"@type":"SearchAction","target":{"@type":"EntryPoint","urlTemplate":"https:\/\/powderblue-seahorse-496884.hostingersite.com\/?s={search_term_string}"},"query-input":{"@type":"PropertyValueSpecification","valueRequired":true,"valueName":"search_term_string"}}],"inLanguage":"fr-FR"}]}},"_links":{"self":[{"href":"https:\/\/forbabyboss.com\/fr\/wp-json\/wp\/v2\/product\/5121","targetHints":{"allow":["GET"]}}],"collection":[{"href":"https:\/\/forbabyboss.com\/fr\/wp-json\/wp\/v2\/product"}],"about":[{"href":"https:\/\/forbabyboss.com\/fr\/wp-json\/wp\/v2\/types\/product"}],"wp:featuredmedia":[{"embeddable":true,"href":"https:\/\/forbabyboss.com\/fr\/wp-json\/wp\/v2\/media\/5123"}],"wp:attachment":[{"href":"https:\/\/forbabyboss.com\/fr\/wp-json\/wp\/v2\/media?parent=5121"}],"wp:term":[{"taxonomy":"product_brand","embeddable":true,"href":"https:\/\/forbabyboss.com\/fr\/wp-json\/wp\/v2\/product_brand?post=5121"},{"taxonomy":"product_cat","embeddable":true,"href":"https:\/\/forbabyboss.com\/fr\/wp-json\/wp\/v2\/product_cat?post=5121"},{"taxonomy":"product_tag","embeddable":true,"href":"https:\/\/forbabyboss.com\/fr\/wp-json\/wp\/v2\/product_tag?post=5121"}],"curies":[{"name":"wp","href":"https:\/\/api.w.org\/{rel}","templated":true}]}}