{"id":5296,"date":"2022-09-11T16:33:04","date_gmt":"2022-09-11T16:33:04","guid":{"rendered":"http:\/\/forbabyboss.com\/?post_type=product&#038;p=5296"},"modified":"2026-02-21T12:33:07","modified_gmt":"2026-02-21T12:33:07","slug":"poussette-pliante-3-en-1-reversible-grise","status":"publish","type":"product","link":"https:\/\/forbabyboss.com\/fr\/product\/baby-pram-folding-3in1-reversible-travel-system-pushchair-in-grey\/","title":{"rendered":"Poussette pliante r\u00e9versible 3 en 1 pour b\u00e9b\u00e9, gris"},"content":{"rendered":"<h1 style=\"text-align: justify;\"><strong><span style=\"color: #e14d43;\">Poussette profonde<\/span><\/strong><\/h1>\n<p style=\"text-align: justify;\"><strong><span style=\"color: #282828;\">Il s&#039;agit d&#039;un ch\u00e2ssis l\u00e9ger en aluminium avec une nacelle, destin\u00e9 principalement au transport en toute s\u00e9curit\u00e9 des nouveau-n\u00e9s et des nourrissons pesant jusqu&#039;\u00e0 9 kg.<\/span><\/strong><br \/>\n<strong><span style=\"color: #282828;\">La nacelle Axel poss\u00e8de un auvent d\u00e9pliable et une doublure douce en coton facilement amovible pour le lavage.<\/span><\/strong><br \/>\n<strong><span style=\"color: #282828;\">La cabine est \u00e9quip\u00e9e d&#039;une fen\u00eatre d&#039;a\u00e9ration ouvrante.<\/span><\/strong><br \/>\n<strong><span style=\"color: #282828;\">De plus, la b\u00e2che de la nacelle fait office de capteur de vent.<\/span><\/strong><br \/>\n<strong><span style=\"color: #282828;\">La nacelle est \u00e9galement \u00e9quip\u00e9e d&#039;un dossier \u00e0 r\u00e9glage en hauteur fluide.<\/span><\/strong><\/p>\n<h2 style=\"text-align: justify;\"><strong><span style=\"color: #e14d43;\">Caract\u00e9ristiques de la nacelle :<\/span><\/strong><\/h2>\n<p style=\"text-align: justify;\"><strong><span style=\"color: #282828;\">\u2705 Auvent pliable \u2013 prot\u00e8ge l&#039;enfant du soleil et de la pluie<\/span><\/strong><br \/>\n<strong><span style=\"color: #282828;\">\u2705 Doublure en coton \u2013 offre un confort de voyage maximal (elle peut \u00eatre facilement retir\u00e9e pour le lavage)<\/span><\/strong><br \/>\n<strong><span style=\"color: #282828;\">\u2705 Fen\u00eatre d&#039;a\u00e9ration \u2013 assure une bonne ventilation \u00e0 l&#039;int\u00e9rieur du chariot<\/span><\/strong><br \/>\n<strong><span style=\"color: #282828;\">\u2705 Couverture \u2013 prot\u00e8ge l&#039;enfant du vent et du froid<\/span><\/strong><br \/>\n<strong><span style=\"color: #282828;\">\u2705 Nacelle avec fonction berceau \u2013 permet de balancer l&#039;enfant (peut \u00eatre verrouill\u00e9e en d\u00e9pliant les pieds lat\u00e9raux)<\/span><\/strong><br \/>\n<strong><span style=\"color: #282828;\">\u2705 Nacelle avec poign\u00e9e garnie de cuir \u00e9cologique \u2013 permettant un transport pratique.<\/span><\/strong><\/p>\n<h2 style=\"text-align: justify;\"><strong><span style=\"color: #e14d43;\">si\u00e8ge auto<\/span><\/strong><\/h2>\n<p style=\"text-align: justify;\"><strong><span style=\"color: #282828;\">Ce si\u00e8ge auto est con\u00e7u pour les enfants pesant jusqu&#039;\u00e0 10 kg. Il est homologu\u00e9 ECE R44\/04, ce qui atteste de sa conformit\u00e9 aux normes de s\u00e9curit\u00e9 les plus strictes et de sa capacit\u00e9 \u00e0 transporter un enfant en toute s\u00e9curit\u00e9 en voiture. De plus, gr\u00e2ce aux adaptateurs fournis, il peut \u00eatre install\u00e9 sur le ch\u00e2ssis de la poussette, face \u00e0 la route ou face aux parents.<\/span><\/strong><\/p>\n<p style=\"text-align: justify;\"><strong><span style=\"color: #282828;\">\u2705 Insert suppl\u00e9mentaire pour b\u00e9b\u00e9s \u2013 permet un transport s\u00e9curis\u00e9 des nouveau-n\u00e9s<\/span><\/strong><br \/>\n<strong><span style=\"color: #282828;\">\u2705 Poign\u00e9e r\u00e9glable \u2013 caract\u00e9ris\u00e9e par une ergonomie optimale (elle peut \u00eatre r\u00e9gl\u00e9e en position de support)<\/span><\/strong><br \/>\n<strong><span style=\"color: #282828;\">\u2705 Fonction berceau \u2013 gr\u00e2ce \u00e0 un fond sp\u00e9cialement profil\u00e9<\/span><\/strong><br \/>\n<strong><span style=\"color: #282828;\">\u2705 Housse de protection pour les jambes avec \u00e9l\u00e9ments r\u00e9fl\u00e9chissants \u2013 prot\u00e8ge du froid (amovible)<\/span><\/strong><br \/>\n<strong><span style=\"color: #282828;\">\u2705 Visi\u00e8re amovible contre la pluie et le soleil \u2013 prot\u00e8ge l&#039;enfant des intemp\u00e9ries.<\/span><\/strong><br \/>\n<strong><span style=\"color: #282828;\">\u2705 Ceintures de s\u00e9curit\u00e9 \u00e0 trois points avec r\u00e9glage central de la longueur \u2013 pour une s\u00e9curit\u00e9 optimale en voyage<\/span><\/strong><br \/>\n<strong><span style=\"color: #282828;\">\u2705 Housses de bandouli\u00e8re suppl\u00e9mentaires \u2013 pour un confort accru en voyage<\/span><\/strong><br \/>\n<strong><span style=\"color: #282828;\">\u2705 Adaptateurs \u2013 permettant de fixer le si\u00e8ge sur le ch\u00e2ssis de la poussette<\/span><\/strong><\/p>\n<h2 style=\"text-align: justify;\"><strong><span style=\"color: #e14d43;\">Poussette<\/span><\/strong><\/h2>\n<p style=\"text-align: justify;\"><strong><span style=\"color: #282828;\">Cette poussette est id\u00e9ale pour un enfant un peu plus \u00e2g\u00e9 pesant jusqu&#039;\u00e0 15 kg. Axel offre deux options d&#039;installation\u00a0: face \u00e0 la route ou face aux parents, selon vos pr\u00e9f\u00e9rences.<\/span><\/strong><br \/>\n<strong><span style=\"color: #282828;\">Un pare-soleil d\u00e9pliable et une b\u00e2che coupe-vent prot\u00e9geront votre enfant des intemp\u00e9ries.<\/span><\/strong><\/p>\n<p style=\"text-align: justify;\"><strong><span style=\"color: #282828;\">\u2705 Ceintures de s\u00e9curit\u00e9 \u00e0 cinq points avec coussinets souples \u2013 protection et confort garantis en voyage<\/span><\/strong><br \/>\n<strong><span style=\"color: #282828;\">\u2705 Barri\u00e8re et repose-pieds en similicuir \u2013 r\u00e9sistants aux dommages et faciles \u00e0 nettoyer<\/span><\/strong><br \/>\n<strong><span style=\"color: #282828;\">\u2705 Repose-pieds r\u00e9glable \u2013 pour un positionnement optimal<\/span><\/strong><br \/>\n<strong><span style=\"color: #282828;\">\u2705 Dossier r\u00e9glable en quatre positions \u2013 offre une position optimale et am\u00e9liore le confort de l&#039;enfant<\/span><\/strong><br \/>\n<strong><span style=\"color: #282828;\">\u2705 Cadre avec suspension souple \u2013 prot\u00e8ge l&#039;enfant des chocs d\u00e9sagr\u00e9ables lors de la conduite sur des surfaces irr\u00e9guli\u00e8res<\/span><\/strong><\/p>\n<h2 style=\"text-align: justify;\"><strong><span style=\"color: #e14d43;\">Cadre<\/span><\/strong><\/h2>\n<p style=\"text-align: justify;\"><strong><span style=\"color: #282828;\">\u2705 Structure en aluminium solide et l\u00e9g\u00e8re<\/span><\/strong><br \/>\n<strong><span style=\"color: #282828;\">\u2705 Guide r\u00e9glable recouvert de similicuir \u2013 permet d&#039;ajuster facilement la poussette \u00e0 votre taille<\/span><\/strong><br \/>\n<strong><span style=\"color: #282828;\">\u2705 Suspension souple \u2013 un syst\u00e8me d&#039;absorption des chocs innovant qui garantit un confort de voyage maximal<\/span><\/strong><br \/>\n<strong><span style=\"color: #282828;\">\u2705 Frein central (Easy Stop) \u2013 permet de bloquer rapidement les roues du chariot<\/span><\/strong><br \/>\n<strong><span style=\"color: #282828;\">\u2705 La possibilit\u00e9 d&#039;installer la planche \u00e0 roulettes Buggy Board \u2013 cette fonction s&#039;av\u00e9rera utile lorsque l&#039;enfant aura un fr\u00e8re ou une s\u0153ur a\u00een\u00e9(e).<\/span><\/strong><br \/>\n<strong><span style=\"color: #282828;\">\u2705 Cadre pliable \u2013 une fois pli\u00e9, il prend peu de place et se range dans un coffre de voiture<\/span><\/strong><\/p>\n<p><strong><span style=\"color: #282828;\"><a style=\"color: #282828;\" href=\"http:\/\/forbabyboss.com\/wp-content\/uploads\/2022\/09\/1-6.png\"><img loading=\"lazy\" decoding=\"async\" class=\"alignnone size-full wp-image-5282\" src=\"http:\/\/forbabyboss.com\/wp-content\/uploads\/2022\/09\/1-6.png\" alt=\"\" width=\"1337\" height=\"431\" srcset=\"https:\/\/forbabyboss.com\/wp-content\/uploads\/2022\/09\/1-6.png 1337w, https:\/\/forbabyboss.com\/wp-content\/uploads\/2022\/09\/1-6-800x258.png 800w, https:\/\/forbabyboss.com\/wp-content\/uploads\/2022\/09\/1-6-768x248.png 768w, https:\/\/forbabyboss.com\/wp-content\/uploads\/2022\/09\/1-6-600x193.png 600w\" sizes=\"auto, (max-width: 1337px) 100vw, 1337px\" \/><\/a><\/span><\/strong><\/p>\n<p><strong><span style=\"color: #282828;\"><a style=\"color: #282828;\" href=\"http:\/\/forbabyboss.com\/wp-content\/uploads\/2022\/09\/2-4.png\"><img loading=\"lazy\" decoding=\"async\" class=\"alignnone size-full wp-image-5283\" src=\"http:\/\/forbabyboss.com\/wp-content\/uploads\/2022\/09\/2-4.png\" alt=\"\" width=\"1309\" height=\"504\" srcset=\"https:\/\/forbabyboss.com\/wp-content\/uploads\/2022\/09\/2-4.png 1309w, https:\/\/forbabyboss.com\/wp-content\/uploads\/2022\/09\/2-4-800x308.png 800w, https:\/\/forbabyboss.com\/wp-content\/uploads\/2022\/09\/2-4-768x296.png 768w, https:\/\/forbabyboss.com\/wp-content\/uploads\/2022\/09\/2-4-600x231.png 600w\" sizes=\"auto, (max-width: 1309px) 100vw, 1309px\" \/><\/a><\/span><\/strong><\/p>\n<p><strong><span style=\"color: #282828;\"><a style=\"color: #282828;\" href=\"http:\/\/forbabyboss.com\/wp-content\/uploads\/2022\/09\/3-2.png\"><img loading=\"lazy\" decoding=\"async\" class=\"alignnone size-full wp-image-5284\" src=\"http:\/\/forbabyboss.com\/wp-content\/uploads\/2022\/09\/3-2.png\" alt=\"\" width=\"1291\" height=\"418\" srcset=\"https:\/\/forbabyboss.com\/wp-content\/uploads\/2022\/09\/3-2.png 1291w, https:\/\/forbabyboss.com\/wp-content\/uploads\/2022\/09\/3-2-800x259.png 800w, https:\/\/forbabyboss.com\/wp-content\/uploads\/2022\/09\/3-2-768x249.png 768w, https:\/\/forbabyboss.com\/wp-content\/uploads\/2022\/09\/3-2-600x194.png 600w\" sizes=\"auto, (max-width: 1291px) 100vw, 1291px\" \/><\/a><\/span><\/strong><\/p>\n<p><strong><span style=\"color: #282828;\"><a style=\"color: #282828;\" href=\"http:\/\/forbabyboss.com\/wp-content\/uploads\/2022\/09\/4-2.png\"><img loading=\"lazy\" decoding=\"async\" class=\"alignnone size-full wp-image-5285\" src=\"http:\/\/forbabyboss.com\/wp-content\/uploads\/2022\/09\/4-2.png\" alt=\"\" width=\"1309\" height=\"431\" srcset=\"https:\/\/forbabyboss.com\/wp-content\/uploads\/2022\/09\/4-2.png 1309w, https:\/\/forbabyboss.com\/wp-content\/uploads\/2022\/09\/4-2-800x263.png 800w, https:\/\/forbabyboss.com\/wp-content\/uploads\/2022\/09\/4-2-768x253.png 768w, https:\/\/forbabyboss.com\/wp-content\/uploads\/2022\/09\/4-2-600x198.png 600w\" sizes=\"auto, (max-width: 1309px) 100vw, 1309px\" \/><\/a><\/span><\/strong><\/p>\n<p><strong><span style=\"color: #282828;\"><a style=\"color: #282828;\" href=\"http:\/\/forbabyboss.com\/wp-content\/uploads\/2022\/09\/5-2.png\"><img loading=\"lazy\" decoding=\"async\" class=\"alignnone size-full wp-image-5286\" src=\"http:\/\/forbabyboss.com\/wp-content\/uploads\/2022\/09\/5-2.png\" alt=\"\" width=\"1341\" height=\"438\" srcset=\"https:\/\/forbabyboss.com\/wp-content\/uploads\/2022\/09\/5-2.png 1341w, https:\/\/forbabyboss.com\/wp-content\/uploads\/2022\/09\/5-2-800x261.png 800w, https:\/\/forbabyboss.com\/wp-content\/uploads\/2022\/09\/5-2-768x251.png 768w, https:\/\/forbabyboss.com\/wp-content\/uploads\/2022\/09\/5-2-600x196.png 600w\" sizes=\"auto, (max-width: 1341px) 100vw, 1341px\" \/><\/a><\/span><\/strong><\/p>\n<p><strong><span style=\"color: #282828;\"><a style=\"color: #282828;\" href=\"http:\/\/forbabyboss.com\/wp-content\/uploads\/2022\/09\/Easy-Fold-1.png\"><img loading=\"lazy\" decoding=\"async\" class=\"alignnone size-full wp-image-5039\" src=\"http:\/\/forbabyboss.com\/wp-content\/uploads\/2022\/09\/Easy-Fold-1.png\" alt=\"\" width=\"1141\" height=\"409\" srcset=\"https:\/\/forbabyboss.com\/wp-content\/uploads\/2022\/09\/Easy-Fold-1.png 1141w, https:\/\/forbabyboss.com\/wp-content\/uploads\/2022\/09\/Easy-Fold-1-800x287.png 800w, https:\/\/forbabyboss.com\/wp-content\/uploads\/2022\/09\/Easy-Fold-1-768x275.png 768w, https:\/\/forbabyboss.com\/wp-content\/uploads\/2022\/09\/Easy-Fold-1-600x215.png 600w\" sizes=\"auto, (max-width: 1141px) 100vw, 1141px\" \/><\/a><\/span><\/strong><\/p>\n<p>&nbsp;<\/p>\n<p>&nbsp;<\/p>\n<p><strong><a href=\"http:\/\/forbabyboss.com\/wp-content\/uploads\/2022\/09\/checkout.png\"><img loading=\"lazy\" decoding=\"async\" class=\"alignnone wp-image-5965\" src=\"http:\/\/forbabyboss.com\/wp-content\/uploads\/2022\/09\/checkout.png\" alt=\"\" width=\"1022\" height=\"376\" srcset=\"https:\/\/forbabyboss.com\/wp-content\/uploads\/2022\/09\/checkout.png 750w, https:\/\/forbabyboss.com\/wp-content\/uploads\/2022\/09\/checkout-600x221.png 600w\" sizes=\"auto, (max-width: 1022px) 100vw, 1022px\" \/><\/a><\/strong><\/p>\n<p>&nbsp;<\/p>","protected":false},"excerpt":{"rendered":"<p><a href=\"http:\/\/forbabyboss.com\/wp-content\/uploads\/2022\/09\/Star-Rating-5.png\"><img loading=\"lazy\" decoding=\"async\" class=\"alignnone size-full wp-image-5973 aligncenter\" src=\"http:\/\/forbabyboss.com\/wp-content\/uploads\/2022\/09\/Star-Rating-5.png\" alt=\"\" width=\"275\" height=\"45\" \/><\/a><\/p>\n<p style=\"text-align: center;\"><span style=\"color: #ed1c24; font-size: 120%;\"><b>GARANTIE D&#039;ALIGNEMENT DES PRIX<\/b><\/span><\/p>\n<p style=\"text-align: center;\"><span style=\"font-size: 115%;\"><span style=\"font-weight: 400; color: #4f4fa7;\">Livraison gratuite<\/span><span style=\"font-weight: 400;\"> \u2013 2 \u00e0 7 jours<\/span><\/span><\/p>\n<p style=\"text-align: center;\"><strong><span style=\"color: #29606b;\">Cadeau offert pour tout achat sup\u00e9rieur \u00e0 100 \u00a3<\/span><\/strong><\/p>","protected":false},"featured_media":5297,"template":"","meta":[],"product_brand":[370],"product_cat":[337,339,156,305,210,130,211],"product_tag":[202,199],"class_list":{"0":"post-5296","1":"product","2":"type-product","3":"status-publish","4":"has-post-thumbnail","6":"product_brand-babylux","7":"product_cat-500-to-600","8":"product_cat-700-to-800","9":"product_cat-3-in-1","10":"product_cat-colour","11":"product_cat-grey","12":"product_cat-prams","13":"product_cat-stroller","14":"product_tag-3-in-1-pram","15":"product_tag-prams","17":"first","18":"instock","19":"sale","20":"shipping-taxable","21":"purchasable","22":"product-type-simple"},"yoast_head":"<!-- This site is optimized with the Yoast SEO plugin v27.5 - https:\/\/yoast.com\/product\/yoast-seo-wordpress\/ -->\n<title>Baby Pram Folding 3in1 Reversible Travel System Pushchair in Grey - For Baby Boss<\/title>\n<meta name=\"description\" content=\"Baby Pram Folding 3in1 Reversible Travel System Pushchair in Grey\" \/>\n<meta name=\"robots\" content=\"index, follow, max-snippet:-1, max-image-preview:large, max-video-preview:-1\" \/>\n<link rel=\"canonical\" href=\"https:\/\/forbabyboss.com\/fr\/produit\/poussette-pliante-3-en-1-reversible-grise\/\" \/>\n<meta property=\"og:locale\" content=\"fr_FR\" \/>\n<meta property=\"og:type\" content=\"article\" \/>\n<meta property=\"og:title\" content=\"Baby Pram Folding 3in1 Reversible Travel System Pushchair in Grey - For Baby Boss\" \/>\n<meta property=\"og:description\" content=\"Baby Pram Folding 3in1 Reversible Travel System Pushchair in Grey\" \/>\n<meta property=\"og:url\" content=\"https:\/\/forbabyboss.com\/fr\/produit\/poussette-pliante-3-en-1-reversible-grise\/\" \/>\n<meta property=\"og:site_name\" content=\"For Baby Boss\" \/>\n<meta property=\"article:modified_time\" content=\"2026-02-21T12:33:07+00:00\" \/>\n<meta property=\"og:image\" content=\"https:\/\/forbabyboss.com\/wp-content\/uploads\/2022\/09\/Pram-Buggy-Pushchair-3-in-1-Travel-System-Car-Seat-Bassinet-Folding-Reversible-Grey.png\" \/>\n\t<meta property=\"og:image:width\" content=\"1395\" \/>\n\t<meta property=\"og:image:height\" content=\"900\" \/>\n\t<meta property=\"og:image:type\" content=\"image\/png\" \/>\n<meta name=\"twitter:card\" content=\"summary_large_image\" \/>\n<meta name=\"twitter:label1\" content=\"Dur\u00e9e de lecture estim\u00e9e\" \/>\n\t<meta name=\"twitter:data1\" content=\"4 minutes\" \/>\n<script type=\"application\/ld+json\" class=\"yoast-schema-graph\">{\"@context\":\"https:\\\/\\\/schema.org\",\"@graph\":[{\"@type\":\"WebPage\",\"@id\":\"https:\\\/\\\/forbabyboss.com\\\/product\\\/baby-pram-folding-3in1-reversible-travel-system-pushchair-in-grey\\\/\",\"url\":\"https:\\\/\\\/forbabyboss.com\\\/product\\\/baby-pram-folding-3in1-reversible-travel-system-pushchair-in-grey\\\/\",\"name\":\"Baby Pram Folding 3in1 Reversible Travel System Pushchair in Grey - For Baby Boss\",\"isPartOf\":{\"@id\":\"https:\\\/\\\/powderblue-seahorse-496884.hostingersite.com\\\/#website\"},\"primaryImageOfPage\":{\"@id\":\"https:\\\/\\\/forbabyboss.com\\\/product\\\/baby-pram-folding-3in1-reversible-travel-system-pushchair-in-grey\\\/#primaryimage\"},\"image\":{\"@id\":\"https:\\\/\\\/forbabyboss.com\\\/product\\\/baby-pram-folding-3in1-reversible-travel-system-pushchair-in-grey\\\/#primaryimage\"},\"thumbnailUrl\":\"https:\\\/\\\/forbabyboss.com\\\/wp-content\\\/uploads\\\/2022\\\/09\\\/Pram-Buggy-Pushchair-3-in-1-Travel-System-Car-Seat-Bassinet-Folding-Reversible-Grey.png\",\"datePublished\":\"2022-09-11T16:33:04+00:00\",\"dateModified\":\"2026-02-21T12:33:07+00:00\",\"description\":\"Baby Pram Folding 3in1 Reversible Travel System Pushchair in Grey\",\"breadcrumb\":{\"@id\":\"https:\\\/\\\/forbabyboss.com\\\/product\\\/baby-pram-folding-3in1-reversible-travel-system-pushchair-in-grey\\\/#breadcrumb\"},\"inLanguage\":\"fr-FR\",\"potentialAction\":[{\"@type\":\"ReadAction\",\"target\":[\"https:\\\/\\\/forbabyboss.com\\\/product\\\/baby-pram-folding-3in1-reversible-travel-system-pushchair-in-grey\\\/\"]}]},{\"@type\":\"ImageObject\",\"inLanguage\":\"fr-FR\",\"@id\":\"https:\\\/\\\/forbabyboss.com\\\/product\\\/baby-pram-folding-3in1-reversible-travel-system-pushchair-in-grey\\\/#primaryimage\",\"url\":\"https:\\\/\\\/forbabyboss.com\\\/wp-content\\\/uploads\\\/2022\\\/09\\\/Pram-Buggy-Pushchair-3-in-1-Travel-System-Car-Seat-Bassinet-Folding-Reversible-Grey.png\",\"contentUrl\":\"https:\\\/\\\/forbabyboss.com\\\/wp-content\\\/uploads\\\/2022\\\/09\\\/Pram-Buggy-Pushchair-3-in-1-Travel-System-Car-Seat-Bassinet-Folding-Reversible-Grey.png\",\"width\":1395,\"height\":900},{\"@type\":\"BreadcrumbList\",\"@id\":\"https:\\\/\\\/forbabyboss.com\\\/product\\\/baby-pram-folding-3in1-reversible-travel-system-pushchair-in-grey\\\/#breadcrumb\",\"itemListElement\":[{\"@type\":\"ListItem\",\"position\":1,\"name\":\"Home\",\"item\":\"https:\\\/\\\/forbabyboss.com\\\/\"},{\"@type\":\"ListItem\",\"position\":2,\"name\":\"Shop\",\"item\":\"https:\\\/\\\/forbabyboss.com\\\/shop\\\/\"},{\"@type\":\"ListItem\",\"position\":3,\"name\":\"Baby Pram Folding 3in1 Reversible Travel System Pushchair in Grey\"}]},{\"@type\":\"WebSite\",\"@id\":\"https:\\\/\\\/powderblue-seahorse-496884.hostingersite.com\\\/#website\",\"url\":\"https:\\\/\\\/powderblue-seahorse-496884.hostingersite.com\\\/\",\"name\":\"For Baby Boss\",\"description\":\"Beautiful gifts and accessories for your baby boss\",\"potentialAction\":[{\"@type\":\"SearchAction\",\"target\":{\"@type\":\"EntryPoint\",\"urlTemplate\":\"https:\\\/\\\/powderblue-seahorse-496884.hostingersite.com\\\/?s={search_term_string}\"},\"query-input\":{\"@type\":\"PropertyValueSpecification\",\"valueRequired\":true,\"valueName\":\"search_term_string\"}}],\"inLanguage\":\"fr-FR\"}]}<\/script>\n<!-- \/ Yoast SEO plugin. -->","yoast_head_json":{"title":"Poussette pliante r\u00e9versible 3 en 1 pour b\u00e9b\u00e9, grise - Pour Baby Boss","description":"Poussette pliante r\u00e9versible 3 en 1 pour b\u00e9b\u00e9, gris","robots":{"index":"index","follow":"follow","max-snippet":"max-snippet:-1","max-image-preview":"max-image-preview:large","max-video-preview":"max-video-preview:-1"},"canonical":"https:\/\/forbabyboss.com\/fr\/produit\/poussette-pliante-3-en-1-reversible-grise\/","og_locale":"fr_FR","og_type":"article","og_title":"Baby Pram Folding 3in1 Reversible Travel System Pushchair in Grey - For Baby Boss","og_description":"Baby Pram Folding 3in1 Reversible Travel System Pushchair in Grey","og_url":"https:\/\/forbabyboss.com\/fr\/produit\/poussette-pliante-3-en-1-reversible-grise\/","og_site_name":"For Baby Boss","article_modified_time":"2026-02-21T12:33:07+00:00","og_image":[{"width":1395,"height":900,"url":"https:\/\/forbabyboss.com\/wp-content\/uploads\/2022\/09\/Pram-Buggy-Pushchair-3-in-1-Travel-System-Car-Seat-Bassinet-Folding-Reversible-Grey.png","type":"image\/png"}],"twitter_card":"summary_large_image","twitter_misc":{"Dur\u00e9e de lecture estim\u00e9e":"4 minutes"},"schema":{"@context":"https:\/\/schema.org","@graph":[{"@type":"WebPage","@id":"https:\/\/forbabyboss.com\/product\/baby-pram-folding-3in1-reversible-travel-system-pushchair-in-grey\/","url":"https:\/\/forbabyboss.com\/product\/baby-pram-folding-3in1-reversible-travel-system-pushchair-in-grey\/","name":"Poussette pliante r\u00e9versible 3 en 1 pour b\u00e9b\u00e9, grise - Pour Baby Boss","isPartOf":{"@id":"https:\/\/powderblue-seahorse-496884.hostingersite.com\/#website"},"primaryImageOfPage":{"@id":"https:\/\/forbabyboss.com\/product\/baby-pram-folding-3in1-reversible-travel-system-pushchair-in-grey\/#primaryimage"},"image":{"@id":"https:\/\/forbabyboss.com\/product\/baby-pram-folding-3in1-reversible-travel-system-pushchair-in-grey\/#primaryimage"},"thumbnailUrl":"https:\/\/forbabyboss.com\/wp-content\/uploads\/2022\/09\/Pram-Buggy-Pushchair-3-in-1-Travel-System-Car-Seat-Bassinet-Folding-Reversible-Grey.png","datePublished":"2022-09-11T16:33:04+00:00","dateModified":"2026-02-21T12:33:07+00:00","description":"Poussette pliante r\u00e9versible 3 en 1 pour b\u00e9b\u00e9, gris","breadcrumb":{"@id":"https:\/\/forbabyboss.com\/product\/baby-pram-folding-3in1-reversible-travel-system-pushchair-in-grey\/#breadcrumb"},"inLanguage":"fr-FR","potentialAction":[{"@type":"ReadAction","target":["https:\/\/forbabyboss.com\/product\/baby-pram-folding-3in1-reversible-travel-system-pushchair-in-grey\/"]}]},{"@type":"ImageObject","inLanguage":"fr-FR","@id":"https:\/\/forbabyboss.com\/product\/baby-pram-folding-3in1-reversible-travel-system-pushchair-in-grey\/#primaryimage","url":"https:\/\/forbabyboss.com\/wp-content\/uploads\/2022\/09\/Pram-Buggy-Pushchair-3-in-1-Travel-System-Car-Seat-Bassinet-Folding-Reversible-Grey.png","contentUrl":"https:\/\/forbabyboss.com\/wp-content\/uploads\/2022\/09\/Pram-Buggy-Pushchair-3-in-1-Travel-System-Car-Seat-Bassinet-Folding-Reversible-Grey.png","width":1395,"height":900},{"@type":"BreadcrumbList","@id":"https:\/\/forbabyboss.com\/product\/baby-pram-folding-3in1-reversible-travel-system-pushchair-in-grey\/#breadcrumb","itemListElement":[{"@type":"ListItem","position":1,"name":"Home","item":"https:\/\/forbabyboss.com\/"},{"@type":"ListItem","position":2,"name":"Shop","item":"https:\/\/forbabyboss.com\/shop\/"},{"@type":"ListItem","position":3,"name":"Baby Pram Folding 3in1 Reversible Travel System Pushchair in Grey"}]},{"@type":"WebSite","@id":"https:\/\/powderblue-seahorse-496884.hostingersite.com\/#website","url":"https:\/\/powderblue-seahorse-496884.hostingersite.com\/","name":"Pour Baby Boss","description":"De magnifiques cadeaux et accessoires pour votre petit patron","potentialAction":[{"@type":"SearchAction","target":{"@type":"EntryPoint","urlTemplate":"https:\/\/powderblue-seahorse-496884.hostingersite.com\/?s={search_term_string}"},"query-input":{"@type":"PropertyValueSpecification","valueRequired":true,"valueName":"search_term_string"}}],"inLanguage":"fr-FR"}]}},"_links":{"self":[{"href":"https:\/\/forbabyboss.com\/fr\/wp-json\/wp\/v2\/product\/5296","targetHints":{"allow":["GET"]}}],"collection":[{"href":"https:\/\/forbabyboss.com\/fr\/wp-json\/wp\/v2\/product"}],"about":[{"href":"https:\/\/forbabyboss.com\/fr\/wp-json\/wp\/v2\/types\/product"}],"wp:featuredmedia":[{"embeddable":true,"href":"https:\/\/forbabyboss.com\/fr\/wp-json\/wp\/v2\/media\/5297"}],"wp:attachment":[{"href":"https:\/\/forbabyboss.com\/fr\/wp-json\/wp\/v2\/media?parent=5296"}],"wp:term":[{"taxonomy":"product_brand","embeddable":true,"href":"https:\/\/forbabyboss.com\/fr\/wp-json\/wp\/v2\/product_brand?post=5296"},{"taxonomy":"product_cat","embeddable":true,"href":"https:\/\/forbabyboss.com\/fr\/wp-json\/wp\/v2\/product_cat?post=5296"},{"taxonomy":"product_tag","embeddable":true,"href":"https:\/\/forbabyboss.com\/fr\/wp-json\/wp\/v2\/product_tag?post=5296"}],"curies":[{"name":"wp","href":"https:\/\/api.w.org\/{rel}","templated":true}]}}