{"id":5437,"date":"2022-09-13T10:43:37","date_gmt":"2022-09-13T10:43:37","guid":{"rendered":"http:\/\/forbabyboss.com\/?post_type=product&#038;p=5437"},"modified":"2026-02-21T12:02:43","modified_gmt":"2026-02-21T12:02:43","slug":"poussette-bebe-des-la-naissance-systeme-de-voyage-3-en-1-base-isofix-motif-fleurs-tropicales-cadre-noir","status":"publish","type":"product","link":"https:\/\/forbabyboss.com\/fr\/product\/baby-pram-from-birth-pushchair-buggy-3-in1-travel-system-boys-girls-isofix-base-tropical-flowers-black-frame\/","title":{"rendered":"Poussette b\u00e9b\u00e9 d\u00e8s la naissance, syst\u00e8me de voyage 3 en 1, base ISOFIX, motif fleurs tropicales, ch\u00e2ssis noir"},"content":{"rendered":"<p style=\"text-align: justify;\">Cette poussette est parfaite pour ceux qui recherchent l&#039;esth\u00e9tique et une premi\u00e8re poussette exceptionnelle pour leurs tout-petits.<br \/>\nOptimal est une collection de poussettes fonctionnelles, s\u00fbres et color\u00e9es.<br \/>\nLa poign\u00e9e est recouverte de cuir \u00e9cologique tr\u00e8s doux au toucher.<br \/>\nUn autre avantage de cette poussette est son ch\u00e2ssis confortable et bien suspendu, qui est extr\u00eamement facile \u00e0 utiliser.<br \/>\nLa poussette elle-m\u00eame est tr\u00e8s l\u00e9g\u00e8re et se conduit \u00e0 merveille.<br \/>\nLe syst\u00e8me d&#039;assemblage facile sera appr\u00e9ci\u00e9 par tous les parents.<br \/>\nLa poussette est compacte, vous n&#039;aurez donc aucun probl\u00e8me pour vous d\u00e9placer dans les passages \u00e9troits.<br \/>\nNous souhaitons attirer votre attention sur la possibilit\u00e9 de r\u00e9gler la nacelle de l&#039;ext\u00e9rieur et sur le syst\u00e8me de suspension des roues.<br \/>\nLe rev\u00eatement de la poussette est confectionn\u00e9 \u00e0 partir de tissus impr\u00e9gn\u00e9s de la plus haute qualit\u00e9, adapt\u00e9s aux enfants.<br \/>\nL&#039;int\u00e9rieur de la gondole est garni de tissu en coton hypoallerg\u00e9nique.<br \/>\nLes rev\u00eatements sont amovibles pour le lavage.<\/p>\n<p style=\"text-align: justify;\">cadre avec poign\u00e9e en cuir,<br \/>\ngondole avec poign\u00e9e en cuir \u00e9cologique<br \/>\nsyst\u00e8me de poussette<br \/>\nadaptateurs de si\u00e8ge auto pour montage sur le cadre<br \/>\ngrand sac<br \/>\nroues en gel increvables<br \/>\ncabine et couvre-pieds isol\u00e9 pour l&#039;option poussette<br \/>\nCabine et b\u00e2che pour la nacelle<br \/>\nune banquette et une housse pour les pieds du si\u00e8ge auto<br \/>\nmatelas pour poussette<\/p>\n<h3><strong>Landau:<\/strong><\/h3>\n<ul>\n<li>Capote r\u00e9glable \/ Doublure de luxe \/ Poign\u00e9e de transport \/ Pare-chocs amovible<\/li>\n<li>Bar<\/li>\n<li>L&#039;int\u00e9rieur est en coton hypoallerg\u00e9nique adapt\u00e9 aux enfants et respirant.<\/li>\n<li>Roues avant verrouillables, pivotantes \u00e0 360\u00b0 et gonflables avec roulements,<br \/>\nfrein central \u201c stop &amp; go \u201d ;<\/li>\n<li>Capote amovible pour une meilleure protection solaire dans le si\u00e8ge\u00a0;<br \/>\nNacelle \u00e9quip\u00e9e d&#039;un dossier r\u00e9glable en 4 points<br \/>\nNacelle et capote de si\u00e8ge ventil\u00e9es ;<\/li>\n<li>Poign\u00e9e r\u00e9glable en 4 points recouverte de cuir \u00e9cologique\u00a0;<br \/>\nun syst\u00e8me orient\u00e9 vers l&#039;avant et vers l&#039;arri\u00e8re,<\/li>\n<\/ul>\n<h2><strong>Dimensions:<\/strong><\/h2>\n<ul>\n<li style=\"text-align: justify;\">Lit de voyage<\/li>\n<li style=\"text-align: justify;\">poids \u2013 4,2 kg<\/li>\n<li style=\"text-align: justify;\">Poids total de la poussette : 14 kg<\/li>\n<li style=\"text-align: justify;\">Ch\u00e2ssis avec nacelle : H.126 cm x L. 59,5 cm x P. 100 cm<\/li>\n<li style=\"text-align: justify;\">Dimensions int\u00e9rieures : L 36 cm x l 91 cm x P 21 cm<\/li>\n<\/ul>\n<h3 style=\"text-align: justify;\"><strong>Poussette:<\/strong><\/h3>\n<ul>\n<li style=\"text-align: justify;\">cadre avec roues : 13,7 kg<\/li>\n<li style=\"text-align: justify;\">Dimensions de la poussette : H. 114 cm x L. 59,5 cm x P. 90 cm<\/li>\n<\/ul>\n<h3 style=\"text-align: justify;\"><strong>Si\u00e8ge auto :<\/strong><\/h3>\n<ul>\n<li style=\"text-align: justify;\">Poids : 4,8 kg<\/li>\n<li style=\"text-align: justify;\">si\u00e8ge auto avec cadre et roues : 14,8 kg<\/li>\n<li style=\"text-align: justify;\">Cadre avec si\u00e8ge auto : H. 108 cm x L. 63 cm x P. 84 cm<\/li>\n<\/ul>\n<h4 style=\"text-align: justify;\"><strong>Cadre:<\/strong><\/h4>\n<ul>\n<li style=\"text-align: justify;\">cadre avec roues : 9,8 kg<\/li>\n<li style=\"text-align: justify;\">Diam\u00e8tre des roues : avant 25 cm, arri\u00e8re 31 cm<\/li>\n<\/ul>\n<h4 style=\"text-align: justify;\"><strong>Si\u00e8ge auto confortable :<\/strong><\/h4>\n<ul>\n<li style=\"text-align: justify;\">Groupe 0-10 kg :<\/li>\n<li style=\"text-align: justify;\">Mont\u00e9 sur le chariot par l&#039;adaptateur<\/li>\n<li style=\"text-align: justify;\">Harnais \u00e0 3 points<\/li>\n<li style=\"text-align: justify;\">Poign\u00e9e r\u00e9glable pour le transport<\/li>\n<li style=\"text-align: justify;\">Couvercle amovible<\/li>\n<li style=\"text-align: justify;\">Ceintures de s\u00e9curit\u00e9 r\u00e9glables en hauteur<\/li>\n<li style=\"text-align: justify;\">Mode face \u00e0 la route ou face \u00e0 l&#039;arri\u00e8re<\/li>\n<\/ul>\n<p style=\"text-align: justify;\"><a href=\"http:\/\/forbabyboss.com\/wp-content\/uploads\/2022\/09\/checkout.png\"><img loading=\"lazy\" decoding=\"async\" class=\"alignnone size-full wp-image-5965\" src=\"http:\/\/forbabyboss.com\/wp-content\/uploads\/2022\/09\/checkout.png\" alt=\"\" width=\"750\" height=\"276\" srcset=\"https:\/\/forbabyboss.com\/wp-content\/uploads\/2022\/09\/checkout.png 750w, https:\/\/forbabyboss.com\/wp-content\/uploads\/2022\/09\/checkout-600x221.png 600w\" sizes=\"auto, (max-width: 750px) 100vw, 750px\" \/><\/a><\/p>","protected":false},"excerpt":{"rendered":"<p><a href=\"http:\/\/forbabyboss.com\/wp-content\/uploads\/2022\/09\/Star-Rating-5.png\"><img loading=\"lazy\" decoding=\"async\" class=\"alignnone size-full wp-image-5973 aligncenter\" src=\"http:\/\/forbabyboss.com\/wp-content\/uploads\/2022\/09\/Star-Rating-5.png\" alt=\"\" width=\"275\" height=\"45\" \/><\/a><\/p>\n<p style=\"text-align: center;\"><span style=\"color: #ed1c24; font-size: 120%;\"><b>GARANTIE D&#039;ALIGNEMENT DES PRIX<\/b><\/span><\/p>\n<p style=\"text-align: center;\"><span style=\"font-size: 115%;\"><span style=\"font-weight: 400; color: #4f4fa7;\">Livraison gratuite<\/span><span style=\"font-weight: 400;\"> \u2013 2 \u00e0 7 jours<\/span><\/span><\/p>\n<p style=\"text-align: center;\"><strong><span style=\"color: #29606b;\">Cadeau offert pour tout achat sup\u00e9rieur \u00e0 100 \u00a3<\/span><\/strong><\/p>","protected":false},"featured_media":5438,"template":"","meta":[],"product_brand":[370],"product_cat":[338,339,156,207,305,270,303,130,209,211],"product_tag":[163,199],"class_list":{"0":"post-5437","1":"product","2":"type-product","3":"status-publish","4":"has-post-thumbnail","6":"product_brand-babylux","7":"product_cat-600-to-700","8":"product_cat-700-to-800","9":"product_cat-3-in-1","10":"product_cat-black","11":"product_cat-colour","12":"product_cat-multicolor","13":"product_cat-pattern","14":"product_cat-prams","15":"product_cat-push-chairs","16":"product_cat-stroller","17":"product_tag-3-in-1-prams","18":"product_tag-prams","20":"first","21":"instock","22":"sale","23":"shipping-taxable","24":"purchasable","25":"product-type-simple"},"yoast_head":"<!-- This site is optimized with the Yoast SEO plugin v27.5 - https:\/\/yoast.com\/product\/yoast-seo-wordpress\/ -->\n<title>Baby Pram From Birth Pushchair Buggy 3 in1 Travel System Boys Girls ISOFIX BASE -Tropical Flowers - black frame - For Baby Boss<\/title>\n<meta name=\"description\" content=\"Baby Pram From Birth Pushchair Buggy 3 in1 Travel System Boys Girls ISOFIX BASE -Tropical Flowers - black frame\" \/>\n<meta name=\"robots\" content=\"index, follow, max-snippet:-1, max-image-preview:large, max-video-preview:-1\" \/>\n<link rel=\"canonical\" href=\"https:\/\/forbabyboss.com\/fr\/produit\/poussette-bebe-des-la-naissance-systeme-de-voyage-3-en-1-base-isofix-motif-fleurs-tropicales-cadre-noir\/\" \/>\n<meta property=\"og:locale\" content=\"fr_FR\" \/>\n<meta property=\"og:type\" content=\"article\" \/>\n<meta property=\"og:title\" content=\"Baby Pram From Birth Pushchair Buggy 3 in1 Travel System Boys Girls ISOFIX BASE -Tropical Flowers - black frame - For Baby Boss\" \/>\n<meta property=\"og:description\" content=\"Baby Pram From Birth Pushchair Buggy 3 in1 Travel System Boys Girls ISOFIX BASE -Tropical Flowers - black frame\" \/>\n<meta property=\"og:url\" content=\"https:\/\/forbabyboss.com\/fr\/produit\/poussette-bebe-des-la-naissance-systeme-de-voyage-3-en-1-base-isofix-motif-fleurs-tropicales-cadre-noir\/\" \/>\n<meta property=\"og:site_name\" content=\"For Baby Boss\" \/>\n<meta property=\"article:modified_time\" content=\"2026-02-21T12:02:43+00:00\" \/>\n<meta property=\"og:image\" content=\"https:\/\/forbabyboss.com\/wp-content\/uploads\/2022\/09\/Baby-Pram-From-Birth-Pushchair-Buggy-3-in1-Travel-System-Boys-Girls-ISOFIX-BASE-Tropical-Flowers-black-frame-main.png\" \/>\n\t<meta property=\"og:image:width\" content=\"1600\" \/>\n\t<meta property=\"og:image:height\" content=\"1156\" \/>\n\t<meta property=\"og:image:type\" content=\"image\/png\" \/>\n<meta name=\"twitter:card\" content=\"summary_large_image\" \/>\n<meta name=\"twitter:label1\" content=\"Dur\u00e9e de lecture estim\u00e9e\" \/>\n\t<meta name=\"twitter:data1\" content=\"2 minutes\" \/>\n<script type=\"application\/ld+json\" class=\"yoast-schema-graph\">{\"@context\":\"https:\\\/\\\/schema.org\",\"@graph\":[{\"@type\":\"WebPage\",\"@id\":\"https:\\\/\\\/forbabyboss.com\\\/product\\\/baby-pram-from-birth-pushchair-buggy-3-in1-travel-system-boys-girls-isofix-base-tropical-flowers-black-frame\\\/\",\"url\":\"https:\\\/\\\/forbabyboss.com\\\/product\\\/baby-pram-from-birth-pushchair-buggy-3-in1-travel-system-boys-girls-isofix-base-tropical-flowers-black-frame\\\/\",\"name\":\"Baby Pram From Birth Pushchair Buggy 3 in1 Travel System Boys Girls ISOFIX BASE -Tropical Flowers - black frame - For Baby Boss\",\"isPartOf\":{\"@id\":\"https:\\\/\\\/powderblue-seahorse-496884.hostingersite.com\\\/#website\"},\"primaryImageOfPage\":{\"@id\":\"https:\\\/\\\/forbabyboss.com\\\/product\\\/baby-pram-from-birth-pushchair-buggy-3-in1-travel-system-boys-girls-isofix-base-tropical-flowers-black-frame\\\/#primaryimage\"},\"image\":{\"@id\":\"https:\\\/\\\/forbabyboss.com\\\/product\\\/baby-pram-from-birth-pushchair-buggy-3-in1-travel-system-boys-girls-isofix-base-tropical-flowers-black-frame\\\/#primaryimage\"},\"thumbnailUrl\":\"https:\\\/\\\/forbabyboss.com\\\/wp-content\\\/uploads\\\/2022\\\/09\\\/Baby-Pram-From-Birth-Pushchair-Buggy-3-in1-Travel-System-Boys-Girls-ISOFIX-BASE-Tropical-Flowers-black-frame-main.png\",\"datePublished\":\"2022-09-13T10:43:37+00:00\",\"dateModified\":\"2026-02-21T12:02:43+00:00\",\"description\":\"Baby Pram From Birth Pushchair Buggy 3 in1 Travel System Boys Girls ISOFIX BASE -Tropical Flowers - black frame\",\"breadcrumb\":{\"@id\":\"https:\\\/\\\/forbabyboss.com\\\/product\\\/baby-pram-from-birth-pushchair-buggy-3-in1-travel-system-boys-girls-isofix-base-tropical-flowers-black-frame\\\/#breadcrumb\"},\"inLanguage\":\"fr-FR\",\"potentialAction\":[{\"@type\":\"ReadAction\",\"target\":[\"https:\\\/\\\/forbabyboss.com\\\/product\\\/baby-pram-from-birth-pushchair-buggy-3-in1-travel-system-boys-girls-isofix-base-tropical-flowers-black-frame\\\/\"]}]},{\"@type\":\"ImageObject\",\"inLanguage\":\"fr-FR\",\"@id\":\"https:\\\/\\\/forbabyboss.com\\\/product\\\/baby-pram-from-birth-pushchair-buggy-3-in1-travel-system-boys-girls-isofix-base-tropical-flowers-black-frame\\\/#primaryimage\",\"url\":\"https:\\\/\\\/forbabyboss.com\\\/wp-content\\\/uploads\\\/2022\\\/09\\\/Baby-Pram-From-Birth-Pushchair-Buggy-3-in1-Travel-System-Boys-Girls-ISOFIX-BASE-Tropical-Flowers-black-frame-main.png\",\"contentUrl\":\"https:\\\/\\\/forbabyboss.com\\\/wp-content\\\/uploads\\\/2022\\\/09\\\/Baby-Pram-From-Birth-Pushchair-Buggy-3-in1-Travel-System-Boys-Girls-ISOFIX-BASE-Tropical-Flowers-black-frame-main.png\",\"width\":1600,\"height\":1156},{\"@type\":\"BreadcrumbList\",\"@id\":\"https:\\\/\\\/forbabyboss.com\\\/product\\\/baby-pram-from-birth-pushchair-buggy-3-in1-travel-system-boys-girls-isofix-base-tropical-flowers-black-frame\\\/#breadcrumb\",\"itemListElement\":[{\"@type\":\"ListItem\",\"position\":1,\"name\":\"Home\",\"item\":\"https:\\\/\\\/forbabyboss.com\\\/\"},{\"@type\":\"ListItem\",\"position\":2,\"name\":\"Shop\",\"item\":\"https:\\\/\\\/forbabyboss.com\\\/shop\\\/\"},{\"@type\":\"ListItem\",\"position\":3,\"name\":\"Baby Pram From Birth Pushchair Buggy 3 in1 Travel System Boys Girls ISOFIX BASE -Tropical Flowers &#8211; black frame\"}]},{\"@type\":\"WebSite\",\"@id\":\"https:\\\/\\\/powderblue-seahorse-496884.hostingersite.com\\\/#website\",\"url\":\"https:\\\/\\\/powderblue-seahorse-496884.hostingersite.com\\\/\",\"name\":\"For Baby Boss\",\"description\":\"Beautiful gifts and accessories for your baby boss\",\"potentialAction\":[{\"@type\":\"SearchAction\",\"target\":{\"@type\":\"EntryPoint\",\"urlTemplate\":\"https:\\\/\\\/powderblue-seahorse-496884.hostingersite.com\\\/?s={search_term_string}\"},\"query-input\":{\"@type\":\"PropertyValueSpecification\",\"valueRequired\":true,\"valueName\":\"search_term_string\"}}],\"inLanguage\":\"fr-FR\"}]}<\/script>\n<!-- \/ Yoast SEO plugin. -->","yoast_head_json":{"title":"Poussette b\u00e9b\u00e9 d\u00e8s la naissance, syst\u00e8me de voyage 3 en 1, base ISOFIX, motif fleurs tropicales, ch\u00e2ssis noir, pour Baby Boss","description":"Poussette b\u00e9b\u00e9 d\u00e8s la naissance, syst\u00e8me de voyage 3 en 1, base ISOFIX, motif fleurs tropicales, ch\u00e2ssis noir","robots":{"index":"index","follow":"follow","max-snippet":"max-snippet:-1","max-image-preview":"max-image-preview:large","max-video-preview":"max-video-preview:-1"},"canonical":"https:\/\/forbabyboss.com\/fr\/produit\/poussette-bebe-des-la-naissance-systeme-de-voyage-3-en-1-base-isofix-motif-fleurs-tropicales-cadre-noir\/","og_locale":"fr_FR","og_type":"article","og_title":"Baby Pram From Birth Pushchair Buggy 3 in1 Travel System Boys Girls ISOFIX BASE -Tropical Flowers - black frame - For Baby Boss","og_description":"Baby Pram From Birth Pushchair Buggy 3 in1 Travel System Boys Girls ISOFIX BASE -Tropical Flowers - black frame","og_url":"https:\/\/forbabyboss.com\/fr\/produit\/poussette-bebe-des-la-naissance-systeme-de-voyage-3-en-1-base-isofix-motif-fleurs-tropicales-cadre-noir\/","og_site_name":"For Baby Boss","article_modified_time":"2026-02-21T12:02:43+00:00","og_image":[{"width":1600,"height":1156,"url":"https:\/\/forbabyboss.com\/wp-content\/uploads\/2022\/09\/Baby-Pram-From-Birth-Pushchair-Buggy-3-in1-Travel-System-Boys-Girls-ISOFIX-BASE-Tropical-Flowers-black-frame-main.png","type":"image\/png"}],"twitter_card":"summary_large_image","twitter_misc":{"Dur\u00e9e de lecture estim\u00e9e":"2 minutes"},"schema":{"@context":"https:\/\/schema.org","@graph":[{"@type":"WebPage","@id":"https:\/\/forbabyboss.com\/product\/baby-pram-from-birth-pushchair-buggy-3-in1-travel-system-boys-girls-isofix-base-tropical-flowers-black-frame\/","url":"https:\/\/forbabyboss.com\/product\/baby-pram-from-birth-pushchair-buggy-3-in1-travel-system-boys-girls-isofix-base-tropical-flowers-black-frame\/","name":"Poussette b\u00e9b\u00e9 d\u00e8s la naissance, syst\u00e8me de voyage 3 en 1, base ISOFIX, motif fleurs tropicales, ch\u00e2ssis noir, pour Baby Boss","isPartOf":{"@id":"https:\/\/powderblue-seahorse-496884.hostingersite.com\/#website"},"primaryImageOfPage":{"@id":"https:\/\/forbabyboss.com\/product\/baby-pram-from-birth-pushchair-buggy-3-in1-travel-system-boys-girls-isofix-base-tropical-flowers-black-frame\/#primaryimage"},"image":{"@id":"https:\/\/forbabyboss.com\/product\/baby-pram-from-birth-pushchair-buggy-3-in1-travel-system-boys-girls-isofix-base-tropical-flowers-black-frame\/#primaryimage"},"thumbnailUrl":"https:\/\/forbabyboss.com\/wp-content\/uploads\/2022\/09\/Baby-Pram-From-Birth-Pushchair-Buggy-3-in1-Travel-System-Boys-Girls-ISOFIX-BASE-Tropical-Flowers-black-frame-main.png","datePublished":"2022-09-13T10:43:37+00:00","dateModified":"2026-02-21T12:02:43+00:00","description":"Poussette b\u00e9b\u00e9 d\u00e8s la naissance, syst\u00e8me de voyage 3 en 1, base ISOFIX, motif fleurs tropicales, ch\u00e2ssis noir","breadcrumb":{"@id":"https:\/\/forbabyboss.com\/product\/baby-pram-from-birth-pushchair-buggy-3-in1-travel-system-boys-girls-isofix-base-tropical-flowers-black-frame\/#breadcrumb"},"inLanguage":"fr-FR","potentialAction":[{"@type":"ReadAction","target":["https:\/\/forbabyboss.com\/product\/baby-pram-from-birth-pushchair-buggy-3-in1-travel-system-boys-girls-isofix-base-tropical-flowers-black-frame\/"]}]},{"@type":"ImageObject","inLanguage":"fr-FR","@id":"https:\/\/forbabyboss.com\/product\/baby-pram-from-birth-pushchair-buggy-3-in1-travel-system-boys-girls-isofix-base-tropical-flowers-black-frame\/#primaryimage","url":"https:\/\/forbabyboss.com\/wp-content\/uploads\/2022\/09\/Baby-Pram-From-Birth-Pushchair-Buggy-3-in1-Travel-System-Boys-Girls-ISOFIX-BASE-Tropical-Flowers-black-frame-main.png","contentUrl":"https:\/\/forbabyboss.com\/wp-content\/uploads\/2022\/09\/Baby-Pram-From-Birth-Pushchair-Buggy-3-in1-Travel-System-Boys-Girls-ISOFIX-BASE-Tropical-Flowers-black-frame-main.png","width":1600,"height":1156},{"@type":"BreadcrumbList","@id":"https:\/\/forbabyboss.com\/product\/baby-pram-from-birth-pushchair-buggy-3-in1-travel-system-boys-girls-isofix-base-tropical-flowers-black-frame\/#breadcrumb","itemListElement":[{"@type":"ListItem","position":1,"name":"Home","item":"https:\/\/forbabyboss.com\/"},{"@type":"ListItem","position":2,"name":"Shop","item":"https:\/\/forbabyboss.com\/shop\/"},{"@type":"ListItem","position":3,"name":"Baby Pram From Birth Pushchair Buggy 3 in1 Travel System Boys Girls ISOFIX BASE -Tropical Flowers &#8211; black frame"}]},{"@type":"WebSite","@id":"https:\/\/powderblue-seahorse-496884.hostingersite.com\/#website","url":"https:\/\/powderblue-seahorse-496884.hostingersite.com\/","name":"Pour Baby Boss","description":"De magnifiques cadeaux et accessoires pour votre petit patron","potentialAction":[{"@type":"SearchAction","target":{"@type":"EntryPoint","urlTemplate":"https:\/\/powderblue-seahorse-496884.hostingersite.com\/?s={search_term_string}"},"query-input":{"@type":"PropertyValueSpecification","valueRequired":true,"valueName":"search_term_string"}}],"inLanguage":"fr-FR"}]}},"_links":{"self":[{"href":"https:\/\/forbabyboss.com\/fr\/wp-json\/wp\/v2\/product\/5437","targetHints":{"allow":["GET"]}}],"collection":[{"href":"https:\/\/forbabyboss.com\/fr\/wp-json\/wp\/v2\/product"}],"about":[{"href":"https:\/\/forbabyboss.com\/fr\/wp-json\/wp\/v2\/types\/product"}],"wp:featuredmedia":[{"embeddable":true,"href":"https:\/\/forbabyboss.com\/fr\/wp-json\/wp\/v2\/media\/5438"}],"wp:attachment":[{"href":"https:\/\/forbabyboss.com\/fr\/wp-json\/wp\/v2\/media?parent=5437"}],"wp:term":[{"taxonomy":"product_brand","embeddable":true,"href":"https:\/\/forbabyboss.com\/fr\/wp-json\/wp\/v2\/product_brand?post=5437"},{"taxonomy":"product_cat","embeddable":true,"href":"https:\/\/forbabyboss.com\/fr\/wp-json\/wp\/v2\/product_cat?post=5437"},{"taxonomy":"product_tag","embeddable":true,"href":"https:\/\/forbabyboss.com\/fr\/wp-json\/wp\/v2\/product_tag?post=5437"}],"curies":[{"name":"wp","href":"https:\/\/api.w.org\/{rel}","templated":true}]}}