{"id":5456,"date":"2022-09-13T11:49:11","date_gmt":"2022-09-13T11:49:11","guid":{"rendered":"http:\/\/forbabyboss.com\/?post_type=product&#038;p=5456"},"modified":"2026-02-21T12:02:21","modified_gmt":"2026-02-21T12:02:21","slug":"ensemble-poussette-noire-siege-auto-nacelle-systeme-de-voyage-3-en-1-des-la-naissance","status":"publish","type":"product","link":"https:\/\/forbabyboss.com\/fr\/product\/black-baby-pram-set-pushchair-car-seat-carrycot-3-in-1-travel-system-from-birth\/","title":{"rendered":"Ensemble poussette noire, si\u00e8ge auto et nacelle 3 en 1, syst\u00e8me de voyage d\u00e8s la naissance"},"content":{"rendered":"<h1><span style=\"color: #e14d43;\"><strong><span style=\"font-size: 115%;\">D\u00e9couvrez le syst\u00e8me de voyage id\u00e9al pour r\u00e9pondre aux besoins de votre famille.<\/span><\/strong><\/span><\/h1>\n<p style=\"text-align: justify;\"><span style=\"color: #282828;\"><strong>Un syst\u00e8me de voyage pour b\u00e9b\u00e9 est une poussette qui inclut un si\u00e8ge auto adapt\u00e9 d\u00e8s la naissance. Le si\u00e8ge auto se fixe sur le ch\u00e2ssis de la poussette. Ainsi, si votre b\u00e9b\u00e9 dort, vous n&#039;avez pas besoin de le r\u00e9veiller en le sortant\u00a0: le si\u00e8ge auto se fixe simplement sur la poussette. Les experts recommandent de ne pas laisser les b\u00e9b\u00e9s dans le si\u00e8ge auto plus de 90\u00a0minutes d&#039;affil\u00e9e, mais pour les courts trajets, c&#039;est la solution id\u00e9ale.<\/strong><\/span><\/p>\n<h3 style=\"text-align: justify;\"><span style=\"color: #e14d43;\"><strong><span style=\"font-size: 95%;\">Caract\u00e9ristiques:<\/span><\/strong><\/span><\/h3>\n<p style=\"text-align: justify;\"><span style=\"color: #282828;\"><strong>-mode face \u00e0 la route et face \u00e0 l&#039;arri\u00e8re<\/strong><\/span><\/p>\n<p style=\"text-align: justify;\"><span style=\"color: #282828;\"><strong>-si\u00e8ge auto fixable sur le ch\u00e2ssis<\/strong><\/span><\/p>\n<p style=\"text-align: justify;\"><span style=\"color: #282828;\"><strong>-fen\u00eatre d&#039;a\u00e9ration \u00e0 l&#039;arri\u00e8re du capot<\/strong><\/span><\/p>\n<p style=\"text-align: justify;\"><span style=\"color: #282828;\"><strong>-La gondole poss\u00e8de une doublure douce amovible pour le lavage.<\/strong><\/span><\/p>\n<p style=\"text-align: justify;\"><span style=\"color: #282828;\"><strong>-La b\u00e2che de la nacelle peut \u00eatre relev\u00e9e pour cr\u00e9er un capteur de vent<\/strong><\/span><\/p>\n<p style=\"text-align: justify;\"><span style=\"color: #282828;\"><strong>-capot allong\u00e9 et amovible<\/strong><\/span><\/p>\n<p style=\"text-align: justify;\"><span style=\"color: #282828;\"><strong>Harnais de s\u00e9curit\u00e9 \u00e0 5 points<\/strong><\/span><\/p>\n<p style=\"text-align: justify;\"><span style=\"color: #282828;\"><strong>-repose-pieds stratifi\u00e9<\/strong><\/span><\/p>\n<p style=\"text-align: justify;\"><span style=\"color: #282828;\"><strong>- poign\u00e9e r\u00e9glable \u00e0 plusieurs niveaux<\/strong><\/span><\/p>\n<p style=\"text-align: justify;\"><span style=\"color: #282828;\"><strong>- suspension r\u00e9glable<\/strong><\/span><\/p>\n<p style=\"text-align: justify;\"><span style=\"color: #282828;\"><strong>-cadre robuste<\/strong><\/span><\/p>\n<p style=\"text-align: justify;\"><span style=\"color: #282828;\"><strong>-jambes et dossier r\u00e9glables<\/strong><\/span><\/p>\n<p style=\"text-align: justify;\"><span style=\"color: #282828;\"><strong>-frein central EASY STOP<\/strong><\/span><\/p>\n<p style=\"text-align: justify;\"><span style=\"color: #282828;\"><strong>-grand panier \u00e0 provisions<\/strong><\/span><\/p>\n<p style=\"text-align: justify;\"><span style=\"color: #282828;\"><strong>- Convient aux enfants de 0 \u00e0 3 ans<\/strong><\/span><\/p>\n<p style=\"text-align: justify;\"><span style=\"color: #282828;\"><strong>Si\u00e8ge auto jusqu&#039;\u00e0 10 kg<\/strong><\/span><\/p>\n<h3 style=\"text-align: justify;\"><span style=\"color: #e14d43;\"><strong><span style=\"font-size: 95%;\">Caract\u00e9ristiques du si\u00e8ge auto\u00a0:<\/span><\/strong><\/span><\/h3>\n<div><span style=\"color: #282828;\"><strong>- encart suppl\u00e9mentaire pour nourrissons<\/strong><\/span><\/div>\n<div><\/div>\n<div><span style=\"color: #282828;\"><strong>- poign\u00e9e r\u00e9glable<\/strong><\/span><\/div>\n<div><\/div>\n<div><span style=\"color: #282828;\"><strong>-couvre-pieds<\/strong><\/span><\/div>\n<div><\/div>\n<div><span style=\"color: #282828;\"><strong>-capote amovible<\/strong><\/span><\/div>\n<div><\/div>\n<div><span style=\"color: #282828;\"><strong>-Ceintures de s\u00e9curit\u00e9 \u00e0 3 points<\/strong><\/span><\/div>\n<div><\/div>\n<h3><span style=\"color: #e14d43;\"><strong><span style=\"font-size: 95%;\">L&#039;ensemble contient\u00a0:<\/span><\/strong><\/span><\/h3>\n<div><\/div>\n<div><span style=\"color: #282828;\"><strong>-cadre avec poign\u00e9e en cuir \u00e9cologique<\/strong><\/span><\/div>\n<div><\/div>\n<div>\n<div><span style=\"color: #282828;\"><strong>- nacelle avec dossier r\u00e9glable<\/strong><\/span><\/div>\n<div><\/div>\n<div><span style=\"color: #282828;\"><strong>-unit\u00e9 de si\u00e8ge<\/strong><\/span><\/div>\n<div><\/div>\n<div><span style=\"color: #282828;\"><strong>-deux couvre-pieds (pour poussette et nacelle)<\/strong><\/span><\/div>\n<div><\/div>\n<div><span style=\"color: #282828;\"><strong>-Si\u00e8ge auto multifonctionnel avec adaptateurs<\/strong><\/span><\/div>\n<div><\/div>\n<div><span style=\"color: #282828;\"><strong>-couverture pluie<\/strong><\/span><\/div>\n<div><\/div>\n<div><span style=\"color: #282828;\"><strong>-moustiquaire<\/strong><\/span><\/div>\n<div><\/div>\n<div><span style=\"color: #282828;\"><strong>- sac et matelas \u00e0 langer<\/strong><\/span><\/div>\n<div><\/div>\n<div><span style=\"color: #282828;\"><strong>-roues pivotantes remplies d&#039;air ou de mousse<\/strong><\/span><\/div>\n<div><\/div>\n<div><span style=\"color: #282828;\"><strong>-poign\u00e9e de bouteille<\/strong><\/span><\/div>\n<div><\/div>\n<\/div>\n<div><span style=\"color: #282828;\"><strong>-Une grande poche \u00e0 l&#039;arri\u00e8re du sac et deux petites sur les c\u00f4t\u00e9s<\/strong><\/span><\/div>\n<div><\/div>\n<div><span style=\"color: #282828;\"><strong>Cadre pliable avec roues (longueur x largeur x hauteur) : 85 x 60 x 40 cm<\/strong><\/span><\/div>\n<div><\/div>\n<div><span style=\"color: #282828;\"><strong>Poussette assembl\u00e9e (hauteur x largeur x longueur) : 115 x 60 x 95 cm<\/strong><\/span><\/div>\n<div><\/div>\n<div><span style=\"color: #282828;\"><strong>Dimensions int\u00e9rieures de la nacelle (largeur x longueur x hauteur) : 36 x 80 x 20 cm<\/strong><\/span><\/div>\n<div><\/div>\n<div><span style=\"color: #282828;\"><strong>Poussette int\u00e9rieure (largeur x longueur du dossier x longueur de l&#039;assise x repose-pieds)<\/strong><\/span><\/div>\n<div><\/div>\n<div><span style=\"color: #282828;\"><strong>dimensions) : 34 x 48 x 26 x 23 cm<\/strong><\/span><\/div>\n<div><\/div>\n<div><span style=\"color: #282828;\"><strong>Cadre avec roues : 10 kg<\/strong><\/span><\/div>\n<div><\/div>\n<div><span style=\"color: #282828;\"><strong>Poussette : 15 kg<\/strong><\/span><\/div>\n<div><\/div>\n<div><span style=\"color: #282828;\"><strong>Poussette profonde : 16 kg<\/strong><\/span><\/div>\n<div><\/div>\n<div><span style=\"color: #282828;\"><strong>Plage de r\u00e9glage de la poign\u00e9e\u00a0: 70\u00a0cm \u00e0 115\u00a0cm<\/strong><\/span><\/div>\n<div><\/div>\n<div>\n<div><span style=\"color: #282828;\"><strong>-poussette : conforme \u00e0 la norme de s\u00e9curit\u00e9 EN 1888:2012<\/strong><\/span><\/div>\n<div><\/div>\n<div><span style=\"color: #282828;\"><strong>Si\u00e8ge auto homologu\u00e9 ECE 44-04 pour la s\u00e9curit\u00e9\u00a0<\/strong><\/span><\/div>\n<div><\/div>\n<div><span style=\"color: #282828;\"><strong>Garantie de 12 mois<\/strong><\/span><\/div>\n<\/div>\n<div><\/div>\n<div><span style=\"color: #e14d43;\"><a href=\"http:\/\/forbabyboss.com\/wp-content\/uploads\/2022\/09\/checkout.png\"><img loading=\"lazy\" decoding=\"async\" class=\"alignnone wp-image-5965\" src=\"http:\/\/forbabyboss.com\/wp-content\/uploads\/2022\/09\/checkout.png\" alt=\"\" width=\"981\" height=\"361\" srcset=\"https:\/\/forbabyboss.com\/wp-content\/uploads\/2022\/09\/checkout.png 750w, https:\/\/forbabyboss.com\/wp-content\/uploads\/2022\/09\/checkout-600x221.png 600w\" sizes=\"auto, (max-width: 981px) 100vw, 981px\" \/><\/a><\/span><\/div>\n<p style=\"text-align: justify;\">","protected":false},"excerpt":{"rendered":"<p><a href=\"http:\/\/forbabyboss.com\/wp-content\/uploads\/2022\/09\/Star-Rating-5.png\"><img loading=\"lazy\" decoding=\"async\" class=\"alignnone size-full wp-image-5973 aligncenter\" src=\"http:\/\/forbabyboss.com\/wp-content\/uploads\/2022\/09\/Star-Rating-5.png\" alt=\"\" width=\"275\" height=\"45\" \/><\/a><\/p>\n<p style=\"text-align: center;\"><span style=\"color: #ed1c24; font-size: 120%;\"><b>GARANTIE D&#039;ALIGNEMENT DES PRIX<\/b><\/span><\/p>\n<p style=\"text-align: center;\"><span style=\"font-size: 115%;\"><span style=\"font-weight: 400; color: #4f4fa7;\">Livraison gratuite<\/span><span style=\"font-weight: 400;\"> \u2013 2 \u00e0 7 jours<\/span><\/span><\/p>\n<p style=\"text-align: center;\"><strong><span style=\"color: #29606b;\">Cadeau offert pour tout achat sup\u00e9rieur \u00e0 100 \u00a3<\/span><\/strong><\/p>","protected":false},"featured_media":5457,"template":"","meta":[],"product_brand":[370],"product_cat":[336,339,156,207,305,130,209,211],"product_tag":[163,199],"class_list":{"0":"post-5456","1":"product","2":"type-product","3":"status-publish","4":"has-post-thumbnail","6":"product_brand-babylux","7":"product_cat-400-to-500","8":"product_cat-700-to-800","9":"product_cat-3-in-1","10":"product_cat-black","11":"product_cat-colour","12":"product_cat-prams","13":"product_cat-push-chairs","14":"product_cat-stroller","15":"product_tag-3-in-1-prams","16":"product_tag-prams","18":"first","19":"instock","20":"sale","21":"shipping-taxable","22":"purchasable","23":"product-type-simple"},"yoast_head":"<!-- This site is optimized with the Yoast SEO plugin v27.5 - https:\/\/yoast.com\/product\/yoast-seo-wordpress\/ -->\n<title>Black Baby Pram Set Pushchair Car Seat Carrycot 3 in 1 Travel System From Birth - For Baby Boss<\/title>\n<meta name=\"description\" content=\"Black Baby Pram Set Pushchair Car Seat Carrycot 3 in 1 Travel System From Birth\" \/>\n<meta name=\"robots\" content=\"index, follow, max-snippet:-1, max-image-preview:large, max-video-preview:-1\" \/>\n<link rel=\"canonical\" href=\"https:\/\/forbabyboss.com\/fr\/produit\/ensemble-poussette-noire-siege-auto-nacelle-systeme-de-voyage-3-en-1-des-la-naissance\/\" \/>\n<meta property=\"og:locale\" content=\"fr_FR\" \/>\n<meta property=\"og:type\" content=\"article\" \/>\n<meta property=\"og:title\" content=\"Black Baby Pram Set Pushchair Car Seat Carrycot 3 in 1 Travel System From Birth - For Baby Boss\" \/>\n<meta property=\"og:description\" content=\"Black Baby Pram Set Pushchair Car Seat Carrycot 3 in 1 Travel System From Birth\" \/>\n<meta property=\"og:url\" content=\"https:\/\/forbabyboss.com\/fr\/produit\/ensemble-poussette-noire-siege-auto-nacelle-systeme-de-voyage-3-en-1-des-la-naissance\/\" \/>\n<meta property=\"og:site_name\" content=\"For Baby Boss\" \/>\n<meta property=\"article:modified_time\" content=\"2026-02-21T12:02:21+00:00\" \/>\n<meta property=\"og:image\" content=\"https:\/\/forbabyboss.com\/wp-content\/uploads\/2022\/09\/Baby-Buggy-Pram-Set-Pushchair-Car-Seat-Carrycot-3-in-1-Travel-System-From-Birth-Black-main.png\" \/>\n\t<meta property=\"og:image:width\" content=\"1600\" \/>\n\t<meta property=\"og:image:height\" content=\"1600\" \/>\n\t<meta property=\"og:image:type\" content=\"image\/png\" \/>\n<meta name=\"twitter:card\" content=\"summary_large_image\" \/>\n<meta name=\"twitter:label1\" content=\"Dur\u00e9e de lecture estim\u00e9e\" \/>\n\t<meta name=\"twitter:data1\" content=\"2 minutes\" \/>\n<script type=\"application\/ld+json\" class=\"yoast-schema-graph\">{\"@context\":\"https:\\\/\\\/schema.org\",\"@graph\":[{\"@type\":\"WebPage\",\"@id\":\"https:\\\/\\\/forbabyboss.com\\\/product\\\/black-baby-pram-set-pushchair-car-seat-carrycot-3-in-1-travel-system-from-birth\\\/\",\"url\":\"https:\\\/\\\/forbabyboss.com\\\/product\\\/black-baby-pram-set-pushchair-car-seat-carrycot-3-in-1-travel-system-from-birth\\\/\",\"name\":\"Black Baby Pram Set Pushchair Car Seat Carrycot 3 in 1 Travel System From Birth - For Baby Boss\",\"isPartOf\":{\"@id\":\"https:\\\/\\\/powderblue-seahorse-496884.hostingersite.com\\\/#website\"},\"primaryImageOfPage\":{\"@id\":\"https:\\\/\\\/forbabyboss.com\\\/product\\\/black-baby-pram-set-pushchair-car-seat-carrycot-3-in-1-travel-system-from-birth\\\/#primaryimage\"},\"image\":{\"@id\":\"https:\\\/\\\/forbabyboss.com\\\/product\\\/black-baby-pram-set-pushchair-car-seat-carrycot-3-in-1-travel-system-from-birth\\\/#primaryimage\"},\"thumbnailUrl\":\"https:\\\/\\\/forbabyboss.com\\\/wp-content\\\/uploads\\\/2022\\\/09\\\/Baby-Buggy-Pram-Set-Pushchair-Car-Seat-Carrycot-3-in-1-Travel-System-From-Birth-Black-main.png\",\"datePublished\":\"2022-09-13T11:49:11+00:00\",\"dateModified\":\"2026-02-21T12:02:21+00:00\",\"description\":\"Black Baby Pram Set Pushchair Car Seat Carrycot 3 in 1 Travel System From Birth\",\"breadcrumb\":{\"@id\":\"https:\\\/\\\/forbabyboss.com\\\/product\\\/black-baby-pram-set-pushchair-car-seat-carrycot-3-in-1-travel-system-from-birth\\\/#breadcrumb\"},\"inLanguage\":\"fr-FR\",\"potentialAction\":[{\"@type\":\"ReadAction\",\"target\":[\"https:\\\/\\\/forbabyboss.com\\\/product\\\/black-baby-pram-set-pushchair-car-seat-carrycot-3-in-1-travel-system-from-birth\\\/\"]}]},{\"@type\":\"ImageObject\",\"inLanguage\":\"fr-FR\",\"@id\":\"https:\\\/\\\/forbabyboss.com\\\/product\\\/black-baby-pram-set-pushchair-car-seat-carrycot-3-in-1-travel-system-from-birth\\\/#primaryimage\",\"url\":\"https:\\\/\\\/forbabyboss.com\\\/wp-content\\\/uploads\\\/2022\\\/09\\\/Baby-Buggy-Pram-Set-Pushchair-Car-Seat-Carrycot-3-in-1-Travel-System-From-Birth-Black-main.png\",\"contentUrl\":\"https:\\\/\\\/forbabyboss.com\\\/wp-content\\\/uploads\\\/2022\\\/09\\\/Baby-Buggy-Pram-Set-Pushchair-Car-Seat-Carrycot-3-in-1-Travel-System-From-Birth-Black-main.png\",\"width\":1600,\"height\":1600},{\"@type\":\"BreadcrumbList\",\"@id\":\"https:\\\/\\\/forbabyboss.com\\\/product\\\/black-baby-pram-set-pushchair-car-seat-carrycot-3-in-1-travel-system-from-birth\\\/#breadcrumb\",\"itemListElement\":[{\"@type\":\"ListItem\",\"position\":1,\"name\":\"Home\",\"item\":\"https:\\\/\\\/forbabyboss.com\\\/\"},{\"@type\":\"ListItem\",\"position\":2,\"name\":\"Shop\",\"item\":\"https:\\\/\\\/forbabyboss.com\\\/shop\\\/\"},{\"@type\":\"ListItem\",\"position\":3,\"name\":\"Black Baby Pram Set Pushchair Car Seat Carrycot 3 in 1 Travel System From Birth\"}]},{\"@type\":\"WebSite\",\"@id\":\"https:\\\/\\\/powderblue-seahorse-496884.hostingersite.com\\\/#website\",\"url\":\"https:\\\/\\\/powderblue-seahorse-496884.hostingersite.com\\\/\",\"name\":\"For Baby Boss\",\"description\":\"Beautiful gifts and accessories for your baby boss\",\"potentialAction\":[{\"@type\":\"SearchAction\",\"target\":{\"@type\":\"EntryPoint\",\"urlTemplate\":\"https:\\\/\\\/powderblue-seahorse-496884.hostingersite.com\\\/?s={search_term_string}\"},\"query-input\":{\"@type\":\"PropertyValueSpecification\",\"valueRequired\":true,\"valueName\":\"search_term_string\"}}],\"inLanguage\":\"fr-FR\"}]}<\/script>\n<!-- \/ Yoast SEO plugin. -->","yoast_head_json":{"title":"Ensemble poussette, si\u00e8ge auto et nacelle 3 en 1 noir pour b\u00e9b\u00e9, syst\u00e8me de voyage d\u00e8s la naissance - Pour Baby Boss","description":"Ensemble poussette noire, si\u00e8ge auto et nacelle 3 en 1, syst\u00e8me de voyage d\u00e8s la naissance","robots":{"index":"index","follow":"follow","max-snippet":"max-snippet:-1","max-image-preview":"max-image-preview:large","max-video-preview":"max-video-preview:-1"},"canonical":"https:\/\/forbabyboss.com\/fr\/produit\/ensemble-poussette-noire-siege-auto-nacelle-systeme-de-voyage-3-en-1-des-la-naissance\/","og_locale":"fr_FR","og_type":"article","og_title":"Black Baby Pram Set Pushchair Car Seat Carrycot 3 in 1 Travel System From Birth - For Baby Boss","og_description":"Black Baby Pram Set Pushchair Car Seat Carrycot 3 in 1 Travel System From Birth","og_url":"https:\/\/forbabyboss.com\/fr\/produit\/ensemble-poussette-noire-siege-auto-nacelle-systeme-de-voyage-3-en-1-des-la-naissance\/","og_site_name":"For Baby Boss","article_modified_time":"2026-02-21T12:02:21+00:00","og_image":[{"width":1600,"height":1600,"url":"https:\/\/forbabyboss.com\/wp-content\/uploads\/2022\/09\/Baby-Buggy-Pram-Set-Pushchair-Car-Seat-Carrycot-3-in-1-Travel-System-From-Birth-Black-main.png","type":"image\/png"}],"twitter_card":"summary_large_image","twitter_misc":{"Dur\u00e9e de lecture estim\u00e9e":"2 minutes"},"schema":{"@context":"https:\/\/schema.org","@graph":[{"@type":"WebPage","@id":"https:\/\/forbabyboss.com\/product\/black-baby-pram-set-pushchair-car-seat-carrycot-3-in-1-travel-system-from-birth\/","url":"https:\/\/forbabyboss.com\/product\/black-baby-pram-set-pushchair-car-seat-carrycot-3-in-1-travel-system-from-birth\/","name":"Ensemble poussette, si\u00e8ge auto et nacelle 3 en 1 noir pour b\u00e9b\u00e9, syst\u00e8me de voyage d\u00e8s la naissance - Pour Baby Boss","isPartOf":{"@id":"https:\/\/powderblue-seahorse-496884.hostingersite.com\/#website"},"primaryImageOfPage":{"@id":"https:\/\/forbabyboss.com\/product\/black-baby-pram-set-pushchair-car-seat-carrycot-3-in-1-travel-system-from-birth\/#primaryimage"},"image":{"@id":"https:\/\/forbabyboss.com\/product\/black-baby-pram-set-pushchair-car-seat-carrycot-3-in-1-travel-system-from-birth\/#primaryimage"},"thumbnailUrl":"https:\/\/forbabyboss.com\/wp-content\/uploads\/2022\/09\/Baby-Buggy-Pram-Set-Pushchair-Car-Seat-Carrycot-3-in-1-Travel-System-From-Birth-Black-main.png","datePublished":"2022-09-13T11:49:11+00:00","dateModified":"2026-02-21T12:02:21+00:00","description":"Ensemble poussette noire, si\u00e8ge auto et nacelle 3 en 1, syst\u00e8me de voyage d\u00e8s la naissance","breadcrumb":{"@id":"https:\/\/forbabyboss.com\/product\/black-baby-pram-set-pushchair-car-seat-carrycot-3-in-1-travel-system-from-birth\/#breadcrumb"},"inLanguage":"fr-FR","potentialAction":[{"@type":"ReadAction","target":["https:\/\/forbabyboss.com\/product\/black-baby-pram-set-pushchair-car-seat-carrycot-3-in-1-travel-system-from-birth\/"]}]},{"@type":"ImageObject","inLanguage":"fr-FR","@id":"https:\/\/forbabyboss.com\/product\/black-baby-pram-set-pushchair-car-seat-carrycot-3-in-1-travel-system-from-birth\/#primaryimage","url":"https:\/\/forbabyboss.com\/wp-content\/uploads\/2022\/09\/Baby-Buggy-Pram-Set-Pushchair-Car-Seat-Carrycot-3-in-1-Travel-System-From-Birth-Black-main.png","contentUrl":"https:\/\/forbabyboss.com\/wp-content\/uploads\/2022\/09\/Baby-Buggy-Pram-Set-Pushchair-Car-Seat-Carrycot-3-in-1-Travel-System-From-Birth-Black-main.png","width":1600,"height":1600},{"@type":"BreadcrumbList","@id":"https:\/\/forbabyboss.com\/product\/black-baby-pram-set-pushchair-car-seat-carrycot-3-in-1-travel-system-from-birth\/#breadcrumb","itemListElement":[{"@type":"ListItem","position":1,"name":"Home","item":"https:\/\/forbabyboss.com\/"},{"@type":"ListItem","position":2,"name":"Shop","item":"https:\/\/forbabyboss.com\/shop\/"},{"@type":"ListItem","position":3,"name":"Black Baby Pram Set Pushchair Car Seat Carrycot 3 in 1 Travel System From Birth"}]},{"@type":"WebSite","@id":"https:\/\/powderblue-seahorse-496884.hostingersite.com\/#website","url":"https:\/\/powderblue-seahorse-496884.hostingersite.com\/","name":"Pour Baby Boss","description":"De magnifiques cadeaux et accessoires pour votre petit patron","potentialAction":[{"@type":"SearchAction","target":{"@type":"EntryPoint","urlTemplate":"https:\/\/powderblue-seahorse-496884.hostingersite.com\/?s={search_term_string}"},"query-input":{"@type":"PropertyValueSpecification","valueRequired":true,"valueName":"search_term_string"}}],"inLanguage":"fr-FR"}]}},"_links":{"self":[{"href":"https:\/\/forbabyboss.com\/fr\/wp-json\/wp\/v2\/product\/5456","targetHints":{"allow":["GET"]}}],"collection":[{"href":"https:\/\/forbabyboss.com\/fr\/wp-json\/wp\/v2\/product"}],"about":[{"href":"https:\/\/forbabyboss.com\/fr\/wp-json\/wp\/v2\/types\/product"}],"wp:featuredmedia":[{"embeddable":true,"href":"https:\/\/forbabyboss.com\/fr\/wp-json\/wp\/v2\/media\/5457"}],"wp:attachment":[{"href":"https:\/\/forbabyboss.com\/fr\/wp-json\/wp\/v2\/media?parent=5456"}],"wp:term":[{"taxonomy":"product_brand","embeddable":true,"href":"https:\/\/forbabyboss.com\/fr\/wp-json\/wp\/v2\/product_brand?post=5456"},{"taxonomy":"product_cat","embeddable":true,"href":"https:\/\/forbabyboss.com\/fr\/wp-json\/wp\/v2\/product_cat?post=5456"},{"taxonomy":"product_tag","embeddable":true,"href":"https:\/\/forbabyboss.com\/fr\/wp-json\/wp\/v2\/product_tag?post=5456"}],"curies":[{"name":"wp","href":"https:\/\/api.w.org\/{rel}","templated":true}]}}