{"id":5535,"date":"2022-09-13T13:18:00","date_gmt":"2022-09-13T13:18:00","guid":{"rendered":"http:\/\/forbabyboss.com\/?post_type=product&#038;p=5535"},"modified":"2026-02-21T11:45:05","modified_gmt":"2026-02-21T11:45:05","slug":"poussette-3-en-1-pour-bebe-des-la-naissance-et-tout-petit-couleur-beige-clair","status":"publish","type":"product","link":"https:\/\/forbabyboss.com\/fr\/product\/baby-pram-3in1-pushchair-from-birth-toddlers-in-light-biege\/","title":{"rendered":"Poussette 3 en 1 pour b\u00e9b\u00e9 d\u00e8s la naissance et tout-petit, couleur beige clair"},"content":{"rendered":"<p style=\"text-align: justify;\"><strong><span style=\"font-family: Arial; font-size: 120%; color: #282828;\">Limousine parmi les poussettes 3 en 1 grand format. Fabriqu\u00e9e en cuir \u00e9cologique \u00e9l\u00e9gant associ\u00e9 \u00e0 un tissu en coton impr\u00e9gn\u00e9. Adapt\u00e9e \u00e0 toutes les saisons, \u00e0 tous les temps et \u00e0 tous les types de routes. Dot\u00e9e d&#039;un maximum de fonctionnalit\u00e9s et d&#039;accessoires. Avec une nacelle spacieuse. Le si\u00e8ge est r\u00e9glable face \u00e0 la route.<\/span><\/strong><\/p>\n<h4 style=\"text-align: justify;\"><span style=\"color: #e14d43;\"><strong><span style=\"font-family: Arial; font-size: xx-large;\">Caract\u00e9ristiques:<\/span><\/strong><\/span><\/h4>\n<p style=\"text-align: justify;\"><strong><span style=\"color: #282828; font-family: Arial; font-size: 105%;\">-Mode face \u00e0 la route et face \u00e0 l&#039;arri\u00e8re<\/span><\/strong><\/p>\n<p style=\"text-align: justify;\"><strong><span style=\"color: #282828; font-family: Arial; font-size: 105%;\">-fen\u00eatre d&#039;a\u00e9ration \u00e0 l&#039;arri\u00e8re du capot<\/span><\/strong><\/p>\n<p style=\"text-align: justify;\"><strong><span style=\"color: #282828; font-family: Arial; font-size: 105%;\">-La gondole poss\u00e8de une doublure douce amovible pour le lavage.<\/span><\/strong><\/p>\n<p style=\"text-align: justify;\"><strong><span style=\"color: #282828; font-family: Arial; font-size: 105%;\">-La b\u00e2che de la nacelle peut \u00eatre relev\u00e9e pour cr\u00e9er un capteur de vent<\/span><\/strong><\/p>\n<p style=\"text-align: justify;\"><strong><span style=\"color: #282828; font-family: Arial; font-size: 105%;\">-capot allong\u00e9<\/span><\/strong><\/p>\n<p style=\"text-align: justify;\"><strong><span style=\"color: #282828; font-family: Arial; font-size: 105%;\">-La poussette est \u00e9quip\u00e9e de ceintures de s\u00e9curit\u00e9 \u00e0 5 points.<\/span><\/strong><\/p>\n<p style=\"text-align: justify;\"><strong><span style=\"color: #282828; font-size: 105%;\"><span style=\"font-family: Arial;\">-repose-pieds, vent\u00a0<\/span>protection, nacelle<span style=\"font-family: Arial;\">\u00a0et barre de s\u00e9curit\u00e9 recouverte de cuir \u00e9cologique<\/span><\/span><\/strong><\/p>\n<p style=\"text-align: justify;\"><strong><span style=\"color: #282828; font-family: Arial; font-size: 105%;\">- poign\u00e9e r\u00e9glable \u00e0 plusieurs niveaux<\/span><\/strong><\/p>\n<p style=\"text-align: justify;\"><strong><span style=\"color: #282828; font-family: Arial; font-size: 105%;\">- suspension r\u00e9glable<\/span><\/strong><\/p>\n<p style=\"text-align: justify;\"><strong><span style=\"color: #282828; font-family: Arial; font-size: 105%;\">- repose-jambes et dossier r\u00e9glables<\/span><\/strong><\/p>\n<p style=\"text-align: justify;\"><strong><span style=\"color: #282828; font-family: Arial; font-size: 105%;\">-cadre robuste<\/span><\/strong><\/p>\n<p style=\"text-align: justify;\"><strong><span style=\"color: #282828; font-family: Arial; font-size: 105%;\">-frein central EASY STOP<\/span><\/strong><\/p>\n<p style=\"text-align: justify;\"><strong><span style=\"color: #282828; font-family: Arial; font-size: 105%;\">-grand panier \u00e0 provisions<\/span><\/strong><\/p>\n<h4><span style=\"color: #e14d43;\"><strong><span style=\"font-family: Arial; font-size: xx-large;\">Caract\u00e9ristiques du si\u00e8ge auto\u00a0:<\/span><\/strong><\/span><\/h4>\n<p><strong><span style=\"color: #282828; font-family: Arial; font-size: 105%;\">- encart suppl\u00e9mentaire pour nourrissons<\/span><\/strong><\/p>\n<p><strong><span style=\"color: #282828; font-family: Arial; font-size: 105%;\">- poign\u00e9e r\u00e9glable<\/span><\/strong><\/p>\n<p><strong><span style=\"color: #282828; font-family: Arial; font-size: 105%;\">-jambes couvertes<\/span><\/strong><\/p>\n<p><strong><span style=\"color: #282828; font-family: Arial; font-size: 105%;\">-capote amovible<\/span><\/strong><\/p>\n<p><strong><span style=\"color: #282828; font-family: Arial; font-size: 105%;\">-Ceintures de s\u00e9curit\u00e9 \u00e0 3 points<\/span><\/strong><\/p>\n<h4><span style=\"color: #e14d43;\"><strong><span style=\"font-family: Arial; font-size: xx-large;\">\u00c9quipement:<\/span><\/strong><\/span><\/h4>\n<div class=\"p-5\">\n<h4><strong><span style=\"color: #282828; font-family: Arial; font-size: 105%;\">-cadre avec poign\u00e9e en cuir \u00e9cologique<\/span><\/strong><\/h4>\n<h4><strong><span style=\"color: #282828; font-family: Arial; font-size: 105%;\">- nacelle avec dossier r\u00e9glable<\/span><\/strong><\/h4>\n<h4><strong><span style=\"color: #282828; font-family: Arial; font-size: 105%;\">-Poussette<\/span><\/strong><\/h4>\n<h4><strong><span style=\"color: #282828; font-family: Arial; font-size: 105%;\">- deux housses (pour la poussette et la nacelle)<\/span><\/strong><\/h4>\n<h4><strong><span style=\"color: #282828; font-family: Arial; font-size: 105%;\">-Si\u00e8ge auto multifonctionnel avec adaptateurs<\/span><\/strong><\/h4>\n<h4><strong><span style=\"color: #282828; font-family: Arial; font-size: 105%;\">-couverture pluie<\/span><\/strong><\/h4>\n<h4><strong><span style=\"color: #282828; font-family: Arial; font-size: 105%;\">-moustiquaire<\/span><\/strong><\/h4>\n<h4><strong><span style=\"color: #282828; font-family: Arial; font-size: 105%;\">-roues pivotantes souples et increvables<\/span><\/strong><\/h4>\n<h4><strong><span style=\"color: #282828; font-family: Arial; font-size: 105%;\">-Une grande poche \u00e0 l&#039;arri\u00e8re du sac et deux petites sur les c\u00f4t\u00e9s<\/span><\/strong><\/h4>\n<h4><strong><span style=\"color: #282828; font-family: Arial; font-size: 105%;\">Cadre pliable avec roues (longueur x largeur x hauteur) : 85 x 60 x 40 cm<\/span><\/strong><\/h4>\n<h4><strong><span style=\"color: #282828; font-family: Arial; font-size: 105%;\">Poussette assembl\u00e9e (hauteur x largeur x longueur) : 115 x 60 x 95 cm<\/span><\/strong><\/h4>\n<h4><strong><span style=\"color: #282828; font-family: Arial; font-size: 105%;\">Dimensions int\u00e9rieures de la nacelle (largeur x longueur x hauteur) : 36 x 80 x 20 cm<\/span><\/strong><\/h4>\n<h4><strong><span style=\"color: #282828; font-family: Arial; font-size: 105%;\">Dimensions int\u00e9rieures de la poussette (largeur x longueur du dossier x longueur de l&#039;assise x longueur du repose-pieds) : 34 x 48 x 26 x 23 cm<\/span><\/strong><\/h4>\n<h4><strong><span style=\"color: #282828; font-family: Arial; font-size: 105%;\">Cadre avec roues : 10 kg<\/span><\/strong><\/h4>\n<h4><strong><span style=\"color: #282828; font-family: Arial; font-size: 105%;\">Poussette : 15 kg<\/span><\/strong><\/h4>\n<h4><strong><span style=\"color: #282828; font-family: Arial; font-size: 105%;\">Poussette profonde : 16 kg<\/span><\/strong><\/h4>\n<h4><strong><span style=\"color: #282828; font-family: Arial; font-size: 105%;\">Plage de r\u00e9glage de la poign\u00e9e\u00a0: 70\u00a0cm \u00e0 115\u00a0cm<\/span><\/strong><\/h4>\n<h4><strong><span style=\"color: #282828; font-family: Arial; font-size: 105%;\">Garantie de 12 mois<\/span><\/strong><\/h4>\n<p><a href=\"http:\/\/forbabyboss.com\/wp-content\/uploads\/2022\/09\/checkout.png\"><img loading=\"lazy\" decoding=\"async\" class=\"alignnone wp-image-5965\" src=\"http:\/\/forbabyboss.com\/wp-content\/uploads\/2022\/09\/checkout.png\" alt=\"\" width=\"981\" height=\"361\" srcset=\"https:\/\/forbabyboss.com\/wp-content\/uploads\/2022\/09\/checkout.png 750w, https:\/\/forbabyboss.com\/wp-content\/uploads\/2022\/09\/checkout-600x221.png 600w\" sizes=\"auto, (max-width: 981px) 100vw, 981px\" \/><\/a><\/p>\n<\/div>","protected":false},"excerpt":{"rendered":"<p><a href=\"http:\/\/forbabyboss.com\/wp-content\/uploads\/2022\/09\/Star-Rating-5.png\"><img loading=\"lazy\" decoding=\"async\" class=\"alignnone size-full wp-image-5973 aligncenter\" src=\"http:\/\/forbabyboss.com\/wp-content\/uploads\/2022\/09\/Star-Rating-5.png\" alt=\"\" width=\"275\" height=\"45\" \/><\/a><\/p>\n<p style=\"text-align: center;\"><span style=\"color: #ed1c24; font-size: 120%;\"><b>GARANTIE D&#039;ALIGNEMENT DES PRIX<\/b><\/span><\/p>\n<p style=\"text-align: center;\"><span style=\"font-size: 115%;\"><span style=\"font-weight: 400; color: #4f4fa7;\">Livraison gratuite<\/span><span style=\"font-weight: 400;\"> \u2013 2 \u00e0 7 jours<\/span><\/span><\/p>\n<p style=\"text-align: center;\"><strong><span style=\"color: #29606b;\">Cadeau offert pour tout achat sup\u00e9rieur \u00e0 100 \u00a3<\/span><\/strong><\/p>","protected":false},"featured_media":5536,"template":"","meta":[],"product_brand":[370],"product_cat":[337,339,156,305,303,130,209,211],"product_tag":[163,199],"class_list":{"0":"post-5535","1":"product","2":"type-product","3":"status-publish","4":"has-post-thumbnail","6":"product_brand-babylux","7":"product_cat-500-to-600","8":"product_cat-700-to-800","9":"product_cat-3-in-1","10":"product_cat-colour","11":"product_cat-pattern","12":"product_cat-prams","13":"product_cat-push-chairs","14":"product_cat-stroller","15":"product_tag-3-in-1-prams","16":"product_tag-prams","18":"first","19":"instock","20":"sale","21":"shipping-taxable","22":"purchasable","23":"product-type-simple"},"yoast_head":"<!-- This site is optimized with the Yoast SEO plugin v27.5 - https:\/\/yoast.com\/product\/yoast-seo-wordpress\/ -->\n<title>Baby Pram 3in1 Pushchair From Birth &amp; Toddlers in Light Biege - For Baby Boss<\/title>\n<meta name=\"description\" content=\"Baby Pram 3in1 Pushchair From Birth &amp; Toddlers in Light Biege\" \/>\n<meta name=\"robots\" content=\"index, follow, max-snippet:-1, max-image-preview:large, max-video-preview:-1\" \/>\n<link rel=\"canonical\" href=\"https:\/\/forbabyboss.com\/fr\/produit\/poussette-3-en-1-pour-bebe-des-la-naissance-et-tout-petit-couleur-beige-clair\/\" \/>\n<meta property=\"og:locale\" content=\"fr_FR\" \/>\n<meta property=\"og:type\" content=\"article\" \/>\n<meta property=\"og:title\" content=\"Baby Pram 3in1 Pushchair From Birth &amp; Toddlers in Light Biege - For Baby Boss\" \/>\n<meta property=\"og:description\" content=\"Baby Pram 3in1 Pushchair From Birth &amp; Toddlers in Light Biege\" \/>\n<meta property=\"og:url\" content=\"https:\/\/forbabyboss.com\/fr\/produit\/poussette-3-en-1-pour-bebe-des-la-naissance-et-tout-petit-couleur-beige-clair\/\" \/>\n<meta property=\"og:site_name\" content=\"For Baby Boss\" \/>\n<meta property=\"article:modified_time\" content=\"2026-02-21T11:45:05+00:00\" \/>\n<meta property=\"og:image\" content=\"https:\/\/forbabyboss.com\/wp-content\/uploads\/2022\/09\/Baby-pram-Buggy-3in1-Travel-System-Pushchair-Car-Seat-From-Birth-Toddlers-Light-Biege-main.png\" \/>\n\t<meta property=\"og:image:width\" content=\"1600\" \/>\n\t<meta property=\"og:image:height\" content=\"1600\" \/>\n\t<meta property=\"og:image:type\" content=\"image\/png\" \/>\n<meta name=\"twitter:card\" content=\"summary_large_image\" \/>\n<meta name=\"twitter:label1\" content=\"Dur\u00e9e de lecture estim\u00e9e\" \/>\n\t<meta name=\"twitter:data1\" content=\"2 minutes\" \/>\n<script type=\"application\/ld+json\" class=\"yoast-schema-graph\">{\"@context\":\"https:\\\/\\\/schema.org\",\"@graph\":[{\"@type\":\"WebPage\",\"@id\":\"https:\\\/\\\/forbabyboss.com\\\/product\\\/baby-pram-3in1-pushchair-from-birth-toddlers-in-light-biege\\\/\",\"url\":\"https:\\\/\\\/forbabyboss.com\\\/product\\\/baby-pram-3in1-pushchair-from-birth-toddlers-in-light-biege\\\/\",\"name\":\"Baby Pram 3in1 Pushchair From Birth & Toddlers in Light Biege - For Baby Boss\",\"isPartOf\":{\"@id\":\"https:\\\/\\\/powderblue-seahorse-496884.hostingersite.com\\\/#website\"},\"primaryImageOfPage\":{\"@id\":\"https:\\\/\\\/forbabyboss.com\\\/product\\\/baby-pram-3in1-pushchair-from-birth-toddlers-in-light-biege\\\/#primaryimage\"},\"image\":{\"@id\":\"https:\\\/\\\/forbabyboss.com\\\/product\\\/baby-pram-3in1-pushchair-from-birth-toddlers-in-light-biege\\\/#primaryimage\"},\"thumbnailUrl\":\"https:\\\/\\\/forbabyboss.com\\\/wp-content\\\/uploads\\\/2022\\\/09\\\/Baby-pram-Buggy-3in1-Travel-System-Pushchair-Car-Seat-From-Birth-Toddlers-Light-Biege-main.png\",\"datePublished\":\"2022-09-13T13:18:00+00:00\",\"dateModified\":\"2026-02-21T11:45:05+00:00\",\"description\":\"Baby Pram 3in1 Pushchair From Birth & Toddlers in Light Biege\",\"breadcrumb\":{\"@id\":\"https:\\\/\\\/forbabyboss.com\\\/product\\\/baby-pram-3in1-pushchair-from-birth-toddlers-in-light-biege\\\/#breadcrumb\"},\"inLanguage\":\"fr-FR\",\"potentialAction\":[{\"@type\":\"ReadAction\",\"target\":[\"https:\\\/\\\/forbabyboss.com\\\/product\\\/baby-pram-3in1-pushchair-from-birth-toddlers-in-light-biege\\\/\"]}]},{\"@type\":\"ImageObject\",\"inLanguage\":\"fr-FR\",\"@id\":\"https:\\\/\\\/forbabyboss.com\\\/product\\\/baby-pram-3in1-pushchair-from-birth-toddlers-in-light-biege\\\/#primaryimage\",\"url\":\"https:\\\/\\\/forbabyboss.com\\\/wp-content\\\/uploads\\\/2022\\\/09\\\/Baby-pram-Buggy-3in1-Travel-System-Pushchair-Car-Seat-From-Birth-Toddlers-Light-Biege-main.png\",\"contentUrl\":\"https:\\\/\\\/forbabyboss.com\\\/wp-content\\\/uploads\\\/2022\\\/09\\\/Baby-pram-Buggy-3in1-Travel-System-Pushchair-Car-Seat-From-Birth-Toddlers-Light-Biege-main.png\",\"width\":1600,\"height\":1600},{\"@type\":\"BreadcrumbList\",\"@id\":\"https:\\\/\\\/forbabyboss.com\\\/product\\\/baby-pram-3in1-pushchair-from-birth-toddlers-in-light-biege\\\/#breadcrumb\",\"itemListElement\":[{\"@type\":\"ListItem\",\"position\":1,\"name\":\"Home\",\"item\":\"https:\\\/\\\/forbabyboss.com\\\/\"},{\"@type\":\"ListItem\",\"position\":2,\"name\":\"Shop\",\"item\":\"https:\\\/\\\/forbabyboss.com\\\/shop\\\/\"},{\"@type\":\"ListItem\",\"position\":3,\"name\":\"Baby Pram 3in1 Pushchair From Birth &#038; Toddlers in Light Biege\"}]},{\"@type\":\"WebSite\",\"@id\":\"https:\\\/\\\/powderblue-seahorse-496884.hostingersite.com\\\/#website\",\"url\":\"https:\\\/\\\/powderblue-seahorse-496884.hostingersite.com\\\/\",\"name\":\"For Baby Boss\",\"description\":\"Beautiful gifts and accessories for your baby boss\",\"potentialAction\":[{\"@type\":\"SearchAction\",\"target\":{\"@type\":\"EntryPoint\",\"urlTemplate\":\"https:\\\/\\\/powderblue-seahorse-496884.hostingersite.com\\\/?s={search_term_string}\"},\"query-input\":{\"@type\":\"PropertyValueSpecification\",\"valueRequired\":true,\"valueName\":\"search_term_string\"}}],\"inLanguage\":\"fr-FR\"}]}<\/script>\n<!-- \/ Yoast SEO plugin. -->","yoast_head_json":{"title":"Poussette 3 en 1 pour b\u00e9b\u00e9 d\u00e8s la naissance et les tout-petits, couleur beige clair - Pour Baby Boss","description":"Poussette 3 en 1 pour b\u00e9b\u00e9 d\u00e8s la naissance et tout-petit, couleur beige clair","robots":{"index":"index","follow":"follow","max-snippet":"max-snippet:-1","max-image-preview":"max-image-preview:large","max-video-preview":"max-video-preview:-1"},"canonical":"https:\/\/forbabyboss.com\/fr\/produit\/poussette-3-en-1-pour-bebe-des-la-naissance-et-tout-petit-couleur-beige-clair\/","og_locale":"fr_FR","og_type":"article","og_title":"Baby Pram 3in1 Pushchair From Birth & Toddlers in Light Biege - For Baby Boss","og_description":"Baby Pram 3in1 Pushchair From Birth & Toddlers in Light Biege","og_url":"https:\/\/forbabyboss.com\/fr\/produit\/poussette-3-en-1-pour-bebe-des-la-naissance-et-tout-petit-couleur-beige-clair\/","og_site_name":"For Baby Boss","article_modified_time":"2026-02-21T11:45:05+00:00","og_image":[{"width":1600,"height":1600,"url":"https:\/\/forbabyboss.com\/wp-content\/uploads\/2022\/09\/Baby-pram-Buggy-3in1-Travel-System-Pushchair-Car-Seat-From-Birth-Toddlers-Light-Biege-main.png","type":"image\/png"}],"twitter_card":"summary_large_image","twitter_misc":{"Dur\u00e9e de lecture estim\u00e9e":"2 minutes"},"schema":{"@context":"https:\/\/schema.org","@graph":[{"@type":"WebPage","@id":"https:\/\/forbabyboss.com\/product\/baby-pram-3in1-pushchair-from-birth-toddlers-in-light-biege\/","url":"https:\/\/forbabyboss.com\/product\/baby-pram-3in1-pushchair-from-birth-toddlers-in-light-biege\/","name":"Poussette 3 en 1 pour b\u00e9b\u00e9 d\u00e8s la naissance et les tout-petits, couleur beige clair - Pour Baby Boss","isPartOf":{"@id":"https:\/\/powderblue-seahorse-496884.hostingersite.com\/#website"},"primaryImageOfPage":{"@id":"https:\/\/forbabyboss.com\/product\/baby-pram-3in1-pushchair-from-birth-toddlers-in-light-biege\/#primaryimage"},"image":{"@id":"https:\/\/forbabyboss.com\/product\/baby-pram-3in1-pushchair-from-birth-toddlers-in-light-biege\/#primaryimage"},"thumbnailUrl":"https:\/\/forbabyboss.com\/wp-content\/uploads\/2022\/09\/Baby-pram-Buggy-3in1-Travel-System-Pushchair-Car-Seat-From-Birth-Toddlers-Light-Biege-main.png","datePublished":"2022-09-13T13:18:00+00:00","dateModified":"2026-02-21T11:45:05+00:00","description":"Poussette 3 en 1 pour b\u00e9b\u00e9 d\u00e8s la naissance et tout-petit, couleur beige clair","breadcrumb":{"@id":"https:\/\/forbabyboss.com\/product\/baby-pram-3in1-pushchair-from-birth-toddlers-in-light-biege\/#breadcrumb"},"inLanguage":"fr-FR","potentialAction":[{"@type":"ReadAction","target":["https:\/\/forbabyboss.com\/product\/baby-pram-3in1-pushchair-from-birth-toddlers-in-light-biege\/"]}]},{"@type":"ImageObject","inLanguage":"fr-FR","@id":"https:\/\/forbabyboss.com\/product\/baby-pram-3in1-pushchair-from-birth-toddlers-in-light-biege\/#primaryimage","url":"https:\/\/forbabyboss.com\/wp-content\/uploads\/2022\/09\/Baby-pram-Buggy-3in1-Travel-System-Pushchair-Car-Seat-From-Birth-Toddlers-Light-Biege-main.png","contentUrl":"https:\/\/forbabyboss.com\/wp-content\/uploads\/2022\/09\/Baby-pram-Buggy-3in1-Travel-System-Pushchair-Car-Seat-From-Birth-Toddlers-Light-Biege-main.png","width":1600,"height":1600},{"@type":"BreadcrumbList","@id":"https:\/\/forbabyboss.com\/product\/baby-pram-3in1-pushchair-from-birth-toddlers-in-light-biege\/#breadcrumb","itemListElement":[{"@type":"ListItem","position":1,"name":"Home","item":"https:\/\/forbabyboss.com\/"},{"@type":"ListItem","position":2,"name":"Shop","item":"https:\/\/forbabyboss.com\/shop\/"},{"@type":"ListItem","position":3,"name":"Baby Pram 3in1 Pushchair From Birth &#038; Toddlers in Light Biege"}]},{"@type":"WebSite","@id":"https:\/\/powderblue-seahorse-496884.hostingersite.com\/#website","url":"https:\/\/powderblue-seahorse-496884.hostingersite.com\/","name":"Pour Baby Boss","description":"De magnifiques cadeaux et accessoires pour votre petit patron","potentialAction":[{"@type":"SearchAction","target":{"@type":"EntryPoint","urlTemplate":"https:\/\/powderblue-seahorse-496884.hostingersite.com\/?s={search_term_string}"},"query-input":{"@type":"PropertyValueSpecification","valueRequired":true,"valueName":"search_term_string"}}],"inLanguage":"fr-FR"}]}},"_links":{"self":[{"href":"https:\/\/forbabyboss.com\/fr\/wp-json\/wp\/v2\/product\/5535","targetHints":{"allow":["GET"]}}],"collection":[{"href":"https:\/\/forbabyboss.com\/fr\/wp-json\/wp\/v2\/product"}],"about":[{"href":"https:\/\/forbabyboss.com\/fr\/wp-json\/wp\/v2\/types\/product"}],"wp:featuredmedia":[{"embeddable":true,"href":"https:\/\/forbabyboss.com\/fr\/wp-json\/wp\/v2\/media\/5536"}],"wp:attachment":[{"href":"https:\/\/forbabyboss.com\/fr\/wp-json\/wp\/v2\/media?parent=5535"}],"wp:term":[{"taxonomy":"product_brand","embeddable":true,"href":"https:\/\/forbabyboss.com\/fr\/wp-json\/wp\/v2\/product_brand?post=5535"},{"taxonomy":"product_cat","embeddable":true,"href":"https:\/\/forbabyboss.com\/fr\/wp-json\/wp\/v2\/product_cat?post=5535"},{"taxonomy":"product_tag","embeddable":true,"href":"https:\/\/forbabyboss.com\/fr\/wp-json\/wp\/v2\/product_tag?post=5535"}],"curies":[{"name":"wp","href":"https:\/\/api.w.org\/{rel}","templated":true}]}}