{"id":5745,"date":"2022-09-15T08:26:32","date_gmt":"2022-09-15T08:26:32","guid":{"rendered":"http:\/\/forbabyboss.com\/?post_type=product&#038;p=5745"},"modified":"2026-02-21T11:06:37","modified_gmt":"2026-02-21T11:06:37","slug":"poussette-pliable-3-en-1-pour-nouveau-ne-edition-or-verte","status":"publish","type":"product","link":"https:\/\/forbabyboss.com\/fr\/product\/foldable-3in1-newborn-baby-pushchair-stroller-gold-edition-green\/","title":{"rendered":"Poussette pliable 3 en 1 pour nouveau-n\u00e9, \u00e9dition or \u2013 Verte"},"content":{"rendered":"<div style=\"width: 1020px;\" class=\"wp-video\"><video class=\"wp-video-shortcode\" id=\"video-5745-1\" width=\"1020\" height=\"574\" preload=\"metadata\" controls=\"controls\"><source type=\"video\/mp4\" src=\"http:\/\/forbabyboss.com\/wp-content\/uploads\/2022\/09\/Lazzio.mp4?_=1\" \/><a href=\"http:\/\/forbabyboss.com\/wp-content\/uploads\/2022\/09\/Lazzio.mp4\">http:\/\/forbabyboss.com\/wp-content\/uploads\/2022\/09\/Lazzio.mp4<\/a><\/video><\/div>\n<h1 style=\"text-align: justify;\"><\/h1>\n<p style=\"text-align: justify;\"><strong><span style=\"color: #282828;\">MATA \u2013 une poussette moderne et fonctionnelle qui procure plus de plaisir lors des promenades, et dont le design innovant lui conf\u00e8re un caract\u00e8re unique.<\/span><\/strong><br \/>\n<strong><span style=\"color: #282828;\">Cette poussette convient aux enfants de 6 \u00e0 36 mois. Son ch\u00e2ssis l\u00e9ger et sa conception pratique rendent son utilisation encore plus confortable.<\/span><\/strong><\/p>\n<p style=\"text-align: justify;\"><strong><span style=\"color: #282828;\">\u2022Poussette simple pour enfants pesant de 1 \u00e0 15 kg<\/span><\/strong><br \/>\n<strong><span style=\"color: #282828;\">\u2022 Elle poss\u00e8de la certification TUV NORD, qui garantit la plus haute qualit\u00e9 et la plus grande s\u00e9curit\u00e9 pour votre enfant.<\/span><\/strong><br \/>\n<strong><span style=\"color: #282828;\">\u2022 La poussette est conforme \u00e0 la norme de s\u00e9curit\u00e9 la plus r\u00e9cente et la plus stricte, EN 1888-1:2019<\/span><\/strong><\/p>\n<h2 style=\"text-align: justify;\"><span style=\"color: #e14d43;\"><strong>L'ensemble comprend<\/strong><\/span><\/h2>\n<p style=\"text-align: justify;\"><strong><span style=\"color: #282828;\">\u2022cadre<\/span><\/strong><br \/>\n<strong><span style=\"color: #282828;\">\u2022 couffin<\/span><\/strong><br \/>\n<strong><span style=\"color: #282828;\">\u2022si\u00e8ge sport<\/span><\/strong><br \/>\n<strong><span style=\"color: #282828;\">\u2022sac bandouli\u00e8re<\/span><\/strong><br \/>\n<strong><span style=\"color: #282828;\">\u2022si\u00e8ge auto (uniquement dans le kit 3 en 1)<\/span><\/strong><br \/>\n<strong><span style=\"color: #282828;\">\u2022 En plus : housse de pluie, moustiquaire, panier \u00e0 provisions<\/span><\/strong><\/p>\n<h2 style=\"text-align: justify;\"><span style=\"color: #e14d43;\"><strong>Cadre :<\/strong><\/span><\/h2>\n<p style=\"text-align: justify;\"><strong><span style=\"color: #282828;\">\u2022 Cadre en aluminium \u2013 l\u00e9ger et durable<\/span><\/strong><br \/>\n<strong><span style=\"color: #282828;\">\u2022 Roues pivotantes en gel, sans probl\u00e8me et increvables<\/span><\/strong><br \/>\n<strong><span style=\"color: #282828;\">\u2022Les roulements des roues facilitent la pouss\u00e9e de la poussette<\/span><\/strong><br \/>\n<strong><span style=\"color: #282828;\">\u2022 Hauteur de la poign\u00e9e r\u00e9glable<\/span><\/strong><br \/>\n<strong><span style=\"color: #282828;\">\u2022 Suspension arri\u00e8re rembourr\u00e9e \u2013 offre un confort optimal lors de chaque marche<\/span><\/strong><br \/>\n<strong><span style=\"color: #282828;\">\u2022 Format compact une fois pli\u00e9<\/span><\/strong><br \/>\n<strong><span style=\"color: #282828;\">\u2022 Syst\u00e8me simple pour fixer et d\u00e9tacher la nacelle, le si\u00e8ge sport et le si\u00e8ge auto<\/span><\/strong><br \/>\n<strong><span style=\"color: #282828;\">\u2022 \u00c9quip\u00e9e d&#039;un frein central pour une stabilit\u00e9 accrue \u2022 La suspension lat\u00e9rale suppl\u00e9mentaire du ch\u00e2ssis de la poussette permet un blocage, assurant une meilleure absorption des chocs lors de la pouss\u00e9e et un agr\u00e9able balancement de votre enfant<\/span><\/strong><\/p>\n<h2 style=\"text-align: justify;\"><span style=\"color: #e14d43;\"><strong>Nacelle :<\/strong><\/span><\/h2>\n<p style=\"text-align: justify;\"><strong><span style=\"color: #282828;\">\u2022 Grande nacelle pouvant servir de berceau<\/span><\/strong><br \/>\n<strong><span style=\"color: #282828;\">\u2022 \u00c9quip\u00e9e d&#039;une protection pour les pieds amovible et ajust\u00e9e \u2013 prot\u00e8ge votre enfant des intemp\u00e9ries<\/span><\/strong><br \/>\n<strong><span style=\"color: #282828;\">\u2022 Poign\u00e9e ergonomique \u2013 facilite le transport de la nacelle<\/span><\/strong><br \/>\n<strong><span style=\"color: #282828;\">\u2022 Matelas \u00e9lastique et rembourrage doux de la nacelle<\/span><\/strong><br \/>\n<strong><span style=\"color: #282828;\">\u2022 appui-t\u00eate r\u00e9glable<\/span><\/strong><br \/>\n<strong><span style=\"color: #282828;\">\u2022 La ventilation du compartiment de la nacelle assure un apport d&#039;air frais afin d&#039;\u00e9viter que le b\u00e9b\u00e9 n&#039;ait trop chaud.<\/span><\/strong><\/p>\n<h2 style=\"text-align: justify;\"><span style=\"color: #e14d43;\"><strong>Si\u00e8ge sport :<\/strong><\/span><\/h2>\n<p style=\"text-align: justify;\"><strong><span style=\"color: #282828;\">\u2022 L&#039;installation face \u00e0 l&#039;avant ou face \u00e0 l&#039;arri\u00e8re est possible<\/span><\/strong><br \/>\n<strong><span style=\"color: #282828;\">\u2022 ceintures de s\u00e9curit\u00e9 r\u00e9glables \u00e0 cinq points<\/span><\/strong><br \/>\n<strong><span style=\"color: #282828;\">\u2022 Barri\u00e8re amovible recouverte d&#039;\u00e9co-cuir<\/span><\/strong><br \/>\n<strong><span style=\"color: #282828;\">\u2022 repose-pieds r\u00e9glable pratique<\/span><\/strong><br \/>\n<strong><span style=\"color: #282828;\">\u2022 Fen\u00eatre d&#039;a\u00e9ration \u00e0 l&#039;arri\u00e8re de la verri\u00e8re<\/span><\/strong><br \/>\n<strong><span style=\"color: #282828;\">\u2022 Format compact une fois pli\u00e9<\/span><\/strong><br \/>\n<strong><span style=\"color: #282828;\">\u2022 R\u00e9glage du dossier \u2013 jusqu\u2019\u00e0 une position allong\u00e9e, la position la plus saine pour le sommeil de votre b\u00e9b\u00e9.<\/span><\/strong><br \/>\n<strong><span style=\"color: #282828;\">\u2022 Auvent r\u00e9glable et amovible<\/span><\/strong><br \/>\n<strong><span style=\"color: #282828;\">\u2022Couvre-pieds ajust\u00e9 et amovible \u2013 prot\u00e8ge votre enfant des intemp\u00e9ries<\/span><\/strong><\/p>\n<p>&nbsp;<\/p>\n<p><a href=\"http:\/\/forbabyboss.com\/wp-content\/uploads\/2022\/09\/checkout.png\"><img loading=\"lazy\" decoding=\"async\" class=\"alignnone wp-image-5965\" src=\"http:\/\/forbabyboss.com\/wp-content\/uploads\/2022\/09\/checkout.png\" alt=\"\" width=\"967\" height=\"356\" srcset=\"https:\/\/forbabyboss.com\/wp-content\/uploads\/2022\/09\/checkout.png 750w, https:\/\/forbabyboss.com\/wp-content\/uploads\/2022\/09\/checkout-600x221.png 600w\" sizes=\"auto, (max-width: 967px) 100vw, 967px\" \/><\/a><\/p>\n<p style=\"text-align: justify;\">","protected":false},"excerpt":{"rendered":"<p><a href=\"http:\/\/forbabyboss.com\/wp-content\/uploads\/2022\/09\/Star-Rating-5.png\"><img loading=\"lazy\" decoding=\"async\" class=\"alignnone size-full wp-image-5973 aligncenter\" src=\"http:\/\/forbabyboss.com\/wp-content\/uploads\/2022\/09\/Star-Rating-5.png\" alt=\"\" width=\"275\" height=\"45\" \/><\/a><\/p>\n<p style=\"text-align: center;\"><span style=\"color: #ed1c24; font-size: 120%;\"><b>GARANTIE D&#039;ALIGNEMENT DES PRIX<\/b><\/span><\/p>\n<p style=\"text-align: center;\"><span style=\"font-size: 115%;\"><span style=\"font-weight: 400; color: #4f4fa7;\">Livraison gratuite<\/span><span style=\"font-weight: 400;\"> \u2013 2 \u00e0 7 jours<\/span><\/span><\/p>\n<p style=\"text-align: center;\"><strong><span style=\"color: #29606b;\">Cadeau offert pour tout achat sup\u00e9rieur \u00e0 100 \u00a3<\/span><\/strong><\/p>","protected":false},"featured_media":5746,"template":"","meta":[],"product_brand":[577],"product_cat":[337,339,156,305,208,195,244,303,130,209,211],"product_tag":[202,199],"class_list":{"0":"post-5745","1":"product","2":"type-product","3":"status-publish","4":"has-post-thumbnail","6":"product_brand-kunert","7":"product_cat-500-to-600","8":"product_cat-700-to-800","9":"product_cat-3-in-1","10":"product_cat-colour","11":"product_cat-gold","12":"product_cat-gold-collection","13":"product_cat-green","14":"product_cat-pattern","15":"product_cat-prams","16":"product_cat-push-chairs","17":"product_cat-stroller","18":"product_tag-3-in-1-pram","19":"product_tag-prams","21":"first","22":"instock","23":"sale","24":"shipping-taxable","25":"purchasable","26":"product-type-simple"},"yoast_head":"<!-- This site is optimized with the Yoast SEO plugin v27.5 - https:\/\/yoast.com\/product\/yoast-seo-wordpress\/ -->\n<title>Foldable 3in1 Newborn Baby Pushchair Stroller Gold Edition - Green - For Baby Boss<\/title>\n<meta name=\"description\" content=\"Foldable 3in1 Newborn Baby Pushchair Stroller Gold Edition - Green\" \/>\n<meta name=\"robots\" content=\"index, follow, max-snippet:-1, max-image-preview:large, max-video-preview:-1\" \/>\n<link rel=\"canonical\" href=\"https:\/\/forbabyboss.com\/fr\/produit\/poussette-pliable-3-en-1-pour-nouveau-ne-edition-or-verte\/\" \/>\n<meta property=\"og:locale\" content=\"fr_FR\" \/>\n<meta property=\"og:type\" content=\"article\" \/>\n<meta property=\"og:title\" content=\"Foldable 3in1 Newborn Baby Pushchair Stroller Gold Edition - Green - For Baby Boss\" \/>\n<meta property=\"og:description\" content=\"Foldable 3in1 Newborn Baby Pushchair Stroller Gold Edition - Green\" \/>\n<meta property=\"og:url\" content=\"https:\/\/forbabyboss.com\/fr\/produit\/poussette-pliable-3-en-1-pour-nouveau-ne-edition-or-verte\/\" \/>\n<meta property=\"og:site_name\" content=\"For Baby Boss\" \/>\n<meta property=\"article:modified_time\" content=\"2026-02-21T11:06:37+00:00\" \/>\n<meta property=\"og:image\" content=\"https:\/\/forbabyboss.com\/wp-content\/uploads\/2022\/09\/Newborn-Baby-Buggy-Pram-Foldable-3in1-Travel-System-Car-Seat-Pushchair-Stroller-Green-main.jpg\" \/>\n\t<meta property=\"og:image:width\" content=\"1600\" \/>\n\t<meta property=\"og:image:height\" content=\"1600\" \/>\n\t<meta property=\"og:image:type\" content=\"image\/jpeg\" \/>\n<meta name=\"twitter:card\" content=\"summary_large_image\" \/>\n<meta name=\"twitter:label1\" content=\"Dur\u00e9e de lecture estim\u00e9e\" \/>\n\t<meta name=\"twitter:data1\" content=\"2 minutes\" \/>\n<script type=\"application\/ld+json\" class=\"yoast-schema-graph\">{\"@context\":\"https:\\\/\\\/schema.org\",\"@graph\":[{\"@type\":\"WebPage\",\"@id\":\"https:\\\/\\\/forbabyboss.com\\\/product\\\/foldable-3in1-newborn-baby-pushchair-stroller-gold-edition-green\\\/\",\"url\":\"https:\\\/\\\/forbabyboss.com\\\/product\\\/foldable-3in1-newborn-baby-pushchair-stroller-gold-edition-green\\\/\",\"name\":\"Foldable 3in1 Newborn Baby Pushchair Stroller Gold Edition - Green - For Baby Boss\",\"isPartOf\":{\"@id\":\"https:\\\/\\\/powderblue-seahorse-496884.hostingersite.com\\\/#website\"},\"primaryImageOfPage\":{\"@id\":\"https:\\\/\\\/forbabyboss.com\\\/product\\\/foldable-3in1-newborn-baby-pushchair-stroller-gold-edition-green\\\/#primaryimage\"},\"image\":{\"@id\":\"https:\\\/\\\/forbabyboss.com\\\/product\\\/foldable-3in1-newborn-baby-pushchair-stroller-gold-edition-green\\\/#primaryimage\"},\"thumbnailUrl\":\"https:\\\/\\\/forbabyboss.com\\\/wp-content\\\/uploads\\\/2022\\\/09\\\/Newborn-Baby-Buggy-Pram-Foldable-3in1-Travel-System-Car-Seat-Pushchair-Stroller-Green-main.jpg\",\"datePublished\":\"2022-09-15T08:26:32+00:00\",\"dateModified\":\"2026-02-21T11:06:37+00:00\",\"description\":\"Foldable 3in1 Newborn Baby Pushchair Stroller Gold Edition - Green\",\"breadcrumb\":{\"@id\":\"https:\\\/\\\/forbabyboss.com\\\/product\\\/foldable-3in1-newborn-baby-pushchair-stroller-gold-edition-green\\\/#breadcrumb\"},\"inLanguage\":\"fr-FR\",\"potentialAction\":[{\"@type\":\"ReadAction\",\"target\":[\"https:\\\/\\\/forbabyboss.com\\\/product\\\/foldable-3in1-newborn-baby-pushchair-stroller-gold-edition-green\\\/\"]}]},{\"@type\":\"ImageObject\",\"inLanguage\":\"fr-FR\",\"@id\":\"https:\\\/\\\/forbabyboss.com\\\/product\\\/foldable-3in1-newborn-baby-pushchair-stroller-gold-edition-green\\\/#primaryimage\",\"url\":\"https:\\\/\\\/forbabyboss.com\\\/wp-content\\\/uploads\\\/2022\\\/09\\\/Newborn-Baby-Buggy-Pram-Foldable-3in1-Travel-System-Car-Seat-Pushchair-Stroller-Green-main.jpg\",\"contentUrl\":\"https:\\\/\\\/forbabyboss.com\\\/wp-content\\\/uploads\\\/2022\\\/09\\\/Newborn-Baby-Buggy-Pram-Foldable-3in1-Travel-System-Car-Seat-Pushchair-Stroller-Green-main.jpg\",\"width\":1600,\"height\":1600},{\"@type\":\"BreadcrumbList\",\"@id\":\"https:\\\/\\\/forbabyboss.com\\\/product\\\/foldable-3in1-newborn-baby-pushchair-stroller-gold-edition-green\\\/#breadcrumb\",\"itemListElement\":[{\"@type\":\"ListItem\",\"position\":1,\"name\":\"Home\",\"item\":\"https:\\\/\\\/forbabyboss.com\\\/\"},{\"@type\":\"ListItem\",\"position\":2,\"name\":\"Shop\",\"item\":\"https:\\\/\\\/forbabyboss.com\\\/shop\\\/\"},{\"@type\":\"ListItem\",\"position\":3,\"name\":\"Foldable 3in1 Newborn Baby Pushchair Stroller Gold Edition &#8211; Green\"}]},{\"@type\":\"WebSite\",\"@id\":\"https:\\\/\\\/powderblue-seahorse-496884.hostingersite.com\\\/#website\",\"url\":\"https:\\\/\\\/powderblue-seahorse-496884.hostingersite.com\\\/\",\"name\":\"For Baby Boss\",\"description\":\"Beautiful gifts and accessories for your baby boss\",\"potentialAction\":[{\"@type\":\"SearchAction\",\"target\":{\"@type\":\"EntryPoint\",\"urlTemplate\":\"https:\\\/\\\/powderblue-seahorse-496884.hostingersite.com\\\/?s={search_term_string}\"},\"query-input\":{\"@type\":\"PropertyValueSpecification\",\"valueRequired\":true,\"valueName\":\"search_term_string\"}}],\"inLanguage\":\"fr-FR\"}]}<\/script>\n<!-- \/ Yoast SEO plugin. -->","yoast_head_json":{"title":"Poussette pliable 3 en 1 pour nouveau-n\u00e9, \u00e9dition or - Verte - Pour Baby Boss","description":"Poussette pliable 3 en 1 pour nouveau-n\u00e9, \u00e9dition or - Verte","robots":{"index":"index","follow":"follow","max-snippet":"max-snippet:-1","max-image-preview":"max-image-preview:large","max-video-preview":"max-video-preview:-1"},"canonical":"https:\/\/forbabyboss.com\/fr\/produit\/poussette-pliable-3-en-1-pour-nouveau-ne-edition-or-verte\/","og_locale":"fr_FR","og_type":"article","og_title":"Foldable 3in1 Newborn Baby Pushchair Stroller Gold Edition - Green - For Baby Boss","og_description":"Foldable 3in1 Newborn Baby Pushchair Stroller Gold Edition - Green","og_url":"https:\/\/forbabyboss.com\/fr\/produit\/poussette-pliable-3-en-1-pour-nouveau-ne-edition-or-verte\/","og_site_name":"For Baby Boss","article_modified_time":"2026-02-21T11:06:37+00:00","og_image":[{"width":1600,"height":1600,"url":"https:\/\/forbabyboss.com\/wp-content\/uploads\/2022\/09\/Newborn-Baby-Buggy-Pram-Foldable-3in1-Travel-System-Car-Seat-Pushchair-Stroller-Green-main.jpg","type":"image\/jpeg"}],"twitter_card":"summary_large_image","twitter_misc":{"Dur\u00e9e de lecture estim\u00e9e":"2 minutes"},"schema":{"@context":"https:\/\/schema.org","@graph":[{"@type":"WebPage","@id":"https:\/\/forbabyboss.com\/product\/foldable-3in1-newborn-baby-pushchair-stroller-gold-edition-green\/","url":"https:\/\/forbabyboss.com\/product\/foldable-3in1-newborn-baby-pushchair-stroller-gold-edition-green\/","name":"Poussette pliable 3 en 1 pour nouveau-n\u00e9, \u00e9dition or - Verte - Pour Baby Boss","isPartOf":{"@id":"https:\/\/powderblue-seahorse-496884.hostingersite.com\/#website"},"primaryImageOfPage":{"@id":"https:\/\/forbabyboss.com\/product\/foldable-3in1-newborn-baby-pushchair-stroller-gold-edition-green\/#primaryimage"},"image":{"@id":"https:\/\/forbabyboss.com\/product\/foldable-3in1-newborn-baby-pushchair-stroller-gold-edition-green\/#primaryimage"},"thumbnailUrl":"https:\/\/forbabyboss.com\/wp-content\/uploads\/2022\/09\/Newborn-Baby-Buggy-Pram-Foldable-3in1-Travel-System-Car-Seat-Pushchair-Stroller-Green-main.jpg","datePublished":"2022-09-15T08:26:32+00:00","dateModified":"2026-02-21T11:06:37+00:00","description":"Poussette pliable 3 en 1 pour nouveau-n\u00e9, \u00e9dition or - Verte","breadcrumb":{"@id":"https:\/\/forbabyboss.com\/product\/foldable-3in1-newborn-baby-pushchair-stroller-gold-edition-green\/#breadcrumb"},"inLanguage":"fr-FR","potentialAction":[{"@type":"ReadAction","target":["https:\/\/forbabyboss.com\/product\/foldable-3in1-newborn-baby-pushchair-stroller-gold-edition-green\/"]}]},{"@type":"ImageObject","inLanguage":"fr-FR","@id":"https:\/\/forbabyboss.com\/product\/foldable-3in1-newborn-baby-pushchair-stroller-gold-edition-green\/#primaryimage","url":"https:\/\/forbabyboss.com\/wp-content\/uploads\/2022\/09\/Newborn-Baby-Buggy-Pram-Foldable-3in1-Travel-System-Car-Seat-Pushchair-Stroller-Green-main.jpg","contentUrl":"https:\/\/forbabyboss.com\/wp-content\/uploads\/2022\/09\/Newborn-Baby-Buggy-Pram-Foldable-3in1-Travel-System-Car-Seat-Pushchair-Stroller-Green-main.jpg","width":1600,"height":1600},{"@type":"BreadcrumbList","@id":"https:\/\/forbabyboss.com\/product\/foldable-3in1-newborn-baby-pushchair-stroller-gold-edition-green\/#breadcrumb","itemListElement":[{"@type":"ListItem","position":1,"name":"Home","item":"https:\/\/forbabyboss.com\/"},{"@type":"ListItem","position":2,"name":"Shop","item":"https:\/\/forbabyboss.com\/shop\/"},{"@type":"ListItem","position":3,"name":"Foldable 3in1 Newborn Baby Pushchair Stroller Gold Edition &#8211; Green"}]},{"@type":"WebSite","@id":"https:\/\/powderblue-seahorse-496884.hostingersite.com\/#website","url":"https:\/\/powderblue-seahorse-496884.hostingersite.com\/","name":"Pour Baby Boss","description":"De magnifiques cadeaux et accessoires pour votre petit patron","potentialAction":[{"@type":"SearchAction","target":{"@type":"EntryPoint","urlTemplate":"https:\/\/powderblue-seahorse-496884.hostingersite.com\/?s={search_term_string}"},"query-input":{"@type":"PropertyValueSpecification","valueRequired":true,"valueName":"search_term_string"}}],"inLanguage":"fr-FR"}]}},"_links":{"self":[{"href":"https:\/\/forbabyboss.com\/fr\/wp-json\/wp\/v2\/product\/5745","targetHints":{"allow":["GET"]}}],"collection":[{"href":"https:\/\/forbabyboss.com\/fr\/wp-json\/wp\/v2\/product"}],"about":[{"href":"https:\/\/forbabyboss.com\/fr\/wp-json\/wp\/v2\/types\/product"}],"wp:featuredmedia":[{"embeddable":true,"href":"https:\/\/forbabyboss.com\/fr\/wp-json\/wp\/v2\/media\/5746"}],"wp:attachment":[{"href":"https:\/\/forbabyboss.com\/fr\/wp-json\/wp\/v2\/media?parent=5745"}],"wp:term":[{"taxonomy":"product_brand","embeddable":true,"href":"https:\/\/forbabyboss.com\/fr\/wp-json\/wp\/v2\/product_brand?post=5745"},{"taxonomy":"product_cat","embeddable":true,"href":"https:\/\/forbabyboss.com\/fr\/wp-json\/wp\/v2\/product_cat?post=5745"},{"taxonomy":"product_tag","embeddable":true,"href":"https:\/\/forbabyboss.com\/fr\/wp-json\/wp\/v2\/product_tag?post=5745"}],"curies":[{"name":"wp","href":"https:\/\/api.w.org\/{rel}","templated":true}]}}