{"id":5809,"date":"2022-09-15T09:46:33","date_gmt":"2022-09-15T09:46:33","guid":{"rendered":"http:\/\/forbabyboss.com\/?post_type=product&#038;p=5809"},"modified":"2026-02-18T19:32:50","modified_gmt":"2026-02-18T19:32:50","slug":"nouvelle-poussette-retro-classique-3-en-1-systeme-de-voyage-chassis-noir-et-argent","status":"publish","type":"product","link":"https:\/\/forbabyboss.com\/fr\/product\/new-baby-pram-retro-set-classic-pushchair-3in1-travel-system-black-silver-frame\/","title":{"rendered":"Nouvelle poussette r\u00e9tro classique 3 en 1, syst\u00e8me de voyage, cadre noir et argent"},"content":{"rendered":"<h1><\/h1>\n<div style=\"width: 1020px;\" class=\"wp-video\"><video class=\"wp-video-shortcode\" id=\"video-5809-1\" width=\"1020\" height=\"574\" preload=\"metadata\" controls=\"controls\"><source type=\"video\/mp4\" src=\"http:\/\/forbabyboss.com\/wp-content\/uploads\/2022\/09\/romantic-vid-1.mp4?_=1\" \/><a href=\"http:\/\/forbabyboss.com\/wp-content\/uploads\/2022\/09\/romantic-vid-1.mp4\">http:\/\/forbabyboss.com\/wp-content\/uploads\/2022\/09\/romantic-vid-1.mp4<\/a><\/video><\/div>\n<p style=\"text-align: justify;\"><strong><span style=\"color: #808080;\">Nos poussettes sont fabriqu\u00e9es avec des mat\u00e9riaux et des tissus de la plus haute qualit\u00e9, b\u00e9n\u00e9ficiant des homologations et certifications n\u00e9cessaires pour garantir leur conformit\u00e9 aux normes europ\u00e9ennes de sant\u00e9 et de s\u00e9curit\u00e9. La poussette ROMANTIC allie parfaitement confort et modernit\u00e9. D\u00e8s la naissance, et jusqu&#039;\u00e0 ce que l&#039;enfant tienne assis seul, elle utilise une nacelle confortable et l\u00e9g\u00e8re avec repose-jambes. La poussette accompagne ensuite l&#039;enfant lorsqu&#039;il sait s&#039;asseoir. Le repose-pieds r\u00e9glable permet alors d&#039;adapter la position \u00e0 son \u00e2ge et \u00e0 ses besoins. La barri\u00e8re de s\u00e9curit\u00e9, le harnais de s\u00e9curit\u00e9 \u00e0 cinq points et l&#039;entrejambe contribuent \u00e9galement \u00e0 son confort et \u00e0 sa s\u00e9curit\u00e9.<\/span><\/strong><\/p>\n<h4 style=\"text-align: justify;\"><span style=\"color: #e14d43;\"><strong>L&#039;ENSEMBLE COMPREND :<\/strong><\/span><\/h4>\n<p style=\"text-align: justify;\"><strong><span style=\"color: #808080;\">1. CADRE AVEC ROUES GONFLABLES<\/span><\/strong><br \/>\n<strong><span style=\"color: #808080;\">2. NACELLE (COUVERTURE ET CAPUCHE)<\/span><\/strong><br \/>\n<strong><span style=\"color: #808080;\">3. POUSSETTE (CAPITE ET HOUSSE), ), POUSSOIR AVEC CAPOTE ET HOUSSE, DOSSIER ET REPOSE-PIEDS R\u00c9GLABLES\u00a0<\/span><\/strong><br \/>\n<strong><span style=\"color: #808080;\">4. SI\u00c8GE AUTO (CAPOULE ET HOUSSE)<\/span><\/strong><br \/>\n<strong><span style=\"color: #808080;\">5. CEINTURES DE S\u00c9CURIT\u00c9 \u00c0 CINQ POINTS.<\/span><\/strong><br \/>\n<strong><span style=\"color: #808080;\">5. GRAND SAC<\/span><\/strong><br \/>\n<strong><span style=\"color: #808080;\">6. PANIER D&#039;ACHATS<\/span><\/strong><br \/>\n<strong><span style=\"color: #808080;\">7. COUVERTURE ANTI-PLUIE<\/span><\/strong><br \/>\n<strong><span style=\"color: #808080;\">8. FEUILLE IMPERM\u00c9ABLE<\/span><\/strong><br \/>\n<strong><span style=\"color: #808080;\">9. Moustiquaire<\/span><\/strong><br \/>\n<strong><span style=\"color: #808080;\">10. Si\u00e8ge auto b\u00e9b\u00e9 avec capote et couvre-jambes, ce si\u00e8ge auto convient aux enfants jusqu&#039;\u00e0 13 kg, il est \u00e9quip\u00e9 d&#039;une poign\u00e9e r\u00e9glable, d&#039;un r\u00e9ducteur b\u00e9b\u00e9 et d&#039;une fonction berceau.<\/span><\/strong><\/p>\n<p style=\"text-align: justify;\"><strong><span style=\"color: #808080;\">Les poussettes que nous proposons sont fabriqu\u00e9es conform\u00e9ment aux normes europ\u00e9ennes PN-EN 1888:2018 et poss\u00e8dent des certificats d\u00e9livr\u00e9s par des organismes renomm\u00e9s qui garantissent la plus haute qualit\u00e9 et la s\u00e9curit\u00e9 du produit.<\/span><\/strong><\/p>\n<p style=\"text-align: justify;\"><strong><span style=\"color: #808080;\">Les poussettes romantiques sont livr\u00e9es avec des certificats de s\u00e9curit\u00e9 et de qualit\u00e9.<\/span><\/strong><\/p>\n<p style=\"text-align: justify;\"><span style=\"color: #e14d43;\"><strong>Structure de la poussette :<\/strong><\/span><\/p>\n<p style=\"text-align: justify;\"><strong><span style=\"color: #808080;\">\u2022 placer la nacelle, la poussette et le si\u00e8ge auto en position face \u00e0 la route et dos \u00e0 la route<\/span><\/strong><br \/>\n<strong><span style=\"color: #808080;\">\u2022 Chaque roue est \u00e9quip\u00e9e d&#039;un roulement, ce qui am\u00e9liore le confort<\/span><\/strong><br \/>\n<strong><span style=\"color: #808080;\">\u2022 un grand panier suspendu sous la poussette<\/span><\/strong><br \/>\n<strong><span style=\"color: #808080;\">\u2022 Hauteur de poign\u00e9e r\u00e9glable<\/span><\/strong><br \/>\n<strong><span style=\"color: #808080;\">\u2022 Cadre facile \u00e0 plier et format compact une fois pli\u00e9<\/span><\/strong><br \/>\n<strong><span style=\"color: #808080;\">\u2022 Dimensions du cadre pli\u00e9 avec roues :<\/span><\/strong><br \/>\n<strong><span style=\"color: #808080;\">\u2022 longueur 85 cm<\/span><\/strong><br \/>\n<strong><span style=\"color: #808080;\">\u2022 largeur 60 cm<\/span><\/strong><br \/>\n<strong><span style=\"color: #808080;\">\u2022 Hauteur 41 cm<\/span><\/strong><br \/>\n<strong><span style=\"color: #808080;\">\u2022 Poids du cadre : 11 kg<\/span><\/strong><br \/>\n<strong><span style=\"color: #808080;\">\u2022 Poids de la poussette avec nacelle ou landau : 15 kg\u00a0<\/span><\/strong><\/p>\n<p style=\"text-align: justify;\"><span style=\"color: #e14d43;\"><strong>Poussette Dimension avec nacelle :<\/strong><\/span><\/p>\n<p style=\"text-align: justify;\"><strong><span style=\"color: #808080;\">\u2022 Largeur 60 cm<\/span><\/strong><br \/>\n<strong><span style=\"color: #808080;\">\u2022 Hauteur jusqu&#039;\u00e0 la capuche\u00a0: 128\u00a0cm<\/span><\/strong><br \/>\n<strong><span style=\"color: #808080;\">\u2022 Hauteur de la poign\u00e9e\u00a0: 103\u00a0cm<\/span><\/strong><\/p>\n<p style=\"text-align: justify;\"><span style=\"color: #e14d43;\"><strong>Nacelle :<\/strong><\/span><\/p>\n<p style=\"text-align: justify;\"><strong><span style=\"color: #808080;\">\u2022 Nacelle avec fonction berceau et son blocage<\/span><\/strong><br \/>\n<strong><span style=\"color: #808080;\">\u2022 Hauteur du dossier de la nacelle r\u00e9glable<\/span><\/strong><br \/>\n<strong><span style=\"color: #808080;\">\u2022 Couverture ajust\u00e9e pour prot\u00e9ger contre les intemp\u00e9ries<\/span><\/strong><br \/>\n<strong><span style=\"color: #808080;\">\u2022 La poign\u00e9e int\u00e9gr\u00e9e \u00e0 la capote permet de transporter la nacelle avec le b\u00e9b\u00e9.<\/span><\/strong><br \/>\n<strong><span style=\"color: #808080;\">\u2022 protection contre la pluie<\/span><\/strong><br \/>\n<strong><span style=\"color: #808080;\">\u2022 doublure d\u00e9licate du matelas et de la nacelle<\/span><\/strong><br \/>\n<strong><span style=\"color: #808080;\">\u2022 Dimensions int\u00e9rieures : 86 cm (L) x 44 cm (l) x 21 cm (H)<\/span><\/strong><br \/>\n<strong><span style=\"color: #808080;\">\u2022 poids 4 kg<\/span><\/strong><\/p>\n<p style=\"text-align: justify;\"><span style=\"color: #e14d43;\"><strong>Si\u00e8ge sport :<\/strong><\/span><\/p>\n<p style=\"text-align: justify;\"><strong><span style=\"color: #808080;\">\u2022 couvre-jambes<\/span><\/strong><br \/>\n<strong><span style=\"color: #808080;\">\u2022 capuche amovible et r\u00e9glable<\/span><\/strong><br \/>\n<strong><span style=\"color: #808080;\">\u2022 barre de s\u00e9curit\u00e9 amovible<\/span><\/strong><br \/>\n<strong><span style=\"color: #808080;\">\u2022 R\u00e9glage du dossier en 4 positions<\/span><\/strong><br \/>\n<strong><span style=\"color: #808080;\">\u2022 repose-pieds r\u00e9glable<\/span><\/strong><br \/>\n<strong><span style=\"color: #808080;\">\u2022 position allong\u00e9e \u00e0 plat pour l&#039;enfant<\/span><\/strong><br \/>\n<strong><span style=\"color: #808080;\">\u2022 Harnais r\u00e9glable \u00e0 cinq points<\/span><\/strong><br \/>\n<strong><span style=\"color: #808080;\">\u2022 poche \u00e0 l&#039;arri\u00e8re de la capuche<\/span><\/strong><br \/>\n<strong><span style=\"color: #808080;\">\u2022 Dimensions int\u00e9rieures :<\/span><\/strong><br \/>\n<strong><span style=\"color: #808080;\">\u2022 longueur 90 cm (dossier 47, assise 23, repose-pieds 21)<\/span><\/strong><br \/>\n<strong><span style=\"color: #808080;\">\u2022 largeur 42 cm<\/span><\/strong><br \/>\n<strong><span style=\"color: #808080;\">\u2022 poids 3,7 kg<\/span><\/strong><\/p>\n<p style=\"text-align: justify;\"><span style=\"color: #e14d43;\"><strong>Si\u00e8ge auto avec adaptateur :<\/strong><\/span><\/p>\n<p style=\"text-align: justify;\"><strong><span style=\"color: #808080;\">\u2022 Harnais de s\u00e9curit\u00e9 r\u00e9glable \u00e0 trois points avec protections<\/span><\/strong><br \/>\n<strong><span style=\"color: #808080;\">\u2022 Capote et housse amovibles<\/span><\/strong><br \/>\n<strong><span style=\"color: #808080;\">\u2022 insert pour b\u00e9b\u00e9s<\/span><\/strong><br \/>\n<strong><span style=\"color: #808080;\">\u2022 poign\u00e9e r\u00e9glable<\/span><\/strong><br \/>\n<strong><span style=\"color: #808080;\">\u2022 Fonction berceau avec verrouillage<\/span><\/strong><br \/>\n<strong><span style=\"color: #808080;\">\u2022 Le si\u00e8ge auto est adapt\u00e9 au transport d&#039;enfants en voiture<\/span><\/strong><br \/>\n<strong><span style=\"color: #808080;\">\u2022 homologation ECE R44\/04<\/span><\/strong><\/p>\n<p>&nbsp;<\/p>\n<p><a href=\"http:\/\/forbabyboss.com\/wp-content\/uploads\/2022\/09\/checkout.png\"><img loading=\"lazy\" decoding=\"async\" class=\"alignnone wp-image-5965\" src=\"http:\/\/forbabyboss.com\/wp-content\/uploads\/2022\/09\/checkout.png\" alt=\"\" width=\"992\" height=\"365\" srcset=\"https:\/\/forbabyboss.com\/wp-content\/uploads\/2022\/09\/checkout.png 750w, https:\/\/forbabyboss.com\/wp-content\/uploads\/2022\/09\/checkout-600x221.png 600w\" sizes=\"auto, (max-width: 992px) 100vw, 992px\" \/><\/a><\/p>","protected":false},"excerpt":{"rendered":"<p><a href=\"http:\/\/forbabyboss.com\/wp-content\/uploads\/2022\/09\/Star-Rating-5.png\"><img loading=\"lazy\" decoding=\"async\" class=\"alignnone size-full wp-image-5973 aligncenter\" src=\"http:\/\/forbabyboss.com\/wp-content\/uploads\/2022\/09\/Star-Rating-5.png\" alt=\"\" width=\"275\" height=\"45\" \/><\/a><\/p>\n<p style=\"text-align: center;\"><span style=\"color: #ed1c24; font-size: 120%;\"><b>GARANTIE D&#039;ALIGNEMENT DES PRIX<\/b><\/span><\/p>\n<p style=\"text-align: center;\"><span style=\"font-size: 115%;\"><span style=\"font-weight: 400; color: #4f4fa7;\">Livraison gratuite<\/span><span style=\"font-weight: 400;\"> \u2013 2 \u00e0 7 jours<\/span><\/span><\/p>\n<p style=\"text-align: center;\"><strong><span style=\"color: #29606b;\">Cadeau offert pour tout achat sup\u00e9rieur \u00e0 100 \u00a3<\/span><\/strong><\/p>","protected":false},"featured_media":5811,"template":"","meta":[],"product_brand":[577],"product_cat":[338,339,156,207,305,210,158,303,130,209,221,211],"product_tag":[163,199],"class_list":{"0":"post-5809","1":"product","2":"type-product","3":"status-publish","4":"has-post-thumbnail","6":"product_brand-kunert","7":"product_cat-600-to-700","8":"product_cat-700-to-800","9":"product_cat-3-in-1","10":"product_cat-black","11":"product_cat-colour","12":"product_cat-grey","13":"product_cat-new-collection","14":"product_cat-pattern","15":"product_cat-prams","16":"product_cat-push-chairs","17":"product_cat-silver-colour","18":"product_cat-stroller","19":"product_tag-3-in-1-prams","20":"product_tag-prams","22":"first","23":"instock","24":"sale","25":"shipping-taxable","26":"purchasable","27":"product-type-simple"},"yoast_head":"<!-- This site is optimized with the Yoast SEO plugin v27.6 - https:\/\/yoast.com\/product\/yoast-seo-wordpress\/ -->\n<title>New Baby Pram Retro Set Classic Pushchair 3in1 Travel System Black Silver Frame - For Baby Boss<\/title>\n<meta name=\"description\" content=\"New Baby Pram Retro Set Classic Pushchair 3in1 Travel System Black Silver Frame\" \/>\n<meta name=\"robots\" content=\"index, follow, max-snippet:-1, max-image-preview:large, max-video-preview:-1\" \/>\n<link rel=\"canonical\" href=\"https:\/\/forbabyboss.com\/fr\/produit\/nouvelle-poussette-retro-classique-3-en-1-systeme-de-voyage-chassis-noir-et-argent\/\" \/>\n<meta property=\"og:locale\" content=\"fr_FR\" \/>\n<meta property=\"og:type\" content=\"article\" \/>\n<meta property=\"og:title\" content=\"New Baby Pram Retro Set Classic Pushchair 3in1 Travel System Black Silver Frame - For Baby Boss\" \/>\n<meta property=\"og:description\" content=\"New Baby Pram Retro Set Classic Pushchair 3in1 Travel System Black Silver Frame\" \/>\n<meta property=\"og:url\" content=\"https:\/\/forbabyboss.com\/fr\/produit\/nouvelle-poussette-retro-classique-3-en-1-systeme-de-voyage-chassis-noir-et-argent\/\" \/>\n<meta property=\"og:site_name\" content=\"For Baby Boss\" \/>\n<meta property=\"article:modified_time\" content=\"2026-02-18T19:32:50+00:00\" \/>\n<meta property=\"og:image\" content=\"https:\/\/forbabyboss.com\/wp-content\/uploads\/2022\/09\/Baby-Pram-Retro-Buggy-Set-Classic-Pushchair-3in1Travel-System-NEW-2022-FREEBIES-Black-grey-frame-main.png\" \/>\n\t<meta property=\"og:image:width\" content=\"1600\" \/>\n\t<meta property=\"og:image:height\" content=\"1600\" \/>\n\t<meta property=\"og:image:type\" content=\"image\/png\" \/>\n<meta name=\"twitter:card\" content=\"summary_large_image\" \/>\n<meta name=\"twitter:label1\" content=\"Dur\u00e9e de lecture estim\u00e9e\" \/>\n\t<meta name=\"twitter:data1\" content=\"3 minutes\" \/>\n<script type=\"application\/ld+json\" class=\"yoast-schema-graph\">{\"@context\":\"https:\\\/\\\/schema.org\",\"@graph\":[{\"@type\":\"WebPage\",\"@id\":\"https:\\\/\\\/forbabyboss.com\\\/product\\\/new-baby-pram-retro-set-classic-pushchair-3in1-travel-system-black-silver-frame\\\/\",\"url\":\"https:\\\/\\\/forbabyboss.com\\\/product\\\/new-baby-pram-retro-set-classic-pushchair-3in1-travel-system-black-silver-frame\\\/\",\"name\":\"New Baby Pram Retro Set Classic Pushchair 3in1 Travel System Black Silver Frame - For Baby Boss\",\"isPartOf\":{\"@id\":\"https:\\\/\\\/powderblue-seahorse-496884.hostingersite.com\\\/#website\"},\"primaryImageOfPage\":{\"@id\":\"https:\\\/\\\/forbabyboss.com\\\/product\\\/new-baby-pram-retro-set-classic-pushchair-3in1-travel-system-black-silver-frame\\\/#primaryimage\"},\"image\":{\"@id\":\"https:\\\/\\\/forbabyboss.com\\\/product\\\/new-baby-pram-retro-set-classic-pushchair-3in1-travel-system-black-silver-frame\\\/#primaryimage\"},\"thumbnailUrl\":\"https:\\\/\\\/forbabyboss.com\\\/wp-content\\\/uploads\\\/2022\\\/09\\\/Baby-Pram-Retro-Buggy-Set-Classic-Pushchair-3in1Travel-System-NEW-2022-FREEBIES-Black-grey-frame-main.png\",\"datePublished\":\"2022-09-15T09:46:33+00:00\",\"dateModified\":\"2026-02-18T19:32:50+00:00\",\"description\":\"New Baby Pram Retro Set Classic Pushchair 3in1 Travel System Black Silver Frame\",\"breadcrumb\":{\"@id\":\"https:\\\/\\\/forbabyboss.com\\\/product\\\/new-baby-pram-retro-set-classic-pushchair-3in1-travel-system-black-silver-frame\\\/#breadcrumb\"},\"inLanguage\":\"fr-FR\",\"potentialAction\":[{\"@type\":\"ReadAction\",\"target\":[\"https:\\\/\\\/forbabyboss.com\\\/product\\\/new-baby-pram-retro-set-classic-pushchair-3in1-travel-system-black-silver-frame\\\/\"]}]},{\"@type\":\"ImageObject\",\"inLanguage\":\"fr-FR\",\"@id\":\"https:\\\/\\\/forbabyboss.com\\\/product\\\/new-baby-pram-retro-set-classic-pushchair-3in1-travel-system-black-silver-frame\\\/#primaryimage\",\"url\":\"https:\\\/\\\/forbabyboss.com\\\/wp-content\\\/uploads\\\/2022\\\/09\\\/Baby-Pram-Retro-Buggy-Set-Classic-Pushchair-3in1Travel-System-NEW-2022-FREEBIES-Black-grey-frame-main.png\",\"contentUrl\":\"https:\\\/\\\/forbabyboss.com\\\/wp-content\\\/uploads\\\/2022\\\/09\\\/Baby-Pram-Retro-Buggy-Set-Classic-Pushchair-3in1Travel-System-NEW-2022-FREEBIES-Black-grey-frame-main.png\",\"width\":1600,\"height\":1600},{\"@type\":\"BreadcrumbList\",\"@id\":\"https:\\\/\\\/forbabyboss.com\\\/product\\\/new-baby-pram-retro-set-classic-pushchair-3in1-travel-system-black-silver-frame\\\/#breadcrumb\",\"itemListElement\":[{\"@type\":\"ListItem\",\"position\":1,\"name\":\"Home\",\"item\":\"https:\\\/\\\/forbabyboss.com\\\/\"},{\"@type\":\"ListItem\",\"position\":2,\"name\":\"Shop\",\"item\":\"https:\\\/\\\/forbabyboss.com\\\/shop\\\/\"},{\"@type\":\"ListItem\",\"position\":3,\"name\":\"New Baby Pram Retro Set Classic Pushchair 3in1 Travel System Black Silver Frame\"}]},{\"@type\":\"WebSite\",\"@id\":\"https:\\\/\\\/powderblue-seahorse-496884.hostingersite.com\\\/#website\",\"url\":\"https:\\\/\\\/powderblue-seahorse-496884.hostingersite.com\\\/\",\"name\":\"For Baby Boss\",\"description\":\"Beautiful gifts and accessories for your baby boss\",\"potentialAction\":[{\"@type\":\"SearchAction\",\"target\":{\"@type\":\"EntryPoint\",\"urlTemplate\":\"https:\\\/\\\/powderblue-seahorse-496884.hostingersite.com\\\/?s={search_term_string}\"},\"query-input\":{\"@type\":\"PropertyValueSpecification\",\"valueRequired\":true,\"valueName\":\"search_term_string\"}}],\"inLanguage\":\"fr-FR\"}]}<\/script>\n<!-- \/ Yoast SEO plugin. -->","yoast_head_json":{"title":"Nouvelle poussette r\u00e9tro classique 3 en 1, syst\u00e8me de voyage avec ch\u00e2ssis noir et argent - Pour Baby Boss","description":"Nouvelle poussette r\u00e9tro classique 3 en 1, syst\u00e8me de voyage, cadre noir et argent","robots":{"index":"index","follow":"follow","max-snippet":"max-snippet:-1","max-image-preview":"max-image-preview:large","max-video-preview":"max-video-preview:-1"},"canonical":"https:\/\/forbabyboss.com\/fr\/produit\/nouvelle-poussette-retro-classique-3-en-1-systeme-de-voyage-chassis-noir-et-argent\/","og_locale":"fr_FR","og_type":"article","og_title":"New Baby Pram Retro Set Classic Pushchair 3in1 Travel System Black Silver Frame - For Baby Boss","og_description":"New Baby Pram Retro Set Classic Pushchair 3in1 Travel System Black Silver Frame","og_url":"https:\/\/forbabyboss.com\/fr\/produit\/nouvelle-poussette-retro-classique-3-en-1-systeme-de-voyage-chassis-noir-et-argent\/","og_site_name":"For Baby Boss","article_modified_time":"2026-02-18T19:32:50+00:00","og_image":[{"width":1600,"height":1600,"url":"https:\/\/forbabyboss.com\/wp-content\/uploads\/2022\/09\/Baby-Pram-Retro-Buggy-Set-Classic-Pushchair-3in1Travel-System-NEW-2022-FREEBIES-Black-grey-frame-main.png","type":"image\/png"}],"twitter_card":"summary_large_image","twitter_misc":{"Dur\u00e9e de lecture estim\u00e9e":"3 minutes"},"schema":{"@context":"https:\/\/schema.org","@graph":[{"@type":"WebPage","@id":"https:\/\/forbabyboss.com\/product\/new-baby-pram-retro-set-classic-pushchair-3in1-travel-system-black-silver-frame\/","url":"https:\/\/forbabyboss.com\/product\/new-baby-pram-retro-set-classic-pushchair-3in1-travel-system-black-silver-frame\/","name":"Nouvelle poussette r\u00e9tro classique 3 en 1, syst\u00e8me de voyage avec ch\u00e2ssis noir et argent - Pour Baby Boss","isPartOf":{"@id":"https:\/\/powderblue-seahorse-496884.hostingersite.com\/#website"},"primaryImageOfPage":{"@id":"https:\/\/forbabyboss.com\/product\/new-baby-pram-retro-set-classic-pushchair-3in1-travel-system-black-silver-frame\/#primaryimage"},"image":{"@id":"https:\/\/forbabyboss.com\/product\/new-baby-pram-retro-set-classic-pushchair-3in1-travel-system-black-silver-frame\/#primaryimage"},"thumbnailUrl":"https:\/\/forbabyboss.com\/wp-content\/uploads\/2022\/09\/Baby-Pram-Retro-Buggy-Set-Classic-Pushchair-3in1Travel-System-NEW-2022-FREEBIES-Black-grey-frame-main.png","datePublished":"2022-09-15T09:46:33+00:00","dateModified":"2026-02-18T19:32:50+00:00","description":"Nouvelle poussette r\u00e9tro classique 3 en 1, syst\u00e8me de voyage, cadre noir et argent","breadcrumb":{"@id":"https:\/\/forbabyboss.com\/product\/new-baby-pram-retro-set-classic-pushchair-3in1-travel-system-black-silver-frame\/#breadcrumb"},"inLanguage":"fr-FR","potentialAction":[{"@type":"ReadAction","target":["https:\/\/forbabyboss.com\/product\/new-baby-pram-retro-set-classic-pushchair-3in1-travel-system-black-silver-frame\/"]}]},{"@type":"ImageObject","inLanguage":"fr-FR","@id":"https:\/\/forbabyboss.com\/product\/new-baby-pram-retro-set-classic-pushchair-3in1-travel-system-black-silver-frame\/#primaryimage","url":"https:\/\/forbabyboss.com\/wp-content\/uploads\/2022\/09\/Baby-Pram-Retro-Buggy-Set-Classic-Pushchair-3in1Travel-System-NEW-2022-FREEBIES-Black-grey-frame-main.png","contentUrl":"https:\/\/forbabyboss.com\/wp-content\/uploads\/2022\/09\/Baby-Pram-Retro-Buggy-Set-Classic-Pushchair-3in1Travel-System-NEW-2022-FREEBIES-Black-grey-frame-main.png","width":1600,"height":1600},{"@type":"BreadcrumbList","@id":"https:\/\/forbabyboss.com\/product\/new-baby-pram-retro-set-classic-pushchair-3in1-travel-system-black-silver-frame\/#breadcrumb","itemListElement":[{"@type":"ListItem","position":1,"name":"Home","item":"https:\/\/forbabyboss.com\/"},{"@type":"ListItem","position":2,"name":"Shop","item":"https:\/\/forbabyboss.com\/shop\/"},{"@type":"ListItem","position":3,"name":"New Baby Pram Retro Set Classic Pushchair 3in1 Travel System Black Silver Frame"}]},{"@type":"WebSite","@id":"https:\/\/powderblue-seahorse-496884.hostingersite.com\/#website","url":"https:\/\/powderblue-seahorse-496884.hostingersite.com\/","name":"Pour Baby Boss","description":"De magnifiques cadeaux et accessoires pour votre petit patron","potentialAction":[{"@type":"SearchAction","target":{"@type":"EntryPoint","urlTemplate":"https:\/\/powderblue-seahorse-496884.hostingersite.com\/?s={search_term_string}"},"query-input":{"@type":"PropertyValueSpecification","valueRequired":true,"valueName":"search_term_string"}}],"inLanguage":"fr-FR"}]}},"_links":{"self":[{"href":"https:\/\/forbabyboss.com\/fr\/wp-json\/wp\/v2\/product\/5809","targetHints":{"allow":["GET"]}}],"collection":[{"href":"https:\/\/forbabyboss.com\/fr\/wp-json\/wp\/v2\/product"}],"about":[{"href":"https:\/\/forbabyboss.com\/fr\/wp-json\/wp\/v2\/types\/product"}],"wp:featuredmedia":[{"embeddable":true,"href":"https:\/\/forbabyboss.com\/fr\/wp-json\/wp\/v2\/media\/5811"}],"wp:attachment":[{"href":"https:\/\/forbabyboss.com\/fr\/wp-json\/wp\/v2\/media?parent=5809"}],"wp:term":[{"taxonomy":"product_brand","embeddable":true,"href":"https:\/\/forbabyboss.com\/fr\/wp-json\/wp\/v2\/product_brand?post=5809"},{"taxonomy":"product_cat","embeddable":true,"href":"https:\/\/forbabyboss.com\/fr\/wp-json\/wp\/v2\/product_cat?post=5809"},{"taxonomy":"product_tag","embeddable":true,"href":"https:\/\/forbabyboss.com\/fr\/wp-json\/wp\/v2\/product_tag?post=5809"}],"curies":[{"name":"wp","href":"https:\/\/api.w.org\/{rel}","templated":true}]}}