{"id":5888,"date":"2022-09-15T10:58:25","date_gmt":"2022-09-15T10:58:25","guid":{"rendered":"http:\/\/forbabyboss.com\/?post_type=product&#038;p=5888"},"modified":"2026-02-21T10:54:05","modified_gmt":"2026-02-21T10:54:05","slug":"ensemble-de-voyage-3-en-1-comprenant-une-poussette-classique-pliable-rouge","status":"publish","type":"product","link":"https:\/\/forbabyboss.com\/fr\/product\/3-in1-travel-set-folding-classic-baby-pram-in-red\/","title":{"rendered":"Ensemble de voyage 3 en 1 : poussette classique pliable rouge"},"content":{"rendered":"<h2 style=\"text-align: justify;\"><span style=\"color: #e14d43;\"><strong>Poussette profonde<\/strong><\/span><\/h2>\n<p style=\"text-align: justify;\"><strong><span style=\"color: #000000;\">Il s&#039;agit d&#039;un ch\u00e2ssis l\u00e9ger en aluminium avec une nacelle, destin\u00e9 principalement au transport en toute s\u00e9curit\u00e9 des nouveau-n\u00e9s et des nourrissons pesant jusqu&#039;\u00e0 9 kg.<\/span><\/strong><br \/>\n<strong><span style=\"color: #000000;\">La nacelle Axel poss\u00e8de un auvent d\u00e9pliable et une doublure douce en coton facilement amovible pour le lavage.<\/span><\/strong><br \/>\n<strong><span style=\"color: #000000;\">La cabine est \u00e9quip\u00e9e d&#039;une fen\u00eatre d&#039;a\u00e9ration ouvrante.<\/span><\/strong><br \/>\n<strong><span style=\"color: #000000;\">De plus, la b\u00e2che de la nacelle fait office de capteur de vent.<\/span><\/strong><br \/>\n<strong><span style=\"color: #000000;\">La nacelle est \u00e9galement \u00e9quip\u00e9e d&#039;un dossier \u00e0 r\u00e9glage en hauteur fluide.<\/span><\/strong><\/p>\n<h2 style=\"text-align: justify;\"><span style=\"color: #e14d43;\"><strong>Caract\u00e9ristiques de la nacelle :<\/strong><\/span><\/h2>\n<p style=\"text-align: justify;\"><strong><span style=\"color: #000000;\">\u2713 Auvent pliable \u2013 prot\u00e8ge l&#039;enfant du soleil et de la pluie<\/span><\/strong><br \/>\n<strong><span style=\"color: #000000;\">\u2713 Doublure en coton \u2013 offre un confort de voyage maximal (elle peut \u00eatre facilement retir\u00e9e pour le lavage)<\/span><\/strong><br \/>\n<strong><span style=\"color: #000000;\">\u2713 Fen\u00eatre d&#039;a\u00e9ration \u2013 assure une bonne ventilation \u00e0 l&#039;int\u00e9rieur du chariot<\/span><\/strong><br \/>\n<strong><span style=\"color: #000000;\">\u2713 Couverture \u2013 prot\u00e8ge l&#039;enfant du vent et du froid<\/span><\/strong><br \/>\n<strong><span style=\"color: #000000;\">\u2713 Nacelle avec fonction berceau \u2013 permet de balancer l&#039;enfant (verrouillable en d\u00e9pliant les pieds lat\u00e9raux)<\/span><\/strong><br \/>\n<strong><span style=\"color: #000000;\">\u2713 Nacelle avec poign\u00e9e garnie de cuir \u00e9cologique \u2013 pour un transport pratique.<\/span><\/strong><\/p>\n<h2 style=\"text-align: justify;\"><span style=\"color: #e14d43;\"><strong>si\u00e8ge auto<\/strong><\/span><\/h2>\n<p style=\"text-align: justify;\"><strong><span style=\"color: #000000;\">Ce si\u00e8ge auto est con\u00e7u pour les enfants pesant jusqu&#039;\u00e0 10 kg. Il est homologu\u00e9 ECE R44\/04, ce qui atteste de sa conformit\u00e9 aux normes de s\u00e9curit\u00e9 les plus strictes et de sa capacit\u00e9 \u00e0 transporter un enfant en toute s\u00e9curit\u00e9 en voiture. De plus, gr\u00e2ce aux adaptateurs fournis, il peut \u00eatre install\u00e9 sur le ch\u00e2ssis de la poussette, face \u00e0 la route ou face aux parents.<\/span><\/strong><\/p>\n<p><strong><span style=\"color: #000000;\">\u2713 Insert suppl\u00e9mentaire pour b\u00e9b\u00e9s \u2013 permet le transport en toute s\u00e9curit\u00e9 des nouveau-n\u00e9s<\/span><\/strong><br \/>\n<strong><span style=\"color: #000000;\">\u2713 Poign\u00e9e r\u00e9glable \u2013 caract\u00e9ris\u00e9e par une ergonomie optimale (elle peut \u00eatre r\u00e9gl\u00e9e en position de support)<\/span><\/strong><br \/>\n<strong><span style=\"color: #000000;\">\u2713 Fonction berceau \u2013 gr\u00e2ce \u00e0 un fond sp\u00e9cialement profil\u00e9<\/span><\/strong><br \/>\n<strong><span style=\"color: #000000;\">\u2713 Housse de protection pour les jambes avec \u00e9l\u00e9ments r\u00e9fl\u00e9chissants \u2013 prot\u00e8ge du froid (d\u00e9montable)<\/span><\/strong><br \/>\n<strong><span style=\"color: #000000;\">\u2713 Pare-soleil et protection pluie amovibles \u2013 prot\u00e8ge l&#039;enfant des intemp\u00e9ries.<\/span><\/strong><br \/>\n<strong><span style=\"color: #000000;\">\u2713 Ceintures de s\u00e9curit\u00e9 \u00e0 trois points avec r\u00e9glage central de la longueur \u2013 pour une s\u00e9curit\u00e9 optimale en voyage<\/span><\/strong><br \/>\n<strong><span style=\"color: #000000;\">\u2713 Housses de bandouli\u00e8re suppl\u00e9mentaires \u2013 pour un confort accru en voyage<\/span><\/strong><br \/>\n<strong><span style=\"color: #000000;\">\u2713 Adaptateurs \u2013 permettant de fixer le si\u00e8ge sur le ch\u00e2ssis de la poussette<\/span><\/strong><\/p>\n<h2 style=\"text-align: justify;\"><span style=\"color: #e14d43;\"><strong>Poussette<\/strong><\/span><\/h2>\n<p style=\"text-align: justify;\"><strong><span style=\"color: #000000;\">Cette poussette est id\u00e9ale pour un enfant un peu plus \u00e2g\u00e9 pesant jusqu&#039;\u00e0 15 kg. Axel offre deux options d&#039;installation\u00a0: face \u00e0 la route ou face aux parents, selon vos pr\u00e9f\u00e9rences.<\/span><\/strong><br \/>\n<strong><span style=\"color: #000000;\">Un pare-soleil d\u00e9pliable et une b\u00e2che coupe-vent prot\u00e9geront votre enfant des intemp\u00e9ries.<\/span><\/strong><\/p>\n<p><strong><span style=\"color: #000000;\">\u2713 Ceintures de s\u00e9curit\u00e9 \u00e0 cinq points avec coussinets souples \u2013 protection et confort garantis en voyage<\/span><\/strong><br \/>\n<strong><span style=\"color: #000000;\">\u2713 Barri\u00e8re et repose-pieds en similicuir \u2013 r\u00e9sistants aux dommages et faciles \u00e0 nettoyer<\/span><\/strong><br \/>\n<strong><span style=\"color: #000000;\">\u2713 Repose-pieds r\u00e9glable \u2013 pour un positionnement optimal<\/span><\/strong><br \/>\n<strong><span style=\"color: #000000;\">\u2713 Dossier r\u00e9glable en quatre positions \u2013 offre une position optimale et am\u00e9liore le confort de l&#039;enfant<\/span><\/strong><br \/>\n<strong><span style=\"color: #000000;\">\u2713 Cadre avec suspension souple \u2013 prot\u00e8ge l&#039;enfant des chocs d\u00e9sagr\u00e9ables lors de la conduite sur des surfaces irr\u00e9guli\u00e8res<\/span><\/strong><\/p>\n<h2 style=\"text-align: justify;\"><span style=\"color: #e14d43;\"><strong>Cadre de poussette<\/strong><\/span><\/h2>\n<p style=\"text-align: justify;\"><strong><span style=\"color: #000000;\">La structure du chariot est en aluminium l\u00e9ger, tandis que le pivot innovant,<\/span><\/strong><br \/>\n<strong><span style=\"color: #000000;\">Les roues \u00e0 roulement \u00e0 billes avec pneumatique en polyur\u00e9thane assurent le d\u00e9placement fluide du chariot. Ces roues poss\u00e8dent toutes les propri\u00e9t\u00e9s des roues gonflables et, de plus, ,<\/span><\/strong><br \/>\n<strong><span style=\"color: #000000;\">Ils sont increvables. Par cons\u00e9quent, ils sont sans probl\u00e8me, sans entretien et tr\u00e8s durables. De plus, ils bloquent la circulation en ligne droite.<\/span><\/strong><\/p>\n<p><span style=\"color: #e14d43;\"><strong>Caract\u00e9ristiques du cadre\u00a0:<\/strong><\/span><\/p>\n<p><strong><span style=\"color: #000000;\">\u2713 Structure en aluminium solide et l\u00e9g\u00e8re<\/span><\/strong><br \/>\n<strong><span style=\"color: #000000;\">\u2713Poign\u00e9e r\u00e9glable recouverte de similicuir \u2013 permet un r\u00e9glage facile de la poussette \u00e0 votre taille.<\/span><\/strong><br \/>\n<strong><span style=\"color: #000000;\">\u2713Suspension souple \u2013 un syst\u00e8me d&#039;absorption des chocs innovant assure un confort de voyage maximal<\/span><\/strong><br \/>\n<strong><span style=\"color: #000000;\">\u2713 Frein central (Easy Stop) \u2013 permet de bloquer rapidement les roues du chariot<\/span><\/strong><br \/>\n<strong><span style=\"color: #000000;\">\u2713 la possibilit\u00e9 d&#039;installer la planche \u00e0 roulettes Buggy Board \u2013 cette fonction s&#039;av\u00e9rera utile lorsque l&#039;enfant aura un fr\u00e8re ou une s\u0153ur a\u00een\u00e9(e).<\/span><\/strong><br \/>\n<strong><span style=\"color: #000000;\">\u2713 Cadre pliable \u2013 une fois pli\u00e9, il prend peu de place et se range dans un coffre de voiture.<\/span><\/strong><\/p>\n<p>&nbsp;<\/p>\n<p><a href=\"http:\/\/forbabyboss.com\/wp-content\/uploads\/2022\/09\/checkout.png\"><img loading=\"lazy\" decoding=\"async\" class=\"alignnone wp-image-5965\" src=\"http:\/\/forbabyboss.com\/wp-content\/uploads\/2022\/09\/checkout.png\" alt=\"\" width=\"970\" height=\"357\" srcset=\"https:\/\/forbabyboss.com\/wp-content\/uploads\/2022\/09\/checkout.png 750w, https:\/\/forbabyboss.com\/wp-content\/uploads\/2022\/09\/checkout-600x221.png 600w\" sizes=\"auto, (max-width: 970px) 100vw, 970px\" \/><\/a><\/p>\n<p style=\"text-align: justify;\">","protected":false},"excerpt":{"rendered":"<p><a href=\"http:\/\/forbabyboss.com\/wp-content\/uploads\/2022\/09\/Star-Rating-5.png\"><img loading=\"lazy\" decoding=\"async\" class=\"alignnone size-full wp-image-5973 aligncenter\" src=\"http:\/\/forbabyboss.com\/wp-content\/uploads\/2022\/09\/Star-Rating-5.png\" alt=\"\" width=\"275\" height=\"45\" \/><\/a><\/p>\n<p style=\"text-align: center;\"><span style=\"color: #ed1c24; font-size: 120%;\"><b>GARANTIE D&#039;ALIGNEMENT DES PRIX<\/b><\/span><\/p>\n<p style=\"text-align: center;\"><span style=\"font-size: 115%;\"><span style=\"font-weight: 400; color: #4f4fa7;\">Livraison gratuite<\/span><span style=\"font-weight: 400;\"> \u2013 2 \u00e0 7 jours<\/span><\/span><\/p>\n<p style=\"text-align: center;\"><strong><span style=\"color: #29606b;\">Cadeau offert pour tout achat sup\u00e9rieur \u00e0 100 \u00a3<\/span><\/strong><\/p>","protected":false},"featured_media":5889,"template":"","meta":[],"product_brand":[370],"product_cat":[337,339,156,305,303,130,209,314,211],"product_tag":[163,199],"class_list":{"0":"post-5888","1":"product","2":"type-product","3":"status-publish","4":"has-post-thumbnail","6":"product_brand-babylux","7":"product_cat-500-to-600","8":"product_cat-700-to-800","9":"product_cat-3-in-1","10":"product_cat-colour","11":"product_cat-pattern","12":"product_cat-prams","13":"product_cat-push-chairs","14":"product_cat-red","15":"product_cat-stroller","16":"product_tag-3-in-1-prams","17":"product_tag-prams","19":"first","20":"instock","21":"sale","22":"shipping-taxable","23":"purchasable","24":"product-type-simple"},"yoast_head":"<!-- This site is optimized with the Yoast SEO plugin v27.5 - https:\/\/yoast.com\/product\/yoast-seo-wordpress\/ -->\n<title>3 in1 Travel Set Folding Classic Baby Pram in Red - For Baby Boss<\/title>\n<meta name=\"description\" content=\"3 in1 Travel Set Folding Classic Baby Pram in Red\" \/>\n<meta name=\"robots\" content=\"index, follow, max-snippet:-1, max-image-preview:large, max-video-preview:-1\" \/>\n<link rel=\"canonical\" href=\"https:\/\/forbabyboss.com\/fr\/produit\/ensemble-de-voyage-3-en-1-comprenant-une-poussette-classique-pliable-rouge\/\" \/>\n<meta property=\"og:locale\" content=\"fr_FR\" \/>\n<meta property=\"og:type\" content=\"article\" \/>\n<meta property=\"og:title\" content=\"3 in1 Travel Set Folding Classic Baby Pram in Red - For Baby Boss\" \/>\n<meta property=\"og:description\" content=\"3 in1 Travel Set Folding Classic Baby Pram in Red\" \/>\n<meta property=\"og:url\" content=\"https:\/\/forbabyboss.com\/fr\/produit\/ensemble-de-voyage-3-en-1-comprenant-une-poussette-classique-pliable-rouge\/\" \/>\n<meta property=\"og:site_name\" content=\"For Baby Boss\" \/>\n<meta property=\"article:modified_time\" content=\"2026-02-21T10:54:05+00:00\" \/>\n<meta property=\"og:image\" content=\"https:\/\/forbabyboss.com\/wp-content\/uploads\/2022\/09\/Baby-Pram-Classic-Buggy-Retro-Pushchair-3-in1-Travel-Set-Folding-Newborns-Red-800x800.png\" \/>\n\t<meta property=\"og:image:width\" content=\"800\" \/>\n\t<meta property=\"og:image:height\" content=\"800\" \/>\n\t<meta property=\"og:image:type\" content=\"image\/png\" \/>\n<meta name=\"twitter:card\" content=\"summary_large_image\" \/>\n<meta name=\"twitter:label1\" content=\"Dur\u00e9e de lecture estim\u00e9e\" \/>\n\t<meta name=\"twitter:data1\" content=\"3 minutes\" \/>\n<script type=\"application\/ld+json\" class=\"yoast-schema-graph\">{\"@context\":\"https:\\\/\\\/schema.org\",\"@graph\":[{\"@type\":\"WebPage\",\"@id\":\"https:\\\/\\\/forbabyboss.com\\\/product\\\/3-in1-travel-set-folding-classic-baby-pram-in-red\\\/\",\"url\":\"https:\\\/\\\/forbabyboss.com\\\/product\\\/3-in1-travel-set-folding-classic-baby-pram-in-red\\\/\",\"name\":\"3 in1 Travel Set Folding Classic Baby Pram in Red - For Baby Boss\",\"isPartOf\":{\"@id\":\"https:\\\/\\\/powderblue-seahorse-496884.hostingersite.com\\\/#website\"},\"primaryImageOfPage\":{\"@id\":\"https:\\\/\\\/forbabyboss.com\\\/product\\\/3-in1-travel-set-folding-classic-baby-pram-in-red\\\/#primaryimage\"},\"image\":{\"@id\":\"https:\\\/\\\/forbabyboss.com\\\/product\\\/3-in1-travel-set-folding-classic-baby-pram-in-red\\\/#primaryimage\"},\"thumbnailUrl\":\"https:\\\/\\\/forbabyboss.com\\\/wp-content\\\/uploads\\\/2022\\\/09\\\/Baby-Pram-Classic-Buggy-Retro-Pushchair-3-in1-Travel-Set-Folding-Newborns-Red.png\",\"datePublished\":\"2022-09-15T10:58:25+00:00\",\"dateModified\":\"2026-02-21T10:54:05+00:00\",\"description\":\"3 in1 Travel Set Folding Classic Baby Pram in Red\",\"breadcrumb\":{\"@id\":\"https:\\\/\\\/forbabyboss.com\\\/product\\\/3-in1-travel-set-folding-classic-baby-pram-in-red\\\/#breadcrumb\"},\"inLanguage\":\"fr-FR\",\"potentialAction\":[{\"@type\":\"ReadAction\",\"target\":[\"https:\\\/\\\/forbabyboss.com\\\/product\\\/3-in1-travel-set-folding-classic-baby-pram-in-red\\\/\"]}]},{\"@type\":\"ImageObject\",\"inLanguage\":\"fr-FR\",\"@id\":\"https:\\\/\\\/forbabyboss.com\\\/product\\\/3-in1-travel-set-folding-classic-baby-pram-in-red\\\/#primaryimage\",\"url\":\"https:\\\/\\\/forbabyboss.com\\\/wp-content\\\/uploads\\\/2022\\\/09\\\/Baby-Pram-Classic-Buggy-Retro-Pushchair-3-in1-Travel-Set-Folding-Newborns-Red.png\",\"contentUrl\":\"https:\\\/\\\/forbabyboss.com\\\/wp-content\\\/uploads\\\/2022\\\/09\\\/Baby-Pram-Classic-Buggy-Retro-Pushchair-3-in1-Travel-Set-Folding-Newborns-Red.png\",\"width\":1600,\"height\":1600},{\"@type\":\"BreadcrumbList\",\"@id\":\"https:\\\/\\\/forbabyboss.com\\\/product\\\/3-in1-travel-set-folding-classic-baby-pram-in-red\\\/#breadcrumb\",\"itemListElement\":[{\"@type\":\"ListItem\",\"position\":1,\"name\":\"Home\",\"item\":\"https:\\\/\\\/forbabyboss.com\\\/\"},{\"@type\":\"ListItem\",\"position\":2,\"name\":\"Shop\",\"item\":\"https:\\\/\\\/forbabyboss.com\\\/shop\\\/\"},{\"@type\":\"ListItem\",\"position\":3,\"name\":\"3 in1 Travel Set Folding Classic Baby Pram in Red\"}]},{\"@type\":\"WebSite\",\"@id\":\"https:\\\/\\\/powderblue-seahorse-496884.hostingersite.com\\\/#website\",\"url\":\"https:\\\/\\\/powderblue-seahorse-496884.hostingersite.com\\\/\",\"name\":\"For Baby Boss\",\"description\":\"Beautiful gifts and accessories for your baby boss\",\"potentialAction\":[{\"@type\":\"SearchAction\",\"target\":{\"@type\":\"EntryPoint\",\"urlTemplate\":\"https:\\\/\\\/powderblue-seahorse-496884.hostingersite.com\\\/?s={search_term_string}\"},\"query-input\":{\"@type\":\"PropertyValueSpecification\",\"valueRequired\":true,\"valueName\":\"search_term_string\"}}],\"inLanguage\":\"fr-FR\"}]}<\/script>\n<!-- \/ Yoast SEO plugin. -->","yoast_head_json":{"title":"Poussette pliante classique 3 en 1 rouge - Pour Baby Boss","description":"Ensemble de voyage 3 en 1 : poussette classique pliable rouge","robots":{"index":"index","follow":"follow","max-snippet":"max-snippet:-1","max-image-preview":"max-image-preview:large","max-video-preview":"max-video-preview:-1"},"canonical":"https:\/\/forbabyboss.com\/fr\/produit\/ensemble-de-voyage-3-en-1-comprenant-une-poussette-classique-pliable-rouge\/","og_locale":"fr_FR","og_type":"article","og_title":"3 in1 Travel Set Folding Classic Baby Pram in Red - For Baby Boss","og_description":"3 in1 Travel Set Folding Classic Baby Pram in Red","og_url":"https:\/\/forbabyboss.com\/fr\/produit\/ensemble-de-voyage-3-en-1-comprenant-une-poussette-classique-pliable-rouge\/","og_site_name":"For Baby Boss","article_modified_time":"2026-02-21T10:54:05+00:00","og_image":[{"width":800,"height":800,"url":"https:\/\/forbabyboss.com\/wp-content\/uploads\/2022\/09\/Baby-Pram-Classic-Buggy-Retro-Pushchair-3-in1-Travel-Set-Folding-Newborns-Red-800x800.png","type":"image\/png"}],"twitter_card":"summary_large_image","twitter_misc":{"Dur\u00e9e de lecture estim\u00e9e":"3 minutes"},"schema":{"@context":"https:\/\/schema.org","@graph":[{"@type":"WebPage","@id":"https:\/\/forbabyboss.com\/product\/3-in1-travel-set-folding-classic-baby-pram-in-red\/","url":"https:\/\/forbabyboss.com\/product\/3-in1-travel-set-folding-classic-baby-pram-in-red\/","name":"Poussette pliante classique 3 en 1 rouge - Pour Baby Boss","isPartOf":{"@id":"https:\/\/powderblue-seahorse-496884.hostingersite.com\/#website"},"primaryImageOfPage":{"@id":"https:\/\/forbabyboss.com\/product\/3-in1-travel-set-folding-classic-baby-pram-in-red\/#primaryimage"},"image":{"@id":"https:\/\/forbabyboss.com\/product\/3-in1-travel-set-folding-classic-baby-pram-in-red\/#primaryimage"},"thumbnailUrl":"https:\/\/forbabyboss.com\/wp-content\/uploads\/2022\/09\/Baby-Pram-Classic-Buggy-Retro-Pushchair-3-in1-Travel-Set-Folding-Newborns-Red.png","datePublished":"2022-09-15T10:58:25+00:00","dateModified":"2026-02-21T10:54:05+00:00","description":"Ensemble de voyage 3 en 1 : poussette classique pliable rouge","breadcrumb":{"@id":"https:\/\/forbabyboss.com\/product\/3-in1-travel-set-folding-classic-baby-pram-in-red\/#breadcrumb"},"inLanguage":"fr-FR","potentialAction":[{"@type":"ReadAction","target":["https:\/\/forbabyboss.com\/product\/3-in1-travel-set-folding-classic-baby-pram-in-red\/"]}]},{"@type":"ImageObject","inLanguage":"fr-FR","@id":"https:\/\/forbabyboss.com\/product\/3-in1-travel-set-folding-classic-baby-pram-in-red\/#primaryimage","url":"https:\/\/forbabyboss.com\/wp-content\/uploads\/2022\/09\/Baby-Pram-Classic-Buggy-Retro-Pushchair-3-in1-Travel-Set-Folding-Newborns-Red.png","contentUrl":"https:\/\/forbabyboss.com\/wp-content\/uploads\/2022\/09\/Baby-Pram-Classic-Buggy-Retro-Pushchair-3-in1-Travel-Set-Folding-Newborns-Red.png","width":1600,"height":1600},{"@type":"BreadcrumbList","@id":"https:\/\/forbabyboss.com\/product\/3-in1-travel-set-folding-classic-baby-pram-in-red\/#breadcrumb","itemListElement":[{"@type":"ListItem","position":1,"name":"Home","item":"https:\/\/forbabyboss.com\/"},{"@type":"ListItem","position":2,"name":"Shop","item":"https:\/\/forbabyboss.com\/shop\/"},{"@type":"ListItem","position":3,"name":"3 in1 Travel Set Folding Classic Baby Pram in Red"}]},{"@type":"WebSite","@id":"https:\/\/powderblue-seahorse-496884.hostingersite.com\/#website","url":"https:\/\/powderblue-seahorse-496884.hostingersite.com\/","name":"Pour Baby Boss","description":"De magnifiques cadeaux et accessoires pour votre petit patron","potentialAction":[{"@type":"SearchAction","target":{"@type":"EntryPoint","urlTemplate":"https:\/\/powderblue-seahorse-496884.hostingersite.com\/?s={search_term_string}"},"query-input":{"@type":"PropertyValueSpecification","valueRequired":true,"valueName":"search_term_string"}}],"inLanguage":"fr-FR"}]}},"_links":{"self":[{"href":"https:\/\/forbabyboss.com\/fr\/wp-json\/wp\/v2\/product\/5888","targetHints":{"allow":["GET"]}}],"collection":[{"href":"https:\/\/forbabyboss.com\/fr\/wp-json\/wp\/v2\/product"}],"about":[{"href":"https:\/\/forbabyboss.com\/fr\/wp-json\/wp\/v2\/types\/product"}],"wp:featuredmedia":[{"embeddable":true,"href":"https:\/\/forbabyboss.com\/fr\/wp-json\/wp\/v2\/media\/5889"}],"wp:attachment":[{"href":"https:\/\/forbabyboss.com\/fr\/wp-json\/wp\/v2\/media?parent=5888"}],"wp:term":[{"taxonomy":"product_brand","embeddable":true,"href":"https:\/\/forbabyboss.com\/fr\/wp-json\/wp\/v2\/product_brand?post=5888"},{"taxonomy":"product_cat","embeddable":true,"href":"https:\/\/forbabyboss.com\/fr\/wp-json\/wp\/v2\/product_cat?post=5888"},{"taxonomy":"product_tag","embeddable":true,"href":"https:\/\/forbabyboss.com\/fr\/wp-json\/wp\/v2\/product_tag?post=5888"}],"curies":[{"name":"wp","href":"https:\/\/api.w.org\/{rel}","templated":true}]}}