{"id":5938,"date":"2022-09-15T14:34:24","date_gmt":"2022-09-15T14:34:24","guid":{"rendered":"http:\/\/forbabyboss.com\/?post_type=product&#038;p=5938"},"modified":"2026-02-21T10:43:02","modified_gmt":"2026-02-21T10:43:02","slug":"poussette-mint-parrots-3-en-1-avec-base-isofix-pour-nouveau-ne","status":"publish","type":"product","link":"https:\/\/forbabyboss.com\/fr\/product\/mint-parrots-pram-3in1-travel-system-isofix-base-for-newborn\/","title":{"rendered":"Syst\u00e8me de voyage 3 en 1 Mint Parrots avec base Isofix pour nouveau-n\u00e9"},"content":{"rendered":"<h3 style=\"font-weight: 400; text-align: justify;\"><span style=\"color: #e14d43;\"><strong>Caract\u00e9ristiques:<\/strong><\/span><\/h3>\n<ul style=\"text-align: justify;\">\n<li style=\"font-weight: 400;\"><strong><span style=\"color: #282828;\">Mode face \u00e0 la route et face \u00e0 la route<\/span><\/strong><\/li>\n<li style=\"font-weight: 400;\"><strong><span style=\"color: #282828;\">fen\u00eatre en filet \u00e0 l&#039;arri\u00e8re du capot<\/span><\/strong><\/li>\n<li style=\"font-weight: 400;\"><strong><span style=\"color: #282828;\">La gondole poss\u00e8de une doublure douce qui peut \u00eatre retir\u00e9e pour le lavage.<\/span><\/strong><\/li>\n<li style=\"font-weight: 400;\"><strong><span style=\"color: #282828;\">La b\u00e2che de la nacelle peut \u00eatre relev\u00e9e pour cr\u00e9er un capteur de vent.<\/span><\/strong><\/li>\n<li style=\"font-weight: 400;\"><strong><span style=\"color: #282828;\">capot allong\u00e9<\/span><\/strong><\/li>\n<li style=\"font-weight: 400;\"><strong><span style=\"color: #282828;\">La poussette est \u00e9quip\u00e9e de ceintures de s\u00e9curit\u00e9 \u00e0 5 points.<\/span><\/strong><\/li>\n<li style=\"font-weight: 400;\"><strong><span style=\"color: #282828;\">Repose-pieds et barre de s\u00e9curit\u00e9 recouverts de cuir \u00e9cologique<\/span><\/strong><\/li>\n<li style=\"font-weight: 400;\"><strong><span style=\"color: #282828;\">Poign\u00e9e r\u00e9glable \u00e0 plusieurs niveaux<\/span><\/strong><\/li>\n<li style=\"font-weight: 400;\"><strong><span style=\"color: #282828;\">Suspension r\u00e9glable<\/span><\/strong><\/li>\n<li style=\"font-weight: 400;\"><strong><span style=\"color: #282828;\">repose-jambes et dossier r\u00e9glables<\/span><\/strong><\/li>\n<li style=\"font-weight: 400;\"><strong><span style=\"color: #282828;\">Cadre robuste<\/span><\/strong><\/li>\n<li style=\"font-weight: 400;\"><strong><span style=\"color: #282828;\">Frein central EASY STOP<\/span><\/strong><\/li>\n<li style=\"font-weight: 400;\"><strong><span style=\"color: #282828;\">Grand panier \u00e0 provisions<\/span><\/strong><\/li>\n<\/ul>\n<h3 style=\"font-weight: 400; text-align: justify;\"><strong><span style=\"color: #e14d43;\">Caract\u00e9ristiques du si\u00e8ge auto\u00a0:<\/span><\/strong><\/h3>\n<ul style=\"text-align: justify;\">\n<li style=\"font-weight: 400;\"><strong><span style=\"color: #282828;\">insert suppl\u00e9mentaire pour nourrissons<\/span><\/strong><\/li>\n<li style=\"font-weight: 400;\"><strong><span style=\"color: #282828;\">poign\u00e9e r\u00e9glable<\/span><\/strong><\/li>\n<li style=\"font-weight: 400;\"><strong><span style=\"color: #282828;\">couverture<\/span><\/strong><\/li>\n<li style=\"font-weight: 400;\"><strong><span style=\"color: #282828;\">capot amovible<\/span><\/strong><\/li>\n<li style=\"font-weight: 400;\"><strong><span style=\"color: #282828;\">ceintures de s\u00e9curit\u00e9 \u00e0 3 points<\/span><\/strong><\/li>\n<\/ul>\n<h3 style=\"text-align: justify;\"><strong><span style=\"color: #e14d43;\">\u00c9quipement:<\/span><\/strong><\/h3>\n<ul style=\"text-align: justify;\">\n<li style=\"font-weight: 400;\"><strong><span style=\"color: #282828;\">cadre avec poign\u00e9e en cuir \u00e9cologique<\/span><\/strong><\/li>\n<li style=\"font-weight: 400;\"><strong><span style=\"color: #282828;\">nacelle avec dossier r\u00e9glable<\/span><\/strong><\/li>\n<li style=\"font-weight: 400;\"><strong><span style=\"color: #282828;\">poussette<\/span><\/strong><\/li>\n<li style=\"font-weight: 400;\"><strong><span style=\"color: #282828;\">deux housses (pour poussette et nacelle)<\/span><\/strong><\/li>\n<li style=\"font-weight: 400;\"><strong><span style=\"color: #282828;\">si\u00e8ge auto multifonctionnel avec adaptateurs<\/span><\/strong><\/li>\n<li style=\"font-weight: 400;\"><strong><span style=\"color: #282828;\">protection contre la pluie<\/span><\/strong><\/li>\n<li style=\"font-weight: 400;\"><strong><span style=\"color: #282828;\">moustiquaire<\/span><\/strong><\/li>\n<li style=\"font-weight: 400;\"><strong><span style=\"color: #282828;\">roues pivotantes remplies d&#039;air<\/span><\/strong><\/li>\n<li style=\"font-weight: 400;\"><strong><span style=\"color: #282828;\">Une grande poche \u00e0 l&#039;arri\u00e8re du sac et deux petites sur les c\u00f4t\u00e9s<\/span><\/strong><\/li>\n<\/ul>\n<p style=\"font-weight: 400; text-align: justify;\"><strong><span style=\"color: #282828;\">Cadre pliable avec roues (longueur x largeur x hauteur) : 85 x 60 x 40 cm<\/span><\/strong><\/p>\n<p style=\"font-weight: 400; text-align: justify;\"><strong><span style=\"color: #282828;\">Poussette assembl\u00e9e (hauteur x largeur x longueur) : 115 x 60 x 95 cm<\/span><\/strong><\/p>\n<p style=\"font-weight: 400; text-align: justify;\"><strong><span style=\"color: #282828;\">Dimensions int\u00e9rieures de la nacelle (largeur x longueur x hauteur) : 36 x 80 x 20 cm<\/span><\/strong><\/p>\n<p style=\"font-weight: 400; text-align: justify;\"><strong><span style=\"color: #282828;\">Dimensions int\u00e9rieures de la poussette (largeur x longueur du dossier x longueur de l&#039;assise x longueur du repose-pieds) : 34 x 48 x 26 x 23 cm<\/span><\/strong><\/p>\n<p style=\"font-weight: 400; text-align: justify;\"><strong><span style=\"color: #282828;\">Cadre avec roues : 10 kg<\/span><\/strong><\/p>\n<p style=\"font-weight: 400; text-align: justify;\"><strong><span style=\"color: #282828;\">Poussette : 15 kg<\/span><\/strong><\/p>\n<p style=\"font-weight: 400; text-align: justify;\"><strong><span style=\"color: #282828;\">Poussette profonde : 16 kg<\/span><\/strong><\/p>\n<p style=\"font-weight: 400; text-align: justify;\"><strong><span style=\"color: #282828;\">Plage de r\u00e9glage de la poign\u00e9e\u00a0: 70\u00a0cm \u00e0 115\u00a0cm<\/span><\/strong><\/p>\n<p style=\"font-weight: 400; text-align: justify;\"><strong><span style=\"color: #282828;\">Garantie de 12 mois<\/span><\/strong><\/p>\n<p>&nbsp;<\/p>\n<p><strong><a href=\"http:\/\/forbabyboss.com\/wp-content\/uploads\/2022\/09\/checkout.png\"><img loading=\"lazy\" decoding=\"async\" class=\"alignnone wp-image-5965\" src=\"http:\/\/forbabyboss.com\/wp-content\/uploads\/2022\/09\/checkout.png\" alt=\"\" width=\"1000\" height=\"368\" srcset=\"https:\/\/forbabyboss.com\/wp-content\/uploads\/2022\/09\/checkout.png 750w, https:\/\/forbabyboss.com\/wp-content\/uploads\/2022\/09\/checkout-600x221.png 600w\" sizes=\"auto, (max-width: 1000px) 100vw, 1000px\" \/><\/a><\/strong><\/p>","protected":false},"excerpt":{"rendered":"<p><a href=\"http:\/\/forbabyboss.com\/wp-content\/uploads\/2022\/09\/Star-Rating-5.png\"><img loading=\"lazy\" decoding=\"async\" class=\"alignnone size-full wp-image-5973 aligncenter\" src=\"http:\/\/forbabyboss.com\/wp-content\/uploads\/2022\/09\/Star-Rating-5.png\" alt=\"\" width=\"275\" height=\"45\" \/><\/a><\/p>\n<p style=\"text-align: center;\"><span style=\"color: #ed1c24; font-size: 120%;\"><b>GARANTIE D&#039;ALIGNEMENT DES PRIX<\/b><\/span><\/p>\n<p style=\"text-align: center;\"><span style=\"font-size: 115%;\"><span style=\"font-weight: 400; color: #4f4fa7;\">Livraison gratuite<\/span><span style=\"font-weight: 400;\"> \u2013 2 \u00e0 7 jours<\/span><\/span><\/p>\n<p style=\"text-align: center;\"><strong><span style=\"color: #29606b;\">Cadeau offert pour tout achat sup\u00e9rieur \u00e0 100 \u00a3<\/span><\/strong><\/p>","protected":false},"featured_media":5939,"template":"","meta":[],"product_brand":[370],"product_cat":[338,339,156,305,270,303,130,209,211],"product_tag":[163,199],"class_list":{"0":"post-5938","1":"product","2":"type-product","3":"status-publish","4":"has-post-thumbnail","6":"product_brand-babylux","7":"product_cat-600-to-700","8":"product_cat-700-to-800","9":"product_cat-3-in-1","10":"product_cat-colour","11":"product_cat-multicolor","12":"product_cat-pattern","13":"product_cat-prams","14":"product_cat-push-chairs","15":"product_cat-stroller","16":"product_tag-3-in-1-prams","17":"product_tag-prams","19":"first","20":"instock","21":"sale","22":"shipping-taxable","23":"purchasable","24":"product-type-simple"},"yoast_head":"<!-- This site is optimized with the Yoast SEO plugin v27.5 - https:\/\/yoast.com\/product\/yoast-seo-wordpress\/ -->\n<title>Mint Parrots Pram 3in1 Travel System Isofix Base for Newborn - For Baby Boss<\/title>\n<meta name=\"description\" content=\"Mint Parrots Pram 3in1 Travel System Isofix Base for Newborn\" \/>\n<meta name=\"robots\" content=\"index, follow, max-snippet:-1, max-image-preview:large, max-video-preview:-1\" \/>\n<link rel=\"canonical\" href=\"https:\/\/forbabyboss.com\/fr\/produit\/poussette-mint-parrots-3-en-1-avec-base-isofix-pour-nouveau-ne\/\" \/>\n<meta property=\"og:locale\" content=\"fr_FR\" \/>\n<meta property=\"og:type\" content=\"article\" \/>\n<meta property=\"og:title\" content=\"Mint Parrots Pram 3in1 Travel System Isofix Base for Newborn - For Baby Boss\" \/>\n<meta property=\"og:description\" content=\"Mint Parrots Pram 3in1 Travel System Isofix Base for Newborn\" \/>\n<meta property=\"og:url\" content=\"https:\/\/forbabyboss.com\/fr\/produit\/poussette-mint-parrots-3-en-1-avec-base-isofix-pour-nouveau-ne\/\" \/>\n<meta property=\"og:site_name\" content=\"For Baby Boss\" \/>\n<meta property=\"article:modified_time\" content=\"2026-02-21T10:43:02+00:00\" \/>\n<meta property=\"og:image\" content=\"https:\/\/forbabyboss.com\/wp-content\/uploads\/2022\/09\/Baby-Pram-3-in-1-Pushchair-Travel-System-ISOFIX-Base-Car-Seat-Buggy-Newborn-Mint-Parrots.png\" \/>\n\t<meta property=\"og:image:width\" content=\"1204\" \/>\n\t<meta property=\"og:image:height\" content=\"852\" \/>\n\t<meta property=\"og:image:type\" content=\"image\/png\" \/>\n<meta name=\"twitter:card\" content=\"summary_large_image\" \/>\n<meta name=\"twitter:label1\" content=\"Dur\u00e9e de lecture estim\u00e9e\" \/>\n\t<meta name=\"twitter:data1\" content=\"2 minutes\" \/>\n<script type=\"application\/ld+json\" class=\"yoast-schema-graph\">{\"@context\":\"https:\\\/\\\/schema.org\",\"@graph\":[{\"@type\":\"WebPage\",\"@id\":\"https:\\\/\\\/forbabyboss.com\\\/product\\\/mint-parrots-pram-3in1-travel-system-isofix-base-for-newborn\\\/\",\"url\":\"https:\\\/\\\/forbabyboss.com\\\/product\\\/mint-parrots-pram-3in1-travel-system-isofix-base-for-newborn\\\/\",\"name\":\"Mint Parrots Pram 3in1 Travel System Isofix Base for Newborn - For Baby Boss\",\"isPartOf\":{\"@id\":\"https:\\\/\\\/powderblue-seahorse-496884.hostingersite.com\\\/#website\"},\"primaryImageOfPage\":{\"@id\":\"https:\\\/\\\/forbabyboss.com\\\/product\\\/mint-parrots-pram-3in1-travel-system-isofix-base-for-newborn\\\/#primaryimage\"},\"image\":{\"@id\":\"https:\\\/\\\/forbabyboss.com\\\/product\\\/mint-parrots-pram-3in1-travel-system-isofix-base-for-newborn\\\/#primaryimage\"},\"thumbnailUrl\":\"https:\\\/\\\/forbabyboss.com\\\/wp-content\\\/uploads\\\/2022\\\/09\\\/Baby-Pram-3-in-1-Pushchair-Travel-System-ISOFIX-Base-Car-Seat-Buggy-Newborn-Mint-Parrots.png\",\"datePublished\":\"2022-09-15T14:34:24+00:00\",\"dateModified\":\"2026-02-21T10:43:02+00:00\",\"description\":\"Mint Parrots Pram 3in1 Travel System Isofix Base for Newborn\",\"breadcrumb\":{\"@id\":\"https:\\\/\\\/forbabyboss.com\\\/product\\\/mint-parrots-pram-3in1-travel-system-isofix-base-for-newborn\\\/#breadcrumb\"},\"inLanguage\":\"fr-FR\",\"potentialAction\":[{\"@type\":\"ReadAction\",\"target\":[\"https:\\\/\\\/forbabyboss.com\\\/product\\\/mint-parrots-pram-3in1-travel-system-isofix-base-for-newborn\\\/\"]}]},{\"@type\":\"ImageObject\",\"inLanguage\":\"fr-FR\",\"@id\":\"https:\\\/\\\/forbabyboss.com\\\/product\\\/mint-parrots-pram-3in1-travel-system-isofix-base-for-newborn\\\/#primaryimage\",\"url\":\"https:\\\/\\\/forbabyboss.com\\\/wp-content\\\/uploads\\\/2022\\\/09\\\/Baby-Pram-3-in-1-Pushchair-Travel-System-ISOFIX-Base-Car-Seat-Buggy-Newborn-Mint-Parrots.png\",\"contentUrl\":\"https:\\\/\\\/forbabyboss.com\\\/wp-content\\\/uploads\\\/2022\\\/09\\\/Baby-Pram-3-in-1-Pushchair-Travel-System-ISOFIX-Base-Car-Seat-Buggy-Newborn-Mint-Parrots.png\",\"width\":1204,\"height\":852},{\"@type\":\"BreadcrumbList\",\"@id\":\"https:\\\/\\\/forbabyboss.com\\\/product\\\/mint-parrots-pram-3in1-travel-system-isofix-base-for-newborn\\\/#breadcrumb\",\"itemListElement\":[{\"@type\":\"ListItem\",\"position\":1,\"name\":\"Home\",\"item\":\"https:\\\/\\\/forbabyboss.com\\\/\"},{\"@type\":\"ListItem\",\"position\":2,\"name\":\"Shop\",\"item\":\"https:\\\/\\\/forbabyboss.com\\\/shop\\\/\"},{\"@type\":\"ListItem\",\"position\":3,\"name\":\"Mint Parrots Pram 3in1 Travel System Isofix Base for Newborn\"}]},{\"@type\":\"WebSite\",\"@id\":\"https:\\\/\\\/powderblue-seahorse-496884.hostingersite.com\\\/#website\",\"url\":\"https:\\\/\\\/powderblue-seahorse-496884.hostingersite.com\\\/\",\"name\":\"For Baby Boss\",\"description\":\"Beautiful gifts and accessories for your baby boss\",\"potentialAction\":[{\"@type\":\"SearchAction\",\"target\":{\"@type\":\"EntryPoint\",\"urlTemplate\":\"https:\\\/\\\/powderblue-seahorse-496884.hostingersite.com\\\/?s={search_term_string}\"},\"query-input\":{\"@type\":\"PropertyValueSpecification\",\"valueRequired\":true,\"valueName\":\"search_term_string\"}}],\"inLanguage\":\"fr-FR\"}]}<\/script>\n<!-- \/ Yoast SEO plugin. -->","yoast_head_json":{"title":"Syst\u00e8me de voyage 3 en 1 Mint Parrots avec base Isofix pour nouveau-n\u00e9 - Pour Baby Boss","description":"Syst\u00e8me de voyage 3 en 1 Mint Parrots avec base Isofix pour nouveau-n\u00e9","robots":{"index":"index","follow":"follow","max-snippet":"max-snippet:-1","max-image-preview":"max-image-preview:large","max-video-preview":"max-video-preview:-1"},"canonical":"https:\/\/forbabyboss.com\/fr\/produit\/poussette-mint-parrots-3-en-1-avec-base-isofix-pour-nouveau-ne\/","og_locale":"fr_FR","og_type":"article","og_title":"Mint Parrots Pram 3in1 Travel System Isofix Base for Newborn - For Baby Boss","og_description":"Mint Parrots Pram 3in1 Travel System Isofix Base for Newborn","og_url":"https:\/\/forbabyboss.com\/fr\/produit\/poussette-mint-parrots-3-en-1-avec-base-isofix-pour-nouveau-ne\/","og_site_name":"For Baby Boss","article_modified_time":"2026-02-21T10:43:02+00:00","og_image":[{"width":1204,"height":852,"url":"https:\/\/forbabyboss.com\/wp-content\/uploads\/2022\/09\/Baby-Pram-3-in-1-Pushchair-Travel-System-ISOFIX-Base-Car-Seat-Buggy-Newborn-Mint-Parrots.png","type":"image\/png"}],"twitter_card":"summary_large_image","twitter_misc":{"Dur\u00e9e de lecture estim\u00e9e":"2 minutes"},"schema":{"@context":"https:\/\/schema.org","@graph":[{"@type":"WebPage","@id":"https:\/\/forbabyboss.com\/product\/mint-parrots-pram-3in1-travel-system-isofix-base-for-newborn\/","url":"https:\/\/forbabyboss.com\/product\/mint-parrots-pram-3in1-travel-system-isofix-base-for-newborn\/","name":"Syst\u00e8me de voyage 3 en 1 Mint Parrots avec base Isofix pour nouveau-n\u00e9 - Pour Baby Boss","isPartOf":{"@id":"https:\/\/powderblue-seahorse-496884.hostingersite.com\/#website"},"primaryImageOfPage":{"@id":"https:\/\/forbabyboss.com\/product\/mint-parrots-pram-3in1-travel-system-isofix-base-for-newborn\/#primaryimage"},"image":{"@id":"https:\/\/forbabyboss.com\/product\/mint-parrots-pram-3in1-travel-system-isofix-base-for-newborn\/#primaryimage"},"thumbnailUrl":"https:\/\/forbabyboss.com\/wp-content\/uploads\/2022\/09\/Baby-Pram-3-in-1-Pushchair-Travel-System-ISOFIX-Base-Car-Seat-Buggy-Newborn-Mint-Parrots.png","datePublished":"2022-09-15T14:34:24+00:00","dateModified":"2026-02-21T10:43:02+00:00","description":"Syst\u00e8me de voyage 3 en 1 Mint Parrots avec base Isofix pour nouveau-n\u00e9","breadcrumb":{"@id":"https:\/\/forbabyboss.com\/product\/mint-parrots-pram-3in1-travel-system-isofix-base-for-newborn\/#breadcrumb"},"inLanguage":"fr-FR","potentialAction":[{"@type":"ReadAction","target":["https:\/\/forbabyboss.com\/product\/mint-parrots-pram-3in1-travel-system-isofix-base-for-newborn\/"]}]},{"@type":"ImageObject","inLanguage":"fr-FR","@id":"https:\/\/forbabyboss.com\/product\/mint-parrots-pram-3in1-travel-system-isofix-base-for-newborn\/#primaryimage","url":"https:\/\/forbabyboss.com\/wp-content\/uploads\/2022\/09\/Baby-Pram-3-in-1-Pushchair-Travel-System-ISOFIX-Base-Car-Seat-Buggy-Newborn-Mint-Parrots.png","contentUrl":"https:\/\/forbabyboss.com\/wp-content\/uploads\/2022\/09\/Baby-Pram-3-in-1-Pushchair-Travel-System-ISOFIX-Base-Car-Seat-Buggy-Newborn-Mint-Parrots.png","width":1204,"height":852},{"@type":"BreadcrumbList","@id":"https:\/\/forbabyboss.com\/product\/mint-parrots-pram-3in1-travel-system-isofix-base-for-newborn\/#breadcrumb","itemListElement":[{"@type":"ListItem","position":1,"name":"Home","item":"https:\/\/forbabyboss.com\/"},{"@type":"ListItem","position":2,"name":"Shop","item":"https:\/\/forbabyboss.com\/shop\/"},{"@type":"ListItem","position":3,"name":"Mint Parrots Pram 3in1 Travel System Isofix Base for Newborn"}]},{"@type":"WebSite","@id":"https:\/\/powderblue-seahorse-496884.hostingersite.com\/#website","url":"https:\/\/powderblue-seahorse-496884.hostingersite.com\/","name":"Pour Baby Boss","description":"De magnifiques cadeaux et accessoires pour votre petit patron","potentialAction":[{"@type":"SearchAction","target":{"@type":"EntryPoint","urlTemplate":"https:\/\/powderblue-seahorse-496884.hostingersite.com\/?s={search_term_string}"},"query-input":{"@type":"PropertyValueSpecification","valueRequired":true,"valueName":"search_term_string"}}],"inLanguage":"fr-FR"}]}},"_links":{"self":[{"href":"https:\/\/forbabyboss.com\/fr\/wp-json\/wp\/v2\/product\/5938","targetHints":{"allow":["GET"]}}],"collection":[{"href":"https:\/\/forbabyboss.com\/fr\/wp-json\/wp\/v2\/product"}],"about":[{"href":"https:\/\/forbabyboss.com\/fr\/wp-json\/wp\/v2\/types\/product"}],"wp:featuredmedia":[{"embeddable":true,"href":"https:\/\/forbabyboss.com\/fr\/wp-json\/wp\/v2\/media\/5939"}],"wp:attachment":[{"href":"https:\/\/forbabyboss.com\/fr\/wp-json\/wp\/v2\/media?parent=5938"}],"wp:term":[{"taxonomy":"product_brand","embeddable":true,"href":"https:\/\/forbabyboss.com\/fr\/wp-json\/wp\/v2\/product_brand?post=5938"},{"taxonomy":"product_cat","embeddable":true,"href":"https:\/\/forbabyboss.com\/fr\/wp-json\/wp\/v2\/product_cat?post=5938"},{"taxonomy":"product_tag","embeddable":true,"href":"https:\/\/forbabyboss.com\/fr\/wp-json\/wp\/v2\/product_tag?post=5938"}],"curies":[{"name":"wp","href":"https:\/\/api.w.org\/{rel}","templated":true}]}}