{"id":3923,"date":"2022-09-19T14:19:22","date_gmt":"2022-09-19T14:19:22","guid":{"rendered":"http:\/\/forbabyboss.com\/?post_type=product&#038;p=3923"},"modified":"2023-10-03T11:15:17","modified_gmt":"2023-10-03T11:15:17","slug":"mubor-utazorendszer-3-az-1-ben-szurke-szinben","status":"publish","type":"product","link":"https:\/\/forbabyboss.com\/hu\/product\/leatherette-travel-system-3-in1-in-grey\/","title":{"rendered":"M\u0171b\u0151r utaz\u00f3rendszer 3 az 1-ben sz\u00fcrke sz\u00ednben"},"content":{"rendered":"<h1 style=\"text-align: left;\"><strong><span style=\"color: #e14d43;\"><span style=\"font-size: 90%;\">A Belera Leatherette Travel System egy luxus utaz\u00f3rendszer, amely minden tartoz\u00e9kkal egy\u00fctt kaphat\u00f3: aut\u00f3s\u00fcl\u00e9s, pelenk\u00e1z\u00f3t\u00e1ska, l\u00e1bzs\u00e1k, es\u0151v\u00e9d\u0151 \u00e9s els\u0151 foganty\u00fa.<\/span><\/span><\/strong><\/h1>\n<h2 style=\"text-align: justify;\"><span style=\"color: #e14d43;\"><strong>Egy\u00e9b jellemz\u0151k k\u00f6z\u00e9 tartozik<\/strong><\/span><\/h2>\n<p><strong>- Gyapj\u00fa b\u00e9l\u00e9s\u0171 l\u00e1bzs\u00e1k. A melegebb h\u00f3napokban a l\u00e1b b\u00e9l\u00e9sk\u00e9nt is haszn\u00e1lhat\u00f3.<\/strong><\/p>\n<p><strong>-Pelenk\u00e1z\u00f3 t\u00e1ska bet\u00e9ttel.<\/strong><\/p>\n<p><strong>- Teljes es\u0151v\u00e9d\u0151 huzat<\/strong><\/p>\n<p><strong>\u2013 Babakocsi \u00fcl\u00e9s hat h\u00f3napos kort\u00f3l alkalmas. Babakocsi poz\u00edci\u00f3ban sz\u00fclet\u00e9st\u0151l alkalmas.<\/strong><\/p>\n<p><strong>\u2013 0+ aut\u00f3s\u00fcl\u00e9s 5 pontos biztons\u00e1gi \u00f6vvel (ECE44\/04)<\/strong><\/p>\n<div>\n<p><strong>ECE 44\/04<\/strong><\/p>\n<p><strong>Tov\u00e1bbi inform\u00e1ci\u00f3: https:\/\/www.which.co.uk\/reviews\/child-car-seats\/article\/child-car-seat-laws-uk-and-abroad\/child-car-seat-laws-in-the-uk \u2013 Which?sta<\/strong><\/p>\n<\/div>\n<p><strong>\u2013 Sz\u00fcl\u0151vel szemben l\u00e9v\u0151 \u00fcl\u00e9s \u00e9s aut\u00f3s\u00fcl\u00e9s<\/strong><\/p>\n<p><strong>\u2013 Nagy kos\u00e1r<\/strong><\/p>\n<p><strong>-Kil\u00e1t\u00f3ablak<\/strong><\/p>\n<p><strong>-Els\u0151 forg\u00f3 kerekek<\/strong><\/p>\n<p><strong>\u2013 Nett\u00f3 t\u00f6meg 8,5 g (babakocsi \u00e9s \u00fcl\u00e9s)<\/strong><\/p>\n<h2><span style=\"font-size: 100%; color: #e14d43;\"><strong>M\u00e9retek<\/strong><\/span><\/h2>\n<p><strong>\u2013 Kihajtva 880x590x1010 mm<\/strong><\/p>\n<p><strong>\u2013 \u00d6sszecsukva 1040x590x490 mm<\/strong><\/p>\n<p><a href=\"http:\/\/forbabyboss.com\/wp-content\/uploads\/2022\/09\/checkout.png\"><img loading=\"lazy\" decoding=\"async\" class=\"alignnone size-full wp-image-5965\" src=\"http:\/\/forbabyboss.com\/wp-content\/uploads\/2022\/09\/checkout.png\" alt=\"\" width=\"750\" height=\"276\" srcset=\"https:\/\/forbabyboss.com\/wp-content\/uploads\/2022\/09\/checkout.png 750w, https:\/\/forbabyboss.com\/wp-content\/uploads\/2022\/09\/checkout-600x221.png 600w\" sizes=\"auto, (max-width: 750px) 100vw, 750px\" \/><\/a><\/p>\n<p style=\"text-align: justify;\">","protected":false},"excerpt":{"rendered":"<p><a href=\"http:\/\/forbabyboss.com\/wp-content\/uploads\/2022\/09\/Star-Rating-5.png\"><img loading=\"lazy\" decoding=\"async\" class=\"alignnone size-full wp-image-5973 aligncenter\" src=\"http:\/\/forbabyboss.com\/wp-content\/uploads\/2022\/09\/Star-Rating-5.png\" alt=\"\" width=\"275\" height=\"45\" \/><\/a><\/p>\n<p style=\"text-align: center;\"><span style=\"color: #e14d43;\"><strong>\u00c1RGARANCIA<\/strong><\/span><\/p>\n<p style=\"text-align: center;\"><span style=\"font-weight: 400; color: #003366;\">Ingyenes kisz\u00e1ll\u00edt\u00e1s<\/span><span style=\"font-weight: 400;\"> \u2013 2 \u2013 7 nap<\/span><\/p>\n<p style=\"text-align: center;\"><span style=\"color: #008000;\"><strong>Ingyenes aj\u00e1nd\u00e9k 100 font feletti v\u00e1s\u00e1rl\u00e1s eset\u00e9n<\/strong><\/span><\/p>","protected":false},"featured_media":3924,"template":"","meta":[],"product_brand":[],"product_cat":[305,210,130,211],"product_tag":[],"class_list":{"0":"post-3923","1":"product","2":"type-product","3":"status-publish","4":"has-post-thumbnail","6":"product_cat-colour","7":"product_cat-grey","8":"product_cat-prams","9":"product_cat-stroller","11":"first","12":"instock","13":"sale","14":"shipping-taxable","15":"purchasable","16":"product-type-simple"},"yoast_head":"<!-- This site is optimized with the Yoast SEO plugin v27.5 - https:\/\/yoast.com\/product\/yoast-seo-wordpress\/ -->\n<title>Leatherette Travel System 3 in1 in Grey - For Baby Boss<\/title>\n<meta name=\"description\" content=\"Leatherette Travel System 3 in1 in Grey\" \/>\n<meta name=\"robots\" content=\"index, follow, max-snippet:-1, max-image-preview:large, max-video-preview:-1\" \/>\n<link rel=\"canonical\" href=\"https:\/\/forbabyboss.com\/hu\/termek\/mubor-utazorendszer-3-az-1-ben-szurke-szinben\/\" \/>\n<meta property=\"og:locale\" content=\"hu_HU\" \/>\n<meta property=\"og:type\" content=\"article\" \/>\n<meta property=\"og:title\" content=\"Leatherette Travel System 3 in1 in Grey - For Baby Boss\" \/>\n<meta property=\"og:description\" content=\"Leatherette Travel System 3 in1 in Grey\" \/>\n<meta property=\"og:url\" content=\"https:\/\/forbabyboss.com\/hu\/termek\/mubor-utazorendszer-3-az-1-ben-szurke-szinben\/\" \/>\n<meta property=\"og:site_name\" content=\"For Baby Boss\" \/>\n<meta property=\"article:modified_time\" content=\"2023-10-03T11:15:17+00:00\" \/>\n<meta property=\"og:image\" content=\"https:\/\/forbabyboss.com\/wp-content\/uploads\/2022\/09\/Leatherette-Travel-System-3-in1-Pram-Buggy-CarSeat-Changing-Bag-Footmuff-Grey_main.jpg\" \/>\n\t<meta property=\"og:image:width\" content=\"1600\" \/>\n\t<meta property=\"og:image:height\" content=\"1393\" \/>\n\t<meta property=\"og:image:type\" content=\"image\/jpeg\" \/>\n<meta name=\"twitter:card\" content=\"summary_large_image\" \/>\n<meta name=\"twitter:label1\" content=\"Becs\u00fclt olvas\u00e1si id\u0151\" \/>\n\t<meta name=\"twitter:data1\" content=\"1 perc\" \/>\n<script type=\"application\/ld+json\" class=\"yoast-schema-graph\">{\"@context\":\"https:\\\/\\\/schema.org\",\"@graph\":[{\"@type\":\"WebPage\",\"@id\":\"https:\\\/\\\/forbabyboss.com\\\/product\\\/leatherette-travel-system-3-in1-in-grey\\\/\",\"url\":\"https:\\\/\\\/forbabyboss.com\\\/product\\\/leatherette-travel-system-3-in1-in-grey\\\/\",\"name\":\"Leatherette Travel System 3 in1 in Grey - For Baby Boss\",\"isPartOf\":{\"@id\":\"https:\\\/\\\/powderblue-seahorse-496884.hostingersite.com\\\/#website\"},\"primaryImageOfPage\":{\"@id\":\"https:\\\/\\\/forbabyboss.com\\\/product\\\/leatherette-travel-system-3-in1-in-grey\\\/#primaryimage\"},\"image\":{\"@id\":\"https:\\\/\\\/forbabyboss.com\\\/product\\\/leatherette-travel-system-3-in1-in-grey\\\/#primaryimage\"},\"thumbnailUrl\":\"https:\\\/\\\/forbabyboss.com\\\/wp-content\\\/uploads\\\/2022\\\/09\\\/Leatherette-Travel-System-3-in1-Pram-Buggy-CarSeat-Changing-Bag-Footmuff-Grey_main.jpg\",\"datePublished\":\"2022-09-19T14:19:22+00:00\",\"dateModified\":\"2023-10-03T11:15:17+00:00\",\"description\":\"Leatherette Travel System 3 in1 in Grey\",\"breadcrumb\":{\"@id\":\"https:\\\/\\\/forbabyboss.com\\\/product\\\/leatherette-travel-system-3-in1-in-grey\\\/#breadcrumb\"},\"inLanguage\":\"hu\",\"potentialAction\":[{\"@type\":\"ReadAction\",\"target\":[\"https:\\\/\\\/forbabyboss.com\\\/product\\\/leatherette-travel-system-3-in1-in-grey\\\/\"]}]},{\"@type\":\"ImageObject\",\"inLanguage\":\"hu\",\"@id\":\"https:\\\/\\\/forbabyboss.com\\\/product\\\/leatherette-travel-system-3-in1-in-grey\\\/#primaryimage\",\"url\":\"https:\\\/\\\/forbabyboss.com\\\/wp-content\\\/uploads\\\/2022\\\/09\\\/Leatherette-Travel-System-3-in1-Pram-Buggy-CarSeat-Changing-Bag-Footmuff-Grey_main.jpg\",\"contentUrl\":\"https:\\\/\\\/forbabyboss.com\\\/wp-content\\\/uploads\\\/2022\\\/09\\\/Leatherette-Travel-System-3-in1-Pram-Buggy-CarSeat-Changing-Bag-Footmuff-Grey_main.jpg\",\"width\":1600,\"height\":1393},{\"@type\":\"BreadcrumbList\",\"@id\":\"https:\\\/\\\/forbabyboss.com\\\/product\\\/leatherette-travel-system-3-in1-in-grey\\\/#breadcrumb\",\"itemListElement\":[{\"@type\":\"ListItem\",\"position\":1,\"name\":\"Home\",\"item\":\"https:\\\/\\\/forbabyboss.com\\\/\"},{\"@type\":\"ListItem\",\"position\":2,\"name\":\"Shop\",\"item\":\"https:\\\/\\\/forbabyboss.com\\\/shop\\\/\"},{\"@type\":\"ListItem\",\"position\":3,\"name\":\"Leatherette Travel System 3 in1 in Grey\"}]},{\"@type\":\"WebSite\",\"@id\":\"https:\\\/\\\/powderblue-seahorse-496884.hostingersite.com\\\/#website\",\"url\":\"https:\\\/\\\/powderblue-seahorse-496884.hostingersite.com\\\/\",\"name\":\"For Baby Boss\",\"description\":\"Beautiful gifts and accessories for your baby boss\",\"potentialAction\":[{\"@type\":\"SearchAction\",\"target\":{\"@type\":\"EntryPoint\",\"urlTemplate\":\"https:\\\/\\\/powderblue-seahorse-496884.hostingersite.com\\\/?s={search_term_string}\"},\"query-input\":{\"@type\":\"PropertyValueSpecification\",\"valueRequired\":true,\"valueName\":\"search_term_string\"}}],\"inLanguage\":\"hu\"}]}<\/script>\n<!-- \/ Yoast SEO plugin. -->","yoast_head_json":{"title":"M\u0171b\u0151r utaz\u00f3rendszer 3 az 1-ben sz\u00fcrke sz\u00ednben - Baby Boss-nak","description":"M\u0171b\u0151r utaz\u00f3rendszer 3 az 1-ben sz\u00fcrke sz\u00ednben","robots":{"index":"index","follow":"follow","max-snippet":"max-snippet:-1","max-image-preview":"max-image-preview:large","max-video-preview":"max-video-preview:-1"},"canonical":"https:\/\/forbabyboss.com\/hu\/termek\/mubor-utazorendszer-3-az-1-ben-szurke-szinben\/","og_locale":"hu_HU","og_type":"article","og_title":"Leatherette Travel System 3 in1 in Grey - For Baby Boss","og_description":"Leatherette Travel System 3 in1 in Grey","og_url":"https:\/\/forbabyboss.com\/hu\/termek\/mubor-utazorendszer-3-az-1-ben-szurke-szinben\/","og_site_name":"For Baby Boss","article_modified_time":"2023-10-03T11:15:17+00:00","og_image":[{"width":1600,"height":1393,"url":"https:\/\/forbabyboss.com\/wp-content\/uploads\/2022\/09\/Leatherette-Travel-System-3-in1-Pram-Buggy-CarSeat-Changing-Bag-Footmuff-Grey_main.jpg","type":"image\/jpeg"}],"twitter_card":"summary_large_image","twitter_misc":{"Becs\u00fclt olvas\u00e1si id\u0151":"1 perc"},"schema":{"@context":"https:\/\/schema.org","@graph":[{"@type":"WebPage","@id":"https:\/\/forbabyboss.com\/product\/leatherette-travel-system-3-in1-in-grey\/","url":"https:\/\/forbabyboss.com\/product\/leatherette-travel-system-3-in1-in-grey\/","name":"M\u0171b\u0151r utaz\u00f3rendszer 3 az 1-ben sz\u00fcrke sz\u00ednben - Baby Boss-nak","isPartOf":{"@id":"https:\/\/powderblue-seahorse-496884.hostingersite.com\/#website"},"primaryImageOfPage":{"@id":"https:\/\/forbabyboss.com\/product\/leatherette-travel-system-3-in1-in-grey\/#primaryimage"},"image":{"@id":"https:\/\/forbabyboss.com\/product\/leatherette-travel-system-3-in1-in-grey\/#primaryimage"},"thumbnailUrl":"https:\/\/forbabyboss.com\/wp-content\/uploads\/2022\/09\/Leatherette-Travel-System-3-in1-Pram-Buggy-CarSeat-Changing-Bag-Footmuff-Grey_main.jpg","datePublished":"2022-09-19T14:19:22+00:00","dateModified":"2023-10-03T11:15:17+00:00","description":"M\u0171b\u0151r utaz\u00f3rendszer 3 az 1-ben sz\u00fcrke sz\u00ednben","breadcrumb":{"@id":"https:\/\/forbabyboss.com\/product\/leatherette-travel-system-3-in1-in-grey\/#breadcrumb"},"inLanguage":"hu","potentialAction":[{"@type":"ReadAction","target":["https:\/\/forbabyboss.com\/product\/leatherette-travel-system-3-in1-in-grey\/"]}]},{"@type":"ImageObject","inLanguage":"hu","@id":"https:\/\/forbabyboss.com\/product\/leatherette-travel-system-3-in1-in-grey\/#primaryimage","url":"https:\/\/forbabyboss.com\/wp-content\/uploads\/2022\/09\/Leatherette-Travel-System-3-in1-Pram-Buggy-CarSeat-Changing-Bag-Footmuff-Grey_main.jpg","contentUrl":"https:\/\/forbabyboss.com\/wp-content\/uploads\/2022\/09\/Leatherette-Travel-System-3-in1-Pram-Buggy-CarSeat-Changing-Bag-Footmuff-Grey_main.jpg","width":1600,"height":1393},{"@type":"BreadcrumbList","@id":"https:\/\/forbabyboss.com\/product\/leatherette-travel-system-3-in1-in-grey\/#breadcrumb","itemListElement":[{"@type":"ListItem","position":1,"name":"Home","item":"https:\/\/forbabyboss.com\/"},{"@type":"ListItem","position":2,"name":"Shop","item":"https:\/\/forbabyboss.com\/shop\/"},{"@type":"ListItem","position":3,"name":"Leatherette Travel System 3 in1 in Grey"}]},{"@type":"WebSite","@id":"https:\/\/powderblue-seahorse-496884.hostingersite.com\/#website","url":"https:\/\/powderblue-seahorse-496884.hostingersite.com\/","name":"A Baby Boss sz\u00e1m\u00e1ra","description":"Gy\u00f6ny\u00f6r\u0171 aj\u00e1nd\u00e9kok \u00e9s kieg\u00e9sz\u00edt\u0151k a baba f\u0151n\u00f6k\u00e9nek","potentialAction":[{"@type":"SearchAction","target":{"@type":"EntryPoint","urlTemplate":"https:\/\/powderblue-seahorse-496884.hostingersite.com\/?s={search_term_string}"},"query-input":{"@type":"PropertyValueSpecification","valueRequired":true,"valueName":"search_term_string"}}],"inLanguage":"hu"}]}},"_links":{"self":[{"href":"https:\/\/forbabyboss.com\/hu\/wp-json\/wp\/v2\/product\/3923","targetHints":{"allow":["GET"]}}],"collection":[{"href":"https:\/\/forbabyboss.com\/hu\/wp-json\/wp\/v2\/product"}],"about":[{"href":"https:\/\/forbabyboss.com\/hu\/wp-json\/wp\/v2\/types\/product"}],"wp:featuredmedia":[{"embeddable":true,"href":"https:\/\/forbabyboss.com\/hu\/wp-json\/wp\/v2\/media\/3924"}],"wp:attachment":[{"href":"https:\/\/forbabyboss.com\/hu\/wp-json\/wp\/v2\/media?parent=3923"}],"wp:term":[{"taxonomy":"product_brand","embeddable":true,"href":"https:\/\/forbabyboss.com\/hu\/wp-json\/wp\/v2\/product_brand?post=3923"},{"taxonomy":"product_cat","embeddable":true,"href":"https:\/\/forbabyboss.com\/hu\/wp-json\/wp\/v2\/product_cat?post=3923"},{"taxonomy":"product_tag","embeddable":true,"href":"https:\/\/forbabyboss.com\/hu\/wp-json\/wp\/v2\/product_tag?post=3923"}],"curies":[{"name":"wp","href":"https:\/\/api.w.org\/{rel}","templated":true}]}}