{"id":3937,"date":"2022-09-19T14:28:17","date_gmt":"2022-09-19T14:28:17","guid":{"rendered":"http:\/\/forbabyboss.com\/?post_type=product&#038;p=3937"},"modified":"2023-10-03T11:15:17","modified_gmt":"2023-10-03T11:15:17","slug":"baby-pram-pushchair-carrycot-car-seat-twist-3in1-travel-system-tw12-torquoise-grey","status":"publish","type":"product","link":"https:\/\/forbabyboss.com\/hu\/product\/baby-pram-pushchair-carrycot-car-seat-twist-3in1-travel-system-tw12-torquoise-grey\/","title":{"rendered":"Baby Pram Pushchair Carrycot Car Seat TWIST 3in1 Travel System &#8211; TW12 Torquoise-Grey"},"content":{"rendered":"<h2 style=\"text-align: left;\"><strong><span style=\"color: #e14d43;\">Baby Modern Pram Travel System 2in1 or 3in1: Carrycot + Car Seat + Rain cover + Mosquito net + Diaper bag + Cup tray + Shopping basket<\/span><\/strong><\/h2>\n<p style=\"text-align: justify;\"><strong><span style=\"color: #000000;\">TWIST is a modern multi-function Pram Travel System designed for parents who search for a product that will be used through a long time span. Depending on the child\u2019s needs and age, TWIST functions as a pram or a pushchair. Designed to transport your baby or toddler in comfort from birth to 3 years or 0-15 kg.<\/span><\/strong><\/p>\n<p style=\"text-align: justify;\"><strong><span style=\"color: #000000;\">Made in Europe from quality materials, solid frame, designed with modern style.\u00a0<\/span><\/strong><\/p>\n<p style=\"text-align: left;\" align=\"center\"><strong><span style=\"font-size: medium; color: #000000;\">Removable interiors and covers.<\/span><\/strong><\/p>\n<h3 style=\"text-align: left;\" align=\"center\"><strong><span style=\"font-size: medium; color: #000000;\"><span style=\"color: #e14d43;\">Product Features:<\/span><br \/>\n<\/span><\/strong><\/h3>\n<p style=\"text-align: left;\" align=\"center\"><strong><span style=\"color: #000000;\">2-in-1 or 3-in-1 Travel System<\/span><\/strong><\/p>\n<p style=\"text-align: left;\" align=\"center\"><strong><span style=\"font-family: Arial; color: #000000;\">solid steel frame easy to fold<\/span><\/strong><\/p>\n<p style=\"text-align: left;\" align=\"center\"><strong><span style=\"font-family: Arial; color: #000000;\">Reversible handle<\/span><\/strong><\/p>\n<p style=\"text-align: left;\" align=\"center\"><strong><span style=\"font-family: Arial; color: #000000;\">EVO \/ rubber wheels<\/span><\/strong><\/p>\n<h3 style=\"text-align: left;\" align=\"center\"><strong><span style=\"font-size: medium; color: #e14d43;\">Pram &amp; Stroller:\u00a0<\/span><\/strong><\/h3>\n<p style=\"text-align: left;\" align=\"center\"><strong><span style=\"font-family: Arial; color: #000000;\">The interior made of children-friendly hypo-allergenic cotton, breathable<\/span><\/strong><\/p>\n<p style=\"text-align: left;\" align=\"center\"><strong><span style=\"font-family: Arial; color: #000000;\">central brake \u201cstop &amp; go\u201d;<\/span><\/strong><\/p>\n<p style=\"text-align: left;\" align=\"center\"><strong><span style=\"color: #000000;\"><span style=\"font-family: Arial;\">front wheels swivel<\/span><span style=\"font-family: Arial;\">\u00a0with the locking option;<\/span><\/span><\/strong><\/p>\n<p style=\"text-align: left;\" align=\"center\"><strong><span style=\"font-family: Arial; color: #000000;\">Expendable Hood for Better Shade Protection in seat unit;<\/span><\/strong><\/p>\n<p style=\"text-align: left;\" align=\"center\"><strong><span style=\"font-family: Arial; color: #000000;\">carrycot and seat hood ventilated;<\/span><\/strong><\/p>\n<p style=\"text-align: left;\" align=\"center\"><strong><span style=\"font-family: Arial; color: #000000;\">Reversible\u00a0carry handle\u00a0for forward and rearward-facing system,<\/span><\/strong><\/p>\n<p style=\"text-align: left;\" align=\"center\"><strong><span style=\"font-family: Arial; color: #000000;\">equipped with adjustable footrest and backrest;<\/span><\/strong><\/p>\n<p style=\"text-align: left;\" align=\"center\"><strong><span style=\"font-family: Arial; color: #000000;\">seat unit adjustable to fully lying position,<\/span><\/strong><\/p>\n<p style=\"text-align: left;\" align=\"center\"><strong><span style=\"font-family: Arial; color: #000000;\">Parent View Panel with mosquito net,<\/span><\/strong><\/p>\n<p style=\"text-align: left;\" align=\"center\"><strong><span style=\"font-family: Arial; color: #000000;\">Five-point harness;<\/span><\/strong><\/p>\n<h3 style=\"text-align: left;\" align=\"center\"><strong><span style=\"font-size: medium; color: #000000;\"><span style=\"color: #e14d43;\">Comfortable car-seat:<\/span><br \/>\n<\/span><\/strong><\/h3>\n<p style=\"text-align: left;\" align=\"center\"><strong><span style=\"color: #000000;\">Group 0-10 kg:<\/span><\/strong><\/p>\n<p style=\"text-align: left;\" align=\"center\"><strong><span style=\"color: #000000;\">European approval ECE R44 \/ 04<\/span><\/strong><\/p>\n<p style=\"text-align: left;\" align=\"center\"><strong><span style=\"color: #000000;\">Mounted to the trolley by the adapter<\/span><\/strong><\/p>\n<p style=\"text-align: left;\" align=\"center\"><strong><span style=\"color: #000000;\">3 point harness<\/span><\/strong><\/p>\n<p style=\"text-align: left;\" align=\"center\"><strong><span style=\"color: #000000;\">Adjustable handle for carrying<\/span><\/strong><\/p>\n<p style=\"text-align: left;\" align=\"center\"><strong><span style=\"color: #000000;\">Removable cover<\/span><\/strong><\/p>\n<p style=\"text-align: left;\" align=\"center\"><strong><span style=\"color: #000000;\">Height-adjustable seat belts<\/span><\/strong><\/p>\n<p style=\"text-align: left;\" align=\"center\"><strong><span style=\"color: #000000;\">Front or rear-facing mode<\/span><\/strong><\/p>\n<h3 style=\"text-align: left;\" align=\"center\"><span style=\"color: #e14d43;\"><b>Price included:<\/b><\/span><\/h3>\n<p style=\"text-align: left;\" align=\"center\"><span style=\"font-size: 100%; color: #000000;\"><strong>4 wheels + frame<\/strong><\/span><\/p>\n<p style=\"text-align: left;\" align=\"center\"><span style=\"font-size: 100%; color: #000000;\"><strong><span style=\"font-family: Arial;\">\u2022 Carrycot<\/span><\/strong><\/span><\/p>\n<p style=\"text-align: left;\" align=\"center\"><span style=\"font-size: 100%; color: #000000;\"><strong><span style=\"font-family: Arial;\">\u2022 Pushchair<\/span><\/strong><\/span><\/p>\n<p style=\"text-align: left;\" align=\"center\"><span style=\"font-size: 100%; color: #000000;\"><strong><span style=\"font-family: Arial;\">\u2022 Carrycot with zipped cover\u00a0<\/span><\/strong><\/span><\/p>\n<p style=\"text-align: left;\" align=\"center\"><span style=\"font-size: 100%; color: #000000;\"><strong><span style=\"font-family: Arial;\">\u2022 Feet cover<\/span><\/strong><\/span><\/p>\n<p style=\"text-align: left;\" align=\"center\"><span style=\"font-size: 100%; color: #000000;\"><strong><span style=\"font-family: Arial;\">\u2022 Car seat<\/span><\/strong><\/span><\/p>\n<p style=\"text-align: left;\" align=\"center\"><span style=\"font-size: 100%; color: #000000;\"><strong><span style=\"font-family: Arial;\">\u2022 Hood and cover for the car seat<\/span><\/strong><\/span><\/p>\n<p style=\"text-align: left;\" align=\"center\"><span style=\"font-size: 100%; color: #000000;\"><strong><span style=\"font-family: Arial;\">\u2022 Mosquito net<\/span><\/strong><\/span><\/p>\n<p style=\"text-align: left;\" align=\"center\"><span style=\"font-size: 100%; color: #000000;\"><strong><span style=\"font-family: Arial;\">\u2022 Rain cover<\/span><\/strong><\/span><\/p>\n<p style=\"text-align: left;\" align=\"center\"><span style=\"font-size: 100%; color: #000000;\"><strong><span style=\"font-family: Arial;\">\u2022 diaper bag<\/span><\/strong><\/span><\/p>\n<p style=\"text-align: left;\" align=\"center\"><span style=\"font-size: 100%; color: #000000;\"><strong><span style=\"font-family: Arial;\">\u2022 plastic cup holder<\/span><\/strong><\/span><\/p>\n<p style=\"text-align: left;\" align=\"center\"><span style=\"font-size: 100%; color: #000000;\"><strong><span style=\"font-family: Arial;\">\u2022 cup tray<\/span><\/strong><\/span><\/p>\n<p style=\"text-align: left;\" align=\"center\"><span style=\"font-size: 100%; color: #000000;\"><strong>Large Shopping basket (up to 5kg)<\/strong><\/span><\/p>\n<p style=\"text-align: left;\" align=\"center\"><span style=\"font-size: 100%; color: #000000;\"><strong>12 months Warranty<\/strong><\/span><\/p>\n<p style=\"text-align: left;\" align=\"center\"><span style=\"font-size: 100%; color: #000000;\"><strong>Brand new and boxed<\/strong><\/span><\/p>\n<p style=\"text-align: left;\" align=\"center\"><span style=\"font-size: 100%; color: #000000;\"><strong>Instruction manual<\/strong><\/span><\/p>\n<h3 style=\"text-align: justify;\"><strong><span style=\"color: #e14d43;\">Dimensions:<\/span><\/strong><\/h3>\n<h3 style=\"text-align: justify;\"><strong><span style=\"font-family: Arial; color: #e14d43;\">Carrycot<\/span><\/strong><\/h3>\n<p style=\"text-align: justify;\"><strong><span style=\"font-family: Arial;\">\u2022 total weight of pram \u2013 15 kg<\/span><\/strong><\/p>\n<p style=\"text-align: justify;\"><strong><span style=\"font-family: Arial;\">\u2022 frame with carrycot: H.108 cm x W. 60 cm x L. 95 cm<\/span><\/strong><\/p>\n<h3 style=\"text-align: justify;\"><strong><span style=\"font-family: Arial;\"><span style=\"color: #e14d43;\">Pushchair<\/span>:<\/span><\/strong><\/h3>\n<p style=\"text-align: justify;\"><strong><span style=\"font-family: Arial;\">\u2022 frame with wheels: 14 kg<\/span><\/strong><\/p>\n<p style=\"text-align: justify;\"><strong><span style=\"font-family: Arial;\">\u2022 Dimensions of stroller: H. 110 cm x W. 39 cm x L. 75 cm<\/span><\/strong><\/p>\n<h3 style=\"text-align: justify;\"><strong><span style=\"font-family: Arial; color: #e14d43;\">Aut\u00f3s\u00fcl\u00e9s<\/span><\/strong><\/h3>\n<p style=\"text-align: justify;\"><strong><span style=\"font-family: Arial;\">\u2022 Weight: 3 kg<\/span><\/strong><\/p>\n<p style=\"text-align: justify;\"><strong><span style=\"font-family: Arial;\">\u2022 frame with a car seat: H. 110 cm<\/span><\/strong><\/p>\n<h3 style=\"text-align: justify;\"><strong><span style=\"font-family: Arial; color: #e14d43;\">Frame<\/span><\/strong><\/h3>\n<p style=\"text-align: justify;\"><strong><span style=\"font-family: Arial;\">\u2022 frame with wheels: 9.5 kg<\/span><\/strong><\/p>\n<p style=\"text-align: justify;\"><strong><span style=\"font-family: Arial;\">\u2022 The diameter of the wheels: front 10\u201d, rear 12\u201d<\/span><\/strong><\/p>\n<p style=\"text-align: justify;\"><strong>\u2022 folded measurements: 92 x 60 x 43 cm<\/strong><\/p>\n<p><a href=\"http:\/\/forbabyboss.com\/wp-content\/uploads\/2022\/09\/checkout.png\"><img loading=\"lazy\" decoding=\"async\" class=\"alignnone size-full wp-image-5965\" src=\"http:\/\/forbabyboss.com\/wp-content\/uploads\/2022\/09\/checkout.png\" alt=\"\" width=\"750\" height=\"276\" srcset=\"https:\/\/forbabyboss.com\/wp-content\/uploads\/2022\/09\/checkout.png 750w, https:\/\/forbabyboss.com\/wp-content\/uploads\/2022\/09\/checkout-600x221.png 600w\" sizes=\"auto, (max-width: 750px) 100vw, 750px\" \/><\/a><\/p>","protected":false},"excerpt":{"rendered":"<p><a href=\"http:\/\/forbabyboss.com\/wp-content\/uploads\/2022\/09\/Star-Rating-5.png\"><img loading=\"lazy\" decoding=\"async\" class=\"alignnone size-full wp-image-5973 aligncenter\" src=\"http:\/\/forbabyboss.com\/wp-content\/uploads\/2022\/09\/Star-Rating-5.png\" alt=\"\" width=\"275\" height=\"45\" \/><\/a><\/p>\n<p style=\"text-align: center;\"><span style=\"color: #e14d43;\"><strong>PRICE MATCH GUARANTEE<\/strong><\/span><\/p>\n<p style=\"text-align: center;\"><span style=\"font-weight: 400; color: #003366;\">Free Delivery<\/span><span style=\"font-weight: 400;\"> \u2013 2 \u2013 7 days<\/span><\/p>\n<p style=\"text-align: center;\"><span style=\"color: #008000;\"><strong>Free gift with purchases over \u00a3100<\/strong><\/span><\/p>","protected":false},"featured_media":3938,"template":"","meta":[],"product_brand":[],"product_cat":[157,156,213,305,210,130,209,211],"product_tag":[163,171],"class_list":{"0":"post-3937","1":"product","2":"type-product","3":"status-publish","4":"has-post-thumbnail","6":"product_cat-2-in-1","7":"product_cat-3-in-1","8":"product_cat-blue","9":"product_cat-colour","10":"product_cat-grey","11":"product_cat-prams","12":"product_cat-push-chairs","13":"product_cat-stroller","14":"product_tag-3-in-1-prams","15":"product_tag-pram","17":"first","18":"instock","19":"sale","20":"shipping-taxable","21":"purchasable","22":"product-type-simple"},"yoast_head":"<!-- This site is optimized with the Yoast SEO plugin v27.0 - https:\/\/yoast.com\/product\/yoast-seo-wordpress\/ -->\n<title>Baby Pram Pushchair Carrycot Car Seat TWIST 3in1 Travel System - TW12 Torquoise-Grey - For Baby Boss<\/title>\n<meta name=\"description\" content=\"Baby Pram Pushchair Carrycot Car Seat TWIST 3in1 Travel System - TW12 Torquoise-Grey\" \/>\n<meta name=\"robots\" content=\"index, follow, max-snippet:-1, max-image-preview:large, max-video-preview:-1\" \/>\n<link rel=\"canonical\" href=\"https:\/\/forbabyboss.com\/hu\/termek\/baby-pram-pushchair-carrycot-car-seat-twist-3in1-travel-system-tw12-torquoise-grey\/\" \/>\n<meta property=\"og:locale\" content=\"hu_HU\" \/>\n<meta property=\"og:type\" content=\"article\" \/>\n<meta property=\"og:title\" content=\"Baby Pram Pushchair Carrycot Car Seat TWIST 3in1 Travel System - TW12 Torquoise-Grey - For Baby Boss\" \/>\n<meta property=\"og:description\" content=\"Baby Pram Pushchair Carrycot Car Seat TWIST 3in1 Travel System - TW12 Torquoise-Grey\" \/>\n<meta property=\"og:url\" content=\"https:\/\/forbabyboss.com\/hu\/termek\/baby-pram-pushchair-carrycot-car-seat-twist-3in1-travel-system-tw12-torquoise-grey\/\" \/>\n<meta property=\"og:site_name\" content=\"For Baby Boss\" \/>\n<meta property=\"article:modified_time\" content=\"2023-10-03T11:15:17+00:00\" \/>\n<meta property=\"og:image\" content=\"https:\/\/forbabyboss.com\/wp-content\/uploads\/2022\/09\/Baby-Pram-Pushchair-Buggy-Stroller-Carrycot-Car-Seat-TWIST-3in1-Travel-System-TW12-Torquoise-Grey_main.jpg\" \/>\n\t<meta property=\"og:image:width\" content=\"1600\" \/>\n\t<meta property=\"og:image:height\" content=\"1283\" \/>\n\t<meta property=\"og:image:type\" content=\"image\/jpeg\" \/>\n<meta name=\"twitter:card\" content=\"summary_large_image\" \/>\n<meta name=\"twitter:label1\" content=\"Becs\u00fclt olvas\u00e1si id\u0151\" \/>\n\t<meta name=\"twitter:data1\" content=\"2 perc\" \/>\n<script type=\"application\/ld+json\" class=\"yoast-schema-graph\">{\"@context\":\"https:\/\/schema.org\",\"@graph\":[{\"@type\":\"WebPage\",\"@id\":\"https:\/\/forbabyboss.com\/product\/baby-pram-pushchair-carrycot-car-seat-twist-3in1-travel-system-tw12-torquoise-grey\/\",\"url\":\"https:\/\/forbabyboss.com\/product\/baby-pram-pushchair-carrycot-car-seat-twist-3in1-travel-system-tw12-torquoise-grey\/\",\"name\":\"Baby Pram Pushchair Carrycot Car Seat TWIST 3in1 Travel System - TW12 Torquoise-Grey - For Baby Boss\",\"isPartOf\":{\"@id\":\"https:\/\/powderblue-seahorse-496884.hostingersite.com\/#website\"},\"primaryImageOfPage\":{\"@id\":\"https:\/\/forbabyboss.com\/product\/baby-pram-pushchair-carrycot-car-seat-twist-3in1-travel-system-tw12-torquoise-grey\/#primaryimage\"},\"image\":{\"@id\":\"https:\/\/forbabyboss.com\/product\/baby-pram-pushchair-carrycot-car-seat-twist-3in1-travel-system-tw12-torquoise-grey\/#primaryimage\"},\"thumbnailUrl\":\"https:\/\/forbabyboss.com\/wp-content\/uploads\/2022\/09\/Baby-Pram-Pushchair-Buggy-Stroller-Carrycot-Car-Seat-TWIST-3in1-Travel-System-TW12-Torquoise-Grey_main.jpg\",\"datePublished\":\"2022-09-19T14:28:17+00:00\",\"dateModified\":\"2023-10-03T11:15:17+00:00\",\"description\":\"Baby Pram Pushchair Carrycot Car Seat TWIST 3in1 Travel System - TW12 Torquoise-Grey\",\"breadcrumb\":{\"@id\":\"https:\/\/forbabyboss.com\/product\/baby-pram-pushchair-carrycot-car-seat-twist-3in1-travel-system-tw12-torquoise-grey\/#breadcrumb\"},\"inLanguage\":\"hu\",\"potentialAction\":[{\"@type\":\"ReadAction\",\"target\":[\"https:\/\/forbabyboss.com\/product\/baby-pram-pushchair-carrycot-car-seat-twist-3in1-travel-system-tw12-torquoise-grey\/\"]}]},{\"@type\":\"ImageObject\",\"inLanguage\":\"hu\",\"@id\":\"https:\/\/forbabyboss.com\/product\/baby-pram-pushchair-carrycot-car-seat-twist-3in1-travel-system-tw12-torquoise-grey\/#primaryimage\",\"url\":\"https:\/\/forbabyboss.com\/wp-content\/uploads\/2022\/09\/Baby-Pram-Pushchair-Buggy-Stroller-Carrycot-Car-Seat-TWIST-3in1-Travel-System-TW12-Torquoise-Grey_main.jpg\",\"contentUrl\":\"https:\/\/forbabyboss.com\/wp-content\/uploads\/2022\/09\/Baby-Pram-Pushchair-Buggy-Stroller-Carrycot-Car-Seat-TWIST-3in1-Travel-System-TW12-Torquoise-Grey_main.jpg\",\"width\":1600,\"height\":1283},{\"@type\":\"BreadcrumbList\",\"@id\":\"https:\/\/forbabyboss.com\/product\/baby-pram-pushchair-carrycot-car-seat-twist-3in1-travel-system-tw12-torquoise-grey\/#breadcrumb\",\"itemListElement\":[{\"@type\":\"ListItem\",\"position\":1,\"name\":\"Home\",\"item\":\"https:\/\/forbabyboss.com\/\"},{\"@type\":\"ListItem\",\"position\":2,\"name\":\"Shop\",\"item\":\"https:\/\/forbabyboss.com\/shop\/\"},{\"@type\":\"ListItem\",\"position\":3,\"name\":\"Baby Pram Pushchair Carrycot Car Seat TWIST 3in1 Travel System &#8211; TW12 Torquoise-Grey\"}]},{\"@type\":\"WebSite\",\"@id\":\"https:\/\/powderblue-seahorse-496884.hostingersite.com\/#website\",\"url\":\"https:\/\/powderblue-seahorse-496884.hostingersite.com\/\",\"name\":\"For Baby Boss\",\"description\":\"Beautiful gifts and accessories for your baby boss\",\"potentialAction\":[{\"@type\":\"SearchAction\",\"target\":{\"@type\":\"EntryPoint\",\"urlTemplate\":\"https:\/\/powderblue-seahorse-496884.hostingersite.com\/?s={search_term_string}\"},\"query-input\":{\"@type\":\"PropertyValueSpecification\",\"valueRequired\":true,\"valueName\":\"search_term_string\"}}],\"inLanguage\":\"hu\"}]}<\/script>\n<!-- \/ Yoast SEO plugin. -->","yoast_head_json":{"title":"Baby Pram Pushchair Carrycot Car Seat TWIST 3in1 Travel System - TW12 Torquoise-Grey - For Baby Boss","description":"Baby Pram Pushchair Carrycot Car Seat TWIST 3in1 Travel System - TW12 Torquoise-Grey","robots":{"index":"index","follow":"follow","max-snippet":"max-snippet:-1","max-image-preview":"max-image-preview:large","max-video-preview":"max-video-preview:-1"},"canonical":"https:\/\/forbabyboss.com\/hu\/termek\/baby-pram-pushchair-carrycot-car-seat-twist-3in1-travel-system-tw12-torquoise-grey\/","og_locale":"hu_HU","og_type":"article","og_title":"Baby Pram Pushchair Carrycot Car Seat TWIST 3in1 Travel System - TW12 Torquoise-Grey - For Baby Boss","og_description":"Baby Pram Pushchair Carrycot Car Seat TWIST 3in1 Travel System - TW12 Torquoise-Grey","og_url":"https:\/\/forbabyboss.com\/hu\/termek\/baby-pram-pushchair-carrycot-car-seat-twist-3in1-travel-system-tw12-torquoise-grey\/","og_site_name":"For Baby Boss","article_modified_time":"2023-10-03T11:15:17+00:00","og_image":[{"width":1600,"height":1283,"url":"https:\/\/forbabyboss.com\/wp-content\/uploads\/2022\/09\/Baby-Pram-Pushchair-Buggy-Stroller-Carrycot-Car-Seat-TWIST-3in1-Travel-System-TW12-Torquoise-Grey_main.jpg","type":"image\/jpeg"}],"twitter_card":"summary_large_image","twitter_misc":{"Becs\u00fclt olvas\u00e1si id\u0151":"2 perc"},"schema":{"@context":"https:\/\/schema.org","@graph":[{"@type":"WebPage","@id":"https:\/\/forbabyboss.com\/product\/baby-pram-pushchair-carrycot-car-seat-twist-3in1-travel-system-tw12-torquoise-grey\/","url":"https:\/\/forbabyboss.com\/product\/baby-pram-pushchair-carrycot-car-seat-twist-3in1-travel-system-tw12-torquoise-grey\/","name":"Baby Pram Pushchair Carrycot Car Seat TWIST 3in1 Travel System - TW12 Torquoise-Grey - For Baby Boss","isPartOf":{"@id":"https:\/\/powderblue-seahorse-496884.hostingersite.com\/#website"},"primaryImageOfPage":{"@id":"https:\/\/forbabyboss.com\/product\/baby-pram-pushchair-carrycot-car-seat-twist-3in1-travel-system-tw12-torquoise-grey\/#primaryimage"},"image":{"@id":"https:\/\/forbabyboss.com\/product\/baby-pram-pushchair-carrycot-car-seat-twist-3in1-travel-system-tw12-torquoise-grey\/#primaryimage"},"thumbnailUrl":"https:\/\/forbabyboss.com\/wp-content\/uploads\/2022\/09\/Baby-Pram-Pushchair-Buggy-Stroller-Carrycot-Car-Seat-TWIST-3in1-Travel-System-TW12-Torquoise-Grey_main.jpg","datePublished":"2022-09-19T14:28:17+00:00","dateModified":"2023-10-03T11:15:17+00:00","description":"Baby Pram Pushchair Carrycot Car Seat TWIST 3in1 Travel System - TW12 Torquoise-Grey","breadcrumb":{"@id":"https:\/\/forbabyboss.com\/product\/baby-pram-pushchair-carrycot-car-seat-twist-3in1-travel-system-tw12-torquoise-grey\/#breadcrumb"},"inLanguage":"hu","potentialAction":[{"@type":"ReadAction","target":["https:\/\/forbabyboss.com\/product\/baby-pram-pushchair-carrycot-car-seat-twist-3in1-travel-system-tw12-torquoise-grey\/"]}]},{"@type":"ImageObject","inLanguage":"hu","@id":"https:\/\/forbabyboss.com\/product\/baby-pram-pushchair-carrycot-car-seat-twist-3in1-travel-system-tw12-torquoise-grey\/#primaryimage","url":"https:\/\/forbabyboss.com\/wp-content\/uploads\/2022\/09\/Baby-Pram-Pushchair-Buggy-Stroller-Carrycot-Car-Seat-TWIST-3in1-Travel-System-TW12-Torquoise-Grey_main.jpg","contentUrl":"https:\/\/forbabyboss.com\/wp-content\/uploads\/2022\/09\/Baby-Pram-Pushchair-Buggy-Stroller-Carrycot-Car-Seat-TWIST-3in1-Travel-System-TW12-Torquoise-Grey_main.jpg","width":1600,"height":1283},{"@type":"BreadcrumbList","@id":"https:\/\/forbabyboss.com\/product\/baby-pram-pushchair-carrycot-car-seat-twist-3in1-travel-system-tw12-torquoise-grey\/#breadcrumb","itemListElement":[{"@type":"ListItem","position":1,"name":"Home","item":"https:\/\/forbabyboss.com\/"},{"@type":"ListItem","position":2,"name":"Shop","item":"https:\/\/forbabyboss.com\/shop\/"},{"@type":"ListItem","position":3,"name":"Baby Pram Pushchair Carrycot Car Seat TWIST 3in1 Travel System &#8211; TW12 Torquoise-Grey"}]},{"@type":"WebSite","@id":"https:\/\/powderblue-seahorse-496884.hostingersite.com\/#website","url":"https:\/\/powderblue-seahorse-496884.hostingersite.com\/","name":"A Baby Boss sz\u00e1m\u00e1ra","description":"Gy\u00f6ny\u00f6r\u0171 aj\u00e1nd\u00e9kok \u00e9s kieg\u00e9sz\u00edt\u0151k a baba f\u0151n\u00f6k\u00e9nek","potentialAction":[{"@type":"SearchAction","target":{"@type":"EntryPoint","urlTemplate":"https:\/\/powderblue-seahorse-496884.hostingersite.com\/?s={search_term_string}"},"query-input":{"@type":"PropertyValueSpecification","valueRequired":true,"valueName":"search_term_string"}}],"inLanguage":"hu"}]}},"_links":{"self":[{"href":"https:\/\/forbabyboss.com\/hu\/wp-json\/wp\/v2\/product\/3937","targetHints":{"allow":["GET"]}}],"collection":[{"href":"https:\/\/forbabyboss.com\/hu\/wp-json\/wp\/v2\/product"}],"about":[{"href":"https:\/\/forbabyboss.com\/hu\/wp-json\/wp\/v2\/types\/product"}],"wp:featuredmedia":[{"embeddable":true,"href":"https:\/\/forbabyboss.com\/hu\/wp-json\/wp\/v2\/media\/3938"}],"wp:attachment":[{"href":"https:\/\/forbabyboss.com\/hu\/wp-json\/wp\/v2\/media?parent=3937"}],"wp:term":[{"taxonomy":"product_brand","embeddable":true,"href":"https:\/\/forbabyboss.com\/hu\/wp-json\/wp\/v2\/product_brand?post=3937"},{"taxonomy":"product_cat","embeddable":true,"href":"https:\/\/forbabyboss.com\/hu\/wp-json\/wp\/v2\/product_cat?post=3937"},{"taxonomy":"product_tag","embeddable":true,"href":"https:\/\/forbabyboss.com\/hu\/wp-json\/wp\/v2\/product_tag?post=3937"}],"curies":[{"name":"wp","href":"https:\/\/api.w.org\/{rel}","templated":true}]}}