{"id":3971,"date":"2022-09-20T14:19:27","date_gmt":"2022-09-20T14:19:27","guid":{"rendered":"http:\/\/forbabyboss.com\/?post_type=product&#038;p=3971"},"modified":"2023-10-03T11:15:14","modified_gmt":"2023-10-03T11:15:14","slug":"babakocsi-utazorendszer-4-az-1-ben-bw1-bezs","status":"publish","type":"product","link":"https:\/\/forbabyboss.com\/hu\/product\/baby-pram-pushchair-travel-system-4in1-bw1-beige\/","title":{"rendered":"Babakocsi Utaz\u00f3rendszer 4 az 1-ben \u2013 BW1 B\u00e9zs"},"content":{"rendered":"<h1 style=\"text-align: left;\"><span style=\"color: #e14d43;\"><strong><span style=\"font-size: 120%;\">Bavario Baby Luxury babakocsi utaz\u00f3rendszer 3 az 1-ben + aut\u00f3s\u00fcl\u00e9s + es\u0151v\u00e9d\u0151<\/span><\/strong><\/span><\/h1>\n<p style=\"text-align: justify;\"><strong><span style=\"color: #000000;\">A BAVARIO egy modern, t\u00f6bbfunkci\u00f3s babakocsi-utaz\u00f3rendszer, amelyet olyan sz\u00fcl\u0151k sz\u00e1m\u00e1ra terveztek, akik hossz\u00fa t\u00e1von is haszn\u00e1lhat\u00f3 term\u00e9ket keresnek. A gyermek ig\u00e9nyeit\u0151l \u00e9s \u00e9letkor\u00e1t\u00f3l f\u00fcgg\u0151en a Bavario babakocsik\u00e9nt vagy babakocsik\u00e9nt is funkcion\u00e1l. \u00dagy tervezt\u00e9k, hogy k\u00e9nyelmesen sz\u00e1ll\u00edthassa bab\u00e1j\u00e1t vagy kisgyermek\u00e9t sz\u00fclet\u00e9st\u0151l 3 \u00e9ves korig vagy 0-15 kg-ig.<\/span><\/strong><\/p>\n<p style=\"text-align: justify;\" align=\"center\"><strong><span style=\"font-size: medium; color: #000000;\">Eur\u00f3p\u00e1ban k\u00e9sz\u00fclt, kiv\u00e1l\u00f3 min\u0151s\u00e9g\u0171 anyagokb\u00f3l, k\u00f6nny\u0171 alum\u00ednium\/ac\u00e9l v\u00e1zzal, modern st\u00edlusban tervezve.<\/span><\/strong><\/p>\n<p style=\"text-align: justify;\" align=\"center\"><strong><span style=\"font-size: medium; color: #000000;\">EN 1888:2004 eur\u00f3pai biztons\u00e1gi szabv\u00e1ny.<\/span><\/strong><\/p>\n<p style=\"text-align: justify;\" align=\"center\"><strong><span style=\"font-size: medium; color: #000000;\">Az alum\u00ednium-ac\u00e9l v\u00e1z, az \u00e1ll\u00edthat\u00f3 leng\u00e9scsillap\u00edt\u00f3kkal nagyon k\u00f6nny\u0171v\u00e9 teszi a vezet\u00e9st.<br \/>\n<\/span><\/strong><\/p>\n<p style=\"text-align: justify;\" align=\"center\"><strong><span style=\"font-size: medium; color: #000000;\">A gurul\u00f3s kocsi burkolata a legmagasabb min\u0151s\u00e9g\u0171 impregn\u00e1lt anyagokb\u00f3l k\u00e9sz\u00fclt, gyerekbar\u00e1t. Az anyagok nem fakulnak ki, v\u00edz\u00e1ll\u00f3ak, ide\u00e1lis leveg\u0151h\u0151m\u00e9rs\u00e9kletet biztos\u00edtanak az id\u0151j\u00e1r\u00e1si viszonyokt\u00f3l f\u00fcgg\u0151en. A kivehet\u0151 bels\u0151 r\u00e9szek \u00e9s huzatok hipoallerg\u00e9n pamuttal vannak t\u00f6ltve.\u00a0<\/span><\/strong><\/p>\n<h1 style=\"text-align: justify;\" align=\"center\"><span style=\"color: #e14d43;\"><strong><span style=\"font-size: medium;\">Term\u00e9kjellemz\u0151k<span style=\"color: #000000;\">:<\/span><\/span><\/strong><\/span><\/h1>\n<ul>\n<li style=\"text-align: left;\"><strong><span style=\"font-size: medium; color: #000000;\">3 az 1-ben utaz\u00f3rendszer<br \/>\n<\/span><\/strong><\/li>\n<li style=\"text-align: left;\"><strong><span style=\"font-size: medium; color: #000000;\">Massz\u00edv, k\u00f6nny\u0171 alum\u00ednium-ac\u00e9l v\u00e1z;<br \/>\n<\/span><\/strong><\/li>\n<li style=\"text-align: left;\"><strong><span style=\"font-size: medium; color: #000000;\">\u00c1ll\u00edthat\u00f3 leng\u00e9scsillap\u00edt\u00f3k<\/span><\/strong><\/li>\n<li style=\"text-align: left;\"><strong><span style=\"font-size: medium; color: #000000;\">K\u00f6nny\u0171 keret\u00f6sszecsuk\u00f3 rendszer<\/span><\/strong><\/li>\n<\/ul>\n<h1><strong><span style=\"font-size: medium; color: #000000;\"><span style=\"color: #e14d43; font-size: 100%;\">Babakocsi<\/span>:<\/span><\/strong><\/h1>\n<ul>\n<li style=\"text-align: justify;\"><strong><span style=\"font-size: medium; color: #000000;\">\u00c1ll\u00edthat\u00f3 kapucni \/ Luxus b\u00e9l\u00e9s \/ Huzat \/ Levehet\u0151 l\u00f6kh\u00e1r\u00edt\u00f3 r\u00fad<br \/>\n<\/span><\/strong><\/li>\n<li style=\"text-align: justify;\"><strong><span style=\"font-size: medium; color: #000000;\">A bels\u0151 r\u00e9sz gyerekbar\u00e1t, hipoallerg\u00e9n, l\u00e9g\u00e1tereszt\u0151 pamutb\u00f3l k\u00e9sz\u00fclt<br \/>\n<\/span><\/strong><\/li>\n<li style=\"text-align: justify;\"><strong><span style=\"font-size: medium; color: #000000;\">Z\u00e1rolhat\u00f3, 360\u00b0-ban elforgathat\u00f3, felf\u00fajhat\u00f3 els\u0151 kerekek csap\u00e1gyakkal,<br \/>\n<\/span><\/strong><\/li>\n<li style=\"text-align: justify;\"><strong><span style=\"font-size: medium; color: #000000;\">k\u00f6zponti f\u00e9k \u201cstop &amp; go\u201d;<br \/>\n<\/span><\/strong><\/li>\n<li style=\"text-align: justify;\"><strong><span style=\"font-size: medium; color: #000000;\">Eldobhat\u00f3 kapucni a jobb \u00e1rny\u00e9kol\u00e1sv\u00e9delem\u00e9rt az \u00fcl\u0151r\u00e9szben;<br \/>\n<\/span><\/strong><\/li>\n<li style=\"text-align: justify;\"><strong><span style=\"font-size: medium; color: #000000;\">Vastag, puha matraccal b\u00e9lelt m\u00f3zeskos\u00e1r,<br \/>\n<\/span><\/strong><\/li>\n<li style=\"text-align: justify;\"><strong><span style=\"font-size: medium; color: #000000;\">Szell\u0151ztethet\u0151 m\u00f3zeskos\u00e1r \u00e9s \u00fcl\u00e9stet\u0151;<br \/>\n<\/span><\/strong><\/li>\n<li style=\"text-align: justify;\"><strong><span style=\"font-size: medium; color: #000000;\">4 ponton \u00e1ll\u00edthat\u00f3, \u00f6ko b\u0151rrel bevont foganty\u00fa;<br \/>\n<\/span><\/strong><\/li>\n<li style=\"text-align: justify;\"><strong><span style=\"font-size: medium; color: #000000;\">El\u0151re \u00e9s h\u00e1trafel\u00e9 n\u00e9z\u0151 rendszer,<\/span><\/strong><\/li>\n<\/ul>\n<h1><strong><span style=\"font-size: medium; color: #000000;\"><span style=\"color: #e14d43; font-size: 100%;\">Babakocsi<\/span>:<\/span><\/strong><\/h1>\n<ul>\n<li style=\"text-align: justify;\"><strong><span style=\"font-size: medium; color: #000000;\">\u00e1ll\u00edthat\u00f3 l\u00e1btart\u00f3val \u00e9s h\u00e1tt\u00e1ml\u00e1val felszerelt;<br \/>\n<\/span><\/strong><\/li>\n<li style=\"text-align: justify;\"><strong><span style=\"font-size: medium; color: #000000;\">Levehet\u0151 l\u00f6kh\u00e1r\u00edt\u00f3 r\u00fad<u><\/u><br \/>\n<\/span><\/strong><\/li>\n<li style=\"text-align: justify;\"><strong><span style=\"font-size: medium; color: #000000;\">Sz\u00fcl\u0151i n\u00e9zet panel k\u00f6r\u00f6s-k\u00f6r\u00fcl sz\u00fanyogh\u00e1l\u00f3val,<br \/>\n<\/span><\/strong><\/li>\n<li style=\"text-align: justify;\"><strong><span style=\"font-size: medium; color: #000000;\">T\u00f6bbf\u00e9le d\u00f6nthet\u0151 poz\u00edci\u00f3<\/span><\/strong><\/li>\n<li style=\"text-align: justify;\"><strong><span style=\"font-size: medium; color: #000000;\">Levehet\u0151 fed\u00e9l<u><\/u><br \/>\n<\/span><\/strong><\/li>\n<li style=\"text-align: justify;\"><strong><span style=\"font-size: medium; color: #000000;\">Megford\u00edthat\u00f3 \u00fcl\u00e9segys\u00e9g sz\u00fcl\u0151i n\u00e9zethez<br \/>\n<\/span><\/strong><\/li>\n<li style=\"text-align: justify;\"><strong><span style=\"font-size: medium; color: #000000;\">\u00d6tpontos biztons\u00e1gi \u00f6v;<\/span><\/strong><\/li>\n<\/ul>\n<h1><strong><span style=\"font-size: medium; color: #000000;\"><span style=\"font-size: 100%; color: #e14d43;\">K\u00e9nyelmes aut\u00f3s\u00fcl\u00e9s<\/span>:<\/span><\/strong><\/h1>\n<ul>\n<li style=\"text-align: justify;\"><strong><span style=\"font-size: medium; color: #000000;\">0-10 kg-os csoport:<br \/>\n<\/span><\/strong><\/li>\n<li style=\"text-align: justify;\"><strong><span style=\"font-size: medium; color: #000000;\">Eur\u00f3pai j\u00f3v\u00e1hagy\u00e1s ECE R44\/04<br \/>\n<\/span><\/strong><\/li>\n<li style=\"text-align: justify;\"><strong><span style=\"font-size: medium; color: #000000;\">A babakocsi v\u00e1z\u00e1ra szerelve<br \/>\n<\/span><\/strong><\/li>\n<li style=\"text-align: justify;\"><strong><span style=\"font-size: medium; color: #000000;\">3 pontos biztons\u00e1gi \u00f6v<br \/>\n<\/span><\/strong><\/li>\n<li style=\"text-align: justify;\"><strong><span style=\"font-size: medium; color: #000000;\">\u00c1ll\u00edthat\u00f3 foganty\u00fa a hordoz\u00e1shoz<br \/>\n<\/span><\/strong><\/li>\n<li style=\"text-align: justify;\"><strong><span style=\"font-size: medium; color: #000000;\">Levehet\u0151 fed\u00e9l<br \/>\n<\/span><\/strong><\/li>\n<li style=\"text-align: justify;\"><strong><span style=\"font-size: medium; color: #000000;\">Magass\u00e1gban \u00e1ll\u00edthat\u00f3 biztons\u00e1gi \u00f6vek<br \/>\n<\/span><\/strong><\/li>\n<li style=\"text-align: justify;\"><strong><span style=\"font-size: medium; color: #000000;\">El\u0151re vagy h\u00e1trafel\u00e9 n\u00e9z\u0151 m\u00f3d<\/span><\/strong><\/li>\n<li style=\"text-align: justify;\"><strong><span style=\"font-size: medium; color: #000000;\">Az aut\u00f3s\u00fcl\u00e9s b\u00f6lcs\u0151k\u00e9nt val\u00f3 haszn\u00e1lat\u00e1nak lehet\u0151s\u00e9ge<\/span><\/strong><\/li>\n<\/ul>\n<h1 style=\"text-align: left;\" align=\"center\"><strong><span style=\"color: #000000; font-size: large;\"><span style=\"font-size: 100%; color: #e14d43;\">Az \u00e1r tartalmazza<\/span>:<\/span><\/strong><\/h1>\n<p style=\"text-align: left;\" align=\"center\"><strong><span style=\"font-size: medium; color: #000000;\">Alum\u00ednium-ac\u00e9l v\u00e1z<br \/>\n<\/span><\/strong><\/p>\n<p style=\"text-align: left;\" align=\"center\"><strong><span style=\"font-size: medium; color: #000000;\">M\u00f3zeskos\u00e1r<br \/>\n<\/span><\/strong><\/p>\n<p style=\"text-align: left;\" align=\"center\"><strong><span style=\"font-size: medium; color: #000000;\">Babakocsi<br \/>\n<\/span><\/strong><\/p>\n<p style=\"text-align: left;\" align=\"center\"><strong><span style=\"font-size: medium; color: #000000;\">Takar\u00f3 \u00e9s matrac<br \/>\n<\/span><\/strong><\/p>\n<p style=\"text-align: left;\" align=\"center\"><strong><span style=\"font-size: medium; color: #000000;\">L\u00e1btakar\u00f3<br \/>\n<\/span><\/strong><\/p>\n<p style=\"text-align: left;\" align=\"center\"><strong><span style=\"font-size: medium; color: #000000;\">Aut\u00f3s\u00fcl\u00e9s<br \/>\n<\/span><\/strong><\/p>\n<p style=\"text-align: left;\" align=\"center\"><strong><span style=\"font-size: medium; color: #000000;\">Motorh\u00e1ztet\u0151 \u00e9s huzat az aut\u00f3s\u00fcl\u00e9shez<br \/>\n<\/span><\/strong><\/p>\n<p style=\"text-align: left;\" align=\"center\"><strong><span style=\"font-size: medium; color: #000000;\">Levehet\u0151 l\u00f6kh\u00e1r\u00edt\u00f3 r\u00fad<br \/>\n<\/span><\/strong><\/p>\n<p style=\"text-align: left;\" align=\"center\"><strong><span style=\"font-size: medium; color: #000000;\">2 es\u0151v\u00e9d\u0151 huzat<br \/>\n<\/span><\/strong><\/p>\n<p style=\"text-align: left;\" align=\"center\"><strong><span style=\"font-size: medium; color: #000000;\">V\u00e1llp\u00e1ntos t\u00e1ska kieg\u00e9sz\u00edt\u0151knek<br \/>\n<\/span><\/strong><\/p>\n<p style=\"text-align: left;\" align=\"center\"><strong><span style=\"font-size: medium; color: #000000;\">Kos\u00e1r<br \/>\n<\/span><\/strong><\/p>\n<p style=\"text-align: left;\" align=\"center\"><strong><span style=\"font-size: medium; color: #000000;\">ISOFIX ALAP \u2013 opcion\u00e1lis<\/span><\/strong><\/p>\n<p><strong><span style=\"color: #000000;\"><span style=\"font-size: medium;\"><span style=\"color: #e14d43;\">M\u0171szaki adatok<\/span>:<\/span><\/span><\/strong><\/p>\n<div style=\"text-align: justify;\"><strong><span style=\"font-size: medium; color: #000000;\"><span style=\"color: #e14d43;\">M\u00f3zeskos\u00e1r<\/span><br \/>\n\u2013 s\u00faly \u2013 4,5 kg<br \/>\n\u2013 a babakocsi teljes s\u00falya \u2013 14,5 kg<br \/>\n\u2013 v\u00e1z m\u00f3zeskos\u00e1rral: Ma. 115 cm x Sz. 60 cm x H. 110 cm<br \/>\n\u2013 Bels\u0151 m\u00e9retek: Sz. 38 cm x H. 80 cm x M. 20 cm<br \/>\n<\/span><\/strong><\/div>\n<div><\/div>\n<div style=\"text-align: justify;\"><strong><span style=\"font-size: medium; color: #000000;\"><span style=\"color: #e14d43;\">Babakocsi<\/span>:<br \/>\n<\/span><\/strong><\/div>\n<div style=\"text-align: justify;\"><strong><span style=\"font-size: medium; color: #000000;\">\u2013 kerekes v\u00e1z: 15,5 kg<\/span><\/strong><\/div>\n<div style=\"text-align: justify;\"><strong><span style=\"color: #000000;\"><span style=\"font-size: medium;\">\u2013 \u00fcl\u00e9s: Ma 38cm Sz 34cm M\u00e9 30cm<br \/>\n\u2013 Babakocsi m\u00e9retei: Ma. 114 cm x Sz. 60 cm x H. 90 cm<br \/>\n<\/span><\/span><\/strong><\/div>\n<div><\/div>\n<div style=\"text-align: justify;\"><strong><span style=\"color: #000000;\"><span style=\"font-size: medium;\"><span style=\"color: #e14d43;\">Aut\u00f3s\u00fcl\u00e9s<\/span><\/span><\/span><\/strong><\/div>\n<div style=\"text-align: justify;\"><strong><span style=\"color: #000000;\"><span style=\"font-size: medium;\">S\u00faly: 4,8 kg<br \/>\n<\/span><\/span><\/strong><\/div>\n<div style=\"text-align: justify;\"><strong><span style=\"color: #000000;\"><span style=\"font-size: medium;\">\u2013 aut\u00f3s\u00fcl\u00e9s v\u00e1zzal \u00e9s kerekekkel: 14,8 kg<\/span><span style=\"font-size: medium;\"><br \/>\n\u2013 v\u00e1z aut\u00f3s\u00fcl\u00e9ssel: Ma. 108 cm x Sz. 63 cm x H. 84 cm<br \/>\n<\/span><\/span><\/strong><\/div>\n<div><\/div>\n<div style=\"text-align: justify;\"><strong><span style=\"color: #000000;\"><span style=\"font-size: medium;\"><span style=\"color: #e14d43;\">Keret<\/span><\/span><\/span><\/strong><\/div>\n<div style=\"text-align: justify;\"><strong><span style=\"color: #000000;\"><span style=\"font-size: medium;\">\u2013 kerekes v\u00e1z: 10 kg<br \/>\n\u2013 Kerekek \u00e1tm\u00e9r\u0151je: el\u00f6l 25 cm, h\u00e1tul 31 cm<\/span><\/span><\/strong><\/div>\n<div style=\"text-align: justify;\"><strong><span style=\"font-size: medium; color: #000000;\">\u2013 K\u00f6nnyen \u00f6sszecsukhat\u00f3: Ma 30cm x Sz 60cm x H 90cm<\/span><\/strong><\/div>\n<div><a href=\"http:\/\/forbabyboss.com\/wp-content\/uploads\/2022\/09\/checkout.png\"><img loading=\"lazy\" decoding=\"async\" class=\"alignnone size-full wp-image-5965\" src=\"http:\/\/forbabyboss.com\/wp-content\/uploads\/2022\/09\/checkout.png\" alt=\"\" width=\"750\" height=\"276\" srcset=\"https:\/\/forbabyboss.com\/wp-content\/uploads\/2022\/09\/checkout.png 750w, https:\/\/forbabyboss.com\/wp-content\/uploads\/2022\/09\/checkout-600x221.png 600w\" sizes=\"auto, (max-width: 750px) 100vw, 750px\" \/><\/a><\/div>","protected":false},"excerpt":{"rendered":"<p><a href=\"http:\/\/forbabyboss.com\/wp-content\/uploads\/2022\/09\/Star-Rating-5.png\"><img loading=\"lazy\" decoding=\"async\" class=\"alignnone size-full wp-image-5973 aligncenter\" src=\"http:\/\/forbabyboss.com\/wp-content\/uploads\/2022\/09\/Star-Rating-5.png\" alt=\"\" width=\"275\" height=\"45\" \/><\/a><\/p>\n<p style=\"text-align: center;\"><span style=\"color: #e14d43;\"><strong>\u00c1RGARANCIA<\/strong><\/span><\/p>\n<p style=\"text-align: center;\"><span style=\"font-weight: 400; color: #003366;\">Ingyenes kisz\u00e1ll\u00edt\u00e1s<\/span><span style=\"font-weight: 400;\"> \u2013 2 \u2013 7 nap<\/span><\/p>\n<p style=\"text-align: center;\"><span style=\"color: #008000;\"><strong>Ingyenes aj\u00e1nd\u00e9k 100 font feletti v\u00e1s\u00e1rl\u00e1s eset\u00e9n<\/strong><\/span><\/p>","protected":false},"featured_media":3972,"template":"","meta":[],"product_brand":[],"product_cat":[337,156,197,305,130,209,211],"product_tag":[163,200,171],"class_list":{"0":"post-3971","1":"product","2":"type-product","3":"status-publish","4":"has-post-thumbnail","6":"product_cat-500-to-600","7":"product_cat-3-in-1","8":"product_cat-4-in-1-pram","9":"product_cat-colour","10":"product_cat-prams","11":"product_cat-push-chairs","12":"product_cat-stroller","13":"product_tag-3-in-1-prams","14":"product_tag-4-in-1-pram","15":"product_tag-pram","17":"first","18":"instock","19":"sale","20":"shipping-taxable","21":"purchasable","22":"product-type-simple"},"yoast_head":"<!-- This site is optimized with the Yoast SEO plugin v27.5 - https:\/\/yoast.com\/product\/yoast-seo-wordpress\/ -->\n<title>Baby Pram Pushchair Travel System 4in1 - BW1 Beige - For Baby Boss<\/title>\n<meta name=\"description\" content=\"Baby Pram Pushchair Travel System 4in1 - BW1 Beige\" \/>\n<meta name=\"robots\" content=\"index, follow, max-snippet:-1, max-image-preview:large, max-video-preview:-1\" \/>\n<link rel=\"canonical\" href=\"https:\/\/forbabyboss.com\/hu\/termek\/babakocsi-utazorendszer-4-az-1-ben-bw1-bezs\/\" \/>\n<meta property=\"og:locale\" content=\"hu_HU\" \/>\n<meta property=\"og:type\" content=\"article\" \/>\n<meta property=\"og:title\" content=\"Baby Pram Pushchair Travel System 4in1 - BW1 Beige - For Baby Boss\" \/>\n<meta property=\"og:description\" content=\"Baby Pram Pushchair Travel System 4in1 - BW1 Beige\" \/>\n<meta property=\"og:url\" content=\"https:\/\/forbabyboss.com\/hu\/termek\/babakocsi-utazorendszer-4-az-1-ben-bw1-bezs\/\" \/>\n<meta property=\"og:site_name\" content=\"For Baby Boss\" \/>\n<meta property=\"article:modified_time\" content=\"2023-10-03T11:15:14+00:00\" \/>\n<meta property=\"og:image\" content=\"https:\/\/forbabyboss.com\/wp-content\/uploads\/2022\/09\/Baby-Pram-Pushchair-Buggy-Stroller-Car-Seat-ISOFIX-Travel-System-3in1-4in1-BW1-Beige.jpg\" \/>\n\t<meta property=\"og:image:width\" content=\"1200\" \/>\n\t<meta property=\"og:image:height\" content=\"900\" \/>\n\t<meta property=\"og:image:type\" content=\"image\/jpeg\" \/>\n<meta name=\"twitter:card\" content=\"summary_large_image\" \/>\n<meta name=\"twitter:label1\" content=\"Becs\u00fclt olvas\u00e1si id\u0151\" \/>\n\t<meta name=\"twitter:data1\" content=\"3 perc\" \/>\n<script type=\"application\/ld+json\" class=\"yoast-schema-graph\">{\"@context\":\"https:\\\/\\\/schema.org\",\"@graph\":[{\"@type\":\"WebPage\",\"@id\":\"https:\\\/\\\/forbabyboss.com\\\/product\\\/baby-pram-pushchair-travel-system-4in1-bw1-beige\\\/\",\"url\":\"https:\\\/\\\/forbabyboss.com\\\/product\\\/baby-pram-pushchair-travel-system-4in1-bw1-beige\\\/\",\"name\":\"Baby Pram Pushchair Travel System 4in1 - BW1 Beige - For Baby Boss\",\"isPartOf\":{\"@id\":\"https:\\\/\\\/powderblue-seahorse-496884.hostingersite.com\\\/#website\"},\"primaryImageOfPage\":{\"@id\":\"https:\\\/\\\/forbabyboss.com\\\/product\\\/baby-pram-pushchair-travel-system-4in1-bw1-beige\\\/#primaryimage\"},\"image\":{\"@id\":\"https:\\\/\\\/forbabyboss.com\\\/product\\\/baby-pram-pushchair-travel-system-4in1-bw1-beige\\\/#primaryimage\"},\"thumbnailUrl\":\"https:\\\/\\\/forbabyboss.com\\\/wp-content\\\/uploads\\\/2022\\\/09\\\/Baby-Pram-Pushchair-Buggy-Stroller-Car-Seat-ISOFIX-Travel-System-3in1-4in1-BW1-Beige.jpg\",\"datePublished\":\"2022-09-20T14:19:27+00:00\",\"dateModified\":\"2023-10-03T11:15:14+00:00\",\"description\":\"Baby Pram Pushchair Travel System 4in1 - BW1 Beige\",\"breadcrumb\":{\"@id\":\"https:\\\/\\\/forbabyboss.com\\\/product\\\/baby-pram-pushchair-travel-system-4in1-bw1-beige\\\/#breadcrumb\"},\"inLanguage\":\"hu\",\"potentialAction\":[{\"@type\":\"ReadAction\",\"target\":[\"https:\\\/\\\/forbabyboss.com\\\/product\\\/baby-pram-pushchair-travel-system-4in1-bw1-beige\\\/\"]}]},{\"@type\":\"ImageObject\",\"inLanguage\":\"hu\",\"@id\":\"https:\\\/\\\/forbabyboss.com\\\/product\\\/baby-pram-pushchair-travel-system-4in1-bw1-beige\\\/#primaryimage\",\"url\":\"https:\\\/\\\/forbabyboss.com\\\/wp-content\\\/uploads\\\/2022\\\/09\\\/Baby-Pram-Pushchair-Buggy-Stroller-Car-Seat-ISOFIX-Travel-System-3in1-4in1-BW1-Beige.jpg\",\"contentUrl\":\"https:\\\/\\\/forbabyboss.com\\\/wp-content\\\/uploads\\\/2022\\\/09\\\/Baby-Pram-Pushchair-Buggy-Stroller-Car-Seat-ISOFIX-Travel-System-3in1-4in1-BW1-Beige.jpg\",\"width\":1200,\"height\":900},{\"@type\":\"BreadcrumbList\",\"@id\":\"https:\\\/\\\/forbabyboss.com\\\/product\\\/baby-pram-pushchair-travel-system-4in1-bw1-beige\\\/#breadcrumb\",\"itemListElement\":[{\"@type\":\"ListItem\",\"position\":1,\"name\":\"Home\",\"item\":\"https:\\\/\\\/forbabyboss.com\\\/\"},{\"@type\":\"ListItem\",\"position\":2,\"name\":\"Shop\",\"item\":\"https:\\\/\\\/forbabyboss.com\\\/shop\\\/\"},{\"@type\":\"ListItem\",\"position\":3,\"name\":\"Baby Pram Pushchair Travel System 4in1 &#8211; BW1 Beige\"}]},{\"@type\":\"WebSite\",\"@id\":\"https:\\\/\\\/powderblue-seahorse-496884.hostingersite.com\\\/#website\",\"url\":\"https:\\\/\\\/powderblue-seahorse-496884.hostingersite.com\\\/\",\"name\":\"For Baby Boss\",\"description\":\"Beautiful gifts and accessories for your baby boss\",\"potentialAction\":[{\"@type\":\"SearchAction\",\"target\":{\"@type\":\"EntryPoint\",\"urlTemplate\":\"https:\\\/\\\/powderblue-seahorse-496884.hostingersite.com\\\/?s={search_term_string}\"},\"query-input\":{\"@type\":\"PropertyValueSpecification\",\"valueRequired\":true,\"valueName\":\"search_term_string\"}}],\"inLanguage\":\"hu\"}]}<\/script>\n<!-- \/ Yoast SEO plugin. -->","yoast_head_json":{"title":"Babakocsi Utaz\u00f3rendszer 4 az 1-ben - BW1 B\u00e9zs - Baby Boss-hoz","description":"Babakocsi Utaz\u00f3rendszer 4 az 1-ben - BW1 B\u00e9zs","robots":{"index":"index","follow":"follow","max-snippet":"max-snippet:-1","max-image-preview":"max-image-preview:large","max-video-preview":"max-video-preview:-1"},"canonical":"https:\/\/forbabyboss.com\/hu\/termek\/babakocsi-utazorendszer-4-az-1-ben-bw1-bezs\/","og_locale":"hu_HU","og_type":"article","og_title":"Baby Pram Pushchair Travel System 4in1 - BW1 Beige - For Baby Boss","og_description":"Baby Pram Pushchair Travel System 4in1 - BW1 Beige","og_url":"https:\/\/forbabyboss.com\/hu\/termek\/babakocsi-utazorendszer-4-az-1-ben-bw1-bezs\/","og_site_name":"For Baby Boss","article_modified_time":"2023-10-03T11:15:14+00:00","og_image":[{"width":1200,"height":900,"url":"https:\/\/forbabyboss.com\/wp-content\/uploads\/2022\/09\/Baby-Pram-Pushchair-Buggy-Stroller-Car-Seat-ISOFIX-Travel-System-3in1-4in1-BW1-Beige.jpg","type":"image\/jpeg"}],"twitter_card":"summary_large_image","twitter_misc":{"Becs\u00fclt olvas\u00e1si id\u0151":"3 perc"},"schema":{"@context":"https:\/\/schema.org","@graph":[{"@type":"WebPage","@id":"https:\/\/forbabyboss.com\/product\/baby-pram-pushchair-travel-system-4in1-bw1-beige\/","url":"https:\/\/forbabyboss.com\/product\/baby-pram-pushchair-travel-system-4in1-bw1-beige\/","name":"Babakocsi Utaz\u00f3rendszer 4 az 1-ben - BW1 B\u00e9zs - Baby Boss-hoz","isPartOf":{"@id":"https:\/\/powderblue-seahorse-496884.hostingersite.com\/#website"},"primaryImageOfPage":{"@id":"https:\/\/forbabyboss.com\/product\/baby-pram-pushchair-travel-system-4in1-bw1-beige\/#primaryimage"},"image":{"@id":"https:\/\/forbabyboss.com\/product\/baby-pram-pushchair-travel-system-4in1-bw1-beige\/#primaryimage"},"thumbnailUrl":"https:\/\/forbabyboss.com\/wp-content\/uploads\/2022\/09\/Baby-Pram-Pushchair-Buggy-Stroller-Car-Seat-ISOFIX-Travel-System-3in1-4in1-BW1-Beige.jpg","datePublished":"2022-09-20T14:19:27+00:00","dateModified":"2023-10-03T11:15:14+00:00","description":"Babakocsi Utaz\u00f3rendszer 4 az 1-ben - BW1 B\u00e9zs","breadcrumb":{"@id":"https:\/\/forbabyboss.com\/product\/baby-pram-pushchair-travel-system-4in1-bw1-beige\/#breadcrumb"},"inLanguage":"hu","potentialAction":[{"@type":"ReadAction","target":["https:\/\/forbabyboss.com\/product\/baby-pram-pushchair-travel-system-4in1-bw1-beige\/"]}]},{"@type":"ImageObject","inLanguage":"hu","@id":"https:\/\/forbabyboss.com\/product\/baby-pram-pushchair-travel-system-4in1-bw1-beige\/#primaryimage","url":"https:\/\/forbabyboss.com\/wp-content\/uploads\/2022\/09\/Baby-Pram-Pushchair-Buggy-Stroller-Car-Seat-ISOFIX-Travel-System-3in1-4in1-BW1-Beige.jpg","contentUrl":"https:\/\/forbabyboss.com\/wp-content\/uploads\/2022\/09\/Baby-Pram-Pushchair-Buggy-Stroller-Car-Seat-ISOFIX-Travel-System-3in1-4in1-BW1-Beige.jpg","width":1200,"height":900},{"@type":"BreadcrumbList","@id":"https:\/\/forbabyboss.com\/product\/baby-pram-pushchair-travel-system-4in1-bw1-beige\/#breadcrumb","itemListElement":[{"@type":"ListItem","position":1,"name":"Home","item":"https:\/\/forbabyboss.com\/"},{"@type":"ListItem","position":2,"name":"Shop","item":"https:\/\/forbabyboss.com\/shop\/"},{"@type":"ListItem","position":3,"name":"Baby Pram Pushchair Travel System 4in1 &#8211; BW1 Beige"}]},{"@type":"WebSite","@id":"https:\/\/powderblue-seahorse-496884.hostingersite.com\/#website","url":"https:\/\/powderblue-seahorse-496884.hostingersite.com\/","name":"A Baby Boss sz\u00e1m\u00e1ra","description":"Gy\u00f6ny\u00f6r\u0171 aj\u00e1nd\u00e9kok \u00e9s kieg\u00e9sz\u00edt\u0151k a baba f\u0151n\u00f6k\u00e9nek","potentialAction":[{"@type":"SearchAction","target":{"@type":"EntryPoint","urlTemplate":"https:\/\/powderblue-seahorse-496884.hostingersite.com\/?s={search_term_string}"},"query-input":{"@type":"PropertyValueSpecification","valueRequired":true,"valueName":"search_term_string"}}],"inLanguage":"hu"}]}},"_links":{"self":[{"href":"https:\/\/forbabyboss.com\/hu\/wp-json\/wp\/v2\/product\/3971","targetHints":{"allow":["GET"]}}],"collection":[{"href":"https:\/\/forbabyboss.com\/hu\/wp-json\/wp\/v2\/product"}],"about":[{"href":"https:\/\/forbabyboss.com\/hu\/wp-json\/wp\/v2\/types\/product"}],"wp:featuredmedia":[{"embeddable":true,"href":"https:\/\/forbabyboss.com\/hu\/wp-json\/wp\/v2\/media\/3972"}],"wp:attachment":[{"href":"https:\/\/forbabyboss.com\/hu\/wp-json\/wp\/v2\/media?parent=3971"}],"wp:term":[{"taxonomy":"product_brand","embeddable":true,"href":"https:\/\/forbabyboss.com\/hu\/wp-json\/wp\/v2\/product_brand?post=3971"},{"taxonomy":"product_cat","embeddable":true,"href":"https:\/\/forbabyboss.com\/hu\/wp-json\/wp\/v2\/product_cat?post=3971"},{"taxonomy":"product_tag","embeddable":true,"href":"https:\/\/forbabyboss.com\/hu\/wp-json\/wp\/v2\/product_tag?post=3971"}],"curies":[{"name":"wp","href":"https:\/\/api.w.org\/{rel}","templated":true}]}}