{"id":4041,"date":"2022-09-07T09:48:53","date_gmt":"2022-09-07T09:48:53","guid":{"rendered":"http:\/\/forbabyboss.com\/?post_type=product&#038;p=4041"},"modified":"2026-02-21T15:02:24","modified_gmt":"2026-02-21T15:02:24","slug":"2021-es-babakocsi-4-az-1-ben-latte-szinben","status":"publish","type":"product","link":"https:\/\/forbabyboss.com\/hu\/product\/baby-pram-2021-pushchair-4in1-in-latte\/","title":{"rendered":"Babakocsi 2021 4 az 1-ben Latte sz\u00ednben"},"content":{"rendered":"<p style=\"text-align: justify;\"><strong><span style=\"color: #282828; font-size: 100%;\">A Bexa Air babakocsit kifejezetten azoknak a sz\u00fcl\u0151knek tervezt\u00e9k, akik hossz\u00fa t\u00e1von is haszn\u00e1lhat\u00f3 term\u00e9ket keresnek. A gyermek ig\u00e9nyeit\u0151l \u00e9s \u00e9letkor\u00e1t\u00f3l f\u00fcgg\u0151en a Bexa Air babakocsik\u00e9nt vagy babakocsik\u00e9nt is funkcion\u00e1lhat. Az alum\u00ednium, k\u00f6nny\u0171 v\u00e1znak k\u00f6sz\u00f6nhet\u0151en nagyon k\u00f6nnyen vezethet\u0151. \u00dagy tervezt\u00e9k, hogy a baba vagy a kisgyermek k\u00e9nyelmesen sz\u00e1ll\u00edthassa. A babakocsi burkolata a legmagasabb min\u0151s\u00e9g\u0171 impregn\u00e1lt anyagokb\u00f3l k\u00e9sz\u00fclt, gyermekbar\u00e1t.<\/span><\/strong><\/p>\n<p style=\"text-align: justify;\"><strong><span style=\"color: #282828; font-size: 100%;\">A Bexa Air babakocsikat teljes eg\u00e9sz\u00e9ben Eur\u00f3p\u00e1ban tervezt\u00e9k \u00e9s gy\u00e1rtj\u00e1k, kiz\u00e1r\u00f3lag kiv\u00e1l\u00f3 min\u0151s\u00e9g\u0171 anyagokb\u00f3l.<span style=\"font-family: 'Josefin Sans', Tahoma, sans-serif, Arial;\">A Bexa Air babakocsit kifejezetten azoknak a sz\u00fcl\u0151knek tervezt\u00e9k, akik hossz\u00fa t\u00e1von is haszn\u00e1lhat\u00f3 term\u00e9ket keresnek. A gyermek ig\u00e9nyeit\u0151l \u00e9s \u00e9letkor\u00e1t\u00f3l f\u00fcgg\u0151en a Bexa Air babakocsik\u00e9nt vagy babakocsik\u00e9nt is funkcion\u00e1lhat. Az alum\u00ednium, k\u00f6nny\u0171 v\u00e1znak k\u00f6sz\u00f6nhet\u0151en nagyon k\u00f6nnyen vezethet\u0151. \u00dagy tervezt\u00e9k, hogy a baba vagy a kisgyermek k\u00e9nyelmesen sz\u00e1ll\u00edthassa. A babakocsi burkolata a legmagasabb min\u0151s\u00e9g\u0171 impregn\u00e1lt anyagokb\u00f3l k\u00e9sz\u00fclt, gyermekbar\u00e1t.<\/span><\/span><\/strong><\/p>\n<p style=\"text-align: justify;\"><strong><span style=\"color: #282828; font-family: 'Josefin Sans', Tahoma, sans-serif, Arial; font-size: 100%;\">A Bexa Air babakocsikat teljes eg\u00e9sz\u00e9ben Eur\u00f3p\u00e1ban tervezt\u00e9k \u00e9s gy\u00e1rtj\u00e1k, kiz\u00e1r\u00f3lag kiv\u00e1l\u00f3 min\u0151s\u00e9g\u0171 anyagokb\u00f3l.<\/span><\/strong><\/p>\n<p style=\"text-align: justify;\"><strong><span style=\"font-size: 100%; color: #282828;\">\u00dagy tervezt\u00e9k, hogy k\u00e9nyelmesen sz\u00e1ll\u00edthassa bab\u00e1j\u00e1t vagy kisgyermek\u00e9t sz\u00fclet\u00e9st\u0151l 3 \u00e9ves korig vagy 0-15 kg-ig.<\/span><\/strong><\/p>\n<p style=\"text-align: justify;\"><strong><span style=\"color: #282828; font-size: 100%;\">Eur\u00f3p\u00e1ban k\u00e9sz\u00fclt, kiv\u00e1l\u00f3 min\u0151s\u00e9g\u0171 anyagokb\u00f3l, k\u00f6nny\u0171 alum\u00ednium v\u00e1zzal, modern st\u00edlusban tervezve.<br \/>\n<\/span><\/strong><\/p>\n<p style=\"text-align: justify;\" align=\"center\"><strong><span style=\"font-size: 100%; color: #282828;\">Eur\u00f3pai szabv\u00e1ny szerinti EN 1888:2012 min\u0151s\u00edt\u00e9s. K\u00f6nny\u0171 alum\u00ednium v\u00e1z \u00e1ll\u00edthat\u00f3 leng\u00e9scsillap\u00edt\u00f3val, ami nagyon k\u00f6nny\u0171 vezet\u00e9st biztos\u00edt. A babakocsi huzata a legmagasabb min\u0151s\u00e9g\u0171 impregn\u00e1lt anyagokb\u00f3l k\u00e9sz\u00fclt, gyerekbar\u00e1t. Az anyagok nem fakulnak ki, v\u00edz\u00e1ll\u00f3ak, ide\u00e1lis leveg\u0151h\u0151m\u00e9rs\u00e9kletet biztos\u00edtanak az id\u0151j\u00e1r\u00e1si viszonyokt\u00f3l f\u00fcgg\u0151en. A kivehet\u0151 bels\u0151 r\u00e9szek \u00e9s huzatok hipoallerg\u00e9n pamuttal vannak t\u00f6ltve.<\/span><\/strong><\/p>\n<p style=\"text-align: justify;\" align=\"center\"><strong><span style=\"color: #282828;\"><span style=\"font-size: medium;\"><span style=\"color: #e14d43;\">Term\u00e9kle\u00edr\u00e1s<\/span>:<\/span><span style=\"font-size: medium;\">\u00a0<\/span><\/span><\/strong><\/p>\n<p style=\"text-align: justify;\"><strong><span style=\"color: #282828;\">\u2013 a gondola f\u00fclk\u00e9ben l\u00e9v\u0151 foganty\u00fan\u00e1l fogva t\u00f6rt\u00e9n\u0151 hordoz\u00e1s\u00e1nak lehet\u0151s\u00e9ge;<\/span><\/strong><\/p>\n<p style=\"text-align: justify;\"><strong><span style=\"color: #282828;\">\u2013 a gondola alja m\u0171anyagb\u00f3l k\u00e9sz\u00fclt;<\/span><\/strong><\/p>\n<p style=\"text-align: justify;\"><strong><span style=\"color: #282828;\">-gondola k\u00e1rpitoz\u00e1s\u00fa \u00f6ko b\u0151rrel;<\/span><\/strong><\/p>\n<p style=\"text-align: justify;\"><strong><span style=\"color: #282828;\">\u2013 h\u00e1tizs\u00e1k anyuk\u00e1nak;<\/span><\/strong><\/p>\n<p style=\"text-align: justify;\"><strong><span style=\"color: #282828;\">- t\u00e1gas, szell\u0151ztet\u0151vel ell\u00e1tott gondola;<\/span><\/strong><\/p>\n<p style=\"text-align: justify;\"><strong><span style=\"color: #282828;\">\u2013 kihajtogatatlan keret 78x58x99-115 cm;<\/span><\/strong><\/p>\n<p style=\"text-align: justify;\"><strong><span style=\"color: #282828;\">\u2013 k\u00fcls\u0151 h\u00e1tt\u00e1mla-\u00e1ll\u00edt\u00e1s a gondol\u00e1ban \u00e9s a babakocsiban;<\/span><\/strong><\/p>\n<p style=\"text-align: justify;\"><strong><span style=\"color: #282828;\">\u2013 \u00f6sszecsukott v\u00e1z 78x58x30 cm; kerekek n\u00e9lk\u00fcl 72x50x30 cm;<\/span><\/strong><\/p>\n<p style=\"text-align: justify;\"><strong><span style=\"color: #282828;\">\u2013 a gondola belsej\u00e9nek kivehet\u0151 b\u00e9l\u00e9se;<\/span><\/strong><\/p>\n<p style=\"text-align: justify;\"><strong><span style=\"color: #282828;\">-gondola bels\u0151 m\u00e9retei 76x35x22 cm;<\/span><\/strong><\/p>\n<p style=\"text-align: justify;\"><strong><span style=\"color: #282828;\">\u2013 k\u00f3kuszmatrac 75 cm x 35 cm;<\/span><\/strong><\/p>\n<p style=\"text-align: justify;\"><strong><span style=\"color: #282828;\">- a v\u00e1z s\u00falya kerekekkel egy\u00fctt k\u00f6r\u00fclbel\u00fcl 9 kg;<\/span><\/strong><\/p>\n<p style=\"text-align: justify;\"><strong><span style=\"color: #282828;\">\u2013 t\u00f6bbl\u00e9pcs\u0151s f\u00fclkeszab\u00e1lyoz\u00e1s;<\/span><\/strong><\/p>\n<p style=\"text-align: justify;\"><strong><span style=\"color: #282828;\">\u2013 12 \u201ch\u00e1tul, 10\u201d-es els\u0151 zsel\u00e9s ker\u00e9k;<\/span><\/strong><\/p>\n<p style=\"text-align: justify;\"><strong><span style=\"color: #282828;\">\u2013 a felvon\u00f3 alj\u00e1nak magass\u00e1ga a talajt\u00f3l 61 cm;<\/span><\/strong><\/p>\n<p style=\"text-align: justify;\"><strong><span style=\"color: #282828;\">-a gondola s\u00falya k\u00f6r\u00fclbel\u00fcl 5 kg;<\/span><\/strong><\/p>\n<p style=\"text-align: justify;\"><strong><span style=\"color: #282828;\">-babakocsi \u00fcl\u00e9s 34\u00d726 cm, l\u00e1btart\u00f3 17 cm, h\u00e1tt\u00e1mla 47 cm;<\/span><\/strong><\/p>\n<p style=\"text-align: justify;\"><strong><span style=\"color: #282828;\">\u2013 babakocsi s\u00falya k\u00f6r\u00fclbel\u00fcl 4 kg;<\/span><\/strong><\/p>\n<p><strong><span style=\"color: #282828;\"><span style=\"color: #e14d43;\">K\u00e9nyelmes aut\u00f3s\u00fcl\u00e9s<\/span>:<\/span><\/strong><\/p>\n<p><strong><span style=\"font-size: medium; color: #282828;\">0-13 kg-os csoport:<\/span><\/strong><\/p>\n<p><strong><span style=\"font-size: medium; color: #282828;\">Eur\u00f3pai j\u00f3v\u00e1hagy\u00e1s ECE R44\/04<\/span><\/strong><\/p>\n<p><strong><span style=\"font-size: medium; color: #282828;\">Adapterekkel r\u00f6gz\u00edthet\u0151 a keret alapj\u00e1ra<\/span><\/strong><\/p>\n<p><strong><span style=\"font-size: medium; color: #282828;\">3 pontos biztons\u00e1gi \u00f6v<\/span><\/strong><\/p>\n<p><strong><span style=\"font-size: medium; color: #282828;\">Extra bet\u00e9t \u00fajsz\u00fcl\u00f6ttnek<\/span><\/strong><\/p>\n<p><strong><span style=\"font-size: medium; color: #282828;\">aut\u00f3\u00fcl\u00e9s huzat<\/span><\/strong><\/p>\n<p><strong><span style=\"font-size: medium; color: #282828;\">\u00c1ll\u00edthat\u00f3 foganty\u00fa a hordoz\u00e1shoz<\/span><\/strong><\/p>\n<p><strong><span style=\"font-size: medium; color: #282828;\">Levehet\u0151 kapucni<\/span><\/strong><\/p>\n<p><strong><span style=\"font-size: medium; color: #282828;\">Magass\u00e1gban \u00e1ll\u00edthat\u00f3 biztons\u00e1gi \u00f6vek<\/span><\/strong><\/p>\n<p><strong><span style=\"font-size: medium; color: #282828;\">El\u0151re vagy h\u00e1trafel\u00e9 n\u00e9z\u0151 m\u00f3d<\/span><\/strong><\/p>\n<p><strong><span style=\"font-size: medium; color: #282828;\">ISOFIX-szel* felszerelve<\/span><\/strong><\/p>\n<p><strong><span style=\"color: #282828;\"><span style=\"font-size: medium;\"><span style=\"color: #e14d43;\">SOFIX ALAP<\/span>*<\/span><\/span><\/strong><\/p>\n<p><strong><span style=\"font-size: medium; color: #282828;\">Sz\u00edn: Fekete\/Sz\u00fcrke<\/span><\/strong><\/p>\n<p><strong><span style=\"font-size: medium; color: #282828;\">Sz\u00fclet\u00e9st\u0151l alkalmas<\/span><\/strong><\/p>\n<p><strong><span style=\"font-size: medium; color: #282828;\">K\u00f6zvetlen\u00fcl az aut\u00f3 alv\u00e1z\u00e1hoz r\u00f6gz\u00edthet\u0151 az ISOFIX r\u00f6gz\u00edt\u00e9si pontokon kereszt\u00fcl<\/span><\/strong><\/p>\n<p><strong><span style=\"font-size: medium; color: #282828;\">A j\u00e1rm\u0171 biztons\u00e1gi \u00f6v\u00e9vel is r\u00f6gz\u00edthet\u0151<\/span><\/strong><\/p>\n<p><strong><span style=\"font-size: medium; color: #282828;\">Kompatibilis az aut\u00f3s\u00fcl\u00e9sekkel<\/span><\/strong><\/p>\n<p><strong><span style=\"font-size: medium; color: #282828;\">K\u00f6nnyen telep\u00edthet\u0151<\/span><\/strong><\/p>\n<p><strong><span style=\"font-size: medium; color: #282828;\">Biztons\u00e1gos \u00e9s v\u00e9dett<\/span><\/strong><\/p>\n<p><strong><span style=\"font-size: medium; color: #282828;\">Minimaliz\u00e1lja a felhajt\u00e1st<\/span><\/strong><\/p>\n<p><strong><span style=\"font-size: medium; color: #282828;\">Cs\u00f6kkenti a baba fel\u00e9breszt\u00e9s\u00e9nek val\u00f3sz\u00edn\u0171s\u00e9g\u00e9t, amikor aut\u00f3b\u00f3l hazamegy<\/span><\/strong><\/p>\n<p><strong><span style=\"font-size: medium; color: #282828;\">A t\u00e1maszt\u00f3l\u00e1b maxim\u00e1lis stabilit\u00e1st \u00e9s biztons\u00e1got ny\u00fajt, \u00e9s k\u00f6nnyen be\u00e1ll\u00edthat\u00f3 a legjobb illeszked\u00e9s \u00e9rdek\u00e9ben.<\/span><\/strong><\/p>\n<p><strong><span style=\"font-size: medium; color: #282828;\">Sz\u00ednjelz\u0151k igazolj\u00e1k az alap helyes felszerel\u00e9s\u00e9t a j\u00e1rm\u0171re<\/span><\/strong><\/p>\n<p style=\"text-align: left;\" align=\"center\"><strong><span style=\"font-size: medium; color: #282828;\"><span style=\"color: #e14d43;\">Az \u00e1r tartalmazza<\/span>:<br \/>\n<\/span><\/strong><\/p>\n<p><strong><span style=\"color: #282828;\">A 2 az 1-ben k\u00e9szlet tartalma: fekete alum\u00ednium v\u00e1z dupla \u00fct\u00e9scsillap\u00edt\u00e1ssal,\u00a0<\/span><\/strong><\/p>\n<p><strong><span style=\"color: #282828;\">g\u00e9l kerekek,<\/span><\/strong><\/p>\n<p><strong><span style=\"color: #282828;\">cipz\u00e1rral z\u00e1r\u00f3d\u00f3 bev\u00e1s\u00e1rl\u00f3kos\u00e1r;\u00a0<\/span><\/strong><\/p>\n<p><strong><span style=\"color: #282828;\">egy fed\u00e9llel ell\u00e1tott gondola,\u00a0<\/span><\/strong><\/p>\n<p><strong><span style=\"color: #282828;\">babakocsi l\u00e1btakar\u00f3val;<\/span><\/strong><\/p>\n<p><strong><span style=\"color: #282828;\">praktikus h\u00e1tizs\u00e1k kieg\u00e9sz\u00edt\u0151knek;\u00a0<\/span><\/strong><\/p>\n<p><strong><span style=\"color: #282828;\">es\u0151v\u00e9d\u0151; sz\u00fanyogh\u00e1l\u00f3;<\/span><\/strong><\/p>\n<p style=\"text-align: left;\" align=\"center\"><strong><span style=\"font-size: medium; color: #282828;\">Isofix talp (opcion\u00e1lis)<\/span><\/strong><\/p>\n<p><strong><span style=\"font-size: medium; color: #282828;\">24 h\u00f3napos garancia<\/span><\/strong><\/p>\n<p><a href=\"http:\/\/forbabyboss.com\/wp-content\/uploads\/2022\/09\/checkout.png\"><img loading=\"lazy\" decoding=\"async\" class=\"alignnone size-full wp-image-5965\" src=\"http:\/\/forbabyboss.com\/wp-content\/uploads\/2022\/09\/checkout.png\" alt=\"\" width=\"750\" height=\"276\" srcset=\"https:\/\/forbabyboss.com\/wp-content\/uploads\/2022\/09\/checkout.png 750w, https:\/\/forbabyboss.com\/wp-content\/uploads\/2022\/09\/checkout-600x221.png 600w\" sizes=\"auto, (max-width: 750px) 100vw, 750px\" \/><\/a><\/p>","protected":false},"excerpt":{"rendered":"<p><a href=\"http:\/\/forbabyboss.com\/wp-content\/uploads\/2022\/09\/Star-Rating-5.png\"><img loading=\"lazy\" decoding=\"async\" class=\"alignnone wp-image-5973 aligncenter\" src=\"http:\/\/forbabyboss.com\/wp-content\/uploads\/2022\/09\/Star-Rating-5.png\" alt=\"\" width=\"317\" height=\"52\" \/><\/a><\/p>\n<p style=\"text-align: center;\"><span style=\"color: #e14d43; font-size: 115%;\"><strong>\u00c1RGARANCIA<\/strong><\/span><\/p>\n<p style=\"text-align: center;\"><span style=\"font-size: 115%;\"><span style=\"color: #003366;\">Ingyenes kisz\u00e1ll\u00edt\u00e1s\u00a0<\/span>\u2013 2 \u2013 7 nap<\/span><\/p>\n<p style=\"text-align: center;\"><span style=\"color: #008000; font-size: 115%;\"><strong>Ingyenes aj\u00e1nd\u00e9k 100 font feletti v\u00e1s\u00e1rl\u00e1s eset\u00e9n<\/strong><\/span><\/p>","protected":false},"featured_media":4044,"template":"","meta":[],"product_brand":[587],"product_cat":[340,157,156,197,277,305,158,130,209,211],"product_tag":[200,199],"class_list":{"0":"post-4041","1":"product","2":"type-product","3":"status-publish","4":"has-post-thumbnail","6":"product_brand-bexa","7":"product_cat-800-to-900","8":"product_cat-2-in-1","9":"product_cat-3-in-1","10":"product_cat-4-in-1-pram","11":"product_cat-brown","12":"product_cat-colour","13":"product_cat-new-collection","14":"product_cat-prams","15":"product_cat-push-chairs","16":"product_cat-stroller","17":"product_tag-4-in-1-pram","18":"product_tag-prams","20":"first","21":"instock","22":"sale","23":"shipping-taxable","24":"purchasable","25":"product-type-simple"},"yoast_head":"<!-- This site is optimized with the Yoast SEO plugin v27.5 - https:\/\/yoast.com\/product\/yoast-seo-wordpress\/ -->\n<title>Baby Pram 2021 Pushchair 4in1 in Latte - For Baby Boss<\/title>\n<meta name=\"description\" content=\"Baby Pram 2021 Pushchair 4in1 in Latte\" \/>\n<meta name=\"robots\" content=\"index, follow, max-snippet:-1, max-image-preview:large, max-video-preview:-1\" \/>\n<link rel=\"canonical\" href=\"https:\/\/forbabyboss.com\/hu\/termek\/2021-es-babakocsi-4-az-1-ben-latte-szinben\/\" \/>\n<meta property=\"og:locale\" content=\"hu_HU\" \/>\n<meta property=\"og:type\" content=\"article\" \/>\n<meta property=\"og:title\" content=\"Baby Pram 2021 Pushchair 4in1 in Latte - For Baby Boss\" \/>\n<meta property=\"og:description\" content=\"Baby Pram 2021 Pushchair 4in1 in Latte\" \/>\n<meta property=\"og:url\" content=\"https:\/\/forbabyboss.com\/hu\/termek\/2021-es-babakocsi-4-az-1-ben-latte-szinben\/\" \/>\n<meta property=\"og:site_name\" content=\"For Baby Boss\" \/>\n<meta property=\"article:modified_time\" content=\"2026-02-21T15:02:24+00:00\" \/>\n<meta property=\"og:image\" content=\"https:\/\/forbabyboss.com\/wp-content\/uploads\/2022\/09\/Baby-Pram-Bexa-AIR-2021-Pushchair-Buggy-Stroller-Car-Seat-Travel-System-4in1-Latte_main.jpg\" \/>\n\t<meta property=\"og:image:width\" content=\"1020\" \/>\n\t<meta property=\"og:image:height\" content=\"1020\" \/>\n\t<meta property=\"og:image:type\" content=\"image\/jpeg\" \/>\n<meta name=\"twitter:card\" content=\"summary_large_image\" \/>\n<meta name=\"twitter:label1\" content=\"Becs\u00fclt olvas\u00e1si id\u0151\" \/>\n\t<meta name=\"twitter:data1\" content=\"3 perc\" \/>\n<script type=\"application\/ld+json\" class=\"yoast-schema-graph\">{\"@context\":\"https:\\\/\\\/schema.org\",\"@graph\":[{\"@type\":\"WebPage\",\"@id\":\"https:\\\/\\\/forbabyboss.com\\\/product\\\/baby-pram-2021-pushchair-4in1-in-latte\\\/\",\"url\":\"https:\\\/\\\/forbabyboss.com\\\/product\\\/baby-pram-2021-pushchair-4in1-in-latte\\\/\",\"name\":\"Baby Pram 2021 Pushchair 4in1 in Latte - For Baby Boss\",\"isPartOf\":{\"@id\":\"https:\\\/\\\/powderblue-seahorse-496884.hostingersite.com\\\/#website\"},\"primaryImageOfPage\":{\"@id\":\"https:\\\/\\\/forbabyboss.com\\\/product\\\/baby-pram-2021-pushchair-4in1-in-latte\\\/#primaryimage\"},\"image\":{\"@id\":\"https:\\\/\\\/forbabyboss.com\\\/product\\\/baby-pram-2021-pushchair-4in1-in-latte\\\/#primaryimage\"},\"thumbnailUrl\":\"https:\\\/\\\/forbabyboss.com\\\/wp-content\\\/uploads\\\/2022\\\/09\\\/Baby-Pram-Bexa-AIR-2021-Pushchair-Buggy-Stroller-Car-Seat-Travel-System-4in1-Latte_main.jpg\",\"datePublished\":\"2022-09-07T09:48:53+00:00\",\"dateModified\":\"2026-02-21T15:02:24+00:00\",\"description\":\"Baby Pram 2021 Pushchair 4in1 in Latte\",\"breadcrumb\":{\"@id\":\"https:\\\/\\\/forbabyboss.com\\\/product\\\/baby-pram-2021-pushchair-4in1-in-latte\\\/#breadcrumb\"},\"inLanguage\":\"hu\",\"potentialAction\":[{\"@type\":\"ReadAction\",\"target\":[\"https:\\\/\\\/forbabyboss.com\\\/product\\\/baby-pram-2021-pushchair-4in1-in-latte\\\/\"]}]},{\"@type\":\"ImageObject\",\"inLanguage\":\"hu\",\"@id\":\"https:\\\/\\\/forbabyboss.com\\\/product\\\/baby-pram-2021-pushchair-4in1-in-latte\\\/#primaryimage\",\"url\":\"https:\\\/\\\/forbabyboss.com\\\/wp-content\\\/uploads\\\/2022\\\/09\\\/Baby-Pram-Bexa-AIR-2021-Pushchair-Buggy-Stroller-Car-Seat-Travel-System-4in1-Latte_main.jpg\",\"contentUrl\":\"https:\\\/\\\/forbabyboss.com\\\/wp-content\\\/uploads\\\/2022\\\/09\\\/Baby-Pram-Bexa-AIR-2021-Pushchair-Buggy-Stroller-Car-Seat-Travel-System-4in1-Latte_main.jpg\",\"width\":1020,\"height\":1020},{\"@type\":\"BreadcrumbList\",\"@id\":\"https:\\\/\\\/forbabyboss.com\\\/product\\\/baby-pram-2021-pushchair-4in1-in-latte\\\/#breadcrumb\",\"itemListElement\":[{\"@type\":\"ListItem\",\"position\":1,\"name\":\"Home\",\"item\":\"https:\\\/\\\/forbabyboss.com\\\/\"},{\"@type\":\"ListItem\",\"position\":2,\"name\":\"Shop\",\"item\":\"https:\\\/\\\/forbabyboss.com\\\/shop\\\/\"},{\"@type\":\"ListItem\",\"position\":3,\"name\":\"Baby Pram 2021 Pushchair 4in1 in Latte\"}]},{\"@type\":\"WebSite\",\"@id\":\"https:\\\/\\\/powderblue-seahorse-496884.hostingersite.com\\\/#website\",\"url\":\"https:\\\/\\\/powderblue-seahorse-496884.hostingersite.com\\\/\",\"name\":\"For Baby Boss\",\"description\":\"Beautiful gifts and accessories for your baby boss\",\"potentialAction\":[{\"@type\":\"SearchAction\",\"target\":{\"@type\":\"EntryPoint\",\"urlTemplate\":\"https:\\\/\\\/powderblue-seahorse-496884.hostingersite.com\\\/?s={search_term_string}\"},\"query-input\":{\"@type\":\"PropertyValueSpecification\",\"valueRequired\":true,\"valueName\":\"search_term_string\"}}],\"inLanguage\":\"hu\"}]}<\/script>\n<!-- \/ Yoast SEO plugin. -->","yoast_head_json":{"title":"Babakocsi 2021 4 az 1-ben Latte sz\u00ednben - Baby Boss-nak","description":"Babakocsi 2021 4 az 1-ben Latte sz\u00ednben","robots":{"index":"index","follow":"follow","max-snippet":"max-snippet:-1","max-image-preview":"max-image-preview:large","max-video-preview":"max-video-preview:-1"},"canonical":"https:\/\/forbabyboss.com\/hu\/termek\/2021-es-babakocsi-4-az-1-ben-latte-szinben\/","og_locale":"hu_HU","og_type":"article","og_title":"Baby Pram 2021 Pushchair 4in1 in Latte - For Baby Boss","og_description":"Baby Pram 2021 Pushchair 4in1 in Latte","og_url":"https:\/\/forbabyboss.com\/hu\/termek\/2021-es-babakocsi-4-az-1-ben-latte-szinben\/","og_site_name":"For Baby Boss","article_modified_time":"2026-02-21T15:02:24+00:00","og_image":[{"width":1020,"height":1020,"url":"https:\/\/forbabyboss.com\/wp-content\/uploads\/2022\/09\/Baby-Pram-Bexa-AIR-2021-Pushchair-Buggy-Stroller-Car-Seat-Travel-System-4in1-Latte_main.jpg","type":"image\/jpeg"}],"twitter_card":"summary_large_image","twitter_misc":{"Becs\u00fclt olvas\u00e1si id\u0151":"3 perc"},"schema":{"@context":"https:\/\/schema.org","@graph":[{"@type":"WebPage","@id":"https:\/\/forbabyboss.com\/product\/baby-pram-2021-pushchair-4in1-in-latte\/","url":"https:\/\/forbabyboss.com\/product\/baby-pram-2021-pushchair-4in1-in-latte\/","name":"Babakocsi 2021 4 az 1-ben Latte sz\u00ednben - Baby Boss-nak","isPartOf":{"@id":"https:\/\/powderblue-seahorse-496884.hostingersite.com\/#website"},"primaryImageOfPage":{"@id":"https:\/\/forbabyboss.com\/product\/baby-pram-2021-pushchair-4in1-in-latte\/#primaryimage"},"image":{"@id":"https:\/\/forbabyboss.com\/product\/baby-pram-2021-pushchair-4in1-in-latte\/#primaryimage"},"thumbnailUrl":"https:\/\/forbabyboss.com\/wp-content\/uploads\/2022\/09\/Baby-Pram-Bexa-AIR-2021-Pushchair-Buggy-Stroller-Car-Seat-Travel-System-4in1-Latte_main.jpg","datePublished":"2022-09-07T09:48:53+00:00","dateModified":"2026-02-21T15:02:24+00:00","description":"Babakocsi 2021 4 az 1-ben Latte sz\u00ednben","breadcrumb":{"@id":"https:\/\/forbabyboss.com\/product\/baby-pram-2021-pushchair-4in1-in-latte\/#breadcrumb"},"inLanguage":"hu","potentialAction":[{"@type":"ReadAction","target":["https:\/\/forbabyboss.com\/product\/baby-pram-2021-pushchair-4in1-in-latte\/"]}]},{"@type":"ImageObject","inLanguage":"hu","@id":"https:\/\/forbabyboss.com\/product\/baby-pram-2021-pushchair-4in1-in-latte\/#primaryimage","url":"https:\/\/forbabyboss.com\/wp-content\/uploads\/2022\/09\/Baby-Pram-Bexa-AIR-2021-Pushchair-Buggy-Stroller-Car-Seat-Travel-System-4in1-Latte_main.jpg","contentUrl":"https:\/\/forbabyboss.com\/wp-content\/uploads\/2022\/09\/Baby-Pram-Bexa-AIR-2021-Pushchair-Buggy-Stroller-Car-Seat-Travel-System-4in1-Latte_main.jpg","width":1020,"height":1020},{"@type":"BreadcrumbList","@id":"https:\/\/forbabyboss.com\/product\/baby-pram-2021-pushchair-4in1-in-latte\/#breadcrumb","itemListElement":[{"@type":"ListItem","position":1,"name":"Home","item":"https:\/\/forbabyboss.com\/"},{"@type":"ListItem","position":2,"name":"Shop","item":"https:\/\/forbabyboss.com\/shop\/"},{"@type":"ListItem","position":3,"name":"Baby Pram 2021 Pushchair 4in1 in Latte"}]},{"@type":"WebSite","@id":"https:\/\/powderblue-seahorse-496884.hostingersite.com\/#website","url":"https:\/\/powderblue-seahorse-496884.hostingersite.com\/","name":"A Baby Boss sz\u00e1m\u00e1ra","description":"Gy\u00f6ny\u00f6r\u0171 aj\u00e1nd\u00e9kok \u00e9s kieg\u00e9sz\u00edt\u0151k a baba f\u0151n\u00f6k\u00e9nek","potentialAction":[{"@type":"SearchAction","target":{"@type":"EntryPoint","urlTemplate":"https:\/\/powderblue-seahorse-496884.hostingersite.com\/?s={search_term_string}"},"query-input":{"@type":"PropertyValueSpecification","valueRequired":true,"valueName":"search_term_string"}}],"inLanguage":"hu"}]}},"_links":{"self":[{"href":"https:\/\/forbabyboss.com\/hu\/wp-json\/wp\/v2\/product\/4041","targetHints":{"allow":["GET"]}}],"collection":[{"href":"https:\/\/forbabyboss.com\/hu\/wp-json\/wp\/v2\/product"}],"about":[{"href":"https:\/\/forbabyboss.com\/hu\/wp-json\/wp\/v2\/types\/product"}],"wp:featuredmedia":[{"embeddable":true,"href":"https:\/\/forbabyboss.com\/hu\/wp-json\/wp\/v2\/media\/4044"}],"wp:attachment":[{"href":"https:\/\/forbabyboss.com\/hu\/wp-json\/wp\/v2\/media?parent=4041"}],"wp:term":[{"taxonomy":"product_brand","embeddable":true,"href":"https:\/\/forbabyboss.com\/hu\/wp-json\/wp\/v2\/product_brand?post=4041"},{"taxonomy":"product_cat","embeddable":true,"href":"https:\/\/forbabyboss.com\/hu\/wp-json\/wp\/v2\/product_cat?post=4041"},{"taxonomy":"product_tag","embeddable":true,"href":"https:\/\/forbabyboss.com\/hu\/wp-json\/wp\/v2\/product_tag?post=4041"}],"curies":[{"name":"wp","href":"https:\/\/api.w.org\/{rel}","templated":true}]}}