{"id":4112,"date":"2022-09-07T13:12:46","date_gmt":"2022-09-07T13:12:46","guid":{"rendered":"http:\/\/forbabyboss.com\/?post_type=product&#038;p=4112"},"modified":"2026-02-21T15:09:03","modified_gmt":"2026-02-21T15:09:03","slug":"babakocsi-utazorendszer-3-az-1-ben-grafit-kerettel-szurke-szinben","status":"publish","type":"product","link":"https:\/\/forbabyboss.com\/hu\/product\/pushchair-baby-pram-travel-system-3in1-graphite-frame-in-grey\/","title":{"rendered":"Babakocsi Utaz\u00f3rendszer 3 az 1-ben Grafit Kerettel Sz\u00fcrke Sz\u00ednben"},"content":{"rendered":"<h1 style=\"text-align: justify;\" align=\"center\"><strong><span style=\"color: #e14d43;\"><span style=\"font-family: Arial;\">HOLLAND \u2013 A BABAKOCSI, AMIT KERES<\/span><\/span><\/strong><\/h1>\n<p style=\"text-align: justify;\" align=\"center\"><strong><span style=\"font-family: Arial;\">Olyan babakocsit keresel, amely megfelel az \u00d6n \u00e9s gyermeke ig\u00e9nyeinek? Szeretn\u00e9d, ha a babakocsid k\u00f6nny\u0171 \u00e9s praktikus lenne \u2013 \u00e9s k\u00f6zben j\u00f3l is n\u00e9zne ki? A Holland babakocsi leg\u00fajabb verzi\u00f3ja t\u00f6k\u00e9letes v\u00e1laszt\u00e1s sz\u00e1modra! A v\u00e1z m\u00e9g k\u00f6nnyebb. \u00daj funkci\u00f3kat fejlesztettek ki a lehet\u0151 legk\u00e9nyelmesebb haszn\u00e1lat \u00e9rdek\u00e9ben. A t\u00e1gas, modern t\u00e1ska \u2013 valamint sz\u00e1mos vonz\u00f3 r\u00e9szlet \u2013 feldobja a Holland diz\u00e1jnj\u00e1t.<\/span><\/strong><\/p>\n<p style=\"text-align: justify;\" align=\"center\"><strong><span style=\"font-size: medium;\">Eur\u00f3p\u00e1ban k\u00e9sz\u00fclt, kiv\u00e1l\u00f3 min\u0151s\u00e9g\u0171 anyagokb\u00f3l, k\u00f6nny\u0171 alum\u00ednium v\u00e1zzal, modern st\u00edlusban tervezve.<\/span><span style=\"font-size: medium;\"><br \/>\n<\/span><\/strong><\/p>\n<div style=\"text-align: justify;\" align=\"center\"><strong>Eur\u00f3pai j\u00f3v\u00e1hagy\u00e1s EN 1888:2012<\/strong><\/div>\n<p style=\"text-align: justify;\"><strong>MODERN M\u00d3DOSKOLA \u2013 K\u00c9NYELMES HASZN\u00c1LAT<\/strong><\/p>\n<p style=\"text-align: justify;\"><strong>A Holland univerz\u00e1lis babakocsi minden s\u00e9t\u00e1t k\u00e9nyelmess\u00e9 tesz \u2013 a gyermek \u00e9let\u00e9nek els\u0151 napjait\u00f3l kezdve. A t\u00e1gas m\u00f3zeskos\u00e1r lehet\u0151v\u00e9 teszi a kis utas egyszer\u0171 behelyez\u00e9s\u00e9t, mik\u00f6zben k\u00e9nyelmes k\u00f6r\u00fclm\u00e9nyeket biztos\u00edt \u2013 mind a meleg ny\u00e1ri d\u00e9lut\u00e1nokon, mind a hideg t\u00e9li napokon. A m\u00f3zeskos\u00e1r tet\u0151je a praktikus bels\u0151 gomboknak k\u00f6sz\u00f6nhet\u0151en \u00e1ll\u00edthat\u00f3. Az id\u0151j\u00e1r\u00e1si viszonyokt\u00f3l f\u00fcgg\u0151en kihajthat\u00f3 vagy \u00f6sszecsukhat\u00f3. Az \u00f6sszecsukhat\u00f3 napellenz\u0151 \u00e1rny\u00e9kot ad gyermek\u00e9nek a napf\u00e9ny el\u0151l. BABACSORA \u2013 M\u00c9G NAGYOBB GYERMEKEKNEK IS A Bebetto 2in1 Holland egy k\u00e9nyelmes babakocsi is, amely az els\u0151 napokt\u00f3l a gyermek k\u00f6r\u00fclbel\u00fcl 3 \u00e9ves kor\u00e1ig haszn\u00e1lhat\u00f3. Az \u00fcl\u0151r\u00e9sz profilja \u00fagy van kialak\u00edtva, hogy a kis utas mindig a legk\u00e9nyelmesebb \u00e9s legbiztons\u00e1gosabb poz\u00edci\u00f3t foglalhassa el. Puha \u00e9s k\u00e9nyelmes, \u00edgy nincs sz\u00fcks\u00e9g tov\u00e1bbi matrac hozz\u00e1ad\u00e1s\u00e1ra. A h\u00e1tt\u00e1mla \u00e9s a l\u00e1btart\u00f3 \u00e1ll\u00edthat\u00f3, \u00edgy a gyermeket sz\u00e1mos poz\u00edci\u00f3ba helyezheti \u2013 \u00fcl\u00e9st\u0151l a fekv\u00e9sig. A Holland babakocsi tet\u0151je szint\u00e9n kihajthat\u00f3 vagy \u00f6sszecsukhat\u00f3, az \u00f6sszecsukhat\u00f3 napellenz\u0151 pedig lehet\u0151v\u00e9 teszi, hogy gyorsan megv\u00e9dje a gyermeket a napf\u00e9nyt\u0151l. A v\u00e9d\u0151korl\u00e1t k\u00e9nyelmes t\u00e1maszt ny\u00fajt a gyermek kez\u00e9nek \u2013 \u00e9s a praktikus gombnak k\u00f6sz\u00f6nhet\u0151en rendk\u00edv\u00fcl k\u00f6nnyen levehet\u0151.<\/strong><\/p>\n<p style=\"text-align: justify;\" align=\"center\"><strong><span style=\"font-size: medium;\"><span style=\"color: #e14d43;\">Term\u00e9kjellemz\u0151k<\/span>:<br \/>\n<\/span><\/strong><\/p>\n<ul>\n<li style=\"text-align: justify;\"><strong><span style=\"font-size: medium;\">2 az 1-ben vagy 3 az 1-ben utaz\u00f3rendszer<br \/>\n<\/span><\/strong><\/li>\n<li style=\"text-align: justify;\"><strong><span style=\"font-size: medium;\">Massz\u00edv, k\u00f6nny\u0171 alum\u00ednium v\u00e1z<\/span><\/strong><\/li>\n<li style=\"text-align: justify;\"><strong><span style=\"font-size: medium;\">K\u00f6nnyen \u00f6sszecsukhat\u00f3, \u00f6sszecsukva kicsi<\/span><\/strong><\/li>\n<\/ul>\n<p><strong><span style=\"font-family: Arial;\">\u2013 Alum\u00ednium keret<\/span><\/strong><\/p>\n<p><strong><span style=\"font-family: Arial;\">\u2013 4 ker\u00e9k<\/span><\/strong><\/p>\n<p><strong><span style=\"font-family: Arial;\">\u2013 M\u00f3zeskos\u00e1r<\/span><\/strong><\/p>\n<p><strong><span style=\"font-family: Arial;\">\u2013 Babakocsi huzat \u00e9s matrac<\/span><\/strong><\/p>\n<p><strong><span style=\"font-family: Arial;\">\u2013 Es\u0151v\u00e9d\u0151<\/span><\/strong><\/p>\n<p><strong><span style=\"font-family: Arial;\">\u2013 Sz\u00fanyogh\u00e1l\u00f3<\/span><\/strong><\/p>\n<p><strong><span style=\"font-family: Arial;\">\u2013 Modern t\u00e1ska<\/span><\/strong><\/p>\n<p><strong><span style=\"font-family: Arial;\">\u2013 Bev\u00e1s\u00e1rl\u00f3kos\u00e1r<\/span><\/strong><\/p>\n<p><strong><span style=\"font-family: Arial;\">\u2013 Poh\u00e1rtart\u00f3<\/span><\/strong><\/p>\n<p><strong><span style=\"font-family: Arial;\">\u2013 24 h\u00f3nap garancia<\/span><\/strong><\/p>\n<p><strong><span style=\"font-family: Arial;\">\u2013 Babakocsi<\/span><\/strong><\/p>\n<p><strong><span style=\"font-family: Arial;\">\u2013 *Aut\u00f3s\u00fcl\u00e9s (opcion\u00e1lis)<\/span><\/strong><\/p>\n<p><a href=\"http:\/\/forbabyboss.com\/wp-content\/uploads\/2022\/09\/checkout.png\"><img loading=\"lazy\" decoding=\"async\" class=\"alignnone size-full wp-image-5965\" src=\"http:\/\/forbabyboss.com\/wp-content\/uploads\/2022\/09\/checkout.png\" alt=\"\" width=\"750\" height=\"276\" srcset=\"https:\/\/forbabyboss.com\/wp-content\/uploads\/2022\/09\/checkout.png 750w, https:\/\/forbabyboss.com\/wp-content\/uploads\/2022\/09\/checkout-600x221.png 600w\" sizes=\"auto, (max-width: 750px) 100vw, 750px\" \/><\/a><\/p>","protected":false},"excerpt":{"rendered":"<p><a href=\"http:\/\/forbabyboss.com\/wp-content\/uploads\/2022\/09\/Star-Rating-5.png\"><img loading=\"lazy\" decoding=\"async\" class=\"alignnone wp-image-5973 aligncenter\" src=\"http:\/\/forbabyboss.com\/wp-content\/uploads\/2022\/09\/Star-Rating-5.png\" alt=\"\" width=\"299\" height=\"49\" \/><\/a><\/p>\n<p style=\"text-align: center;\"><span style=\"color: #e14d43; font-size: 115%;\"><strong>\u00c1RGARANCIA<\/strong><\/span><\/p>\n<p style=\"text-align: center;\"><span style=\"font-size: 115%;\"><span style=\"color: #003366;\">Ingyenes kisz\u00e1ll\u00edt\u00e1s\u00a0<\/span>\u2013 2 \u2013 7 nap<\/span><\/p>\n<p style=\"text-align: center;\"><span style=\"color: #008000; font-size: 115%;\"><strong>Ingyenes aj\u00e1nd\u00e9k 100 font feletti v\u00e1s\u00e1rl\u00e1s eset\u00e9n<\/strong><\/span><\/p>","protected":false},"featured_media":4115,"template":"","meta":[],"product_brand":[583],"product_cat":[338,156,305,210,130,209,211],"product_tag":[163,199],"class_list":{"0":"post-4112","1":"product","2":"type-product","3":"status-publish","4":"has-post-thumbnail","6":"product_brand-bebetto","7":"product_cat-600-to-700","8":"product_cat-3-in-1","9":"product_cat-colour","10":"product_cat-grey","11":"product_cat-prams","12":"product_cat-push-chairs","13":"product_cat-stroller","14":"product_tag-3-in-1-prams","15":"product_tag-prams","17":"first","18":"instock","19":"sale","20":"shipping-taxable","21":"purchasable","22":"product-type-simple"},"yoast_head":"<!-- This site is optimized with the Yoast SEO plugin v27.5 - https:\/\/yoast.com\/product\/yoast-seo-wordpress\/ -->\n<title>Pushchair Baby Pram Travel System 3in1 Graphite Frame in Grey - For Baby Boss<\/title>\n<meta name=\"description\" content=\"Pushchair Baby Pram Travel System 3in1 Graphite Frame in Grey\" \/>\n<meta name=\"robots\" content=\"index, follow, max-snippet:-1, max-image-preview:large, max-video-preview:-1\" \/>\n<link rel=\"canonical\" href=\"https:\/\/forbabyboss.com\/hu\/termek\/babakocsi-utazorendszer-3-az-1-ben-grafit-kerettel-szurke-szinben\/\" \/>\n<meta property=\"og:locale\" content=\"hu_HU\" \/>\n<meta property=\"og:type\" content=\"article\" \/>\n<meta property=\"og:title\" content=\"Pushchair Baby Pram Travel System 3in1 Graphite Frame in Grey - For Baby Boss\" \/>\n<meta property=\"og:description\" content=\"Pushchair Baby Pram Travel System 3in1 Graphite Frame in Grey\" \/>\n<meta property=\"og:url\" content=\"https:\/\/forbabyboss.com\/hu\/termek\/babakocsi-utazorendszer-3-az-1-ben-grafit-kerettel-szurke-szinben\/\" \/>\n<meta property=\"og:site_name\" content=\"For Baby Boss\" \/>\n<meta property=\"article:modified_time\" content=\"2026-02-21T15:09:03+00:00\" \/>\n<meta property=\"og:image\" content=\"https:\/\/forbabyboss.com\/wp-content\/uploads\/2022\/09\/Bebetto-New-Holland-Pushchair-Buggy-Stroller-Car-Seat-Travel-System-3in1-Graphite-Frame-01.jpg\" \/>\n\t<meta property=\"og:image:width\" content=\"1000\" \/>\n\t<meta property=\"og:image:height\" content=\"1000\" \/>\n\t<meta property=\"og:image:type\" content=\"image\/jpeg\" \/>\n<meta name=\"twitter:card\" content=\"summary_large_image\" \/>\n<meta name=\"twitter:label1\" content=\"Becs\u00fclt olvas\u00e1si id\u0151\" \/>\n\t<meta name=\"twitter:data1\" content=\"2 perc\" \/>\n<script type=\"application\/ld+json\" class=\"yoast-schema-graph\">{\"@context\":\"https:\\\/\\\/schema.org\",\"@graph\":[{\"@type\":\"WebPage\",\"@id\":\"https:\\\/\\\/forbabyboss.com\\\/product\\\/pushchair-baby-pram-travel-system-3in1-graphite-frame-in-grey\\\/\",\"url\":\"https:\\\/\\\/forbabyboss.com\\\/product\\\/pushchair-baby-pram-travel-system-3in1-graphite-frame-in-grey\\\/\",\"name\":\"Pushchair Baby Pram Travel System 3in1 Graphite Frame in Grey - For Baby Boss\",\"isPartOf\":{\"@id\":\"https:\\\/\\\/powderblue-seahorse-496884.hostingersite.com\\\/#website\"},\"primaryImageOfPage\":{\"@id\":\"https:\\\/\\\/forbabyboss.com\\\/product\\\/pushchair-baby-pram-travel-system-3in1-graphite-frame-in-grey\\\/#primaryimage\"},\"image\":{\"@id\":\"https:\\\/\\\/forbabyboss.com\\\/product\\\/pushchair-baby-pram-travel-system-3in1-graphite-frame-in-grey\\\/#primaryimage\"},\"thumbnailUrl\":\"https:\\\/\\\/forbabyboss.com\\\/wp-content\\\/uploads\\\/2022\\\/09\\\/Bebetto-New-Holland-Pushchair-Buggy-Stroller-Car-Seat-Travel-System-3in1-Graphite-Frame-01.jpg\",\"datePublished\":\"2022-09-07T13:12:46+00:00\",\"dateModified\":\"2026-02-21T15:09:03+00:00\",\"description\":\"Pushchair Baby Pram Travel System 3in1 Graphite Frame in Grey\",\"breadcrumb\":{\"@id\":\"https:\\\/\\\/forbabyboss.com\\\/product\\\/pushchair-baby-pram-travel-system-3in1-graphite-frame-in-grey\\\/#breadcrumb\"},\"inLanguage\":\"hu\",\"potentialAction\":[{\"@type\":\"ReadAction\",\"target\":[\"https:\\\/\\\/forbabyboss.com\\\/product\\\/pushchair-baby-pram-travel-system-3in1-graphite-frame-in-grey\\\/\"]}]},{\"@type\":\"ImageObject\",\"inLanguage\":\"hu\",\"@id\":\"https:\\\/\\\/forbabyboss.com\\\/product\\\/pushchair-baby-pram-travel-system-3in1-graphite-frame-in-grey\\\/#primaryimage\",\"url\":\"https:\\\/\\\/forbabyboss.com\\\/wp-content\\\/uploads\\\/2022\\\/09\\\/Bebetto-New-Holland-Pushchair-Buggy-Stroller-Car-Seat-Travel-System-3in1-Graphite-Frame-01.jpg\",\"contentUrl\":\"https:\\\/\\\/forbabyboss.com\\\/wp-content\\\/uploads\\\/2022\\\/09\\\/Bebetto-New-Holland-Pushchair-Buggy-Stroller-Car-Seat-Travel-System-3in1-Graphite-Frame-01.jpg\",\"width\":1000,\"height\":1000},{\"@type\":\"BreadcrumbList\",\"@id\":\"https:\\\/\\\/forbabyboss.com\\\/product\\\/pushchair-baby-pram-travel-system-3in1-graphite-frame-in-grey\\\/#breadcrumb\",\"itemListElement\":[{\"@type\":\"ListItem\",\"position\":1,\"name\":\"Home\",\"item\":\"https:\\\/\\\/forbabyboss.com\\\/\"},{\"@type\":\"ListItem\",\"position\":2,\"name\":\"Shop\",\"item\":\"https:\\\/\\\/forbabyboss.com\\\/shop\\\/\"},{\"@type\":\"ListItem\",\"position\":3,\"name\":\"Pushchair Baby Pram Travel System 3in1 Graphite Frame in Grey\"}]},{\"@type\":\"WebSite\",\"@id\":\"https:\\\/\\\/powderblue-seahorse-496884.hostingersite.com\\\/#website\",\"url\":\"https:\\\/\\\/powderblue-seahorse-496884.hostingersite.com\\\/\",\"name\":\"For Baby Boss\",\"description\":\"Beautiful gifts and accessories for your baby boss\",\"potentialAction\":[{\"@type\":\"SearchAction\",\"target\":{\"@type\":\"EntryPoint\",\"urlTemplate\":\"https:\\\/\\\/powderblue-seahorse-496884.hostingersite.com\\\/?s={search_term_string}\"},\"query-input\":{\"@type\":\"PropertyValueSpecification\",\"valueRequired\":true,\"valueName\":\"search_term_string\"}}],\"inLanguage\":\"hu\"}]}<\/script>\n<!-- \/ Yoast SEO plugin. -->","yoast_head_json":{"title":"Babakocsi 3 az 1-ben grafit v\u00e1zzal, sz\u00fcrke sz\u00ednben - Baby Boss-hoz","description":"Babakocsi Utaz\u00f3rendszer 3 az 1-ben Grafit Kerettel Sz\u00fcrke Sz\u00ednben","robots":{"index":"index","follow":"follow","max-snippet":"max-snippet:-1","max-image-preview":"max-image-preview:large","max-video-preview":"max-video-preview:-1"},"canonical":"https:\/\/forbabyboss.com\/hu\/termek\/babakocsi-utazorendszer-3-az-1-ben-grafit-kerettel-szurke-szinben\/","og_locale":"hu_HU","og_type":"article","og_title":"Pushchair Baby Pram Travel System 3in1 Graphite Frame in Grey - For Baby Boss","og_description":"Pushchair Baby Pram Travel System 3in1 Graphite Frame in Grey","og_url":"https:\/\/forbabyboss.com\/hu\/termek\/babakocsi-utazorendszer-3-az-1-ben-grafit-kerettel-szurke-szinben\/","og_site_name":"For Baby Boss","article_modified_time":"2026-02-21T15:09:03+00:00","og_image":[{"width":1000,"height":1000,"url":"https:\/\/forbabyboss.com\/wp-content\/uploads\/2022\/09\/Bebetto-New-Holland-Pushchair-Buggy-Stroller-Car-Seat-Travel-System-3in1-Graphite-Frame-01.jpg","type":"image\/jpeg"}],"twitter_card":"summary_large_image","twitter_misc":{"Becs\u00fclt olvas\u00e1si id\u0151":"2 perc"},"schema":{"@context":"https:\/\/schema.org","@graph":[{"@type":"WebPage","@id":"https:\/\/forbabyboss.com\/product\/pushchair-baby-pram-travel-system-3in1-graphite-frame-in-grey\/","url":"https:\/\/forbabyboss.com\/product\/pushchair-baby-pram-travel-system-3in1-graphite-frame-in-grey\/","name":"Babakocsi 3 az 1-ben grafit v\u00e1zzal, sz\u00fcrke sz\u00ednben - Baby Boss-hoz","isPartOf":{"@id":"https:\/\/powderblue-seahorse-496884.hostingersite.com\/#website"},"primaryImageOfPage":{"@id":"https:\/\/forbabyboss.com\/product\/pushchair-baby-pram-travel-system-3in1-graphite-frame-in-grey\/#primaryimage"},"image":{"@id":"https:\/\/forbabyboss.com\/product\/pushchair-baby-pram-travel-system-3in1-graphite-frame-in-grey\/#primaryimage"},"thumbnailUrl":"https:\/\/forbabyboss.com\/wp-content\/uploads\/2022\/09\/Bebetto-New-Holland-Pushchair-Buggy-Stroller-Car-Seat-Travel-System-3in1-Graphite-Frame-01.jpg","datePublished":"2022-09-07T13:12:46+00:00","dateModified":"2026-02-21T15:09:03+00:00","description":"Babakocsi Utaz\u00f3rendszer 3 az 1-ben Grafit Kerettel Sz\u00fcrke Sz\u00ednben","breadcrumb":{"@id":"https:\/\/forbabyboss.com\/product\/pushchair-baby-pram-travel-system-3in1-graphite-frame-in-grey\/#breadcrumb"},"inLanguage":"hu","potentialAction":[{"@type":"ReadAction","target":["https:\/\/forbabyboss.com\/product\/pushchair-baby-pram-travel-system-3in1-graphite-frame-in-grey\/"]}]},{"@type":"ImageObject","inLanguage":"hu","@id":"https:\/\/forbabyboss.com\/product\/pushchair-baby-pram-travel-system-3in1-graphite-frame-in-grey\/#primaryimage","url":"https:\/\/forbabyboss.com\/wp-content\/uploads\/2022\/09\/Bebetto-New-Holland-Pushchair-Buggy-Stroller-Car-Seat-Travel-System-3in1-Graphite-Frame-01.jpg","contentUrl":"https:\/\/forbabyboss.com\/wp-content\/uploads\/2022\/09\/Bebetto-New-Holland-Pushchair-Buggy-Stroller-Car-Seat-Travel-System-3in1-Graphite-Frame-01.jpg","width":1000,"height":1000},{"@type":"BreadcrumbList","@id":"https:\/\/forbabyboss.com\/product\/pushchair-baby-pram-travel-system-3in1-graphite-frame-in-grey\/#breadcrumb","itemListElement":[{"@type":"ListItem","position":1,"name":"Home","item":"https:\/\/forbabyboss.com\/"},{"@type":"ListItem","position":2,"name":"Shop","item":"https:\/\/forbabyboss.com\/shop\/"},{"@type":"ListItem","position":3,"name":"Pushchair Baby Pram Travel System 3in1 Graphite Frame in Grey"}]},{"@type":"WebSite","@id":"https:\/\/powderblue-seahorse-496884.hostingersite.com\/#website","url":"https:\/\/powderblue-seahorse-496884.hostingersite.com\/","name":"A Baby Boss sz\u00e1m\u00e1ra","description":"Gy\u00f6ny\u00f6r\u0171 aj\u00e1nd\u00e9kok \u00e9s kieg\u00e9sz\u00edt\u0151k a baba f\u0151n\u00f6k\u00e9nek","potentialAction":[{"@type":"SearchAction","target":{"@type":"EntryPoint","urlTemplate":"https:\/\/powderblue-seahorse-496884.hostingersite.com\/?s={search_term_string}"},"query-input":{"@type":"PropertyValueSpecification","valueRequired":true,"valueName":"search_term_string"}}],"inLanguage":"hu"}]}},"_links":{"self":[{"href":"https:\/\/forbabyboss.com\/hu\/wp-json\/wp\/v2\/product\/4112","targetHints":{"allow":["GET"]}}],"collection":[{"href":"https:\/\/forbabyboss.com\/hu\/wp-json\/wp\/v2\/product"}],"about":[{"href":"https:\/\/forbabyboss.com\/hu\/wp-json\/wp\/v2\/types\/product"}],"wp:featuredmedia":[{"embeddable":true,"href":"https:\/\/forbabyboss.com\/hu\/wp-json\/wp\/v2\/media\/4115"}],"wp:attachment":[{"href":"https:\/\/forbabyboss.com\/hu\/wp-json\/wp\/v2\/media?parent=4112"}],"wp:term":[{"taxonomy":"product_brand","embeddable":true,"href":"https:\/\/forbabyboss.com\/hu\/wp-json\/wp\/v2\/product_brand?post=4112"},{"taxonomy":"product_cat","embeddable":true,"href":"https:\/\/forbabyboss.com\/hu\/wp-json\/wp\/v2\/product_cat?post=4112"},{"taxonomy":"product_tag","embeddable":true,"href":"https:\/\/forbabyboss.com\/hu\/wp-json\/wp\/v2\/product_tag?post=4112"}],"curies":[{"name":"wp","href":"https:\/\/api.w.org\/{rel}","templated":true}]}}