{"id":4193,"date":"2022-09-21T14:11:29","date_gmt":"2022-09-21T14:11:29","guid":{"rendered":"http:\/\/forbabyboss.com\/?post_type=product&#038;p=4193"},"modified":"2023-10-03T11:14:52","modified_gmt":"2023-10-03T11:14:52","slug":"baby-pram-pushchair-stroller-4in1-travel-system-lo2","status":"publish","type":"product","link":"https:\/\/forbabyboss.com\/hu\/product\/baby-pram-pushchair-stroller-4in1-travel-system-lo2\/","title":{"rendered":"Baby Pram Pushchair Stroller 4in1 Travel System &#8211; LO2"},"content":{"rendered":"<p style=\"text-align: justify;\" align=\"center\"><strong><span style=\"font-size: medium; color: #282828;\">Line 2.0 is a modern multi-function Pram Travel System designed for parents who search for a product that will be used through a long time span. Depending on the child&#8217;s needs and age, Line 2.0\u00a0 functions as a pram or a pushchair. Designed to transport your baby or toddler in comfort from birth to 3 years or 0-15 kg.<\/span><\/strong><\/p>\n<p style=\"text-align: justify;\" align=\"center\"><strong><span style=\"color: #282828;\"><span style=\"font-size: medium;\">Eur\u00f3p\u00e1ban k\u00e9sz\u00fclt, kiv\u00e1l\u00f3 min\u0151s\u00e9g\u0171 anyagokb\u00f3l, k\u00f6nny\u0171 alum\u00ednium v\u00e1zzal, modern st\u00edlusban tervezve.<\/span><span style=\"font-size: medium;\"><br \/>\n<\/span><\/span><\/strong><\/p>\n<div style=\"text-align: justify;\" align=\"center\">\n<p><strong><span style=\"font-size: medium; color: #282828;\">European approval EN 1888:2012<\/span><\/strong><\/p>\n<p><strong><span style=\"font-size: medium; color: #282828;\">Az alum\u00ednium, k\u00f6nny\u0171 v\u00e1z \u00e1ll\u00edthat\u00f3 leng\u00e9scsillap\u00edt\u00f3val nagyon k\u00f6nny\u0171v\u00e9 teszi a vezet\u00e9st.<\/span><\/strong><\/p>\n<p><strong><span style=\"font-size: medium; color: #282828;\">The pram trim made from the highest quality impregnated materials, child friendly. The materials do not fade, waterproof, provides an ideal air temperature depends on weather conditions. Removable interiors and covers is filled with hypo-allergenic cotton.<\/span><\/strong><\/p>\n<p>&nbsp;<\/p>\n<\/div>\n<h3 style=\"text-align: justify;\"><strong><span style=\"color: #282828;\"><span style=\"color: #e14d43;\">Term\u00e9kjellemz\u0151k<\/span>:<\/span><\/strong><\/h3>\n<ul>\n<li style=\"text-align: justify;\"><strong><span style=\"font-size: medium; color: #282828;\">2-in-1 or 3-in-1 Travel System<br \/>\n<\/span><\/strong><\/li>\n<li style=\"text-align: justify;\"><strong><span style=\"font-size: medium; color: #282828;\">Solid lightweight aluminium frame<\/span><\/strong><\/li>\n<li style=\"text-align: justify;\"><strong><span style=\"font-size: medium; color: #282828;\">Easy to fold out, small when folded<\/span><\/strong><\/li>\n<\/ul>\n<h3><strong><span style=\"font-size: 100%; color: #282828;\"><span style=\"color: #e14d43;\">Babakocsi<\/span>:<\/span><\/strong><\/h3>\n<p><strong><span style=\"font-size: medium; color: #282828;\">Adjustable Hood \/ Luxury Leatherette Liner \/ Carry Handle adjustable<\/span><\/strong><\/p>\n<p><strong><span style=\"color: #282828;\">The interior made of children-friendly high quality cotton and suede, breathable<\/span><\/strong><\/p>\n<p><strong><span style=\"color: #282828;\">Lockable, swivel 360 \u00b0, foam\/gel wheels, front ones with bearings,<\/span><\/strong><\/p>\n<p><strong><span style=\"color: #282828;\">k\u00f6zponti f\u00e9k \u201cstop &amp; go\u201d;<\/span><\/strong><\/p>\n<p><strong><span style=\"color: #282828;\">Eldobhat\u00f3 kapucni a jobb \u00e1rny\u00e9kol\u00e1sv\u00e9delem\u00e9rt az \u00fcl\u0151r\u00e9szben;<\/span><\/strong><\/p>\n<p><strong><span style=\"color: #282828;\">carrycot equipped with 3 points adjustable backrest<\/span><\/strong><\/p>\n<p><strong><span style=\"color: #282828;\">szell\u0151z\u0151 m\u00f3zeskos\u00e1r \u00e9s \u00fcl\u00e9stet\u0151;<\/span><\/strong><\/p>\n<p><strong><span style=\"color: #282828;\">3 points adjustable handle covered with Eco leather;<\/span><\/strong><\/p>\n<p><strong><span style=\"color: #282828;\">el\u0151re \u00e9s h\u00e1trafel\u00e9 n\u00e9z\u0151 rendszer,<\/span><\/strong><\/p>\n<p><strong><span style=\"color: #282828;\">Parent View Panel All Around with mosquito net<\/span><\/strong><\/p>\n<h4><strong><span style=\"font-size: medium; color: #282828;\"><span style=\"color: #e14d43;\">Babakocsi<\/span>:<\/span><\/strong><\/h4>\n<p><strong><span style=\"color: #282828;\">Equipped with adjustable footrest and backrest;<\/span><\/strong><\/p>\n<p><strong><span style=\"color: #282828;\">Adjustable to fully lying position,<\/span><\/strong><\/p>\n<p><strong><span style=\"color: #282828;\">T\u00f6bbf\u00e9le d\u00f6nthet\u0151 poz\u00edci\u00f3<\/span><\/strong><\/p>\n<p><strong><span style=\"color: #282828;\">Megford\u00edthat\u00f3 \u00fcl\u00e9segys\u00e9g sz\u00fcl\u0151i n\u00e9zethez<\/span><\/strong><\/p>\n<p><strong><span style=\"color: #282828;\">Five point harness<\/span><\/strong><\/p>\n<p><strong><span style=\"color: #282828;\">Levehet\u0151 l\u00f6kh\u00e1r\u00edt\u00f3 r\u00fad<\/span><\/strong><\/p>\n<p><strong><span style=\"color: #282828;\">Footmuff included<\/span><\/strong><\/p>\n<p style=\"text-align: justify;\" align=\"center\"><strong><span style=\"font-size: medium; color: #282828;\"><span style=\"color: #e14d43;\">K\u00e9nyelmes aut\u00f3s\u00fcl\u00e9s<\/span>:<br \/>\n<\/span><\/strong><\/p>\n<div style=\"text-align: justify;\" align=\"center\">\n<p><strong><span style=\"font-size: medium; color: #282828;\">Only black or grey Kite car seats are available.\u00a0Let us know what color you like, please.<br \/>\nGroup 0-13 kg:<\/span><\/strong><\/p>\n<p><strong><span style=\"font-size: medium; color: #282828;\">Eur\u00f3pai j\u00f3v\u00e1hagy\u00e1s ECE R44\/04<\/span><\/strong><\/p>\n<p><strong><span style=\"font-size: medium; color: #282828;\">Mounted on the frame base by adapters<\/span><\/strong><\/p>\n<p><strong><span style=\"font-size: medium; color: #282828;\">3 pontos biztons\u00e1gi \u00f6v<\/span><\/strong><\/p>\n<p><strong><span style=\"font-size: medium; color: #282828;\">Extra pad for new born baby<\/span><\/strong><\/p>\n<p><strong><span style=\"font-size: medium; color: #282828;\">car seat cover<\/span><\/strong><\/p>\n<p><strong><span style=\"font-size: medium; color: #282828;\">\u00c1ll\u00edthat\u00f3 foganty\u00fa a hordoz\u00e1shoz<\/span><\/strong><\/p>\n<p><strong><span style=\"font-size: medium; color: #282828;\">Removable hood cover<\/span><\/strong><\/p>\n<p><strong><span style=\"font-size: medium; color: #282828;\">Magass\u00e1gban \u00e1ll\u00edthat\u00f3 biztons\u00e1gi \u00f6vek<\/span><\/strong><\/p>\n<p><strong><span style=\"font-size: medium; color: #282828;\">El\u0151re vagy h\u00e1trafel\u00e9 n\u00e9z\u0151 m\u00f3d<\/span><\/strong><\/p>\n<p><strong><span style=\"font-size: medium; color: #282828;\">Equipped with ISOFIX*<\/span><\/strong><\/p>\n<p><strong><span style=\"font-size: medium; color: #282828;\">*ISOFIX BASE &#8211; optionally<\/span><\/strong><\/p>\n<h3><strong><span style=\"color: #282828;\"><span style=\"font-size: medium;\">ISOFIX BASE*<\/span><\/span><\/strong><\/h3>\n<p><strong><span style=\"font-size: medium; color: #282828;\">Colour: Black\/Grey<\/span><\/strong><\/p>\n<p><strong><span style=\"font-size: medium; color: #282828;\">Sz\u00fclet\u00e9st\u0151l alkalmas<\/span><\/strong><\/p>\n<p><strong><span style=\"font-size: medium; color: #282828;\">K\u00f6zvetlen\u00fcl az aut\u00f3 alv\u00e1z\u00e1hoz r\u00f6gz\u00edthet\u0151 az ISOFIX r\u00f6gz\u00edt\u00e9si pontokon kereszt\u00fcl<\/span><\/strong><\/p>\n<p><strong><span style=\"font-size: medium; color: #282828;\">Can also be secured using the vehicle\u2019s seat belt<\/span><\/strong><\/p>\n<p><strong><span style=\"font-size: medium; color: #282828;\">Compatible with the car seats<\/span><\/strong><\/p>\n<p><strong><span style=\"font-size: medium; color: #282828;\">K\u00f6nnyen telep\u00edthet\u0151<\/span><\/strong><\/p>\n<p><strong><span style=\"font-size: medium; color: #282828;\">Biztons\u00e1gos \u00e9s v\u00e9dett<\/span><\/strong><\/p>\n<p><strong><span style=\"font-size: medium; color: #282828;\">Minimaliz\u00e1lja a felhajt\u00e1st<\/span><\/strong><\/p>\n<p><strong><span style=\"font-size: medium; color: #282828;\">Cs\u00f6kkenti a baba fel\u00e9breszt\u00e9s\u00e9nek val\u00f3sz\u00edn\u0171s\u00e9g\u00e9t, amikor aut\u00f3b\u00f3l hazamegy<\/span><\/strong><\/p>\n<p><strong><span style=\"font-size: medium; color: #282828;\">A t\u00e1maszt\u00f3l\u00e1b maxim\u00e1lis stabilit\u00e1st \u00e9s biztons\u00e1got ny\u00fajt, \u00e9s k\u00f6nnyen be\u00e1ll\u00edthat\u00f3 a legjobb illeszked\u00e9s \u00e9rdek\u00e9ben.<\/span><\/strong><\/p>\n<p><strong><span style=\"font-size: medium; color: #282828;\">Sz\u00ednjelz\u0151k igazolj\u00e1k az alap helyes felszerel\u00e9s\u00e9t a j\u00e1rm\u0171re<\/span><\/strong><\/p>\n<\/div>\n<h3 style=\"text-align: justify;\" align=\"center\"><strong><span style=\"color: #e14d43;\">Az \u00e1r tartalmazza<\/span>:<\/strong><\/h3>\n<div style=\"text-align: justify;\" align=\"center\">\n<p><strong><span style=\"font-size: medium; color: #282828;\">Solid frame + 4 foam\/gel wheels (rubber core)<\/span><\/strong><\/p>\n<p><strong><span style=\"color: #282828;\">M\u00f3zeskos\u00e1r<\/span><\/strong><\/p>\n<p><strong><span style=\"color: #282828;\">Babakocsi<\/span><\/strong><\/p>\n<p><strong><span style=\"color: #282828;\">Takar\u00f3 \u00e9s matrac<\/span><\/strong><\/p>\n<p><strong><span style=\"color: #282828;\">Feet cover &#8211; Footmuff<\/span><\/strong><\/p>\n<p><strong><span style=\"color: #282828;\">Car seat (3in1 option)<\/span><\/strong><\/p>\n<p><strong><span style=\"color: #282828;\">\u00a0Removable Hood and cover for the car seat (3in1 option)<\/span><\/strong><\/p>\n<p><strong><span style=\"color: #282828;\">Levehet\u0151 l\u00f6kh\u00e1r\u00edt\u00f3 r\u00fad<\/span><\/strong><\/p>\n<p><strong><span style=\"color: #282828;\">Rain cover<\/span><\/strong><\/p>\n<p><strong><span style=\"color: #282828;\">Sz\u00fanyogh\u00e1l\u00f3<\/span><\/strong><\/p>\n<p><strong><span style=\"color: #282828;\">Bag for accessories with changing mat and shoulder strap<\/span><\/strong><\/p>\n<p><strong><span style=\"color: #282828;\">Kos\u00e1r<\/span><\/strong><\/p>\n<p><strong><span style=\"color: #282828;\">Isofix base (optional)<\/span><\/strong><\/p>\n<p><strong><span style=\"color: #282828;\">24 moths warranty<\/span><\/strong><\/p>\n<\/div>\n<h3 style=\"text-align: justify;\" align=\"center\"><strong><span style=\"font-size: medium; color: #282828;\"><span style=\"font-size: large;\"><span style=\"color: #e14d43;\">Technical Specifications<\/span>:<\/span><\/span><\/strong><\/h3>\n<div style=\"text-align: justify;\" align=\"center\">\n<p><strong><span style=\"color: #282828;\">-possibility to carry the\u00a0carrycot by the handle in the booth;<\/span><\/strong><\/p>\n<p><strong><span style=\"color: #282828;\">&#8211;\u00a0carrycot bottom made of wood<\/span><\/strong><\/p>\n<p><strong><span style=\"color: #282828;\">&#8211; spacious\u00a0carrycot with ventilation in the kennel;<\/span><\/strong><\/p>\n<p><strong><span style=\"color: #282828;\">&#8211; a window in the carrycot cover;<\/span><\/strong><\/p>\n<p><strong><span style=\"color: #282828;\">&#8211; mosquito net integrated with the booth in the\u00a0carrycot and the stroller;<\/span><\/strong><\/p>\n<p><strong><span style=\"color: #282828;\">&#8211; unfolded frame 78x58x99-115 cm;<\/span><\/strong><\/p>\n<p><strong><span style=\"color: #282828;\">-internal backrest;<\/span><\/strong><\/p>\n<p><strong><span style=\"color: #282828;\">&#8211; folded frame 78x58x30 cm; without wheels 72x50x30 cm;<\/span><\/strong><\/p>\n<p><strong><span style=\"color: #282828;\">&#8211; removable lining inside the carrycot;<\/span><\/strong><\/p>\n<p><strong><span style=\"color: #282828;\">&#8211; carrycot interior 76x34x21 cm;<\/span><\/strong><\/p>\n<p><strong><span style=\"color: #282828;\">&#8211; mattress;<\/span><\/strong><\/p>\n<p><strong><span style=\"color: #282828;\">&#8211; weight of the frame with wheels about 9 kg;\u00a0<\/span><\/strong><\/p>\n<p><strong><span style=\"color: #282828;\">&#8211; multi-stage booth regulation;<\/span><\/strong><\/p>\n<p><strong><span style=\"color: #282828;\">&#8211; 12 &#8220;rear, 10&#8221; front gel wheels;<\/span><\/strong><\/p>\n<p><strong><span style=\"color: #282828;\">&#8211; height of the bottom of the\u00a0carrycot is 66 cm long;<\/span><\/strong><\/p>\n<p><strong><span style=\"color: #282828;\">&#8211; weight of the\u00a0carrycot is about 4.8 kg; stroller seat 34&#215;26 cm, footrest 17 cm, backrest 47 cm; stroller weight about 4.8 kg;<\/span><\/strong><\/p>\n<p><strong><a href=\"http:\/\/forbabyboss.com\/wp-content\/uploads\/2022\/09\/checkout.png\"><img loading=\"lazy\" decoding=\"async\" class=\"alignnone size-full wp-image-5965\" src=\"http:\/\/forbabyboss.com\/wp-content\/uploads\/2022\/09\/checkout.png\" alt=\"\" width=\"750\" height=\"276\" srcset=\"https:\/\/forbabyboss.com\/wp-content\/uploads\/2022\/09\/checkout.png 750w, https:\/\/forbabyboss.com\/wp-content\/uploads\/2022\/09\/checkout-600x221.png 600w\" sizes=\"auto, (max-width: 750px) 100vw, 750px\" \/><\/a><\/strong><\/p>\n<\/div>\n<div style=\"text-align: justify;\" align=\"center\"><\/div>\n<p>&nbsp;<\/p>","protected":false},"excerpt":{"rendered":"<p><a href=\"http:\/\/forbabyboss.com\/wp-content\/uploads\/2022\/09\/Star-Rating-5.png\"><img loading=\"lazy\" decoding=\"async\" class=\"alignnone wp-image-5973 aligncenter\" src=\"http:\/\/forbabyboss.com\/wp-content\/uploads\/2022\/09\/Star-Rating-5.png\" alt=\"\" width=\"299\" height=\"49\" \/><\/a><\/p>\n<p style=\"text-align: center;\"><span style=\"color: #e14d43; font-size: 115%;\"><strong>\u00c1RGARANCIA<\/strong><\/span><\/p>\n<p style=\"text-align: center;\"><span style=\"font-size: 115%;\"><span style=\"color: #003366;\">Ingyenes kisz\u00e1ll\u00edt\u00e1s\u00a0<\/span>\u2013 2 \u2013 7 nap<\/span><\/p>\n<p style=\"text-align: center;\"><span style=\"color: #008000; font-size: 115%;\"><strong>Ingyenes aj\u00e1nd\u00e9k 100 font feletti v\u00e1s\u00e1rl\u00e1s eset\u00e9n<\/strong><\/span><\/p>","protected":false},"featured_media":4194,"template":"","meta":[],"product_brand":[],"product_cat":[339,156,197,277,305,130,209,211],"product_tag":[163,200,171],"class_list":{"0":"post-4193","1":"product","2":"type-product","3":"status-publish","4":"has-post-thumbnail","6":"product_cat-700-to-800","7":"product_cat-3-in-1","8":"product_cat-4-in-1-pram","9":"product_cat-brown","10":"product_cat-colour","11":"product_cat-prams","12":"product_cat-push-chairs","13":"product_cat-stroller","14":"product_tag-3-in-1-prams","15":"product_tag-4-in-1-pram","16":"product_tag-pram","18":"first","19":"instock","20":"sale","21":"shipping-taxable","22":"purchasable","23":"product-type-simple"},"yoast_head":"<!-- This site is optimized with the Yoast SEO plugin v27.5 - https:\/\/yoast.com\/product\/yoast-seo-wordpress\/ -->\n<title>Baby Pram Pushchair Stroller 4in1 Travel System - LO2 - For Baby Boss<\/title>\n<meta name=\"description\" content=\"Baby Pram Pushchair Stroller 4in1 Travel System - LO2\" \/>\n<meta name=\"robots\" content=\"index, follow, max-snippet:-1, max-image-preview:large, max-video-preview:-1\" \/>\n<link rel=\"canonical\" href=\"https:\/\/forbabyboss.com\/hu\/termek\/baby-pram-pushchair-stroller-4in1-travel-system-lo2\/\" \/>\n<meta property=\"og:locale\" content=\"hu_HU\" \/>\n<meta property=\"og:type\" content=\"article\" \/>\n<meta property=\"og:title\" content=\"Baby Pram Pushchair Stroller 4in1 Travel System - LO2 - For Baby Boss\" \/>\n<meta property=\"og:description\" content=\"Baby Pram Pushchair Stroller 4in1 Travel System - LO2\" \/>\n<meta property=\"og:url\" content=\"https:\/\/forbabyboss.com\/hu\/termek\/baby-pram-pushchair-stroller-4in1-travel-system-lo2\/\" \/>\n<meta property=\"og:site_name\" content=\"For Baby Boss\" \/>\n<meta property=\"article:modified_time\" content=\"2023-10-03T11:14:52+00:00\" \/>\n<meta property=\"og:image\" content=\"https:\/\/forbabyboss.com\/wp-content\/uploads\/2022\/09\/Baby-Pram-Line-2.0-bexa-Pushchair-Buggy-Stroller-Car-Seat-4in1-Travel-System-LO2.jpg\" \/>\n\t<meta property=\"og:image:width\" content=\"1020\" \/>\n\t<meta property=\"og:image:height\" content=\"1020\" \/>\n\t<meta property=\"og:image:type\" content=\"image\/jpeg\" \/>\n<meta name=\"twitter:card\" content=\"summary_large_image\" \/>\n<meta name=\"twitter:label1\" content=\"Becs\u00fclt olvas\u00e1si id\u0151\" \/>\n\t<meta name=\"twitter:data1\" content=\"3 perc\" \/>\n<script type=\"application\/ld+json\" class=\"yoast-schema-graph\">{\"@context\":\"https:\\\/\\\/schema.org\",\"@graph\":[{\"@type\":\"WebPage\",\"@id\":\"https:\\\/\\\/forbabyboss.com\\\/product\\\/baby-pram-pushchair-stroller-4in1-travel-system-lo2\\\/\",\"url\":\"https:\\\/\\\/forbabyboss.com\\\/product\\\/baby-pram-pushchair-stroller-4in1-travel-system-lo2\\\/\",\"name\":\"Baby Pram Pushchair Stroller 4in1 Travel System - LO2 - For Baby Boss\",\"isPartOf\":{\"@id\":\"https:\\\/\\\/powderblue-seahorse-496884.hostingersite.com\\\/#website\"},\"primaryImageOfPage\":{\"@id\":\"https:\\\/\\\/forbabyboss.com\\\/product\\\/baby-pram-pushchair-stroller-4in1-travel-system-lo2\\\/#primaryimage\"},\"image\":{\"@id\":\"https:\\\/\\\/forbabyboss.com\\\/product\\\/baby-pram-pushchair-stroller-4in1-travel-system-lo2\\\/#primaryimage\"},\"thumbnailUrl\":\"https:\\\/\\\/forbabyboss.com\\\/wp-content\\\/uploads\\\/2022\\\/09\\\/Baby-Pram-Line-2.0-bexa-Pushchair-Buggy-Stroller-Car-Seat-4in1-Travel-System-LO2.jpg\",\"datePublished\":\"2022-09-21T14:11:29+00:00\",\"dateModified\":\"2023-10-03T11:14:52+00:00\",\"description\":\"Baby Pram Pushchair Stroller 4in1 Travel System - LO2\",\"breadcrumb\":{\"@id\":\"https:\\\/\\\/forbabyboss.com\\\/product\\\/baby-pram-pushchair-stroller-4in1-travel-system-lo2\\\/#breadcrumb\"},\"inLanguage\":\"hu\",\"potentialAction\":[{\"@type\":\"ReadAction\",\"target\":[\"https:\\\/\\\/forbabyboss.com\\\/product\\\/baby-pram-pushchair-stroller-4in1-travel-system-lo2\\\/\"]}]},{\"@type\":\"ImageObject\",\"inLanguage\":\"hu\",\"@id\":\"https:\\\/\\\/forbabyboss.com\\\/product\\\/baby-pram-pushchair-stroller-4in1-travel-system-lo2\\\/#primaryimage\",\"url\":\"https:\\\/\\\/forbabyboss.com\\\/wp-content\\\/uploads\\\/2022\\\/09\\\/Baby-Pram-Line-2.0-bexa-Pushchair-Buggy-Stroller-Car-Seat-4in1-Travel-System-LO2.jpg\",\"contentUrl\":\"https:\\\/\\\/forbabyboss.com\\\/wp-content\\\/uploads\\\/2022\\\/09\\\/Baby-Pram-Line-2.0-bexa-Pushchair-Buggy-Stroller-Car-Seat-4in1-Travel-System-LO2.jpg\",\"width\":1020,\"height\":1020},{\"@type\":\"BreadcrumbList\",\"@id\":\"https:\\\/\\\/forbabyboss.com\\\/product\\\/baby-pram-pushchair-stroller-4in1-travel-system-lo2\\\/#breadcrumb\",\"itemListElement\":[{\"@type\":\"ListItem\",\"position\":1,\"name\":\"Home\",\"item\":\"https:\\\/\\\/forbabyboss.com\\\/\"},{\"@type\":\"ListItem\",\"position\":2,\"name\":\"Shop\",\"item\":\"https:\\\/\\\/forbabyboss.com\\\/shop\\\/\"},{\"@type\":\"ListItem\",\"position\":3,\"name\":\"Baby Pram Pushchair Stroller 4in1 Travel System &#8211; LO2\"}]},{\"@type\":\"WebSite\",\"@id\":\"https:\\\/\\\/powderblue-seahorse-496884.hostingersite.com\\\/#website\",\"url\":\"https:\\\/\\\/powderblue-seahorse-496884.hostingersite.com\\\/\",\"name\":\"For Baby Boss\",\"description\":\"Beautiful gifts and accessories for your baby boss\",\"potentialAction\":[{\"@type\":\"SearchAction\",\"target\":{\"@type\":\"EntryPoint\",\"urlTemplate\":\"https:\\\/\\\/powderblue-seahorse-496884.hostingersite.com\\\/?s={search_term_string}\"},\"query-input\":{\"@type\":\"PropertyValueSpecification\",\"valueRequired\":true,\"valueName\":\"search_term_string\"}}],\"inLanguage\":\"hu\"}]}<\/script>\n<!-- \/ Yoast SEO plugin. -->","yoast_head_json":{"title":"Baby Pram Pushchair Stroller 4in1 Travel System - LO2 - For Baby Boss","description":"Baby Pram Pushchair Stroller 4in1 Travel System - LO2","robots":{"index":"index","follow":"follow","max-snippet":"max-snippet:-1","max-image-preview":"max-image-preview:large","max-video-preview":"max-video-preview:-1"},"canonical":"https:\/\/forbabyboss.com\/hu\/termek\/baby-pram-pushchair-stroller-4in1-travel-system-lo2\/","og_locale":"hu_HU","og_type":"article","og_title":"Baby Pram Pushchair Stroller 4in1 Travel System - LO2 - For Baby Boss","og_description":"Baby Pram Pushchair Stroller 4in1 Travel System - LO2","og_url":"https:\/\/forbabyboss.com\/hu\/termek\/baby-pram-pushchair-stroller-4in1-travel-system-lo2\/","og_site_name":"For Baby Boss","article_modified_time":"2023-10-03T11:14:52+00:00","og_image":[{"width":1020,"height":1020,"url":"https:\/\/forbabyboss.com\/wp-content\/uploads\/2022\/09\/Baby-Pram-Line-2.0-bexa-Pushchair-Buggy-Stroller-Car-Seat-4in1-Travel-System-LO2.jpg","type":"image\/jpeg"}],"twitter_card":"summary_large_image","twitter_misc":{"Becs\u00fclt olvas\u00e1si id\u0151":"3 perc"},"schema":{"@context":"https:\/\/schema.org","@graph":[{"@type":"WebPage","@id":"https:\/\/forbabyboss.com\/product\/baby-pram-pushchair-stroller-4in1-travel-system-lo2\/","url":"https:\/\/forbabyboss.com\/product\/baby-pram-pushchair-stroller-4in1-travel-system-lo2\/","name":"Baby Pram Pushchair Stroller 4in1 Travel System - LO2 - For Baby Boss","isPartOf":{"@id":"https:\/\/powderblue-seahorse-496884.hostingersite.com\/#website"},"primaryImageOfPage":{"@id":"https:\/\/forbabyboss.com\/product\/baby-pram-pushchair-stroller-4in1-travel-system-lo2\/#primaryimage"},"image":{"@id":"https:\/\/forbabyboss.com\/product\/baby-pram-pushchair-stroller-4in1-travel-system-lo2\/#primaryimage"},"thumbnailUrl":"https:\/\/forbabyboss.com\/wp-content\/uploads\/2022\/09\/Baby-Pram-Line-2.0-bexa-Pushchair-Buggy-Stroller-Car-Seat-4in1-Travel-System-LO2.jpg","datePublished":"2022-09-21T14:11:29+00:00","dateModified":"2023-10-03T11:14:52+00:00","description":"Baby Pram Pushchair Stroller 4in1 Travel System - LO2","breadcrumb":{"@id":"https:\/\/forbabyboss.com\/product\/baby-pram-pushchair-stroller-4in1-travel-system-lo2\/#breadcrumb"},"inLanguage":"hu","potentialAction":[{"@type":"ReadAction","target":["https:\/\/forbabyboss.com\/product\/baby-pram-pushchair-stroller-4in1-travel-system-lo2\/"]}]},{"@type":"ImageObject","inLanguage":"hu","@id":"https:\/\/forbabyboss.com\/product\/baby-pram-pushchair-stroller-4in1-travel-system-lo2\/#primaryimage","url":"https:\/\/forbabyboss.com\/wp-content\/uploads\/2022\/09\/Baby-Pram-Line-2.0-bexa-Pushchair-Buggy-Stroller-Car-Seat-4in1-Travel-System-LO2.jpg","contentUrl":"https:\/\/forbabyboss.com\/wp-content\/uploads\/2022\/09\/Baby-Pram-Line-2.0-bexa-Pushchair-Buggy-Stroller-Car-Seat-4in1-Travel-System-LO2.jpg","width":1020,"height":1020},{"@type":"BreadcrumbList","@id":"https:\/\/forbabyboss.com\/product\/baby-pram-pushchair-stroller-4in1-travel-system-lo2\/#breadcrumb","itemListElement":[{"@type":"ListItem","position":1,"name":"Home","item":"https:\/\/forbabyboss.com\/"},{"@type":"ListItem","position":2,"name":"Shop","item":"https:\/\/forbabyboss.com\/shop\/"},{"@type":"ListItem","position":3,"name":"Baby Pram Pushchair Stroller 4in1 Travel System &#8211; LO2"}]},{"@type":"WebSite","@id":"https:\/\/powderblue-seahorse-496884.hostingersite.com\/#website","url":"https:\/\/powderblue-seahorse-496884.hostingersite.com\/","name":"A Baby Boss sz\u00e1m\u00e1ra","description":"Gy\u00f6ny\u00f6r\u0171 aj\u00e1nd\u00e9kok \u00e9s kieg\u00e9sz\u00edt\u0151k a baba f\u0151n\u00f6k\u00e9nek","potentialAction":[{"@type":"SearchAction","target":{"@type":"EntryPoint","urlTemplate":"https:\/\/powderblue-seahorse-496884.hostingersite.com\/?s={search_term_string}"},"query-input":{"@type":"PropertyValueSpecification","valueRequired":true,"valueName":"search_term_string"}}],"inLanguage":"hu"}]}},"_links":{"self":[{"href":"https:\/\/forbabyboss.com\/hu\/wp-json\/wp\/v2\/product\/4193","targetHints":{"allow":["GET"]}}],"collection":[{"href":"https:\/\/forbabyboss.com\/hu\/wp-json\/wp\/v2\/product"}],"about":[{"href":"https:\/\/forbabyboss.com\/hu\/wp-json\/wp\/v2\/types\/product"}],"wp:featuredmedia":[{"embeddable":true,"href":"https:\/\/forbabyboss.com\/hu\/wp-json\/wp\/v2\/media\/4194"}],"wp:attachment":[{"href":"https:\/\/forbabyboss.com\/hu\/wp-json\/wp\/v2\/media?parent=4193"}],"wp:term":[{"taxonomy":"product_brand","embeddable":true,"href":"https:\/\/forbabyboss.com\/hu\/wp-json\/wp\/v2\/product_brand?post=4193"},{"taxonomy":"product_cat","embeddable":true,"href":"https:\/\/forbabyboss.com\/hu\/wp-json\/wp\/v2\/product_cat?post=4193"},{"taxonomy":"product_tag","embeddable":true,"href":"https:\/\/forbabyboss.com\/hu\/wp-json\/wp\/v2\/product_tag?post=4193"}],"curies":[{"name":"wp","href":"https:\/\/api.w.org\/{rel}","templated":true}]}}