{"id":4240,"date":"2022-09-08T09:15:20","date_gmt":"2022-09-08T09:15:20","guid":{"rendered":"http:\/\/forbabyboss.com\/?post_type=product&#038;p=4240"},"modified":"2026-02-21T15:34:10","modified_gmt":"2026-02-21T15:34:10","slug":"babakocsi-premium-utazorendszer-4-az-1-ben-autosules-02","status":"publish","type":"product","link":"https:\/\/forbabyboss.com\/hu\/product\/pushchair-baby-pram-premium-travel-system-4in1-car-seat-02\/","title":{"rendered":"Babakocsi Pr\u00e9mium Utaz\u00f3rendszer 4 az 1-ben Aut\u00f3s\u00fcl\u00e9s \u2013 02"},"content":{"rendered":"<p style=\"text-align: justify;\"><strong><span style=\"color: #282828;\">Divatos szerkezet\u0171 gondola, 3 sz\u00ednv\u00e1ltozatban kaphat\u00f3: arany, ez\u00fcst \u00e9s fekete. K\u00f6nny\u0171 \u00e9s k\u00f6nnyen haszn\u00e1lhat\u00f3. Diz\u00e1jnos, strapab\u00edr\u00f3 alum\u00ednium szerkezet levehet\u0151 kerekekkel, \u00edgy a babakocsi teljesen sz\u00e9tszerelhet\u0151 a kisebb m\u00e9retek \u00e9rdek\u00e9ben. Oldals\u00f3 v\u00e1g\u00f3kkal ell\u00e1tott v\u00e1z, 2 sz\u00ednben kaphat\u00f3 \u2013 ez\u00fcst-fekete \u00e9s arany-fekete. Egyszer\u0171 \u00e9s praktikus rendszer a v\u00e1z kis m\u00e9retre \u2013 \u201c0\u201d helyzetbe \u2013 t\u00f6rt\u00e9n\u0151 \u00f6sszecsuk\u00e1s\u00e1ra. 3 p\u00e1r leng\u00e9scsillap\u00edt\u00f3 \u00e1ll\u00edthat\u00f3 felf\u00fcggeszt\u00e9si kem\u00e9nys\u00e9ggel, ami n\u00f6veli gyermeke utaz\u00e1s\u00e1nak k\u00e9nyelm\u00e9t. A gondolaf\u00fclke \u00e9s a j\u00e1r\u00f3keret k\u00e1rpitoz\u00e1sa nagy, praktikus szell\u0151z\u0151ny\u00edl\u00e1ssal \u00e9s kihajthat\u00f3 napellenz\u0151vel rendelkezik. Rendk\u00edv\u00fcl t\u00e1gas \u00e9s k\u00e9nyelmes gondola (hossz 85 cm) intuit\u00edv \u00e9s k\u00e9nyelmes fejt\u00e1mla-emel\u0151 rendszerrel, valamint alj\u00e1n szell\u0151ztet\u0151rendszerrel.<\/span><\/strong><\/p>\n<p style=\"text-align: justify;\"><strong><span style=\"color: #282828;\"><span style=\"color: #e14d43;\">N\u00e9gy lehet\u0151s\u00e9g k\u00f6z\u00fcl v\u00e1laszthat<\/span>:\u00a0<\/span><\/strong><\/p>\n<p style=\"text-align: justify;\" align=\"center\"><strong><span style=\"font-family: Arial; color: #282828;\">\u2013 st\u00edlusos v\u00e1z m\u00f3zeskos\u00e1rral (l\u00e1sd a t\u00f6bbi aukci\u00f3t)<\/span><\/strong><\/p>\n<p style=\"text-align: justify;\" align=\"center\"><strong><span style=\"font-family: Arial; color: #282828;\">\u2013 2 az 1-ben opci\u00f3, amely tartalmazza a v\u00e1zat, a m\u00f3zeskosarat \u00e9s a babakocsit<\/span><\/strong><\/p>\n<p style=\"text-align: justify;\" align=\"center\"><strong><span style=\"font-family: Arial; color: #282828;\">\u2013 3 az 1-ben opci\u00f3, amely tartalmaz egy v\u00e1zat, m\u00f3zeskosarat, babakocsit \u00e9s egy aut\u00f3s\u00fcl\u00e9st<\/span><\/strong><\/p>\n<p style=\"text-align: justify;\" align=\"center\"><strong><span style=\"color: #282828;\"><span style=\"font-family: Arial;\">\u2013\u00a0\u00a0<\/span><span style=\"font-family: Arial;\">4 az 1-ben opci\u00f3, amely mindezt tartalmazza, ISOFIX talppal, amely stabilit\u00e1st \u00e9s biztons\u00e1got ny\u00fajt a bab\u00e1nak aut\u00f3ban utaz\u00e1s k\u00f6zben<\/span><\/span><\/strong><\/p>\n<h3 style=\"text-align: justify;\" align=\"center\"><strong><span style=\"font-family: Arial; color: #282828;\"><span style=\"color: #e14d43;\">Term\u00e9kjellemz\u0151k<\/span>:<\/span><\/strong><\/h3>\n<p style=\"text-align: justify;\" align=\"center\"><strong><span style=\"font-family: Arial; color: #282828;\">\u2013 Eleg\u00e1ns, k\u00f6nny\u0171 \u00e9s tart\u00f3s alum\u00ednium konstrukci\u00f3 kih\u00fazhat\u00f3 \u201ctengelyekkel\u201d, \u00edgy teljesen sz\u00e9tszerelhet\u0151 az \u00f6sszes ker\u00e9k<\/span><\/strong><\/p>\n<p style=\"text-align: justify;\" align=\"center\"><strong><span style=\"font-family: Arial; color: #282828;\">\u2013 St\u00edlusos fekete keret<\/span><\/strong><\/p>\n<p style=\"text-align: justify;\" align=\"center\"><strong><span style=\"font-family: Arial; color: #282828;\">\u2013 K\u00f6nny\u0171 \u00e9s praktikus \u00f6sszecsuk\u00f3rendszer kis m\u00e9retekhez \u2013 \u201c0\u201d poz\u00edci\u00f3ig\u201d<\/span><\/strong><\/p>\n<p style=\"text-align: justify;\" align=\"center\"><strong><span style=\"font-family: Arial; color: #282828;\">\u2013 Hab (g\u00e9l) kerekek, amelyek ugyanolyan puh\u00e1k, mint a pump\u00e1s kerekek (nem lyukadnak ki), \u00edgy rendk\u00edv\u00fcl magas utaz\u00e1si k\u00e9nyelmet biztos\u00edtanak gyermekednek<\/span><\/strong><\/p>\n<p style=\"text-align: justify;\" align=\"center\"><strong><span style=\"font-family: Arial; color: #282828;\">\u2013 360 fokban forgathat\u00f3 kerekek<\/span><\/strong><\/p>\n<p style=\"text-align: justify;\" align=\"center\"><strong><span style=\"font-family: Arial; color: #282828;\">\u2013 \u00dct\u00e9sg\u00e1tl\u00f3 rendszer<\/span><\/strong><\/p>\n<p style=\"text-align: justify;\" align=\"center\"><strong><span style=\"font-family: Arial; color: #282828;\">\u2013 \u00c1ll\u00edthat\u00f3 foganty\u00fa, amely lehet\u0151v\u00e9 teszi a sz\u00fcl\u0151 magass\u00e1g\u00e1hoz val\u00f3 igaz\u00edt\u00e1st<\/span><\/strong><\/p>\n<p style=\"text-align: justify;\" align=\"center\"><strong><span style=\"font-family: Arial; color: #282828;\">\u2013 24 h\u00f3nap garancia<\/span><\/strong><\/p>\n<p style=\"text-align: justify;\" align=\"center\"><strong><span style=\"font-family: Arial; color: #282828;\">\u2013 H\u00e1ts\u00f3 ablak a szell\u0151z\u00e9s \u00e9rdek\u00e9ben<\/span><\/strong><\/p>\n<p style=\"text-align: justify;\" align=\"center\"><strong><span style=\"font-family: Arial; color: #282828;\">\u2013 Rendk\u00edv\u00fcl t\u00e1gas \u00e9s k\u00e9nyelmes m\u00f3zeskos\u00e1r (85 cm hossz\u00fa) intuit\u00edv \u00e9s k\u00e9nyelmes fejt\u00e1mla-emel\u0151 rendszerrel, alul szell\u0151ztet\u0151 funkci\u00f3val<\/span><\/strong><\/p>\n<p style=\"text-align: justify;\" align=\"center\"><strong><span style=\"font-family: Arial; color: #282828;\">\u2013 A m\u00f3zeskos\u00e1r alj\u00e1n tal\u00e1lhat\u00f3 kieg\u00e9sz\u00edt\u0151 gumi, amely megakad\u00e1lyozza a cs\u00fasz\u00e1st \u00e9s v\u00e9d a karcol\u00e1sokt\u00f3l<\/span><\/strong><\/p>\n<p style=\"text-align: justify;\" align=\"center\"><strong><span style=\"font-family: Arial; color: #282828;\">\u2013 5 pontos biztons\u00e1gi \u00f6v<\/span><\/strong><\/p>\n<p style=\"text-align: justify;\" align=\"center\"><strong><span style=\"font-family: Arial; color: #282828;\">\u2013 El\u0151re \u00e9s h\u00e1trafel\u00e9 n\u00e9z\u0151 rendszer<\/span><\/strong><\/p>\n<h3 style=\"text-align: left;\" align=\"center\"><span style=\"color: #e14d43;\"><b>Az \u00e1r tartalmazza:<\/b><\/span><\/h3>\n<p style=\"text-align: justify;\" align=\"center\"><strong><span style=\"font-family: Arial; color: #282828;\">\u2013 Es\u0151v\u00e9d\u0151<\/span><\/strong><\/p>\n<p style=\"text-align: justify;\" align=\"center\"><strong><span style=\"font-family: Arial; color: #282828;\">\u2013 Sz\u00fanyogh\u00e1l\u00f3<\/span><\/strong><\/p>\n<p style=\"text-align: justify;\" align=\"center\"><strong><span style=\"font-family: Arial; color: #282828;\">\u2013 b\u00f6gre<\/span><\/strong><\/p>\n<p style=\"text-align: justify;\" align=\"center\"><strong><span style=\"font-family: Arial; color: #282828;\">\u2013 Bev\u00e1s\u00e1rl\u00f3kos\u00e1r<\/span><\/strong><\/p>\n<p style=\"text-align: justify;\" align=\"center\"><strong><span style=\"font-family: Arial; color: #282828;\">\u2013 T\u00e1ska<\/span><\/strong><\/p>\n<p style=\"text-align: justify;\" align=\"center\"><strong><span style=\"font-family: Arial; color: #282828;\">\u2013 L\u00e1bv\u00e9d\u0151<\/span><\/strong><\/p>\n<p style=\"text-align: justify;\" align=\"center\"><strong><span style=\"font-family: Arial; color: #282828;\">\u2013 L\u00e1bzs\u00e1k<\/span><\/strong><\/p>\n<p style=\"text-align: justify;\" align=\"center\"><strong><span style=\"font-family: Arial; color: #282828;\">\u2013 K\u00e9zv\u00e9d\u0151<\/span><\/strong><\/p>\n<p style=\"text-align: justify;\" align=\"center\"><strong><span style=\"font-family: Arial; color: #282828;\">\u2013 Kivehet\u0151 bels\u0151 t\u00e9r<\/span><\/strong><\/p>\n<p style=\"text-align: justify;\" align=\"center\"><strong><span style=\"font-family: Arial; color: #282828;\">\u2013 \u00c1ll\u00edthat\u00f3 h\u00e1tt\u00e1mla<\/span><\/strong><\/p>\n<p style=\"text-align: justify;\" align=\"center\"><strong><span style=\"font-family: Arial; color: #282828;\">\u2013 4 g\u00e9l ker\u00e9k<\/span><\/strong><\/p>\n<p style=\"text-align: justify;\" align=\"center\"><strong><span style=\"color: #282828;\"><span style=\"font-family: Arial;\">\u2013 Aut\u00f3s\u00fcl\u00e9s 0-13 kg (opcion\u00e1lis)<\/span>\u00a0<\/span><\/strong><\/p>\n<h3 style=\"text-align: justify;\" align=\"center\"><span style=\"color: #e14d43;\"><strong>ISOFIX ALAP:<\/strong><\/span><\/h3>\n<p style=\"text-align: justify;\" align=\"center\"><strong><span style=\"font-family: Arial; color: #282828;\">\u2022 Sz\u00edn: Fekete<\/span><\/strong><\/p>\n<p style=\"text-align: justify;\" align=\"center\"><strong><span style=\"font-family: Arial; color: #282828;\">\u2022 Sz\u00fclet\u00e9st\u0151l alkalmas<\/span><\/strong><\/p>\n<p style=\"text-align: justify;\" align=\"center\"><strong><span style=\"font-family: Arial; color: #282828;\">\u2022 K\u00f6zvetlen\u00fcl az aut\u00f3 alv\u00e1z\u00e1hoz r\u00f6gz\u00edthet\u0151 az ISOFIX r\u00f6gz\u00edt\u00e9si pontokon kereszt\u00fcl<\/span><\/strong><\/p>\n<p style=\"text-align: justify;\" align=\"center\"><strong><span style=\"font-family: Arial; color: #282828;\">\u2022 A j\u00e1rm\u0171 biztons\u00e1gi \u00f6v\u00e9vel is r\u00f6gz\u00edthet\u0151<\/span><\/strong><\/p>\n<p style=\"text-align: justify;\" align=\"center\"><strong><span style=\"font-family: Arial; color: #282828;\">\u2022 K\u00f6nnyen telep\u00edthet\u0151<\/span><\/strong><\/p>\n<p style=\"text-align: justify;\" align=\"center\"><strong><span style=\"font-family: Arial; color: #282828;\">\u2022 Biztons\u00e1gos \u00e9s v\u00e9dett<\/span><\/strong><\/p>\n<p style=\"text-align: justify;\" align=\"center\"><strong><span style=\"font-family: Arial; color: #282828;\">\u2022 Minimaliz\u00e1lja a felhajt\u00e1st<\/span><\/strong><\/p>\n<p style=\"text-align: justify;\" align=\"center\"><strong><span style=\"font-family: Arial; color: #282828;\">\u2022 Cs\u00f6kkenti a baba fel\u00e9breszt\u00e9s\u00e9nek val\u00f3sz\u00edn\u0171s\u00e9g\u00e9t, amikor aut\u00f3b\u00f3l hazamegy<\/span><\/strong><\/p>\n<p style=\"text-align: justify;\" align=\"center\"><strong><span style=\"font-family: Arial; color: #282828;\">\u2022 A t\u00e1maszt\u00f3l\u00e1b maxim\u00e1lis stabilit\u00e1st \u00e9s biztons\u00e1got ny\u00fajt, \u00e9s k\u00f6nnyen be\u00e1ll\u00edthat\u00f3 a legjobb illeszked\u00e9s \u00e9rdek\u00e9ben<\/span><\/strong><\/p>\n<p style=\"text-align: justify;\" align=\"center\"><strong><span style=\"font-family: Arial; color: #282828;\">\u2022 Sz\u00ednjelz\u0151k igazolj\u00e1k az alap helyes r\u00f6gz\u00edt\u00e9s\u00e9t a j\u00e1rm\u0171h\u00f6z<\/span><\/strong><\/p>\n<h3 style=\"text-align: justify;\" align=\"center\"><span style=\"color: #e14d43;\"><strong><span style=\"font-size: 120%;\"><span style=\"font-family: Arial;\">M\u00c9RETEK<span style=\"color: #000000;\">:<\/span><\/span><\/span><\/strong><\/span><\/h3>\n<h4 style=\"text-align: justify;\" align=\"center\"><strong><span style=\"font-family: Arial; color: #282828;\"><span style=\"color: #e14d43;\">M\u00f3zeskos\u00e1r<span style=\"color: #000000;\">:<\/span><\/span><br \/>\n\u2022 s\u00faly \u2013 3,5 kg<br \/>\n\u2022 a babakocsi teljes s\u00falya \u2013 15 kg<br \/>\n\u2022 v\u00e1z m\u00f3zeskos\u00e1rral: Ma. 125,5 cm x Sz. 60 cm x H. 98 cm<\/span><\/strong><\/h4>\n<p><strong><span style=\"color: #282828;\"><span style=\"color: #e14d43;\">Babakocsi<\/span>:<\/span><\/strong><br \/>\n<strong><span style=\"color: #282828;\">\u2022 s\u00faly \u2013 5,5 kg<\/span><\/strong><br \/>\n<strong><span style=\"color: #282828;\">\u2022 \u00dcl\u0151r\u00e9sz: Sz. 36 cm x H. 84 cm<\/span><\/strong><\/p>\n<p><span style=\"color: #e14d43;\"><strong>Aut\u00f3s\u00fcl\u00e9s<span style=\"color: #000000;\">:<\/span><\/strong><\/span><br \/>\n<strong><span style=\"color: #282828;\">\u2022 S\u00faly: 3,3 kg<\/span><\/strong><br \/>\n<strong><span style=\"color: #282828;\">\u2022 0-13 kg s\u00faly\u00fa gyermekek sz\u00e1m\u00e1ra<\/span><\/strong><\/p>\n<p><span style=\"color: #e14d43;\"><strong>Keret<span style=\"color: #000000;\">:<\/span><\/strong><\/span><br \/>\n<strong><span style=\"color: #282828;\">\u2022 s\u00faly \u2013 6 kg<\/span><\/strong><br \/>\n<strong><span style=\"color: #282828;\">\u2022 kinyitva 98 x 60 x 125,5 cm<\/span><\/strong><br \/>\n<strong><span style=\"color: #282828;\">\u2022 \u00f6sszecsukva 82,5 x 40,5 cm<\/span><\/strong><\/p>\n<p><a href=\"http:\/\/forbabyboss.com\/wp-content\/uploads\/2022\/09\/checkout.png\"><img loading=\"lazy\" decoding=\"async\" class=\"alignnone size-full wp-image-5965\" src=\"http:\/\/forbabyboss.com\/wp-content\/uploads\/2022\/09\/checkout.png\" alt=\"\" width=\"750\" height=\"276\" srcset=\"https:\/\/forbabyboss.com\/wp-content\/uploads\/2022\/09\/checkout.png 750w, https:\/\/forbabyboss.com\/wp-content\/uploads\/2022\/09\/checkout-600x221.png 600w\" sizes=\"auto, (max-width: 750px) 100vw, 750px\" \/><\/a><\/p>","protected":false},"excerpt":{"rendered":"<p><a href=\"http:\/\/forbabyboss.com\/wp-content\/uploads\/2022\/09\/Star-Rating-5.png\"><img loading=\"lazy\" decoding=\"async\" class=\"alignnone wp-image-5973 aligncenter\" src=\"http:\/\/forbabyboss.com\/wp-content\/uploads\/2022\/09\/Star-Rating-5.png\" alt=\"\" width=\"299\" height=\"49\" \/><\/a><\/p>\n<p style=\"text-align: center;\"><span style=\"color: #e14d43; font-size: 115%;\"><strong>\u00c1RGARANCIA<\/strong><\/span><\/p>\n<p style=\"text-align: center;\"><span style=\"font-size: 115%;\"><span style=\"color: #003366;\">Ingyenes kisz\u00e1ll\u00edt\u00e1s\u00a0<\/span>\u2013 2 \u2013 7 nap<\/span><\/p>\n<p style=\"text-align: center;\"><span style=\"color: #008000; font-size: 115%;\"><strong>Ingyenes aj\u00e1nd\u00e9k 100 font feletti v\u00e1s\u00e1rl\u00e1s eset\u00e9n<\/strong><\/span><\/p>","protected":false},"featured_media":4241,"template":"","meta":[],"product_brand":[577],"product_cat":[340,156,197,207,305,130,209,211],"product_tag":[163,200,199],"class_list":{"0":"post-4240","1":"product","2":"type-product","3":"status-publish","4":"has-post-thumbnail","6":"product_brand-kunert","7":"product_cat-800-to-900","8":"product_cat-3-in-1","9":"product_cat-4-in-1-pram","10":"product_cat-black","11":"product_cat-colour","12":"product_cat-prams","13":"product_cat-push-chairs","14":"product_cat-stroller","15":"product_tag-3-in-1-prams","16":"product_tag-4-in-1-pram","17":"product_tag-prams","19":"first","20":"instock","21":"sale","22":"shipping-taxable","23":"purchasable","24":"product-type-simple"},"yoast_head":"<!-- This site is optimized with the Yoast SEO plugin v27.6 - https:\/\/yoast.com\/product\/yoast-seo-wordpress\/ -->\n<title>Pushchair Baby Pram Premium Travel System 4in1 Car Seat - 02 - For Baby Boss<\/title>\n<meta name=\"description\" content=\"Pushchair Baby Pram Premium Travel System 4in1 Car Seat - 02\" \/>\n<meta name=\"robots\" content=\"index, follow, max-snippet:-1, max-image-preview:large, max-video-preview:-1\" \/>\n<link rel=\"canonical\" href=\"https:\/\/forbabyboss.com\/hu\/termek\/babakocsi-premium-utazorendszer-4-az-1-ben-autosules-02\/\" \/>\n<meta property=\"og:locale\" content=\"hu_HU\" \/>\n<meta property=\"og:type\" content=\"article\" \/>\n<meta property=\"og:title\" content=\"Pushchair Baby Pram Premium Travel System 4in1 Car Seat - 02 - For Baby Boss\" \/>\n<meta property=\"og:description\" content=\"Pushchair Baby Pram Premium Travel System 4in1 Car Seat - 02\" \/>\n<meta property=\"og:url\" content=\"https:\/\/forbabyboss.com\/hu\/termek\/babakocsi-premium-utazorendszer-4-az-1-ben-autosules-02\/\" \/>\n<meta property=\"og:site_name\" content=\"For Baby Boss\" \/>\n<meta property=\"article:modified_time\" content=\"2026-02-21T15:34:10+00:00\" \/>\n<meta property=\"og:image\" content=\"https:\/\/forbabyboss.com\/wp-content\/uploads\/2022\/09\/Baby-Pram-Pushchair-Paradise-Euforia-Premium-Travel-System-4in1-Car-Seat-02.jpg\" \/>\n\t<meta property=\"og:image:width\" content=\"1020\" \/>\n\t<meta property=\"og:image:height\" content=\"1106\" \/>\n\t<meta property=\"og:image:type\" content=\"image\/jpeg\" \/>\n<meta name=\"twitter:card\" content=\"summary_large_image\" \/>\n<meta name=\"twitter:label1\" content=\"Becs\u00fclt olvas\u00e1si id\u0151\" \/>\n\t<meta name=\"twitter:data1\" content=\"3 perc\" \/>\n<script type=\"application\/ld+json\" class=\"yoast-schema-graph\">{\"@context\":\"https:\\\/\\\/schema.org\",\"@graph\":[{\"@type\":\"WebPage\",\"@id\":\"https:\\\/\\\/forbabyboss.com\\\/product\\\/pushchair-baby-pram-premium-travel-system-4in1-car-seat-02\\\/\",\"url\":\"https:\\\/\\\/forbabyboss.com\\\/product\\\/pushchair-baby-pram-premium-travel-system-4in1-car-seat-02\\\/\",\"name\":\"Pushchair Baby Pram Premium Travel System 4in1 Car Seat - 02 - For Baby Boss\",\"isPartOf\":{\"@id\":\"https:\\\/\\\/powderblue-seahorse-496884.hostingersite.com\\\/#website\"},\"primaryImageOfPage\":{\"@id\":\"https:\\\/\\\/forbabyboss.com\\\/product\\\/pushchair-baby-pram-premium-travel-system-4in1-car-seat-02\\\/#primaryimage\"},\"image\":{\"@id\":\"https:\\\/\\\/forbabyboss.com\\\/product\\\/pushchair-baby-pram-premium-travel-system-4in1-car-seat-02\\\/#primaryimage\"},\"thumbnailUrl\":\"https:\\\/\\\/forbabyboss.com\\\/wp-content\\\/uploads\\\/2022\\\/09\\\/Baby-Pram-Pushchair-Paradise-Euforia-Premium-Travel-System-4in1-Car-Seat-02.jpg\",\"datePublished\":\"2022-09-08T09:15:20+00:00\",\"dateModified\":\"2026-02-21T15:34:10+00:00\",\"description\":\"Pushchair Baby Pram Premium Travel System 4in1 Car Seat - 02\",\"breadcrumb\":{\"@id\":\"https:\\\/\\\/forbabyboss.com\\\/product\\\/pushchair-baby-pram-premium-travel-system-4in1-car-seat-02\\\/#breadcrumb\"},\"inLanguage\":\"hu\",\"potentialAction\":[{\"@type\":\"ReadAction\",\"target\":[\"https:\\\/\\\/forbabyboss.com\\\/product\\\/pushchair-baby-pram-premium-travel-system-4in1-car-seat-02\\\/\"]}]},{\"@type\":\"ImageObject\",\"inLanguage\":\"hu\",\"@id\":\"https:\\\/\\\/forbabyboss.com\\\/product\\\/pushchair-baby-pram-premium-travel-system-4in1-car-seat-02\\\/#primaryimage\",\"url\":\"https:\\\/\\\/forbabyboss.com\\\/wp-content\\\/uploads\\\/2022\\\/09\\\/Baby-Pram-Pushchair-Paradise-Euforia-Premium-Travel-System-4in1-Car-Seat-02.jpg\",\"contentUrl\":\"https:\\\/\\\/forbabyboss.com\\\/wp-content\\\/uploads\\\/2022\\\/09\\\/Baby-Pram-Pushchair-Paradise-Euforia-Premium-Travel-System-4in1-Car-Seat-02.jpg\",\"width\":1020,\"height\":1106},{\"@type\":\"BreadcrumbList\",\"@id\":\"https:\\\/\\\/forbabyboss.com\\\/product\\\/pushchair-baby-pram-premium-travel-system-4in1-car-seat-02\\\/#breadcrumb\",\"itemListElement\":[{\"@type\":\"ListItem\",\"position\":1,\"name\":\"Home\",\"item\":\"https:\\\/\\\/forbabyboss.com\\\/\"},{\"@type\":\"ListItem\",\"position\":2,\"name\":\"Shop\",\"item\":\"https:\\\/\\\/forbabyboss.com\\\/shop\\\/\"},{\"@type\":\"ListItem\",\"position\":3,\"name\":\"Pushchair Baby Pram Premium Travel System 4in1 Car Seat &#8211; 02\"}]},{\"@type\":\"WebSite\",\"@id\":\"https:\\\/\\\/powderblue-seahorse-496884.hostingersite.com\\\/#website\",\"url\":\"https:\\\/\\\/powderblue-seahorse-496884.hostingersite.com\\\/\",\"name\":\"For Baby Boss\",\"description\":\"Beautiful gifts and accessories for your baby boss\",\"potentialAction\":[{\"@type\":\"SearchAction\",\"target\":{\"@type\":\"EntryPoint\",\"urlTemplate\":\"https:\\\/\\\/powderblue-seahorse-496884.hostingersite.com\\\/?s={search_term_string}\"},\"query-input\":{\"@type\":\"PropertyValueSpecification\",\"valueRequired\":true,\"valueName\":\"search_term_string\"}}],\"inLanguage\":\"hu\"}]}<\/script>\n<!-- \/ Yoast SEO plugin. -->","yoast_head_json":{"title":"Babakocsi Pr\u00e9mium Utaz\u00f3rendszer 4 az 1-ben Aut\u00f3s\u00fcl\u00e9s - 02 - Baby Boss-hoz","description":"Babakocsi Pr\u00e9mium Utaz\u00f3rendszer 4 az 1-ben Aut\u00f3s\u00fcl\u00e9s - 02","robots":{"index":"index","follow":"follow","max-snippet":"max-snippet:-1","max-image-preview":"max-image-preview:large","max-video-preview":"max-video-preview:-1"},"canonical":"https:\/\/forbabyboss.com\/hu\/termek\/babakocsi-premium-utazorendszer-4-az-1-ben-autosules-02\/","og_locale":"hu_HU","og_type":"article","og_title":"Pushchair Baby Pram Premium Travel System 4in1 Car Seat - 02 - For Baby Boss","og_description":"Pushchair Baby Pram Premium Travel System 4in1 Car Seat - 02","og_url":"https:\/\/forbabyboss.com\/hu\/termek\/babakocsi-premium-utazorendszer-4-az-1-ben-autosules-02\/","og_site_name":"For Baby Boss","article_modified_time":"2026-02-21T15:34:10+00:00","og_image":[{"width":1020,"height":1106,"url":"https:\/\/forbabyboss.com\/wp-content\/uploads\/2022\/09\/Baby-Pram-Pushchair-Paradise-Euforia-Premium-Travel-System-4in1-Car-Seat-02.jpg","type":"image\/jpeg"}],"twitter_card":"summary_large_image","twitter_misc":{"Becs\u00fclt olvas\u00e1si id\u0151":"3 perc"},"schema":{"@context":"https:\/\/schema.org","@graph":[{"@type":"WebPage","@id":"https:\/\/forbabyboss.com\/product\/pushchair-baby-pram-premium-travel-system-4in1-car-seat-02\/","url":"https:\/\/forbabyboss.com\/product\/pushchair-baby-pram-premium-travel-system-4in1-car-seat-02\/","name":"Babakocsi Pr\u00e9mium Utaz\u00f3rendszer 4 az 1-ben Aut\u00f3s\u00fcl\u00e9s - 02 - Baby Boss-hoz","isPartOf":{"@id":"https:\/\/powderblue-seahorse-496884.hostingersite.com\/#website"},"primaryImageOfPage":{"@id":"https:\/\/forbabyboss.com\/product\/pushchair-baby-pram-premium-travel-system-4in1-car-seat-02\/#primaryimage"},"image":{"@id":"https:\/\/forbabyboss.com\/product\/pushchair-baby-pram-premium-travel-system-4in1-car-seat-02\/#primaryimage"},"thumbnailUrl":"https:\/\/forbabyboss.com\/wp-content\/uploads\/2022\/09\/Baby-Pram-Pushchair-Paradise-Euforia-Premium-Travel-System-4in1-Car-Seat-02.jpg","datePublished":"2022-09-08T09:15:20+00:00","dateModified":"2026-02-21T15:34:10+00:00","description":"Babakocsi Pr\u00e9mium Utaz\u00f3rendszer 4 az 1-ben Aut\u00f3s\u00fcl\u00e9s - 02","breadcrumb":{"@id":"https:\/\/forbabyboss.com\/product\/pushchair-baby-pram-premium-travel-system-4in1-car-seat-02\/#breadcrumb"},"inLanguage":"hu","potentialAction":[{"@type":"ReadAction","target":["https:\/\/forbabyboss.com\/product\/pushchair-baby-pram-premium-travel-system-4in1-car-seat-02\/"]}]},{"@type":"ImageObject","inLanguage":"hu","@id":"https:\/\/forbabyboss.com\/product\/pushchair-baby-pram-premium-travel-system-4in1-car-seat-02\/#primaryimage","url":"https:\/\/forbabyboss.com\/wp-content\/uploads\/2022\/09\/Baby-Pram-Pushchair-Paradise-Euforia-Premium-Travel-System-4in1-Car-Seat-02.jpg","contentUrl":"https:\/\/forbabyboss.com\/wp-content\/uploads\/2022\/09\/Baby-Pram-Pushchair-Paradise-Euforia-Premium-Travel-System-4in1-Car-Seat-02.jpg","width":1020,"height":1106},{"@type":"BreadcrumbList","@id":"https:\/\/forbabyboss.com\/product\/pushchair-baby-pram-premium-travel-system-4in1-car-seat-02\/#breadcrumb","itemListElement":[{"@type":"ListItem","position":1,"name":"Home","item":"https:\/\/forbabyboss.com\/"},{"@type":"ListItem","position":2,"name":"Shop","item":"https:\/\/forbabyboss.com\/shop\/"},{"@type":"ListItem","position":3,"name":"Pushchair Baby Pram Premium Travel System 4in1 Car Seat &#8211; 02"}]},{"@type":"WebSite","@id":"https:\/\/powderblue-seahorse-496884.hostingersite.com\/#website","url":"https:\/\/powderblue-seahorse-496884.hostingersite.com\/","name":"A Baby Boss sz\u00e1m\u00e1ra","description":"Gy\u00f6ny\u00f6r\u0171 aj\u00e1nd\u00e9kok \u00e9s kieg\u00e9sz\u00edt\u0151k a baba f\u0151n\u00f6k\u00e9nek","potentialAction":[{"@type":"SearchAction","target":{"@type":"EntryPoint","urlTemplate":"https:\/\/powderblue-seahorse-496884.hostingersite.com\/?s={search_term_string}"},"query-input":{"@type":"PropertyValueSpecification","valueRequired":true,"valueName":"search_term_string"}}],"inLanguage":"hu"}]}},"_links":{"self":[{"href":"https:\/\/forbabyboss.com\/hu\/wp-json\/wp\/v2\/product\/4240","targetHints":{"allow":["GET"]}}],"collection":[{"href":"https:\/\/forbabyboss.com\/hu\/wp-json\/wp\/v2\/product"}],"about":[{"href":"https:\/\/forbabyboss.com\/hu\/wp-json\/wp\/v2\/types\/product"}],"wp:featuredmedia":[{"embeddable":true,"href":"https:\/\/forbabyboss.com\/hu\/wp-json\/wp\/v2\/media\/4241"}],"wp:attachment":[{"href":"https:\/\/forbabyboss.com\/hu\/wp-json\/wp\/v2\/media?parent=4240"}],"wp:term":[{"taxonomy":"product_brand","embeddable":true,"href":"https:\/\/forbabyboss.com\/hu\/wp-json\/wp\/v2\/product_brand?post=4240"},{"taxonomy":"product_cat","embeddable":true,"href":"https:\/\/forbabyboss.com\/hu\/wp-json\/wp\/v2\/product_cat?post=4240"},{"taxonomy":"product_tag","embeddable":true,"href":"https:\/\/forbabyboss.com\/hu\/wp-json\/wp\/v2\/product_tag?post=4240"}],"curies":[{"name":"wp","href":"https:\/\/api.w.org\/{rel}","templated":true}]}}