{"id":4292,"date":"2022-09-08T10:09:55","date_gmt":"2022-09-08T10:09:55","guid":{"rendered":"http:\/\/forbabyboss.com\/?post_type=product&#038;p=4292"},"modified":"2026-02-21T15:40:10","modified_gmt":"2026-02-21T15:40:10","slug":"oko-bor-babakocsi-utazorendszer-4-az-1-ben-autosules-iso-fx-09","status":"publish","type":"product","link":"https:\/\/forbabyboss.com\/hu\/product\/eco-leather-pram-stroller-travel-system-4-in1-car-seat-iso-fx-09\/","title":{"rendered":"\u00d6ko b\u0151r babakocsi, utaz\u00f3rendszer, 4 az 1-ben aut\u00f3s\u00fcl\u00e9s, ISO \u2013 FX 09"},"content":{"rendered":"<p style=\"text-align: justify;\" align=\"center\"><strong><span style=\"font-size: medium; color: #000000;\">Eur\u00f3p\u00e1ban k\u00e9sz\u00fclt, kiv\u00e1l\u00f3 min\u0151s\u00e9g\u0171 anyagokb\u00f3l, k\u00f6nny\u0171 alum\u00ednium v\u00e1zzal, modern st\u00edlusban tervezve.<br \/>\n<\/span><\/strong><\/p>\n<p style=\"text-align: justify;\" align=\"center\"><strong><span style=\"font-family: Arial; color: #000000;\">Az FX egy multifunkcion\u00e1lis utaz\u00f3rendszer gyerekeknek 2 az 1-ben \/ 3 az 1-ben \/ 4 az 1-ben. A minimalizmus \u00e9s az univerz\u00e1lis funkcionalit\u00e1s nagyszer\u0171 kombin\u00e1ci\u00f3ja a 21. sz\u00e1zadban.<\/span><\/strong><\/p>\n<p style=\"text-align: justify;\" align=\"center\"><strong><span style=\"font-family: Arial; color: #000000;\">Ez az utaz\u00f3rendszer rendk\u00edv\u00fcl st\u00edlusos megjelen\u00e9s\u0171, kicsi, de stabil kerekei pedig teljes m\u00e9rt\u00e9kben megfelelnek az eur\u00f3pai diz\u00e1jn leg\u00fajabb trendjeinek. Olyan sz\u00fcl\u0151k sz\u00e1m\u00e1ra tervezt\u00e9k, akik egy hossz\u00fa ideig haszn\u00e1lhat\u00f3 term\u00e9ket keresnek. A k\u00f6nny\u0171 alum\u00ednium v\u00e1z \u00e1ll\u00edthat\u00f3 leng\u00e9scsillap\u00edt\u00f3val nagyon k\u00f6nny\u0171v\u00e9 teszi a vezet\u00e9st.<\/span><\/strong><\/p>\n<h3 style=\"text-align: justify;\" align=\"center\"><strong><span style=\"color: #000000; font-size: 115%;\"><span style=\"font-family: Arial;\"><span style=\"color: #e14d43;\">A k\u00e9szlet tartalma<\/span>:\u00a0<\/span><\/span><\/strong><\/h3>\n<p style=\"text-align: justify;\" align=\"center\"><strong><span style=\"color: #000000; font-family: Arial;\">muffok, l\u00e1bv\u00e9d\u0151, poh\u00e1rtart\u00f3 \u00e9s m\u00e9g sok m\u00e1s. N\u00e9zd meg!<\/span><\/strong><\/p>\n<p style=\"text-align: justify;\" align=\"center\"><strong><span style=\"font-family: Arial; color: #000000;\">Vannak lehet\u0151s\u00e9gek, amelyek k\u00f6z\u00fcl v\u00e1laszthat:\u00a0<\/span><\/strong><\/p>\n<p style=\"text-align: justify;\" align=\"center\"><strong><span style=\"font-family: Arial; color: #000000;\">\u2013 2 az 1-ben opci\u00f3, amely tartalmazza a v\u00e1zat, a m\u00f3zeskosarat \u00e9s a babakocsit (l\u00e1sd a t\u00f6bbi hirdet\u00e9s\u00fcnket is)<\/span><\/strong><\/p>\n<p style=\"text-align: justify;\" align=\"center\"><strong><span style=\"font-family: Arial; color: #000000;\">\u2013 3 az 1-ben opci\u00f3, amely tartalmazza a v\u00e1zat, a m\u00f3zeskosarat, a babakocsit \u00e9s az aut\u00f3s\u00fcl\u00e9st (l\u00e1sd a t\u00f6bbi hirdet\u00e9s\u00fcnket is)<\/span><\/strong><\/p>\n<p style=\"text-align: justify;\" align=\"center\"><strong><span style=\"color: #000000;\"><span style=\"font-family: Arial;\">\u2013\u00a0 \u00a0<\/span><span style=\"font-family: Arial;\">4 az 1-ben opci\u00f3, amely mindezt tartalmazza, ISOFIX talppal, amely stabilit\u00e1st \u00e9s biztons\u00e1got ny\u00fajt a bab\u00e1nak aut\u00f3ban utaz\u00e1s k\u00f6zben<\/span><\/span><\/strong><\/p>\n<h3 style=\"text-align: justify;\" align=\"center\"><strong><span style=\"font-family: Arial; color: #000000;\"><span style=\"color: #e14d43;\">Term\u00e9kjellemz\u0151k<\/span>:<\/span><\/strong><\/h3>\n<p style=\"text-align: justify;\" align=\"center\"><strong><span style=\"font-family: Arial; color: #000000;\">\u2013 Eleg\u00e1ns, k\u00f6nny\u0171 \u00e9s tart\u00f3s alum\u00ednium konstrukci\u00f3<\/span><\/strong><\/p>\n<p style=\"text-align: justify;\" align=\"center\"><strong><span style=\"font-family: Arial; color: #000000;\">\u2013 St\u00edlusos keret<\/span><\/strong><\/p>\n<p style=\"text-align: justify;\" align=\"center\"><strong><span style=\"font-family: Arial; color: #000000;\">\u2013 K\u00f6nny\u0171 \u00e9s praktikus \u00f6sszecsuk\u00f3rendszer \u2013 \u201c0\u201d poz\u00edci\u00f3ig\u201d<\/span><\/strong><\/p>\n<p style=\"text-align: justify;\" align=\"center\"><strong><span style=\"font-family: Arial; color: #000000;\">\u2013 \u00c1ll\u00edthat\u00f3 h\u00e1tt\u00e1mla<\/span><\/strong><\/p>\n<p style=\"text-align: justify;\" align=\"center\"><strong><span style=\"font-family: Arial; color: #000000;\">\u2013 Hab (g\u00e9l) kerekek, amelyek ugyanolyan puh\u00e1k, mint a leveg\u0151vel t\u00f6lt\u00f6tt kerekek (de nem lyukadnak ki), \u00edgy rendk\u00edv\u00fcl k\u00e9nyelmes utaz\u00e1st biztos\u00edtanak gyermekednek<\/span><\/strong><\/p>\n<p style=\"text-align: justify;\" align=\"center\"><strong><span style=\"font-family: Arial; color: #000000;\">\u2013 360 fokban forgathat\u00f3 kerekek<\/span><\/strong><\/p>\n<p style=\"text-align: justify;\" align=\"center\"><strong><span style=\"font-family: Arial; color: #000000;\">\u2013 \u00dct\u00e9sg\u00e1tl\u00f3 rendszer<\/span><\/strong><\/p>\n<p style=\"text-align: justify;\" align=\"center\"><strong><span style=\"font-family: Arial; color: #000000;\">\u2013 \u00c1ll\u00edthat\u00f3 foganty\u00fa, amely lehet\u0151v\u00e9 teszi a sz\u00fcl\u0151 magass\u00e1g\u00e1hoz val\u00f3 igaz\u00edt\u00e1st<\/span><\/strong><\/p>\n<h3 style=\"text-align: justify;\" align=\"center\"><strong><span style=\"font-size: large; color: #000000;\"><span style=\"color: #e14d43;\">Az \u00e1r tartalmazza<\/span>:<\/span><\/strong><\/h3>\n<p style=\"text-align: justify;\" align=\"center\"><strong><span style=\"font-family: Arial; color: #000000;\">- Alum\u00ednium keret<\/span><\/strong><\/p>\n<p style=\"text-align: justify;\" align=\"center\"><strong><span style=\"font-family: Arial; color: #000000;\">\u2013 4 hab\/g\u00e9l ker\u00e9k<\/span><\/strong><\/p>\n<p style=\"text-align: justify;\" align=\"center\"><strong><span style=\"font-family: Arial; color: #000000;\">\u2013 M\u00f3zeskos\u00e1r<\/span><\/strong><\/p>\n<p style=\"text-align: justify;\" align=\"center\"><strong><span style=\"font-family: Arial; color: #000000;\">\u2013 Babakocsi<\/span><\/strong><\/p>\n<p style=\"text-align: justify;\" align=\"center\"><strong><span style=\"font-family: Arial; color: #000000;\">\u2013 Es\u0151v\u00e9d\u0151<\/span><\/strong><\/p>\n<p style=\"text-align: justify;\" align=\"center\"><strong><span style=\"font-family: Arial; color: #000000;\">\u2013 Sz\u00fanyogh\u00e1l\u00f3<\/span><\/strong><\/p>\n<p style=\"text-align: justify;\" align=\"center\"><strong><span style=\"font-family: Arial; color: #000000;\">\u2013 T\u00e1ska<\/span><\/strong><\/p>\n<p style=\"text-align: justify;\" align=\"center\"><strong><span style=\"font-family: Arial; color: #000000;\">\u2013 Bev\u00e1s\u00e1rl\u00f3kos\u00e1r<\/span><\/strong><\/p>\n<p style=\"text-align: justify;\" align=\"center\"><strong><span style=\"font-family: Arial; color: #000000;\">\u2013 L\u00e1bzs\u00e1k<\/span><\/strong><\/p>\n<p style=\"text-align: justify;\" align=\"center\"><strong><span style=\"font-family: Arial; color: #000000;\">\u2013 K\u00e9zv\u00e9d\u0151<\/span><\/strong><\/p>\n<p style=\"text-align: justify;\" align=\"center\"><strong><span style=\"font-family: Arial; color: #000000;\">\u2013 B\u00f6gre<\/span><\/strong><\/p>\n<p style=\"text-align: justify;\" align=\"center\"><strong><span style=\"font-family: Arial; color: #000000;\">\u2013 24 h\u00f3nap garancia<\/span><\/strong><\/p>\n<p style=\"text-align: justify;\" align=\"center\"><strong><span style=\"font-family: Arial; color: #000000;\">\u2013 *Aut\u00f3s\u00fcl\u00e9s KITE (opcion\u00e1lis)<\/span><\/strong><\/p>\n<p style=\"text-align: justify;\" align=\"center\"><strong><span style=\"font-family: Arial; color: #000000;\">\u2013 *ISOFIX alap (opcion\u00e1lis)<\/span><\/strong><\/p>\n<h3 style=\"text-align: justify;\" align=\"center\"><strong><span style=\"font-family: Arial; font-size: large; color: #000000;\"><span style=\"color: #e14d43;\">Aut\u00f3s\u00fcl\u00e9s KITE<\/span>*<\/span><\/strong><\/h3>\n<p style=\"text-align: justify;\" align=\"center\"><strong><span style=\"font-family: Arial; color: #000000;\">0-13 kg-os csoport<\/span><\/strong><\/p>\n<p style=\"text-align: justify;\" align=\"center\"><strong><span style=\"font-family: Arial; color: #000000;\">Eur\u00f3pai j\u00f3v\u00e1hagy\u00e1s ECE R44\/04<\/span><\/strong><\/p>\n<p style=\"text-align: justify;\" align=\"center\"><strong><span style=\"font-family: Arial; color: #000000;\">Adapterekkel r\u00f6gz\u00edthet\u0151 a babakocsi v\u00e1z\u00e1ra<\/span><\/strong><\/p>\n<p style=\"text-align: justify;\" align=\"center\"><strong><span style=\"font-family: Arial; color: #000000;\">3 pontos biztons\u00e1gi \u00f6v<\/span><\/strong><\/p>\n<p style=\"text-align: justify;\" align=\"center\"><strong><span style=\"font-family: Arial; color: #000000;\">Extra bet\u00e9t \u00fajsz\u00fcl\u00f6ttnek<\/span><\/strong><\/p>\n<p style=\"text-align: justify;\" align=\"center\"><strong><span style=\"font-family: Arial; color: #000000;\">L\u00e1bv\u00e9d\u0151<\/span><\/strong><\/p>\n<p style=\"text-align: justify;\" align=\"center\"><strong><span style=\"font-family: Arial; color: #000000;\">\u00c1ll\u00edthat\u00f3 foganty\u00fa a hordoz\u00e1shoz<\/span><\/strong><\/p>\n<p style=\"text-align: justify;\" align=\"center\"><strong><span style=\"font-family: Arial; color: #000000;\">Levehet\u0151 kapucni<\/span><\/strong><\/p>\n<p style=\"text-align: justify;\" align=\"center\"><strong><span style=\"font-family: Arial; color: #000000;\">Magass\u00e1gban \u00e1ll\u00edthat\u00f3 biztons\u00e1gi \u00f6vek<\/span><\/strong><\/p>\n<p style=\"text-align: justify;\" align=\"center\"><strong><span style=\"font-family: Arial; color: #000000;\">El\u0151re vagy h\u00e1trafel\u00e9 menet m\u00f3d<\/span><\/strong><\/p>\n<h3 style=\"font-weight: 400;\"><strong><span style=\"color: #000000;\"><span style=\"font-size: 115%;\"><span style=\"color: #e14d43;\">M\u00c9RETEK<\/span>:<\/span><\/span><\/strong><\/h3>\n<h4 style=\"font-weight: 400;\"><strong><span style=\"font-size: 115%; color: #e14d43;\">M\u00f3zeskos\u00e1r<\/span><\/strong><\/h4>\n<p style=\"font-weight: 400;\"><strong><span style=\"color: #000000;\">84 cm hossz\u00fa<\/span><\/strong><\/p>\n<p style=\"font-weight: 400;\"><strong><span style=\"color: #000000;\">magass\u00e1g 58 cm<\/span><\/strong><\/p>\n<p style=\"font-weight: 400;\"><strong><span style=\"color: #000000;\">sz\u00e9less\u00e9g 36 cm<\/span><\/strong><\/p>\n<h4 style=\"font-weight: 400;\"><strong><span style=\"font-size: 115%; color: #e14d43;\">Aut\u00f3s\u00fcl\u00e9s<\/span><\/strong><\/h4>\n<ul>\n<li style=\"font-weight: 400;\"><strong><span style=\"color: #000000;\">S\u00faly: 3,3 kg<\/span><\/strong><\/li>\n<li style=\"font-weight: 400;\"><strong><span style=\"color: #000000;\">0-13 kg s\u00faly\u00fa gyermekek sz\u00e1m\u00e1ra<\/span><\/strong><\/li>\n<\/ul>\n<h4 style=\"font-weight: 400;\"><strong><span style=\"font-size: 115%; color: #e14d43;\">Keret<\/span><\/strong><\/h4>\n<ul>\n<li style=\"font-weight: 400;\"><strong><span style=\"color: #000000;\">s\u00faly \u2013 6 kg<\/span><\/strong><\/li>\n<li style=\"font-weight: 400;\"><strong><span style=\"color: #000000;\">kinyitva 98 x 60 x 125,5 cm<\/span><\/strong><\/li>\n<li style=\"font-weight: 400;\"><strong><span style=\"color: #000000;\">\u00f6sszecsukva 82,5 x 40,5 cm<\/span><\/strong><\/li>\n<\/ul>\n<p align=\"center\"><a href=\"http:\/\/forbabyboss.com\/wp-content\/uploads\/2022\/09\/checkout.png\"><img loading=\"lazy\" decoding=\"async\" class=\"alignnone size-full wp-image-5965\" src=\"http:\/\/forbabyboss.com\/wp-content\/uploads\/2022\/09\/checkout.png\" alt=\"\" width=\"750\" height=\"276\" srcset=\"https:\/\/forbabyboss.com\/wp-content\/uploads\/2022\/09\/checkout.png 750w, https:\/\/forbabyboss.com\/wp-content\/uploads\/2022\/09\/checkout-600x221.png 600w\" sizes=\"auto, (max-width: 750px) 100vw, 750px\" \/><\/a><\/p>","protected":false},"excerpt":{"rendered":"<p><a href=\"http:\/\/forbabyboss.com\/wp-content\/uploads\/2022\/09\/Star-Rating-5.png\"><img loading=\"lazy\" decoding=\"async\" class=\"alignnone wp-image-5973 aligncenter\" src=\"http:\/\/forbabyboss.com\/wp-content\/uploads\/2022\/09\/Star-Rating-5.png\" alt=\"\" width=\"299\" height=\"49\" \/><\/a><\/p>\n<p style=\"text-align: center;\"><span style=\"color: #e14d43; font-size: 115%;\"><strong>\u00c1RGARANCIA<\/strong><\/span><\/p>\n<p style=\"text-align: center;\"><span style=\"font-size: 115%;\"><span style=\"color: #003366;\">Ingyenes kisz\u00e1ll\u00edt\u00e1s\u00a0<\/span>\u2013 2 \u2013 7 nap<\/span><\/p>\n<p style=\"text-align: center;\"><span style=\"color: #008000; font-size: 115%;\"><strong>Ingyenes aj\u00e1nd\u00e9k 100 font feletti v\u00e1s\u00e1rl\u00e1s eset\u00e9n<\/strong><\/span><\/p>","protected":false},"featured_media":4296,"template":"","meta":[],"product_brand":[577],"product_cat":[340,157,156,197,305,309,130,209,211],"product_tag":[163,200,171],"class_list":{"0":"post-4292","1":"product","2":"type-product","3":"status-publish","4":"has-post-thumbnail","6":"product_brand-kunert","7":"product_cat-800-to-900","8":"product_cat-2-in-1","9":"product_cat-3-in-1","10":"product_cat-4-in-1-pram","11":"product_cat-colour","12":"product_cat-olive","13":"product_cat-prams","14":"product_cat-push-chairs","15":"product_cat-stroller","16":"product_tag-3-in-1-prams","17":"product_tag-4-in-1-pram","18":"product_tag-pram","20":"first","21":"instock","22":"sale","23":"shipping-taxable","24":"purchasable","25":"product-type-simple"},"yoast_head":"<!-- This site is optimized with the Yoast SEO plugin v27.5 - https:\/\/yoast.com\/product\/yoast-seo-wordpress\/ -->\n<title>Eco-Leather Pram Stroller Travel system 4 in1 Car Seat ISO - FX 09 - For Baby Boss<\/title>\n<meta name=\"description\" content=\"Eco-Leather Pram Stroller Travel system 4 in1 Car Seat ISO - FX 09\" \/>\n<meta name=\"robots\" content=\"index, follow, max-snippet:-1, max-image-preview:large, max-video-preview:-1\" \/>\n<link rel=\"canonical\" href=\"https:\/\/forbabyboss.com\/hu\/termek\/oko-bor-babakocsi-utazorendszer-4-az-1-ben-autosules-iso-fx-09\/\" \/>\n<meta property=\"og:locale\" content=\"hu_HU\" \/>\n<meta property=\"og:type\" content=\"article\" \/>\n<meta property=\"og:title\" content=\"Eco-Leather Pram Stroller Travel system 4 in1 Car Seat ISO - FX 09 - For Baby Boss\" \/>\n<meta property=\"og:description\" content=\"Eco-Leather Pram Stroller Travel system 4 in1 Car Seat ISO - FX 09\" \/>\n<meta property=\"og:url\" content=\"https:\/\/forbabyboss.com\/hu\/termek\/oko-bor-babakocsi-utazorendszer-4-az-1-ben-autosules-iso-fx-09\/\" \/>\n<meta property=\"og:site_name\" content=\"For Baby Boss\" \/>\n<meta property=\"article:modified_time\" content=\"2026-02-21T15:40:10+00:00\" \/>\n<meta property=\"og:image\" content=\"https:\/\/forbabyboss.com\/wp-content\/uploads\/2022\/09\/Paradise-Baby-FX-eco-leather-Pram-Stroller-Travel-system-4-in1-Car-Seat-ISO-FX-09-eco-leather_main.jpg\" \/>\n\t<meta property=\"og:image:width\" content=\"1200\" \/>\n\t<meta property=\"og:image:height\" content=\"1372\" \/>\n\t<meta property=\"og:image:type\" content=\"image\/jpeg\" \/>\n<meta name=\"twitter:card\" content=\"summary_large_image\" \/>\n<meta name=\"twitter:label1\" content=\"Becs\u00fclt olvas\u00e1si id\u0151\" \/>\n\t<meta name=\"twitter:data1\" content=\"2 perc\" \/>\n<script type=\"application\/ld+json\" class=\"yoast-schema-graph\">{\"@context\":\"https:\\\/\\\/schema.org\",\"@graph\":[{\"@type\":\"WebPage\",\"@id\":\"https:\\\/\\\/forbabyboss.com\\\/product\\\/eco-leather-pram-stroller-travel-system-4-in1-car-seat-iso-fx-09\\\/\",\"url\":\"https:\\\/\\\/forbabyboss.com\\\/product\\\/eco-leather-pram-stroller-travel-system-4-in1-car-seat-iso-fx-09\\\/\",\"name\":\"Eco-Leather Pram Stroller Travel system 4 in1 Car Seat ISO - FX 09 - For Baby Boss\",\"isPartOf\":{\"@id\":\"https:\\\/\\\/powderblue-seahorse-496884.hostingersite.com\\\/#website\"},\"primaryImageOfPage\":{\"@id\":\"https:\\\/\\\/forbabyboss.com\\\/product\\\/eco-leather-pram-stroller-travel-system-4-in1-car-seat-iso-fx-09\\\/#primaryimage\"},\"image\":{\"@id\":\"https:\\\/\\\/forbabyboss.com\\\/product\\\/eco-leather-pram-stroller-travel-system-4-in1-car-seat-iso-fx-09\\\/#primaryimage\"},\"thumbnailUrl\":\"https:\\\/\\\/forbabyboss.com\\\/wp-content\\\/uploads\\\/2022\\\/09\\\/Paradise-Baby-FX-eco-leather-Pram-Stroller-Travel-system-4-in1-Car-Seat-ISO-FX-09-eco-leather_main.jpg\",\"datePublished\":\"2022-09-08T10:09:55+00:00\",\"dateModified\":\"2026-02-21T15:40:10+00:00\",\"description\":\"Eco-Leather Pram Stroller Travel system 4 in1 Car Seat ISO - FX 09\",\"breadcrumb\":{\"@id\":\"https:\\\/\\\/forbabyboss.com\\\/product\\\/eco-leather-pram-stroller-travel-system-4-in1-car-seat-iso-fx-09\\\/#breadcrumb\"},\"inLanguage\":\"hu\",\"potentialAction\":[{\"@type\":\"ReadAction\",\"target\":[\"https:\\\/\\\/forbabyboss.com\\\/product\\\/eco-leather-pram-stroller-travel-system-4-in1-car-seat-iso-fx-09\\\/\"]}]},{\"@type\":\"ImageObject\",\"inLanguage\":\"hu\",\"@id\":\"https:\\\/\\\/forbabyboss.com\\\/product\\\/eco-leather-pram-stroller-travel-system-4-in1-car-seat-iso-fx-09\\\/#primaryimage\",\"url\":\"https:\\\/\\\/forbabyboss.com\\\/wp-content\\\/uploads\\\/2022\\\/09\\\/Paradise-Baby-FX-eco-leather-Pram-Stroller-Travel-system-4-in1-Car-Seat-ISO-FX-09-eco-leather_main.jpg\",\"contentUrl\":\"https:\\\/\\\/forbabyboss.com\\\/wp-content\\\/uploads\\\/2022\\\/09\\\/Paradise-Baby-FX-eco-leather-Pram-Stroller-Travel-system-4-in1-Car-Seat-ISO-FX-09-eco-leather_main.jpg\",\"width\":1200,\"height\":1372},{\"@type\":\"BreadcrumbList\",\"@id\":\"https:\\\/\\\/forbabyboss.com\\\/product\\\/eco-leather-pram-stroller-travel-system-4-in1-car-seat-iso-fx-09\\\/#breadcrumb\",\"itemListElement\":[{\"@type\":\"ListItem\",\"position\":1,\"name\":\"Home\",\"item\":\"https:\\\/\\\/forbabyboss.com\\\/\"},{\"@type\":\"ListItem\",\"position\":2,\"name\":\"Shop\",\"item\":\"https:\\\/\\\/forbabyboss.com\\\/shop\\\/\"},{\"@type\":\"ListItem\",\"position\":3,\"name\":\"Eco-Leather Pram Stroller Travel system 4 in1 Car Seat ISO &#8211; FX 09\"}]},{\"@type\":\"WebSite\",\"@id\":\"https:\\\/\\\/powderblue-seahorse-496884.hostingersite.com\\\/#website\",\"url\":\"https:\\\/\\\/powderblue-seahorse-496884.hostingersite.com\\\/\",\"name\":\"For Baby Boss\",\"description\":\"Beautiful gifts and accessories for your baby boss\",\"potentialAction\":[{\"@type\":\"SearchAction\",\"target\":{\"@type\":\"EntryPoint\",\"urlTemplate\":\"https:\\\/\\\/powderblue-seahorse-496884.hostingersite.com\\\/?s={search_term_string}\"},\"query-input\":{\"@type\":\"PropertyValueSpecification\",\"valueRequired\":true,\"valueName\":\"search_term_string\"}}],\"inLanguage\":\"hu\"}]}<\/script>\n<!-- \/ Yoast SEO plugin. -->","yoast_head_json":{"title":"\u00d6ko b\u0151r babakocsi, utaz\u00f3rendszer, 4 az 1-ben aut\u00f3s\u00fcl\u00e9s, ISO - FX 09 - Baby Boss-hoz","description":"\u00d6kob\u0151r babakocsi, utaz\u00f3rendszer, 4 az 1-ben aut\u00f3s\u00fcl\u00e9s, ISO - FX 09","robots":{"index":"index","follow":"follow","max-snippet":"max-snippet:-1","max-image-preview":"max-image-preview:large","max-video-preview":"max-video-preview:-1"},"canonical":"https:\/\/forbabyboss.com\/hu\/termek\/oko-bor-babakocsi-utazorendszer-4-az-1-ben-autosules-iso-fx-09\/","og_locale":"hu_HU","og_type":"article","og_title":"Eco-Leather Pram Stroller Travel system 4 in1 Car Seat ISO - FX 09 - For Baby Boss","og_description":"Eco-Leather Pram Stroller Travel system 4 in1 Car Seat ISO - FX 09","og_url":"https:\/\/forbabyboss.com\/hu\/termek\/oko-bor-babakocsi-utazorendszer-4-az-1-ben-autosules-iso-fx-09\/","og_site_name":"For Baby Boss","article_modified_time":"2026-02-21T15:40:10+00:00","og_image":[{"width":1200,"height":1372,"url":"https:\/\/forbabyboss.com\/wp-content\/uploads\/2022\/09\/Paradise-Baby-FX-eco-leather-Pram-Stroller-Travel-system-4-in1-Car-Seat-ISO-FX-09-eco-leather_main.jpg","type":"image\/jpeg"}],"twitter_card":"summary_large_image","twitter_misc":{"Becs\u00fclt olvas\u00e1si id\u0151":"2 perc"},"schema":{"@context":"https:\/\/schema.org","@graph":[{"@type":"WebPage","@id":"https:\/\/forbabyboss.com\/product\/eco-leather-pram-stroller-travel-system-4-in1-car-seat-iso-fx-09\/","url":"https:\/\/forbabyboss.com\/product\/eco-leather-pram-stroller-travel-system-4-in1-car-seat-iso-fx-09\/","name":"\u00d6ko b\u0151r babakocsi, utaz\u00f3rendszer, 4 az 1-ben aut\u00f3s\u00fcl\u00e9s, ISO - FX 09 - Baby Boss-hoz","isPartOf":{"@id":"https:\/\/powderblue-seahorse-496884.hostingersite.com\/#website"},"primaryImageOfPage":{"@id":"https:\/\/forbabyboss.com\/product\/eco-leather-pram-stroller-travel-system-4-in1-car-seat-iso-fx-09\/#primaryimage"},"image":{"@id":"https:\/\/forbabyboss.com\/product\/eco-leather-pram-stroller-travel-system-4-in1-car-seat-iso-fx-09\/#primaryimage"},"thumbnailUrl":"https:\/\/forbabyboss.com\/wp-content\/uploads\/2022\/09\/Paradise-Baby-FX-eco-leather-Pram-Stroller-Travel-system-4-in1-Car-Seat-ISO-FX-09-eco-leather_main.jpg","datePublished":"2022-09-08T10:09:55+00:00","dateModified":"2026-02-21T15:40:10+00:00","description":"\u00d6kob\u0151r babakocsi, utaz\u00f3rendszer, 4 az 1-ben aut\u00f3s\u00fcl\u00e9s, ISO - FX 09","breadcrumb":{"@id":"https:\/\/forbabyboss.com\/product\/eco-leather-pram-stroller-travel-system-4-in1-car-seat-iso-fx-09\/#breadcrumb"},"inLanguage":"hu","potentialAction":[{"@type":"ReadAction","target":["https:\/\/forbabyboss.com\/product\/eco-leather-pram-stroller-travel-system-4-in1-car-seat-iso-fx-09\/"]}]},{"@type":"ImageObject","inLanguage":"hu","@id":"https:\/\/forbabyboss.com\/product\/eco-leather-pram-stroller-travel-system-4-in1-car-seat-iso-fx-09\/#primaryimage","url":"https:\/\/forbabyboss.com\/wp-content\/uploads\/2022\/09\/Paradise-Baby-FX-eco-leather-Pram-Stroller-Travel-system-4-in1-Car-Seat-ISO-FX-09-eco-leather_main.jpg","contentUrl":"https:\/\/forbabyboss.com\/wp-content\/uploads\/2022\/09\/Paradise-Baby-FX-eco-leather-Pram-Stroller-Travel-system-4-in1-Car-Seat-ISO-FX-09-eco-leather_main.jpg","width":1200,"height":1372},{"@type":"BreadcrumbList","@id":"https:\/\/forbabyboss.com\/product\/eco-leather-pram-stroller-travel-system-4-in1-car-seat-iso-fx-09\/#breadcrumb","itemListElement":[{"@type":"ListItem","position":1,"name":"Home","item":"https:\/\/forbabyboss.com\/"},{"@type":"ListItem","position":2,"name":"Shop","item":"https:\/\/forbabyboss.com\/shop\/"},{"@type":"ListItem","position":3,"name":"Eco-Leather Pram Stroller Travel system 4 in1 Car Seat ISO &#8211; FX 09"}]},{"@type":"WebSite","@id":"https:\/\/powderblue-seahorse-496884.hostingersite.com\/#website","url":"https:\/\/powderblue-seahorse-496884.hostingersite.com\/","name":"A Baby Boss sz\u00e1m\u00e1ra","description":"Gy\u00f6ny\u00f6r\u0171 aj\u00e1nd\u00e9kok \u00e9s kieg\u00e9sz\u00edt\u0151k a baba f\u0151n\u00f6k\u00e9nek","potentialAction":[{"@type":"SearchAction","target":{"@type":"EntryPoint","urlTemplate":"https:\/\/powderblue-seahorse-496884.hostingersite.com\/?s={search_term_string}"},"query-input":{"@type":"PropertyValueSpecification","valueRequired":true,"valueName":"search_term_string"}}],"inLanguage":"hu"}]}},"_links":{"self":[{"href":"https:\/\/forbabyboss.com\/hu\/wp-json\/wp\/v2\/product\/4292","targetHints":{"allow":["GET"]}}],"collection":[{"href":"https:\/\/forbabyboss.com\/hu\/wp-json\/wp\/v2\/product"}],"about":[{"href":"https:\/\/forbabyboss.com\/hu\/wp-json\/wp\/v2\/types\/product"}],"wp:featuredmedia":[{"embeddable":true,"href":"https:\/\/forbabyboss.com\/hu\/wp-json\/wp\/v2\/media\/4296"}],"wp:attachment":[{"href":"https:\/\/forbabyboss.com\/hu\/wp-json\/wp\/v2\/media?parent=4292"}],"wp:term":[{"taxonomy":"product_brand","embeddable":true,"href":"https:\/\/forbabyboss.com\/hu\/wp-json\/wp\/v2\/product_brand?post=4292"},{"taxonomy":"product_cat","embeddable":true,"href":"https:\/\/forbabyboss.com\/hu\/wp-json\/wp\/v2\/product_cat?post=4292"},{"taxonomy":"product_tag","embeddable":true,"href":"https:\/\/forbabyboss.com\/hu\/wp-json\/wp\/v2\/product_tag?post=4292"}],"curies":[{"name":"wp","href":"https:\/\/api.w.org\/{rel}","templated":true}]}}