{"id":4520,"date":"2022-09-22T11:58:08","date_gmt":"2022-09-22T11:58:08","guid":{"rendered":"http:\/\/forbabyboss.com\/?post_type=product&#038;p=4520"},"modified":"2023-10-03T11:14:46","modified_gmt":"2023-10-03T11:14:46","slug":"babakocsi-faszen-utazorendszer-4-az-1-ben","status":"publish","type":"product","link":"https:\/\/forbabyboss.com\/hu\/product\/baby-pram-charcoal-travel-system-4in1\/","title":{"rendered":"Babakocsi fasz\u00e9n utaz\u00f3rendszer 4 az 1-ben"},"content":{"rendered":"<h2><strong><span style=\"color: #e14d43;\"><span style=\"font-style: inherit;\">A csal\u00e1dod t\u00e1rsa<\/span><\/span><\/strong><\/h2>\n<p style=\"font-weight: 400; text-align: justify;\"><strong>T\u00f6bb ezer csal\u00e1d \u00e1ltal nagyra becs\u00fclt \u00e9s szeretett Tutis Uno bemutatja a 2. gener\u00e1ci\u00f3s kollekci\u00f3t m\u00e9g t\u00f6bb funkci\u00f3val! A Tutis m\u00e9rn\u00f6ki csapata \u00f6sszegy\u0171jt\u00f6tte a v\u00e1s\u00e1rl\u00f3i v\u00e9lem\u00e9nyeket, elemezte azokat \u00e9s tov\u00e1bbfejlesztette az Uno babakocsit. Bemutatjuk a Tutis Uno+-t \u2013 \u00e1lmaid babakocsij\u00e1t: biztons\u00e1gos, tart\u00f3s \u00e9s k\u00edm\u00e9letes a sz\u00fcl\u0151k \u00e9s a bab\u00e1k sz\u00e1m\u00e1ra.<\/strong><\/p>\n<p style=\"font-weight: 400; text-align: justify;\"><strong>A rendk\u00edv\u00fcl man\u0151verezhet\u0151 \u00e9s kompakt Uno v\u00e1z k\u00e9nyelmes \u00e9s praktikus a mindennapi v\u00e1rosi \u00e9s term\u00e9szeti kalandokhoz. A Tutis Uno+ m\u00f3zeskos\u00e1r kiemelkedik biztons\u00e1g\u00e1val \u00e9s k\u00f6nny\u0171 s\u00faly\u00e1val.<\/strong><\/p>\n<h3 style=\"font-weight: 400; text-align: justify;\"><strong><span style=\"color: #e14d43;\">Ultrak\u00f6nny\u0171 \u00e9s termo hordkos\u00e1r<\/span><\/strong><\/h3>\n<p style=\"font-weight: 400; text-align: justify;\"><strong>ARCELTM \u2013 a TUTIS m\u00f3zeskosarakhoz kifejlesztett speci\u00e1lis polietil\u00e9n anyagkombin\u00e1ci\u00f3 kiv\u00e9teles k\u00f6nny\u0171s\u00e9get \u00e9s szil\u00e1rds\u00e1got biztos\u00edt.<\/strong><\/p>\n<p style=\"font-weight: 400; text-align: justify;\"><strong>KOMPAKT \u00d6SSZECSUKHAT\u00d3 V\u00c1Z<\/strong><\/p>\n<p style=\"font-weight: 400; text-align: justify;\"><strong>A kifinomult m\u00e9rn\u00f6ki munk\u00e1nak k\u00f6sz\u00f6nhet\u0151en a babakocsi v\u00e1za gyorsan \u00e9s k\u00f6nnyen \u00f6sszecsukhat\u00f3. Az \u00f6sszecsukott babakocsi k\u00f6nnyen elf\u00e9r a csomagtart\u00f3ban vagy otthon.<\/strong><\/p>\n<h3 style=\"font-weight: 400; text-align: justify;\"><strong><span style=\"font-size: 120%; color: #e14d43;\">T\u00e1gas \u00fcl\u0151r\u00e9sz<\/span><\/strong><\/h3>\n<p style=\"font-weight: 400; text-align: justify;\"><strong>Az \u00fcl\u0151r\u00e9sz \u00e9s a megb\u00edzhat\u00f3 varr\u00e1s a legapr\u00f3bb r\u00e9szletekig optimaliz\u00e1lva van, a zajszigetel\u0151 kapucni pedig teljesen leh\u00fazhat\u00f3, \u00edgy o\u00e1zist teremt a rendk\u00edv\u00fcl k\u00e9nyelmes utaz\u00e1shoz.<\/strong><\/p>\n<h3 style=\"font-weight: 400; text-align: justify;\"><strong><span style=\"color: #e14d43;\">Az \u00e1r tartalmazza<\/span>:<\/strong><\/h3>\n<ul>\n<li><strong>M\u00f3zeskos\u00e1r<\/strong><\/li>\n<li><strong>\u00dcl\u00e9segys\u00e9g<\/strong><\/li>\n<li><strong>Sport fut\u00f3m\u0171<\/strong><\/li>\n<li><strong>Es\u0151v\u00e9delem<\/strong><\/li>\n<li><strong>Anyat\u00e1ska \u00e1gynem\u0171vel<\/strong><\/li>\n<li><strong>6. Poh\u00e1rtart\u00f3<\/strong><\/li>\n<li><strong>Kos\u00e1r<\/strong><\/li>\n<li><strong>M\u00f3zeskos\u00e1r huzat<\/strong><\/li>\n<li><strong>\u00dcl\u0151r\u00e9sz huzata<\/strong><\/li>\n<li><strong>Az \u00fcl\u00e9s v\u00e9d\u0151foganty\u00faja<\/strong><\/li>\n<li><strong>Sz\u00fanyogh\u00e1l\u00f3<\/strong><\/li>\n<li><strong>Matrac<\/strong><\/li>\n<\/ul>\n<p style=\"font-weight: 400; text-align: justify;\"><span style=\"color: #e14d43;\"><strong>K\u00e9nyelmes aut\u00f3s\u00fcl\u00e9s<\/strong><\/span><\/p>\n<ul>\n<li style=\"font-weight: 400; text-align: justify;\"><strong>0-13 kg-os csoport:<\/strong><\/li>\n<li style=\"font-weight: 400; text-align: justify;\"><strong>Eur\u00f3pai j\u00f3v\u00e1hagy\u00e1s ECE R44\/04<\/strong><\/li>\n<li style=\"font-weight: 400; text-align: justify;\"><strong>Adapterrel r\u00f6gz\u00edthet\u0151 a kocsihoz<\/strong><\/li>\n<li style=\"font-weight: 400; text-align: justify;\"><strong>3 pontos biztons\u00e1gi \u00f6v<\/strong><\/li>\n<li style=\"font-weight: 400; text-align: justify;\"><strong>Extra bet\u00e9t \u00fajsz\u00fcl\u00f6ttnek<\/strong><\/li>\n<li style=\"font-weight: 400; text-align: justify;\"><strong>\u00c1ll\u00edthat\u00f3 foganty\u00fa a hordoz\u00e1shoz<\/strong><\/li>\n<li style=\"font-weight: 400; text-align: justify;\"><strong>Levehet\u0151 kapucni<\/strong><\/li>\n<li style=\"font-weight: 400; text-align: justify;\"><strong>Magass\u00e1gban \u00e1ll\u00edthat\u00f3 biztons\u00e1gi \u00f6vek<\/strong><\/li>\n<li style=\"font-weight: 400; text-align: justify;\"><strong>El\u0151re vagy h\u00e1trafel\u00e9 n\u00e9z\u0151 m\u00f3d<\/strong><\/li>\n<li style=\"font-weight: 400; text-align: justify;\"><strong>ISOFIX rendszerrel felszerelve (opcion\u00e1lis)<\/strong><\/li>\n<\/ul>\n<h3 style=\"font-weight: 400; text-align: justify;\"><strong><span style=\"color: #e14d43;\">Isofix talp<\/span>:<\/strong><\/h3>\n<ul style=\"text-align: justify;\">\n<li style=\"font-weight: 400;\"><strong>Sz\u00edn: Fekete<\/strong><\/li>\n<li style=\"font-weight: 400;\"><strong>Sz\u00fclet\u00e9st\u0151l alkalmas<\/strong><\/li>\n<li style=\"font-weight: 400;\"><strong>K\u00f6zvetlen\u00fcl az aut\u00f3 alv\u00e1z\u00e1hoz r\u00f6gz\u00edthet\u0151 az ISOFIX r\u00f6gz\u00edt\u00e9si pontokon kereszt\u00fcl<\/strong><\/li>\n<li style=\"font-weight: 400;\"><strong>A j\u00e1rm\u0171 biztons\u00e1gi \u00f6v\u00e9vel is r\u00f6gz\u00edthet\u0151<\/strong><\/li>\n<li style=\"font-weight: 400;\"><strong>Kompatibilis a Tutis aut\u00f3s\u00fcl\u00e9sekkel<\/strong><\/li>\n<li style=\"font-weight: 400;\"><strong>K\u00f6nnyen telep\u00edthet\u0151<\/strong><\/li>\n<li style=\"font-weight: 400;\"><strong>Biztons\u00e1gos \u00e9s v\u00e9dett<\/strong><\/li>\n<li style=\"font-weight: 400;\"><strong>Minimaliz\u00e1lja a felhajt\u00e1st<\/strong><\/li>\n<li style=\"font-weight: 400;\"><strong>Cs\u00f6kkenti a baba fel\u00e9breszt\u00e9s\u00e9nek val\u00f3sz\u00edn\u0171s\u00e9g\u00e9t, amikor aut\u00f3b\u00f3l hazamegy<\/strong><\/li>\n<li style=\"font-weight: 400;\"><strong>A t\u00e1maszt\u00f3l\u00e1b maxim\u00e1lis stabilit\u00e1st \u00e9s biztons\u00e1got ny\u00fajt, \u00e9s k\u00f6nnyen be\u00e1ll\u00edthat\u00f3 a legjobb illeszked\u00e9s \u00e9rdek\u00e9ben.<\/strong><\/li>\n<li style=\"font-weight: 400;\"><strong>Sz\u00ednjelz\u0151k igazolj\u00e1k az alap helyes r\u00f6gz\u00edt\u00e9s\u00e9t a j\u00e1rm\u0171h\u00f6z<\/strong><\/li>\n<\/ul>\n<h3 style=\"text-align: justify;\" align=\"center\"><strong><span style=\"font-family: Arial; color: #e14d43;\">M\u00e9retek, s\u00faly<\/span><\/strong><\/h3>\n<ul>\n<li style=\"text-align: justify;\"><strong>Babakocsi bels\u0151 m\u00e9retei \/ s\u00falya: 84\u00d738 cm \/ 3,75 kg<\/strong><\/li>\n<li style=\"text-align: justify;\"><strong>\u00dcl\u0151r\u00e9sz bels\u0151 m\u00e9retei \/ s\u00falya: 95\u00d738 cm \/ 4,8 kg<\/strong><\/li>\n<li style=\"text-align: justify;\"><strong>Aut\u00f3s\u00fcl\u00e9s bels\u0151 m\u00e9retei \/ s\u00falya: 71 \u00d7 31,5 cm \/ 3,2 kg<\/strong><\/li>\n<li style=\"text-align: justify;\"><strong>V\u00e1z + kerekek: 7,8 kg<\/strong><\/li>\n<li style=\"text-align: justify;\"><strong>\u00d6sszecsukva elf\u00e9r a k\u00f6vetkez\u0151 helyen: 80x61x34 cm<\/strong><\/li>\n<\/ul>\n<p><strong><a href=\"http:\/\/forbabyboss.com\/wp-content\/uploads\/2022\/09\/checkout.png\"><img loading=\"lazy\" decoding=\"async\" class=\"alignnone size-full wp-image-5965\" src=\"http:\/\/forbabyboss.com\/wp-content\/uploads\/2022\/09\/checkout.png\" alt=\"\" width=\"750\" height=\"276\" srcset=\"https:\/\/forbabyboss.com\/wp-content\/uploads\/2022\/09\/checkout.png 750w, https:\/\/forbabyboss.com\/wp-content\/uploads\/2022\/09\/checkout-600x221.png 600w\" sizes=\"auto, (max-width: 750px) 100vw, 750px\" \/><\/a><\/strong><\/p>","protected":false},"excerpt":{"rendered":"<p><a href=\"http:\/\/forbabyboss.com\/wp-content\/uploads\/2022\/09\/Star-Rating-5.png\"><img loading=\"lazy\" decoding=\"async\" class=\"alignnone size-full wp-image-5973 aligncenter\" src=\"http:\/\/forbabyboss.com\/wp-content\/uploads\/2022\/09\/Star-Rating-5.png\" alt=\"\" width=\"275\" height=\"45\" \/><\/a><\/p>\n<p style=\"text-align: center;\"><span style=\"color: #ed1c24; font-size: 120%;\"><b>\u00c1RGARANCIA<\/b><\/span><\/p>\n<p style=\"text-align: center;\"><span style=\"font-size: 115%;\"><span style=\"font-weight: 400; color: #4f4fa7;\">Ingyenes kisz\u00e1ll\u00edt\u00e1s<\/span><span style=\"font-weight: 400;\"> \u2013 2 \u2013 7 nap<\/span><\/span><\/p>\n<p style=\"text-align: center;\"><strong><span style=\"color: #29606b;\">Ingyenes aj\u00e1nd\u00e9k 100 font feletti v\u00e1s\u00e1rl\u00e1s eset\u00e9n<\/span><\/strong><\/p>","protected":false},"featured_media":4523,"template":"","meta":[],"product_brand":[],"product_cat":[197,207,305,130,211],"product_tag":[200,171],"class_list":{"0":"post-4520","1":"product","2":"type-product","3":"status-publish","4":"has-post-thumbnail","6":"product_cat-4-in-1-pram","7":"product_cat-black","8":"product_cat-colour","9":"product_cat-prams","10":"product_cat-stroller","11":"product_tag-4-in-1-pram","12":"product_tag-pram","14":"first","15":"instock","16":"sale","17":"shipping-taxable","18":"purchasable","19":"product-type-simple"},"yoast_head":"<!-- This site is optimized with the Yoast SEO plugin v27.6 - https:\/\/yoast.com\/product\/yoast-seo-wordpress\/ -->\n<title>Baby Pram Charcoal Travel System 4in1 - For Baby Boss<\/title>\n<meta name=\"description\" content=\"Baby Pram Charcoal Travel System 4in1\" \/>\n<meta name=\"robots\" content=\"index, follow, max-snippet:-1, max-image-preview:large, max-video-preview:-1\" \/>\n<link rel=\"canonical\" href=\"https:\/\/forbabyboss.com\/hu\/termek\/babakocsi-faszen-utazorendszer-4-az-1-ben\/\" \/>\n<meta property=\"og:locale\" content=\"hu_HU\" \/>\n<meta property=\"og:type\" content=\"article\" \/>\n<meta property=\"og:title\" content=\"Baby Pram Charcoal Travel System 4in1 - For Baby Boss\" \/>\n<meta property=\"og:description\" content=\"Baby Pram Charcoal Travel System 4in1\" \/>\n<meta property=\"og:url\" content=\"https:\/\/forbabyboss.com\/hu\/termek\/babakocsi-faszen-utazorendszer-4-az-1-ben\/\" \/>\n<meta property=\"og:site_name\" content=\"For Baby Boss\" \/>\n<meta property=\"article:modified_time\" content=\"2023-10-03T11:14:46+00:00\" \/>\n<meta property=\"og:image\" content=\"https:\/\/forbabyboss.com\/wp-content\/uploads\/2022\/09\/Baby-Pram-Pushchair-Tutis-UNO-Charcoal-Travel-System-2in1-3in1-4in1-Car-Seat-100-Charcoal-4in1-3n1isofix-base_Main.jpg\" \/>\n\t<meta property=\"og:image:width\" content=\"1020\" \/>\n\t<meta property=\"og:image:height\" content=\"1023\" \/>\n\t<meta property=\"og:image:type\" content=\"image\/jpeg\" \/>\n<meta name=\"twitter:card\" content=\"summary_large_image\" \/>\n<meta name=\"twitter:label1\" content=\"Becs\u00fclt olvas\u00e1si id\u0151\" \/>\n\t<meta name=\"twitter:data1\" content=\"2 perc\" \/>\n<script type=\"application\/ld+json\" class=\"yoast-schema-graph\">{\"@context\":\"https:\\\/\\\/schema.org\",\"@graph\":[{\"@type\":\"WebPage\",\"@id\":\"https:\\\/\\\/forbabyboss.com\\\/product\\\/baby-pram-charcoal-travel-system-4in1\\\/\",\"url\":\"https:\\\/\\\/forbabyboss.com\\\/product\\\/baby-pram-charcoal-travel-system-4in1\\\/\",\"name\":\"Baby Pram Charcoal Travel System 4in1 - For Baby Boss\",\"isPartOf\":{\"@id\":\"https:\\\/\\\/powderblue-seahorse-496884.hostingersite.com\\\/#website\"},\"primaryImageOfPage\":{\"@id\":\"https:\\\/\\\/forbabyboss.com\\\/product\\\/baby-pram-charcoal-travel-system-4in1\\\/#primaryimage\"},\"image\":{\"@id\":\"https:\\\/\\\/forbabyboss.com\\\/product\\\/baby-pram-charcoal-travel-system-4in1\\\/#primaryimage\"},\"thumbnailUrl\":\"https:\\\/\\\/forbabyboss.com\\\/wp-content\\\/uploads\\\/2022\\\/09\\\/Baby-Pram-Pushchair-Tutis-UNO-Charcoal-Travel-System-2in1-3in1-4in1-Car-Seat-100-Charcoal-4in1-3n1isofix-base_Main.jpg\",\"datePublished\":\"2022-09-22T11:58:08+00:00\",\"dateModified\":\"2023-10-03T11:14:46+00:00\",\"description\":\"Baby Pram Charcoal Travel System 4in1\",\"breadcrumb\":{\"@id\":\"https:\\\/\\\/forbabyboss.com\\\/product\\\/baby-pram-charcoal-travel-system-4in1\\\/#breadcrumb\"},\"inLanguage\":\"hu\",\"potentialAction\":[{\"@type\":\"ReadAction\",\"target\":[\"https:\\\/\\\/forbabyboss.com\\\/product\\\/baby-pram-charcoal-travel-system-4in1\\\/\"]}]},{\"@type\":\"ImageObject\",\"inLanguage\":\"hu\",\"@id\":\"https:\\\/\\\/forbabyboss.com\\\/product\\\/baby-pram-charcoal-travel-system-4in1\\\/#primaryimage\",\"url\":\"https:\\\/\\\/forbabyboss.com\\\/wp-content\\\/uploads\\\/2022\\\/09\\\/Baby-Pram-Pushchair-Tutis-UNO-Charcoal-Travel-System-2in1-3in1-4in1-Car-Seat-100-Charcoal-4in1-3n1isofix-base_Main.jpg\",\"contentUrl\":\"https:\\\/\\\/forbabyboss.com\\\/wp-content\\\/uploads\\\/2022\\\/09\\\/Baby-Pram-Pushchair-Tutis-UNO-Charcoal-Travel-System-2in1-3in1-4in1-Car-Seat-100-Charcoal-4in1-3n1isofix-base_Main.jpg\",\"width\":1020,\"height\":1023},{\"@type\":\"BreadcrumbList\",\"@id\":\"https:\\\/\\\/forbabyboss.com\\\/product\\\/baby-pram-charcoal-travel-system-4in1\\\/#breadcrumb\",\"itemListElement\":[{\"@type\":\"ListItem\",\"position\":1,\"name\":\"Home\",\"item\":\"https:\\\/\\\/forbabyboss.com\\\/\"},{\"@type\":\"ListItem\",\"position\":2,\"name\":\"Shop\",\"item\":\"https:\\\/\\\/forbabyboss.com\\\/shop\\\/\"},{\"@type\":\"ListItem\",\"position\":3,\"name\":\"Baby Pram Charcoal Travel System 4in1\"}]},{\"@type\":\"WebSite\",\"@id\":\"https:\\\/\\\/powderblue-seahorse-496884.hostingersite.com\\\/#website\",\"url\":\"https:\\\/\\\/powderblue-seahorse-496884.hostingersite.com\\\/\",\"name\":\"For Baby Boss\",\"description\":\"Beautiful gifts and accessories for your baby boss\",\"potentialAction\":[{\"@type\":\"SearchAction\",\"target\":{\"@type\":\"EntryPoint\",\"urlTemplate\":\"https:\\\/\\\/powderblue-seahorse-496884.hostingersite.com\\\/?s={search_term_string}\"},\"query-input\":{\"@type\":\"PropertyValueSpecification\",\"valueRequired\":true,\"valueName\":\"search_term_string\"}}],\"inLanguage\":\"hu\"}]}<\/script>\n<!-- \/ Yoast SEO plugin. -->","yoast_head_json":{"title":"Fasz\u00e9n sz\u00edn\u0171 babakocsi utaz\u00f3rendszer 4 az 1-ben - Baby Boss-nak","description":"Babakocsi fasz\u00e9n utaz\u00f3rendszer 4 az 1-ben","robots":{"index":"index","follow":"follow","max-snippet":"max-snippet:-1","max-image-preview":"max-image-preview:large","max-video-preview":"max-video-preview:-1"},"canonical":"https:\/\/forbabyboss.com\/hu\/termek\/babakocsi-faszen-utazorendszer-4-az-1-ben\/","og_locale":"hu_HU","og_type":"article","og_title":"Baby Pram Charcoal Travel System 4in1 - For Baby Boss","og_description":"Baby Pram Charcoal Travel System 4in1","og_url":"https:\/\/forbabyboss.com\/hu\/termek\/babakocsi-faszen-utazorendszer-4-az-1-ben\/","og_site_name":"For Baby Boss","article_modified_time":"2023-10-03T11:14:46+00:00","og_image":[{"width":1020,"height":1023,"url":"https:\/\/forbabyboss.com\/wp-content\/uploads\/2022\/09\/Baby-Pram-Pushchair-Tutis-UNO-Charcoal-Travel-System-2in1-3in1-4in1-Car-Seat-100-Charcoal-4in1-3n1isofix-base_Main.jpg","type":"image\/jpeg"}],"twitter_card":"summary_large_image","twitter_misc":{"Becs\u00fclt olvas\u00e1si id\u0151":"2 perc"},"schema":{"@context":"https:\/\/schema.org","@graph":[{"@type":"WebPage","@id":"https:\/\/forbabyboss.com\/product\/baby-pram-charcoal-travel-system-4in1\/","url":"https:\/\/forbabyboss.com\/product\/baby-pram-charcoal-travel-system-4in1\/","name":"Fasz\u00e9n sz\u00edn\u0171 babakocsi utaz\u00f3rendszer 4 az 1-ben - Baby Boss-nak","isPartOf":{"@id":"https:\/\/powderblue-seahorse-496884.hostingersite.com\/#website"},"primaryImageOfPage":{"@id":"https:\/\/forbabyboss.com\/product\/baby-pram-charcoal-travel-system-4in1\/#primaryimage"},"image":{"@id":"https:\/\/forbabyboss.com\/product\/baby-pram-charcoal-travel-system-4in1\/#primaryimage"},"thumbnailUrl":"https:\/\/forbabyboss.com\/wp-content\/uploads\/2022\/09\/Baby-Pram-Pushchair-Tutis-UNO-Charcoal-Travel-System-2in1-3in1-4in1-Car-Seat-100-Charcoal-4in1-3n1isofix-base_Main.jpg","datePublished":"2022-09-22T11:58:08+00:00","dateModified":"2023-10-03T11:14:46+00:00","description":"Babakocsi fasz\u00e9n utaz\u00f3rendszer 4 az 1-ben","breadcrumb":{"@id":"https:\/\/forbabyboss.com\/product\/baby-pram-charcoal-travel-system-4in1\/#breadcrumb"},"inLanguage":"hu","potentialAction":[{"@type":"ReadAction","target":["https:\/\/forbabyboss.com\/product\/baby-pram-charcoal-travel-system-4in1\/"]}]},{"@type":"ImageObject","inLanguage":"hu","@id":"https:\/\/forbabyboss.com\/product\/baby-pram-charcoal-travel-system-4in1\/#primaryimage","url":"https:\/\/forbabyboss.com\/wp-content\/uploads\/2022\/09\/Baby-Pram-Pushchair-Tutis-UNO-Charcoal-Travel-System-2in1-3in1-4in1-Car-Seat-100-Charcoal-4in1-3n1isofix-base_Main.jpg","contentUrl":"https:\/\/forbabyboss.com\/wp-content\/uploads\/2022\/09\/Baby-Pram-Pushchair-Tutis-UNO-Charcoal-Travel-System-2in1-3in1-4in1-Car-Seat-100-Charcoal-4in1-3n1isofix-base_Main.jpg","width":1020,"height":1023},{"@type":"BreadcrumbList","@id":"https:\/\/forbabyboss.com\/product\/baby-pram-charcoal-travel-system-4in1\/#breadcrumb","itemListElement":[{"@type":"ListItem","position":1,"name":"Home","item":"https:\/\/forbabyboss.com\/"},{"@type":"ListItem","position":2,"name":"Shop","item":"https:\/\/forbabyboss.com\/shop\/"},{"@type":"ListItem","position":3,"name":"Baby Pram Charcoal Travel System 4in1"}]},{"@type":"WebSite","@id":"https:\/\/powderblue-seahorse-496884.hostingersite.com\/#website","url":"https:\/\/powderblue-seahorse-496884.hostingersite.com\/","name":"A Baby Boss sz\u00e1m\u00e1ra","description":"Gy\u00f6ny\u00f6r\u0171 aj\u00e1nd\u00e9kok \u00e9s kieg\u00e9sz\u00edt\u0151k a baba f\u0151n\u00f6k\u00e9nek","potentialAction":[{"@type":"SearchAction","target":{"@type":"EntryPoint","urlTemplate":"https:\/\/powderblue-seahorse-496884.hostingersite.com\/?s={search_term_string}"},"query-input":{"@type":"PropertyValueSpecification","valueRequired":true,"valueName":"search_term_string"}}],"inLanguage":"hu"}]}},"_links":{"self":[{"href":"https:\/\/forbabyboss.com\/hu\/wp-json\/wp\/v2\/product\/4520","targetHints":{"allow":["GET"]}}],"collection":[{"href":"https:\/\/forbabyboss.com\/hu\/wp-json\/wp\/v2\/product"}],"about":[{"href":"https:\/\/forbabyboss.com\/hu\/wp-json\/wp\/v2\/types\/product"}],"wp:featuredmedia":[{"embeddable":true,"href":"https:\/\/forbabyboss.com\/hu\/wp-json\/wp\/v2\/media\/4523"}],"wp:attachment":[{"href":"https:\/\/forbabyboss.com\/hu\/wp-json\/wp\/v2\/media?parent=4520"}],"wp:term":[{"taxonomy":"product_brand","embeddable":true,"href":"https:\/\/forbabyboss.com\/hu\/wp-json\/wp\/v2\/product_brand?post=4520"},{"taxonomy":"product_cat","embeddable":true,"href":"https:\/\/forbabyboss.com\/hu\/wp-json\/wp\/v2\/product_cat?post=4520"},{"taxonomy":"product_tag","embeddable":true,"href":"https:\/\/forbabyboss.com\/hu\/wp-json\/wp\/v2\/product_tag?post=4520"}],"curies":[{"name":"wp","href":"https:\/\/api.w.org\/{rel}","templated":true}]}}