{"id":4534,"date":"2022-09-09T07:46:28","date_gmt":"2022-09-09T07:46:28","guid":{"rendered":"http:\/\/forbabyboss.com\/?post_type=product&#038;p=4534"},"modified":"2026-02-21T16:12:50","modified_gmt":"2026-02-21T16:12:50","slug":"baby-pushchair-bebetto-nico-stroller-estilo-03","status":"publish","type":"product","link":"https:\/\/forbabyboss.com\/hu\/product\/baby-pushchair-bebetto-nico-stroller-estilo-03\/","title":{"rendered":"Baby Pushchair Bebetto Nico Stroller &#8211; Estilo 03"},"content":{"rendered":"<h2 style=\"text-align: justify;\" align=\"center\"><strong><span style=\"color: #e14d43; font-family: Arial;\">Bebetto Nico Stroller<\/span><\/strong><\/h2>\n<h3 style=\"text-align: justify;\" align=\"center\"><strong><span style=\"color: #e14d43;\"><span style=\"font-family: Arial;\">Why Nico?<\/span><\/span><\/strong><\/h3>\n<p style=\"text-align: justify;\" align=\"center\"><strong><span style=\"font-family: Arial; color: #000000;\">The new project seat unit, lightweight, and shiny colors attract the eye making it a great choice for the ones that appreciate functionality and design. Choose your favorite color and be happy with your functional stroller!<\/span><\/strong><\/p>\n<h4 style=\"text-align: justify;\" align=\"center\"><strong><span style=\"font-size: medium; color: #000000;\">Made in Europe from high-quality materials, lightweight aluminum frame, designed with modern style.<br \/>\n<\/span><\/strong><\/h4>\n<h4 style=\"text-align: justify;\" align=\"center\"><strong><span style=\"color: #e14d43;\"><span style=\"font-family: Arial;\">Comfortable Seat &#8211; Unit<\/span><\/span><\/strong><\/h4>\n<p style=\"text-align: justify;\" align=\"center\"><strong><span style=\"font-family: Arial; color: #000000;\">Nico has a seat that allows the child to take a comfortable position. The adjustable hood protects your child from wind and sun. The detachable hood is great for strolling during windy days. Convenient reattaching of a seat unit makes it really easy to face it front-facing or rear-facing. A new way of detaching a barrier is useful while putting your child in a stroller. Thanks to the Flexy Wheels you don\u2019t need to worry about the air pressure in the tires \u2013 they always have a stable shape. Their weight and flexibility don\u2019t differ from pumped wheels.<\/span><\/strong><\/p>\n<h4 style=\"text-align: justify;\" align=\"center\"><strong><span style=\"color: #e14d43;\"><span style=\"font-family: Arial;\">Shock &#8211; Absorbed Frame<\/span><\/span><\/strong><\/h4>\n<p style=\"text-align: justify;\" align=\"center\"><strong><span style=\"font-family: Arial; color: #000000;\">Nico is equipped with shock-absorbers that minimize the vibrations while walking on a sett surface. SAS is a shock absorption system and DMS protects the wheels from blocking while obtaining the obstacles. The frame can be folded down with an attached seat unit, which is really convenient while storing and transporting the stroller.<\/span><\/strong><\/p>\n<p><strong><span style=\"color: #e14d43;\"><span style=\"font-family: Arial;\">\u00a0Car Seats on Frames<\/span><\/span><\/strong><\/p>\n<p style=\"text-align: justify;\" align=\"center\"><strong><span style=\"font-family: Arial; color: #000000;\">Babette strollers are compatible with Bobostello adapters, which let you install a car seat on almost every brand on a Bebetto frame. Backlash reduction system and adjustment of an inclination angle \u2013 those are really innovative factors that let you transport your child in an optimal position (lying \u2013 for a child up to 6 months old, and seating \u2013 for a child that can seat independently).<\/span><\/strong><\/p>\n<p><strong><span style=\"color: #e14d43;\"><span style=\"font-family: Arial;\">\u00a0Fold down Seat Unite with a frame<\/span><\/span><\/strong><\/p>\n<p style=\"text-align: justify;\" align=\"center\"><strong><span style=\"font-family: Arial; color: #000000;\">You can fold down the Nico stroller with the seat \u2013 with no need to detach it. But that\u2019s not all! The seat unit can be attached facing towards you or away from you. Thanks to this, you can conveniently and quickly fold down the stroller \u2013 no matter if you\u2019re walking with an infant or a three-year-old.<\/span><\/strong><\/p>\n<div style=\"text-align: justify;\"><strong><span style=\"color: #e14d43;\">Price Included:<\/span><\/strong><\/div>\n<div>\n<div style=\"text-align: justify;\"><strong><span style=\"color: #000000;\">\u00a0<\/span><\/strong><\/div>\n<div>\n<div style=\"text-align: justify;\"><strong><span style=\"font-family: Arial; color: #000000;\">\u2022 Aluminium frame<\/span><\/strong><\/div>\n<div style=\"text-align: justify;\"><strong><span style=\"font-family: Arial; color: #000000;\">\u2022 4 wheels<\/span><\/strong><\/div>\n<div style=\"text-align: justify;\"><strong><span style=\"font-family: Arial; color: #000000;\">\u2022 Pushchair + adjustable hood<\/span><\/strong><\/div>\n<div style=\"text-align: justify;\"><strong><span style=\"font-family: Arial; color: #000000;\">\u2022 Feet cover<\/span><\/strong><\/div>\n<div style=\"text-align: justify;\"><strong><span style=\"font-family: Arial; color: #000000;\">\u2022 Shopping basket<\/span><\/strong><\/div>\n<div style=\"text-align: justify;\"><strong><span style=\"font-family: Arial; color: #000000;\">\u2022 24 months Warranty\u00a0<\/span><\/strong><\/div>\n<div><\/div>\n<div><a href=\"http:\/\/forbabyboss.com\/wp-content\/uploads\/2022\/09\/checkout.png\"><img loading=\"lazy\" decoding=\"async\" class=\"alignnone size-full wp-image-5965\" src=\"http:\/\/forbabyboss.com\/wp-content\/uploads\/2022\/09\/checkout.png\" alt=\"\" width=\"750\" height=\"276\" srcset=\"https:\/\/forbabyboss.com\/wp-content\/uploads\/2022\/09\/checkout.png 750w, https:\/\/forbabyboss.com\/wp-content\/uploads\/2022\/09\/checkout-600x221.png 600w\" sizes=\"auto, (max-width: 750px) 100vw, 750px\" \/><\/a><\/div>\n<\/div>\n<\/div>","protected":false},"excerpt":{"rendered":"<p><a href=\"http:\/\/forbabyboss.com\/wp-content\/uploads\/2022\/09\/Star-Rating-5.png\"><img loading=\"lazy\" decoding=\"async\" class=\"alignnone size-full wp-image-5973 aligncenter\" src=\"http:\/\/forbabyboss.com\/wp-content\/uploads\/2022\/09\/Star-Rating-5.png\" alt=\"\" width=\"275\" height=\"45\" \/><\/a><\/p>\n<p style=\"text-align: center;\"><span style=\"color: #ed1c24; font-size: 120%;\"><b>PRICE MATCH GUARANTEE<\/b><\/span><\/p>\n<p style=\"text-align: center;\"><span style=\"font-size: 115%;\"><span style=\"font-weight: 400; color: #4f4fa7;\">Free Delivery<\/span><span style=\"font-weight: 400;\"> \u2013 2 \u2013 7 days<\/span><\/span><\/p>\n<p style=\"text-align: center;\"><strong><span style=\"color: #29606b;\">Free gift with purchases over \u00a3100<\/span><\/strong><\/p>","protected":false},"featured_media":4536,"template":"","meta":[],"product_brand":[583],"product_cat":[336,339,157,156,197,207,305,208,130,209,211],"product_tag":[171],"class_list":{"0":"post-4534","1":"product","2":"type-product","3":"status-publish","4":"has-post-thumbnail","6":"product_brand-bebetto","7":"product_cat-400-to-500","8":"product_cat-700-to-800","9":"product_cat-2-in-1","10":"product_cat-3-in-1","11":"product_cat-4-in-1-pram","12":"product_cat-black","13":"product_cat-colour","14":"product_cat-gold","15":"product_cat-prams","16":"product_cat-push-chairs","17":"product_cat-stroller","18":"product_tag-pram","20":"first","21":"instock","22":"sale","23":"shipping-taxable","24":"purchasable","25":"product-type-simple"},"yoast_head":"<!-- This site is optimized with the Yoast SEO plugin v27.0 - https:\/\/yoast.com\/product\/yoast-seo-wordpress\/ -->\n<title>Baby Pushchair Bebetto Nico Stroller - Estilo 03 - For Baby Boss<\/title>\n<meta name=\"description\" content=\"Baby Pushchair Bebetto Nico Stroller - Estilo 03\" \/>\n<meta name=\"robots\" content=\"index, follow, max-snippet:-1, max-image-preview:large, max-video-preview:-1\" \/>\n<link rel=\"canonical\" href=\"https:\/\/forbabyboss.com\/hu\/termek\/baby-pushchair-bebetto-nico-stroller-estilo-03\/\" \/>\n<meta property=\"og:locale\" content=\"hu_HU\" \/>\n<meta property=\"og:type\" content=\"article\" \/>\n<meta property=\"og:title\" content=\"Baby Pushchair Bebetto Nico Stroller - Estilo 03 - For Baby Boss\" \/>\n<meta property=\"og:description\" content=\"Baby Pushchair Bebetto Nico Stroller - Estilo 03\" \/>\n<meta property=\"og:url\" content=\"https:\/\/forbabyboss.com\/hu\/termek\/baby-pushchair-bebetto-nico-stroller-estilo-03\/\" \/>\n<meta property=\"og:site_name\" content=\"For Baby Boss\" \/>\n<meta property=\"article:modified_time\" content=\"2026-02-21T16:12:50+00:00\" \/>\n<meta property=\"og:image\" content=\"https:\/\/forbabyboss.com\/wp-content\/uploads\/2022\/09\/Baby-Pushchair-Bebetto-Nico-Estilo-Stroller-Buggie-accessories-Estilo-03_MAIN.jpg\" \/>\n\t<meta property=\"og:image:width\" content=\"1500\" \/>\n\t<meta property=\"og:image:height\" content=\"1500\" \/>\n\t<meta property=\"og:image:type\" content=\"image\/jpeg\" \/>\n<meta name=\"twitter:card\" content=\"summary_large_image\" \/>\n<meta name=\"twitter:label1\" content=\"Becs\u00fclt olvas\u00e1si id\u0151\" \/>\n\t<meta name=\"twitter:data1\" content=\"2 perc\" \/>\n<script type=\"application\/ld+json\" class=\"yoast-schema-graph\">{\"@context\":\"https:\/\/schema.org\",\"@graph\":[{\"@type\":\"WebPage\",\"@id\":\"https:\/\/forbabyboss.com\/product\/baby-pushchair-bebetto-nico-stroller-estilo-03\/\",\"url\":\"https:\/\/forbabyboss.com\/product\/baby-pushchair-bebetto-nico-stroller-estilo-03\/\",\"name\":\"Baby Pushchair Bebetto Nico Stroller - Estilo 03 - For Baby Boss\",\"isPartOf\":{\"@id\":\"https:\/\/powderblue-seahorse-496884.hostingersite.com\/#website\"},\"primaryImageOfPage\":{\"@id\":\"https:\/\/forbabyboss.com\/product\/baby-pushchair-bebetto-nico-stroller-estilo-03\/#primaryimage\"},\"image\":{\"@id\":\"https:\/\/forbabyboss.com\/product\/baby-pushchair-bebetto-nico-stroller-estilo-03\/#primaryimage\"},\"thumbnailUrl\":\"https:\/\/forbabyboss.com\/wp-content\/uploads\/2022\/09\/Baby-Pushchair-Bebetto-Nico-Estilo-Stroller-Buggie-accessories-Estilo-03_MAIN.jpg\",\"datePublished\":\"2022-09-09T07:46:28+00:00\",\"dateModified\":\"2026-02-21T16:12:50+00:00\",\"description\":\"Baby Pushchair Bebetto Nico Stroller - Estilo 03\",\"breadcrumb\":{\"@id\":\"https:\/\/forbabyboss.com\/product\/baby-pushchair-bebetto-nico-stroller-estilo-03\/#breadcrumb\"},\"inLanguage\":\"hu\",\"potentialAction\":[{\"@type\":\"ReadAction\",\"target\":[\"https:\/\/forbabyboss.com\/product\/baby-pushchair-bebetto-nico-stroller-estilo-03\/\"]}]},{\"@type\":\"ImageObject\",\"inLanguage\":\"hu\",\"@id\":\"https:\/\/forbabyboss.com\/product\/baby-pushchair-bebetto-nico-stroller-estilo-03\/#primaryimage\",\"url\":\"https:\/\/forbabyboss.com\/wp-content\/uploads\/2022\/09\/Baby-Pushchair-Bebetto-Nico-Estilo-Stroller-Buggie-accessories-Estilo-03_MAIN.jpg\",\"contentUrl\":\"https:\/\/forbabyboss.com\/wp-content\/uploads\/2022\/09\/Baby-Pushchair-Bebetto-Nico-Estilo-Stroller-Buggie-accessories-Estilo-03_MAIN.jpg\",\"width\":1500,\"height\":1500},{\"@type\":\"BreadcrumbList\",\"@id\":\"https:\/\/forbabyboss.com\/product\/baby-pushchair-bebetto-nico-stroller-estilo-03\/#breadcrumb\",\"itemListElement\":[{\"@type\":\"ListItem\",\"position\":1,\"name\":\"Home\",\"item\":\"https:\/\/forbabyboss.com\/\"},{\"@type\":\"ListItem\",\"position\":2,\"name\":\"Shop\",\"item\":\"https:\/\/forbabyboss.com\/shop\/\"},{\"@type\":\"ListItem\",\"position\":3,\"name\":\"Baby Pushchair Bebetto Nico Stroller &#8211; Estilo 03\"}]},{\"@type\":\"WebSite\",\"@id\":\"https:\/\/powderblue-seahorse-496884.hostingersite.com\/#website\",\"url\":\"https:\/\/powderblue-seahorse-496884.hostingersite.com\/\",\"name\":\"For Baby Boss\",\"description\":\"Beautiful gifts and accessories for your baby boss\",\"potentialAction\":[{\"@type\":\"SearchAction\",\"target\":{\"@type\":\"EntryPoint\",\"urlTemplate\":\"https:\/\/powderblue-seahorse-496884.hostingersite.com\/?s={search_term_string}\"},\"query-input\":{\"@type\":\"PropertyValueSpecification\",\"valueRequired\":true,\"valueName\":\"search_term_string\"}}],\"inLanguage\":\"hu\"}]}<\/script>\n<!-- \/ Yoast SEO plugin. -->","yoast_head_json":{"title":"Baby Pushchair Bebetto Nico Stroller - Estilo 03 - For Baby Boss","description":"Baby Pushchair Bebetto Nico Stroller - Estilo 03","robots":{"index":"index","follow":"follow","max-snippet":"max-snippet:-1","max-image-preview":"max-image-preview:large","max-video-preview":"max-video-preview:-1"},"canonical":"https:\/\/forbabyboss.com\/hu\/termek\/baby-pushchair-bebetto-nico-stroller-estilo-03\/","og_locale":"hu_HU","og_type":"article","og_title":"Baby Pushchair Bebetto Nico Stroller - Estilo 03 - For Baby Boss","og_description":"Baby Pushchair Bebetto Nico Stroller - Estilo 03","og_url":"https:\/\/forbabyboss.com\/hu\/termek\/baby-pushchair-bebetto-nico-stroller-estilo-03\/","og_site_name":"For Baby Boss","article_modified_time":"2026-02-21T16:12:50+00:00","og_image":[{"width":1500,"height":1500,"url":"https:\/\/forbabyboss.com\/wp-content\/uploads\/2022\/09\/Baby-Pushchair-Bebetto-Nico-Estilo-Stroller-Buggie-accessories-Estilo-03_MAIN.jpg","type":"image\/jpeg"}],"twitter_card":"summary_large_image","twitter_misc":{"Becs\u00fclt olvas\u00e1si id\u0151":"2 perc"},"schema":{"@context":"https:\/\/schema.org","@graph":[{"@type":"WebPage","@id":"https:\/\/forbabyboss.com\/product\/baby-pushchair-bebetto-nico-stroller-estilo-03\/","url":"https:\/\/forbabyboss.com\/product\/baby-pushchair-bebetto-nico-stroller-estilo-03\/","name":"Baby Pushchair Bebetto Nico Stroller - Estilo 03 - For Baby Boss","isPartOf":{"@id":"https:\/\/powderblue-seahorse-496884.hostingersite.com\/#website"},"primaryImageOfPage":{"@id":"https:\/\/forbabyboss.com\/product\/baby-pushchair-bebetto-nico-stroller-estilo-03\/#primaryimage"},"image":{"@id":"https:\/\/forbabyboss.com\/product\/baby-pushchair-bebetto-nico-stroller-estilo-03\/#primaryimage"},"thumbnailUrl":"https:\/\/forbabyboss.com\/wp-content\/uploads\/2022\/09\/Baby-Pushchair-Bebetto-Nico-Estilo-Stroller-Buggie-accessories-Estilo-03_MAIN.jpg","datePublished":"2022-09-09T07:46:28+00:00","dateModified":"2026-02-21T16:12:50+00:00","description":"Baby Pushchair Bebetto Nico Stroller - Estilo 03","breadcrumb":{"@id":"https:\/\/forbabyboss.com\/product\/baby-pushchair-bebetto-nico-stroller-estilo-03\/#breadcrumb"},"inLanguage":"hu","potentialAction":[{"@type":"ReadAction","target":["https:\/\/forbabyboss.com\/product\/baby-pushchair-bebetto-nico-stroller-estilo-03\/"]}]},{"@type":"ImageObject","inLanguage":"hu","@id":"https:\/\/forbabyboss.com\/product\/baby-pushchair-bebetto-nico-stroller-estilo-03\/#primaryimage","url":"https:\/\/forbabyboss.com\/wp-content\/uploads\/2022\/09\/Baby-Pushchair-Bebetto-Nico-Estilo-Stroller-Buggie-accessories-Estilo-03_MAIN.jpg","contentUrl":"https:\/\/forbabyboss.com\/wp-content\/uploads\/2022\/09\/Baby-Pushchair-Bebetto-Nico-Estilo-Stroller-Buggie-accessories-Estilo-03_MAIN.jpg","width":1500,"height":1500},{"@type":"BreadcrumbList","@id":"https:\/\/forbabyboss.com\/product\/baby-pushchair-bebetto-nico-stroller-estilo-03\/#breadcrumb","itemListElement":[{"@type":"ListItem","position":1,"name":"Home","item":"https:\/\/forbabyboss.com\/"},{"@type":"ListItem","position":2,"name":"Shop","item":"https:\/\/forbabyboss.com\/shop\/"},{"@type":"ListItem","position":3,"name":"Baby Pushchair Bebetto Nico Stroller &#8211; Estilo 03"}]},{"@type":"WebSite","@id":"https:\/\/powderblue-seahorse-496884.hostingersite.com\/#website","url":"https:\/\/powderblue-seahorse-496884.hostingersite.com\/","name":"A Baby Boss sz\u00e1m\u00e1ra","description":"Gy\u00f6ny\u00f6r\u0171 aj\u00e1nd\u00e9kok \u00e9s kieg\u00e9sz\u00edt\u0151k a baba f\u0151n\u00f6k\u00e9nek","potentialAction":[{"@type":"SearchAction","target":{"@type":"EntryPoint","urlTemplate":"https:\/\/powderblue-seahorse-496884.hostingersite.com\/?s={search_term_string}"},"query-input":{"@type":"PropertyValueSpecification","valueRequired":true,"valueName":"search_term_string"}}],"inLanguage":"hu"}]}},"_links":{"self":[{"href":"https:\/\/forbabyboss.com\/hu\/wp-json\/wp\/v2\/product\/4534","targetHints":{"allow":["GET"]}}],"collection":[{"href":"https:\/\/forbabyboss.com\/hu\/wp-json\/wp\/v2\/product"}],"about":[{"href":"https:\/\/forbabyboss.com\/hu\/wp-json\/wp\/v2\/types\/product"}],"wp:featuredmedia":[{"embeddable":true,"href":"https:\/\/forbabyboss.com\/hu\/wp-json\/wp\/v2\/media\/4536"}],"wp:attachment":[{"href":"https:\/\/forbabyboss.com\/hu\/wp-json\/wp\/v2\/media?parent=4534"}],"wp:term":[{"taxonomy":"product_brand","embeddable":true,"href":"https:\/\/forbabyboss.com\/hu\/wp-json\/wp\/v2\/product_brand?post=4534"},{"taxonomy":"product_cat","embeddable":true,"href":"https:\/\/forbabyboss.com\/hu\/wp-json\/wp\/v2\/product_cat?post=4534"},{"taxonomy":"product_tag","embeddable":true,"href":"https:\/\/forbabyboss.com\/hu\/wp-json\/wp\/v2\/product_tag?post=4534"}],"curies":[{"name":"wp","href":"https:\/\/api.w.org\/{rel}","templated":true}]}}