{"id":4604,"date":"2022-09-09T12:28:29","date_gmt":"2022-09-09T12:28:29","guid":{"rendered":"http:\/\/forbabyboss.com\/?post_type=product&#038;p=4604"},"modified":"2026-02-21T16:19:22","modified_gmt":"2026-02-21T16:19:22","slug":"babakocsi-egyeni-utazasi-rendszer-4-az-1-ben-feher-es-arany-vazzal","status":"publish","type":"product","link":"https:\/\/forbabyboss.com\/hu\/product\/baby-pram-individual-travel-system-stroller-4in1-in-white-and-gold-frame\/","title":{"rendered":"Babakocsi Egyedi Utaz\u00f3rendszer 4 az 1-ben Feh\u00e9r \u00e9s Arany Kerettel"},"content":{"rendered":"<p><strong><span style=\"color: #e14d43;\"><span style=\"font-family: Arial;\">KIZ\u00c1R\u00d3LAGOS T\u00c1RS\u00a0<\/span>K\u00c9NYELMES \u00c9LM\u00c9NY\u00a0<\/span><\/strong><\/p>\n<p style=\"text-align: left;\" align=\"center\"><strong><span style=\"font-family: Arial;\">PRESZT\u00cdZS, K\u00c9NYELEM, HASZNOSS\u00c1G \u2013 HA MEGK\u00c9RDEZN\u00c9, MILYEN SZAVAKKAL LE\u00cdRHATJ\u00c1K LEGJOBBAN A JUNAMA GY\u00c9M\u00c1NTOT, EZ LENNE A V\u00c1LASZUNK.<\/span><\/strong><\/p>\n<p style=\"text-align: justify;\" align=\"center\"><strong><span style=\"font-family: Arial;\">Ezt a darabot gondosan, k\u00e9pzett tervez\u0151ink legjobbjai tervezt\u00e9k \u2013 az eredm\u00e9ny kiemelked\u0151 lett, \u00e9s most itt az ideje, hogy v\u00e9gre megmutassuk a vil\u00e1gnak. Ez a mi v\u00e1laszunk az \u00d6n\u00f6k k\u00e9r\u00e9s\u00e9re egy rendk\u00edv\u00fcli, m\u00e9gis minimalista babakocsi ir\u00e1nt. Az egyszer\u0171s\u00e9get \u00e9s a funkcionalit\u00e1st \u00f6tv\u00f6zi, mik\u00f6zben egyedi diz\u00e1jnt is meg\u0151riz. Ma bemutatjuk \u00d6nnek:<\/span><\/strong><\/p>\n<p style=\"text-align: left;\" align=\"center\"><strong><span style=\"font-family: Arial;\">JUNAMA DIAMOND Egy\u00e9ni V2<\/span><\/strong><\/p>\n<p style=\"text-align: justify;\" align=\"center\"><strong><span style=\"font-family: Arial;\">A JUNAMA babakocsik \u00faj szabv\u00e1nya a V2 verzi\u00f3ban<\/span><\/strong><\/p>\n<p style=\"text-align: justify;\" align=\"center\"><strong><span style=\"font-family: Arial;\">A trendeket \u00e9s a sz\u00fcl\u0151k ig\u00e9nyeit k\u00f6vetve a JUNAMA m\u00e1rka n\u00e9h\u00e1ny v\u00e1ltoztat\u00e1st vezetett be, \u00edgy alkotta meg a babakocsik \u00faj V2 verzi\u00f3j\u00e1t. \u00cdme a legfontosabb extr\u00e1k:<\/span><\/strong><\/p>\n<p style=\"text-align: justify;\" align=\"center\"><strong><span style=\"font-family: Arial;\">S\u00falycs\u00f6kkent\u00e9s \u2013 a vezet\u0151szerkezet fejleszt\u00e9se \u2013 a szerkezet \u00f6sszecsuk\u00e1s\u00e1nak lehet\u0151s\u00e9ge az \u00fcl\u00e9ssel egy\u00fctt<\/span><\/strong><\/p>\n<p style=\"text-align: justify;\" align=\"center\"><strong><span style=\"font-family: Arial;\">intuit\u00edv m\u00f3zeskos\u00e1r-lev\u00e1laszt\u00f3 rendszer haszn\u00e1lata \u2013 a forg\u00f3kerekek technol\u00f3giai fejleszt\u00e9se<\/span><\/strong><\/p>\n<p style=\"text-align: justify;\" align=\"center\"><strong><span style=\"font-family: Arial;\">A legjobb tervez\u0151k \u00e1ltal tervezett ANYA T\u00c1SKA \u00f6sszecsukhat\u00f3 funkci\u00f3val, megn\u00f6velt kapacit\u00e1ssal \u00e9s MODERN DIZ\u00c1JNNEL!<\/span><\/strong><\/p>\n<p style=\"text-align: justify;\" align=\"center\"><strong><span style=\"font-family: Arial;\">A m\u00f3zeskos\u00e1r bels\u0151 r\u00e9sz\u00e9nek technol\u00f3giai m\u00f3dos\u00edt\u00e1sa, amely lehet\u0151v\u00e9 teszi a m\u00f3zeskos\u00e1rhoz val\u00f3 gyors hozz\u00e1f\u00e9r\u00e9st!<\/span><\/strong><\/p>\n<p style=\"text-align: justify;\" align=\"center\"><strong><span style=\"font-family: Arial;\">gumiabroncscsere \u2013 karbantart\u00e1smentes, POLIURET\u00c1N r\u00e9teggel ell\u00e1tott \u00f6r\u00f6kker\u00e9k-rendszer haszn\u00e1lata! \u00daJDONS\u00c1G!<\/span><\/strong><\/p>\n<h4 style=\"text-align: justify;\" align=\"center\"><strong><span style=\"font-family: Arial;\"><span style=\"color: #e14d43;\">Term\u00e9kjellemz\u0151<\/span>:<\/span><\/strong><\/h4>\n<p style=\"text-align: justify;\" align=\"center\"><strong><span style=\"font-family: Arial;\">\u2013 MAX-CLICK dug\u00f3rendszer<\/span><\/strong><\/p>\n<p style=\"text-align: justify;\" align=\"center\"><strong><span style=\"font-family: Arial;\">\u2013 \u201cAnti-shock\u201d \u00fct\u00e9scsillap\u00edt\u00f3 rendszer<\/span><\/strong><\/p>\n<p style=\"text-align: justify;\" align=\"center\"><strong><span style=\"font-family: Arial;\">\u2013 K\u00f6zponti f\u00e9k<\/span><\/strong><\/p>\n<p style=\"text-align: justify;\" align=\"center\"><strong><span style=\"font-family: Arial;\">\u2013 G\u00e9l kerekek<\/span><\/strong><\/p>\n<p style=\"text-align: justify;\" align=\"center\"><strong><span style=\"font-family: Arial;\">\u2013 6 pontos \u00e9p\u00edt\u00e9si \u00e9rt\u00e9kcs\u00f6kken\u00e9s<\/span><\/strong><\/p>\n<p style=\"text-align: justify;\" align=\"center\"><strong><span style=\"font-family: Arial;\">\u2013 M\u0171b\u0151r foganty\u00fa szab\u00e1lyoz\u00e1sa<\/span><\/strong><\/p>\n<p style=\"text-align: justify;\" align=\"center\"><strong><span style=\"font-family: Arial;\">\u2013 3D-ben k\u00e9sz\u00fclt m\u00f3zeskos\u00e1r<\/span><\/strong><\/p>\n<p style=\"text-align: justify;\" align=\"center\"><strong><span style=\"font-family: Arial;\">\u2013 M\u00f3zeskos\u00e1r szab\u00e1lyoz\u00e1s<\/span><\/strong><\/p>\n<p style=\"text-align: justify;\" align=\"center\"><strong><span style=\"font-family: Arial;\">\u2013 K\u00e9nyelmes, puha matrac<\/span><\/strong><\/p>\n<p style=\"text-align: justify;\" align=\"center\"><strong><span style=\"font-family: Arial;\">\u2013 A b\u00e9l\u00e9s \u00e9s a matrac 100% pamutb\u00f3l k\u00e9sz\u00fclt<\/span><\/strong><\/p>\n<p style=\"text-align: justify;\" align=\"center\"><strong><span style=\"font-family: Arial;\">\u2013 Levehet\u0151, m\u0171b\u0151rb\u0151l k\u00e9sz\u00fclt elv\u00e1laszt\u00f3 a babakocsiban<\/span><\/strong><\/p>\n<p style=\"text-align: justify;\" align=\"center\"><strong><span style=\"font-family: Arial;\">\u2013 Innovat\u00edv szell\u0151z\u0151rendszer a babakocsiban \u00e9s a babakocsiban<\/span><\/strong><\/p>\n<p style=\"text-align: justify;\" align=\"center\"><strong><span style=\"font-family: Arial;\">\u2013 V\u00edz\u00e1ll\u00f3 \u00e9s UV-\u00e1ll\u00f3 sz\u00f6vet<\/span><\/strong><\/p>\n<h4 style=\"text-align: justify;\" align=\"center\"><strong><span style=\"font-family: Arial;\"><span style=\"color: #e14d43;\">Az \u00e1r tartalmazza<\/span>:<\/span><\/strong><\/h4>\n<p style=\"text-align: justify;\" align=\"center\"><strong><span style=\"font-family: Arial;\"><span style=\"color: #e14d43;\">2 az 1-ben tartalmaz<\/span>:<\/span><\/strong><\/p>\n<p style=\"text-align: justify;\" align=\"center\"><strong><span style=\"font-family: Arial;\">\u2013 Alum\u00ednium v\u00e1z plusz g\u00e9l kerekek<\/span><\/strong><\/p>\n<p style=\"text-align: justify;\" align=\"center\"><strong>\u2013 M\u00f3zeskos\u00e1r<\/strong><\/p>\n<p style=\"text-align: justify;\" align=\"center\"><strong><span style=\"font-family: Arial;\">\u2013 Matrac<\/span><\/strong><\/p>\n<p style=\"text-align: justify;\" align=\"center\"><strong>\u2013 M\u00f3zeskos\u00e1r huzat<\/strong><\/p>\n<p style=\"text-align: justify;\" align=\"center\"><strong><span style=\"font-family: Arial;\">\u2013 \u00dcl\u0151r\u00e9sz (babakocsi)<\/span><\/strong><\/p>\n<p style=\"text-align: justify;\" align=\"center\"><strong><span style=\"font-family: Arial;\">\u2013 L\u00e1bzs\u00e1k<\/span><\/strong><\/p>\n<p style=\"text-align: justify;\" align=\"center\"><strong><span style=\"font-family: Arial;\">\u2013 Pelenk\u00e1z\u00f3 al\u00e1t\u00e9ttel ell\u00e1tott t\u00e1ska<\/span><\/strong><\/p>\n<p style=\"text-align: justify;\" align=\"center\"><strong><span style=\"font-family: Arial;\">\u2013 T\u00e1gas bev\u00e1s\u00e1rl\u00f3kos\u00e1r<\/span><\/strong><\/p>\n<p style=\"text-align: justify;\" align=\"center\"><strong><span style=\"font-family: Arial;\">\u2013 Es\u0151v\u00e9d\u0151<\/span><\/strong><\/p>\n<p style=\"text-align: justify;\" align=\"center\"><strong><span style=\"font-family: Arial;\">\u2013 Sz\u00fanyogh\u00e1l\u00f3<\/span><\/strong><\/p>\n<p style=\"text-align: justify;\" align=\"center\"><strong><span style=\"font-family: Arial;\">\u2013 Poh\u00e1rtart\u00f3<\/span><\/strong><\/p>\n<h4 style=\"text-align: justify;\" align=\"center\"><strong><span style=\"font-family: Arial;\"><span style=\"color: #e14d43;\">Tov\u00e1bbi lehet\u0151s\u00e9gek<\/span>:<\/span><\/strong><\/h4>\n<p style=\"text-align: justify;\" align=\"center\"><strong><span style=\"font-family: Arial;\">\u2013 Adapterek\u00a0<\/span><\/strong><\/p>\n<p style=\"text-align: justify;\" align=\"center\"><strong><span style=\"font-family: Arial;\">\u2013 H\u00e1l\u00f3zs\u00e1k\u00a0<\/span><\/strong><\/p>\n<p style=\"text-align: justify;\" align=\"center\"><strong><span style=\"font-family: Arial;\">\u2013 Eserny\u0151<\/span><\/strong><\/p>\n<p style=\"text-align: justify;\" align=\"center\"><strong><span style=\"font-family: Arial;\">\u2013 Keszty\u0171k<\/span><\/strong><\/p>\n<p style=\"text-align: justify;\" align=\"center\"><strong><span style=\"font-family: Arial;\">*Aut\u00f3s\u00fcl\u00e9s (opcion\u00e1lis)<\/span><\/strong><\/p>\n<p style=\"text-align: justify;\" align=\"center\"><strong>*ISOFIX alap (opcion\u00e1lis)<\/strong><\/p>\n<p><strong><span style=\"color: #e14d43;\">M\u00e9retek\u00a0<\/span><\/strong><\/p>\n<p style=\"text-align: justify;\" align=\"center\"><strong><img decoding=\"async\" src=\"https:\/\/ppg4kids.com\/img\/cms\/wymiary.PNG\" \/><\/strong><\/p>\n<p style=\"text-align: left;\" align=\"center\"><a href=\"http:\/\/forbabyboss.com\/wp-content\/uploads\/2022\/09\/checkout.png\"><img loading=\"lazy\" decoding=\"async\" class=\"alignnone size-full wp-image-5965\" src=\"http:\/\/forbabyboss.com\/wp-content\/uploads\/2022\/09\/checkout.png\" alt=\"\" width=\"750\" height=\"276\" srcset=\"https:\/\/forbabyboss.com\/wp-content\/uploads\/2022\/09\/checkout.png 750w, https:\/\/forbabyboss.com\/wp-content\/uploads\/2022\/09\/checkout-600x221.png 600w\" sizes=\"auto, (max-width: 750px) 100vw, 750px\" \/><\/a><\/p>","protected":false},"excerpt":{"rendered":"<p><a href=\"http:\/\/forbabyboss.com\/wp-content\/uploads\/2022\/09\/Star-Rating-5.png\"><img loading=\"lazy\" decoding=\"async\" class=\"alignnone size-full wp-image-5973 aligncenter\" src=\"http:\/\/forbabyboss.com\/wp-content\/uploads\/2022\/09\/Star-Rating-5.png\" alt=\"\" width=\"275\" height=\"45\" \/><\/a><\/p>\n<p style=\"text-align: center;\"><span style=\"color: #ed1c24; font-size: 120%;\"><b>\u00c1RGARANCIA<\/b><\/span><\/p>\n<p style=\"text-align: center;\"><span style=\"font-size: 115%;\"><span style=\"font-weight: 400; color: #4f4fa7;\">Ingyenes kisz\u00e1ll\u00edt\u00e1s<\/span><span style=\"font-weight: 400;\"> \u2013 2 \u2013 7 nap<\/span><\/span><\/p>\n<p style=\"text-align: center;\"><strong><span style=\"color: #29606b;\">Ingyenes aj\u00e1nd\u00e9k 100 font feletti v\u00e1s\u00e1rl\u00e1s eset\u00e9n<\/span><\/strong><\/p>","protected":false},"featured_media":4610,"template":"","meta":[],"product_brand":[584],"product_cat":[156,197,305,208,130,209,211,229],"product_tag":[163,200,171],"class_list":{"0":"post-4604","1":"product","2":"type-product","3":"status-publish","4":"has-post-thumbnail","6":"product_brand-junama","7":"product_cat-3-in-1","8":"product_cat-4-in-1-pram","9":"product_cat-colour","10":"product_cat-gold","11":"product_cat-prams","12":"product_cat-push-chairs","13":"product_cat-stroller","14":"product_cat-white","15":"product_tag-3-in-1-prams","16":"product_tag-4-in-1-pram","17":"product_tag-pram","19":"first","20":"instock","21":"sale","22":"shipping-taxable","23":"purchasable","24":"product-type-simple"},"yoast_head":"<!-- This site is optimized with the Yoast SEO plugin v27.5 - https:\/\/yoast.com\/product\/yoast-seo-wordpress\/ -->\n<title>Baby Pram Individual Travel System Stroller 4in1 in White and Gold Frame - For Baby Boss<\/title>\n<meta name=\"description\" content=\"Baby Pram Individual Travel System Stroller 4in1 in White and Gold Frame\" \/>\n<meta name=\"robots\" content=\"index, follow, max-snippet:-1, max-image-preview:large, max-video-preview:-1\" \/>\n<link rel=\"canonical\" href=\"https:\/\/forbabyboss.com\/hu\/termek\/babakocsi-egyeni-utazasi-rendszer-4-az-1-ben-feher-es-arany-vazzal\/\" \/>\n<meta property=\"og:locale\" content=\"hu_HU\" \/>\n<meta property=\"og:type\" content=\"article\" \/>\n<meta property=\"og:title\" content=\"Baby Pram Individual Travel System Stroller 4in1 in White and Gold Frame - For Baby Boss\" \/>\n<meta property=\"og:description\" content=\"Baby Pram Individual Travel System Stroller 4in1 in White and Gold Frame\" \/>\n<meta property=\"og:url\" content=\"https:\/\/forbabyboss.com\/hu\/termek\/babakocsi-egyeni-utazasi-rendszer-4-az-1-ben-feher-es-arany-vazzal\/\" \/>\n<meta property=\"og:site_name\" content=\"For Baby Boss\" \/>\n<meta property=\"article:modified_time\" content=\"2026-02-21T16:19:22+00:00\" \/>\n<meta property=\"og:image\" content=\"https:\/\/forbabyboss.com\/wp-content\/uploads\/2022\/09\/Baby-Pram-Pushchair-Junama-Individual-Travel-System-2in1-3in1-4in1-Car-Seat-4in13in1isofix-base-04_main.jpg\" \/>\n\t<meta property=\"og:image:width\" content=\"1020\" \/>\n\t<meta property=\"og:image:height\" content=\"1020\" \/>\n\t<meta property=\"og:image:type\" content=\"image\/jpeg\" \/>\n<meta name=\"twitter:card\" content=\"summary_large_image\" \/>\n<meta name=\"twitter:label1\" content=\"Becs\u00fclt olvas\u00e1si id\u0151\" \/>\n\t<meta name=\"twitter:data1\" content=\"2 perc\" \/>\n<script type=\"application\/ld+json\" class=\"yoast-schema-graph\">{\"@context\":\"https:\\\/\\\/schema.org\",\"@graph\":[{\"@type\":\"WebPage\",\"@id\":\"https:\\\/\\\/forbabyboss.com\\\/product\\\/baby-pram-individual-travel-system-stroller-4in1-in-white-and-gold-frame\\\/\",\"url\":\"https:\\\/\\\/forbabyboss.com\\\/product\\\/baby-pram-individual-travel-system-stroller-4in1-in-white-and-gold-frame\\\/\",\"name\":\"Baby Pram Individual Travel System Stroller 4in1 in White and Gold Frame - For Baby Boss\",\"isPartOf\":{\"@id\":\"https:\\\/\\\/powderblue-seahorse-496884.hostingersite.com\\\/#website\"},\"primaryImageOfPage\":{\"@id\":\"https:\\\/\\\/forbabyboss.com\\\/product\\\/baby-pram-individual-travel-system-stroller-4in1-in-white-and-gold-frame\\\/#primaryimage\"},\"image\":{\"@id\":\"https:\\\/\\\/forbabyboss.com\\\/product\\\/baby-pram-individual-travel-system-stroller-4in1-in-white-and-gold-frame\\\/#primaryimage\"},\"thumbnailUrl\":\"https:\\\/\\\/forbabyboss.com\\\/wp-content\\\/uploads\\\/2022\\\/09\\\/Baby-Pram-Pushchair-Junama-Individual-Travel-System-2in1-3in1-4in1-Car-Seat-4in13in1isofix-base-04_main.jpg\",\"datePublished\":\"2022-09-09T12:28:29+00:00\",\"dateModified\":\"2026-02-21T16:19:22+00:00\",\"description\":\"Baby Pram Individual Travel System Stroller 4in1 in White and Gold Frame\",\"breadcrumb\":{\"@id\":\"https:\\\/\\\/forbabyboss.com\\\/product\\\/baby-pram-individual-travel-system-stroller-4in1-in-white-and-gold-frame\\\/#breadcrumb\"},\"inLanguage\":\"hu\",\"potentialAction\":[{\"@type\":\"ReadAction\",\"target\":[\"https:\\\/\\\/forbabyboss.com\\\/product\\\/baby-pram-individual-travel-system-stroller-4in1-in-white-and-gold-frame\\\/\"]}]},{\"@type\":\"ImageObject\",\"inLanguage\":\"hu\",\"@id\":\"https:\\\/\\\/forbabyboss.com\\\/product\\\/baby-pram-individual-travel-system-stroller-4in1-in-white-and-gold-frame\\\/#primaryimage\",\"url\":\"https:\\\/\\\/forbabyboss.com\\\/wp-content\\\/uploads\\\/2022\\\/09\\\/Baby-Pram-Pushchair-Junama-Individual-Travel-System-2in1-3in1-4in1-Car-Seat-4in13in1isofix-base-04_main.jpg\",\"contentUrl\":\"https:\\\/\\\/forbabyboss.com\\\/wp-content\\\/uploads\\\/2022\\\/09\\\/Baby-Pram-Pushchair-Junama-Individual-Travel-System-2in1-3in1-4in1-Car-Seat-4in13in1isofix-base-04_main.jpg\",\"width\":1020,\"height\":1020},{\"@type\":\"BreadcrumbList\",\"@id\":\"https:\\\/\\\/forbabyboss.com\\\/product\\\/baby-pram-individual-travel-system-stroller-4in1-in-white-and-gold-frame\\\/#breadcrumb\",\"itemListElement\":[{\"@type\":\"ListItem\",\"position\":1,\"name\":\"Home\",\"item\":\"https:\\\/\\\/forbabyboss.com\\\/\"},{\"@type\":\"ListItem\",\"position\":2,\"name\":\"Shop\",\"item\":\"https:\\\/\\\/forbabyboss.com\\\/shop\\\/\"},{\"@type\":\"ListItem\",\"position\":3,\"name\":\"Baby Pram Individual Travel System Stroller 4in1 in White and Gold Frame\"}]},{\"@type\":\"WebSite\",\"@id\":\"https:\\\/\\\/powderblue-seahorse-496884.hostingersite.com\\\/#website\",\"url\":\"https:\\\/\\\/powderblue-seahorse-496884.hostingersite.com\\\/\",\"name\":\"For Baby Boss\",\"description\":\"Beautiful gifts and accessories for your baby boss\",\"potentialAction\":[{\"@type\":\"SearchAction\",\"target\":{\"@type\":\"EntryPoint\",\"urlTemplate\":\"https:\\\/\\\/powderblue-seahorse-496884.hostingersite.com\\\/?s={search_term_string}\"},\"query-input\":{\"@type\":\"PropertyValueSpecification\",\"valueRequired\":true,\"valueName\":\"search_term_string\"}}],\"inLanguage\":\"hu\"}]}<\/script>\n<!-- \/ Yoast SEO plugin. -->","yoast_head_json":{"title":"Babakocsi Egyedi Utaz\u00f3rendszer 4 az 1-ben Feh\u00e9r \u00e9s Arany Kerettel - Baby Boss-hoz","description":"Babakocsi Egyedi Utaz\u00f3rendszer 4 az 1-ben Feh\u00e9r \u00e9s Arany Kerettel","robots":{"index":"index","follow":"follow","max-snippet":"max-snippet:-1","max-image-preview":"max-image-preview:large","max-video-preview":"max-video-preview:-1"},"canonical":"https:\/\/forbabyboss.com\/hu\/termek\/babakocsi-egyeni-utazasi-rendszer-4-az-1-ben-feher-es-arany-vazzal\/","og_locale":"hu_HU","og_type":"article","og_title":"Baby Pram Individual Travel System Stroller 4in1 in White and Gold Frame - For Baby Boss","og_description":"Baby Pram Individual Travel System Stroller 4in1 in White and Gold Frame","og_url":"https:\/\/forbabyboss.com\/hu\/termek\/babakocsi-egyeni-utazasi-rendszer-4-az-1-ben-feher-es-arany-vazzal\/","og_site_name":"For Baby Boss","article_modified_time":"2026-02-21T16:19:22+00:00","og_image":[{"width":1020,"height":1020,"url":"https:\/\/forbabyboss.com\/wp-content\/uploads\/2022\/09\/Baby-Pram-Pushchair-Junama-Individual-Travel-System-2in1-3in1-4in1-Car-Seat-4in13in1isofix-base-04_main.jpg","type":"image\/jpeg"}],"twitter_card":"summary_large_image","twitter_misc":{"Becs\u00fclt olvas\u00e1si id\u0151":"2 perc"},"schema":{"@context":"https:\/\/schema.org","@graph":[{"@type":"WebPage","@id":"https:\/\/forbabyboss.com\/product\/baby-pram-individual-travel-system-stroller-4in1-in-white-and-gold-frame\/","url":"https:\/\/forbabyboss.com\/product\/baby-pram-individual-travel-system-stroller-4in1-in-white-and-gold-frame\/","name":"Babakocsi Egyedi Utaz\u00f3rendszer 4 az 1-ben Feh\u00e9r \u00e9s Arany Kerettel - Baby Boss-hoz","isPartOf":{"@id":"https:\/\/powderblue-seahorse-496884.hostingersite.com\/#website"},"primaryImageOfPage":{"@id":"https:\/\/forbabyboss.com\/product\/baby-pram-individual-travel-system-stroller-4in1-in-white-and-gold-frame\/#primaryimage"},"image":{"@id":"https:\/\/forbabyboss.com\/product\/baby-pram-individual-travel-system-stroller-4in1-in-white-and-gold-frame\/#primaryimage"},"thumbnailUrl":"https:\/\/forbabyboss.com\/wp-content\/uploads\/2022\/09\/Baby-Pram-Pushchair-Junama-Individual-Travel-System-2in1-3in1-4in1-Car-Seat-4in13in1isofix-base-04_main.jpg","datePublished":"2022-09-09T12:28:29+00:00","dateModified":"2026-02-21T16:19:22+00:00","description":"Babakocsi Egyedi Utaz\u00f3rendszer 4 az 1-ben Feh\u00e9r \u00e9s Arany Kerettel","breadcrumb":{"@id":"https:\/\/forbabyboss.com\/product\/baby-pram-individual-travel-system-stroller-4in1-in-white-and-gold-frame\/#breadcrumb"},"inLanguage":"hu","potentialAction":[{"@type":"ReadAction","target":["https:\/\/forbabyboss.com\/product\/baby-pram-individual-travel-system-stroller-4in1-in-white-and-gold-frame\/"]}]},{"@type":"ImageObject","inLanguage":"hu","@id":"https:\/\/forbabyboss.com\/product\/baby-pram-individual-travel-system-stroller-4in1-in-white-and-gold-frame\/#primaryimage","url":"https:\/\/forbabyboss.com\/wp-content\/uploads\/2022\/09\/Baby-Pram-Pushchair-Junama-Individual-Travel-System-2in1-3in1-4in1-Car-Seat-4in13in1isofix-base-04_main.jpg","contentUrl":"https:\/\/forbabyboss.com\/wp-content\/uploads\/2022\/09\/Baby-Pram-Pushchair-Junama-Individual-Travel-System-2in1-3in1-4in1-Car-Seat-4in13in1isofix-base-04_main.jpg","width":1020,"height":1020},{"@type":"BreadcrumbList","@id":"https:\/\/forbabyboss.com\/product\/baby-pram-individual-travel-system-stroller-4in1-in-white-and-gold-frame\/#breadcrumb","itemListElement":[{"@type":"ListItem","position":1,"name":"Home","item":"https:\/\/forbabyboss.com\/"},{"@type":"ListItem","position":2,"name":"Shop","item":"https:\/\/forbabyboss.com\/shop\/"},{"@type":"ListItem","position":3,"name":"Baby Pram Individual Travel System Stroller 4in1 in White and Gold Frame"}]},{"@type":"WebSite","@id":"https:\/\/powderblue-seahorse-496884.hostingersite.com\/#website","url":"https:\/\/powderblue-seahorse-496884.hostingersite.com\/","name":"A Baby Boss sz\u00e1m\u00e1ra","description":"Gy\u00f6ny\u00f6r\u0171 aj\u00e1nd\u00e9kok \u00e9s kieg\u00e9sz\u00edt\u0151k a baba f\u0151n\u00f6k\u00e9nek","potentialAction":[{"@type":"SearchAction","target":{"@type":"EntryPoint","urlTemplate":"https:\/\/powderblue-seahorse-496884.hostingersite.com\/?s={search_term_string}"},"query-input":{"@type":"PropertyValueSpecification","valueRequired":true,"valueName":"search_term_string"}}],"inLanguage":"hu"}]}},"_links":{"self":[{"href":"https:\/\/forbabyboss.com\/hu\/wp-json\/wp\/v2\/product\/4604","targetHints":{"allow":["GET"]}}],"collection":[{"href":"https:\/\/forbabyboss.com\/hu\/wp-json\/wp\/v2\/product"}],"about":[{"href":"https:\/\/forbabyboss.com\/hu\/wp-json\/wp\/v2\/types\/product"}],"wp:featuredmedia":[{"embeddable":true,"href":"https:\/\/forbabyboss.com\/hu\/wp-json\/wp\/v2\/media\/4610"}],"wp:attachment":[{"href":"https:\/\/forbabyboss.com\/hu\/wp-json\/wp\/v2\/media?parent=4604"}],"wp:term":[{"taxonomy":"product_brand","embeddable":true,"href":"https:\/\/forbabyboss.com\/hu\/wp-json\/wp\/v2\/product_brand?post=4604"},{"taxonomy":"product_cat","embeddable":true,"href":"https:\/\/forbabyboss.com\/hu\/wp-json\/wp\/v2\/product_cat?post=4604"},{"taxonomy":"product_tag","embeddable":true,"href":"https:\/\/forbabyboss.com\/hu\/wp-json\/wp\/v2\/product_tag?post=4604"}],"curies":[{"name":"wp","href":"https:\/\/api.w.org\/{rel}","templated":true}]}}