{"id":4694,"date":"2022-09-09T14:28:41","date_gmt":"2022-09-09T14:28:41","guid":{"rendered":"http:\/\/forbabyboss.com\/?post_type=product&#038;p=4694"},"modified":"2026-02-21T16:25:10","modified_gmt":"2026-02-21T16:25:10","slug":"4in1-pro-17-oko-bor-babakocsi-vilagosszurke-szinben","status":"publish","type":"product","link":"https:\/\/forbabyboss.com\/hu\/product\/baby-pram-pushchair-4in1-pro-17-eco-leather-stroller-in-light-grey\/","title":{"rendered":"Babakocsi 4in1 Pro 17 \u00d6kob\u0151r babakocsi vil\u00e1gossz\u00fcrke sz\u00ednben"},"content":{"rendered":"<p><strong><span style=\"font-size: 120%;\"><span style=\"color: #e14d43;\">Exkluz\u00edv t\u00e1rs a k\u00e9nyelmes \u00e9lm\u00e9ny\u00e9rt<\/span><\/span><\/strong><\/p>\n<p><strong><span style=\"color: #e14d43;\">\u00daJ LUCA!<\/span><\/strong><\/p>\n<p style=\"text-align: justify;\"><strong><span style=\"color: #808080;\">Szeretn\u00e9d l\u00e1tni, milyen \u00fajdons\u00e1gok vannak a kollekci\u00f3nkban?<\/span><\/strong><\/p>\n<p style=\"text-align: justify;\"><strong><span style=\"color: #808080;\">N\u00e9zd meg k\u00f6zelebbr\u0151l a Luca PRO-t. Az \u00f6kol\u00f3gikus b\u0151rb\u0151l k\u00e9sz\u00fclt m\u00f3zeskos\u00e1r \u00e9s a st\u00edlusos h\u00edmz\u00e9s igaz\u00e1n egyedi megold\u00e1ss\u00e1 teszi. A Luca VERO kollekci\u00f3ban az anyagok k\u00e1rpitoz\u00e1sa \u00e9s a k\u00fcl\u00f6nf\u00e9le \u00f6kol\u00f3gikus b\u0151r\u00f6k egyedi kombin\u00e1ci\u00f3it tal\u00e1lod.<\/span><\/strong><\/p>\n<h4 style=\"text-align: justify;\"><strong><span style=\"color: #808080;\"><span style=\"color: #e14d43;\">\u00c1R BELE\u00c9RTVE<\/span>:<\/span><\/strong><\/h4>\n<p style=\"text-align: justify;\" align=\"center\"><strong><span style=\"font-family: Arial; color: #808080;\">\u2013 Alum\u00ednium keret<\/span><\/strong><\/p>\n<p style=\"text-align: justify;\" align=\"center\"><strong><span style=\"font-family: Arial; color: #808080;\">\u2013 4 ker\u00e9k<\/span><\/strong><\/p>\n<p style=\"text-align: justify;\" align=\"center\"><strong><span style=\"font-family: Arial; color: #808080;\">\u2013 M\u00f3zeskos\u00e1r<\/span><\/strong><\/p>\n<p style=\"text-align: justify;\" align=\"center\"><strong><span style=\"font-family: Arial; color: #808080;\">\u2013 Babakocsi huzat \u00e9s matrac<\/span><\/strong><\/p>\n<p style=\"text-align: justify;\" align=\"center\"><strong><span style=\"font-family: Arial; color: #808080;\">\u2013 Es\u0151v\u00e9d\u0151<\/span><\/strong><\/p>\n<p style=\"text-align: justify;\" align=\"center\"><strong><span style=\"font-family: Arial; color: #808080;\">\u2013 Sz\u00fanyogh\u00e1l\u00f3<\/span><\/strong><\/p>\n<p style=\"text-align: justify;\" align=\"center\"><strong><span style=\"font-family: Arial; color: #808080;\">\u2013 Modern t\u00e1ska<\/span><\/strong><\/p>\n<p style=\"text-align: justify;\" align=\"center\"><strong><span style=\"font-family: Arial; color: #808080;\">\u2013 Bev\u00e1s\u00e1rl\u00f3kos\u00e1r<\/span><\/strong><\/p>\n<p style=\"text-align: justify;\" align=\"center\"><strong><span style=\"font-family: Arial; color: #808080;\">\u2013 Poh\u00e1rtart\u00f3<\/span><\/strong><\/p>\n<p style=\"text-align: justify;\" align=\"center\"><strong><span style=\"font-family: Arial; color: #808080;\">\u2013 24 h\u00f3nap garancia<\/span><\/strong><\/p>\n<p style=\"text-align: justify;\" align=\"center\"><strong><span style=\"font-family: Arial; color: #808080;\">\u2013 Babakocsi<\/span><\/strong><\/p>\n<p style=\"text-align: justify;\" align=\"center\"><strong><span style=\"font-family: Arial; color: #808080;\">\u2013 *Aut\u00f3s\u00fcl\u00e9s (opcion\u00e1lis)<\/span><\/strong><\/p>\n<p style=\"text-align: justify;\" align=\"center\"><strong><span style=\"font-family: Arial; color: #808080;\">\u2013 *Isofix talp (opcion\u00e1lis)<\/span><\/strong><\/p>\n<div>\n<div><strong><span style=\"color: #808080;\">\u00d6sszecsukva elf\u00e9r a k\u00f6vetkez\u0151 helyen: 75x59x36cm<\/span><\/strong><\/div>\n<div><\/div>\n<div><strong><span style=\"color: #808080;\">*M\u00e9retek: hossz\u00fas\u00e1g, sz\u00e9less\u00e9g, magass\u00e1g, s\u00faly.<\/span><\/strong><\/div>\n<div><\/div>\n<div><strong><span style=\"color: #808080;\"><img loading=\"lazy\" decoding=\"async\" class=\"aligncenter\" src=\"https:\/\/i.ebayimg.com\/images\/g\/7vAAAOSwpmximeQ5\/s-l1600.png\" alt=\"81. k\u00e9p - Babakocsi Bebetto Luca PRO eco utaz\u00f3rendszer 2 az 1-ben 3 az 1-ben 4 az 1-ben aut\u00f3s\u00fcl\u00e9s\" width=\"972\" height=\"99\" \/><\/span><\/strong><\/div>\n<div><\/div>\n<div><\/div>\n<div><\/div>\n<div><strong><span style=\"color: #808080;\"><img loading=\"lazy\" decoding=\"async\" class=\"\" src=\"https:\/\/i.ebayimg.com\/images\/g\/dAIAAOSwBeBilzyx\/s-l1600.jpg\" alt=\"3. k\u00e9p - Babakocsi Bebetto Luca PRO eco utaz\u00f3rendszer 2 az 1-ben 3 az 1-ben 4 az 1-ben aut\u00f3s\u00fcl\u00e9s\" width=\"954\" height=\"288\" \/><img loading=\"lazy\" decoding=\"async\" class=\"\" src=\"https:\/\/i.ebayimg.com\/images\/g\/gXsAAOSwWvlilzyy\/s-l1600.jpg\" alt=\"4. k\u00e9p - Babakocsi Bebetto Luca PRO eco utaz\u00f3rendszer 2 az 1-ben 3 az 1-ben 4 az 1-ben aut\u00f3s\u00fcl\u00e9s\" width=\"941\" height=\"258\" \/><\/span><\/strong><\/div>\n<\/div>\n<div><\/div>\n<div><a href=\"http:\/\/forbabyboss.com\/wp-content\/uploads\/2022\/09\/checkout.png\"><img loading=\"lazy\" decoding=\"async\" class=\"alignnone size-full wp-image-5965\" src=\"http:\/\/forbabyboss.com\/wp-content\/uploads\/2022\/09\/checkout.png\" alt=\"\" width=\"750\" height=\"276\" srcset=\"https:\/\/forbabyboss.com\/wp-content\/uploads\/2022\/09\/checkout.png 750w, https:\/\/forbabyboss.com\/wp-content\/uploads\/2022\/09\/checkout-600x221.png 600w\" sizes=\"auto, (max-width: 750px) 100vw, 750px\" \/><\/a><\/div>","protected":false},"excerpt":{"rendered":"<p><a href=\"http:\/\/forbabyboss.com\/wp-content\/uploads\/2022\/09\/Star-Rating-5.png\"><img loading=\"lazy\" decoding=\"async\" class=\"alignnone size-full wp-image-5973 aligncenter\" src=\"http:\/\/forbabyboss.com\/wp-content\/uploads\/2022\/09\/Star-Rating-5.png\" alt=\"\" width=\"275\" height=\"45\" \/><\/a><\/p>\n<p style=\"text-align: center;\"><span style=\"color: #ed1c24; font-size: 120%;\"><b>\u00c1RGARANCIA<\/b><\/span><\/p>\n<p style=\"text-align: center;\"><span style=\"font-size: 115%;\"><span style=\"font-weight: 400; color: #4f4fa7;\">Ingyenes kisz\u00e1ll\u00edt\u00e1s<\/span><span style=\"font-weight: 400;\"> \u2013 2 \u2013 7 nap<\/span><\/span><\/p>\n<p style=\"text-align: center;\"><strong><span style=\"color: #29606b;\">Ingyenes aj\u00e1nd\u00e9k 100 font feletti v\u00e1s\u00e1rl\u00e1s eset\u00e9n<\/span><\/strong><\/p>","protected":false},"featured_media":4698,"template":"","meta":[],"product_brand":[583],"product_cat":[339,156,197,305,308,130,211],"product_tag":[202,200,199],"class_list":{"0":"post-4694","1":"product","2":"type-product","3":"status-publish","4":"has-post-thumbnail","6":"product_brand-bebetto","7":"product_cat-700-to-800","8":"product_cat-3-in-1","9":"product_cat-4-in-1-pram","10":"product_cat-colour","11":"product_cat-light-grey","12":"product_cat-prams","13":"product_cat-stroller","14":"product_tag-3-in-1-pram","15":"product_tag-4-in-1-pram","16":"product_tag-prams","18":"first","19":"instock","20":"sale","21":"shipping-taxable","22":"purchasable","23":"product-type-simple"},"yoast_head":"<!-- This site is optimized with the Yoast SEO plugin v27.5 - https:\/\/yoast.com\/product\/yoast-seo-wordpress\/ -->\n<title>Baby Pram Pushchair 4in1 Pro 17 Eco-leather Stroller in Light Grey - For Baby Boss<\/title>\n<meta name=\"description\" content=\"Baby Pram Pushchair 4in1 Pro 17 Eco-leather Stroller in Light Grey\" \/>\n<meta name=\"robots\" content=\"index, follow, max-snippet:-1, max-image-preview:large, max-video-preview:-1\" \/>\n<link rel=\"canonical\" href=\"https:\/\/forbabyboss.com\/hu\/termek\/4in1-pro-17-oko-bor-babakocsi-vilagosszurke-szinben\/\" \/>\n<meta property=\"og:locale\" content=\"hu_HU\" \/>\n<meta property=\"og:type\" content=\"article\" \/>\n<meta property=\"og:title\" content=\"Baby Pram Pushchair 4in1 Pro 17 Eco-leather Stroller in Light Grey - For Baby Boss\" \/>\n<meta property=\"og:description\" content=\"Baby Pram Pushchair 4in1 Pro 17 Eco-leather Stroller in Light Grey\" \/>\n<meta property=\"og:url\" content=\"https:\/\/forbabyboss.com\/hu\/termek\/4in1-pro-17-oko-bor-babakocsi-vilagosszurke-szinben\/\" \/>\n<meta property=\"og:site_name\" content=\"For Baby Boss\" \/>\n<meta property=\"article:modified_time\" content=\"2026-02-21T16:25:10+00:00\" \/>\n<meta property=\"og:image\" content=\"https:\/\/forbabyboss.com\/wp-content\/uploads\/2022\/09\/Baby-Pram-Pushchair-Bebetto-Luca-PRO-eco-Travel-System-2in1-3in1-4in1-Car-Seat-PRO-18-4in13in1isofix-base_main.png\" \/>\n\t<meta property=\"og:image:width\" content=\"1000\" \/>\n\t<meta property=\"og:image:height\" content=\"1000\" \/>\n\t<meta property=\"og:image:type\" content=\"image\/png\" \/>\n<meta name=\"twitter:card\" content=\"summary_large_image\" \/>\n<meta name=\"twitter:label1\" content=\"Becs\u00fclt olvas\u00e1si id\u0151\" \/>\n\t<meta name=\"twitter:data1\" content=\"2 perc\" \/>\n<script type=\"application\/ld+json\" class=\"yoast-schema-graph\">{\"@context\":\"https:\\\/\\\/schema.org\",\"@graph\":[{\"@type\":\"WebPage\",\"@id\":\"https:\\\/\\\/forbabyboss.com\\\/product\\\/baby-pram-pushchair-4in1-pro-17-eco-leather-stroller-in-light-grey\\\/\",\"url\":\"https:\\\/\\\/forbabyboss.com\\\/product\\\/baby-pram-pushchair-4in1-pro-17-eco-leather-stroller-in-light-grey\\\/\",\"name\":\"Baby Pram Pushchair 4in1 Pro 17 Eco-leather Stroller in Light Grey - For Baby Boss\",\"isPartOf\":{\"@id\":\"https:\\\/\\\/powderblue-seahorse-496884.hostingersite.com\\\/#website\"},\"primaryImageOfPage\":{\"@id\":\"https:\\\/\\\/forbabyboss.com\\\/product\\\/baby-pram-pushchair-4in1-pro-17-eco-leather-stroller-in-light-grey\\\/#primaryimage\"},\"image\":{\"@id\":\"https:\\\/\\\/forbabyboss.com\\\/product\\\/baby-pram-pushchair-4in1-pro-17-eco-leather-stroller-in-light-grey\\\/#primaryimage\"},\"thumbnailUrl\":\"https:\\\/\\\/forbabyboss.com\\\/wp-content\\\/uploads\\\/2022\\\/09\\\/Baby-Pram-Pushchair-Bebetto-Luca-PRO-eco-Travel-System-2in1-3in1-4in1-Car-Seat-PRO-18-4in13in1isofix-base_main.png\",\"datePublished\":\"2022-09-09T14:28:41+00:00\",\"dateModified\":\"2026-02-21T16:25:10+00:00\",\"description\":\"Baby Pram Pushchair 4in1 Pro 17 Eco-leather Stroller in Light Grey\",\"breadcrumb\":{\"@id\":\"https:\\\/\\\/forbabyboss.com\\\/product\\\/baby-pram-pushchair-4in1-pro-17-eco-leather-stroller-in-light-grey\\\/#breadcrumb\"},\"inLanguage\":\"hu\",\"potentialAction\":[{\"@type\":\"ReadAction\",\"target\":[\"https:\\\/\\\/forbabyboss.com\\\/product\\\/baby-pram-pushchair-4in1-pro-17-eco-leather-stroller-in-light-grey\\\/\"]}]},{\"@type\":\"ImageObject\",\"inLanguage\":\"hu\",\"@id\":\"https:\\\/\\\/forbabyboss.com\\\/product\\\/baby-pram-pushchair-4in1-pro-17-eco-leather-stroller-in-light-grey\\\/#primaryimage\",\"url\":\"https:\\\/\\\/forbabyboss.com\\\/wp-content\\\/uploads\\\/2022\\\/09\\\/Baby-Pram-Pushchair-Bebetto-Luca-PRO-eco-Travel-System-2in1-3in1-4in1-Car-Seat-PRO-18-4in13in1isofix-base_main.png\",\"contentUrl\":\"https:\\\/\\\/forbabyboss.com\\\/wp-content\\\/uploads\\\/2022\\\/09\\\/Baby-Pram-Pushchair-Bebetto-Luca-PRO-eco-Travel-System-2in1-3in1-4in1-Car-Seat-PRO-18-4in13in1isofix-base_main.png\",\"width\":1000,\"height\":1000},{\"@type\":\"BreadcrumbList\",\"@id\":\"https:\\\/\\\/forbabyboss.com\\\/product\\\/baby-pram-pushchair-4in1-pro-17-eco-leather-stroller-in-light-grey\\\/#breadcrumb\",\"itemListElement\":[{\"@type\":\"ListItem\",\"position\":1,\"name\":\"Home\",\"item\":\"https:\\\/\\\/forbabyboss.com\\\/\"},{\"@type\":\"ListItem\",\"position\":2,\"name\":\"Shop\",\"item\":\"https:\\\/\\\/forbabyboss.com\\\/shop\\\/\"},{\"@type\":\"ListItem\",\"position\":3,\"name\":\"Baby Pram Pushchair 4in1 Pro 17 Eco-leather Stroller in Light Grey\"}]},{\"@type\":\"WebSite\",\"@id\":\"https:\\\/\\\/powderblue-seahorse-496884.hostingersite.com\\\/#website\",\"url\":\"https:\\\/\\\/powderblue-seahorse-496884.hostingersite.com\\\/\",\"name\":\"For Baby Boss\",\"description\":\"Beautiful gifts and accessories for your baby boss\",\"potentialAction\":[{\"@type\":\"SearchAction\",\"target\":{\"@type\":\"EntryPoint\",\"urlTemplate\":\"https:\\\/\\\/powderblue-seahorse-496884.hostingersite.com\\\/?s={search_term_string}\"},\"query-input\":{\"@type\":\"PropertyValueSpecification\",\"valueRequired\":true,\"valueName\":\"search_term_string\"}}],\"inLanguage\":\"hu\"}]}<\/script>\n<!-- \/ Yoast SEO plugin. -->","yoast_head_json":{"title":"Babakocsi 4in1 Pro 17 \u00d6kob\u0151r babakocsi vil\u00e1gossz\u00fcrke sz\u00ednben - Baby Boss-nak","description":"Babakocsi 4in1 Pro 17 \u00d6kob\u0151r babakocsi vil\u00e1gossz\u00fcrke sz\u00ednben","robots":{"index":"index","follow":"follow","max-snippet":"max-snippet:-1","max-image-preview":"max-image-preview:large","max-video-preview":"max-video-preview:-1"},"canonical":"https:\/\/forbabyboss.com\/hu\/termek\/4in1-pro-17-oko-bor-babakocsi-vilagosszurke-szinben\/","og_locale":"hu_HU","og_type":"article","og_title":"Baby Pram Pushchair 4in1 Pro 17 Eco-leather Stroller in Light Grey - For Baby Boss","og_description":"Baby Pram Pushchair 4in1 Pro 17 Eco-leather Stroller in Light Grey","og_url":"https:\/\/forbabyboss.com\/hu\/termek\/4in1-pro-17-oko-bor-babakocsi-vilagosszurke-szinben\/","og_site_name":"For Baby Boss","article_modified_time":"2026-02-21T16:25:10+00:00","og_image":[{"width":1000,"height":1000,"url":"https:\/\/forbabyboss.com\/wp-content\/uploads\/2022\/09\/Baby-Pram-Pushchair-Bebetto-Luca-PRO-eco-Travel-System-2in1-3in1-4in1-Car-Seat-PRO-18-4in13in1isofix-base_main.png","type":"image\/png"}],"twitter_card":"summary_large_image","twitter_misc":{"Becs\u00fclt olvas\u00e1si id\u0151":"2 perc"},"schema":{"@context":"https:\/\/schema.org","@graph":[{"@type":"WebPage","@id":"https:\/\/forbabyboss.com\/product\/baby-pram-pushchair-4in1-pro-17-eco-leather-stroller-in-light-grey\/","url":"https:\/\/forbabyboss.com\/product\/baby-pram-pushchair-4in1-pro-17-eco-leather-stroller-in-light-grey\/","name":"Babakocsi 4in1 Pro 17 \u00d6kob\u0151r babakocsi vil\u00e1gossz\u00fcrke sz\u00ednben - Baby Boss-nak","isPartOf":{"@id":"https:\/\/powderblue-seahorse-496884.hostingersite.com\/#website"},"primaryImageOfPage":{"@id":"https:\/\/forbabyboss.com\/product\/baby-pram-pushchair-4in1-pro-17-eco-leather-stroller-in-light-grey\/#primaryimage"},"image":{"@id":"https:\/\/forbabyboss.com\/product\/baby-pram-pushchair-4in1-pro-17-eco-leather-stroller-in-light-grey\/#primaryimage"},"thumbnailUrl":"https:\/\/forbabyboss.com\/wp-content\/uploads\/2022\/09\/Baby-Pram-Pushchair-Bebetto-Luca-PRO-eco-Travel-System-2in1-3in1-4in1-Car-Seat-PRO-18-4in13in1isofix-base_main.png","datePublished":"2022-09-09T14:28:41+00:00","dateModified":"2026-02-21T16:25:10+00:00","description":"Babakocsi 4in1 Pro 17 \u00d6kob\u0151r babakocsi vil\u00e1gossz\u00fcrke sz\u00ednben","breadcrumb":{"@id":"https:\/\/forbabyboss.com\/product\/baby-pram-pushchair-4in1-pro-17-eco-leather-stroller-in-light-grey\/#breadcrumb"},"inLanguage":"hu","potentialAction":[{"@type":"ReadAction","target":["https:\/\/forbabyboss.com\/product\/baby-pram-pushchair-4in1-pro-17-eco-leather-stroller-in-light-grey\/"]}]},{"@type":"ImageObject","inLanguage":"hu","@id":"https:\/\/forbabyboss.com\/product\/baby-pram-pushchair-4in1-pro-17-eco-leather-stroller-in-light-grey\/#primaryimage","url":"https:\/\/forbabyboss.com\/wp-content\/uploads\/2022\/09\/Baby-Pram-Pushchair-Bebetto-Luca-PRO-eco-Travel-System-2in1-3in1-4in1-Car-Seat-PRO-18-4in13in1isofix-base_main.png","contentUrl":"https:\/\/forbabyboss.com\/wp-content\/uploads\/2022\/09\/Baby-Pram-Pushchair-Bebetto-Luca-PRO-eco-Travel-System-2in1-3in1-4in1-Car-Seat-PRO-18-4in13in1isofix-base_main.png","width":1000,"height":1000},{"@type":"BreadcrumbList","@id":"https:\/\/forbabyboss.com\/product\/baby-pram-pushchair-4in1-pro-17-eco-leather-stroller-in-light-grey\/#breadcrumb","itemListElement":[{"@type":"ListItem","position":1,"name":"Home","item":"https:\/\/forbabyboss.com\/"},{"@type":"ListItem","position":2,"name":"Shop","item":"https:\/\/forbabyboss.com\/shop\/"},{"@type":"ListItem","position":3,"name":"Baby Pram Pushchair 4in1 Pro 17 Eco-leather Stroller in Light Grey"}]},{"@type":"WebSite","@id":"https:\/\/powderblue-seahorse-496884.hostingersite.com\/#website","url":"https:\/\/powderblue-seahorse-496884.hostingersite.com\/","name":"A Baby Boss sz\u00e1m\u00e1ra","description":"Gy\u00f6ny\u00f6r\u0171 aj\u00e1nd\u00e9kok \u00e9s kieg\u00e9sz\u00edt\u0151k a baba f\u0151n\u00f6k\u00e9nek","potentialAction":[{"@type":"SearchAction","target":{"@type":"EntryPoint","urlTemplate":"https:\/\/powderblue-seahorse-496884.hostingersite.com\/?s={search_term_string}"},"query-input":{"@type":"PropertyValueSpecification","valueRequired":true,"valueName":"search_term_string"}}],"inLanguage":"hu"}]}},"_links":{"self":[{"href":"https:\/\/forbabyboss.com\/hu\/wp-json\/wp\/v2\/product\/4694","targetHints":{"allow":["GET"]}}],"collection":[{"href":"https:\/\/forbabyboss.com\/hu\/wp-json\/wp\/v2\/product"}],"about":[{"href":"https:\/\/forbabyboss.com\/hu\/wp-json\/wp\/v2\/types\/product"}],"wp:featuredmedia":[{"embeddable":true,"href":"https:\/\/forbabyboss.com\/hu\/wp-json\/wp\/v2\/media\/4698"}],"wp:attachment":[{"href":"https:\/\/forbabyboss.com\/hu\/wp-json\/wp\/v2\/media?parent=4694"}],"wp:term":[{"taxonomy":"product_brand","embeddable":true,"href":"https:\/\/forbabyboss.com\/hu\/wp-json\/wp\/v2\/product_brand?post=4694"},{"taxonomy":"product_cat","embeddable":true,"href":"https:\/\/forbabyboss.com\/hu\/wp-json\/wp\/v2\/product_cat?post=4694"},{"taxonomy":"product_tag","embeddable":true,"href":"https:\/\/forbabyboss.com\/hu\/wp-json\/wp\/v2\/product_tag?post=4694"}],"curies":[{"name":"wp","href":"https:\/\/api.w.org\/{rel}","templated":true}]}}