{"id":5222,"date":"2022-09-11T14:20:21","date_gmt":"2022-09-11T14:20:21","guid":{"rendered":"http:\/\/forbabyboss.com\/?post_type=product&#038;p=5222"},"modified":"2026-02-21T12:42:04","modified_gmt":"2026-02-21T12:42:04","slug":"3-az-1-ben-luxus-kenyelmes-osszecsukhato-babakocsi-ujszulotteknek-es-kisgyermekeknek-menta-szinben","status":"publish","type":"product","link":"https:\/\/forbabyboss.com\/hu\/product\/3-in-1-luxury-cosy-folding-pushchair-for-newborns-toddlers-in-mint\/","title":{"rendered":"3 az 1-ben luxus, k\u00e9nyelmes, \u00f6sszecsukhat\u00f3 babakocsi \u00fajsz\u00fcl\u00f6tteknek \u00e9s kisgyermekeknek menta sz\u00ednben"},"content":{"rendered":"<h1><strong><span style=\"font-size: 190%; color: #e14d43;\">St\u00edlusos babakocsi \u2013 kompatibilis utaz\u00f3rendszerrel<\/span><\/strong><\/h1>\n<p style=\"text-align: justify;\"><span style=\"color: #282828;\"><strong>A babakocsi tartalmazza a v\u00e1zat, a m\u00f3zeskosarat, a babakocsit, a tet\u0151t, a kart\u00e1maszokat, az \u00fcl\u00e9shuzatokat, a t\u00e1gas t\u00e1sk\u00e1t, a bev\u00e1s\u00e1rl\u00f3kosarat, a al\u00e1t\u00e9teket, az es\u0151v\u00e9d\u0151t, a sz\u00fanyogh\u00e1l\u00f3t, a biztons\u00e1gi r\u00fadat, a pelenk\u00e1z\u00f3 al\u00e1t\u00e9tet, a poh\u00e1rtart\u00f3t \u00e9s a l\u00e9g\u00e1tereszt\u0151, hipoallerg\u00e9n matracot. 6 h\u00f3napos kort\u00f3l babakocsik\u00e9nt is haszn\u00e1lhat\u00f3. A babakocsi megford\u00edthat\u00f3 \u00fcl\u00e9ssel rendelkezik, amely mindk\u00e9t m\u00f3don haszn\u00e1lhat\u00f3. A kih\u00fazhat\u00f3 tet\u0151 folyad\u00e9ktasz\u00edt\u00f3 rendszerrel rendelkezik. Ezenk\u00edv\u00fcl UVA 30+ v\u00e9delemmel ell\u00e1tott napellenz\u0151vel is rendelkezik. A babakocsit \u00fagy tervezt\u00fck, hogy a sz\u00fcl\u0151k \u00e9s a gyermekek ig\u00e9nyeit sz\u00fclet\u00e9st\u0151l 3 \u00e9ves korig t\u00e1mogassa. J\u00f3l alkalmazkodik a n\u00f6vekv\u0151 gyermeke ig\u00e9nyeihez \u2013 a m\u00f3zeskos\u00e1rral \u00e9s a babakocsi v\u00e1z\u00e1val kezdheti. Amikor \u00fagy d\u00f6nt, hogy a gyermek el\u00e9g nagy \u00e9s k\u00e9szen \u00e1ll a s\u00e9t\u00e1k alatti \u00fcl\u00e9sre, szereljen fel egy k\u00e9nyelmes \u00fcl\u00e9st h\u00e1trafel\u00e9 vagy el\u0151re n\u00e9zve. K\u00edv\u00e1nhatna enn\u00e9l t\u00f6bbet?<\/strong><\/span><\/p>\n<p style=\"text-align: justify;\"><span style=\"color: #282828;\"><strong>Babakocsijaink minden innovat\u00edv technol\u00f3gi\u00e1t tartalmaznak.<\/strong><\/span><br \/>\n<span style=\"color: #282828;\"><strong>A m\u00f3zeskos\u00e1r, a sport\u00fcl\u00e9s \u00e9s az aut\u00f3s\u00fcl\u00e9s menetir\u00e1nynak h\u00e1ttal \u00e9s el\u0151re is r\u00f6gz\u00edthet\u0151. A rug\u00f3z\u00e1s az az elem, amely felel\u0151s az \u00fct\u00e9smentes utaz\u00e1s\u00e9rt. Ez biztos\u00edtja a baba nyugodt alv\u00e1s\u00e1t.<\/strong><\/span><br \/>\n<span style=\"color: #282828;\"><strong>A babakocsiinkban haszn\u00e1lt Shock Stop rendszer cs\u00f6kkenti a kellemetlen rezg\u00e9seket. K\u00e9t elemb\u0151l \u00e1ll: h\u00e1ts\u00f3ker\u00e9k-felf\u00fcggeszt\u00e9sb\u0151l \u00e9s kieg\u00e9sz\u00edt\u0151 oldals\u00f3 felf\u00fcggeszt\u00e9sb\u0151l. A babakocsi gyakorlatilag kicsomagol\u00e1s ut\u00e1n azonnal haszn\u00e1latra k\u00e9sz (egyszer\u0171en hajtsa ki a v\u00e1zat, szerelje fel a kerekeket \u00e9s r\u00f6gz\u00edtse a m\u00f3zeskosarat) \u2013 egyetlen csavart sem kell becsavarni.<\/strong><\/span><\/p>\n<p style=\"text-align: justify;\"><span style=\"color: #282828;\"><strong>A babakocsi nagy bev\u00e1s\u00e1rl\u00f3kos\u00e1rral, \u00e1ll\u00edthat\u00f3 ekol\u00f3gikus b\u0151r foganty\u00faval \u00e9s napellenz\u0151vel van felszerelve.<\/strong><\/span><br \/>\n<span style=\"color: #282828;\"><strong>A k\u00f6zponti f\u00e9k k\u00f6nnyen haszn\u00e1lhat\u00f3 \u2013 egyetlen mozdulattal be- \u00e9s kikapcsolhat\u00f3.<\/strong><\/span><\/p>\n<p style=\"text-align: justify;\"><span style=\"color: #282828;\"><strong>\u00d6sszecsukhat\u00f3 \u00e9s szell\u0151z\u0151 m\u00f3zeskos\u00e1rtet\u0151. T\u00e1gas, cipz\u00e1ras t\u00e1ska \u2013 r\u00f6gz\u00edtheted a babakocsi v\u00e1z\u00e1hoz, vagy magaddal viheted.<\/strong><\/span><\/p>\n<p style=\"text-align: justify;\"><span style=\"color: #282828;\"><strong>El\u0151re \u00e9s h\u00e1trafel\u00e9 n\u00e9z\u0151 m\u00f3d.<\/strong><\/span><br \/>\n<span style=\"color: #282828;\"><strong>Tart\u00f3s \u00e9s k\u00f6nnyen tiszt\u00edthat\u00f3 l\u00e1btart\u00f3.<\/strong><\/span><\/p>\n<p style=\"text-align: justify;\"><span style=\"color: #282828;\"><strong>A m\u00f3zeskos\u00e1r puha \u00e9s k\u00e9nyelmes, moshat\u00f3 matraccal \u00e9s \u00e1ll\u00edthat\u00f3 h\u00e1tt\u00e1ml\u00e1val van felszerelve.<\/strong><\/span><\/p>\n<p style=\"text-align: justify;\"><span style=\"color: #282828;\"><strong>Kiv\u00e1l\u00f3 min\u0151s\u00e9g\u0171 eko b\u0151r kidolgoz\u00e1s.<\/strong><\/span><\/p>\n<p style=\"text-align: justify;\"><span style=\"color: #282828;\"><strong>A h\u00e1ts\u00f3 kerekek felf\u00fcggeszt\u00e9se h\u00e1romfokozat\u00fa kem\u00e9nys\u00e9g\u00e1ll\u00edt\u00e1ssal rendelkezik, \u00e9s kiegyens\u00falyozza a babakocsi s\u00faly\u00e1t, \u00edgy sim\u00e1n fut a r\u00e1z\u00f3s utakon is.<\/strong><\/span><\/p>\n<h1><strong><span style=\"font-size: 160%; color: #e14d43;\">A 3 az 1-ben babakocsink egy j\u00f3l megtervezett utaz\u00f3rendszer<\/span><\/strong><\/h1>\n<h3 style=\"text-align: justify;\"><strong><span style=\"color: #e14d43;\">Jellemz\u0151k:<\/span><\/strong><\/h3>\n<p style=\"text-align: justify;\"><span style=\"color: #282828;\"><strong>- el\u0151re \u00e9s h\u00e1trafel\u00e9 n\u00e9z\u0151 m\u00f3d<\/strong><\/span><br \/>\n<span style=\"color: #282828;\"><strong>- aut\u00f3s\u00fcl\u00e9s r\u00f6gz\u00edthet\u0151 az alv\u00e1zra<\/strong><\/span><br \/>\n<span style=\"color: #282828;\"><strong>- szell\u0151z\u0151ny\u00edl\u00e1s a motorh\u00e1ztet\u0151 h\u00e1tulj\u00e1n<\/strong><\/span><br \/>\n<span style=\"color: #282828;\"><strong>-A gondola puha b\u00e9l\u00e9ssel rendelkezik, amely mos\u00e1shoz levehet\u0151<\/strong><\/span><br \/>\n<span style=\"color: #282828;\"><strong>- a gondolatet\u0151 felhajthat\u00f3, \u00edgy sz\u00e9lfog\u00f3t lehet l\u00e9trehozni<\/strong><\/span><br \/>\n<span style=\"color: #282828;\"><strong>- kih\u00fazhat\u00f3, levehet\u0151 kapucni<\/strong><\/span><br \/>\n<span style=\"color: #282828;\"><strong>-\u00f6tpontos biztons\u00e1gi \u00f6v<\/strong><\/span><br \/>\n<span style=\"color: #282828;\"><strong>-lamin\u00e1lt l\u00e1btart\u00f3<\/strong><\/span><br \/>\n<span style=\"color: #282828;\"><strong>- t\u00f6bbszint\u0171 \u00e1ll\u00edthat\u00f3 foganty\u00fa<\/strong><\/span><br \/>\n<span style=\"color: #282828;\"><strong>- \u00e1ll\u00edthat\u00f3 felf\u00fcggeszt\u00e9s<\/strong><\/span><br \/>\n<span style=\"color: #282828;\"><strong>- massz\u00edv keret<\/strong><\/span><br \/>\n<span style=\"color: #282828;\"><strong>- \u00e1ll\u00edthat\u00f3 l\u00e1b- \u00e9s h\u00e1tt\u00e1mla<\/strong><\/span><br \/>\n<span style=\"color: #282828;\"><strong>-k\u00f6zponti f\u00e9k EASY STOP<\/strong><\/span><br \/>\n<span style=\"color: #282828;\"><strong>- nagy bev\u00e1s\u00e1rl\u00f3kos\u00e1r<\/strong><\/span><br \/>\n<span style=\"color: #282828;\"><strong>Babakocsi alkalmas 0-3 \u00e9ves korig<\/strong><\/span><br \/>\n<span style=\"color: #282828;\"><strong>Aut\u00f3s\u00fcl\u00e9s 10 kg-ig<\/strong><\/span><\/p>\n<h3 style=\"text-align: justify;\"><strong><span style=\"color: #e14d43;\">Az aut\u00f3s\u00fcl\u00e9s jellemz\u0151i:<\/span><\/strong><\/h3>\n<p style=\"text-align: justify;\"><span style=\"color: #282828;\"><strong>- kieg\u00e9sz\u00edt\u0151 bet\u00e9t csecsem\u0151knek<\/strong><\/span><br \/>\n<span style=\"color: #282828;\"><strong>-\u00e1ll\u00edthat\u00f3 foganty\u00fa<\/strong><\/span><br \/>\n<span style=\"color: #282828;\"><strong>- levehet\u0151 l\u00e1bv\u00e9d\u0151<\/strong><\/span><br \/>\n<span style=\"color: #282828;\"><strong>-levehet\u0151 kapucni<\/strong><\/span><br \/>\n<span style=\"color: #282828;\"><strong>-h\u00e1rompontos biztons\u00e1gi \u00f6vek<\/strong><\/span><br \/>\n<span style=\"color: #282828;\"><strong>-b\u00f6lcs\u0151 opci\u00f3<\/strong><\/span><\/p>\n<h3 style=\"text-align: justify;\"><strong><span style=\"color: #e14d43;\">A k\u00e9szlet tartalma:<\/span><\/strong><\/h3>\n<p style=\"text-align: justify;\"><span style=\"color: #282828;\"><strong>-keret \u00f6ko b\u0151r foganty\u00faval<\/strong><\/span><br \/>\n<span style=\"color: #282828;\"><strong>-gondola \u00e1ll\u00edthat\u00f3 h\u00e1tt\u00e1ml\u00e1val<\/strong><\/span><br \/>\n<span style=\"color: #282828;\"><strong>-\u00fcl\u00e9ses egys\u00e9g<\/strong><\/span><br \/>\n<span style=\"color: #282828;\"><strong>-k\u00e9t l\u00e1bv\u00e9d\u0151 (babakocsihoz \u00e9s gondol\u00e1hoz)<\/strong><\/span><br \/>\n<span style=\"color: #282828;\"><strong>-multifunkcion\u00e1lis aut\u00f3s\u00fcl\u00e9s adapterekkel<\/strong><\/span><br \/>\n<span style=\"color: #282828;\"><strong>- es\u0151v\u00e9d\u0151<\/strong><\/span><br \/>\n<span style=\"color: #282828;\"><strong>-sz\u00fanyogh\u00e1l\u00f3<\/strong><\/span><br \/>\n<span style=\"color: #282828;\"><strong>- pelenk\u00e1z\u00f3t\u00e1ska \u00e9s pelenk\u00e1z\u00f3 al\u00e1t\u00e9t<\/strong><\/span><br \/>\n<span style=\"color: #282828;\"><strong>-puha, g\u00e9l bevonat\u00fa, m\u0171k\u00f6d\u00e9sbiztos kerekek (minden terepre)<\/strong><\/span><br \/>\n<span style=\"color: #282828;\"><strong>- palack foganty\u00faja<\/strong><\/span><br \/>\n<span style=\"color: #282828;\"><strong>- nagy zseb a t\u00e1ska h\u00e1tulj\u00e1n \u00e9s k\u00e9t kisebb az oldal\u00e1n<\/strong><\/span><\/p>\n<p style=\"text-align: justify;\"><span style=\"color: #282828;\"><strong>\u00d6sszecsukott keret kerekekkel (hossz\u00fas\u00e1g x sz\u00e9less\u00e9g x magass\u00e1g): 85x60x40cm<\/strong><\/span><br \/>\n<span style=\"color: #282828;\"><strong>\u00d6sszeszerelt babakocsi (magass\u00e1g x sz\u00e9less\u00e9g x hossz\u00fas\u00e1g): 115x60x95cm<\/strong><\/span><br \/>\n<span style=\"color: #282828;\"><strong>Gondola bel\u00fcl (sz\u00e9less\u00e9g x hossz\u00fas\u00e1g x magass\u00e1g): 36x80x20cm<\/strong><\/span><br \/>\n<span style=\"color: #282828;\"><strong>Babakocsi bel\u00fcl (sz\u00e9less\u00e9g x h\u00e1tt\u00e1mla hossza x \u00fcl\u00e9shossz x l\u00e1btart\u00f3 hossza): 34x48x26x23cm<\/strong><\/span><br \/>\n<span style=\"color: #282828;\"><strong>Kerekes v\u00e1z: 10 kg<\/strong><\/span><br \/>\n<span style=\"color: #282828;\"><strong>Babakocsi: 15 kg<\/strong><\/span><br \/>\n<span style=\"color: #282828;\"><strong>M\u00e9ly babakocsi: 16 kg<\/strong><\/span><br \/>\n<span style=\"color: #282828;\"><strong>Szab\u00e1lyozhat\u00f3 foganty\u00fatartom\u00e1ny: 70 cm-t\u0151l 115 cm-ig<\/strong><\/span><br \/>\n<span style=\"color: #282828;\"><strong>Babakocsi: EN 1888:2018 biztons\u00e1gi szabv\u00e1ny szerint j\u00f3v\u00e1hagyva<\/strong><\/span><br \/>\n<span style=\"color: #282828;\"><strong>Aut\u00f3s\u00fcl\u00e9s ECE 44-04 biztons\u00e1gi tan\u00fas\u00edtv\u00e1nnyal<\/strong><\/span><br \/>\n<span style=\"color: #282828;\"><strong>12 h\u00f3napos garancia<\/strong><\/span><\/p>\n<p><strong><a href=\"http:\/\/forbabyboss.com\/wp-content\/uploads\/2022\/09\/checkout.png\"><img loading=\"lazy\" decoding=\"async\" class=\"alignnone wp-image-5965\" src=\"http:\/\/forbabyboss.com\/wp-content\/uploads\/2022\/09\/checkout.png\" alt=\"\" width=\"973\" height=\"358\" srcset=\"https:\/\/forbabyboss.com\/wp-content\/uploads\/2022\/09\/checkout.png 750w, https:\/\/forbabyboss.com\/wp-content\/uploads\/2022\/09\/checkout-600x221.png 600w\" sizes=\"auto, (max-width: 973px) 100vw, 973px\" \/><\/a><\/strong><\/p>","protected":false},"excerpt":{"rendered":"<p><a href=\"http:\/\/forbabyboss.com\/wp-content\/uploads\/2022\/09\/Star-Rating-5.png\"><img loading=\"lazy\" decoding=\"async\" class=\"alignnone size-full wp-image-5973 aligncenter\" src=\"http:\/\/forbabyboss.com\/wp-content\/uploads\/2022\/09\/Star-Rating-5.png\" alt=\"\" width=\"275\" height=\"45\" \/><\/a><\/p>\n<p style=\"text-align: center;\"><span style=\"color: #ed1c24; font-size: 120%;\"><b>\u00c1RGARANCIA<\/b><\/span><\/p>\n<p style=\"text-align: center;\"><span style=\"font-size: 115%;\"><span style=\"font-weight: 400; color: #4f4fa7;\">Ingyenes kisz\u00e1ll\u00edt\u00e1s<\/span><span style=\"font-weight: 400;\"> \u2013 2 \u2013 7 nap<\/span><\/span><\/p>\n<p style=\"text-align: center;\"><strong><span style=\"color: #29606b;\">Ingyenes aj\u00e1nd\u00e9k 100 font feletti v\u00e1s\u00e1rl\u00e1s eset\u00e9n<\/span><\/strong><\/p>","protected":false},"featured_media":5223,"template":"","meta":[],"product_brand":[370],"product_cat":[337,339,156,213,305,208,130,211],"product_tag":[202,199],"class_list":{"0":"post-5222","1":"product","2":"type-product","3":"status-publish","4":"has-post-thumbnail","6":"product_brand-babylux","7":"product_cat-500-to-600","8":"product_cat-700-to-800","9":"product_cat-3-in-1","10":"product_cat-blue","11":"product_cat-colour","12":"product_cat-gold","13":"product_cat-prams","14":"product_cat-stroller","15":"product_tag-3-in-1-pram","16":"product_tag-prams","18":"first","19":"instock","20":"sale","21":"shipping-taxable","22":"purchasable","23":"product-type-simple"},"yoast_head":"<!-- This site is optimized with the Yoast SEO plugin v27.6 - https:\/\/yoast.com\/product\/yoast-seo-wordpress\/ -->\n<title>3 in 1 Luxury Cosy Folding Pushchair For Newborns &amp; Toddlers in Mint - For Baby Boss<\/title>\n<meta name=\"description\" content=\"3 in 1 Luxury Cosy Folding Pushchair For Newborns &amp; Toddlers in Mint\" \/>\n<meta name=\"robots\" content=\"index, follow, max-snippet:-1, max-image-preview:large, max-video-preview:-1\" \/>\n<link rel=\"canonical\" href=\"https:\/\/forbabyboss.com\/hu\/termek\/3-az-1-ben-luxus-kenyelmes-osszecsukhato-babakocsi-ujszulotteknek-es-kisgyermekeknek-menta-szinben\/\" \/>\n<meta property=\"og:locale\" content=\"hu_HU\" \/>\n<meta property=\"og:type\" content=\"article\" \/>\n<meta property=\"og:title\" content=\"3 in 1 Luxury Cosy Folding Pushchair For Newborns &amp; Toddlers in Mint - For Baby Boss\" \/>\n<meta property=\"og:description\" content=\"3 in 1 Luxury Cosy Folding Pushchair For Newborns &amp; Toddlers in Mint\" \/>\n<meta property=\"og:url\" content=\"https:\/\/forbabyboss.com\/hu\/termek\/3-az-1-ben-luxus-kenyelmes-osszecsukhato-babakocsi-ujszulotteknek-es-kisgyermekeknek-menta-szinben\/\" \/>\n<meta property=\"og:site_name\" content=\"For Baby Boss\" \/>\n<meta property=\"article:modified_time\" content=\"2026-02-21T12:42:04+00:00\" \/>\n<meta property=\"og:image\" content=\"https:\/\/forbabyboss.com\/wp-content\/uploads\/2022\/09\/Pram-Buggy-Luxury-Cosy-Folding-Pushchair-For-Newborns-Toddlers-Travel-Set-Mint-800x800.png\" \/>\n\t<meta property=\"og:image:width\" content=\"800\" \/>\n\t<meta property=\"og:image:height\" content=\"800\" \/>\n\t<meta property=\"og:image:type\" content=\"image\/png\" \/>\n<meta name=\"twitter:card\" content=\"summary_large_image\" \/>\n<meta name=\"twitter:label1\" content=\"Becs\u00fclt olvas\u00e1si id\u0151\" \/>\n\t<meta name=\"twitter:data1\" content=\"3 perc\" \/>\n<script type=\"application\/ld+json\" class=\"yoast-schema-graph\">{\"@context\":\"https:\\\/\\\/schema.org\",\"@graph\":[{\"@type\":\"WebPage\",\"@id\":\"https:\\\/\\\/forbabyboss.com\\\/product\\\/3-in-1-luxury-cosy-folding-pushchair-for-newborns-toddlers-in-mint\\\/\",\"url\":\"https:\\\/\\\/forbabyboss.com\\\/product\\\/3-in-1-luxury-cosy-folding-pushchair-for-newborns-toddlers-in-mint\\\/\",\"name\":\"3 in 1 Luxury Cosy Folding Pushchair For Newborns & Toddlers in Mint - For Baby Boss\",\"isPartOf\":{\"@id\":\"https:\\\/\\\/powderblue-seahorse-496884.hostingersite.com\\\/#website\"},\"primaryImageOfPage\":{\"@id\":\"https:\\\/\\\/forbabyboss.com\\\/product\\\/3-in-1-luxury-cosy-folding-pushchair-for-newborns-toddlers-in-mint\\\/#primaryimage\"},\"image\":{\"@id\":\"https:\\\/\\\/forbabyboss.com\\\/product\\\/3-in-1-luxury-cosy-folding-pushchair-for-newborns-toddlers-in-mint\\\/#primaryimage\"},\"thumbnailUrl\":\"https:\\\/\\\/forbabyboss.com\\\/wp-content\\\/uploads\\\/2022\\\/09\\\/Pram-Buggy-Luxury-Cosy-Folding-Pushchair-For-Newborns-Toddlers-Travel-Set-Mint.png\",\"datePublished\":\"2022-09-11T14:20:21+00:00\",\"dateModified\":\"2026-02-21T12:42:04+00:00\",\"description\":\"3 in 1 Luxury Cosy Folding Pushchair For Newborns & Toddlers in Mint\",\"breadcrumb\":{\"@id\":\"https:\\\/\\\/forbabyboss.com\\\/product\\\/3-in-1-luxury-cosy-folding-pushchair-for-newborns-toddlers-in-mint\\\/#breadcrumb\"},\"inLanguage\":\"hu\",\"potentialAction\":[{\"@type\":\"ReadAction\",\"target\":[\"https:\\\/\\\/forbabyboss.com\\\/product\\\/3-in-1-luxury-cosy-folding-pushchair-for-newborns-toddlers-in-mint\\\/\"]}]},{\"@type\":\"ImageObject\",\"inLanguage\":\"hu\",\"@id\":\"https:\\\/\\\/forbabyboss.com\\\/product\\\/3-in-1-luxury-cosy-folding-pushchair-for-newborns-toddlers-in-mint\\\/#primaryimage\",\"url\":\"https:\\\/\\\/forbabyboss.com\\\/wp-content\\\/uploads\\\/2022\\\/09\\\/Pram-Buggy-Luxury-Cosy-Folding-Pushchair-For-Newborns-Toddlers-Travel-Set-Mint.png\",\"contentUrl\":\"https:\\\/\\\/forbabyboss.com\\\/wp-content\\\/uploads\\\/2022\\\/09\\\/Pram-Buggy-Luxury-Cosy-Folding-Pushchair-For-Newborns-Toddlers-Travel-Set-Mint.png\",\"width\":1600,\"height\":1600},{\"@type\":\"BreadcrumbList\",\"@id\":\"https:\\\/\\\/forbabyboss.com\\\/product\\\/3-in-1-luxury-cosy-folding-pushchair-for-newborns-toddlers-in-mint\\\/#breadcrumb\",\"itemListElement\":[{\"@type\":\"ListItem\",\"position\":1,\"name\":\"Home\",\"item\":\"https:\\\/\\\/forbabyboss.com\\\/\"},{\"@type\":\"ListItem\",\"position\":2,\"name\":\"Shop\",\"item\":\"https:\\\/\\\/forbabyboss.com\\\/shop\\\/\"},{\"@type\":\"ListItem\",\"position\":3,\"name\":\"3 in 1 Luxury Cosy Folding Pushchair For Newborns &#038; Toddlers in Mint\"}]},{\"@type\":\"WebSite\",\"@id\":\"https:\\\/\\\/powderblue-seahorse-496884.hostingersite.com\\\/#website\",\"url\":\"https:\\\/\\\/powderblue-seahorse-496884.hostingersite.com\\\/\",\"name\":\"For Baby Boss\",\"description\":\"Beautiful gifts and accessories for your baby boss\",\"potentialAction\":[{\"@type\":\"SearchAction\",\"target\":{\"@type\":\"EntryPoint\",\"urlTemplate\":\"https:\\\/\\\/powderblue-seahorse-496884.hostingersite.com\\\/?s={search_term_string}\"},\"query-input\":{\"@type\":\"PropertyValueSpecification\",\"valueRequired\":true,\"valueName\":\"search_term_string\"}}],\"inLanguage\":\"hu\"}]}<\/script>\n<!-- \/ Yoast SEO plugin. -->","yoast_head_json":{"title":"3 az 1-ben luxus, k\u00e9nyelmes, \u00f6sszecsukhat\u00f3 babakocsi \u00fajsz\u00fcl\u00f6tteknek \u00e9s kisgyermekeknek menta sz\u00ednben - Baby Boss-nak","description":"3 az 1-ben luxus, k\u00e9nyelmes, \u00f6sszecsukhat\u00f3 babakocsi \u00fajsz\u00fcl\u00f6tteknek \u00e9s kisgyermekeknek menta sz\u00ednben","robots":{"index":"index","follow":"follow","max-snippet":"max-snippet:-1","max-image-preview":"max-image-preview:large","max-video-preview":"max-video-preview:-1"},"canonical":"https:\/\/forbabyboss.com\/hu\/termek\/3-az-1-ben-luxus-kenyelmes-osszecsukhato-babakocsi-ujszulotteknek-es-kisgyermekeknek-menta-szinben\/","og_locale":"hu_HU","og_type":"article","og_title":"3 in 1 Luxury Cosy Folding Pushchair For Newborns & Toddlers in Mint - For Baby Boss","og_description":"3 in 1 Luxury Cosy Folding Pushchair For Newborns & Toddlers in Mint","og_url":"https:\/\/forbabyboss.com\/hu\/termek\/3-az-1-ben-luxus-kenyelmes-osszecsukhato-babakocsi-ujszulotteknek-es-kisgyermekeknek-menta-szinben\/","og_site_name":"For Baby Boss","article_modified_time":"2026-02-21T12:42:04+00:00","og_image":[{"width":800,"height":800,"url":"https:\/\/forbabyboss.com\/wp-content\/uploads\/2022\/09\/Pram-Buggy-Luxury-Cosy-Folding-Pushchair-For-Newborns-Toddlers-Travel-Set-Mint-800x800.png","type":"image\/png"}],"twitter_card":"summary_large_image","twitter_misc":{"Becs\u00fclt olvas\u00e1si id\u0151":"3 perc"},"schema":{"@context":"https:\/\/schema.org","@graph":[{"@type":"WebPage","@id":"https:\/\/forbabyboss.com\/product\/3-in-1-luxury-cosy-folding-pushchair-for-newborns-toddlers-in-mint\/","url":"https:\/\/forbabyboss.com\/product\/3-in-1-luxury-cosy-folding-pushchair-for-newborns-toddlers-in-mint\/","name":"3 az 1-ben luxus, k\u00e9nyelmes, \u00f6sszecsukhat\u00f3 babakocsi \u00fajsz\u00fcl\u00f6tteknek \u00e9s kisgyermekeknek menta sz\u00ednben - Baby Boss-nak","isPartOf":{"@id":"https:\/\/powderblue-seahorse-496884.hostingersite.com\/#website"},"primaryImageOfPage":{"@id":"https:\/\/forbabyboss.com\/product\/3-in-1-luxury-cosy-folding-pushchair-for-newborns-toddlers-in-mint\/#primaryimage"},"image":{"@id":"https:\/\/forbabyboss.com\/product\/3-in-1-luxury-cosy-folding-pushchair-for-newborns-toddlers-in-mint\/#primaryimage"},"thumbnailUrl":"https:\/\/forbabyboss.com\/wp-content\/uploads\/2022\/09\/Pram-Buggy-Luxury-Cosy-Folding-Pushchair-For-Newborns-Toddlers-Travel-Set-Mint.png","datePublished":"2022-09-11T14:20:21+00:00","dateModified":"2026-02-21T12:42:04+00:00","description":"3 az 1-ben luxus, k\u00e9nyelmes, \u00f6sszecsukhat\u00f3 babakocsi \u00fajsz\u00fcl\u00f6tteknek \u00e9s kisgyermekeknek menta sz\u00ednben","breadcrumb":{"@id":"https:\/\/forbabyboss.com\/product\/3-in-1-luxury-cosy-folding-pushchair-for-newborns-toddlers-in-mint\/#breadcrumb"},"inLanguage":"hu","potentialAction":[{"@type":"ReadAction","target":["https:\/\/forbabyboss.com\/product\/3-in-1-luxury-cosy-folding-pushchair-for-newborns-toddlers-in-mint\/"]}]},{"@type":"ImageObject","inLanguage":"hu","@id":"https:\/\/forbabyboss.com\/product\/3-in-1-luxury-cosy-folding-pushchair-for-newborns-toddlers-in-mint\/#primaryimage","url":"https:\/\/forbabyboss.com\/wp-content\/uploads\/2022\/09\/Pram-Buggy-Luxury-Cosy-Folding-Pushchair-For-Newborns-Toddlers-Travel-Set-Mint.png","contentUrl":"https:\/\/forbabyboss.com\/wp-content\/uploads\/2022\/09\/Pram-Buggy-Luxury-Cosy-Folding-Pushchair-For-Newborns-Toddlers-Travel-Set-Mint.png","width":1600,"height":1600},{"@type":"BreadcrumbList","@id":"https:\/\/forbabyboss.com\/product\/3-in-1-luxury-cosy-folding-pushchair-for-newborns-toddlers-in-mint\/#breadcrumb","itemListElement":[{"@type":"ListItem","position":1,"name":"Home","item":"https:\/\/forbabyboss.com\/"},{"@type":"ListItem","position":2,"name":"Shop","item":"https:\/\/forbabyboss.com\/shop\/"},{"@type":"ListItem","position":3,"name":"3 in 1 Luxury Cosy Folding Pushchair For Newborns &#038; Toddlers in Mint"}]},{"@type":"WebSite","@id":"https:\/\/powderblue-seahorse-496884.hostingersite.com\/#website","url":"https:\/\/powderblue-seahorse-496884.hostingersite.com\/","name":"A Baby Boss sz\u00e1m\u00e1ra","description":"Gy\u00f6ny\u00f6r\u0171 aj\u00e1nd\u00e9kok \u00e9s kieg\u00e9sz\u00edt\u0151k a baba f\u0151n\u00f6k\u00e9nek","potentialAction":[{"@type":"SearchAction","target":{"@type":"EntryPoint","urlTemplate":"https:\/\/powderblue-seahorse-496884.hostingersite.com\/?s={search_term_string}"},"query-input":{"@type":"PropertyValueSpecification","valueRequired":true,"valueName":"search_term_string"}}],"inLanguage":"hu"}]}},"_links":{"self":[{"href":"https:\/\/forbabyboss.com\/hu\/wp-json\/wp\/v2\/product\/5222","targetHints":{"allow":["GET"]}}],"collection":[{"href":"https:\/\/forbabyboss.com\/hu\/wp-json\/wp\/v2\/product"}],"about":[{"href":"https:\/\/forbabyboss.com\/hu\/wp-json\/wp\/v2\/types\/product"}],"wp:featuredmedia":[{"embeddable":true,"href":"https:\/\/forbabyboss.com\/hu\/wp-json\/wp\/v2\/media\/5223"}],"wp:attachment":[{"href":"https:\/\/forbabyboss.com\/hu\/wp-json\/wp\/v2\/media?parent=5222"}],"wp:term":[{"taxonomy":"product_brand","embeddable":true,"href":"https:\/\/forbabyboss.com\/hu\/wp-json\/wp\/v2\/product_brand?post=5222"},{"taxonomy":"product_cat","embeddable":true,"href":"https:\/\/forbabyboss.com\/hu\/wp-json\/wp\/v2\/product_cat?post=5222"},{"taxonomy":"product_tag","embeddable":true,"href":"https:\/\/forbabyboss.com\/hu\/wp-json\/wp\/v2\/product_tag?post=5222"}],"curies":[{"name":"wp","href":"https:\/\/api.w.org\/{rel}","templated":true}]}}